{"id":42597,"date":"2024-05-02T15:32:49","date_gmt":"2024-05-02T15:32:49","guid":{"rendered":"https:\/\/dev2024.spyder.datacolor.eu\/spyder\/produkte\/spyder-checkr-kartensets\/"},"modified":"2024-05-07T14:03:08","modified_gmt":"2024-05-07T14:03:08","slug":"spyder-checkr-kartensets","status":"publish","type":"page","link":"https:\/\/www.datacolor.com\/spyder\/de\/produkte\/spyder-checkr-kartensets\/","title":{"rendered":"Spyder Checkr Kartensets"},"content":{"rendered":"<div class=\"wpb-content-wrapper\"><p>[vc_row][vc_column width=&#8220;3\/5&#8243;][vc_empty_space][vc_gallery interval=&#8220;3&#8243; images=&#8220;42351&#8243; img_size=&#8220;750&#215;500&#8243; el_class=&#8220;product_images&#8220;][vc_empty_space][\/vc_column][vc_column width=&#8220;2\/5&#8243;][vc_column_text]<\/p>\n<h1 class=\"mainheader\">Spyder Checkr Kartensets<\/h1>\n<h2 class=\"subheader\">Nutzen Sie die Vielseitigkeit Ihres Spyder Checkr Photo oder Spyder Checkr Video, indem Sie diesen um die jeweilige komplement\u00e4re Kartenkollektion erweitern. Kaufen Sie das Videokartenset, wenn Sie bereits einen Spyder Checkr Photo besitzen, oder das Fotokartenset, wenn Sie bereits einen Spyder Checkr Video besitzen. So sind Sie gewappnet f\u00fcr Foto- und Videoarbeiten gleicherma\u00dfen.<\/h2>\n<p>[\/vc_column_text][vc_empty_space][\/vc_column][\/vc_row][vc_row][vc_column][vc_empty_space][\/vc_column][\/vc_row][vc_row][vc_column width=&#8220;1\/2&#8243;][vc_single_image image=&#8220;42475&#8243; img_size=&#8220;full&#8220;][vc_empty_space][vc_column_text el_class=&#8220;product-text-container&#8220;]<\/p>\n<h2>Spyder Checkr Video Kartenset<\/h2>\n<p>Wenn Sie bereits den Spyder Checkr Photo besitzen, ist dieses Kartenset die ideale Erweiterung f\u00fcr die Videografie Das Kartenset enth\u00e4lt:<\/p>\n<ul>\n<li>Verf\u00fcgt \u00fcber 5 austauschbare, hochgl\u00e4nzende Videofarbkarten, einschlie\u00dflich einer zum Patent angemeldeten Farbmusterkarte, die f\u00fcr eine pr\u00e4zisere, nuancierte Farbgenauigkeit bei der Videoverarbeitung entwickelt wurde. Diese Karte verf\u00fcgt \u00fcber 12 Farbfelder in einer einzigartigen Konfiguration mit einem schwarzen, grauen und wei\u00dfen Farbfeld in der Mitte sowie 6 Hauttonfeldern.<\/li>\n<li>Eine Graustufenkarte mit zwei 11-stufigen Grauverl\u00e4ufen sowie 3 Volltonbalken mit Wei\u00df, Schwarz und 50 % Grau zur Erfassung eines jeden Details.<\/li>\n<li>Eine Standard-Farbkarte (n\u00fctzlich f\u00fcr kombinierte Video-\/Fotoauftr\u00e4ge), die 12 Farbfelder, 6 Hauttonfelder und je einen schwarzen, wei\u00dfen und grauen Balken (50 % Grau) enth\u00e4lt.<\/li>\n<li>Eine neutrale Graukarte f\u00fcr den Wei\u00dfabgleich.<\/li>\n<li>Eine Fokusstern-Karte.<\/li>\n<\/ul>\n<p>[\/vc_column_text][vc_empty_space][vc_column_text]<div id=\"dci-getprice-container\">\n  <div id=\"dci-getprice-request\" data-sku=\"SCV3FRC\" data-language=\"de\" data-promotext=\"Angebotspreis:\">Requesting price...<\/div>\n<\/div> \n[\/vc_column_text][vc_empty_space]\r\n\t\t\t<div class=\"nm_btn_align_left\">\r\n\t\t\t\t<a href=\"https:\/\/goto.datacolor.com\/webshop\/buynow\/scv3-frc\" class=\"nm_btn nm_btn_md nm_btn_filled\" title=\"Datacolor Spyder Checkr Video Vollst\u00e4ndiger Ersatzkartensatz\">\r\n\t\t\t\t\t<span class=\"nm_btn_title\">Jetzt kaufen<\/span>\r\n\t\t\t\t\t<span class=\"nm_btn_bg\" style=\"background-color:#dd3333;\"><\/span>\r\n\t\t\t\t<\/a>\r\n\t\t\t<\/div>[\/vc_column][vc_column width=&#8220;1\/2&#8243;][vc_single_image image=&#8220;42485&#8243; img_size=&#8220;full&#8220;][vc_empty_space][vc_column_text el_class=&#8220;product-text-container&#8220;]<\/p>\n<h2>Spyder Checkr Photo Kartenset<\/h2>\n<p>Wenn Sie bereits den Spyder Checkr Video besitzen, ist dieses Kartenset die ideale Erweiterung f\u00fcr die Fotografie. Das Kartenset enth\u00e4lt:<\/p>\n<ul>\n<li>4 ultramatte Referenzkarten mit einer umfangreichen Zusammenstellung von 62 Farb- und Graufeldern. Im Detail: 30 Farbt\u00f6ne + 6 Hautt\u00f6ne; 12 Graustufen; eine Graukarte sowie eine Wei\u00dfabgleichskarte mit jeweils einem zus\u00e4tzlichen Graukeil.<\/li>\n<li>Die austauschbaren Karten sind in ihrer Zusammensetzung f\u00fcr die verschiedensten Bereiche der Fotografie optimiert: erweiterte Hautt\u00f6ne f\u00fcr Portr\u00e4ts; gro\u00dfe Karten f\u00fcr den einfachen Wei\u00df-\/Grauabgleich; 12-stufige Grauskala f\u00fcr perfekte Belichtung, feinere Detailabstimmung sowie einer schnellen \u00dcberpr\u00fcfung des Dynamikbereichs.<\/li>\n<li>Die ultramatten Karten liefern satteste Farben und ein tiefes Schwarz und sorgen so durch ihre niedrige Reflexion f\u00fcr eine genaue und wahrheitsgetreue Farbjustierung bei allen Lichtverh\u00e4ltnissen.<\/li>\n<li>Eine Lizenz f\u00fcr die Spyder Checkr Software wird mit dem Spyder Checkr Photo Kartenspiel mitgeliefert.<\/li>\n<\/ul>\n<p>[\/vc_column_text][vc_empty_space][vc_column_text]<div id=\"dci-getprice-container\">\n  <div id=\"dci-getprice-request\" data-sku=\"SCK3FRC\" data-language=\"de\" data-promotext=\"Angebotspreis:\">Requesting price...<\/div>\n<\/div> \n[\/vc_column_text][vc_empty_space]\r\n\t\t\t<div class=\"nm_btn_align_left\">\r\n\t\t\t\t<a href=\"https:\/\/goto.datacolor.com\/webshop\/buynow\/sck3-frc\" class=\"nm_btn nm_btn_md nm_btn_filled\" title=\"Datacolor Spyder Checkr Photo Kompletter Ersatzkartensatz\">\r\n\t\t\t\t\t<span class=\"nm_btn_title\">Jetzt kaufen<\/span>\r\n\t\t\t\t\t<span class=\"nm_btn_bg\" style=\"background-color:#dd3333;\"><\/span>\r\n\t\t\t\t<\/a>\r\n\t\t\t<\/div>[\/vc_column][\/vc_row][vc_row][vc_column][vc_empty_space height=&#8220;64&#8243;][vc_separator][vc_empty_space height=&#8220;64&#8243;][vc_column_text]<\/p>\n<h3>Einzelne Ersatzkarten f\u00fcr Spyder Checkr Photo &amp; Spyder Checkr Video<\/h3>\n<p>Haben Sie eine Karte verloren oder ist sie besch\u00e4digt? Wenden Sie sich an unser <a href=\"https:\/\/spyder-support.datacolor.com\/\" target=\"_blank\" rel=\"noopener\"><u>Support-Team<\/u><\/a>, das Ihnen beim Kauf einzelner Karten behilflich sein kann.[\/vc_column_text][vc_empty_space height=&#8220;32&#8243;][\/vc_column][\/vc_row][vc_row disable_element=&#8220;yes&#8220;][vc_column][vc_empty_space height=&#8220;64&#8243;][vc_separator][vc_empty_space height=&#8220;64&#8243;][vc_column_text]<\/p>\n<h3>Einzelne Karten &#8211; f\u00fcr Spyder Checkr Video<\/h3>\n<p>[\/vc_column_text][vc_empty_space height=&#8220;32&#8243;][\/vc_column][\/vc_row][vc_row disable_element=&#8220;yes&#8220;][vc_column width=&#8220;1\/3&#8243;][vc_single_image][vc_empty_space][vc_column_text el_class=&#8220;product-text-container&#8220;]<\/p>\n<h4>Video-Farbmusterkarte<\/h4>\n<p>Die Farbmusterkarte verwendet unser neues, zum Patent angemeldetes Design, f\u00fcr eine intuitivere Farbkorrektur in Vektorscope-Diagrammen. Die Farbkarte wurde f\u00fcr den Rec.709-Farbraum entwickelt.[\/vc_column_text][vc_empty_space][vc_column_text]<div id=\"dci-getprice-container\">\n  <div id=\"dci-getprice-request\" data-sku=\"STP100\" data-language=\"de\" data-promotext=\"Angebotspreis:\">Requesting price...<\/div>\n<\/div> \n[\/vc_column_text][vc_empty_space]\r\n\t\t\t<div class=\"nm_btn_align_left\">\r\n\t\t\t\t<a href=\"https:\/\/goto.datacolor.com\/webshop\/buynow\/slc100\" class=\"nm_btn nm_btn_md nm_btn_filled\" title=\"Spyder LensCal kaufen\">\r\n\t\t\t\t\t<span class=\"nm_btn_title\">Jetzt kaufen<\/span>\r\n\t\t\t\t\t<span class=\"nm_btn_bg\" style=\"background-color:#dd3333;\"><\/span>\r\n\t\t\t\t<\/a>\r\n\t\t\t<\/div>[\/vc_column][vc_column width=&#8220;1\/3&#8243;][vc_single_image][vc_empty_space][vc_column_text el_class=&#8220;product-text-container&#8220;]<\/p>\n<h4>Video-Farb-Patch-Karte<\/h4>\n<p>Enth\u00e4lt dieselben Farben wie die Color Pattern Card und bietet Benutzern eine weitere praktische Workflow-Option. Die Farbkarte wurde f\u00fcr den Rec.709-Farbraum entwickelt.[\/vc_column_text][vc_empty_space][vc_column_text]<div id=\"dci-getprice-container\">\n  <div id=\"dci-getprice-request\" data-sku=\"STP100\" data-language=\"de\" data-promotext=\"Angebotspreis:\">Requesting price...<\/div>\n<\/div> \n[\/vc_column_text][vc_empty_space]\r\n\t\t\t<div class=\"nm_btn_align_left\">\r\n\t\t\t\t<a href=\"https:\/\/goto.datacolor.com\/webshop\/buynow\/slc100\" class=\"nm_btn nm_btn_md nm_btn_filled\" title=\"Spyder LensCal kaufen\">\r\n\t\t\t\t\t<span class=\"nm_btn_title\">Jetzt kaufen<\/span>\r\n\t\t\t\t\t<span class=\"nm_btn_bg\" style=\"background-color:#dd3333;\"><\/span>\r\n\t\t\t\t<\/a>\r\n\t\t\t<\/div>[\/vc_column][vc_column width=&#8220;1\/3&#8243;][vc_single_image][vc_empty_space][vc_column_text el_class=&#8220;product-text-container&#8220;]<\/p>\n<h4>Graue Bilanzkarte<\/h4>\n<p>Solide, neutrale graue Karte f\u00fcr den Wei\u00dfabgleich.[\/vc_column_text][vc_empty_space][vc_column_text]<div id=\"dci-getprice-container\">\n  <div id=\"dci-getprice-request\" data-sku=\"STP100\" data-language=\"de\" data-promotext=\"Angebotspreis:\">Requesting price...<\/div>\n<\/div> \n[\/vc_column_text][vc_empty_space]\r\n\t\t\t<div class=\"nm_btn_align_left\">\r\n\t\t\t\t<a href=\"https:\/\/goto.datacolor.com\/webshop\/buynow\/slc100\" class=\"nm_btn nm_btn_md nm_btn_filled\" title=\"Spyder LensCal kaufen\">\r\n\t\t\t\t\t<span class=\"nm_btn_title\">Jetzt kaufen<\/span>\r\n\t\t\t\t\t<span class=\"nm_btn_bg\" style=\"background-color:#dd3333;\"><\/span>\r\n\t\t\t\t<\/a>\r\n\t\t\t<\/div>[\/vc_column][\/vc_row][vc_row disable_element=&#8220;yes&#8220;][vc_column][vc_empty_space height=&#8220;64&#8243;][\/vc_column][\/vc_row][vc_row disable_element=&#8220;yes&#8220;][vc_column width=&#8220;1\/3&#8243;][vc_single_image][vc_empty_space][vc_column_text el_class=&#8220;product-text-container&#8220;]<\/p>\n<h4>Video-Graustufenkarte<\/h4>\n<p>Wenn die Graustufenkarte isoliert ist, wird das auf dem Wellenformmonitor angezeigte Muster generiert. Es enth\u00e4lt zwei 11-stufige Graustufenbalken, Glossy White, 50% Grey und Black.<\/p>\n<p>[\/vc_column_text][vc_empty_space][vc_column_text]<div id=\"dci-getprice-container\">\n  <div id=\"dci-getprice-request\" data-sku=\"STP100\" data-language=\"de\" data-promotext=\"Angebotspreis:\">Requesting price...<\/div>\n<\/div> \n[\/vc_column_text][vc_empty_space]\r\n\t\t\t<div class=\"nm_btn_align_left\">\r\n\t\t\t\t<a href=\"https:\/\/goto.datacolor.com\/webshop\/buynow\/slc100\" class=\"nm_btn nm_btn_md nm_btn_filled\" title=\"Spyder LensCal kaufen\">\r\n\t\t\t\t\t<span class=\"nm_btn_title\">Jetzt kaufen<\/span>\r\n\t\t\t\t\t<span class=\"nm_btn_bg\" style=\"background-color:#dd3333;\"><\/span>\r\n\t\t\t\t<\/a>\r\n\t\t\t<\/div>[\/vc_column][vc_column width=&#8220;1\/3&#8243;][vc_single_image][vc_empty_space][vc_column_text el_class=&#8220;product-text-container&#8220;]<\/p>\n<h4>Fokus-Stern<\/h4>\n<p>F\u00fcr die pr\u00e4zise Einstellung des Fokuspunktes[\/vc_column_text][vc_empty_space][vc_column_text]<div id=\"dci-getprice-container\">\n  <div id=\"dci-getprice-request\" data-sku=\"STP100\" data-language=\"de\" data-promotext=\"Angebotspreis:\">Requesting price...<\/div>\n<\/div> \n[\/vc_column_text][vc_empty_space]\r\n\t\t\t<div class=\"nm_btn_align_left\">\r\n\t\t\t\t<a href=\"https:\/\/goto.datacolor.com\/webshop\/buynow\/slc100\" class=\"nm_btn nm_btn_md nm_btn_filled\" title=\"Spyder LensCal kaufen\">\r\n\t\t\t\t\t<span class=\"nm_btn_title\">Jetzt kaufen<\/span>\r\n\t\t\t\t\t<span class=\"nm_btn_bg\" style=\"background-color:#dd3333;\"><\/span>\r\n\t\t\t\t<\/a>\r\n\t\t\t<\/div>[\/vc_column][vc_column width=&#8220;1\/3&#8243;][\/vc_column][\/vc_row][vc_row disable_element=&#8220;yes&#8220;][vc_column][vc_empty_space height=&#8220;64&#8243;][vc_separator][vc_empty_space height=&#8220;64&#8243;][vc_column_text]<\/p>\n<h3>Einzelne Karten &#8211; f\u00fcr Spyder Checkr Photo<\/h3>\n<p>[\/vc_column_text][vc_empty_space height=&#8220;32&#8243;][\/vc_column][\/vc_row][vc_row disable_element=&#8220;yes&#8220;][vc_column width=&#8220;1\/3&#8243;][vc_single_image][vc_empty_space][vc_column_text el_class=&#8220;product-text-container&#8220;]<\/p>\n<h4>Wei\u00dfabgleich-Karte<\/h4>\n<p>Zum Erstellen eines pr\u00e4zisen Wei\u00dfabgleichs und der Belichtungseinstellungen. Zur genauen Definition von Details in den hellen Bereichen des Bildes.<br \/>\n[\/vc_column_text][vc_empty_space][vc_column_text]<div id=\"dci-getprice-container\">\n  <div id=\"dci-getprice-request\" data-sku=\"STP100\" data-language=\"de\" data-promotext=\"Angebotspreis:\">Requesting price...<\/div>\n<\/div> \n[\/vc_column_text][vc_empty_space]\r\n\t\t\t<div class=\"nm_btn_align_left\">\r\n\t\t\t\t<a href=\"https:\/\/goto.datacolor.com\/webshop\/buynow\/slc100\" class=\"nm_btn nm_btn_md nm_btn_filled\" title=\"Spyder LensCal kaufen\">\r\n\t\t\t\t\t<span class=\"nm_btn_title\">Jetzt kaufen<\/span>\r\n\t\t\t\t\t<span class=\"nm_btn_bg\" style=\"background-color:#dd3333;\"><\/span>\r\n\t\t\t\t<\/a>\r\n\t\t\t<\/div>[\/vc_column][vc_column width=&#8220;1\/3&#8243;][vc_single_image][vc_empty_space][vc_column_text el_class=&#8220;product-text-container&#8220;]<\/p>\n<h4>Graue Bilanzkarte<\/h4>\n<p>Graukarte zur Definition des Wei\u00dfabgleichs sowie f\u00fcr die Einstellung der Belichtung und des Wei\u00dfabgleichs in der Kamera. [\/vc_column_text][vc_empty_space][vc_column_text]<div id=\"dci-getprice-container\">\n  <div id=\"dci-getprice-request\" data-sku=\"STP100\" data-language=\"de\" data-promotext=\"Angebotspreis:\">Requesting price...<\/div>\n<\/div> \n[\/vc_column_text][vc_empty_space]\r\n\t\t\t<div class=\"nm_btn_align_left\">\r\n\t\t\t\t<a href=\"https:\/\/goto.datacolor.com\/webshop\/buynow\/slc100\" class=\"nm_btn nm_btn_md nm_btn_filled\" title=\"Spyder LensCal kaufen\">\r\n\t\t\t\t\t<span class=\"nm_btn_title\">Jetzt kaufen<\/span>\r\n\t\t\t\t\t<span class=\"nm_btn_bg\" style=\"background-color:#dd3333;\"><\/span>\r\n\t\t\t\t<\/a>\r\n\t\t\t<\/div>[\/vc_column][vc_column width=&#8220;1\/3&#8243;][vc_single_image][vc_empty_space][vc_column_text el_class=&#8220;product-text-container&#8220;]<\/p>\n<h4>Farbkarte 1<\/h4>\n<p>Farbkarte zur Farbkorrektur der Prim\u00e4rfarben[\/vc_column_text][vc_empty_space][vc_column_text]<div id=\"dci-getprice-container\">\n  <div id=\"dci-getprice-request\" data-sku=\"STP100\" data-language=\"de\" data-promotext=\"Angebotspreis:\">Requesting price...<\/div>\n<\/div> \n[\/vc_column_text][vc_empty_space]\r\n\t\t\t<div class=\"nm_btn_align_left\">\r\n\t\t\t\t<a href=\"https:\/\/goto.datacolor.com\/webshop\/buynow\/slc100\" class=\"nm_btn nm_btn_md nm_btn_filled\" title=\"Spyder LensCal kaufen\">\r\n\t\t\t\t\t<span class=\"nm_btn_title\">Jetzt kaufen<\/span>\r\n\t\t\t\t\t<span class=\"nm_btn_bg\" style=\"background-color:#dd3333;\"><\/span>\r\n\t\t\t\t<\/a>\r\n\t\t\t<\/div>[\/vc_column][\/vc_row][vc_row disable_element=&#8220;yes&#8220;][vc_column][vc_empty_space height=&#8220;64&#8243;][\/vc_column][\/vc_row][vc_row disable_element=&#8220;yes&#8220;][vc_column width=&#8220;1\/3&#8243;][vc_single_image][vc_empty_space][vc_column_text el_class=&#8220;product-text-container&#8220;]<\/p>\n<h4>Farbkarte 2<\/h4>\n<p>Farbkarte zur pr\u00e4ziseren Farbkorrektur von Hautt\u00f6nen sowie Pastellfarben.[\/vc_column_text][vc_empty_space][vc_column_text]<div id=\"dci-getprice-container\">\n  <div id=\"dci-getprice-request\" data-sku=\"STP100\" data-language=\"de\" data-promotext=\"Angebotspreis:\">Requesting price...<\/div>\n<\/div> \n[\/vc_column_text][vc_empty_space]\r\n\t\t\t<div class=\"nm_btn_align_left\">\r\n\t\t\t\t<a href=\"https:\/\/goto.datacolor.com\/webshop\/buynow\/slc100\" class=\"nm_btn nm_btn_md nm_btn_filled\" title=\"Spyder LensCal kaufen\">\r\n\t\t\t\t\t<span class=\"nm_btn_title\">Jetzt kaufen<\/span>\r\n\t\t\t\t\t<span class=\"nm_btn_bg\" style=\"background-color:#dd3333;\"><\/span>\r\n\t\t\t\t<\/a>\r\n\t\t\t<\/div>[\/vc_column][vc_column width=&#8220;1\/3&#8243;][\/vc_column][vc_column width=&#8220;1\/3&#8243;][\/vc_column][\/vc_row][vc_row][vc_column][vc_empty_space height=&#8220;64&#8243;][\/vc_column][\/vc_row][vc_row bg_type=&#8220;bg_color&#8220; bg_override=&#8220;full&#8220; bg_color_value=&#8220;#e7e6e5&#8243; css=&#8220;.vc_custom_1681378159441{margin-top: 30px !important;padding-top: 60px !important;padding-bottom: 60px !important;}&#8220;][vc_column width=&#8220;1\/2&#8243;]\r\n\t\t\t<div class=\"nm_btn_align_center\">\r\n\t\t\t\t<a href=\"\" class=\"nm_btn nm_btn_lg nm_btn_filled\">\r\n\t\t\t\t\t<span class=\"nm_btn_title\">Brauchen Sie mehr Hilfe?<\/span>\r\n\t\t\t\t\t<span class=\"nm_btn_bg\" style=\"background-color:#000000;\"><\/span>\r\n\t\t\t\t<\/a>\r\n\t\t\t<\/div>[\/vc_column][vc_column width=&#8220;1\/2&#8243;]\r\n\t\t\t<div class=\"nm_btn_align_center\">\r\n\t\t\t\t<a href=\"https:\/\/www.datacolor.com\/spyder\/de\/spyder-monitor-kalibratoren\/\" class=\"nm_btn nm_btn_lg nm_btn_filled\" title=\"Spyder-Monitorkalibriersensoren\">\r\n\t\t\t\t\t<span class=\"nm_btn_title\">Warum sollten Sie Ihren Monitor kalibrieren?<\/span>\r\n\t\t\t\t\t<span class=\"nm_btn_bg\" style=\"background-color:#000000;\"><\/span>\r\n\t\t\t\t<\/a>\r\n\t\t\t<\/div>[\/vc_column][\/vc_row][vc_row css=&#8220;.vc_custom_1679491516376{padding-top: 30px !important;padding-bottom: 30px !important;}&#8220;][vc_column][vc_column_text]<\/p>\n<h2 style=\"border-bottom: solid 1px #ccc; padding-bottom: 5px; margin-bottom: 30px;\">Das k\u00f6nnte Sie auch interessieren<\/h2>\n<p>[\/vc_column_text][vc_empty_space]<div id=\"ult-carousel-72296971269d5324ee4df5\" class=\"ult-carousel-wrapper   ult_horizontal\" data-gutter=\"15\" data-rtl=\"false\" ><div class=\"ult-carousel-119526632769d5324ee4dcf \" >[vc_row_inner][vc_column_inner][vc_column_text]<div class=\"ult-item-wrap\" data-animation=\"animated no-animation\"><\/div>[\/vc_column_text][\/vc_column_inner][\/vc_row_inner][vc_row_inner][vc_column_inner][vc_column_text]<div class=\"ult-item-wrap\" data-animation=\"animated no-animation\"><\/div>[\/vc_column_text][\/vc_column_inner][\/vc_row_inner][vc_row_inner][vc_column_inner][vc_column_text]<div class=\"ult-item-wrap\" data-animation=\"animated no-animation\"><div class=\"vc_single_image-wrapper vc_box_border_grey\"><a href=\"https:\/\/www.datacolor.com\/spyder\/de\/produkte\/spyder-cube\/\"><img decoding=\"async\" class=\"vc_single_image-img \" src=\"https:\/\/www.datacolor.com\/spyder\/wp-content\/uploads\/2022\/12\/Datacolor-Spyder-Cube_750x500-400x300.jpg\" width=\"400\"><\/a><\/div><a href=\"https:\/\/www.datacolor.com\/spyder\/de\/produkte\/spyder-cube\/\"><div class=\"wpb_wrapper\"><p><strong>Spyder Cube<\/strong><br><\/p><\/div><\/a><\/div>[\/vc_column_text][\/vc_column_inner][\/vc_row_inner][vc_row_inner][vc_column_inner][vc_column_text]<div class=\"ult-item-wrap\" data-animation=\"animated no-animation\"><div class=\"vc_single_image-wrapper vc_box_border_grey\"><a href=\"https:\/\/www.datacolor.com\/spyder\/wp-admin\/post.php?post=25701&action=edit&lang=de\"><img decoding=\"async\" class=\"vc_single_image-img \" src=\"https:\/\/www.datacolor.com\/spyder\/wp-content\/uploads\/2022\/12\/Datacolor-Spyder-Lenscal_750x500.jpg\" width=\"1\"><\/a><\/div><a href=\"https:\/\/www.datacolor.com\/spyder\/wp-admin\/post.php?post=25701&action=edit&lang=de\"><div class=\"wpb_wrapper\"><p><strong>Spyder LensCal<\/strong><br><\/p><\/div><\/a><\/div>[\/vc_column_text][\/vc_column_inner][\/vc_row_inner][vc_row_inner][vc_column_inner][vc_column_text]<div class=\"ult-item-wrap\" data-animation=\"animated no-animation\"><div class=\"vc_single_image-wrapper vc_box_border_grey\"><a href=\"https:\/\/www.datacolor.com\/colorreader\/products\/colorreader\/\"><img decoding=\"async\" class=\"vc_single_image-img \" src=\"https:\/\/www.datacolor.com\/spyder\/wp-content\/uploads\/2023\/04\/Colorreader-Phone_750x500.jpg\" width=\"1\"><\/a><\/div><a href=\"https:\/\/www.datacolor.com\/colorreader\/products\/colorreader\/\"><div class=\"wpb_wrapper\"><p><strong>ColorReader<\/strong><br><\/p><\/div><\/a><\/div>[\/vc_column_text][\/vc_column_inner][\/vc_row_inner]<\/div><\/div>\t\t\t<script type=\"text\/javascript\">\n\t\t\t\tjQuery(document).ready(function ($) {\n\t\t\t\t\tif( typeof jQuery('.ult-carousel-119526632769d5324ee4dcf').slick == \"function\"){\n\t\t\t\t\t\t$('.ult-carousel-119526632769d5324ee4dcf').slick({dots: true,autoplaySpeed: \"5000\",speed: \"300\",infinite: true,arrows: true,nextArrow: '<button type=\"button\" role=\"button\" aria-label=\"Next\" style=\"color:#333333; font-size:20px;\" class=\"slick-next default\"><i class=\"ultsl-arrow-right4\"><\/i><\/button>',prevArrow: '<button type=\"button\" role=\"button\" aria-label=\"Previous\" style=\"color:#333333; font-size:20px;\" class=\"slick-prev default\"><i class=\"ultsl-arrow-left4\"><\/i><\/button>',slidesToScroll:5,slidesToShow:5,swipe: true,draggable: true,touchMove: true,pauseOnHover: true,pauseOnFocus: false,responsive: [\n\t\t\t\t\t\t\t{\n\t\t\t\t\t\t\t  breakpoint: 1026,\n\t\t\t\t\t\t\t  settings: {\n\t\t\t\t\t\t\t\tslidesToShow: 5,\n\t\t\t\t\t\t\t\tslidesToScroll: 5,  \n\t\t\t\t\t\t\t  }\n\t\t\t\t\t\t\t},\n\t\t\t\t\t\t\t{\n\t\t\t\t\t\t\t  breakpoint: 1025,\n\t\t\t\t\t\t\t  settings: {\n\t\t\t\t\t\t\t\tslidesToShow: 3,\n\t\t\t\t\t\t\t\tslidesToScroll: 3\n\t\t\t\t\t\t\t  }\n\t\t\t\t\t\t\t},\n\t\t\t\t\t\t\t{\n\t\t\t\t\t\t\t  breakpoint: 760,\n\t\t\t\t\t\t\t  settings: {\n\t\t\t\t\t\t\t\tslidesToShow: 2,\n\t\t\t\t\t\t\t\tslidesToScroll: 2\n\t\t\t\t\t\t\t  }\n\t\t\t\t\t\t\t}\n\t\t\t\t\t\t],pauseOnDotsHover: true,customPaging: function(slider, i) {\n                   return '<i type=\"button\" style= \"color:#333333;\" class=\"ultsl-record\" data-role=\"none\"><\/i>';\n                },});\n\t\t\t\t\t}\n\t\t\t\t});\n\t\t\t<\/script>\n\t\t\t[\/vc_column][\/vc_row][vc_row][vc_column][vc_raw_html]W2RjaS1zcHlkZXJhd2FyZHMgY2F0ZWdvcnk9ImRpc3BsYXktY2FsaWJyYXRpb24teDIiIC9d[\/vc_raw_html][\/vc_column][\/vc_row]<\/p>\n<\/div>","protected":false},"excerpt":{"rendered":"<p>[vc_row][vc_column width=&#8220;3\/5&#8243;][vc_empty_space][vc_gallery interval=&#8220;3&#8243; images=&#8220;42351&#8243; img_size=&#8220;750&#215;500&#8243; el_class=&#8220;product_images&#8220;][vc_empty_space][\/vc_column][vc_column width=&#8220;2\/5&#8243;][vc_column_text] Spyder Checkr Kartensets Nutzen Sie die Vielseitigkeit Ihres Spyder Checkr Photo oder Spyder Checkr Video, indem Sie diesen um die jeweilige komplement\u00e4re Kartenkollektion erweitern. Kaufen Sie das Videokartenset, wenn Sie bereits einen Spyder Checkr Photo besitzen, oder das Fotokartenset, wenn Sie bereits einen Spyder Checkr Video besitzen. So &hellip;<\/p>\n","protected":false},"author":2,"featured_media":0,"parent":24248,"menu_order":0,"comment_status":"closed","ping_status":"closed","template":"","meta":{"_acf_changed":false,"footnotes":""},"class_list":["post-42597","page","type-page","status-publish","hentry"],"acf":[],"_links":{"self":[{"href":"https:\/\/www.datacolor.com\/spyder\/de\/wp-json\/wp\/v2\/pages\/42597","targetHints":{"allow":["GET"]}}],"collection":[{"href":"https:\/\/www.datacolor.com\/spyder\/de\/wp-json\/wp\/v2\/pages"}],"about":[{"href":"https:\/\/www.datacolor.com\/spyder\/de\/wp-json\/wp\/v2\/types\/page"}],"author":[{"embeddable":true,"href":"https:\/\/www.datacolor.com\/spyder\/de\/wp-json\/wp\/v2\/users\/2"}],"replies":[{"embeddable":true,"href":"https:\/\/www.datacolor.com\/spyder\/de\/wp-json\/wp\/v2\/comments?post=42597"}],"version-history":[{"count":0,"href":"https:\/\/www.datacolor.com\/spyder\/de\/wp-json\/wp\/v2\/pages\/42597\/revisions"}],"up":[{"embeddable":true,"href":"https:\/\/www.datacolor.com\/spyder\/de\/wp-json\/wp\/v2\/pages\/24248"}],"wp:attachment":[{"href":"https:\/\/www.datacolor.com\/spyder\/de\/wp-json\/wp\/v2\/media?parent=42597"}],"curies":[{"name":"wp","href":"https:\/\/api.w.org\/{rel}","templated":true}]}}