{"id":48125,"date":"2024-09-05T07:34:03","date_gmt":"2024-09-05T07:34:03","guid":{"rendered":"https:\/\/dev2024.spyder.datacolor.eu\/spyder\/welcome-to-spyderpro\/"},"modified":"2025-11-05T16:57:18","modified_gmt":"2025-11-05T16:57:18","slug":"welcome-to-spyderpro","status":"publish","type":"page","link":"https:\/\/www.datacolor.com\/spyder\/de\/welcome-to-spyderpro\/","title":{"rendered":"Welcome to SpyderPro"},"content":{"rendered":"<div class=\"wpb-content-wrapper\"><p>[vc_row css=&#8220;.vc_custom_1682339726830{padding-top: 60px !important;padding-bottom: 60px !important;}&#8220;][vc_column width=&#8220;2\/5&#8243;][vc_column_text css=&#8220;&#8220;]<\/p>\n<h1 class=\"mainheader\">Willkommen bei SpyderPro &#8211; lassen Sie uns loslegen!<\/h1>\n<p>[\/vc_column_text][vc_empty_space][vc_column_text css=&#8220;&#8220;]<\/p>\n<p>Sag Tsch\u00fcss zum Farb-R\u00e4tselraten und Hallo zur m\u00fchelosen Bildschirmoptimierung.<\/p>\n<ul class=\"tick_list\" style=\"margin-bottom: 10px;\">\n<li>Laden Sie Ihre SpyderPro Software herunter<\/li>\n<li>Sieh dir die Schnellstart- &amp; Benutzeranleitung an<\/li>\n<li>Schau dir die Anleitungsvideos an<\/li>\n<li>Entdecke die FAQs<\/li>\n<li>Kalibriere<\/li>\n<\/ul>\n<p>Dein Bildschirm ist im Handumdrehen optimiert!<\/p>\n<p>[\/vc_column_text][vc_empty_space][\/vc_column][vc_column width=&#8220;3\/5&#8243;][vc_empty_space][vc_single_image image=&#8220;61991&#8243; img_size=&#8220;large&#8220;][\/vc_column][\/vc_row][vc_row bg_type=&#8220;bg_color&#8220; bg_override=&#8220;full&#8220; bg_color_value=&#8220;#fafafa&#8220; css=&#8220;.vc_custom_1725522706270{padding-top: 30px !important;padding-bottom: 60px !important;}&#8220;][vc_column width=&#8220;1\/2&#8243; css=&#8220;.vc_custom_1725972773631{padding-right: 32px !important;padding-left: 32px !important;}&#8220;][vc_column_text css=&#8220;&#8220;]<\/p>\n<h3 style=\"margin-bottom: 20px; display: flex;\"><img decoding=\"async\" class=\"alignnone size-full wp-image-58198\" style=\"width: 30px; height: 30px; margin-right: 10px;\" src=\"..\/wp-content\/uploads\/2025\/08\/ico-blub.png\" alt=\"\" width=\"30\" height=\"30\" srcset=\"https:\/\/www.datacolor.com\/spyder\/wp-content\/uploads\/2025\/08\/ico-blub.png 209w, https:\/\/www.datacolor.com\/spyder\/wp-content\/uploads\/2025\/08\/ico-blub-150x150.png 150w\" sizes=\"(max-width: 30px) 100vw, 30px\" \/> Tipps zur optimalen Kalibrierung<\/h3>\n<p>[\/vc_column_text][vc_btn title=&#8220;Video ansehen&#8220; style=&#8220;classic&#8220; shape=&#8220;round&#8220; color=&#8220;black&#8220; align=&#8220;left&#8220; css=&#8220;.vc_custom_1761748984646{margin-top: 8px !important;margin-left: 16px !important;}&#8220; link=&#8220;url:https%3A%2F%2Fyoutu.be%2FzmCxkG7sGRc|target:_blank|&#8220;][vc_column_text css=&#8220;&#8220;]<\/p>\n<p style=\"display: flex;\"><img decoding=\"async\" class=\"alignnone size-full wp-image-58248\" style=\"width: 24px; height: 24px; margin-right: 10px;\" src=\"..\/wp-content\/uploads\/2025\/08\/ico-monitor.png\" alt=\"\" width=\"24\" height=\"24\" srcset=\"https:\/\/www.datacolor.com\/spyder\/wp-content\/uploads\/2025\/08\/ico-monitor.png 209w, https:\/\/www.datacolor.com\/spyder\/wp-content\/uploads\/2025\/08\/ico-monitor-150x150.png 150w\" sizes=\"(max-width: 24px) 100vw, 24px\" \/> Schalte deinen Monitor 30 Minuten vor der Kalibrierung ein, um ihn auf Betriebstemperatur zu bringen.<\/p>\n<p style=\"display: flex;\"><img decoding=\"async\" class=\"alignnone size-full wp-image-58276\" style=\"width: 24px; height: 24px; margin-right: 10px;\" src=\"..\/wp-content\/uploads\/2025\/08\/ico-sun.png\" alt=\"\" width=\"24\" height=\"24\" srcset=\"https:\/\/www.datacolor.com\/spyder\/wp-content\/uploads\/2025\/08\/ico-sun.png 209w, https:\/\/www.datacolor.com\/spyder\/wp-content\/uploads\/2025\/08\/ico-sun-150x150.png 150w\" sizes=\"(max-width: 24px) 100vw, 24px\" \/>Kalibriere in einem schwach beleuchteten Raum; vermeide direktes Licht<\/p>\n<p style=\"display: flex;\"><img loading=\"lazy\" decoding=\"async\" class=\"alignnone size-full wp-image-58228\" style=\"width: 24px; height: 24px; margin-right: 10px;\" src=\"..\/wp-content\/uploads\/2025\/08\/ico-gear.png\" alt=\"\" width=\"24\" height=\"24\" srcset=\"https:\/\/www.datacolor.com\/spyder\/wp-content\/uploads\/2025\/08\/ico-gear.png 209w, https:\/\/www.datacolor.com\/spyder\/wp-content\/uploads\/2025\/08\/ico-gear-150x150.png 150w\" sizes=\"(max-width: 24px) 100vw, 24px\" \/> Setze den Bildschirm nach M\u00f6glichkeit auf Werkseinstellungen zur\u00fcck<\/p>\n<ul class=\"tick_list\" style=\"padding-left: 15px;\">\n<li>\u00d6ffne das On-Screen-Display (OSD) und finde die Option \u201eZur\u00fccksetzen\u201c, \u201eWerkseinstellungen\u201c oder \u201eRecall\u201c (kann je nach Ger\u00e4t variieren)<\/li>\n<li>Die meisten Laptops und Apple-Displays haben diese Funktion nicht \u2013 \u00fcberspringe diesen Schritt in diesem Fall <\/li>\n<\/ul>\n<p style=\"display: flex;\"><img loading=\"lazy\" decoding=\"async\" class=\"alignnone size-full wp-image-58258\" style=\"width: 24px; height: 24px; margin-right: 10px;\" src=\"..\/wp-content\/uploads\/2025\/08\/ico-stop.png\" alt=\"\" width=\"24\" height=\"24\" srcset=\"https:\/\/www.datacolor.com\/spyder\/wp-content\/uploads\/2025\/08\/ico-stop.png 209w, https:\/\/www.datacolor.com\/spyder\/wp-content\/uploads\/2025\/08\/ico-stop-150x150.png 150w\" sizes=\"(max-width: 24px) 100vw, 24px\" \/> Schalte Auto-Helligkeit, HDR und andere dynamische Modi aus<\/p>\n<p style=\"display: flex;\"><img loading=\"lazy\" decoding=\"async\" class=\"alignnone size-full wp-image-58208\" style=\"width: 24px; height: 24px; margin-right: 10px;\" src=\"..\/wp-content\/uploads\/2025\/08\/ico-cross.png\" alt=\"\" width=\"24\" height=\"24\" srcset=\"https:\/\/www.datacolor.com\/spyder\/wp-content\/uploads\/2025\/08\/ico-cross.png 209w, https:\/\/www.datacolor.com\/spyder\/wp-content\/uploads\/2025\/08\/ico-cross-150x150.png 150w\" sizes=\"(max-width: 24px) 100vw, 24px\" \/> Schlie\u00dfe alle anderen Programme, um St\u00f6rungen zu vermeiden<\/p>\n<p style=\"display: flex;\"><img loading=\"lazy\" decoding=\"async\" class=\"alignnone size-full wp-image-58238\" style=\"width: 24px; height: 24px; margin-right: 10px;\" src=\"..\/wp-content\/uploads\/2025\/08\/ico-goal.png\" alt=\"\" width=\"24\" height=\"24\" srcset=\"https:\/\/www.datacolor.com\/spyder\/wp-content\/uploads\/2025\/08\/ico-goal.png 209w, https:\/\/www.datacolor.com\/spyder\/wp-content\/uploads\/2025\/08\/ico-goal-150x150.png 150w\" sizes=\"(max-width: 24px) 100vw, 24px\" \/> Kalibriere regelm\u00e4\u00dfig neu \u2013 besonders, wenn sich dein Ausgabe-Medium \u00e4ndert, damit dein Bildschirm immer perfekt bleibt<\/p>\n<p>[\/vc_column_text][\/vc_column][vc_column width=&#8220;1\/2&#8243; css=&#8220;.vc_custom_1725972786678{padding-right: 32px !important;padding-left: 32px !important;}&#8220;][vc_column_text css=&#8220;&#8220;]<\/p>\n<h3 style=\"margin-bottom: 20px;\">Richtige Platzierung<\/h3>\n<ol>\n<li>Entferne die Objektivkappe vom SpyderPro.<\/li>\n<li>Die Objektivkappe gleitet am Kabel entlang (wie unten gezeigt) und dient als Gegengewicht, um den Sensor an Ort und Stelle zu halten<\/li>\n<li>H\u00e4nge das Ger\u00e4t \u00fcber den Bildschirm \u2013 es sollte von selbst plan aufliegen, ohne dass du es mit der Hand festh\u00e4ltst <\/li>\n<li>Neige deinen Bildschirm bei Bedarf leicht nach hinten, damit das Ger\u00e4t flach aufliegt<\/li>\n<\/ol>\n<p>[\/vc_column_text][vc_empty_space][vc_row_inner][vc_column_inner width=&#8220;1\/2&#8243;][vc_single_image image=&#8220;58077&#8243; img_size=&#8220;full&#8220; alignment=&#8220;center&#8220;][\/vc_column_inner][vc_column_inner width=&#8220;1\/2&#8243;][vc_single_image image=&#8220;62001&#8243; img_size=&#8220;large&#8220; alignment=&#8220;center&#8220;][\/vc_column_inner][\/vc_row_inner][\/vc_column][\/vc_row][vc_row css=&#8220;.vc_custom_1682343562567{padding-top: 60px !important;padding-bottom: 60px !important;}&#8220;][vc_column width=&#8220;2\/3&#8243;][vc_column_text css=&#8220;&#8220;]<\/p>\n<h2>SpyderPro Software herunterladen<\/h2>\n<p>Schlie\u00dfe deinen Spyder an \u2013 er hat einen USB-C-Anschluss sowie einen USB-A-Adapter.<\/p>\n<p>Die Software f\u00fchrt dich durch die Installation. Seriennummer findest du in der Verpackung unter dem Produkt.[\/vc_column_text][vc_empty_space][vc_btn title=&#8220;Video ansehen&#8220; style=&#8220;classic&#8220; shape=&#8220;round&#8220; color=&#8220;black&#8220; css=&#8220;.vc_custom_1761749679982{margin-top: 8px !important;}&#8220; link=&#8220;url:https%3A%2F%2Fyoutu.be%2FoQNpOso07sM|target:_blank|&#8220;][vc_empty_space][\/vc_column][vc_column width=&#8220;1\/3&#8243;][vc_empty_space][vc_btn title=&#8220;Windows Software&#8220; style=&#8220;classic&#8220; shape=&#8220;round&#8220; color=&#8220;black&#8220; align=&#8220;center&#8220; css=&#8220;.vc_custom_1725553570515{margin-top: 8px !important;}&#8220; link=&#8220;url:https%3A%2F%2Fgoto.datacolor.com%2Fdownloads%2Fwin%2Fsp2024|target:_blank|&#8220; el_class=&#8220;resourcebutton&#8220;][vc_empty_space height=&#8220;20px&#8220;][vc_btn title=&#8220;macOS Software&#8220; style=&#8220;classic&#8220; shape=&#8220;round&#8220; color=&#8220;black&#8220; align=&#8220;center&#8220; css=&#8220;.vc_custom_1725553602309{margin-top: 8px !important;}&#8220; link=&#8220;url:https%3A%2F%2Fgoto.datacolor.com%2Fdownloads%2Fmac%2Fsp2024|target:_blank|&#8220; el_class=&#8220;resourcebutton&#8220;][vc_empty_space][\/vc_column][vc_column css=&#8220;.vc_custom_1761749780142{border-top-width: 1px !important;border-right-width: 1px !important;border-bottom-width: 1px !important;border-left-width: 1px !important;padding-right: 30px !important;padding-bottom: 30px !important;padding-left: 30px !important;border-color: #CCCCCC !important;}&#8220;][vc_column_text css=&#8220;&#8220;]Pr\u00fcfen Sie die <a href=\"https:\/\/spyderx.datacolor.com\/datacolor-spyder-software-license\/\" target=\"_blank\" rel=\"noopener\">Datacolor Software-Lizenz<\/a>.<\/p>\n<p><em style=\"font-size: 0.75em;\">Alle Spyder-Produkte beinhalten eine &#8222;Standortlizenz&#8220; f\u00fcr einen einzelnen Eigent\u00fcmer. Dies erlaubt dem Besitzer, die Software auf allen Computern (Mac oder Windows) zu installieren und zu betreiben, solange diese dem Lizenzinhaber geh\u00f6ren. Wenn der Besitzer mehrere Computer besitzt, kann er das Spyder-Produkt auf allen Computern betreiben. Die Aktivierung auf einem Computer, der nicht im Besitz des K\u00e4ufers ist, oder der Betrieb als Dienstleistung f\u00fcr andere ist verboten.   <\/em>[\/vc_column_text][\/vc_column][\/vc_row][vc_row css=&#8220;.vc_custom_1682345998990{padding-top: 60px !important;padding-bottom: 60px !important;}&#8220;][vc_column][vc_column_text css=&#8220;&#8220;]<\/p>\n<h2>So kalibrierst du deinen Bildschirm<\/h2>\n<p>[\/vc_column_text][vc_btn title=&#8220;Video ansehen&#8220; style=&#8220;classic&#8220; shape=&#8220;round&#8220; color=&#8220;black&#8220; css=&#8220;.vc_custom_1761749903294{margin-top: 8px !important;}&#8220; link=&#8220;url:https%3A%2F%2Fyoutu.be%2FsJ-S2TS4R9A|target:_blank|&#8220;][vc_empty_space][vc_row_inner][vc_column_inner width=&#8220;1\/2&#8243; offset=&#8220;vc_col-md-3&#8243; css=&#8220;.vc_custom_1761751447086{padding-top: 15px !important;}&#8220;][vc_single_image image=&#8220;62012&#8243; img_size=&#8220;500&#215;500&#8243; alignment=&#8220;center&#8220;][vc_empty_space][vc_column_text css=&#8220;&#8220;]<\/p>\n<h3 style=\"margin-bottom: 15px;\">Einrichtung<\/h3>\n<p>Die Software begleitet Sie in nur wenigen Schritten durch die Einrichtung \u2013 perfekt abgestimmt auf Ihren Workflow, damit Sie stets pr\u00e4zise und ma\u00dfgeschneiderte Ergebnisse erzielen.<\/p>\n<ul class=\"tick_list\">\n<li>Workflow<\/li>\n<li>Displayeinstellung &amp; Steuerelemente<\/li>\n<li>Kalibrierungseinstellungen<\/li>\n<\/ul>\n<p>[\/vc_column_text][vc_empty_space][\/vc_column_inner][vc_column_inner width=&#8220;1\/2&#8243; offset=&#8220;vc_col-md-3&#8243; css=&#8220;.vc_custom_1761751440584{padding-top: 15px !important;}&#8220;][vc_single_image image=&#8220;62023&#8243; img_size=&#8220;500&#215;500&#8243; alignment=&#8220;center&#8220;][vc_empty_space][vc_column_text css=&#8220;&#8220;]<\/p>\n<h3 style=\"margin-bottom: 15px;\">Kalibriere<\/h3>\n<ul>\n<li>Entferne die Objektivkappe und schiebe sie als Gegengewicht am Kabel entlang<\/li>\n<li>H\u00e4nge das Ger\u00e4t \u00fcber den Bildschirm innerhalb der Markierung<\/li>\n<li>Falls n\u00f6tig, neige den Bildschirm leicht nach hinten<\/li>\n<li>Nicht festhalten \u2013 einfach ruhen lassen<\/li>\n<\/ul>\n<p>Die Software zeigt Farbsequenzen an, misst deinen Bildschirm und erstellt ein Profil. <br \/>Du kannst die Kalibrierung jederzeit r\u00fcckg\u00e4ngig machen, indem du das Profil l\u00f6schst.[\/vc_column_text][vc_empty_space][\/vc_column_inner][vc_column_inner width=&#8220;1\/2&#8243; offset=&#8220;vc_col-md-3&#8243; css=&#8220;.vc_custom_1761751433709{padding-top: 15px !important;}&#8220;][vc_single_image image=&#8220;62033&#8243; img_size=&#8220;500&#215;500&#8243; alignment=&#8220;center&#8220;][vc_empty_space][vc_column_text css=&#8220;&#8220;]<\/p>\n<h3 style=\"margin-bottom: 15px;\">Ergebnisse pr\u00fcfen<\/h3>\n<p>Schalte zwischen \u201eKalibriert\u201c und \u201eUnkalibriert\u201c um, um den Unterschied zu sehen. <\/p>\n<p>[\/vc_column_text][vc_empty_space][\/vc_column_inner][vc_column_inner width=&#8220;1\/2&#8243; offset=&#8220;vc_col-md-3&#8243; css=&#8220;.vc_custom_1761751426943{padding-top: 15px !important;background-color: #F2F2F2 !important;}&#8220;][vc_single_image image=&#8220;58102&#8243; img_size=&#8220;500&#215;500&#8243; alignment=&#8220;center&#8220;][vc_empty_space][vc_column_text css=&#8220;&#8220;]<\/p>\n<h3>Was dich erwartet<\/h3>\n<p><strong>Dein Bildschirm kann etwas anders aussehen \u2013 das ist normal! <\/strong><\/p>\n<p>Farben wirken nat\u00fcrlicher, Helligkeit ausgeglichener, und Details in: <\/p>\n<ul>\n<li>Dunkle Schatten (wie der Nachthimmel)<\/li>\n<li>Helle Highlights (wie sonnige Szenen)<\/li>\n<\/ul>\n<p>[\/vc_column_text][vc_btn title=&#8220;Video ansehen&#8220; style=&#8220;classic&#8220; shape=&#8220;round&#8220; color=&#8220;black&#8220; css=&#8220;.vc_custom_1761751395647{margin-top: 8px !important;}&#8220; link=&#8220;url:https%3A%2F%2Fyoutu.be%2FON6XlDsFQlE|target:_blank|&#8220;][vc_empty_space][\/vc_column_inner][\/vc_row_inner][\/vc_column][\/vc_row][vc_row bg_type=&#8220;bg_color&#8220; bg_override=&#8220;full&#8220; css=&#8220;.vc_custom_1725525740289{padding-top: 60px !important;padding-bottom: 60px !important;}&#8220; bg_color_value=&#8220;#fafafa&#8220;][vc_column][vc_column_text css=&#8220;&#8220;]<\/p>\n<h2>Ressourcen<\/h2>\n<p>[\/vc_column_text][vc_empty_space][vc_row_inner][vc_column_inner width=&#8220;1\/3&#8243;][vc_single_image image=&#8220;47604&#8243; img_size=&#8220;500&#215;500&#8243; onclick=&#8220;custom_link&#8220; img_link_target=&#8220;_blank&#8220;][vc_empty_space][\/vc_column_inner][vc_column_inner width=&#8220;1\/3&#8243;][vc_btn title=&#8220;Download Schnellstartanleitung&#8220; style=&#8220;classic&#8220; shape=&#8220;round&#8220; color=&#8220;black&#8220; align=&#8220;center&#8220; i_icon_fontawesome=&#8220;&#8220; css=&#8220;.vc_custom_1761751671051{margin-top: 8px !important;}&#8220; add_icon=&#8220;true&#8220; link=&#8220;url:https%3A%2F%2Fwww.datacolor.com%2Fspyder%2Fwp-content%2Fuploads%2F2025%2F10%2FSpyderPro-Quick-Start-Guide_DE.pdf|target:_blank|&#8220; el_class=&#8220;resourcebutton&#8220;][vc_btn title=&#8220;Download Benutzerhandbuch&#8220; style=&#8220;classic&#8220; shape=&#8220;round&#8220; color=&#8220;black&#8220; align=&#8220;center&#8220; i_icon_fontawesome=&#8220;&#8220; css=&#8220;.vc_custom_1761751933012{margin-top: 8px !important;}&#8220; add_icon=&#8220;true&#8220; link=&#8220;url:https%3A%2F%2Fwww.datacolor.com%2Fspyder%2Fwp-content%2Fuploads%2F2025%2F11%2FSpyderPro-User-Guide_DE-Final.pdf|target:_blank|&#8220; el_class=&#8220;resourcebutton&#8220;][vc_btn title=&#8220;FAQs&#8220; style=&#8220;classic&#8220; shape=&#8220;round&#8220; color=&#8220;black&#8220; align=&#8220;center&#8220; i_icon_fontawesome=&#8220;far fa-question-circle&#8220; css=&#8220;.vc_custom_1725553204797{margin-top: 8px !important;}&#8220; add_icon=&#8220;true&#8220; link=&#8220;url:https%3A%2F%2Fgoto.datacolor.com%2Flearnaboutspyder24-faq|target:_blank|&#8220; el_class=&#8220;resourcebutton&#8220;][vc_empty_space][\/vc_column_inner][vc_column_inner width=&#8220;1\/3&#8243;][vc_btn title=&#8220;Demo zur Installation&#8220; style=&#8220;classic&#8220; shape=&#8220;round&#8220; color=&#8220;black&#8220; align=&#8220;center&#8220; i_icon_fontawesome=&#8220;far fa-play-circle&#8220; css=&#8220;.vc_custom_1725553247729{margin-top: 8px !important;}&#8220; add_icon=&#8220;true&#8220; link=&#8220;url:https%3A%2F%2Fyoutu.be%2FoQNpOso07sM|target:_blank|&#8220; el_class=&#8220;resourcebutton&#8220;][vc_btn title=&#8220;Demo zur Kalibrierung&#8220; style=&#8220;classic&#8220; shape=&#8220;round&#8220; color=&#8220;black&#8220; align=&#8220;center&#8220; i_icon_fontawesome=&#8220;far fa-play-circle&#8220; css=&#8220;.vc_custom_1725553353453{margin-top: 8px !important;}&#8220; add_icon=&#8220;true&#8220; link=&#8220;url:https%3A%2F%2Fyoutu.be%2FsJ-S2TS4R9A|target:_blank|&#8220; el_class=&#8220;resourcebutton&#8220;][vc_btn title=&#8220;Kontaktieren Sie uns&#8220; style=&#8220;classic&#8220; shape=&#8220;round&#8220; color=&#8220;black&#8220; align=&#8220;center&#8220; i_icon_fontawesome=&#8220;fas fa-at&#8220; css=&#8220;.vc_custom_1725553162918{margin-top: 8px !important;}&#8220; add_icon=&#8220;true&#8220; link=&#8220;url:https%3A%2F%2Fspyder-support.datacolor.com%2F|target:_blank|&#8220; el_class=&#8220;resourcebutton&#8220;][vc_empty_space][\/vc_column_inner][\/vc_row_inner][\/vc_column][\/vc_row][vc_row css=&#8220;.vc_custom_1725544748051{padding-top: 60px !important;padding-bottom: 60px !important;}&#8220;][vc_column][vc_column_text css=&#8220;&#8220;]<\/p>\n<h2>Funktions\u00fcbersicht<\/h2>\n<p>[\/vc_column_text][vc_empty_space][vc_row_inner][vc_column_inner width=&#8220;1\/4&#8243;][vc_single_image image=&#8220;62243&#8243; img_size=&#8220;800&#215;550&#8243; alignment=&#8220;center&#8220;][vc_empty_space][vc_column_text css=&#8220;&#8220;]<\/p>\n<div class=\"featureheadline\"><strong>3D LUT Export <\/strong><\/div>\n<div class=\"featurebody\">3D LUT Export (.cube): Kalibrieren Sie kompatible Videomonitore pr\u00e4zise mit branchen\u00fcblichen 3D-LUTs f\u00fcr Rec.709, Rec.2020, DCI-P3 und mehr \u2013 ideal f\u00fcr Video- und Kino-Workflows.<\/div>\n<p>[\/vc_column_text][vc_empty_space][\/vc_column_inner][vc_column_inner width=&#8220;1\/4&#8243;][vc_single_image image=&#8220;62253&#8243; img_size=&#8220;800&#215;550&#8243; alignment=&#8220;center&#8220;][vc_empty_space][vc_column_text css=&#8220;&#8220;]<\/p>\n<div class=\"featureheadline\"><strong>Device Preview\u2122 Plus<\/strong><\/div>\n<div class=\"featurebody\">Zeigen Sie eine Vorschau Ihrer Inhalte auf verschiedenen Ger\u00e4ten und Druckern an, vergleichen Sie sie direkt nebeneinander, f\u00fchren Sie Stapelkonvertierungen durch, exportieren Sie in unterschiedlichen Formaten und integrieren Sie Ihre Urheberrechte f\u00fcr eine professionelle Ver\u00f6ffentlichung \u2013 alles bequem von Ihrem kalibrierten Bildschirm aus.<\/div>\n<p>[\/vc_column_text][vc_empty_space][\/vc_column_inner][vc_column_inner width=&#8220;1\/4&#8243;][vc_single_image image=&#8220;62173&#8243; img_size=&#8220;800&#215;550&#8243; alignment=&#8220;center&#8220;][vc_empty_space][vc_column_text css=&#8220;&#8220;]<\/p>\n<div class=\"featureheadline\"><strong>Content Credentials (C2PA) <\/strong><\/div>\n<div class=\"featurebody\">Content Credentials verkn\u00fcpft Ihren Namen, Ihre Bearbeitungen und Ihr ICC-Profil, damit in einer KI-gesteuerten Welt die Authentizit\u00e4t \u00fcberpr\u00fcft werden kann.<\/div>\n<p>[\/vc_column_text][vc_empty_space][vc_btn title=&#8220;Video ansehen&#8220; style=&#8220;classic&#8220; shape=&#8220;round&#8220; color=&#8220;black&#8220; css=&#8220;.vc_custom_1761752716719{margin-top: 8px !important;}&#8220; link=&#8220;url:https%3A%2F%2Fwww.youtube.com%2Fwatch%3Fv%3DMtt1dyy3BvA|target:_blank|&#8220;][vc_empty_space][\/vc_column_inner][vc_column_inner width=&#8220;1\/4&#8243;][vc_single_image image=&#8220;62153&#8243; img_size=&#8220;800&#215;550&#8243; alignment=&#8220;center&#8220;][vc_empty_space][vc_column_text css=&#8220;&#8220;]<\/p>\n<div class=\"featureheadline\"><strong>Integration des LightMeters als Belichtungsmesser Light Meter Integration <\/strong><\/div>\n<div class=\"featurebody\">Synchronisieren Sie das Ger\u00e4t mit dem Datacolor LightColor Meter (und anderen Messger\u00e4ten), um die Kalibrierung an die tats\u00e4chlichen Lichtverh\u00e4ltnisse (\u00fcber, hinter und neben Ihrem Bildschirm) anzupassen und so eine un\u00fcbertroffene Messgenauigkeit zu erzielen.<\/div>\n<p>[\/vc_column_text][vc_empty_space height=&#8220;16px&#8220;][\/vc_column_inner][\/vc_row_inner][\/vc_column][\/vc_row]<\/p>\n<\/div>","protected":false},"excerpt":{"rendered":"<p>[vc_row css=&#8220;.vc_custom_1682339726830{padding-top: 60px !important;padding-bottom: 60px !important;}&#8220;][vc_column width=&#8220;2\/5&#8243;][vc_column_text css=&#8220;&#8220;] Willkommen bei SpyderPro &#8211; lassen Sie uns loslegen! [\/vc_column_text][vc_empty_space][vc_column_text css=&#8220;&#8220;] Sag Tsch\u00fcss zum Farb-R\u00e4tselraten und Hallo zur m\u00fchelosen Bildschirmoptimierung. Laden Sie Ihre SpyderPro Software herunter Sieh dir die Schnellstart- &amp; Benutzeranleitung an Schau dir die Anleitungsvideos an Entdecke die FAQs Kalibriere Dein Bildschirm ist im Handumdrehen optimiert! &hellip;<\/p>\n","protected":false},"author":2,"featured_media":0,"parent":0,"menu_order":0,"comment_status":"closed","ping_status":"closed","template":"","meta":{"_acf_changed":false,"footnotes":""},"class_list":["post-48125","page","type-page","status-publish","hentry"],"acf":[],"_links":{"self":[{"href":"https:\/\/www.datacolor.com\/spyder\/de\/wp-json\/wp\/v2\/pages\/48125","targetHints":{"allow":["GET"]}}],"collection":[{"href":"https:\/\/www.datacolor.com\/spyder\/de\/wp-json\/wp\/v2\/pages"}],"about":[{"href":"https:\/\/www.datacolor.com\/spyder\/de\/wp-json\/wp\/v2\/types\/page"}],"author":[{"embeddable":true,"href":"https:\/\/www.datacolor.com\/spyder\/de\/wp-json\/wp\/v2\/users\/2"}],"replies":[{"embeddable":true,"href":"https:\/\/www.datacolor.com\/spyder\/de\/wp-json\/wp\/v2\/comments?post=48125"}],"version-history":[{"count":0,"href":"https:\/\/www.datacolor.com\/spyder\/de\/wp-json\/wp\/v2\/pages\/48125\/revisions"}],"wp:attachment":[{"href":"https:\/\/www.datacolor.com\/spyder\/de\/wp-json\/wp\/v2\/media?parent=48125"}],"curies":[{"name":"wp","href":"https:\/\/api.w.org\/{rel}","templated":true}]}}