{"id":48156,"date":"2024-09-13T10:25:30","date_gmt":"2024-09-13T10:25:30","guid":{"rendered":"https:\/\/dev2024.spyder.datacolor.eu\/spyder\/welcome-to-spyder\/"},"modified":"2025-11-10T14:37:28","modified_gmt":"2025-11-10T14:37:28","slug":"welcome-to-spyder","status":"publish","type":"page","link":"https:\/\/www.datacolor.com\/spyder\/de\/welcome-to-spyder\/","title":{"rendered":"Welcome to Spyder"},"content":{"rendered":"<div class=\"wpb-content-wrapper\"><p>[vc_row css=&#8220;.vc_custom_1682339726830{padding-top: 60px !important;padding-bottom: 60px !important;}&#8220;][vc_column width=&#8220;2\/5&#8243;][vc_column_text css=&#8220;&#8220;]<\/p>\n<h1 class=\"mainheader\">Ihr Arbeitsablauf wird jetzt viel einfacher werden!<\/h1>\n<p>[\/vc_column_text][vc_empty_space][vc_column_text css=&#8220;&#8220;]Laden Sie die Software f\u00fcr Ihren neuen Spyder herunter, sehen Sie sich die Schnellstartanleitung an, und finden Sie hilfreiche Links zum Benutzerhandbuch, zu den h\u00e4ufig gestellten Fragen und zum Kundensupport. [\/vc_column_text][vc_empty_space][\/vc_column][vc_column width=&#8220;3\/5&#8243;][vc_empty_space][vc_single_image image=&#8220;47671&#8243; img_size=&#8220;750&#215;500&#8243;][\/vc_column][\/vc_row][vc_row bg_type=&#8220;bg_color&#8220; bg_override=&#8220;full&#8220; bg_color_value=&#8220;#fafafa&#8220; css=&#8220;.vc_custom_1725522706270{padding-top: 30px !important;padding-bottom: 60px !important;}&#8220;][vc_column width=&#8220;1\/2&#8243; css=&#8220;.vc_custom_1725972773631{padding-right: 32px !important;padding-left: 32px !important;}&#8220;][vc_column_text css=&#8220;&#8220;]<\/p>\n<h3 style=\"margin-bottom: 20px;\">Tipps zur Optimierung der Kalibrierung<\/h3>\n<p>Bevor Sie mit der Kalibrierung Ihres Monitors beginnen, finden Sie hier einige hilfreiche Tipps:<\/p>\n<ul>\n<li>W\u00e4rmen Sie Ihren Monitor mindestens 30 Minuten lang vor dem Kalibrierungsprozess auf.<\/li>\n<li>Stellen Sie sicher, dass kein direktes Licht auf Ihren Bildschirm f\u00e4llt und dass die Schreibtischlampen ausgeschaltet sind. Es ist am besten, in einer schwach beleuchteten Umgebung zu arbeiten, insbesondere bei farbkritischen Arbeiten.<\/li>\n<li>Setzen Sie die Monitoreinstellungen auf die Werkseinstellungen zur\u00fcck.<\/li>\n<li>Deaktivieren Sie alle Einstellungen f\u00fcr die automatische Helligkeit oder den HDR-Modus, bevor Sie mit der Kalibrierung beginnen. Dies sind Beispiele f\u00fcr dynamische Funktionen, die Ihren Bildschirm beeinflussen. Die Kalibrierung erfordert einen statischen Bildschirm f\u00fcr genaue Messungen.<\/li>\n<\/ul>\n<p>[\/vc_column_text][vc_empty_space][\/vc_column][vc_column width=&#8220;1\/2&#8243; css=&#8220;.vc_custom_1725972786678{padding-right: 32px !important;padding-left: 32px !important;}&#8220;][vc_column_text css=&#8220;&#8220;]<\/p>\n<h3 style=\"margin-bottom: 20px;\">Schnellstart-Anleitung<\/h3>\n<ol>\n<li>Software herunterladen und installieren<\/li>\n<\/ol>\n<p>[\/vc_column_text][vc_btn title=&#8220;Video ansehen&#8220; style=&#8220;classic&#8220; shape=&#8220;round&#8220; color=&#8220;black&#8220; css=&#8220;.vc_custom_1725540547798{margin-top: 8px !important;margin-left: 16px !important;}&#8220; link=&#8220;url:https%3A%2F%2Fyoutu.be%2FoQNpOso07sM|target:_blank|&#8220;][vc_column_text css=&#8220;&#8220;]<\/p>\n<ol start=\"2\">\n<li>Schlie\u00dfen Sie Ihr Ger\u00e4t an, um die Software zu starten<\/li>\n<li>F\u00fchren Sie die Aktivierung\/Registrierung durch (Die Seriennummer befindet sich in der Verpackung unterhalb des Ger\u00e4ts)<\/li>\n<li>F\u00fchren Sie die Kalibrierung durch (Schritt-f\u00fcr-Schritt Anleitung siehe unten)<\/li>\n<\/ol>\n<p>[\/vc_column_text][vc_btn title=&#8220;Video ansehen&#8220; style=&#8220;classic&#8220; shape=&#8220;round&#8220; color=&#8220;black&#8220; css=&#8220;.vc_custom_1725524559566{margin-top: 8px !important;margin-left: 16px !important;}&#8220; link=&#8220;url:https%3A%2F%2Fyoutu.be%2FsJ-S2TS4R9A|target:_blank|&#8220;][vc_empty_space][\/vc_column][\/vc_row][vc_row css=&#8220;.vc_custom_1682343562567{padding-top: 60px !important;padding-bottom: 60px !important;}&#8220;][vc_column width=&#8220;2\/3&#8243;][vc_column_text css=&#8220;&#8220;]<\/p>\n<h2>Spyder Software Download<\/h2>\n<p>Pr\u00fcfen Sie die <a href=\"https:\/\/spyderx.datacolor.com\/datacolor-spyder-software-license\/\" target=\"_blank\" rel=\"noopener\">Datacolor Software-Lizenz<\/a>.<\/p>\n<p><em>Alle Spyder-Produkte beinhalten eine &#8222;Standortlizenz&#8220; f\u00fcr einen einzelnen Eigent\u00fcmer. Dies erlaubt dem Besitzer, die Software auf allen Computern (Mac oder Windows) zu installieren und zu betreiben, solange diese dem Lizenzinhaber geh\u00f6ren. Wenn der Besitzer mehrere Computer besitzt, kann er das Spyder-Produkt auf allen Computern betreiben. Die Aktivierung auf einem Computer, der nicht im Besitz des K\u00e4ufers ist, oder der Betrieb als Dienstleistung f\u00fcr andere ist verboten. <\/em>[\/vc_column_text][\/vc_column][vc_column width=&#8220;1\/3&#8243;][vc_empty_space][vc_btn title=&#8220;Windows Software&#8220; style=&#8220;classic&#8220; shape=&#8220;round&#8220; color=&#8220;black&#8220; align=&#8220;center&#8220; css=&#8220;.vc_custom_1725982047112{margin-top: 8px !important;}&#8220; link=&#8220;url:https%3A%2F%2Fgoto.datacolor.com%2Fdownloads%2Fwin%2Fsp2024|target:_blank|&#8220; el_class=&#8220;resourcebutton&#8220;][vc_empty_space height=&#8220;20px&#8220;][vc_btn title=&#8220;macOS Software&#8220; style=&#8220;classic&#8220; shape=&#8220;round&#8220; color=&#8220;black&#8220; align=&#8220;center&#8220; css=&#8220;.vc_custom_1725553602309{margin-top: 8px !important;}&#8220; link=&#8220;url:https%3A%2F%2Fgoto.datacolor.com%2Fdownloads%2Fmac%2Fsp2024|target:_blank|&#8220; el_class=&#8220;resourcebutton&#8220;][vc_empty_space][\/vc_column][\/vc_row][vc_row css=&#8220;.vc_custom_1682345998990{padding-top: 60px !important;padding-bottom: 60px !important;}&#8220;][vc_column][vc_column_text]<\/p>\n<h2>So kalibrieren Sie Ihren Monitor<\/h2>\n<p>[\/vc_column_text][vc_empty_space][vc_row_inner][vc_column_inner width=&#8220;1\/2&#8243; offset=&#8220;vc_col-md-3&#8243;][vc_single_image image=&#8220;47564&#8243; img_size=&#8220;500&#215;500&#8243; alignment=&#8220;center&#8220;][vc_empty_space][vc_column_text css=&#8220;&#8220;]<strong>1. Schlie\u00dfen Sie Ihr Spyder-Ger\u00e4t an<\/strong><\/p>\n<p>Ihr Spyder verf\u00fcgt \u00fcber einen nativen USB-C-Anschluss und wird mit einem zus\u00e4tzlichen USB-A-Adapter geliefert. Folgen Sie den Schritt-f\u00fcr-Schritt-Anweisungen auf dem Bildschirm.[\/vc_column_text][vc_empty_space][\/vc_column_inner][vc_column_inner width=&#8220;1\/2&#8243; offset=&#8220;vc_col-md-3&#8243;][vc_single_image image=&#8220;47683&#8243; img_size=&#8220;500&#215;500&#8243; alignment=&#8220;center&#8220;][vc_empty_space][vc_column_text css=&#8220;&#8220;]<strong>2. \u00d6ffnen Sie die Spyder Software<\/strong><\/p>\n<p>Die Spyder Software f\u00fchrt Sie in nur wenigen Bildschirmen durch die Kalibrierung und die Einrichtung des Bildschirms. W\u00e4hlen Sie die <a href=\"https:\/\/www.displayspecifications.com\/\" target=\"_blank\" rel=\"noopener\">Displaytechnologie<\/a> und die verf\u00fcgbaren Steuerelemente f\u00fcr Ihr Display aus, um eine m\u00f6glichst genaue Kalibrierung zu gew\u00e4hrleisten. Kalibrieren Sie Ihren Bildschirm f\u00fcr Ihren Arbeitsablauf, indem Sie die Einstellungen f\u00fcr Gamma, Wei\u00dfpunkt und Helligkeit anpassen.<br \/>\n[\/vc_column_text][vc_empty_space][\/vc_column_inner][vc_column_inner width=&#8220;1\/2&#8243; offset=&#8220;vc_col-md-3&#8243;][vc_single_image image=&#8220;47694&#8243; img_size=&#8220;500&#215;500&#8243; alignment=&#8220;center&#8220;][vc_empty_space][vc_column_text css=&#8220;&#8220;]<strong>3. Richtige Platzierung<\/strong><\/p>\n<p>Nehmen Sie den Objektivdeckel von Ihrem Spyder ab und h\u00e4ngen Sie das Ger\u00e4t nach Aufforderung \u00fcber Ihr Display. Der Objektivdeckel l\u00e4sst sich entlang des angebrachten USB-Kabels verschieben und dient als Gegengewicht, um den Spyder-Sensor auf Ihrem Bildschirm zu halten. Das Ger\u00e4t sollte unter seinem eigenen Gewicht b\u00fcndig auf dem Monitor sitzen, halten Sie es nicht mit der Hand gegen den Bildschirm. Neige deinen Bildschirm bei Bedarf leicht nach hinten, damit das Ger\u00e4t flach aufliegt[\/vc_column_text][vc_empty_space][\/vc_column_inner][vc_column_inner width=&#8220;1\/2&#8243; offset=&#8220;vc_col-md-3&#8243;][vc_single_image image=&#8220;47704&#8243; img_size=&#8220;500&#215;500&#8243; alignment=&#8220;center&#8220;][vc_empty_space][vc_column_text css=&#8220;&#8220;]<strong>4. Kalibrieren Sie<\/strong><\/p>\n<p>Vergewissern Sie sich, dass alle anderen Anwendungen geschlossen sind, bevor Sie mit der Kalibrierung beginnen, um m\u00f6gliche St\u00f6rungen durch diese Anwendungen zu vermeiden.<\/p>\n<p>Die Spyder-Software erstellt dann ein benutzerdefiniertes Anzeigeprofil, das das Betriebssystem Ihres Computers und die Farbmanagement-Anwendungen zur Korrektur Ihres Bildschirms verwenden. Sie k\u00f6nnen jederzeit zu den Standardeinstellungen Ihres Monitors zur\u00fcckkehren, indem Sie das kalibrierte Profil einfach l\u00f6schen.<br \/>\n[\/vc_column_text][vc_btn title=&#8220;Video ansehen&#8220; style=&#8220;classic&#8220; shape=&#8220;round&#8220; color=&#8220;black&#8220; css=&#8220;.vc_custom_1725523412484{margin-top: 8px !important;}&#8220; link=&#8220;url:https%3A%2F%2Fyoutu.be%2FsJ-S2TS4R9A|target:_blank|&#8220;][vc_empty_space][\/vc_column_inner][\/vc_row_inner][\/vc_column][\/vc_row][vc_row bg_type=&#8220;bg_color&#8220; bg_override=&#8220;full&#8220; css=&#8220;.vc_custom_1725525740289{padding-top: 60px !important;padding-bottom: 60px !important;}&#8220; bg_color_value=&#8220;#fafafa&#8220;][vc_column][vc_column_text css=&#8220;&#8220;]<\/p>\n<h2>Zus\u00e4tzliche Ressourcen<\/h2>\n<p>[\/vc_column_text][vc_empty_space][vc_row_inner][vc_column_inner width=&#8220;1\/3&#8243;][vc_single_image image=&#8220;47604&#8243; img_size=&#8220;500&#215;500&#8243; onclick=&#8220;custom_link&#8220; img_link_target=&#8220;_blank&#8220;][vc_empty_space][\/vc_column_inner][vc_column_inner width=&#8220;1\/3&#8243;][vc_btn title=&#8220;Download Schnellstartanleitung&#8220; style=&#8220;classic&#8220; shape=&#8220;round&#8220; color=&#8220;black&#8220; align=&#8220;center&#8220; i_icon_fontawesome=&#8220;fa fa-solid fa-download&#8220; css=&#8220;.vc_custom_1762768603678{margin-top: 8px !important;}&#8220; add_icon=&#8220;true&#8220; link=&#8220;url:https%3A%2F%2Fwww.datacolor.com%2Fspyder%2Fwp-content%2Fuploads%2F2025%2F11%2FSpyder-Quick-Start-Guide_DE.pdf|target:_blank|&#8220; el_class=&#8220;resourcebutton&#8220;][vc_btn title=&#8220;Download Benutzerhandbuch&#8220; style=&#8220;classic&#8220; shape=&#8220;round&#8220; color=&#8220;black&#8220; align=&#8220;center&#8220; i_icon_fontawesome=&#8220;fa fa-solid fa-download&#8220; css=&#8220;.vc_custom_1762768212110{margin-top: 8px !important;}&#8220; add_icon=&#8220;true&#8220; link=&#8220;url:https%3A%2F%2Fwww.datacolor.com%2Fspyder%2Fwp-content%2Fuploads%2F2025%2F11%2FSpyder-User-Guide_DE.pdf|target:_blank|&#8220; el_class=&#8220;resourcebutton&#8220;][vc_btn title=&#8220;FAQs&#8220; style=&#8220;classic&#8220; shape=&#8220;round&#8220; color=&#8220;black&#8220; align=&#8220;center&#8220; i_icon_fontawesome=&#8220;far fa-question-circle&#8220; css=&#8220;.vc_custom_1725553204797{margin-top: 8px !important;}&#8220; add_icon=&#8220;true&#8220; link=&#8220;url:https%3A%2F%2Fgoto.datacolor.com%2Flearnaboutspyder24-faq|target:_blank|&#8220; el_class=&#8220;resourcebutton&#8220;][vc_empty_space][\/vc_column_inner][vc_column_inner width=&#8220;1\/3&#8243;][vc_btn title=&#8220;Demo zur Installation&#8220; style=&#8220;classic&#8220; shape=&#8220;round&#8220; color=&#8220;black&#8220; align=&#8220;center&#8220; i_icon_fontawesome=&#8220;far fa-play-circle&#8220; css=&#8220;.vc_custom_1725553247729{margin-top: 8px !important;}&#8220; add_icon=&#8220;true&#8220; link=&#8220;url:https%3A%2F%2Fyoutu.be%2FoQNpOso07sM|target:_blank|&#8220; el_class=&#8220;resourcebutton&#8220;][vc_btn title=&#8220;Demo zur Kalibrierung&#8220; style=&#8220;classic&#8220; shape=&#8220;round&#8220; color=&#8220;black&#8220; align=&#8220;center&#8220; i_icon_fontawesome=&#8220;far fa-play-circle&#8220; css=&#8220;.vc_custom_1725553353453{margin-top: 8px !important;}&#8220; add_icon=&#8220;true&#8220; link=&#8220;url:https%3A%2F%2Fyoutu.be%2FsJ-S2TS4R9A|target:_blank|&#8220; el_class=&#8220;resourcebutton&#8220;][vc_btn title=&#8220;Kontaktieren Sie uns&#8220; style=&#8220;classic&#8220; shape=&#8220;round&#8220; color=&#8220;black&#8220; align=&#8220;center&#8220; i_icon_fontawesome=&#8220;fas fa-at&#8220; css=&#8220;.vc_custom_1725553162918{margin-top: 8px !important;}&#8220; add_icon=&#8220;true&#8220; link=&#8220;url:https%3A%2F%2Fspyder-support.datacolor.com%2F|target:_blank|&#8220; el_class=&#8220;resourcebutton&#8220;][vc_empty_space][\/vc_column_inner][\/vc_row_inner][\/vc_column][\/vc_row][vc_row css=&#8220;.vc_custom_1725544748051{padding-top: 60px !important;padding-bottom: 60px !important;}&#8220;][vc_column][vc_column_text css=&#8220;&#8220;]<\/p>\n<h2>Funktions\u00fcbersicht<\/h2>\n<p>[\/vc_column_text][vc_empty_space][vc_row_inner][vc_column_inner width=&#8220;1\/4&#8243;][vc_single_image image=&#8220;47715&#8243; img_size=&#8220;500&#215;500&#8243; alignment=&#8220;center&#8220;][vc_empty_space][vc_column_text css=&#8220;&#8220;]<\/p>\n<div class=\"featureheadline\"><strong>Wie Device Preview\u2122 funktioniert<\/strong><\/div>\n<div class=\"featurebody\">Sehen Sie selbst, wie einfach es ist, mit der exklusiven Funktion Device Preview\u2122 von Datacolor zu simulieren, wie Ihre Fotos auf anderen Ger\u00e4ten aussehen k\u00f6nnen &#8211; ohne dass Sie sie auf andere Displays hochladen m\u00fcssen!<\/div>\n<p>[\/vc_column_text][vc_empty_space height=&#8220;16px&#8220;][vc_btn title=&#8220;Video ansehen&#8220; style=&#8220;classic&#8220; shape=&#8220;round&#8220; color=&#8220;black&#8220; css=&#8220;.vc_custom_1725544671187{margin-top: 8px !important;}&#8220; link=&#8220;url:https%3A%2F%2Fyoutu.be%2Fuqe4nndQwc0|target:_blank|&#8220;][vc_empty_space][\/vc_column_inner][\/vc_row_inner][\/vc_column][\/vc_row]<\/p>\n<\/div>","protected":false},"excerpt":{"rendered":"<p>[vc_row css=&#8220;.vc_custom_1682339726830{padding-top: 60px !important;padding-bottom: 60px !important;}&#8220;][vc_column width=&#8220;2\/5&#8243;][vc_column_text css=&#8220;&#8220;] Ihr Arbeitsablauf wird jetzt viel einfacher werden! [\/vc_column_text][vc_empty_space][vc_column_text css=&#8220;&#8220;]Laden Sie die Software f\u00fcr Ihren neuen Spyder herunter, sehen Sie sich die Schnellstartanleitung an, und finden Sie hilfreiche Links zum Benutzerhandbuch, zu den h\u00e4ufig gestellten Fragen und zum Kundensupport. [\/vc_column_text][vc_empty_space][\/vc_column][vc_column width=&#8220;3\/5&#8243;][vc_empty_space][vc_single_image image=&#8220;47671&#8243; img_size=&#8220;750&#215;500&#8243;][\/vc_column][\/vc_row][vc_row bg_type=&#8220;bg_color&#8220; bg_override=&#8220;full&#8220; bg_color_value=&#8220;#fafafa&#8220; css=&#8220;.vc_custom_1725522706270{padding-top: 30px &hellip;<\/p>\n","protected":false},"author":2,"featured_media":0,"parent":0,"menu_order":0,"comment_status":"closed","ping_status":"closed","template":"","meta":{"_acf_changed":false,"footnotes":""},"class_list":["post-48156","page","type-page","status-publish","hentry"],"acf":[],"_links":{"self":[{"href":"https:\/\/www.datacolor.com\/spyder\/de\/wp-json\/wp\/v2\/pages\/48156","targetHints":{"allow":["GET"]}}],"collection":[{"href":"https:\/\/www.datacolor.com\/spyder\/de\/wp-json\/wp\/v2\/pages"}],"about":[{"href":"https:\/\/www.datacolor.com\/spyder\/de\/wp-json\/wp\/v2\/types\/page"}],"author":[{"embeddable":true,"href":"https:\/\/www.datacolor.com\/spyder\/de\/wp-json\/wp\/v2\/users\/2"}],"replies":[{"embeddable":true,"href":"https:\/\/www.datacolor.com\/spyder\/de\/wp-json\/wp\/v2\/comments?post=48156"}],"version-history":[{"count":0,"href":"https:\/\/www.datacolor.com\/spyder\/de\/wp-json\/wp\/v2\/pages\/48156\/revisions"}],"wp:attachment":[{"href":"https:\/\/www.datacolor.com\/spyder\/de\/wp-json\/wp\/v2\/media?parent=48156"}],"curies":[{"name":"wp","href":"https:\/\/api.w.org\/{rel}","templated":true}]}}