{"id":48315,"date":"2024-09-16T07:47:08","date_gmt":"2024-09-16T07:47:08","guid":{"rendered":"https:\/\/dev2024.spyder.datacolor.eu\/spyder\/welcome-to-spyder-print-studio\/"},"modified":"2025-12-11T17:04:32","modified_gmt":"2025-12-11T17:04:32","slug":"welcome-to-spyder-print-studio","status":"publish","type":"page","link":"https:\/\/www.datacolor.com\/spyder\/de\/welcome-to-spyder-print-studio\/","title":{"rendered":"Welcome to Spyder Print Studio"},"content":{"rendered":"<div class=\"wpb-content-wrapper\"><p>[vc_row css=&#8220;.vc_custom_1682339726830{padding-top: 60px !important;padding-bottom: 60px !important;}&#8220;][vc_column width=&#8220;2\/5&#8243;][vc_column_text css=&#8220;&#8220;]<\/p>\n<h1 class=\"mainheader\">Willkommen bei Color Mastery!<\/h1>\n<p>[\/vc_column_text][vc_empty_space][vc_column_text css=&#8220;&#8220;]Datacolor Spyder Print Studio ist die unverzichtbare All-in-One-Fotoworkflow-L\u00f6sung f\u00fcr eine pr\u00e4zise Kontrolle von der Aufnahme \u00fcber die Bearbeitung bis zum Druck f\u00fcr einen vollst\u00e4ndig farbverwalteten Workflow. Diese kostensparende Tool-Suite stellt sicher, dass Ihre Fotos pr\u00e4zise aufgenommen werden, Ihre Monitore unter allen Lichtverh\u00e4ltnissen pr\u00e4zise Farben anzeigen und Ihre Abz\u00fcge jedes Mal perfekt sind. [\/vc_column_text][vc_empty_space][\/vc_column][vc_column width=&#8220;3\/5&#8243;][vc_empty_space][vc_single_image image=&#8220;48174&#8243; img_size=&#8220;750&#215;500&#8243;][\/vc_column][\/vc_row][vc_row disable_element=&#8220;yes&#8220; bg_type=&#8220;bg_color&#8220; bg_override=&#8220;full&#8220; bg_color_value=&#8220;#fafafa&#8220; css=&#8220;.vc_custom_1726225295406{padding-top: 30px !important;padding-bottom: 60px !important;}&#8220;][vc_column width=&#8220;1\/2&#8243; css=&#8220;.vc_custom_1725972773631{padding-right: 32px !important;padding-left: 32px !important;}&#8220;][vc_column_text css=&#8220;&#8220;]<\/p>\n<h3 style=\"margin-bottom: 20px;\">Tipps zur Optimierung der Kalibrierung<\/h3>\n<p>Bevor Sie mit der Kalibrierung Ihres Monitors beginnen, finden Sie hier einige hilfreiche Tipps:<\/p>\n<ul>\n<li>W\u00e4rmen Sie Ihren Monitor mindestens 30 Minuten lang vor dem Kalibrierungsprozess auf.<\/li>\n<li>Vergewissern Sie sich, dass kein direktes Licht auf Ihren Bildschirm f\u00e4llt. Es ist am besten bei farbkritischen Arbeiten in einer schwach beleuchteten Umgebung zu arbeiten. Ihre Schreibtischlampe sollte ausgeschaltet sein.<\/li>\n<li>Setzen Sie die Monitoreinstellungen auf die Werkseinstellungen zur\u00fcck.<\/li>\n<li>Deaktivieren Sie alle Einstellungen f\u00fcr automatische Helligkeit oder HDR-\/High-Brightness-Einstellungen, bevor Sie mit der Kalibrierung beginnen. Dies sind Beispiele f\u00fcr dynamische Funktionen, die Ihre Anzeige beeinflussen. Die Kalibrierung erfordert eine statische Anzeige f\u00fcr genaue Messungen.<\/li>\n<\/ul>\n<p>[\/vc_column_text][vc_empty_space][\/vc_column][vc_column width=&#8220;1\/2&#8243; css=&#8220;.vc_custom_1725972786678{padding-right: 32px !important;padding-left: 32px !important;}&#8220;][vc_column_text css=&#8220;&#8220;]<\/p>\n<h3 style=\"margin-bottom: 20px;\">Schnellstart-Anleitung<\/h3>\n<ol>\n<li>Software herunterladen und installieren<\/li>\n<\/ol>\n<p>[\/vc_column_text][vc_btn title=&#8220;Video ansehen&#8220; style=&#8220;classic&#8220; shape=&#8220;round&#8220; color=&#8220;black&#8220; css=&#8220;.vc_custom_1725540547798{margin-top: 8px !important;margin-left: 16px !important;}&#8220; link=&#8220;url:https%3A%2F%2Fyoutu.be%2FoQNpOso07sM|target:_blank|&#8220;][vc_column_text css=&#8220;&#8220;]<\/p>\n<ol start=\"2\">\n<li>Schlie\u00dfen Sie Ihr Ger\u00e4t an, um die Software zu starten<\/li>\n<li>F\u00fchren Sie die Aktivierung\/Registrierung durch (Die Seriennummer befindet sich in der Verpackung unterhalb des Ger\u00e4ts)<\/li>\n<li>F\u00fchren Sie die Kalibrierung durch (Schritt-f\u00fcr-Schritt Anleitung siehe unten)<\/li>\n<\/ol>\n<p>[\/vc_column_text][vc_btn title=&#8220;Video ansehen&#8220; style=&#8220;classic&#8220; shape=&#8220;round&#8220; color=&#8220;black&#8220; css=&#8220;.vc_custom_1725524559566{margin-top: 8px !important;margin-left: 16px !important;}&#8220; link=&#8220;url:https%3A%2F%2Fyoutu.be%2FsJ-S2TS4R9A|target:_blank|&#8220;][vc_empty_space][\/vc_column][\/vc_row][vc_row css=&#8220;.vc_custom_1682343562567{padding-top: 60px !important;padding-bottom: 60px !important;}&#8220;][vc_column width=&#8220;1\/2&#8243;][vc_column_text css=&#8220;&#8220;]<\/p>\n<h2>Spyder Software Download<\/h2>\n<p>Lesen Sie die <a href=\"https:\/\/spyderx.datacolor.com\/datacolor-spyder-software-license\/\" target=\"_blank\" rel=\"noopener\">Datacolor Lizenzvereinbarung<\/a> <em>Alle Spyder-Produkte beinhalten eine &#8222;Standortlizenz&#8220; f\u00fcr einen einzelnen Eigent\u00fcmer. Dies erlaubt dem Besitzer, die Software auf allen Computern (Mac oder Windows) zu installieren und zu betreiben, solange diese dem Lizenzinhaber geh\u00f6ren. Wenn der Besitzer mehrere Computer besitzt, kann er das Spyder-Produkt auf allen Computern betreiben. Die Aktivierung auf einem Computer, der nicht im Besitz des K\u00e4ufers ist, oder der Betrieb als Dienstleistung f\u00fcr andere ist verboten.<\/em>[\/vc_column_text][\/vc_column][vc_column width=&#8220;1\/4&#8243;][vc_empty_space][vc_column_text css=&#8220;&#8220;]<\/p>\n<p style=\"text-align: center;\"><strong>SpyderPro<\/strong><\/p>\n<p>[\/vc_column_text][vc_empty_space][vc_btn title=&#8220;Windows Software&#8220; style=&#8220;classic&#8220; shape=&#8220;round&#8220; color=&#8220;black&#8220; align=&#8220;center&#8220; css=&#8220;.vc_custom_1725982047112{margin-top: 8px !important;}&#8220; link=&#8220;url:https%3A%2F%2Fgoto.datacolor.com%2Fdownloads%2Fwin%2Fsp2024|target:_blank|&#8220; el_class=&#8220;resourcebutton&#8220;][vc_empty_space height=&#8220;20px&#8220;][vc_btn title=&#8220;macOS Software&#8220; style=&#8220;classic&#8220; shape=&#8220;round&#8220; color=&#8220;black&#8220; align=&#8220;center&#8220; css=&#8220;.vc_custom_1725553602309{margin-top: 8px !important;}&#8220; link=&#8220;url:https%3A%2F%2Fgoto.datacolor.com%2Fdownloads%2Fmac%2Fsp2024|target:_blank|&#8220; el_class=&#8220;resourcebutton&#8220;][vc_empty_space][\/vc_column][vc_column width=&#8220;1\/4&#8243;][vc_empty_space][vc_column_text css=&#8220;&#8220;]<\/p>\n<p style=\"text-align: center;\"><strong>Spyder Print<\/strong><\/p>\n<p>[\/vc_column_text][vc_empty_space][vc_btn title=&#8220;Windows Software&#8220; style=&#8220;classic&#8220; shape=&#8220;round&#8220; color=&#8220;black&#8220; align=&#8220;center&#8220; css=&#8220;.vc_custom_1726044894569{margin-top: 8px !important;}&#8220; link=&#8220;url:https%3A%2F%2Fgoto.datacolor.com%2Fdownloads%2Fwin%2Fs5sr100|target:_blank|&#8220; el_class=&#8220;resourcebutton&#8220;][vc_empty_space height=&#8220;20px&#8220;][vc_btn title=&#8220;macOS Software&#8220; style=&#8220;classic&#8220; shape=&#8220;round&#8220; color=&#8220;black&#8220; align=&#8220;center&#8220; css=&#8220;.vc_custom_1726044904229{margin-top: 8px !important;}&#8220; link=&#8220;url:https%3A%2F%2Fgoto.datacolor.com%2Fdownloads%2Fmac%2Fs5sr100|target:_blank|&#8220; el_class=&#8220;resourcebutton&#8220;][vc_empty_space][\/vc_column][\/vc_row][vc_row disable_element=&#8220;yes&#8220; css=&#8220;.vc_custom_1726045023231{padding-top: 60px !important;padding-bottom: 60px !important;}&#8220;][vc_column][vc_column_text]<\/p>\n<h2>So kalibrieren Sie Ihren Monitor<\/h2>\n<p>[\/vc_column_text][vc_empty_space][vc_row_inner][vc_column_inner width=&#8220;1\/2&#8243; offset=&#8220;vc_col-md-3&#8243;][vc_single_image image=&#8220;47564&#8243; img_size=&#8220;500&#215;500&#8243; alignment=&#8220;center&#8220;][vc_empty_space][vc_column_text css=&#8220;&#8220;]<strong>1. Schlie\u00dfen Sie Ihr Spyder-Ger\u00e4t an<\/strong>. Ihr Spyder verf\u00fcgt \u00fcber einen nativen USB-C-Anschluss und wird der einfachen Handhabung halber mit einem zus\u00e4tzlichen USB-A-Adapter geliefert. Folgen Sie den Anweisungen auf dem Bildschirm. Folgen Sie den schrittweisen Anweisungen auf dem Bildschirm.[\/vc_column_text][vc_empty_space][\/vc_column_inner][vc_column_inner width=&#8220;1\/2&#8243; offset=&#8220;vc_col-md-3&#8243;][vc_single_image image=&#8220;47683&#8243; img_size=&#8220;500&#215;500&#8243; alignment=&#8220;center&#8220;][vc_empty_space][vc_column_text css=&#8220;&#8220;]<strong>2. \u00d6ffnen Sie die Spyder-Software<\/strong><br \/>\nDie Spyder-Software f\u00fchrt Sie in wenigen Schritten durch den Kalibrierungs- und Display-Setup-Prozess. W\u00e4hlen Sie die <a target=\"\" rel=\"noopener\">Anzeigetechnologie<\/a> und die verf\u00fcgbaren Steuerelemente f\u00fcr Ihren Bildschirm aus, um eine m\u00f6glichst genaue Kalibrierung zu gew\u00e4hrleisten. Kalibrieren Sie Ihren Bildschirm entsprechend den Anforderungen Ihres Arbeitsablaufs, indem Sie die Einstellungen f\u00fcr Gamma, Wei\u00dfpunkt und Helligkeit anpassen.<br \/>\n[\/vc_column_text][vc_empty_space][\/vc_column_inner][vc_column_inner width=&#8220;1\/2&#8243; offset=&#8220;vc_col-md-3&#8243;][vc_single_image image=&#8220;47694&#8243; img_size=&#8220;500&#215;500&#8243; alignment=&#8220;center&#8220;][vc_empty_space][vc_column_text css=&#8220;&#8220;]<strong>3. Positionierung Ihres Spyders<\/strong><br \/>\nEntfernen Sie die Objektivabdeckung Ihres Spyders und h\u00e4ngen Sie das Ger\u00e4t \u00fcber Ihren Bildschirm, wenn Sie dazu aufgefordert werden. Die Objektivkappe ist entlang des angeschlossenen USB-Kabels verschiebbar und dient als Gegengewicht, damit Sie den Spyder-Sensor bequem auf Ihrem Bildschirm positionieren k\u00f6nnen. Das Ger\u00e4t sollte unter seinem eigenen Gewicht flach auf dem Monitor aufliegen und nicht gegen den Bildschirm gedr\u00fcckt werden. Neigen Sie Ihren Bildschirm bei Bedarf ein wenig zur\u00fcck, damit das Ger\u00e4t flach aufliegen kann. Neigen Sie Ihren Bildschirm bei Bedarf ein wenig zur\u00fcck, damit das Ger\u00e4t flach aufliegen kann.[\/vc_column_text][vc_empty_space][\/vc_column_inner][vc_column_inner width=&#8220;1\/2&#8243; offset=&#8220;vc_col-md-3&#8243;][vc_single_image image=&#8220;47704&#8243; img_size=&#8220;500&#215;500&#8243; alignment=&#8220;center&#8220;][vc_empty_space][vc_column_text css=&#8220;&#8220;]<strong>4. Kalibrierung<\/strong><br \/>\nVergewissern Sie sich, dass alle anderen Anwendungen geschlossen sind, bevor Sie mit der Kalibrierung beginnen, um m\u00f6gliche St\u00f6rungen durch diese zu vermeiden.<br \/>\nDie Spyder-Software erstellt dann ein benutzerdefiniertes Monitorprofil, das vom Betriebssystem Ihres Computers und von Anwendungen, die \u00fcber Farbmanagementfunktionen verf\u00fcgen, verwendet wird, um Ihre angezeigten Farben zu korrigieren. Sie k\u00f6nnen jederzeit zu den Standardeinstellungen Ihres Monitors zur\u00fcckkehren, indem Sie das kalibrierte Profil einfach l\u00f6schen.<br \/>\n[\/vc_column_text][vc_btn title=&#8220;Video ansehen&#8220; style=&#8220;classic&#8220; shape=&#8220;round&#8220; color=&#8220;black&#8220; css=&#8220;.vc_custom_1725523412484{margin-top: 8px !important;}&#8220; link=&#8220;url:https%3A%2F%2Fyoutu.be%2FsJ-S2TS4R9A|target:_blank|&#8220;][vc_empty_space][\/vc_column_inner][\/vc_row_inner][\/vc_column][\/vc_row][vc_row css=&#8220;.vc_custom_1682345998990{padding-top: 60px !important;padding-bottom: 60px !important;}&#8220;][vc_column][vc_column_text css=&#8220;&#8220;]<\/p>\n<h2>Ihre kreative Reise beginnt hier<\/h2>\n<p>[\/vc_column_text][vc_empty_space][vc_row_inner][vc_column_inner width=&#8220;2\/3&#8243;][vc_column_text css=&#8220;&#8220;]<\/p>\n<h3>Spyder Cube<\/h3>\n<p>F\u00fcr bessere Wei\u00dfabgleichskorrekturen, Belichtungs- und Kontraststufen f\u00fcr Foto und Video. Er bietet eine dreidimensionale Referenz von Wei\u00df, Schwarz und neutralem Grau mit einer Chromkugel, die Spitzlichter anzeigt, und einer Lichtfalle f\u00fcr eine echte Schwarzpunktreferenz &#8211; Funktionen, die in einer herk\u00f6mmlichen Graukarte nicht zu finden sind.<br \/>\n[\/vc_column_text][vc_empty_space][vc_btn title=&#8220;Download Schnellstartanleitung&#8220; style=&#8220;classic&#8220; shape=&#8220;round&#8220; color=&#8220;black&#8220; align=&#8220;left&#8220; i_icon_fontawesome=&#8220;far fa-file-alt&#8220; css=&#8220;.vc_custom_1726249379130{margin-top: 8px !important;}&#8220; add_icon=&#8220;true&#8220; link=&#8220;url:https%3A%2F%2Fwww.datacolor.com%2Fspyder%2Fwp-content%2Fuploads%2F2023%2F05%2FSpyder-Cube-Quick-Start-Guide.pdf|target:_blank|&#8220; el_class=&#8220;resourcebutton&#8220;][vc_btn title=&#8220;Download Benutzerhandbuch&#8220; style=&#8220;classic&#8220; shape=&#8220;round&#8220; color=&#8220;black&#8220; align=&#8220;left&#8220; i_icon_fontawesome=&#8220;far fa-file-alt&#8220; css=&#8220;.vc_custom_1726249333326{margin-top: 8px !important;}&#8220; add_icon=&#8220;true&#8220; link=&#8220;url:https%3A%2F%2Fwww.datacolor.com%2Fspyder%2Fwp-content%2Fuploads%2F2023%2F05%2FSpyder-Cube-User-Guide.pdf|target:_blank|&#8220; el_class=&#8220;resourcebutton&#8220;][vc_empty_space][\/vc_column_inner][vc_column_inner width=&#8220;1\/3&#8243;][vc_single_image image=&#8220;48184&#8243; img_size=&#8220;full&#8220;][\/vc_column_inner][\/vc_row_inner][\/vc_column][\/vc_row][vc_row css=&#8220;.vc_custom_1682345998990{padding-top: 60px !important;padding-bottom: 60px !important;}&#8220;][vc_column][vc_row_inner][vc_column_inner width=&#8220;2\/3&#8243;][vc_empty_space][vc_column_text css=&#8220;&#8220;]<\/p>\n<h3>SpyderPro<\/h3>\n<p>Kalibriert OLED-, Mini-LED-, Apple Liquid Retina XDR- und High-Brightness-Monitore sowie Wide- und Standard-LED-Monitore. Enth\u00e4lt Rec. 709 und Rec. 2020-Videotargets. Die exklusive Display Preview\u2122 Beta-Funktion simuliert, wie Bilder auf den neuesten Smartphones und Tablets aussehen k\u00f6nnen, ohne dass Sie die Ger\u00e4te selbst zur Vorschau verwenden m\u00fcssen.[\/vc_column_text][vc_empty_space][vc_btn title=&#8220;Download Schnellstartanleitung&#8220; style=&#8220;classic&#8220; shape=&#8220;round&#8220; color=&#8220;black&#8220; align=&#8220;left&#8220; i_icon_fontawesome=&#8220;fa fa-solid fa-book&#8220; css=&#8220;.vc_custom_1765472668030{margin-top: 8px !important;}&#8220; add_icon=&#8220;true&#8220; link=&#8220;url:https%3A%2F%2Fwww.datacolor.com%2Fspyder%2Fwp-content%2Fuploads%2F2024%2F09%2FSpyderPro-Quick-Start-Guide_DE.pdf|target:_blank|&#8220; el_class=&#8220;resourcebutton&#8220;][vc_btn title=&#8220;Download Benutzerhandbuch&#8220; style=&#8220;classic&#8220; shape=&#8220;round&#8220; color=&#8220;black&#8220; align=&#8220;left&#8220; i_icon_fontawesome=&#8220;fa fa-solid fa-book&#8220; css=&#8220;.vc_custom_1765472581542{margin-top: 8px !important;}&#8220; add_icon=&#8220;true&#8220; link=&#8220;url:https%3A%2F%2Fwww.datacolor.com%2Fspyder%2Fwp-content%2Fuploads%2F2024%2F11%2FSpyder-SpyderPro-User-Guide_DE-Final.pdf|target:_blank&#8220; el_class=&#8220;resourcebutton&#8220;][vc_btn title=&#8220;Demo zur Installation&#8220; style=&#8220;classic&#8220; shape=&#8220;round&#8220; color=&#8220;black&#8220; align=&#8220;left&#8220; i_icon_fontawesome=&#8220;far fa-file-alt&#8220; css=&#8220;.vc_custom_1726225442640{margin-top: 8px !important;}&#8220; add_icon=&#8220;true&#8220; link=&#8220;url:https%3A%2F%2Fyoutu.be%2FoQNpOso07sM|target:_blank|&#8220; el_class=&#8220;resourcebutton&#8220;][vc_btn title=&#8220;Demo zur Kalibrierung&#8220; style=&#8220;classic&#8220; shape=&#8220;round&#8220; color=&#8220;black&#8220; align=&#8220;left&#8220; i_icon_fontawesome=&#8220;far fa-file-alt&#8220; css=&#8220;.vc_custom_1726225467328{margin-top: 8px !important;}&#8220; add_icon=&#8220;true&#8220; link=&#8220;url:https%3A%2F%2Fyoutu.be%2FsJ-S2TS4R9A|target:_blank|&#8220; el_class=&#8220;resourcebutton&#8220;][vc_empty_space][\/vc_column_inner][vc_column_inner width=&#8220;1\/3&#8243;][vc_empty_space][vc_single_image image=&#8220;48194&#8243; img_size=&#8220;full&#8220;][\/vc_column_inner][\/vc_row_inner][\/vc_column][\/vc_row][vc_row css=&#8220;.vc_custom_1682345998990{padding-top: 60px !important;padding-bottom: 60px !important;}&#8220;][vc_column][vc_separator][vc_row_inner][vc_column_inner width=&#8220;2\/3&#8243;][vc_empty_space][vc_column_text css=&#8220;&#8220;]<\/p>\n<h3>Spyder Print<\/h3>\n<p>Druckerprofilierung f\u00fcr jede Drucker\/Tinten\/Papier-Kombination. SpyderProof liefert Ihnen eine Reihe sorgf\u00e4ltig ausgew\u00e4hlter Bilder zur Bewertung des benutzerdefinierten Profils. Das Soft-Proofing-Tool ist von unsch\u00e4tzbarem Wert f\u00fcr die Evaluierung Ihres neuen Profils.[\/vc_column_text][vc_empty_space][vc_btn title=&#8220;Download Schnellstartanleitung&#8220; style=&#8220;classic&#8220; shape=&#8220;round&#8220; color=&#8220;black&#8220; align=&#8220;left&#8220; i_icon_fontawesome=&#8220;far fa-file-alt&#8220; css=&#8220;.vc_custom_1726225547397{margin-top: 8px !important;}&#8220; add_icon=&#8220;true&#8220; link=&#8220;url:https%3A%2F%2Fwww.datacolor.com%2Fspyder%2Fwp-content%2Fuploads%2F2023%2F05%2FSpyder-Print-Quick-Start-Guide.pdf|target:_blank|&#8220; el_class=&#8220;resourcebutton&#8220;][vc_btn title=&#8220;Download Benutzerhandbuch&#8220; style=&#8220;classic&#8220; shape=&#8220;round&#8220; color=&#8220;black&#8220; align=&#8220;left&#8220; i_icon_fontawesome=&#8220;far fa-file-alt&#8220; css=&#8220;.vc_custom_1726225561176{margin-top: 8px !important;}&#8220; add_icon=&#8220;true&#8220; link=&#8220;url:https%3A%2F%2Fwww.datacolor.com%2Fspyder%2Fwp-content%2Fuploads%2F2023%2F05%2FSpyder-Print-User-Guide.pdf|target:_blank|&#8220; el_class=&#8220;resourcebutton&#8220;][vc_empty_space][\/vc_column_inner][vc_column_inner width=&#8220;1\/3&#8243;][vc_empty_space][vc_single_image image=&#8220;48205&#8243; img_size=&#8220;full&#8220;][\/vc_column_inner][\/vc_row_inner][\/vc_column][\/vc_row][vc_row bg_type=&#8220;bg_color&#8220; bg_override=&#8220;full&#8220; css=&#8220;.vc_custom_1725525740289{padding-top: 60px !important;padding-bottom: 60px !important;}&#8220; bg_color_value=&#8220;#fafafa&#8220;][vc_column][vc_column_text css=&#8220;&#8220;]<\/p>\n<h2>Zus\u00e4tzliche Ressourcen<\/h2>\n<p>[\/vc_column_text][vc_empty_space][vc_row_inner][vc_column_inner width=&#8220;1\/3&#8243;][vc_single_image image=&#8220;47604&#8243; img_size=&#8220;500&#215;500&#8243; onclick=&#8220;custom_link&#8220; img_link_target=&#8220;_blank&#8220;][vc_empty_space][\/vc_column_inner][vc_column_inner width=&#8220;1\/3&#8243;][vc_btn title=&#8220;FAQs&#8220; style=&#8220;classic&#8220; shape=&#8220;round&#8220; color=&#8220;black&#8220; align=&#8220;center&#8220; i_icon_fontawesome=&#8220;far fa-question-circle&#8220; css=&#8220;.vc_custom_1725553204797{margin-top: 8px !important;}&#8220; add_icon=&#8220;true&#8220; link=&#8220;url:https%3A%2F%2Fgoto.datacolor.com%2Flearnaboutspyder24-faq|target:_blank|&#8220; el_class=&#8220;resourcebutton&#8220;][vc_empty_space][\/vc_column_inner][vc_column_inner width=&#8220;1\/3&#8243;][vc_btn title=&#8220;Kontaktieren Sie uns&#8220; style=&#8220;classic&#8220; shape=&#8220;round&#8220; color=&#8220;black&#8220; align=&#8220;center&#8220; i_icon_fontawesome=&#8220;fas fa-at&#8220; css=&#8220;.vc_custom_1725553162918{margin-top: 8px !important;}&#8220; add_icon=&#8220;true&#8220; link=&#8220;url:https%3A%2F%2Fspyder-support.datacolor.com%2F|target:_blank|&#8220; el_class=&#8220;resourcebutton&#8220;][vc_empty_space][\/vc_column_inner][\/vc_row_inner][\/vc_column][\/vc_row]<\/p>\n<\/div>","protected":false},"excerpt":{"rendered":"<p>[vc_row css=&#8220;.vc_custom_1682339726830{padding-top: 60px !important;padding-bottom: 60px !important;}&#8220;][vc_column width=&#8220;2\/5&#8243;][vc_column_text css=&#8220;&#8220;] Willkommen bei Color Mastery! [\/vc_column_text][vc_empty_space][vc_column_text css=&#8220;&#8220;]Datacolor Spyder Print Studio ist die unverzichtbare All-in-One-Fotoworkflow-L\u00f6sung f\u00fcr eine pr\u00e4zise Kontrolle von der Aufnahme \u00fcber die Bearbeitung bis zum Druck f\u00fcr einen vollst\u00e4ndig farbverwalteten Workflow. Diese kostensparende Tool-Suite stellt sicher, dass Ihre Fotos pr\u00e4zise aufgenommen werden, Ihre Monitore unter allen Lichtverh\u00e4ltnissen &hellip;<\/p>\n","protected":false},"author":2,"featured_media":0,"parent":0,"menu_order":0,"comment_status":"closed","ping_status":"closed","template":"","meta":{"_acf_changed":false,"footnotes":""},"class_list":["post-48315","page","type-page","status-publish","hentry"],"acf":[],"_links":{"self":[{"href":"https:\/\/www.datacolor.com\/spyder\/de\/wp-json\/wp\/v2\/pages\/48315","targetHints":{"allow":["GET"]}}],"collection":[{"href":"https:\/\/www.datacolor.com\/spyder\/de\/wp-json\/wp\/v2\/pages"}],"about":[{"href":"https:\/\/www.datacolor.com\/spyder\/de\/wp-json\/wp\/v2\/types\/page"}],"author":[{"embeddable":true,"href":"https:\/\/www.datacolor.com\/spyder\/de\/wp-json\/wp\/v2\/users\/2"}],"replies":[{"embeddable":true,"href":"https:\/\/www.datacolor.com\/spyder\/de\/wp-json\/wp\/v2\/comments?post=48315"}],"version-history":[{"count":4,"href":"https:\/\/www.datacolor.com\/spyder\/de\/wp-json\/wp\/v2\/pages\/48315\/revisions"}],"predecessor-version":[{"id":65575,"href":"https:\/\/www.datacolor.com\/spyder\/de\/wp-json\/wp\/v2\/pages\/48315\/revisions\/65575"}],"wp:attachment":[{"href":"https:\/\/www.datacolor.com\/spyder\/de\/wp-json\/wp\/v2\/media?parent=48315"}],"curies":[{"name":"wp","href":"https:\/\/api.w.org\/{rel}","templated":true}]}}