{"id":48973,"date":"2024-11-07T15:38:43","date_gmt":"2024-11-07T15:38:43","guid":{"rendered":"https:\/\/dev2024.spyder.datacolor.eu\/spyder\/?page_id=48973"},"modified":"2024-12-02T09:55:06","modified_gmt":"2024-12-02T09:55:06","slug":"spyder-ebook-signup","status":"publish","type":"page","link":"https:\/\/www.datacolor.com\/spyder\/de\/spyder-ebook-signup\/","title":{"rendered":"Spyder eBook Signup"},"content":{"rendered":"\t\t<div data-elementor-type=\"wp-page\" data-elementor-id=\"48973\" class=\"elementor elementor-48973 elementor-48968\" data-elementor-post-type=\"page\">\n\t\t\t\t<div class=\"elementor-element elementor-element-8c87047 e-flex e-con-boxed e-con e-parent\" data-id=\"8c87047\" data-element_type=\"container\">\n\t\t\t\t\t<div class=\"e-con-inner\">\n\t\t\t\t<div class=\"elementor-element elementor-element-fa2f962 elementor-widget elementor-widget-heading\" data-id=\"fa2f962\" data-element_type=\"widget\" data-widget_type=\"heading.default\">\n\t\t\t\t<div class=\"elementor-widget-container\">\n\t\t\t\t\t<h3 class=\"elementor-heading-title elementor-size-default\">Werden Sie Mitglied unserer Community und erhalten Sie unser <\/h3>\t\t\t\t<\/div>\n\t\t\t\t<\/div>\n\t\t\t\t<div class=\"elementor-element elementor-element-a130a27 elementor-widget elementor-widget-heading\" data-id=\"a130a27\" data-element_type=\"widget\" data-widget_type=\"heading.default\">\n\t\t\t\t<div class=\"elementor-widget-container\">\n\t\t\t\t\t<h1 class=\"elementor-heading-title elementor-size-default\">Spyder Farbmanagement eBook <\/h1>\t\t\t\t<\/div>\n\t\t\t\t<\/div>\n\t\t\t\t<div class=\"elementor-element elementor-element-c627047 elementor-widget elementor-widget-heading\" data-id=\"c627047\" data-element_type=\"widget\" data-widget_type=\"heading.default\">\n\t\t\t\t<div class=\"elementor-widget-container\">\n\t\t\t\t\t<h3 class=\"elementor-heading-title elementor-size-default\">als Willkommensgeschenk\n<\/h3>\t\t\t\t<\/div>\n\t\t\t\t<\/div>\n\t\t\t\t<div class=\"elementor-element elementor-element-683ec05 elementor-widget elementor-widget-image\" data-id=\"683ec05\" data-element_type=\"widget\" data-widget_type=\"image.default\">\n\t\t\t\t<div class=\"elementor-widget-container\">\n\t\t\t\t\t\t\t\t\t\t\t\t\t\t\t<img fetchpriority=\"high\" decoding=\"async\" width=\"1400\" height=\"400\" src=\"https:\/\/www.datacolor.com\/spyder\/wp-content\/uploads\/2024\/10\/Datacolor_eBook_banner_1400x400.jpg\" class=\"attachment-full size-full wp-image-48801\" alt=\"\" srcset=\"https:\/\/www.datacolor.com\/spyder\/wp-content\/uploads\/2024\/10\/Datacolor_eBook_banner_1400x400.jpg 1400w, https:\/\/www.datacolor.com\/spyder\/wp-content\/uploads\/2024\/10\/Datacolor_eBook_banner_1400x400-300x86.jpg 300w, https:\/\/www.datacolor.com\/spyder\/wp-content\/uploads\/2024\/10\/Datacolor_eBook_banner_1400x400-1024x293.jpg 1024w, https:\/\/www.datacolor.com\/spyder\/wp-content\/uploads\/2024\/10\/Datacolor_eBook_banner_1400x400-768x219.jpg 768w\" sizes=\"(max-width: 1400px) 100vw, 1400px\" \/>\t\t\t\t\t\t\t\t\t\t\t\t\t\t\t<\/div>\n\t\t\t\t<\/div>\n\t\t\t\t<div class=\"elementor-element elementor-element-3e515ff elementor-widget elementor-widget-html\" data-id=\"3e515ff\" data-element_type=\"widget\" data-widget_type=\"html.default\">\n\t\t\t\t<div class=\"elementor-widget-container\">\n\t\t\t\t\t<div class=\"klaviyo-form-WyCFgb\" data-intance=\"EMA\"><\/div>\n<div class=\"klaviyo-form-YjXieW\" data-instance=\"NSA\"><\/div>\n<div class=\"klaviyo-form-QSQKyc\" data-instance=\"ASP\"><\/div>\n\n\n\n<script>\n\t\/\/ Fallback timer encase blocked blocked\n\tsetTimeout(function() {\n\t    if (typeof window.klaviyo === 'undefined') {\n\t\t\tconsole.log('Klaviyo script may have been blocked, as the Klaviyo object is not available.');\n\t\t\tjQuery('#noklaviyo').show();\n\t\t}\n\t}, 3000); \n<\/script>\t\t\t\t<\/div>\n\t\t\t\t<\/div>\n\t\t\t\t<div class=\"elementor-element elementor-element-0f4d907 elementor-widget elementor-widget-html\" data-id=\"0f4d907\" data-element_type=\"widget\" data-widget_type=\"html.default\">\n\t\t\t\t<div class=\"elementor-widget-container\">\n\t\t\t\t\t<div id=\"noklaviyo\" style=\"display: none;\">\n    <p style=\"text-align: center; font-weight: bold;\">\n       \n<div class=\"wpcf7 no-js\" id=\"wpcf7-f48976-o1\" lang=\"en-US\" dir=\"ltr\" data-wpcf7-id=\"48976\">\n<div class=\"screen-reader-response\"><p role=\"status\" aria-live=\"polite\" aria-atomic=\"true\"><\/p> <ul><\/ul><\/div>\n<form action=\"\/spyder\/de\/wp-json\/wp\/v2\/pages\/48973#wpcf7-f48976-o1\" method=\"post\" class=\"wpcf7-form init\" aria-label=\"Contact form\" novalidate=\"novalidate\" data-status=\"init\">\n<fieldset class=\"hidden-fields-container\"><input type=\"hidden\" name=\"_wpcf7\" value=\"48976\" \/><input type=\"hidden\" name=\"_wpcf7_version\" value=\"6.1.5\" \/><input type=\"hidden\" name=\"_wpcf7_locale\" value=\"en_US\" \/><input type=\"hidden\" name=\"_wpcf7_unit_tag\" value=\"wpcf7-f48976-o1\" \/><input type=\"hidden\" name=\"_wpcf7_container_post\" value=\"0\" \/><input type=\"hidden\" name=\"_wpcf7_posted_data_hash\" value=\"\" \/>\n<\/fieldset>\n<p><label> Vorname<br \/>\n<span class=\"wpcf7-form-control-wrap\" data-name=\"your-firstname\"><input size=\"40\" maxlength=\"400\" class=\"wpcf7-form-control wpcf7-text wpcf7-validates-as-required\" autocomplete=\"firstname\" aria-required=\"true\" aria-invalid=\"false\" value=\"\" type=\"text\" name=\"your-firstname\" \/><\/span> <\/label>\n<\/p>\n<p><label> Nachname<br \/>\n<span class=\"wpcf7-form-control-wrap\" data-name=\"your-lastname\"><input size=\"40\" maxlength=\"400\" class=\"wpcf7-form-control wpcf7-text wpcf7-validates-as-required\" autocomplete=\"lastname\" aria-required=\"true\" aria-invalid=\"false\" value=\"\" type=\"text\" name=\"your-lastname\" \/><\/span> <\/label>\n<\/p>\n<p><label> E-Mail Adresse<br \/>\n<span class=\"wpcf7-form-control-wrap\" data-name=\"your-email\"><input size=\"40\" maxlength=\"400\" class=\"wpcf7-form-control wpcf7-email wpcf7-validates-as-required wpcf7-text wpcf7-validates-as-email\" autocomplete=\"email\" aria-required=\"true\" aria-invalid=\"false\" value=\"\" type=\"email\" name=\"your-email\" \/><\/span> <\/label>\n<\/p>\n<p>Mit dem Absenden dieses Formulars erkl\u00e4re ich mich damit einverstanden, von Datacolor Mitteilungen \u00fcber Produktwerbung, informative Inhalte sowie hilfreiche Dienstleistungen und Ratschl\u00e4ge zu erhalten. Ich nehme zur Kenntnis, dass ich mich jederzeit wieder abmelden kann. Ich nehme auch zur Kenntnis, dass Datacolor meine pers\u00f6nlichen Daten im Zusammenhang mit dieser Anfrage bearbeiten wird, wobei auch Drittanbieter einbezogen werden k\u00f6nnen. Ich habe die <a href=\"https:\/\/www.datacolor.com\/privacy-policy\/\" target=\"_blank\"><u>Datenschutzerkl\u00e4rung<\/u><\/a> gelesen und stimme dieser zu.\n<\/p>\n<input class=\"wpcf7-form-control wpcf7-hidden\" value=\"de\" type=\"hidden\" name=\"locale\" \/>\n<input class=\"wpcf7-form-control wpcf7-hidden\" value=\"ebook\" type=\"hidden\" name=\"form-name\" \/>\n<p><input class=\"wpcf7-form-control wpcf7-submit has-spinner\" type=\"submit\" value=\"Senden\" \/>\n<\/p><div class=\"wpcf7-response-output\" aria-hidden=\"true\"><\/div>\n<\/form>\n<\/div>\n<\/div>\t\t\t\t<\/div>\n\t\t\t\t<\/div>\n\t\t\t\t<div class=\"elementor-element elementor-element-fdd60e8 elementor-widget elementor-widget-html\" data-id=\"fdd60e8\" data-element_type=\"widget\" data-widget_type=\"html.default\">\n\t\t\t\t<div class=\"elementor-widget-container\">\n\t\t\t\t\t<script>document.addEventListener( 'wpcf7mailsent', function( event ) { setTimeout( () => { location = 'https:\/\/www.datacolor.com\/spyder\/spyder-ebook\/'; }, 1000 ); }, false );<\/script>\t\t\t\t<\/div>\n\t\t\t\t<\/div>\n\t\t\t\t\t<\/div>\n\t\t\t\t<\/div>\n\t\t\t\t<\/div>\n\t\t","protected":false},"excerpt":{"rendered":"<p>Werden Sie Mitglied unserer Community und erhalten Sie unser Spyder Farbmanagement eBook als Willkommensgeschenk<\/p>\n","protected":false},"author":2,"featured_media":0,"parent":0,"menu_order":0,"comment_status":"closed","ping_status":"closed","template":"","meta":{"_acf_changed":false,"footnotes":""},"class_list":["post-48973","page","type-page","status-publish","hentry"],"acf":[],"_links":{"self":[{"href":"https:\/\/www.datacolor.com\/spyder\/de\/wp-json\/wp\/v2\/pages\/48973","targetHints":{"allow":["GET"]}}],"collection":[{"href":"https:\/\/www.datacolor.com\/spyder\/de\/wp-json\/wp\/v2\/pages"}],"about":[{"href":"https:\/\/www.datacolor.com\/spyder\/de\/wp-json\/wp\/v2\/types\/page"}],"author":[{"embeddable":true,"href":"https:\/\/www.datacolor.com\/spyder\/de\/wp-json\/wp\/v2\/users\/2"}],"replies":[{"embeddable":true,"href":"https:\/\/www.datacolor.com\/spyder\/de\/wp-json\/wp\/v2\/comments?post=48973"}],"version-history":[{"count":0,"href":"https:\/\/www.datacolor.com\/spyder\/de\/wp-json\/wp\/v2\/pages\/48973\/revisions"}],"wp:attachment":[{"href":"https:\/\/www.datacolor.com\/spyder\/de\/wp-json\/wp\/v2\/media?parent=48973"}],"curies":[{"name":"wp","href":"https:\/\/api.w.org\/{rel}","templated":true}]}}