{"id":52241,"date":"2025-02-18T14:31:28","date_gmt":"2025-02-18T14:31:28","guid":{"rendered":"https:\/\/dev2024.spyder.datacolor.eu\/spyder\/willkommen-bei-lightcolor-meter\/"},"modified":"2025-02-26T09:54:55","modified_gmt":"2025-02-26T09:54:55","slug":"welcome-to-lightcolor-meter","status":"publish","type":"page","link":"https:\/\/www.datacolor.com\/spyder\/de\/welcome-to-lightcolor-meter\/","title":{"rendered":"Welcome to LightColor Meter"},"content":{"rendered":"<div class=\"wpb-content-wrapper\"><p>[vc_row][vc_column][vc_column_text][\/vc_column_text][\/vc_column][\/vc_row][vc_row css=&#8220;.vc_custom_1682339726830{padding-top: 60px !important;padding-bottom: 60px !important;}&#8220;][vc_column width=&#8220;2\/5&#8243;][vc_column_text css=&#8220;&#8220;]<\/p>\n<h1 class=\"mainheader\">Pr\u00e4zise Belichtung ist nur ein(en) LightColor Meter entfernt!<\/h1>\n<p>[\/vc_column_text][vc_empty_space][vc_column_text css=&#8220;&#8220;]Laden Sie die App zu Ihrem neuen Datacolor LightColor Meter herunter und sehen Sie sich die Schnellstartanleitung an. Au\u00dferdem finden Sie dort die Links zum Benutzerhandbuch und zum Kundensupport.[\/vc_column_text][vc_empty_space][\/vc_column][vc_column width=&#8220;3\/5&#8243;][vc_empty_space][vc_single_image image=&#8220;52016&#8243; img_size=&#8220;750&#215;500&#8243;][\/vc_column][\/vc_row][vc_row][vc_column][vc_column_text][\/vc_column_text][\/vc_column][\/vc_row][vc_row bg_type=&#8220;bg_color&#8220; bg_override=&#8220;full&#8220; bg_color_value=&#8220;#fafafa&#8220; css=&#8220;.vc_custom_1725522706270{padding-top: 30px !important;padding-bottom: 60px !important;}&#8220;][vc_column width=&#8220;1\/2&#8243; css=&#8220;.vc_custom_1725972773631{padding-right: 32px !important;padding-left: 32px !important;}&#8220;][vc_column_text css=&#8220;&#8220;]<\/p>\n<h3 style=\"margin-bottom: 20px;\">Funktions\u00fcbersicht<\/h3>\n<ul>\n<li>Misst Licht, Farbtemperatur sowie dUV und sorgt so f\u00fcr eine h\u00f6here Pr\u00e4zision<\/li>\n<li>Kabellose Funktionalit\u00e4t erm\u00f6glicht effiziente, bequeme Handhabung, w\u00e4hrend die H\u00e4nde frei bleiben<\/li>\n<li>Misst alle Arten von Beleuchtung, einschlie\u00dflich Dauerlicht und Blitz\/Stroboskop<\/li>\n<li>Das Ger\u00e4t misst mehrere Lichtquellen gleichzeitig, wenn die Lichtstreukuppel angehoben ist, oder eine einzelne Lichtquelle, wenn die Kuppel abgesenkt ist<\/li>\n<li>Enth\u00e4lt Gel-Filter-Bibliotheken von Profoto<sup>\u00ae<\/sup>, LEE<sup>\u00ae<\/sup> und Rosco<sup>\u00ae<\/sup>.<\/li>\n<li>Reibungslose Synchronisierung mehrerer LightColor Meter f\u00fcr gr\u00f6\u00dfere Bereiche\/Greenscreens<\/li>\n<\/ul>\n<p>[\/vc_column_text][vc_empty_space][\/vc_column][vc_column width=&#8220;1\/2&#8243; css=&#8220;.vc_custom_1725972786678{padding-right: 32px !important;padding-left: 32px !important;}&#8220;][vc_column_text css=&#8220;&#8220;]<\/p>\n<h3 style=\"margin-bottom: 20px;\">Schnellstart-Anleitung<\/h3>\n<ol>\n<li>Laden Sie die App herunter und installieren Sie sie.<\/li>\n<\/ol>\n<p>[\/vc_column_text][vc_empty_space height=&#8220;16px&#8220;][vc_row_inner][vc_column_inner width=&#8220;1\/2&#8243;][vc_single_image image=&#8220;52027&#8243; img_size=&#8220;medium&#8220; onclick=&#8220;custom_link&#8220; link=&#8220;https:%2F%2Fgoto.datacolor.com%2FgetLCMappiOS|&#8220;][\/vc_column_inner][vc_column_inner width=&#8220;1\/2&#8243;][vc_single_image image=&#8220;52037&#8243; img_size=&#8220;medium&#8220; onclick=&#8220;custom_link&#8220; link=&#8220;https:%2F%2Fgoto.datacolor.com%2FgetLCMappAndroid|&#8220;][\/vc_column_inner][\/vc_row_inner][vc_row_inner][vc_column_inner][vc_empty_space height=&#8220;16px&#8220;][vc_column_text css=&#8220;&#8220;]<\/p>\n<ol start=\"2\">\n<li>Legen Sie die Batterien ein, verbinden Sie das Messger\u00e4t, positionieren Sie es und nehmen Sie Ihre Messungen vor.<\/li>\n<\/ol>\n<p>[\/vc_column_text][vc_btn title=&#8220;Video ansehen&#8220; style=&#8220;classic&#8220; shape=&#8220;round&#8220; color=&#8220;black&#8220; css=&#8220;.vc_custom_1740056047068{margin-top: 8px !important;margin-left: 16px !important;}&#8220; link=&#8220;url:https%3A%2F%2Fwww.youtube.com%2Fwatch%3Fv%3D9Zwp1KaeVNY|target:_blank|&#8220;][vc_column_text css=&#8220;&#8220;]<\/p>\n<ol start=\"3\">\n<li>Lassen Sie sich die Werte f\u00fcr Licht- und Farbtemperatur anzeigen.<\/li>\n<li>Passen Sie Belichtung und Szenenbeleuchtung an.<\/li>\n<\/ol>\n<p>[\/vc_column_text][\/vc_column_inner][\/vc_row_inner][\/vc_column][\/vc_row][vc_row css=&#8220;.vc_custom_1682343562567{padding-top: 60px !important;padding-bottom: 60px !important;}&#8220;][vc_column][vc_column_text css=&#8220;&#8220;]<\/p>\n<h2>Tipps<\/h2>\n<p>[\/vc_column_text][vc_empty_space][vc_column_text css=&#8220;&#8220;]<\/p>\n<ul class=\"tiplist\">\n<li>Das LightColor Meter wird am besten in der N\u00e4he Ihres Motivs zur Lichtmessung eingesetzt.<\/li>\n<li>Wenn Sie eine Person fotografieren, halten Sie die Kuppel des Messger\u00e4ts von deren Gesicht weg, um das Licht aus der Gegenrichtung zu messen.<\/li>\n<li>Befestigung: Verwenden Sie das Loch zur Befestigung am Lanyard, das \u00bc&#8220; -Gewinde f\u00fcr die Befestigung auf einem Stativ, den Seltenerdmagneten f\u00fcr die Befestigung an einer Metalloberfl\u00e4che oder das mitgelieferte Zubeh\u00f6r (Krokodilklemme\/Multi-Mount).<\/li>\n<li>Die Kuppel des LightColor Meters hat zwei Positionen, erhaben und nach unten gedr\u00fcckt.\n<ul class=\"subbullets\" style=\"margin-top: 16px;\">\n<li>M\u00f6chten Sie in einem gr\u00f6\u00dferen Winkel \/ f\u00fcr mehrere Lichtquellen Messungen vornehmen, so nutzen Sie die erhabene Kuppel.<\/li>\n<li>Dr\u00fccken Sie die Kuppel nach unten bis sie einrastet, um Messungen in einem engeren Winkel \/ f\u00fcr eine einzelne Lichtquelle vorzunehmen.<\/li>\n<\/ul>\n<\/li>\n<\/ul>\n<p>[\/vc_column_text][\/vc_column][\/vc_row][vc_row bg_type=&#8220;bg_color&#8220; bg_override=&#8220;full&#8220; css=&#8220;.vc_custom_1725525740289{padding-top: 60px !important;padding-bottom: 60px !important;}&#8220; bg_color_value=&#8220;#fafafa&#8220;][vc_column][vc_column_text css=&#8220;&#8220;]<\/p>\n<h2>Zus\u00e4tzliche Ressourcen<\/h2>\n<p>[\/vc_column_text][vc_empty_space][vc_row_inner][vc_column_inner width=&#8220;1\/3&#8243;][vc_single_image image=&#8220;47604&#8243; img_size=&#8220;500&#215;500&#8243; onclick=&#8220;custom_link&#8220; img_link_target=&#8220;_blank&#8220;][vc_empty_space][\/vc_column_inner][vc_column_inner width=&#8220;1\/3&#8243;][vc_btn title=&#8220;Download Schnellstartanleitung&#8220; style=&#8220;classic&#8220; shape=&#8220;round&#8220; color=&#8220;black&#8220; align=&#8220;center&#8220; i_icon_fontawesome=&#8220;far fa-file-alt&#8220; css=&#8220;.vc_custom_1740135691983{margin-top: 8px !important;}&#8220; add_icon=&#8220;true&#8220; link=&#8220;url:%2Fspyder%2Fwp-content%2Fuploads%2F2025%2F02%2FLightColor-Meter-QSG-DE.pdf|target:_blank|&#8220; el_class=&#8220;resourcebutton&#8220;][vc_btn title=&#8220;Download Benutzerhandbuch&#8220; style=&#8220;classic&#8220; shape=&#8220;round&#8220; color=&#8220;black&#8220; align=&#8220;center&#8220; i_icon_fontawesome=&#8220;far fa-file-alt&#8220; css=&#8220;.vc_custom_1740135722539{margin-top: 8px !important;}&#8220; add_icon=&#8220;true&#8220; link=&#8220;url:%2Fspyder%2Fwp-content%2Fuploads%2F2025%2F02%2FUserManual-LCM200-Rev-C-FINAL-DE.pdf|target:_blank|&#8220; el_class=&#8220;resourcebutton&#8220;][vc_empty_space][\/vc_column_inner][vc_column_inner width=&#8220;1\/3&#8243;][vc_btn title=&#8220;So verwenden Sie den LightColor Meter&#8220; style=&#8220;classic&#8220; shape=&#8220;round&#8220; color=&#8220;black&#8220; align=&#8220;center&#8220; i_icon_fontawesome=&#8220;far fa-play-circle&#8220; css=&#8220;.vc_custom_1740563474462{margin-top: 8px !important;}&#8220; add_icon=&#8220;true&#8220; link=&#8220;url:https%3A%2F%2Fwww.youtube.com%2Fwatch%3Fv%3D9Zwp1KaeVNY|target:_blank|&#8220; el_class=&#8220;resourcebutton&#8220;][vc_btn title=&#8220;Kontaktieren Sie uns&#8220; style=&#8220;classic&#8220; shape=&#8220;round&#8220; color=&#8220;black&#8220; align=&#8220;center&#8220; i_icon_fontawesome=&#8220;fas fa-at&#8220; css=&#8220;.vc_custom_1725553162918{margin-top: 8px !important;}&#8220; add_icon=&#8220;true&#8220; link=&#8220;url:https%3A%2F%2Fspyder-support.datacolor.com%2F|target:_blank|&#8220; el_class=&#8220;resourcebutton&#8220;][vc_empty_space][\/vc_column_inner][\/vc_row_inner][\/vc_column][\/vc_row][vc_row css=&#8220;.vc_custom_1725544748051{padding-top: 60px !important;padding-bottom: 60px !important;}&#8220;][vc_column][vc_column_text css=&#8220;&#8220;]<\/p>\n<h2>Anwendungsf\u00e4lle<\/h2>\n<p>[\/vc_column_text][vc_empty_space][vc_row_inner][vc_column_inner width=&#8220;1\/2&#8243;][vc_single_image image=&#8220;51709&#8243; img_size=&#8220;800&#215;800&#8243; alignment=&#8220;center&#8220;][vc_empty_space][vc_column_text css=&#8220;&#8220;]<\/p>\n<h4>Einsatzm\u00f6glichkeiten in der Fotografie<\/h4>\n<p>[\/vc_column_text][vc_empty_space height=&#8220;16px&#8220;][vc_column_text css=&#8220;&#8220;]<\/p>\n<ul>\n<li>Studio Shootings bei Mischlicht<\/li>\n<li>Portr\u00e4ts im Freien<\/li>\n<li>Eventfotografie bei sich \u00e4ndernden Lichtverh\u00e4ltnissen<\/li>\n<li>Produktfotografie f\u00fcr pr\u00e4zise Farbwiedergabe<\/li>\n<li>Landschaftsfotografie<\/li>\n<li>Produktfotografie mit gezielten Lichtakzenten<\/li>\n<li>Portr\u00e4tfotografie mit Streiflicht<\/li>\n<\/ul>\n<p>[\/vc_column_text][vc_empty_space][\/vc_column_inner][vc_column_inner width=&#8220;1\/2&#8243;][vc_single_image image=&#8220;51699&#8243; img_size=&#8220;800&#215;800&#8243; alignment=&#8220;center&#8220;][vc_empty_space][vc_column_text css=&#8220;&#8220;]<\/p>\n<h4>Einsatzm\u00f6glichkeiten in der Videografie<\/h4>\n<p>[\/vc_column_text][vc_empty_space height=&#8220;16px&#8220;][vc_column_text css=&#8220;&#8220;]<\/p>\n<ul>\n<li>Shootings bei Mischlicht<\/li>\n<li>Interview-Situationen<\/li>\n<li>Dramatische Beleuchtung f\u00fcr das Erz\u00e4hlkino<\/li>\n<li>Event-Videografie<\/li>\n<li>Chroma Keying f\u00fcr Green Screens<\/li>\n<li>Filmreife Beleuchtung f\u00fcr Interviews<\/li>\n<li>\u201eRun-and-Gun\u201c-Produktion von Dokumentarfilmen<\/li>\n<li>Dokumentarfilmproduktion unter wechselnden Lichtbedingungen<\/li>\n<\/ul>\n<p>[\/vc_column_text][vc_empty_space height=&#8220;16px&#8220;][\/vc_column_inner][\/vc_row_inner][\/vc_column][\/vc_row][vc_row disable_element=&#8220;yes&#8220; css=&#8220;.vc_custom_1739291943136{padding-top: 60px !important;padding-bottom: 60px !important;}&#8220;][vc_column][vc_column_text css=&#8220;&#8220;]<\/p>\n<h2>Anwendungsf\u00e4lle<\/h2>\n<p>[\/vc_column_text][vc_empty_space][vc_row_inner][vc_column_inner width=&#8220;1\/2&#8243;][vc_single_image image=&#8220;51709&#8243; img_size=&#8220;800&#215;800&#8243; alignment=&#8220;center&#8220;][vc_empty_space][vc_column_text css=&#8220;&#8220;]<strong>Studio Shootings bei Mischlicht<\/strong><br \/>\nGleichzeitige Messung von Blitz-\/Stroboskoplicht, Dauerlicht und verschiedenen Lichtquellen (LED, Gl\u00fchlampen, Kunstlicht usw.) f\u00fcr eine harmonische Ausleuchtung und eine genaue Farbdarstellung.[\/vc_column_text][vc_column_text css=&#8220;&#8220;]<strong>Portr\u00e4ts im Freien<\/strong><br \/>\nErzeugt nat\u00fcrliche, akkurate Hautt\u00f6ne und eine ausgewogene Belichtung bei Lichtver\u00e4nderungen im Freien. Lassen Sie das Ger\u00e4t an seiner Position, damit bei wechselnden Lichtverh\u00e4ltnissen kontinuierliche Licht- und Farbtemperaturdaten ermittelt werden k\u00f6nnen.[\/vc_column_text][vc_column_text css=&#8220;&#8220;]<strong>Eventfotografie bei sich \u00e4ndernden Lichtverh\u00e4ltnissen<\/strong><br \/>\nNehmen Sie bei den schnell wechselnden und unterschiedlichen Lichtverh\u00e4ltnissen auf Veranstaltungen wie Hochzeiten, Open-Air-Konzerten usw. durchweg gut belichtete und Bilder in Originalfarben auf.<br \/>\n[\/vc_column_text][vc_column_text css=&#8220;&#8220;]<strong>Produktfotografie f\u00fcr pr\u00e4zise Farbwiedergabe<\/strong><br \/>\nGenaue Darstellung der tats\u00e4chlichen Produktfarben, was Farbabweichungen reduziert und die Kundenzufriedenheit f\u00f6rdert. Aufgrund seiner kompakten Gr\u00f6\u00dfe l\u00e4sst sich das LightColor Meter leicht in Produktaufnahmen positionieren, ohne die Beleuchtung zu stark zu beeintr\u00e4chtigen.<br \/>\n[\/vc_column_text][vc_column_text css=&#8220;&#8220;]<strong>Landschaftsfotografie<\/strong><br \/>\nZeigen Sie die dramatische Beleuchtung und die leuchtenden Farben der Goldenen Stunde bei ausgewogener Belichtung und originalgetreuer Farbwiedergabe.[\/vc_column_text][vc_column_text css=&#8220;&#8220;]<strong>Produktfotografie mit gezielten Lichtakzenten<\/strong><br \/>\nErzielen Sie eine pr\u00e4zise Kontrolle \u00fcber Spitzlichter und Reflexionen auf reflektierenden oder metallischen Produkten. Die Kontrolle \u00fcber Farbtemperatur und Lichtintensit\u00e4t ist erforderlich, um Reflexionen und Spitzlichter genau einzufangen, die die Attraktivit\u00e4t des Produkts erh\u00f6hen, ohne durch \u00fcberm\u00e4\u00dfige Blendung abzulenken.<br \/>\n[\/vc_column_text][vc_column_text css=&#8220;&#8220;]<strong>Portr\u00e4tfotografie mit Streiflicht<\/strong><br \/>\nHeben Sie das Motiv mit einem Streiflicht wundersch\u00f6n hervor, was dem Bild Tiefe verleiht und das Motiv vom Hintergrund abhebt. Die Richtungsmessungen des LightColor Meters sind hervorragend geeignet, um durch pr\u00e4zise Messung und Einstellung des einfallenden Lichts den gew\u00fcnschten Effekt zu erzielen.[\/vc_column_text][vc_empty_space][\/vc_column_inner][vc_column_inner width=&#8220;1\/2&#8243;][vc_single_image image=&#8220;51699&#8243; img_size=&#8220;800&#215;800&#8243; alignment=&#8220;center&#8220;][vc_empty_space][vc_column_text css=&#8220;&#8220;]<strong>Shootings bei Mischlicht<\/strong><br \/>\nTrotz unterschiedlicher Lichtverh\u00e4ltnisse wird eine gleichm\u00e4\u00dfige Belichtung und eine genaue Farbbalance sichergestellt, sodass in der Postproduktion weniger Farbkorrekturen erforderlich sind.<br \/>\n[\/vc_column_text][vc_column_text css=&#8220;&#8220;]<strong>Interview-Situationen<\/strong><br \/>\nErstellen Sie Interviewaufnahmen mit professioneller Beleuchtung und pr\u00e4ziser Farbwiedergabe, wodurch das Erscheinungsbild des Motivs und die Gesamt\u00e4sthetik des Videos verbessert werden. Mit der kabellosen Funktion des LightColor Meters k\u00f6nnen Sie schnell und bequem die perfekte 3-Punkt-Beleuchtung f\u00fcr Ihre Aufnahmen einrichten. [\/vc_column_text][vc_column_text css=&#8220;&#8220;]<strong>Dramatische Beleuchtung f\u00fcr das Erz\u00e4hlkino<\/strong><br \/>\nSchaffen Sie mit kurzen Filmszenen und kontrollierter, perfekt ausgerichteter Beleuchtung eine bestimmte Stimmung und Atmosph\u00e4re. Passen Sie Kontrast und Farbe der Beleuchtung mithilfe von Belichtungs- und Farbtemperaturmessungen an, sodass dramatische Szenen entstehen.[\/vc_column_text][vc_column_text css=&#8220;&#8220;]<strong>Event-Videografie<\/strong><br \/>\nNehmen Sie gut belichtete, farbechte Aufnahmen von Veranstaltungen im Freien (Hochzeiten, Festivals, Konzerte usw.) auf, die sich \u00fcber mehrere Stunden bei wechselnden Lichtverh\u00e4ltnissen erstrecken. Mit dem LightColor-Meter erhalten Sie w\u00e4hrend der gesamten Veranstaltung die richtigen Farb- und Belichtungswerte dank des kontinuierlichen Messmodus f\u00fcr konsistente, naturgetreue Farben.[\/vc_column_text][vc_column_text css=&#8220;&#8220;]<strong>Chroma Keying f\u00fcr Green Screens<\/strong><br \/>\nOptimieren Sie die Beleuchtung f\u00fcr Greenscreen-Arbeiten, sodass in der Postproduktion ein einfaches und effektives Chroma-Keying m\u00f6glich ist. Durch eine gleichm\u00e4\u00dfige Beleuchtung des Greenscreens und eine korrekte Belichtung des Motivs mit pr\u00e4zisen Farben wird der Chroma-Keying-Prozess in der Postproduktion vereinfacht und hochwertige visuelle Effekte m\u00f6glich. [\/vc_column_text][vc_column_text css=&#8220;&#8220;]<strong>Filmreife Beleuchtung f\u00fcr Interviews<\/strong><br \/>\nVerleihen Sie Interviews einen filmreifen Look, indem Sie mit gezielter Lichtf\u00fchrung Tiefe erzeugen und die Gesichtsz\u00fcge des Interviewpartners mit Licht und Schatten modellieren. Verwenden Sie das LightColor-Meter f\u00fcr pr\u00e4zise Belichtung und optimalen Kontrast. [\/vc_column_text][vc_column_text css=&#8220;&#8220;]<strong>\u201eRun-and-Gun\u201c-Produktion von Dokumentarfilmen<\/strong><br \/>\nVerwenden Sie das LightColor Meter, damit die Belichtung und Farbbalance in Dokumentaraufnahmen an verschiedenen Orten und bei unterschiedlichen Lichtverh\u00e4ltnissen mit zus\u00e4tzlicher Beleuchtung auf der Kamera konsistent bleibt. Eine gleichbleibende Qualit\u00e4t, ausgewogene Belichtung und eine genaue Farbdarstellung schaffen f\u00fcr den Zuschauer ein authentisches, realistisches Erlebnis.[\/vc_column_text][vc_column_text css=&#8220;&#8220;]<strong>Dokumentarfilmproduktion unter wechselnden Lichtbedingungen<\/strong><br \/>\nNehmen Sie f\u00fcr Dokumentarfilme konsistentes, hochwertiges Filmmaterial bei einer Vielfalt nat\u00fcrlicher und k\u00fcnstlicher Lichtverh\u00e4ltnisse auf. Die Vielseitigkeit des LightColor Meters bei der Messung von Umgebungs- und gerichtetem Licht in Kombination mit seiner kabellosen Anpassungsf\u00e4higkeit garantiert Dokumentarfilmern, dass sie in jeder Aufnahmesituation konsistentes, lebensechtes Filmmaterial einfangen k\u00f6nnen.[\/vc_column_text][vc_empty_space height=&#8220;16px&#8220;][\/vc_column_inner][\/vc_row_inner][\/vc_column][\/vc_row]<\/p>\n<\/div>","protected":false},"excerpt":{"rendered":"<p>[vc_row][vc_column][vc_column_text][\/vc_column_text][\/vc_column][\/vc_row][vc_row css=&#8220;.vc_custom_1682339726830{padding-top: 60px !important;padding-bottom: 60px !important;}&#8220;][vc_column width=&#8220;2\/5&#8243;][vc_column_text css=&#8220;&#8220;] Pr\u00e4zise Belichtung ist nur ein(en) LightColor Meter entfernt! [\/vc_column_text][vc_empty_space][vc_column_text css=&#8220;&#8220;]Laden Sie die App zu Ihrem neuen Datacolor LightColor Meter herunter und sehen Sie sich die Schnellstartanleitung an. Au\u00dferdem finden Sie dort die Links zum Benutzerhandbuch und zum Kundensupport.[\/vc_column_text][vc_empty_space][\/vc_column][vc_column width=&#8220;3\/5&#8243;][vc_empty_space][vc_single_image image=&#8220;52016&#8243; img_size=&#8220;750&#215;500&#8243;][\/vc_column][\/vc_row][vc_row][vc_column][vc_column_text][\/vc_column_text][\/vc_column][\/vc_row][vc_row bg_type=&#8220;bg_color&#8220; bg_override=&#8220;full&#8220; bg_color_value=&#8220;#fafafa&#8220; css=&#8220;.vc_custom_1725522706270{padding-top: 30px !important;padding-bottom: &hellip;<\/p>\n","protected":false},"author":2,"featured_media":0,"parent":0,"menu_order":0,"comment_status":"closed","ping_status":"closed","template":"","meta":{"_acf_changed":false,"footnotes":""},"class_list":["post-52241","page","type-page","status-publish","hentry"],"acf":[],"_links":{"self":[{"href":"https:\/\/www.datacolor.com\/spyder\/de\/wp-json\/wp\/v2\/pages\/52241","targetHints":{"allow":["GET"]}}],"collection":[{"href":"https:\/\/www.datacolor.com\/spyder\/de\/wp-json\/wp\/v2\/pages"}],"about":[{"href":"https:\/\/www.datacolor.com\/spyder\/de\/wp-json\/wp\/v2\/types\/page"}],"author":[{"embeddable":true,"href":"https:\/\/www.datacolor.com\/spyder\/de\/wp-json\/wp\/v2\/users\/2"}],"replies":[{"embeddable":true,"href":"https:\/\/www.datacolor.com\/spyder\/de\/wp-json\/wp\/v2\/comments?post=52241"}],"version-history":[{"count":0,"href":"https:\/\/www.datacolor.com\/spyder\/de\/wp-json\/wp\/v2\/pages\/52241\/revisions"}],"wp:attachment":[{"href":"https:\/\/www.datacolor.com\/spyder\/de\/wp-json\/wp\/v2\/media?parent=52241"}],"curies":[{"name":"wp","href":"https:\/\/api.w.org\/{rel}","templated":true}]}}