{"id":59532,"date":"2025-09-04T14:11:47","date_gmt":"2025-09-04T14:11:47","guid":{"rendered":"https:\/\/dev2024.spyder.datacolor.eu\/spyder\/spyder-upgrade\/"},"modified":"2025-11-12T15:17:54","modified_gmt":"2025-11-12T15:17:54","slug":"spyder-upgrade","status":"publish","type":"page","link":"https:\/\/www.datacolor.com\/spyder\/de\/spyder-upgrade\/","title":{"rendered":"Spyder Upgrade"},"content":{"rendered":"\t\t<div data-elementor-type=\"wp-page\" data-elementor-id=\"59532\" class=\"elementor elementor-59532 elementor-58654\" data-elementor-post-type=\"page\">\n\t\t\t\t<div class=\"elementor-element elementor-element-b0aac61 e-flex e-con-boxed e-con e-parent\" data-id=\"b0aac61\" data-element_type=\"container\">\n\t\t\t\t\t<div class=\"e-con-inner\">\n\t\t\t\t<div class=\"elementor-element elementor-element-a4a733e elementor-widget elementor-widget-heading\" data-id=\"a4a733e\" data-element_type=\"widget\" data-widget_type=\"heading.default\">\n\t\t\t\t<div class=\"elementor-widget-container\">\n\t\t\t\t\t<h2 class=\"elementor-heading-title elementor-size-default\">G\u00f6nnen Sie Ihrem Spyder ein Upgrade<\/h2>\t\t\t\t<\/div>\n\t\t\t\t<\/div>\n\t\t\t\t<div class=\"elementor-element elementor-element-a422748 elementor-widget elementor-widget-image\" data-id=\"a422748\" data-element_type=\"widget\" data-widget_type=\"image.default\">\n\t\t\t\t<div class=\"elementor-widget-container\">\n\t\t\t\t\t\t\t\t\t\t\t\t\t\t\t<img fetchpriority=\"high\" decoding=\"async\" width=\"1400\" height=\"487\" src=\"https:\/\/www.datacolor.com\/spyder\/wp-content\/uploads\/2025\/11\/Software-Upgrade-Banner-upgrade-banner-yourspyder-1400.jpg\" class=\"attachment-full size-full wp-image-63185\" alt=\"\" srcset=\"https:\/\/www.datacolor.com\/spyder\/wp-content\/uploads\/2025\/11\/Software-Upgrade-Banner-upgrade-banner-yourspyder-1400.jpg 1400w, https:\/\/www.datacolor.com\/spyder\/wp-content\/uploads\/2025\/11\/Software-Upgrade-Banner-upgrade-banner-yourspyder-1400-300x104.jpg 300w, https:\/\/www.datacolor.com\/spyder\/wp-content\/uploads\/2025\/11\/Software-Upgrade-Banner-upgrade-banner-yourspyder-1400-1024x356.jpg 1024w, https:\/\/www.datacolor.com\/spyder\/wp-content\/uploads\/2025\/11\/Software-Upgrade-Banner-upgrade-banner-yourspyder-1400-768x267.jpg 768w\" sizes=\"(max-width: 1400px) 100vw, 1400px\" \/>\t\t\t\t\t\t\t\t\t\t\t\t\t\t\t<\/div>\n\t\t\t\t<\/div>\n\t\t\t\t\t<\/div>\n\t\t\t\t<\/div>\n\t\t<div class=\"elementor-element elementor-element-2099972 e-grid e-con-boxed e-con e-parent\" data-id=\"2099972\" data-element_type=\"container\">\n\t\t\t\t\t<div class=\"e-con-inner\">\n\t\t\t\t<div class=\"elementor-element elementor-element-324f13a elementor-widget elementor-widget-heading\" data-id=\"324f13a\" data-element_type=\"widget\" data-widget_type=\"heading.default\">\n\t\t\t\t<div class=\"elementor-widget-container\">\n\t\t\t\t\t<h2 class=\"elementor-heading-title elementor-size-default\">Sie besitzen bereits einen Spyder? Dann ist jetzt der richtige Moment, sein volles Potenzial freizuschalten. <\/h2>\t\t\t\t<\/div>\n\t\t\t\t<\/div>\n\t\t\t\t<div class=\"elementor-element elementor-element-a77d9f1 elementor-widget elementor-widget-text-editor\" data-id=\"a77d9f1\" data-element_type=\"widget\" data-widget_type=\"text-editor.default\">\n\t\t\t\t<div class=\"elementor-widget-container\">\n\t\t\t\t\t\t\t\t\t<p>Die Hardware haben Sie \u2013 jetzt bringen Sie Ihre Kreativit\u00e4t auf das n\u00e4chste Level.<br>Ob Farbkorrektur bei Ihren neuesten Aufnahmen, pr\u00e4zises Design f\u00fcr den Druck oder Bearbeitung \u00fcber mehrere Monitore hinweg: Mit einem einfachen Software-Upgrade verwandeln Sie Ihren Spyder in ein Profi-Tool \u2013 ganz ohne neue Hardware.  <\/p>\t\t\t\t\t\t\t\t<\/div>\n\t\t\t\t<\/div>\n\t\t\t\t<div class=\"elementor-element elementor-element-de36f7e elementor-widget elementor-widget-heading\" data-id=\"de36f7e\" data-element_type=\"widget\" data-widget_type=\"heading.default\">\n\t\t\t\t<div class=\"elementor-widget-container\">\n\t\t\t\t\t<h2 class=\"elementor-heading-title elementor-size-default\">Zwei Upgrade-M\u00f6glichkeiten. Ein Ziel: Pr\u00e4zision, der Sie vertrauen k\u00f6nnen. <\/h2>\t\t\t\t<\/div>\n\t\t\t\t<\/div>\n\t\t<div class=\"elementor-element elementor-element-39c0566 e-grid e-con-full e-con e-child\" data-id=\"39c0566\" data-element_type=\"container\">\n\t\t\t\t<div class=\"elementor-element elementor-element-9eeacd2 elementor-widget elementor-widget-text-editor\" data-id=\"9eeacd2\" data-element_type=\"widget\" data-widget_type=\"text-editor.default\">\n\t\t\t\t<div class=\"elementor-widget-container\">\n\t\t\t\t\t\t\t\t\t<p><strong>Spyder Upgrade<\/strong><br>Die smarte L\u00f6sung f\u00fcr mehr Kontrolle.<\/p>\t\t\t\t\t\t\t\t<\/div>\n\t\t\t\t<\/div>\n\t\t\t\t<div class=\"elementor-element elementor-element-4cf9f72 elementor-widget elementor-widget-text-editor\" data-id=\"4cf9f72\" data-element_type=\"widget\" data-widget_type=\"text-editor.default\">\n\t\t\t\t<div class=\"elementor-widget-container\">\n\t\t\t\t\t\t\t\t\t<p><strong>SpyderPro Upgrade<\/strong><br>Studioqualit\u00e4t f\u00fcr h\u00f6chste Anspr\u00fcche.<\/p>\t\t\t\t\t\t\t\t<\/div>\n\t\t\t\t<\/div>\n\t\t\t\t<\/div>\n\t\t\t\t<div class=\"elementor-element elementor-element-f5c8a97 elementor-widget elementor-widget-text-editor\" data-id=\"f5c8a97\" data-element_type=\"widget\" data-widget_type=\"text-editor.default\">\n\t\t\t\t<div class=\"elementor-widget-container\">\n\t\t\t\t\t\t\t\t\tWarum sich mit \u201egut genug\u201c zufriedengeben, wenn Sie \u00fcberall echte Farben erleben k\u00f6nnen?\t\t\t\t\t\t\t\t<\/div>\n\t\t\t\t<\/div>\n\t\t\t\t\t<\/div>\n\t\t\t\t<\/div>\n\t\t<div class=\"elementor-element elementor-element-a2e02b6 e-grid e-con-boxed e-con e-parent\" data-id=\"a2e02b6\" data-element_type=\"container\">\n\t\t\t\t\t<div class=\"e-con-inner\">\n\t\t<div class=\"elementor-element elementor-element-ccab6ae e-con-full e-flex e-con e-child\" data-id=\"ccab6ae\" data-element_type=\"container\">\n\t\t<div class=\"elementor-element elementor-element-d095eb8 e-grid e-con-full e-con e-child\" data-id=\"d095eb8\" data-element_type=\"container\">\n\t\t\t\t<div class=\"elementor-element elementor-element-6eb8c4c elementor-widget elementor-widget-image\" data-id=\"6eb8c4c\" data-element_type=\"widget\" data-widget_type=\"image.default\">\n\t\t\t\t<div class=\"elementor-widget-container\">\n\t\t\t\t\t\t\t\t\t\t\t\t\t\t\t<img decoding=\"async\" width=\"400\" height=\"300\" src=\"https:\/\/www.datacolor.com\/spyder\/wp-content\/uploads\/2025\/09\/Software-UpGrade_Spyder-with-Stamp.png\" class=\"attachment-large size-large wp-image-59564\" alt=\"\" srcset=\"https:\/\/www.datacolor.com\/spyder\/wp-content\/uploads\/2025\/09\/Software-UpGrade_Spyder-with-Stamp.png 400w, https:\/\/www.datacolor.com\/spyder\/wp-content\/uploads\/2025\/09\/Software-UpGrade_Spyder-with-Stamp-300x225.png 300w\" sizes=\"(max-width: 400px) 100vw, 400px\" \/>\t\t\t\t\t\t\t\t\t\t\t\t\t\t\t<\/div>\n\t\t\t\t<\/div>\n\t\t\t\t<div class=\"elementor-element elementor-element-356366f feature-headlines elementor-widget elementor-widget-text-editor\" data-id=\"356366f\" data-element_type=\"widget\" data-widget_type=\"text-editor.default\">\n\t\t\t\t<div class=\"elementor-widget-container\">\n\t\t\t\t\t\t\t\t\t<h3 style=\"color: #000000;\">Spyder Software Upgrade \u2013 Farbkontrolle, die den Unterschied ausmacht<\/h3>\t\t\t\t\t\t\t\t<\/div>\n\t\t\t\t<\/div>\n\t\t\t\t<div class=\"elementor-element elementor-element-442b493 elementor-widget elementor-widget-text-editor\" data-id=\"442b493\" data-element_type=\"widget\" data-widget_type=\"text-editor.default\">\n\t\t\t\t<div class=\"elementor-widget-container\">\n\t\t\t\t\t\t\t\t\tPerfekt f\u00fcr Fotografen, Designer und Content-Creator, die ihre Arbeit mit mehr Genauigkeit und Flexibilit\u00e4t pr\u00e4sentieren m\u00f6chten \u2013 ohne zus\u00e4tzliche Hardware.\t\t\t\t\t\t\t\t<\/div>\n\t\t\t\t<\/div>\n\t\t\t\t<div class=\"elementor-element elementor-element-2ca0ff2 elementor-widget elementor-widget-text-editor\" data-id=\"2ca0ff2\" data-element_type=\"widget\" data-widget_type=\"text-editor.default\">\n\t\t\t\t<div class=\"elementor-widget-container\">\n\t\t\t\t\t\t\t\t\t<p><strong>Das schalten Sie frei:<\/strong><\/p><ul class=\"checklist\"><li><strong>Display-Kalibrierung f\u00fcr hohe Helligkeit<\/strong> &#8211; Unterst\u00fctzt bis zu <strong>3.000 Nits<\/strong>.<\/li><li><strong>Unterst\u00fctzung f\u00fcr moderne Bildschirme<\/strong> &#8211; Kalibrieren Sie Wide-Gamut-LEDs, GB-LEDs, Apple Retina XDR, OLED\/QD-OLED und Mini-LED-Bildschirme.<\/li><li><strong>DevicePreview\u2122<\/strong> &#8211; Sehen Sie, wie Ihre Arbeit auf Smartphones und Tablets wirkt.<\/li><li><strong>Softproofing Tools<\/strong> &#8211; Vorschau f\u00fcr Prints und verschiedene Endger\u00e4te.<\/li><li><strong>SpyderProof\u2122<\/strong> &#8211; Vollbild-Vergleich vor\/nach der Kalibrierung<\/li><li><strong>Raum- und Umgebungslichtanpassung<\/strong> &#8211; Erstellen Sie mehrere Profile f\u00fcr verschiedene Lichtumgebungen.<\/li><li><strong>Standardkorrekturen<\/strong> \u2013 Gamma, Wei\u00dfpunkt und Helligkeit.<\/li><\/ul>\t\t\t\t\t\t\t\t<\/div>\n\t\t\t\t<\/div>\n\t\t\t\t<div class=\"elementor-element elementor-element-d238db0 elementor-widget elementor-widget-text-editor\" data-id=\"d238db0\" data-element_type=\"widget\" data-widget_type=\"text-editor.default\">\n\t\t\t\t<div class=\"elementor-widget-container\">\n\t\t\t\t\t\t\t\t\t<p><strong>Am besten geeignet f\u00fcr:<\/strong><br>Fotografen und Kreative, die zuverl\u00e4ssige Farben auf modernen Displays ben\u00f6tigen.<\/p>\t\t\t\t\t\t\t\t<\/div>\n\t\t\t\t<\/div>\n\t\t\t\t<\/div>\n\t\t\t\t<\/div>\n\t\t<div class=\"elementor-element elementor-element-81ce760 e-con-full e-flex e-con e-child\" data-id=\"81ce760\" data-element_type=\"container\">\n\t\t<div class=\"elementor-element elementor-element-55b5dbd e-grid e-con-full e-con e-child\" data-id=\"55b5dbd\" data-element_type=\"container\">\n\t\t\t\t<div class=\"elementor-element elementor-element-cd5484f elementor-widget elementor-widget-image\" data-id=\"cd5484f\" data-element_type=\"widget\" data-widget_type=\"image.default\">\n\t\t\t\t<div class=\"elementor-widget-container\">\n\t\t\t\t\t\t\t\t\t\t\t\t\t\t\t<img decoding=\"async\" width=\"400\" height=\"300\" src=\"https:\/\/www.datacolor.com\/spyder\/wp-content\/uploads\/2025\/09\/Software-UpGrade_SpyderPro-with-Stamp.png\" class=\"attachment-large size-large wp-image-59574\" alt=\"\" srcset=\"https:\/\/www.datacolor.com\/spyder\/wp-content\/uploads\/2025\/09\/Software-UpGrade_SpyderPro-with-Stamp.png 400w, https:\/\/www.datacolor.com\/spyder\/wp-content\/uploads\/2025\/09\/Software-UpGrade_SpyderPro-with-Stamp-300x225.png 300w\" sizes=\"(max-width: 400px) 100vw, 400px\" \/>\t\t\t\t\t\t\t\t\t\t\t\t\t\t\t<\/div>\n\t\t\t\t<\/div>\n\t\t\t\t<div class=\"elementor-element elementor-element-878bea8 feature-headlines elementor-widget elementor-widget-text-editor\" data-id=\"878bea8\" data-element_type=\"widget\" data-widget_type=\"text-editor.default\">\n\t\t\t\t<div class=\"elementor-widget-container\">\n\t\t\t\t\t\t\t\t\t<h3 style=\"color: #000000;\">SpyderPro Software Upgrade \u2013 Maximale Power f\u00fcr visuelle Profis<\/h3>\t\t\t\t\t\t\t\t<\/div>\n\t\t\t\t<\/div>\n\t\t\t\t<div class=\"elementor-element elementor-element-f2a4c22 elementor-widget elementor-widget-text-editor\" data-id=\"f2a4c22\" data-element_type=\"widget\" data-widget_type=\"text-editor.default\">\n\t\t\t\t<div class=\"elementor-widget-container\">\n\t\t\t\t\t\t\t\t\tEntwickelt f\u00fcr Fotografen, Videocutter und Filmemacher, die absolute Pr\u00e4zision und Konsistenz \u00fcber mehrere Ger\u00e4te hinweg erwarten.\t\t\t\t\t\t\t\t<\/div>\n\t\t\t\t<\/div>\n\t\t\t\t<div class=\"elementor-element elementor-element-716df40 elementor-widget elementor-widget-text-editor\" data-id=\"716df40\" data-element_type=\"widget\" data-widget_type=\"text-editor.default\">\n\t\t\t\t<div class=\"elementor-widget-container\">\n\t\t\t\t\t\t\t\t\t<p><strong>Das schalten Sie frei:<\/strong><\/p><ul class=\"checklist\"><li><strong>Ultrahelle Display-Kalibrierung<\/strong> &#8211; Unterst\u00fctzt bis zu <strong>12.000 nits<\/strong>.<\/li><li><strong>Unterst\u00fctzung f\u00fcr moderne Bildschirme<\/strong> &#8211; Kalibrieren Sie Wide-Gamut-LEDs, GB-LEDs, Apple Retina XDR, OLED\/QD-OLED und Mini-LED-Bildschirme.<\/li><li><strong>Device Preview\u2122 Plus<\/strong> &#8211; Simulieren Sie Inhalte auf verschiedenen Ger\u00e4ten und drucken Sie mit Hilfe von Side-by-Side-Vergleichen, Pixel-Sampling, Stapelkonvertierung und Bildbearbeitungswerkzeugen mit erweiterten Exportfunktionen.<\/li><li><strong>3D LUT (.cube) Export<\/strong> &#8211; Liefert pr\u00e4zise Kalibrierung f\u00fcr kompatible Videomonitore, ideal f\u00fcr professionelle Video- und Kino-Workflows, zu einem un\u00fcbertroffenen Preispunkt.<\/li><li><strong>Integration von Beleuchtungsmessger\u00e4ten<\/strong> &#8211; Synchronisieren Sie sich mit dem LightColor Meter von Datacolor und anderen lux-f\u00e4higen Ger\u00e4ten, um die Kalibrierung an die Umgebungsbeleuchtung anzupassen und eine gleichbleibende Genauigkeit in jeder Umgebung zu gew\u00e4hrleisten.<\/li><li><strong>Content Credentialing (C2PA)<\/strong> &#8211; Integrieren Sie Urheberschaft, Bearbeitungshistorie und Herkunft in digitale Dateien, um die kreative Integrit\u00e4t zu sch\u00fctzen und Vertrauen in einer KI-gesteuerten Welt aufzubauen.<\/li><li><strong>Unterst\u00fctzung von Video Targets<\/strong> &#8211; Enth\u00e4lt Rec709, Rec2020, DCI-P3 (Theatrical), DCI-P3 (D60), DCI-P3 (D65), NTSC, PAL, SECAM.<\/li><li><strong>SpyderProof\u2122<\/strong> &#8211; Vollbild-Vergleich vor\/nach der Kalibrierung<\/li><li><strong>Advanced Features Suite<\/strong> \u2013 Erweiterte Einstellungen &amp; Analysetools f\u00fcr volle Kontrolle.<\/li><li><strong>Raum- und Umgebungslichtanpassung<\/strong> &#8211; Erstellen Sie mehrere Profile f\u00fcr verschiedene Lichtumgebungen.<\/li><li><strong>Projektor-Kalibrierung<\/strong> \u2013 F\u00fcr akkurate Farben bei Pr\u00e4sentationen und Projektionen.<\/li><li><strong>StudioMatch\u2122<\/strong> \u2013 Monitore unterschiedlicher Marken Seite an Seite angleichen.<\/li><li><strong>SpyderTune\u2122<\/strong> \u2013 Feinabstimmung f\u00fcr den exakten Look, den Sie w\u00fcnschen.<\/li><\/ul>\t\t\t\t\t\t\t\t<\/div>\n\t\t\t\t<\/div>\n\t\t\t\t<div class=\"elementor-element elementor-element-2922331 elementor-widget elementor-widget-text-editor\" data-id=\"2922331\" data-element_type=\"widget\" data-widget_type=\"text-editor.default\">\n\t\t\t\t<div class=\"elementor-widget-container\">\n\t\t\t\t\t\t\t\t\t<p><strong>Am besten geeignet f\u00fcr:<\/strong><br>Studios, Filmemacher und visuelle Profis, die auf mehreren Screens und Formaten mit pixelgenauer Pr\u00e4zision arbeiten.<\/p>\t\t\t\t\t\t\t\t<\/div>\n\t\t\t\t<\/div>\n\t\t\t\t<\/div>\n\t\t\t\t<\/div>\n\t\t\t\t\t<\/div>\n\t\t\t\t<\/div>\n\t\t<div class=\"elementor-element elementor-element-843d2e1 e-flex e-con-boxed e-con e-parent\" data-id=\"843d2e1\" data-element_type=\"container\" id=\"serial\">\n\t\t\t\t\t<div class=\"e-con-inner\">\n\t\t\t\t<div class=\"elementor-element elementor-element-3560c02 elementor-widget elementor-widget-heading\" data-id=\"3560c02\" data-element_type=\"widget\" data-widget_type=\"heading.default\">\n\t\t\t\t<div class=\"elementor-widget-container\">\n\t\t\t\t\t<h3 class=\"elementor-heading-title elementor-size-default\">Keine neue Hardware. Nur smartere Tools, mehr Kontrolle \u2013 und Farbe, der Sie vertrauen k\u00f6nnen. <\/h3>\t\t\t\t<\/div>\n\t\t\t\t<\/div>\n\t\t\t\t<div class=\"elementor-element elementor-element-c0cc9af elementor-widget elementor-widget-text-editor\" data-id=\"c0cc9af\" data-element_type=\"widget\" data-widget_type=\"text-editor.default\">\n\t\t\t\t<div class=\"elementor-widget-container\">\n\t\t\t\t\t\t\t\t\t<p><strong>Geben Sie Ihren Spyder-Lizenzcode aus Ihrer installierten Software ein, um die Optionen zu vergleichen<\/strong><\/p>\t\t\t\t\t\t\t\t<\/div>\n\t\t\t\t<\/div>\n\t\t\t\t<div class=\"elementor-element elementor-element-3d786a8 elementor-widget elementor-widget-html\" data-id=\"3d786a8\" data-element_type=\"widget\" data-widget_type=\"html.default\">\n\t\t\t\t<div class=\"elementor-widget-container\">\n\t\t\t\t\t<div style=\"text-align: center;\"><form action=\"https:\/\/activation.datacolor.com\/upgradeV2\/de\/\" method=\"POST\" id=\"licenseform\">\n<input class=\"licensecode\" name=\"code\" type=\"text\" placeholder=\"XXXX-XXXX-XXXX-XXXX\">\n<input id=\"licsensesubmit\" class=\"licsensesubmit\" type=\"submit\" value=\"Senden\"><\/form>\n<\/div>\n\t\t\t\t<\/div>\n\t\t\t\t<\/div>\n\t\t\t\t<div class=\"elementor-element elementor-element-dcb4e1e elementor-widget elementor-widget-text-editor\" data-id=\"dcb4e1e\" data-element_type=\"widget\" data-widget_type=\"text-editor.default\">\n\t\t\t\t<div class=\"elementor-widget-container\">\n\t\t\t\t\t\t\t\t\t<em>Hinweis: F\u00fcr Spyder 5 oder \u00e4ltere Modelle ist ein Hardware-Upgrade erforderlich.<\/em>\t\t\t\t\t\t\t\t<\/div>\n\t\t\t\t<\/div>\n\t\t<div class=\"elementor-element elementor-element-1e1d736 e-grid e-con-full e-con e-child\" data-id=\"1e1d736\" data-element_type=\"container\">\n\t\t<div class=\"elementor-element elementor-element-58904b7 e-con-full e-flex e-con e-child\" data-id=\"58904b7\" data-element_type=\"container\" data-settings=\"{&quot;background_background&quot;:&quot;classic&quot;}\">\n\t\t\t\t<div class=\"elementor-element elementor-element-a160272 elementor-widget elementor-widget-text-editor\" data-id=\"a160272\" data-element_type=\"widget\" data-widget_type=\"text-editor.default\">\n\t\t\t\t<div class=\"elementor-widget-container\">\n\t\t\t\t\t\t\t\t\t<p><strong>Brauchen Sie Hilfe bei der Suche nach Ihrem Lizenzcode unter Windows?<\/strong><\/p><ul><li>Klicken Sie auf den <strong>Hilfe<\/strong>-Tab (oben links).<\/li><li>W\u00e4hlen Sie <strong>\u00dcber Spyder<\/strong>.<\/li><li>Unten links finden Sie Ihren <strong>Lizenzcode<\/strong>.<\/li><\/ul>\t\t\t\t\t\t\t\t<\/div>\n\t\t\t\t<\/div>\n\t\t\t\t<div class=\"elementor-element elementor-element-fa2fc67 elementor-widget elementor-widget-text-editor\" data-id=\"fa2fc67\" data-element_type=\"widget\" data-widget_type=\"text-editor.default\">\n\t\t\t\t<div class=\"elementor-widget-container\">\n\t\t\t\t\t\t\t\t\t<em>(Klicken Sie auf das Bild rechts, um eine gr\u00f6\u00dfere Ansicht zu erhalten).<\/em>\t\t\t\t\t\t\t\t<\/div>\n\t\t\t\t<\/div>\n\t\t\t\t<\/div>\n\t\t\t\t<div class=\"elementor-element elementor-element-82a172d elementor-widget elementor-widget-image\" data-id=\"82a172d\" data-element_type=\"widget\" data-widget_type=\"image.default\">\n\t\t\t\t<div class=\"elementor-widget-container\">\n\t\t\t\t\t\t\t\t\t\t\t\t\t\t\t\t<a href=\"https:\/\/www.datacolor.com\/spyder\/wp-content\/uploads\/2025\/08\/Find-License-code-All-togetherV2.jpg\" data-elementor-open-lightbox=\"yes\" data-elementor-lightbox-title=\"Find-License-code-Alles-zusammenV2\" data-e-action-hash=\"#elementor-action%3Aaction%3Dlightbox%26settings%3DeyJpZCI6NTg3MTMsInVybCI6Imh0dHBzOlwvXC93d3cuZGF0YWNvbG9yLmNvbVwvc3B5ZGVyXC93cC1jb250ZW50XC91cGxvYWRzXC8yMDI1XC8wOFwvRmluZC1MaWNlbnNlLWNvZGUtQWxsLXRvZ2V0aGVyVjIuanBnIn0%3D\">\n\t\t\t\t\t\t\t<img loading=\"lazy\" decoding=\"async\" width=\"1024\" height=\"651\" src=\"https:\/\/www.datacolor.com\/spyder\/wp-content\/uploads\/2025\/08\/Find-License-code-All-togetherV2-1024x651.jpg\" class=\"attachment-large size-large wp-image-58713\" alt=\"\" srcset=\"https:\/\/www.datacolor.com\/spyder\/wp-content\/uploads\/2025\/08\/Find-License-code-All-togetherV2-1024x651.jpg 1024w, https:\/\/www.datacolor.com\/spyder\/wp-content\/uploads\/2025\/08\/Find-License-code-All-togetherV2-300x191.jpg 300w, https:\/\/www.datacolor.com\/spyder\/wp-content\/uploads\/2025\/08\/Find-License-code-All-togetherV2-768x488.jpg 768w, https:\/\/www.datacolor.com\/spyder\/wp-content\/uploads\/2025\/08\/Find-License-code-All-togetherV2-1536x977.jpg 1536w, https:\/\/www.datacolor.com\/spyder\/wp-content\/uploads\/2025\/08\/Find-License-code-All-togetherV2.jpg 1900w\" sizes=\"(max-width: 1024px) 100vw, 1024px\" \/>\t\t\t\t\t\t\t\t<\/a>\n\t\t\t\t\t\t\t\t\t\t\t\t\t\t\t<\/div>\n\t\t\t\t<\/div>\n\t\t\t\t<\/div>\n\t\t<div class=\"elementor-element elementor-element-e40c2b3 e-grid e-con-full e-con e-child\" data-id=\"e40c2b3\" data-element_type=\"container\">\n\t\t<div class=\"elementor-element elementor-element-9aa9b78 e-con-full e-flex e-con e-child\" data-id=\"9aa9b78\" data-element_type=\"container\" data-settings=\"{&quot;background_background&quot;:&quot;classic&quot;}\">\n\t\t\t\t<div class=\"elementor-element elementor-element-183af6c elementor-widget elementor-widget-text-editor\" data-id=\"183af6c\" data-element_type=\"widget\" data-widget_type=\"text-editor.default\">\n\t\t\t\t<div class=\"elementor-widget-container\">\n\t\t\t\t\t\t\t\t\t<p><strong>Brauchen Sie Hilfe bei der Suche nach Ihrem Lizenzcode unter macOS?<\/strong><\/p><ul><li>Klicken Sie auf <strong>Spyder<\/strong> (oben links)<\/li><li>W\u00e4hlen Sie <strong>\u00dcber Spyder<\/strong>.<\/li><li>Unten links finden Sie Ihren <strong>Lizenzcode<\/strong>.<\/li><\/ul>\t\t\t\t\t\t\t\t<\/div>\n\t\t\t\t<\/div>\n\t\t\t\t<div class=\"elementor-element elementor-element-993cb5f elementor-widget elementor-widget-text-editor\" data-id=\"993cb5f\" data-element_type=\"widget\" data-widget_type=\"text-editor.default\">\n\t\t\t\t<div class=\"elementor-widget-container\">\n\t\t\t\t\t\t\t\t\t<em>(Klicken Sie auf das Bild rechts, um eine gr\u00f6\u00dfere Ansicht zu erhalten).<\/em>\t\t\t\t\t\t\t\t<\/div>\n\t\t\t\t<\/div>\n\t\t\t\t<\/div>\n\t\t\t\t<div class=\"elementor-element elementor-element-f8a66ef elementor-widget elementor-widget-image\" data-id=\"f8a66ef\" data-element_type=\"widget\" data-widget_type=\"image.default\">\n\t\t\t\t<div class=\"elementor-widget-container\">\n\t\t\t\t\t\t\t\t\t\t\t\t\t\t\t\t<a href=\"https:\/\/www.datacolor.com\/spyder\/wp-content\/uploads\/2025\/10\/Find-License-code-All-together-macOS.jpg\" data-elementor-open-lightbox=\"yes\" data-elementor-lightbox-title=\"Find-License-code-All-together-macOS\" data-e-action-hash=\"#elementor-action%3Aaction%3Dlightbox%26settings%3DeyJpZCI6NjE3OTUsInVybCI6Imh0dHBzOlwvXC93d3cuZGF0YWNvbG9yLmNvbVwvc3B5ZGVyXC93cC1jb250ZW50XC91cGxvYWRzXC8yMDI1XC8xMFwvRmluZC1MaWNlbnNlLWNvZGUtQWxsLXRvZ2V0aGVyLW1hY09TLmpwZyJ9\">\n\t\t\t\t\t\t\t<img loading=\"lazy\" decoding=\"async\" width=\"1024\" height=\"676\" src=\"https:\/\/www.datacolor.com\/spyder\/wp-content\/uploads\/2025\/10\/Find-License-code-All-together-macOS-1024x676.jpg\" class=\"attachment-large size-large wp-image-61795\" alt=\"\" srcset=\"https:\/\/www.datacolor.com\/spyder\/wp-content\/uploads\/2025\/10\/Find-License-code-All-together-macOS-1024x676.jpg 1024w, https:\/\/www.datacolor.com\/spyder\/wp-content\/uploads\/2025\/10\/Find-License-code-All-together-macOS-300x198.jpg 300w, https:\/\/www.datacolor.com\/spyder\/wp-content\/uploads\/2025\/10\/Find-License-code-All-together-macOS-768x507.jpg 768w, https:\/\/www.datacolor.com\/spyder\/wp-content\/uploads\/2025\/10\/Find-License-code-All-together-macOS-1536x1014.jpg 1536w, https:\/\/www.datacolor.com\/spyder\/wp-content\/uploads\/2025\/10\/Find-License-code-All-together-macOS.jpg 1900w\" sizes=\"(max-width: 1024px) 100vw, 1024px\" \/>\t\t\t\t\t\t\t\t<\/a>\n\t\t\t\t\t\t\t\t\t\t\t\t\t\t\t<\/div>\n\t\t\t\t<\/div>\n\t\t\t\t<\/div>\n\t\t\t\t<div class=\"elementor-element elementor-element-61be27b elementor-widget elementor-widget-text-editor\" data-id=\"61be27b\" data-element_type=\"widget\" data-widget_type=\"text-editor.default\">\n\t\t\t\t<div class=\"elementor-widget-container\">\n\t\t\t\t\t\t\t\t\t<p><strong>Brauchen Sie noch Hilfe? Unser <a href=\"https:\/\/spyder-support.datacolor.com\/hc\/de\/requests\/new\"><u>Support-Team<\/u><\/a> ist Ihnen gerne behilflich. <\/strong><\/p>\t\t\t\t\t\t\t\t<\/div>\n\t\t\t\t<\/div>\n\t\t\t\t\t<\/div>\n\t\t\t\t<\/div>\n\t\t<div class=\"elementor-element elementor-element-e9af872 e-flex e-con-boxed e-con e-parent\" data-id=\"e9af872\" data-element_type=\"container\">\n\t\t\t\t\t<div class=\"e-con-inner\">\n\t\t\t\t<div class=\"elementor-element elementor-element-485af10 elementor-widget elementor-widget-html\" data-id=\"485af10\" data-element_type=\"widget\" data-widget_type=\"html.default\">\n\t\t\t\t<div class=\"elementor-widget-container\">\n\t\t\t\t\t<script>jQuery(document).ready(function() {\n    jQuery('.product-description-txt').matchHeight({ byRow : true });\n    jQuery('.feature-headlines').matchHeight({ byRow : true });\n     });\n\n<\/script>\t\t\t\t<\/div>\n\t\t\t\t<\/div>\n\t\t\t\t\t<\/div>\n\t\t\t\t<\/div>\n\t\t<div class=\"elementor-element elementor-element-dcc455f e-grid e-con-boxed e-con e-parent\" data-id=\"dcc455f\" data-element_type=\"container\">\n\t\t\t\t\t<div class=\"e-con-inner\">\n\t\t\t\t<div class=\"elementor-element elementor-element-88b64a4 elementor-widget elementor-widget-spacer\" data-id=\"88b64a4\" data-element_type=\"widget\" data-widget_type=\"spacer.default\">\n\t\t\t\t<div class=\"elementor-widget-container\">\n\t\t\t\t\t\t\t<div class=\"elementor-spacer\">\n\t\t\t<div class=\"elementor-spacer-inner\"><\/div>\n\t\t<\/div>\n\t\t\t\t\t\t<\/div>\n\t\t\t\t<\/div>\n\t\t\t\t\t<\/div>\n\t\t\t\t<\/div>\n\t\t\t\t<\/div>\n\t\t","protected":false},"excerpt":{"rendered":"<p>G\u00f6nnen Sie Ihrem Spyder ein Upgrade Sie besitzen bereits einen Spyder? Dann ist jetzt der richtige Moment, sein volles Potenzial freizuschalten. Die Hardware haben Sie \u2013 jetzt bringen Sie Ihre Kreativit\u00e4t auf das n\u00e4chste Level.Ob Farbkorrektur bei Ihren neuesten Aufnahmen, pr\u00e4zises Design f\u00fcr den Druck oder Bearbeitung \u00fcber mehrere Monitore hinweg: Mit einem einfachen Software-Upgrade &hellip;<\/p>\n","protected":false},"author":2,"featured_media":0,"parent":0,"menu_order":0,"comment_status":"closed","ping_status":"closed","template":"","meta":{"_acf_changed":false,"footnotes":""},"class_list":["post-59532","page","type-page","status-publish","hentry"],"acf":[],"_links":{"self":[{"href":"https:\/\/www.datacolor.com\/spyder\/de\/wp-json\/wp\/v2\/pages\/59532","targetHints":{"allow":["GET"]}}],"collection":[{"href":"https:\/\/www.datacolor.com\/spyder\/de\/wp-json\/wp\/v2\/pages"}],"about":[{"href":"https:\/\/www.datacolor.com\/spyder\/de\/wp-json\/wp\/v2\/types\/page"}],"author":[{"embeddable":true,"href":"https:\/\/www.datacolor.com\/spyder\/de\/wp-json\/wp\/v2\/users\/2"}],"replies":[{"embeddable":true,"href":"https:\/\/www.datacolor.com\/spyder\/de\/wp-json\/wp\/v2\/comments?post=59532"}],"version-history":[{"count":0,"href":"https:\/\/www.datacolor.com\/spyder\/de\/wp-json\/wp\/v2\/pages\/59532\/revisions"}],"wp:attachment":[{"href":"https:\/\/www.datacolor.com\/spyder\/de\/wp-json\/wp\/v2\/media?parent=59532"}],"curies":[{"name":"wp","href":"https:\/\/api.w.org\/{rel}","templated":true}]}}