{"id":60870,"date":"2025-09-16T13:16:42","date_gmt":"2025-09-16T13:16:42","guid":{"rendered":"https:\/\/dev2024.spyder.datacolor.eu\/spyder\/ueber-kalibrierung\/"},"modified":"2025-11-18T16:41:33","modified_gmt":"2025-11-18T16:41:33","slug":"ueber-kalibrierung","status":"publish","type":"page","link":"https:\/\/www.datacolor.com\/spyder\/de\/ueber-kalibrierung\/","title":{"rendered":"\u00dcber Kalibrierung"},"content":{"rendered":"\t\t<div data-elementor-type=\"wp-page\" data-elementor-id=\"60870\" class=\"elementor elementor-60870 elementor-60553\" data-elementor-post-type=\"page\">\n\t\t\t\t<div class=\"elementor-element elementor-element-96eea76 e-con-full e-flex e-con e-parent\" data-id=\"96eea76\" data-element_type=\"container\">\n\t\t<div class=\"elementor-element elementor-element-8782d9d e-con-full hero-block e-flex e-con e-child\" data-id=\"8782d9d\" data-element_type=\"container\" data-settings=\"{&quot;background_background&quot;:&quot;classic&quot;}\">\n\t\t\t\t<div class=\"elementor-element elementor-element-c85c1df elementor-absolute elementor-widget-mobile__width-inherit elementor-widget elementor-widget-text-editor\" data-id=\"c85c1df\" data-element_type=\"widget\" data-settings=\"{&quot;_position&quot;:&quot;absolute&quot;}\" data-widget_type=\"text-editor.default\">\n\t\t\t\t<div class=\"elementor-widget-container\">\n\t\t\t\t\t\t\t\t\t<p>Hinweis: Die Farbkalibrierung und die Anpassungen werden nur am Monitor vorgenommen. Die Spyder-Tools kalibrieren keine Mobil- oder Tablet-Ger\u00e4te. <\/p>\t\t\t\t\t\t\t\t<\/div>\n\t\t\t\t<\/div>\n\t\t<div class=\"elementor-element elementor-element-ef84803 e-con-full e-flex e-con e-child\" data-id=\"ef84803\" data-element_type=\"container\" data-settings=\"{&quot;position&quot;:&quot;absolute&quot;}\">\n\t\t\t\t<div class=\"elementor-element elementor-element-7dd102e elementor-widget elementor-widget-text-editor\" data-id=\"7dd102e\" data-element_type=\"widget\" data-widget_type=\"text-editor.default\">\n\t\t\t\t<div class=\"elementor-widget-container\">\n\t\t\t\t\t\t\t\t\t<p>Perfekte Farben, klare Vision<\/p>\t\t\t\t\t\t\t\t<\/div>\n\t\t\t\t<\/div>\n\t\t\t\t<div class=\"elementor-element elementor-element-9545da8 elementor-widget elementor-widget-text-editor\" data-id=\"9545da8\" data-element_type=\"widget\" data-widget_type=\"text-editor.default\">\n\t\t\t\t<div class=\"elementor-widget-container\">\n\t\t\t\t\t\t\t\t\t<p>\u2013 warum Monitorkalibrierung f\u00fcr Ihre Kreativit\u00e4t so wichtig ist<\/p>\t\t\t\t\t\t\t\t<\/div>\n\t\t\t\t<\/div>\n\t\t\t\t<\/div>\n\t\t\t\t<\/div>\n\t\t\t\t<\/div>\n\t\t<div class=\"elementor-element elementor-element-382b1d1 e-flex e-con-boxed e-con e-parent\" data-id=\"382b1d1\" data-element_type=\"container\">\n\t\t\t\t\t<div class=\"e-con-inner\">\n\t\t<div class=\"elementor-element elementor-element-f04c934 e-con-full e-flex e-con e-child\" data-id=\"f04c934\" data-element_type=\"container\" data-settings=\"{&quot;background_background&quot;:&quot;classic&quot;}\">\n\t\t<div class=\"elementor-element elementor-element-e92a76c e-grid e-con-full e-con e-child\" data-id=\"e92a76c\" data-element_type=\"container\" data-settings=\"{&quot;background_background&quot;:&quot;classic&quot;}\">\n\t\t<div class=\"elementor-element elementor-element-de99d05 e-grid e-con-full e-con e-child\" data-id=\"de99d05\" data-element_type=\"container\" data-settings=\"{&quot;background_background&quot;:&quot;classic&quot;}\">\n\t\t<div class=\"elementor-element elementor-element-a84ed59 e-grid e-con-full e-con e-child\" data-id=\"a84ed59\" data-element_type=\"container\">\n\t\t\t\t<div class=\"elementor-element elementor-element-e99cecf elementor-widget elementor-widget-heading\" data-id=\"e99cecf\" data-element_type=\"widget\" data-widget_type=\"heading.default\">\n\t\t\t\t<div class=\"elementor-widget-container\">\n\t\t\t\t\t<h2 class=\"elementor-heading-title elementor-size-default\">Ihre Vision verdient Pr\u00e4zision \u2013 Optimieren Sie Ihr Display mit Spyder<\/h2>\t\t\t\t<\/div>\n\t\t\t\t<\/div>\n\t\t\t\t<div class=\"elementor-element elementor-element-36428da elementor-widget elementor-widget-text-editor\" data-id=\"36428da\" data-element_type=\"widget\" data-widget_type=\"text-editor.default\">\n\t\t\t\t<div class=\"elementor-widget-container\">\n\t\t\t\t\t\t\t\t\tJedes Bild, jedes Detail, jeder Farbton \u2013 Ihre Arbeit steckt voller Leidenschaft. Doch ohne einen kalibrierten Monitor sieht Ihr Publikum nicht das, was Sie wirklich geschaffen haben. Farben verschieben sich, Schatten verschwinden, Hautt\u00f6ne wirken k\u00fcnstlich \u2013 und Ihre kreative Vision geht verloren.     \t\t\t\t\t\t\t\t<\/div>\n\t\t\t\t<\/div>\n\t\t\t\t<\/div>\n\t\t\t\t<\/div>\n\t\t\t\t<\/div>\n\t\t\t\t<\/div>\n\t\t<div class=\"elementor-element elementor-element-d0e6b0c e-con-full e-flex e-con e-child\" data-id=\"d0e6b0c\" data-element_type=\"container\" data-settings=\"{&quot;background_background&quot;:&quot;classic&quot;}\">\n\t\t<div class=\"elementor-element elementor-element-9881c33 e-grid e-con-full e-con e-child\" data-id=\"9881c33\" data-element_type=\"container\" data-settings=\"{&quot;background_background&quot;:&quot;classic&quot;}\">\n\t\t<div class=\"elementor-element elementor-element-12186ab e-grid e-con-full e-con e-child\" data-id=\"12186ab\" data-element_type=\"container\" data-settings=\"{&quot;background_background&quot;:&quot;classic&quot;}\">\n\t\t<div class=\"elementor-element elementor-element-e2083cd e-grid e-con-full e-con e-child\" data-id=\"e2083cd\" data-element_type=\"container\">\n\t\t\t\t<div class=\"elementor-element elementor-element-9e6d1cc elementor-widget elementor-widget-text-editor\" data-id=\"9e6d1cc\" data-element_type=\"widget\" data-widget_type=\"text-editor.default\">\n\t\t\t\t<div class=\"elementor-widget-container\">\n\t\t\t\t\t\t\t\t\t<p>Selbst werkseitig kalibrierte Displays k\u00f6nnen \u00fcbers\u00e4ttigt sein oder nicht zu Ihrem Workflow passen. Deshalb ist <g id=\"gid_0\">Kalibrierung keine Option \u2013 sondern eine Notwendigkeit<\/g>. Ob beim Filmschnitt, der Portraitretusche oder Content Creation f\u00fcr Millionen Menschen: Ein kalibrierter Monitor ist das unsichtbare Werkzeug, das Ihre sichtbare Arbeit zum Strahlen bringt.  <\/p>\t\t\t\t\t\t\t\t<\/div>\n\t\t\t\t<\/div>\n\t\t\t\t<div class=\"elementor-element elementor-element-d82299f elementor-align-center elementor-widget elementor-widget-button\" data-id=\"d82299f\" data-element_type=\"widget\" data-widget_type=\"button.default\">\n\t\t\t\t<div class=\"elementor-widget-container\">\n\t\t\t\t\t\t\t\t\t<div class=\"elementor-button-wrapper\">\n\t\t\t\t\t<a class=\"elementor-button elementor-button-link elementor-size-sm\" href=\"https:\/\/www.datacolor.com\/spyder\/de\/warum-kalibrierung\/\" id=\"shop_spyderpro\">\n\t\t\t\t\t\t<span class=\"elementor-button-content-wrapper\">\n\t\t\t\t\t\t\t\t\t<span class=\"elementor-button-text\">Warum kalibrieren?<\/span>\n\t\t\t\t\t<\/span>\n\t\t\t\t\t<\/a>\n\t\t\t\t<\/div>\n\t\t\t\t\t\t\t\t<\/div>\n\t\t\t\t<\/div>\n\t\t\t\t<\/div>\n\t\t\t\t<\/div>\n\t\t<div class=\"elementor-element elementor-element-2e8bd45 e-grid e-con-full e-con e-child\" data-id=\"2e8bd45\" data-element_type=\"container\" data-settings=\"{&quot;background_background&quot;:&quot;classic&quot;}\">\n\t\t\t\t<div class=\"elementor-element elementor-element-b5d0d45 elementor-widget elementor-widget-image\" data-id=\"b5d0d45\" data-element_type=\"widget\" data-widget_type=\"image.default\">\n\t\t\t\t<div class=\"elementor-widget-container\">\n\t\t\t\t\t\t\t\t\t\t\t\t\t\t\t<img fetchpriority=\"high\" decoding=\"async\" width=\"1200\" height=\"850\" src=\"https:\/\/www.datacolor.com\/spyder\/wp-content\/uploads\/2025\/09\/Different-Monitors-shutterstock_149396780.jpg\" class=\"attachment-full size-full wp-image-60558\" alt=\"\" srcset=\"https:\/\/www.datacolor.com\/spyder\/wp-content\/uploads\/2025\/09\/Different-Monitors-shutterstock_149396780.jpg 1200w, https:\/\/www.datacolor.com\/spyder\/wp-content\/uploads\/2025\/09\/Different-Monitors-shutterstock_149396780-300x213.jpg 300w, https:\/\/www.datacolor.com\/spyder\/wp-content\/uploads\/2025\/09\/Different-Monitors-shutterstock_149396780-1024x725.jpg 1024w, https:\/\/www.datacolor.com\/spyder\/wp-content\/uploads\/2025\/09\/Different-Monitors-shutterstock_149396780-768x544.jpg 768w\" sizes=\"(max-width: 1200px) 100vw, 1200px\" \/>\t\t\t\t\t\t\t\t\t\t\t\t\t\t\t<\/div>\n\t\t\t\t<\/div>\n\t\t\t\t<\/div>\n\t\t\t\t<\/div>\n\t\t\t\t<\/div>\n\t\t\t\t\t<\/div>\n\t\t\t\t<\/div>\n\t\t<div class=\"elementor-element elementor-element-da6827d e-flex e-con-boxed e-con e-parent\" data-id=\"da6827d\" data-element_type=\"container\">\n\t\t\t\t\t<div class=\"e-con-inner\">\n\t\t<div class=\"elementor-element elementor-element-8d7b404 e-con-full e-flex e-con e-child\" data-id=\"8d7b404\" data-element_type=\"container\">\n\t\t\t\t<div class=\"elementor-element elementor-element-6ec12d5 elementor-widget elementor-widget-heading\" data-id=\"6ec12d5\" data-element_type=\"widget\" data-widget_type=\"heading.default\">\n\t\t\t\t<div class=\"elementor-widget-container\">\n\t\t\t\t\t<h2 class=\"elementor-heading-title elementor-size-default\">Jetzt Video ansehen und mehr erfahren<\/h2>\t\t\t\t<\/div>\n\t\t\t\t<\/div>\n\t\t\t\t<div class=\"elementor-element elementor-element-42951ff elementor-widget elementor-widget-video\" data-id=\"42951ff\" data-element_type=\"widget\" data-settings=\"{&quot;youtube_url&quot;:&quot;https:\\\/\\\/youtu.be\\\/-hipKrxhQwU&quot;,&quot;yt_privacy&quot;:&quot;yes&quot;,&quot;video_type&quot;:&quot;youtube&quot;,&quot;controls&quot;:&quot;yes&quot;}\" data-widget_type=\"video.default\">\n\t\t\t\t<div class=\"elementor-widget-container\">\n\t\t\t\t\t\t\t<div class=\"elementor-wrapper elementor-open-inline\">\n\t\t\t<div class=\"elementor-video\"><\/div>\t\t<\/div>\n\t\t\t\t\t\t<\/div>\n\t\t\t\t<\/div>\n\t\t\t\t<\/div>\n\t\t<div class=\"elementor-element elementor-element-eadc5f2 e-con-full e-flex e-con e-child\" data-id=\"eadc5f2\" data-element_type=\"container\">\n\t\t<div class=\"elementor-element elementor-element-61f1ddc e-grid e-con-full e-con e-child\" data-id=\"61f1ddc\" data-element_type=\"container\" data-settings=\"{&quot;background_background&quot;:&quot;classic&quot;}\">\n\t\t\t\t<div class=\"elementor-element elementor-element-5cfb36a elementor-widget elementor-widget-image\" data-id=\"5cfb36a\" data-element_type=\"widget\" data-widget_type=\"image.default\">\n\t\t\t\t<div class=\"elementor-widget-container\">\n\t\t\t\t\t\t\t\t\t\t\t\t\t\t\t<img decoding=\"async\" src=\"https:\/\/www.datacolor.com\/spyder\/wp-content\/uploads\/elementor\/thumbs\/What-is-Display-Calibration-Spyder_1000x1000-image_2-300dpi-rbw73qhdpxfon0nip48miejr8n1l8h65klzc7kr7yo.jpg\" title=\"What-is-Display-Calibration-Spyder_1000x1000 image_2-300dpi\" alt=\"What-is-Display-Calibration-Spyder_1000x1000 image_2-300dpi\" loading=\"lazy\" \/>\t\t\t\t\t\t\t\t\t\t\t\t\t\t\t<\/div>\n\t\t\t\t<\/div>\n\t\t\t\t<div class=\"elementor-element elementor-element-0fc73b8 elementor-widget elementor-widget-image\" data-id=\"0fc73b8\" data-element_type=\"widget\" data-widget_type=\"image.default\">\n\t\t\t\t<div class=\"elementor-widget-container\">\n\t\t\t\t\t\t\t\t\t\t\t\t\t\t\t<img decoding=\"async\" src=\"https:\/\/www.datacolor.com\/spyder\/wp-content\/uploads\/elementor\/thumbs\/What-is-Display-Calibration-Spyder_Calibrate-Image-1000x1000-300dpi-rbw73pjjj3eebeovultzxwsan9680s2f8hbuqasm4w.jpg\" title=\"What-is-Display-Calibration-Spyder_Calibrate Image 1000&#215;1000-300dpi\" alt=\"What-is-Display-Calibration-Spyder_Calibrate Image 1000x1000-300dpi\" loading=\"lazy\" \/>\t\t\t\t\t\t\t\t\t\t\t\t\t\t\t<\/div>\n\t\t\t\t<\/div>\n\t\t\t\t<\/div>\n\t\t<div class=\"elementor-element elementor-element-89897d2 e-grid e-con-full e-con e-child\" data-id=\"89897d2\" data-element_type=\"container\" data-settings=\"{&quot;background_background&quot;:&quot;classic&quot;}\">\n\t\t<div class=\"elementor-element elementor-element-69fa175 e-grid e-con-full e-con e-child\" data-id=\"69fa175\" data-element_type=\"container\">\n\t\t\t\t<div class=\"elementor-element elementor-element-69a5a89 elementor-widget elementor-widget-text-editor\" data-id=\"69a5a89\" data-element_type=\"widget\" data-widget_type=\"text-editor.default\">\n\t\t\t\t<div class=\"elementor-widget-container\">\n\t\t\t\t\t\t\t\t\t<p><strong style=\"font-size: 1.25em;\">Was ist Monitorkalibrierung?<\/strong><\/p><p>Monitorkalibrierung bedeutet: Ihr Display zeigt Farben so, wie sie wirklich sind. Mit dem <strong>Datacolor Spyder<\/strong> erreichen Sie: <\/p><ul><li><strong>Nat\u00fcrliche Kontraste<\/strong>: Schatten und Lichter erscheinen differenziert und lebendig.<\/li><li><strong>Echte Wei\u00dft\u00f6ne<\/strong>: Wei\u00df ist wirklich neutral \u2013 f\u00fcr konsistente Farben auf allen Ger\u00e4ten und im Druck.<\/li><li><strong>Flexibilit\u00e4t<\/strong>: Jede Kalibrierung ist reversibel \u2013 jederzeit zur\u00fcck zu den Werkseinstellungen.<\/li><\/ul><p><br><strong>Tempo und Pr\u00e4zision<\/strong>: Das <strong>Spyder-\u00d6kosystem<\/strong> liefert verl\u00e4ssliche Ergebnisse in Minuten.<\/p>\t\t\t\t\t\t\t\t<\/div>\n\t\t\t\t<\/div>\n\t\t\t\t<div class=\"elementor-element elementor-element-094f921 elementor-align-center elementor-widget elementor-widget-button\" data-id=\"094f921\" data-element_type=\"widget\" data-widget_type=\"button.default\">\n\t\t\t\t<div class=\"elementor-widget-container\">\n\t\t\t\t\t\t\t\t\t<div class=\"elementor-button-wrapper\">\n\t\t\t\t\t<a class=\"elementor-button elementor-button-link elementor-size-sm\" href=\"\/spyder\/spyder-ecosystem\/%20\" id=\"shop_spyderpro\">\n\t\t\t\t\t\t<span class=\"elementor-button-content-wrapper\">\n\t\t\t\t\t\t\t\t\t<span class=\"elementor-button-text\">Mehr erfahren<\/span>\n\t\t\t\t\t<\/span>\n\t\t\t\t\t<\/a>\n\t\t\t\t<\/div>\n\t\t\t\t\t\t\t\t<\/div>\n\t\t\t\t<\/div>\n\t\t\t\t<\/div>\n\t\t\t\t<\/div>\n\t\t\t\t<\/div>\n\t\t<div class=\"elementor-element elementor-element-19bf9d1 e-con-full e-flex e-con e-child\" data-id=\"19bf9d1\" data-element_type=\"container\">\n\t\t<div class=\"elementor-element elementor-element-f3bf742 e-grid e-con-full e-con e-child\" data-id=\"f3bf742\" data-element_type=\"container\" data-settings=\"{&quot;background_background&quot;:&quot;classic&quot;}\">\n\t\t\t\t<div class=\"elementor-element elementor-element-3ebe91a elementor-widget elementor-widget-image\" data-id=\"3ebe91a\" data-element_type=\"widget\" data-widget_type=\"image.default\">\n\t\t\t\t<div class=\"elementor-widget-container\">\n\t\t\t\t\t\t\t\t\t\t\t\t\t\t\t<img decoding=\"async\" width=\"800\" height=\"800\" src=\"https:\/\/www.datacolor.com\/spyder\/wp-content\/uploads\/2025\/09\/What-to-Expect-3D-Multi-Device-Mockup-Vol-01-006_FIXED_tall-copy-scaled-1.jpg\" class=\"attachment-full size-full wp-image-60736\" alt=\"\" srcset=\"https:\/\/www.datacolor.com\/spyder\/wp-content\/uploads\/2025\/09\/What-to-Expect-3D-Multi-Device-Mockup-Vol-01-006_FIXED_tall-copy-scaled-1.jpg 800w, https:\/\/www.datacolor.com\/spyder\/wp-content\/uploads\/2025\/09\/What-to-Expect-3D-Multi-Device-Mockup-Vol-01-006_FIXED_tall-copy-scaled-1-300x300.jpg 300w, https:\/\/www.datacolor.com\/spyder\/wp-content\/uploads\/2025\/09\/What-to-Expect-3D-Multi-Device-Mockup-Vol-01-006_FIXED_tall-copy-scaled-1-150x150.jpg 150w, https:\/\/www.datacolor.com\/spyder\/wp-content\/uploads\/2025\/09\/What-to-Expect-3D-Multi-Device-Mockup-Vol-01-006_FIXED_tall-copy-scaled-1-768x768.jpg 768w\" sizes=\"(max-width: 800px) 100vw, 800px\" \/>\t\t\t\t\t\t\t\t\t\t\t\t\t\t\t<\/div>\n\t\t\t\t<\/div>\n\t\t\t\t<div class=\"elementor-element elementor-element-a028ccd elementor-widget elementor-widget-image\" data-id=\"a028ccd\" data-element_type=\"widget\" data-widget_type=\"image.default\">\n\t\t\t\t<div class=\"elementor-widget-container\">\n\t\t\t\t\t\t\t\t\t\t\t\t\t\t\t<img decoding=\"async\" width=\"800\" height=\"800\" src=\"https:\/\/www.datacolor.com\/spyder\/wp-content\/uploads\/2025\/09\/Printing-with-personal-printer-2.jpg\" class=\"attachment-full size-full wp-image-60702\" alt=\"\" srcset=\"https:\/\/www.datacolor.com\/spyder\/wp-content\/uploads\/2025\/09\/Printing-with-personal-printer-2.jpg 800w, https:\/\/www.datacolor.com\/spyder\/wp-content\/uploads\/2025\/09\/Printing-with-personal-printer-2-300x300.jpg 300w, https:\/\/www.datacolor.com\/spyder\/wp-content\/uploads\/2025\/09\/Printing-with-personal-printer-2-150x150.jpg 150w, https:\/\/www.datacolor.com\/spyder\/wp-content\/uploads\/2025\/09\/Printing-with-personal-printer-2-768x768.jpg 768w\" sizes=\"(max-width: 800px) 100vw, 800px\" \/>\t\t\t\t\t\t\t\t\t\t\t\t\t\t\t<\/div>\n\t\t\t\t<\/div>\n\t\t\t\t<\/div>\n\t\t<div class=\"elementor-element elementor-element-65030df e-grid e-con-full e-con e-child\" data-id=\"65030df\" data-element_type=\"container\" data-settings=\"{&quot;background_background&quot;:&quot;classic&quot;}\">\n\t\t<div class=\"elementor-element elementor-element-ee867a5 e-grid e-con-full e-con e-child\" data-id=\"ee867a5\" data-element_type=\"container\">\n\t\t\t\t<div class=\"elementor-element elementor-element-23a92d5 elementor-widget elementor-widget-text-editor\" data-id=\"23a92d5\" data-element_type=\"widget\" data-widget_type=\"text-editor.default\">\n\t\t\t\t<div class=\"elementor-widget-container\">\n\t\t\t\t\t\t\t\t\t<p><strong style=\"font-size: 1.25em;\">Was Sie nach der Kalibrierung erwarten k\u00f6nnen<\/strong><\/p><p>Nach der Kalibrierung wirkt Ihr Monitor vielleicht ungewohnt \u2013 aber endlich richtig. Ab sofort sehen Sie: <\/p><ul><li><strong>Nat\u00fcrlichere Farben<\/strong> und gleichm\u00e4\u00dfige Helligkeit \u00fcber den gesamten Monitor hinweg.<\/li><li><strong>Mehr Details<\/strong> in Schatten und Spitzlichtern \u2013 ob Nachthimmel oder Sonnenlicht.<\/li><li><strong>Konsistenz<\/strong> auf allen Ger\u00e4ten und Plattformen \u2013 online wie im Druck.<\/li><li><strong>Pr\u00e4zision<\/strong> von Anfang an \u2013 damit Sie gestalten statt nachkorrigieren.<\/li><\/ul><p><br>Um optimale Ergebnisse zu erzielen, sollten Sie regelm\u00e4\u00dfig eine Neukalibrierung durchf\u00fchren \u2013 insbesondere bei \u00c4nderungen des Ausgabeziels, der Lichtverh\u00e4ltnisse oder vor Beginn farbkritischer Arbeiten.<\/p>\t\t\t\t\t\t\t\t<\/div>\n\t\t\t\t<\/div>\n\t\t\t\t<div class=\"elementor-element elementor-element-a5e2f4d elementor-align-center elementor-widget elementor-widget-button\" data-id=\"a5e2f4d\" data-element_type=\"widget\" data-widget_type=\"button.default\">\n\t\t\t\t<div class=\"elementor-widget-container\">\n\t\t\t\t\t\t\t\t\t<div class=\"elementor-button-wrapper\">\n\t\t\t\t\t<a class=\"elementor-button elementor-button-link elementor-size-sm\" href=\"\/spyder\/why-calibrate\/%20\" id=\"shop_spyderpro\">\n\t\t\t\t\t\t<span class=\"elementor-button-content-wrapper\">\n\t\t\t\t\t\t\t\t\t<span class=\"elementor-button-text\">Warum kalibrieren<\/span>\n\t\t\t\t\t<\/span>\n\t\t\t\t\t<\/a>\n\t\t\t\t<\/div>\n\t\t\t\t\t\t\t\t<\/div>\n\t\t\t\t<\/div>\n\t\t\t\t<\/div>\n\t\t\t\t<\/div>\n\t\t\t\t<\/div>\n\t\t\t\t\t<\/div>\n\t\t\t\t<\/div>\n\t\t<div class=\"elementor-element elementor-element-2476e78 e-flex e-con-boxed e-con e-parent\" data-id=\"2476e78\" data-element_type=\"container\">\n\t\t\t\t\t<div class=\"e-con-inner\">\n\t\t<div class=\"elementor-element elementor-element-64657f6 e-con-full e-flex e-con e-child\" data-id=\"64657f6\" data-element_type=\"container\">\n\t\t\t\t<div class=\"elementor-element elementor-element-8642f33 elementor-widget elementor-widget-video\" data-id=\"8642f33\" data-element_type=\"widget\" data-settings=\"{&quot;youtube_url&quot;:&quot;https:\\\/\\\/youtu.be\\\/ON6XlDsFQlE&quot;,&quot;yt_privacy&quot;:&quot;yes&quot;,&quot;video_type&quot;:&quot;youtube&quot;,&quot;controls&quot;:&quot;yes&quot;}\" data-widget_type=\"video.default\">\n\t\t\t\t<div class=\"elementor-widget-container\">\n\t\t\t\t\t\t\t<div class=\"elementor-wrapper elementor-open-inline\">\n\t\t\t<div class=\"elementor-video\"><\/div>\t\t<\/div>\n\t\t\t\t\t\t<\/div>\n\t\t\t\t<\/div>\n\t\t\t\t<\/div>\n\t\t\t\t\t<\/div>\n\t\t\t\t<\/div>\n\t\t<div class=\"elementor-element elementor-element-e2a63c5 e-flex e-con-boxed e-con e-parent\" data-id=\"e2a63c5\" data-element_type=\"container\">\n\t\t\t\t\t<div class=\"e-con-inner\">\n\t\t<div class=\"elementor-element elementor-element-32423ad e-con-full e-flex e-con e-child\" data-id=\"32423ad\" data-element_type=\"container\">\n\t\t<div class=\"elementor-element elementor-element-bba2c8b e-grid e-con-full e-con e-child\" data-id=\"bba2c8b\" data-element_type=\"container\" data-settings=\"{&quot;background_background&quot;:&quot;classic&quot;}\">\n\t\t\t\t<div class=\"elementor-element elementor-element-ee81d2c elementor-widget elementor-widget-image\" data-id=\"ee81d2c\" data-element_type=\"widget\" data-widget_type=\"image.default\">\n\t\t\t\t<div class=\"elementor-widget-container\">\n\t\t\t\t\t\t\t\t\t\t\t\t\t\t\t<img loading=\"lazy\" decoding=\"async\" width=\"800\" height=\"800\" src=\"https:\/\/www.datacolor.com\/spyder\/wp-content\/uploads\/2025\/09\/From-Screen-to-Share-2.jpg\" class=\"attachment-full size-full wp-image-60713\" alt=\"\" srcset=\"https:\/\/www.datacolor.com\/spyder\/wp-content\/uploads\/2025\/09\/From-Screen-to-Share-2.jpg 800w, https:\/\/www.datacolor.com\/spyder\/wp-content\/uploads\/2025\/09\/From-Screen-to-Share-2-300x300.jpg 300w, https:\/\/www.datacolor.com\/spyder\/wp-content\/uploads\/2025\/09\/From-Screen-to-Share-2-150x150.jpg 150w, https:\/\/www.datacolor.com\/spyder\/wp-content\/uploads\/2025\/09\/From-Screen-to-Share-2-768x768.jpg 768w\" sizes=\"(max-width: 800px) 100vw, 800px\" \/>\t\t\t\t\t\t\t\t\t\t\t\t\t\t\t<\/div>\n\t\t\t\t<\/div>\n\t\t\t\t<div class=\"elementor-element elementor-element-d2133c6 elementor-widget elementor-widget-text-editor\" data-id=\"d2133c6\" data-element_type=\"widget\" data-widget_type=\"text-editor.default\">\n\t\t\t\t<div class=\"elementor-widget-container\">\n\t\t\t\t\t\t\t\t\t<p><strong style=\"font-size: 1.25em;\">Warum das unverzichtbar ist<\/strong><\/p><ul><li><strong>Zuverl\u00e4ssig pr\u00e4zise Farben<\/strong> \u2013 Was Sie sehen, sieht auch Ihr Publikum.<\/li><li><strong>Absolute Konsistenz<\/strong>: \u00dcber Ger\u00e4te, Plattformen und Druck hinweg.<\/li><li><strong>Effizienz<\/strong>: Weniger Korrekturen, weniger Aufwand \u2013 mehr Zeit f\u00fcr Kreativit\u00e4t.<\/li><li><strong>K\u00fcnstlerische Integrit\u00e4t<\/strong>: Ihre Arbeit, Ihr Stil \u2013 unverf\u00e4lscht und authentisch.<\/li><\/ul>\t\t\t\t\t\t\t\t<\/div>\n\t\t\t\t<\/div>\n\t\t\t\t<\/div>\n\t\t\t\t<\/div>\n\t\t<div class=\"elementor-element elementor-element-3effca4 e-con-full e-flex e-con e-child\" data-id=\"3effca4\" data-element_type=\"container\">\n\t\t<div class=\"elementor-element elementor-element-e5435e2 e-grid e-con-full e-con e-child\" data-id=\"e5435e2\" data-element_type=\"container\" data-settings=\"{&quot;background_background&quot;:&quot;classic&quot;}\">\n\t\t\t\t<div class=\"elementor-element elementor-element-cb8ee42 elementor-widget elementor-widget-image\" data-id=\"cb8ee42\" data-element_type=\"widget\" data-widget_type=\"image.default\">\n\t\t\t\t<div class=\"elementor-widget-container\">\n\t\t\t\t\t\t\t\t\t\t\t\t\t\t\t<img loading=\"lazy\" decoding=\"async\" width=\"1092\" height=\"1092\" src=\"https:\/\/www.datacolor.com\/spyder\/wp-content\/uploads\/2025\/09\/UpGrade_v04a.png\" class=\"attachment-full size-full wp-image-59823\" alt=\"\" srcset=\"https:\/\/www.datacolor.com\/spyder\/wp-content\/uploads\/2025\/09\/UpGrade_v04a.png 1092w, https:\/\/www.datacolor.com\/spyder\/wp-content\/uploads\/2025\/09\/UpGrade_v04a-300x300.png 300w, https:\/\/www.datacolor.com\/spyder\/wp-content\/uploads\/2025\/09\/UpGrade_v04a-1024x1024.png 1024w, https:\/\/www.datacolor.com\/spyder\/wp-content\/uploads\/2025\/09\/UpGrade_v04a-150x150.png 150w, https:\/\/www.datacolor.com\/spyder\/wp-content\/uploads\/2025\/09\/UpGrade_v04a-768x768.png 768w\" sizes=\"(max-width: 1092px) 100vw, 1092px\" \/>\t\t\t\t\t\t\t\t\t\t\t\t\t\t\t<\/div>\n\t\t\t\t<\/div>\n\t\t<div class=\"elementor-element elementor-element-b16de19 e-grid e-con-full e-con e-child\" data-id=\"b16de19\" data-element_type=\"container\" data-settings=\"{&quot;background_background&quot;:&quot;classic&quot;}\">\n\t\t<div class=\"elementor-element elementor-element-1485262 e-grid e-con-full e-con e-child\" data-id=\"1485262\" data-element_type=\"container\">\n\t\t\t\t<div class=\"elementor-element elementor-element-357c5d2 elementor-widget elementor-widget-text-editor\" data-id=\"357c5d2\" data-element_type=\"widget\" data-widget_type=\"text-editor.default\">\n\t\t\t\t<div class=\"elementor-widget-container\">\n\t\t\t\t\t\t\t\t\t<p><strong style=\"font-size: 1.25em;\">Sind Sie bereit, alles richtig zu sehen?<\/strong><\/p><p>Sehen Sie Ihre Kreativit\u00e4t so, wie sie gedacht ist \u2013 klar, unverf\u00e4lscht, professionell. Mit dem Datacolor Spyder holen Sie das Maximum aus Ihrem Monitor heraus. Und das Beste: Mit einem einfachen Software-Upgrade w\u00e4chst Ihr Spyder mit Ihren Anspr\u00fcchen \u2013 ohne neue Hardware.  <\/p>\t\t\t\t\t\t\t\t<\/div>\n\t\t\t\t<\/div>\n\t\t\t\t<div class=\"elementor-element elementor-element-d9d7d18 elementor-align-center elementor-widget elementor-widget-button\" data-id=\"d9d7d18\" data-element_type=\"widget\" data-widget_type=\"button.default\">\n\t\t\t\t<div class=\"elementor-widget-container\">\n\t\t\t\t\t\t\t\t\t<div class=\"elementor-button-wrapper\">\n\t\t\t\t\t<a class=\"elementor-button elementor-button-link elementor-size-sm\" href=\"\/spyder\/de\/spyder-upgrade\/\" id=\"learn_more\">\n\t\t\t\t\t\t<span class=\"elementor-button-content-wrapper\">\n\t\t\t\t\t\t\t\t\t<span class=\"elementor-button-text\">Mehr erfahren<\/span>\n\t\t\t\t\t<\/span>\n\t\t\t\t\t<\/a>\n\t\t\t\t<\/div>\n\t\t\t\t\t\t\t\t<\/div>\n\t\t\t\t<\/div>\n\t\t\t\t<\/div>\n\t\t\t\t<\/div>\n\t\t\t\t<\/div>\n\t\t\t\t<\/div>\n\t\t\t\t\t<\/div>\n\t\t\t\t<\/div>\n\t\t\t\t<\/div>\n\t\t","protected":false},"excerpt":{"rendered":"<p>Hinweis: Die Farbkalibrierung und die Anpassungen werden nur am Monitor vorgenommen. Die Spyder-Tools kalibrieren keine Mobil- oder Tablet-Ger\u00e4te. Perfekte Farben, klare Vision \u2013 warum Monitorkalibrierung f\u00fcr Ihre Kreativit\u00e4t so wichtig ist Ihre Vision verdient Pr\u00e4zision \u2013 Optimieren Sie Ihr Display mit Spyder Jedes Bild, jedes Detail, jeder Farbton \u2013 Ihre Arbeit steckt voller Leidenschaft. Doch &hellip;<\/p>\n","protected":false},"author":2,"featured_media":0,"parent":0,"menu_order":0,"comment_status":"closed","ping_status":"closed","template":"","meta":{"_acf_changed":false,"footnotes":""},"class_list":["post-60870","page","type-page","status-publish","hentry"],"acf":[],"_links":{"self":[{"href":"https:\/\/www.datacolor.com\/spyder\/de\/wp-json\/wp\/v2\/pages\/60870","targetHints":{"allow":["GET"]}}],"collection":[{"href":"https:\/\/www.datacolor.com\/spyder\/de\/wp-json\/wp\/v2\/pages"}],"about":[{"href":"https:\/\/www.datacolor.com\/spyder\/de\/wp-json\/wp\/v2\/types\/page"}],"author":[{"embeddable":true,"href":"https:\/\/www.datacolor.com\/spyder\/de\/wp-json\/wp\/v2\/users\/2"}],"replies":[{"embeddable":true,"href":"https:\/\/www.datacolor.com\/spyder\/de\/wp-json\/wp\/v2\/comments?post=60870"}],"version-history":[{"count":9,"href":"https:\/\/www.datacolor.com\/spyder\/de\/wp-json\/wp\/v2\/pages\/60870\/revisions"}],"predecessor-version":[{"id":64551,"href":"https:\/\/www.datacolor.com\/spyder\/de\/wp-json\/wp\/v2\/pages\/60870\/revisions\/64551"}],"wp:attachment":[{"href":"https:\/\/www.datacolor.com\/spyder\/de\/wp-json\/wp\/v2\/media?parent=60870"}],"curies":[{"name":"wp","href":"https:\/\/api.w.org\/{rel}","templated":true}]}}