{"id":23670,"date":"2023-04-25T10:17:09","date_gmt":"2023-04-25T10:17:09","guid":{"rendered":"https:\/\/new.spyder.datacolor.eu\/spyder\/bienvenido-a-spyderx\/"},"modified":"2023-05-10T10:12:20","modified_gmt":"2023-05-10T10:12:20","slug":"welcome-to-spyderx","status":"publish","type":"page","link":"https:\/\/www.datacolor.com\/spyder\/es\/welcome-to-spyderx\/","title":{"rendered":"Welcome to SpyderX"},"content":{"rendered":"<div class=\"wpb-content-wrapper\"><p>[vc_row][vc_column width=\u00bb1\/2&#8243;][vc_empty_space][vc_column_text]<\/p>\n<h1 class=\"mainheader\">Felicidades por su nuevo Spyder X<\/h1>\n<p>[\/vc_column_text][vc_empty_space][vc_column_text]Esta p\u00e1gina le ayudar\u00e1 a instalar su calibrador y software Spyder X, as\u00ed como acceso a los mejores recursos de soporte.<br \/>\n[\/vc_column_text][vc_empty_space][\/vc_column][vc_column width=\u00bb1\/2&#8243;][vc_empty_space][vc_single_image image=\u00bb23546&#8243; img_size=\u00bblarge\u00bb alignment=\u00bbcenter\u00bb][\/vc_column][\/vc_row][vc_row css=\u00bb.vc_custom_1682353090965{padding-top: 60px !important;padding-bottom: 60px !important;}\u00bb][vc_column][vc_column_text]<\/p>\n<h3>Inicio r\u00e1pido de Spyder X<\/h3>\n<p>[\/vc_column_text][vc_empty_space][vc_row_inner][vc_column_inner width=\u00bb1\/2&#8243;][vc_column_text]<\/p>\n<div style=\"min-height: 200px;\">\n<p><strong>1. Calentamiento del monitor<\/strong><\/p>\n<p>Su monitor debe estar encendido durante al menos 30 minutos antes de comenzar el proceso de calibraci\u00f3n. Aseg\u00farese de que no haya luz directa hacia su pantalla y, si es posible, restablezca los controles del monitor a la configuraci\u00f3n predeterminada de f\u00e1brica. Desactive todas las funciones de Brillo Autom\u00e1tico en su monitor.<\/p><\/div>\n<p>[\/vc_column_text][vc_empty_space][vc_single_image image=\u00bb23558&#8243; img_size=\u00bblarge\u00bb alignment=\u00bbcenter\u00bb][\/vc_column_inner][vc_column_inner width=\u00bb1\/2&#8243;][vc_column_text]<\/p>\n<div style=\"min-height: 200px;\">\n<p><strong>2. Descargue, instale y active el software<\/strong><\/p>\n<p>Descargue e instale el software Spyder X utilizando los siguientes enlaces. Una vez completada la instalaci\u00f3n, conecte el Spyder X e inicie el software para comenzar el proceso de activaci\u00f3n y registro. Esto activar\u00e1 autom\u00e1ticamente su garant\u00eda. Utilice el n\u00famero de serie incluido en su paquete Spyder X para activar su software.<\/p><\/div>\n<p>[\/vc_column_text][vc_empty_space][vc_single_image image=\u00bb23568&#8243; img_size=\u00bblarge\u00bb alignment=\u00bbcenter\u00bb][\/vc_column_inner][\/vc_row_inner][\/vc_column][\/vc_row][vc_row bg_type=\u00bbbg_color\u00bb bg_override=\u00bbfull\u00bb css=\u00bb.vc_custom_1682353104609{padding-top: 60px !important;padding-bottom: 60px !important;}\u00bb bg_color_value=\u00bb#e7e6e5&#8243;][vc_column][vc_column_text]<\/p>\n<h3>Descarga de software<\/h3>\n<p>[\/vc_column_text][vc_empty_space height=\u00bb20px\u00bb][vc_column_text]Haga clic en el modelo de Spyder X y el sistema operativo adecuados para iniciar la descarga.<\/p>\n<p>Aseg\u00farese de revisar la <a href=\"https:\/\/spyderx.datacolor.com\/datacolor-spyder-software-license\/\">Licencia de SoftwareDatacolor<\/a>.[\/vc_column_text][vc_empty_space][vc_row_inner][vc_column_inner width=\u00bb1\/2&#8243;][vc_column_text]<strong>Spyder X Pro<\/strong><br \/>\n[\/vc_column_text][vc_empty_space height=\u00bb20px\u00bb]<div class=\" vc_custom_1682435335749 ubtn-ctn-inline \"><a class=\"ubtn-link ult-adjust-bottom-margin ubtn-inline ubtn-custom \" href=\"https:\/\/goto.datacolor.com\/download\/win\/sxp100\" target=\"_blank\" rel=\"noopener\" ><button type=\"button\" id=\"ubtn-7529\"  class=\"ubtn ult-adjust-bottom-margin ult-responsive ubtn-custom ubtn-no-hover-bg  none  ubtn-sep-icon ubtn-sep-icon-bottom-push  ubtn-inline   tooltip-69d07eb15a7c4\"  data-hover=\"\" data-border-color=\"\" data-bg=\"#000000\" data-hover-bg=\"#aaaaaa\" data-border-hover=\"\" data-shadow-hover=\"\" data-shadow-click=\"none\" data-shadow=\"\" data-shd-shadow=\"\"  data-ultimate-target='#ubtn-7529'  data-responsive-json-new='{\"font-size\":\"desktop:18px;\",\"line-height\":\"\"}'  style=\"font-weight:normal;width:300px;min-height:56px;padding:px px;border:none;background: #000000;color: #ffffff;\"><span class=\"ubtn-data ubtn-icon\"><i class=\"Defaults-download\" style=\"font-size:22px;color:;\"><\/i><\/span><span class=\"ubtn-hover\" style=\"background-color:#aaaaaa\"><\/span><span class=\"ubtn-data ubtn-text \" >Windows Software<\/span><\/button><\/a><\/div><div class=\" ubtn-ctn-inline \"><a class=\"ubtn-link ult-adjust-bottom-margin ubtn-inline ubtn-custom \" href=\"https:\/\/goto.datacolor.com\/download\/mac\/sxp100\" target=\"_blank\" rel=\"noopener\" ><button type=\"button\" id=\"ubtn-8662\"  class=\"ubtn ult-adjust-bottom-margin ult-responsive ubtn-custom ubtn-no-hover-bg  none  ubtn-sep-icon ubtn-sep-icon-bottom-push  ubtn-inline   tooltip-69d07eb15a831\"  data-hover=\"\" data-border-color=\"\" data-bg=\"#000000\" data-hover-bg=\"#aaaaaa\" data-border-hover=\"\" data-shadow-hover=\"\" data-shadow-click=\"none\" data-shadow=\"\" data-shd-shadow=\"\"  data-ultimate-target='#ubtn-8662'  data-responsive-json-new='{\"font-size\":\"desktop:18px;\",\"line-height\":\"\"}'  style=\"font-weight:normal;width:300px;min-height:56px;padding:px px;border:none;background: #000000;color: #ffffff;\"><span class=\"ubtn-data ubtn-icon\"><i class=\"Defaults-download\" style=\"font-size:22px;color:;\"><\/i><\/span><span class=\"ubtn-hover\" style=\"background-color:#aaaaaa\"><\/span><span class=\"ubtn-data ubtn-text \" >Software MacOS<\/span><\/button><\/a><\/div>[vc_empty_space][\/vc_column_inner][vc_column_inner width=\u00bb1\/2&#8243;][vc_column_text]<strong>Spyder X Elite  <\/strong>[\/vc_column_text][vc_empty_space height=\u00bb20px\u00bb]<div class=\" vc_custom_1682435349310 ubtn-ctn-inline \"><a class=\"ubtn-link ult-adjust-bottom-margin ubtn-inline ubtn-custom \" href=\"https:\/\/goto.datacolor.com\/download\/win\/sxe100\" target=\"_blank\" rel=\"noopener\" ><button type=\"button\" id=\"ubtn-5786\"  class=\"ubtn ult-adjust-bottom-margin ult-responsive ubtn-custom ubtn-no-hover-bg  none  ubtn-sep-icon ubtn-sep-icon-bottom-push  ubtn-inline   tooltip-69d07eb15a867\"  data-hover=\"\" data-border-color=\"\" data-bg=\"#000000\" data-hover-bg=\"#aaaaaa\" data-border-hover=\"\" data-shadow-hover=\"\" data-shadow-click=\"none\" data-shadow=\"\" data-shd-shadow=\"\"  data-ultimate-target='#ubtn-5786'  data-responsive-json-new='{\"font-size\":\"desktop:18px;\",\"line-height\":\"\"}'  style=\"font-weight:normal;width:300px;min-height:56px;padding:px px;border:none;background: #000000;color: #ffffff;\"><span class=\"ubtn-data ubtn-icon\"><i class=\"Defaults-download\" style=\"font-size:22px;color:;\"><\/i><\/span><span class=\"ubtn-hover\" style=\"background-color:#aaaaaa\"><\/span><span class=\"ubtn-data ubtn-text \" >Windows Software<\/span><\/button><\/a><\/div><div class=\" ubtn-ctn-inline \"><a class=\"ubtn-link ult-adjust-bottom-margin ubtn-inline ubtn-custom \" href=\"https:\/\/goto.datacolor.com\/download\/mac\/sxe100\" target=\"_blank\" rel=\"noopener\" ><button type=\"button\" id=\"ubtn-4609\"  class=\"ubtn ult-adjust-bottom-margin ult-responsive ubtn-custom ubtn-no-hover-bg  none  ubtn-sep-icon ubtn-sep-icon-bottom-push  ubtn-inline   tooltip-69d07eb15a894\"  data-hover=\"\" data-border-color=\"\" data-bg=\"#000000\" data-hover-bg=\"#aaaaaa\" data-border-hover=\"\" data-shadow-hover=\"\" data-shadow-click=\"none\" data-shadow=\"\" data-shd-shadow=\"\"  data-ultimate-target='#ubtn-4609'  data-responsive-json-new='{\"font-size\":\"desktop:18px;\",\"line-height\":\"\"}'  style=\"font-weight:normal;width:300px;min-height:56px;padding:px px;border:none;background: #000000;color: #ffffff;\"><span class=\"ubtn-data ubtn-icon\"><i class=\"Defaults-download\" style=\"font-size:22px;color:;\"><\/i><\/span><span class=\"ubtn-hover\" style=\"background-color:#aaaaaa\"><\/span><span class=\"ubtn-data ubtn-text \" >Software MacOS<\/span><\/button><\/a><\/div>[vc_empty_space][\/vc_column_inner][\/vc_row_inner][\/vc_column][\/vc_row][vc_row css=\u00bb.vc_custom_1682353090965{padding-top: 60px !important;padding-bottom: 60px !important;}\u00bb][vc_column width=\u00bb1\/2&#8243;][vc_column_text]<\/p>\n<div style=\"min-height: 200px;\">\n<p><strong>3. Conectar el Spyder X y quitar la tapa protectora<\/strong><\/p>\n<p>Aseg\u00farese de que su Spyder X est\u00e9 conectado a un puerto USB con alimentaci\u00f3n de su ordenador antes de iniciar la aplicaci\u00f3n. Siga las instrucciones paso a paso que se indican en pantalla. Retire la tapa protectora de la lente del calibrador Spyder X.<\/p><\/div>\n<p>[\/vc_column_text][vc_empty_space][vc_single_image image=\u00bb23593&#8243; img_size=\u00bblarge\u00bb alignment=\u00bbcenter\u00bb][\/vc_column][vc_column width=\u00bb1\/2&#8243;][vc_column_text]<\/p>\n<div style=\"min-height: 200px;\">\n<p><strong>4. Cuelgue el Spyder X sobre el monitor<\/strong><\/p>\n<p>Cuelgue el Spyder X sobre su pantalla cuando se le solicite usando la tapa de la lente, que se desliza sobre el cable USB como un contrapeso para mantenerlo en su lugar. Si es necesario, incline la pantalla hacia atr\u00e1s para mantener el Spyder X plano contra su pantalla.<\/p><\/div>\n<p>[\/vc_column_text][vc_empty_space][vc_single_image image=\u00bb23603&#8243; img_size=\u00bblarge\u00bb alignment=\u00bbcenter\u00bb][\/vc_column][\/vc_row][vc_row css=\u00bb.vc_custom_1682353090965{padding-top: 60px !important;padding-bottom: 60px !important;}\u00bb][vc_column width=\u00bb1\/2&#8243;][vc_column_text]<\/p>\n<div style=\"min-height: 200px;\">\n<p><strong>5. Calibrar  <\/strong><\/p>\n<p>El software Spyder X lo guiar\u00e1 a trav\u00e9s del proceso de calibraci\u00f3n y crear\u00e1 un perfil de visualizaci\u00f3n personalizado, que su sistema operativo y las aplicaciones de gesti\u00f3n de color usar\u00e1n para corregir los colores mostrados. Pase el rat\u00f3n sobre cualquier funci\u00f3n o seleccione \u00abHaga clic para obtener m\u00e1s informaci\u00f3n\u00bb para obtener ayuda con cualquier funci\u00f3n del software.<\/p><\/div>\n<p>[\/vc_column_text][vc_empty_space][vc_single_image image=\u00bb23613&#8243; img_size=\u00bblarge\u00bb alignment=\u00bbcenter\u00bb][\/vc_column][\/vc_row][vc_row bg_type=\u00bbbg_color\u00bb bg_override=\u00bbfull\u00bb bg_color_value=\u00bb#e7e6e5&#8243; css=\u00bb.vc_custom_1682355990413{padding-top: 60px !important;padding-bottom: 60px !important;}\u00bb][vc_column][vc_column_text css=\u00bb.vc_custom_1682415621413{background-color: #e8e8e8 !important;}\u00bb]<\/p>\n<h3>Apoyo adicional<\/h3>\n<p>[\/vc_column_text][vc_empty_space height=\u00bb20px\u00bb][vc_column_text css=\u00bb.vc_custom_1682415628941{background-color: #e8e8e8 !important;}\u00bb]Para comprender mejor la funcionalidad de cada funci\u00f3n de su Spyder X o si necesita asistencia adicional, consulte la <a href=\"https:\/\/www.datacolor.com\/spyder\/wp-content\/uploads\/2023\/04\/SpyderX-Users-Guide-FINAL-EN.pdf\">Gu\u00eda del usuario de Spyder X<\/a>.<\/p>\n<p>Para obtener m\u00e1s informaci\u00f3n sobre los pasos necesarios para instalar y activar su Spyder X, descargue nuestra <a href=\"https:\/\/www.datacolor.com\/spyder\/wp-content\/uploads\/2023\/04\/SpyderX-QSG-FINAL-EN.pdf\">Gu\u00eda de inicio r\u00e1pido<\/a>.<\/p>\n<p>Para ver el proceso de calibraci\u00f3n, vea nuestro V\u00eddeo de demostraci\u00f3n.[\/vc_column_text][vc_empty_space][vc_row_inner][vc_column_inner width=\u00bb3\/5&#8243; offset=\u00bbvc_col-lg-offset-1\/5 vc_col-md-offset-1\/5&#8243;]<div id=\"ultimate-video-516569d07eb15a8c6\" class=\"ult-video  ult-adjust-bottom-margin ultimate-video-516569d07eb15a8c6 ultv-1284 \"><div class=\"ultv-video ultv-aspect-ratio-16_9 ultv-subscribe-responsive-none\" data-videotype=\"uv_iframe\">\n\t\t\t\t\t\t<div class=\"ultv-video__outer-wrap\" data-autoplay=\"0\" data-device=\"false\"  data-iconbg=\"#3A3A3A\" data-overcolor=\"\" data-defaultbg=\"#1f1f1e\" data-defaultplay=\"defaulticon\"><div class=\"ultv-video__play\" data-src=\"https:\/\/www.youtube.com\/embed\/ejEP1HIQIcU?rel=0&#038;start&#038;end&#038;controls=1&#038;mute=0&#038;modestbranding=0&#038;autoplay=1\">\n\t\t\t\t\t\t\t\t<img decoding=\"async\" class=\"ultv-video__thumb\" src=\"https:\/\/i.ytimg.com\/vi\/ejEP1HIQIcU\/maxresdefault.jpg\"\/>\n\t\t\t\t\t\t\t\t<div class=\"ultv-video__play-icon  ultv-animation-none\" style=\"width:75px\"><svg height=\"100%\" version=\"1.1\" viewBox=\"0 0 68 48\" width=\"100%\"><path class=\"ultv-youtube-icon-bg\" d=\"m .66,37.62 c 0,0 .66,4.70 2.70,6.77 2.58,2.71 5.98,2.63 7.49,2.91 5.43,.52 23.10,.68 23.12,.68 .00,-1.3e-5 14.29,-0.02 23.81,-0.71 1.32,-0.15 4.22,-0.17 6.81,-2.89 2.03,-2.07 2.70,-6.77 2.70,-6.77 0,0 .67,-5.52 .67,-11.04 l 0,-5.17 c 0,-5.52 -0.67,-11.04 -0.67,-11.04 0,0 -0.66,-4.70 -2.70,-6.77 C 62.03,.86 59.13,.84 57.80,.69 48.28,0 34.00,0 34.00,0 33.97,0 19.69,0 10.18,.69 8.85,.84 5.95,.86 3.36,3.58 1.32,5.65 .66,10.35 .66,10.35 c 0,0 -0.55,4.50 -0.66,9.45 l 0,8.36 c .10,4.94 .66,9.45 .66,9.45 z\" fill=\"#1f1f1e\" ><\/path><path d=\"m 26.96,13.67 18.37,9.62 -18.37,9.55 -0.00,-19.17 z\" fill=\"#fff\"><\/path><path d=\"M 45.02,23.46 45.32,23.28 26.96,13.67 43.32,22.34 45.02,23.46 z\" fill=\"#ccc\"><\/path><\/svg><\/div> <\/div> <\/div><\/div><\/div>[vc_empty_space][\/vc_column_inner][\/vc_row_inner][vc_column_text css=\u00bb.vc_custom_1682415422713{background-color: #e8e8e8 !important;}\u00bb]Si tiene preguntas o comentarios, por favor, <a href=\"https:\/\/spyder-support.datacolor.com\/hc\/en-us\/requests\/new\">Cont\u00e1ctenos<\/a>.<\/p>\n<p>Para obtener soporte y recursos adicionales, incluidas nuestras preguntas frecuentes, navegue por nuestra <a href=\"https:\/\/spyder-support.datacolor.com\/hc\/en-us\">Base de conocimientos<\/a>.[\/vc_column_text][\/vc_column][\/vc_row]<\/p>\n<\/div>","protected":false},"excerpt":{"rendered":"<p>[vc_row][vc_column width=\u00bb1\/2&#8243;][vc_empty_space][vc_column_text] Felicidades por su nuevo Spyder X [\/vc_column_text][vc_empty_space][vc_column_text]Esta p\u00e1gina le ayudar\u00e1 a instalar su calibrador y software Spyder X, as\u00ed como acceso a los mejores recursos de soporte. [\/vc_column_text][vc_empty_space][\/vc_column][vc_column width=\u00bb1\/2&#8243;][vc_empty_space][vc_single_image image=\u00bb23546&#8243; img_size=\u00bblarge\u00bb alignment=\u00bbcenter\u00bb][\/vc_column][\/vc_row][vc_row css=\u00bb.vc_custom_1682353090965{padding-top: 60px !important;padding-bottom: 60px !important;}\u00bb][vc_column][vc_column_text] Inicio r\u00e1pido de Spyder X [\/vc_column_text][vc_empty_space][vc_row_inner][vc_column_inner width=\u00bb1\/2&#8243;][vc_column_text] 1. Calentamiento del monitor Su monitor debe estar encendido &hellip;<\/p>\n","protected":false},"author":3,"featured_media":0,"parent":0,"menu_order":0,"comment_status":"closed","ping_status":"closed","template":"","meta":{"_acf_changed":false,"footnotes":""},"class_list":["post-23670","page","type-page","status-publish","hentry"],"acf":[],"_links":{"self":[{"href":"https:\/\/www.datacolor.com\/spyder\/es\/wp-json\/wp\/v2\/pages\/23670","targetHints":{"allow":["GET"]}}],"collection":[{"href":"https:\/\/www.datacolor.com\/spyder\/es\/wp-json\/wp\/v2\/pages"}],"about":[{"href":"https:\/\/www.datacolor.com\/spyder\/es\/wp-json\/wp\/v2\/types\/page"}],"author":[{"embeddable":true,"href":"https:\/\/www.datacolor.com\/spyder\/es\/wp-json\/wp\/v2\/users\/3"}],"replies":[{"embeddable":true,"href":"https:\/\/www.datacolor.com\/spyder\/es\/wp-json\/wp\/v2\/comments?post=23670"}],"version-history":[{"count":0,"href":"https:\/\/www.datacolor.com\/spyder\/es\/wp-json\/wp\/v2\/pages\/23670\/revisions"}],"wp:attachment":[{"href":"https:\/\/www.datacolor.com\/spyder\/es\/wp-json\/wp\/v2\/media?parent=23670"}],"curies":[{"name":"wp","href":"https:\/\/api.w.org\/{rel}","templated":true}]}}