{"id":25594,"date":"2023-05-03T08:46:06","date_gmt":"2023-05-03T08:46:06","guid":{"rendered":"https:\/\/new.spyder.datacolor.eu\/spyder\/productos-2\/tripode-spyder\/"},"modified":"2023-05-11T09:57:01","modified_gmt":"2023-05-11T09:57:01","slug":"tripode-spyder","status":"publish","type":"page","link":"https:\/\/www.datacolor.com\/spyder\/es\/productos\/tripode-spyder\/","title":{"rendered":"Tr\u00edpode Spyder"},"content":{"rendered":"<div class=\"wpb-content-wrapper\"><p>[vc_row css=\u00bb.vc_custom_1650570904320{margin-bottom: 20px !important;}\u00bb][vc_column]<div class=\"nm-banner-slider plugin-slick pagination-color-gray slick-slider slick-dots-disabled\" data-adaptive-height=\"true\">\r\n\t\t\t<div class=\"nm-banner content-full image-type-fluid text-color-dark subtitle-below alt-mobile-layout\" style=\"background-color: #f3f3f3;\"><img fetchpriority=\"high\" decoding=\"async\" src=\"https:\/\/www.datacolor.com\/spyder\/wp-content\/uploads\/2022\/12\/Spyder_Tripod_Pro_04_1120x572_schatten.png\" width=\"1120\" height=\"572\" alt=\"Spyder_Tripod_Pro_04_1120x572_schatten\" \/>\r\n\t\t\t\t<div class=\"nm-banner-content\">\r\n\t\t\t\t\t<div class=\"nm-banner-content-inner h_left v_top align_left\">\r\n\t\t\t\t\t\t<div class=\"nm-banner-text large\" style=\"max-width:45%;\">\r\n\t\t\t\t\t\t\t<div class=\"nm-banner-text-inner\"><h1 class=\"nm-banner-title\">Tr\u00edpode Spyder & Tr\u00edpode Spyder Pro<\/h1><\/div>\r\n\t\t\t\t\t\t<\/div>\r\n\t\t\t\t\t<\/div>\r\n\t\t\t\t<\/div>\r\n\t\t\t<\/div><\/div>[\/vc_column][\/vc_row][vc_row type=\u00bbboxed\u00bb el_id=\u00bbvideoboxes\u00bb][vc_column][vc_empty_space][vc_column_text]<\/p>\n<h2 style=\"text-align: center;\">Tr\u00edpode Spyder<\/h2>\n<p>[\/vc_column_text][vc_empty_space][vc_row_inner el_class=\u00bbvideoboxes\u00bb][vc_column_inner width=\u00bb1\/3&#8243;][vc_single_image image=\u00bb13129&#8243; img_size=\u00bbfull\u00bb onclick=\u00bbcustom_link\u00bb img_link_target=\u00bb_blank\u00bb link=\u00bbhttps:\/\/www.youtube.com\/watch?v=FpZ4yxjNN00&#8243;][vc_column_text css=\u00bb.vc_custom_1671534408733{margin-top: 32px !important;margin-bottom: 32px !important;}\u00bb el_class=\u00bbvideoblock\u00bb]<\/p>\n<h3>Spyder Tr\u00edpode Detalles<\/h3>\n<p>Con una altura de 18,5 cm y 45 g, el tr\u00edpode Spyder es lo suficientemente port\u00e1til como para llevarlo con usted en cualquier excursi\u00f3n fotogr\u00e1fica. La capacidad m\u00e1xima de carga es de 275 g.[\/vc_column_text][vc_empty_space][\/vc_column_inner][vc_column_inner width=\u00bb1\/3&#8243;][vc_single_image image=\u00bb13137&#8243; img_size=\u00bbfull\u00bb onclick=\u00bbcustom_link\u00bb img_link_target=\u00bb_blank\u00bb link=\u00bbhttps:\/\/www.youtube.com\/watch?v=VAJ21abXVC4&#8243;][vc_column_text css=\u00bb.vc_custom_1681899600901{margin-top: 32px !important;margin-bottom: 32px !important;}\u00bb el_class=\u00bbvideoblock\u00bb]<\/p>\n<h3>Uso con productos Spyder<\/h3>\n<p>Se puede utilizar con los calibradores de monitor Spyder X para una medici\u00f3n y monitorizaci\u00f3n \u00f3ptimas de la luz ambiental cuando se instala junto a un monitor. Util\u00edcelo con Spyder Cube, Spyder LensCal y Spyder Checkr como estabilizador y soporte cuando los coloque en el encuadre para su uso.[\/vc_column_text][vc_empty_space][\/vc_column_inner][vc_column_inner width=\u00bb1\/3&#8243;][vc_single_image image=\u00bb13145&#8243; img_size=\u00bbfull\u00bb onclick=\u00bbcustom_link\u00bb img_link_target=\u00bb_blank\u00bb link=\u00bbhttps:\/\/www.youtube.com\/watch?v=g9hvt_cKs8w\u00bb][vc_column_text css=\u00bb.vc_custom_1671534444899{margin-top: 32px !important;margin-bottom: 32px !important;}\u00bb el_class=\u00bbvideoblock\u00bb]<\/p>\n<h3>Estabilizaci\u00f3n de la c\u00e1mara<\/h3>\n<p>Estabiliza tu c\u00e1mara para obtener im\u00e1genes claras y n\u00edtidas en situaciones de poca luz y larga exposici\u00f3n, perfectas para fotograf\u00eda de paisajes y arquitectura, fotograf\u00eda nocturna, v\u00eddeo y vlogging.[\/vc_column_text][vc_empty_space][\/vc_column_inner][\/vc_row_inner][vc_row_inner][vc_column_inner][vc_raw_html]PGRpdiBpZD0icHJvZHVjdC1wcmljZS1pbmxpbmUiIGNsYXNzPSJwcm9kdWN0LXByaWNlIHByb2R1Y3QtcHJpY2UtaW5saW5lIj4KW2RjaS1nZXRwcmljZSBza3U9InN0cDEwMCIgL10KW2RjaS1idXlidXR0b24gc2t1PSJzdHAxMDAiIGJ1dHRvbnRleHQ9IkJ1eSBTcHlkZXIgVHJpcG9kIiAvXQo8ZGl2Pg==[\/vc_raw_html][\/vc_column_inner][\/vc_row_inner][\/vc_column][\/vc_row][vc_row type=\u00bbboxed\u00bb][vc_column][vc_empty_space][vc_column_text]<\/p>\n<h2 style=\"text-align: center;\">Tr\u00edpode Spyder Pro<\/h2>\n<p>[\/vc_column_text][vc_empty_space][vc_row_inner el_class=\u00bbvideoboxes\u00bb][vc_column_inner width=\u00bb1\/3&#8243;][vc_single_image image=\u00bb13157&#8243; img_size=\u00bbfull\u00bb onclick=\u00bbcustom_link\u00bb img_link_target=\u00bb_blank\u00bb link=\u00bbhttps:\/\/www.youtube.com\/watch?v=FpZ4yxjNN00&#8243;][vc_column_text css=\u00bb.vc_custom_1671534992442{margin-top: 32px !important;margin-bottom: 32px !important;}\u00bb el_class=\u00bbvideoblock\u00bb]<\/p>\n<h3>Spyder Tr\u00edpode Pro Detalles<\/h3>\n<p>Con una altura de 28 cm y 156 g, el Tr\u00edpode Spyder Pro ofrece una gran versatilidad e incluye un soporte para GoPro, un soporte para smartphone y un mando a distancia universal con Bluetooth para disfrutar de lo \u00faltimo en captura de im\u00e1genes y v\u00eddeo con manos libres. La capacidad m\u00e1xima de carga es de 800 g.[\/vc_column_text][vc_empty_space][\/vc_column_inner][vc_column_inner width=\u00bb1\/3&#8243;][vc_single_image image=\u00bb13165&#8243; img_size=\u00bbfull\u00bb onclick=\u00bbcustom_link\u00bb img_link_target=\u00bb_blank\u00bb link=\u00bbhttps:\/\/www.youtube.com\/watch?v=VAJ21abXVC4&#8243;][vc_column_text css=\u00bb.vc_custom_1681899607371{margin-top: 32px !important;margin-bottom: 32px !important;}\u00bb el_class=\u00bbvideoblock\u00bb]<\/p>\n<h3>Uso con productos Spyder<\/h3>\n<p>Se puede utilizar con los calibradores de monitor Spyder X para una medici\u00f3n y supervisi\u00f3n \u00f3ptimas de la luz ambiental cuando se instala junto a un monitor. Util\u00edcelo con Spyder Cube y Spyder LensCal como estabilizador y soporte cuando los coloque en el encuadre para su uso.[\/vc_column_text][vc_empty_space][\/vc_column_inner][vc_column_inner width=\u00bb1\/3&#8243;][vc_single_image image=\u00bb13173&#8243; img_size=\u00bbfull\u00bb onclick=\u00bbcustom_link\u00bb img_link_target=\u00bb_blank\u00bb link=\u00bbhttps:\/\/www.youtube.com\/watch?v=g9hvt_cKs8w\u00bb][vc_column_text css=\u00bb.vc_custom_1671535036816{margin-top: 32px !important;margin-bottom: 32px !important;}\u00bb el_class=\u00bbvideoblock\u00bb]<\/p>\n<h3>Vlogging y Auto-Bracketing<\/h3>\n<p>Su dise\u00f1o flexible permite montar la c\u00e1mara o el tel\u00e9fono en el mejor \u00e1ngulo sin tener que depender de encontrar una superficie plana, subirse a una escalera o tumbarse en el suelo. Ideal para vlogging y autorretratos, as\u00ed como autobracketing para im\u00e1genes HDR, tomas nocturnas, con poca luz, paisajes y fotograf\u00eda esc\u00e9nica.[\/vc_column_text][vc_empty_space][\/vc_column_inner][\/vc_row_inner][vc_row_inner][vc_column_inner][vc_raw_html]PGRpdiBpZD0icHJvZHVjdC1wcmljZS1pbmxpbmUiIGNsYXNzPSJwcm9kdWN0LXByaWNlIHByb2R1Y3QtcHJpY2UtaW5saW5lIj4KW2RjaS1nZXRwcmljZSBza3U9InN0cHAxMDAiIC9dCltkY2ktYnV5YnV0dG9uIHNrdT0ic3RwcDEwMCIgYnV0dG9udGV4dD0iQnV5IFNweWRlciBUcmlwb2QgUHJvIiAvXQo8ZGl2Pg==[\/vc_raw_html][\/vc_column_inner][\/vc_row_inner][\/vc_column][\/vc_row][vc_row][vc_column][vc_raw_html]W2RjaS1zcHlkZXJhd2FyZHMgY2F0ZWdvcnk9ImltYWdlLWNhcHR1cmluZyIgL10=[\/vc_raw_html][\/vc_column][\/vc_row]<\/p>\n<\/div>","protected":false},"excerpt":{"rendered":"<p>[vc_row css=\u00bb.vc_custom_1650570904320{margin-bottom: 20px !important;}\u00bb][vc_column][\/vc_column][\/vc_row][vc_row type=\u00bbboxed\u00bb el_id=\u00bbvideoboxes\u00bb][vc_column][vc_empty_space][vc_column_text] Tr\u00edpode Spyder [\/vc_column_text][vc_empty_space][vc_row_inner el_class=\u00bbvideoboxes\u00bb][vc_column_inner width=\u00bb1\/3&#8243;][vc_single_image image=\u00bb13129&#8243; img_size=\u00bbfull\u00bb onclick=\u00bbcustom_link\u00bb img_link_target=\u00bb_blank\u00bb link=\u00bbhttps:\/\/www.youtube.com\/watch?v=FpZ4yxjNN00&#8243;][vc_column_text css=\u00bb.vc_custom_1671534408733{margin-top: 32px !important;margin-bottom: 32px !important;}\u00bb el_class=\u00bbvideoblock\u00bb] Spyder Tr\u00edpode Detalles Con una altura de 18,5 cm y 45 g, el tr\u00edpode Spyder es lo suficientemente port\u00e1til como para llevarlo con usted en cualquier excursi\u00f3n fotogr\u00e1fica. La capacidad m\u00e1xima de carga &hellip;<\/p>\n","protected":false},"author":2,"featured_media":0,"parent":24736,"menu_order":0,"comment_status":"closed","ping_status":"closed","template":"","meta":{"_acf_changed":false,"footnotes":""},"class_list":["post-25594","page","type-page","status-publish","hentry"],"acf":[],"_links":{"self":[{"href":"https:\/\/www.datacolor.com\/spyder\/es\/wp-json\/wp\/v2\/pages\/25594","targetHints":{"allow":["GET"]}}],"collection":[{"href":"https:\/\/www.datacolor.com\/spyder\/es\/wp-json\/wp\/v2\/pages"}],"about":[{"href":"https:\/\/www.datacolor.com\/spyder\/es\/wp-json\/wp\/v2\/types\/page"}],"author":[{"embeddable":true,"href":"https:\/\/www.datacolor.com\/spyder\/es\/wp-json\/wp\/v2\/users\/2"}],"replies":[{"embeddable":true,"href":"https:\/\/www.datacolor.com\/spyder\/es\/wp-json\/wp\/v2\/comments?post=25594"}],"version-history":[{"count":0,"href":"https:\/\/www.datacolor.com\/spyder\/es\/wp-json\/wp\/v2\/pages\/25594\/revisions"}],"up":[{"embeddable":true,"href":"https:\/\/www.datacolor.com\/spyder\/es\/wp-json\/wp\/v2\/pages\/24736"}],"wp:attachment":[{"href":"https:\/\/www.datacolor.com\/spyder\/es\/wp-json\/wp\/v2\/media?parent=25594"}],"curies":[{"name":"wp","href":"https:\/\/api.w.org\/{rel}","templated":true}]}}