{"id":26166,"date":"2023-05-04T13:38:36","date_gmt":"2023-05-04T13:38:36","guid":{"rendered":"https:\/\/new.spyder.datacolor.eu\/spyder\/bienvenido-a-spyder-x2\/"},"modified":"2023-05-11T08:21:43","modified_gmt":"2023-05-11T08:21:43","slug":"welcome-to-spyder-x2","status":"publish","type":"page","link":"https:\/\/www.datacolor.com\/spyder\/es\/welcome-to-spyder-x2\/","title":{"rendered":"Welcome to Spyder X2"},"content":{"rendered":"<div class=\"wpb-content-wrapper\"><p>[vc_row css=\u00bb.vc_custom_1682339726830{padding-top: 60px !important;padding-bottom: 60px !important;}\u00bb][vc_column width=\u00bb2\/5&#8243;][vc_column_text]<\/p>\n<h1 class=\"mainheader\">\u00a1Enhorabuena por su nuevo Spyder X2!<\/h1>\n<p>[\/vc_column_text][vc_empty_space][vc_column_text]En esta p\u00e1gina puede descargar el software para su Spyder X2, consultar la gu\u00eda de inicio r\u00e1pido de su producto y encontrar enlaces \u00fatiles a gu\u00edas del usuario y asistencia adicional. [\/vc_column_text][vc_empty_space][\/vc_column][vc_column width=\u00bb3\/5&#8243;][vc_empty_space][vc_single_image image=\u00bb26204&#8243; img_size=\u00bb750&#215;500&#8243;][\/vc_column][\/vc_row][vc_row bg_type=\u00bbbg_color\u00bb bg_override=\u00bbfull\u00bb bg_color_value=\u00bb#e7e6e5&#8243; css=\u00bb.vc_custom_1682339704660{padding-top: 30px !important;padding-bottom: 60px !important;}\u00bb][vc_column width=\u00bb1\/2&#8243;][vc_column_text]<\/p>\n<h3 style=\"margin-bottom: 20px;\">Preparados para el \u00e9xito<\/h3>\n<p>Aqu\u00ed tienes algunos consejos \u00fatiles antes de empezar a calibrar tu monitor:<\/p>\n<ul>\n<li>Caliente el monitor durante al menos 30 minutos antes de iniciar el proceso de calibraci\u00f3n.<\/li>\n<li>Aseg\u00farate de que no incide luz directa sobre la pantalla. Es mejor trabajar en un entorno poco iluminado para los trabajos cr\u00edticos de color y las l\u00e1mparas de escritorio deben estar apagadas.<\/li>\n<li>Restablece los controles del monitor a los valores predeterminados de f\u00e1brica.<\/li>\n<li>Desactiva cualquier ajuste de los modos Brillo autom\u00e1tico o HDR\/Alto brillo antes de empezar a calibrar.<\/li>\n<\/ul>\n<p>[\/vc_column_text][vc_empty_space][\/vc_column][vc_column width=\u00bb1\/2&#8243;][vc_column_text]<\/p>\n<h3 style=\"margin-bottom: 20px;\">Gu\u00eda de inicio r\u00e1pido<\/h3>\n<ol>\n<li>Descargar e instalar software<\/li>\n<li>Conecte el dispositivo para iniciar el software<\/li>\n<li>Inicie el proceso de activaci\u00f3n\/registro (consulte el n\u00famero de serie del software dentro de la caja situada debajo del dispositivo).<\/li>\n<li>Calibrar (Ver instrucciones paso a paso m\u00e1s abajo)<\/li>\n<\/ol>\n<p>[\/vc_column_text][vc_empty_space][\/vc_column][\/vc_row][vc_row css=\u00bb.vc_custom_1682343562567{padding-top: 60px !important;padding-bottom: 60px !important;}\u00bb][vc_column width=\u00bb2\/3&#8243;][vc_column_text]<\/p>\n<h2>Descarga del software Spyder X2<\/h2>\n<p>Revise la <a href=\"https:\/\/spyderx.datacolor.com\/datacolor-spyder-software-license\/\" target=\"_blank\" rel=\"noopener\">Licencia del SoftwareDatacolor<\/a>.<\/p>\n<p><em>Todos los productos Spyder incluyen una \u00abLicencia de sitio\u00bb, para un \u00fanico propietario. Esto permite al propietario instalar y utilizar el software en todos los ordenadores (Mac o Windows), siempre que sean propiedad del titular de la licencia. Si el propietario tiene varios ordenadores, puede utilizar el producto Spyder en todos ellos. Queda prohibida la activaci\u00f3n en un ordenador que no sea propiedad del comprador o la explotaci\u00f3n como servicio a terceros.<\/em>[\/vc_column_text][\/vc_column][vc_column width=\u00bb1\/3&#8243;][vc_empty_space]<div class=\" ubtn-ctn-center \"><a class=\"ubtn-link ult-adjust-bottom-margin ubtn-center ubtn-custom \" href=\"https:\/\/goto.datacolor.com\/downloads\/win\/sxu200\" ><button type=\"button\" id=\"ubtn-3660\"  class=\"ubtn ult-adjust-bottom-margin ult-responsive ubtn-custom ubtn-fade-bg  none  ubtn-sep-icon ubtn-sep-icon-bottom-push  ubtn-center   tooltip-69d259b24ecec\"  data-hover=\"\" data-border-color=\"\" data-bg=\"#000000\" data-hover-bg=\"#aaaaaa\" data-border-hover=\"\" data-shadow-hover=\"\" data-shadow-click=\"none\" data-shadow=\"\" data-shd-shadow=\"\"  data-ultimate-target='#ubtn-3660'  data-responsive-json-new='{\"font-size\":\"desktop:18px;\",\"line-height\":\"\"}'  style=\"font-weight:normal;width:210px;min-height:56px;padding:px px;border:none;background: #000000;color: #ffffff;\"><span class=\"ubtn-data ubtn-icon\"><i class=\"Defaults-download\" style=\"font-size:22px;color:#ffffff;\"><\/i><\/span><span class=\"ubtn-hover\" style=\"background-color:#aaaaaa\"><\/span><span class=\"ubtn-data ubtn-text \" >Windows Software<\/span><\/button><\/a><\/div>[vc_empty_space height=\u00bb20px\u00bb]<div class=\" ubtn-ctn-center \"><a class=\"ubtn-link ult-adjust-bottom-margin ubtn-center ubtn-custom \" href=\"https:\/\/goto.datacolor.com\/downloads\/mac\/sxu200\" ><button type=\"button\" id=\"ubtn-6816\"  class=\"ubtn ult-adjust-bottom-margin ult-responsive ubtn-custom ubtn-fade-bg  none  ubtn-sep-icon ubtn-sep-icon-bottom-push  ubtn-center   tooltip-69d259b24ed5e\"  data-hover=\"\" data-border-color=\"\" data-bg=\"#000000\" data-hover-bg=\"#aaaaaa\" data-border-hover=\"\" data-shadow-hover=\"\" data-shadow-click=\"none\" data-shadow=\"\" data-shd-shadow=\"\"  data-ultimate-target='#ubtn-6816'  data-responsive-json-new='{\"font-size\":\"desktop:18px;\",\"line-height\":\"\"}'  style=\"font-weight:normal;width:210px;min-height:56px;padding:px px;border:none;background: #000000;color: #ffffff;\"><span class=\"ubtn-data ubtn-icon\"><i class=\"Defaults-download\" style=\"font-size:22px;color:#ffffff;\"><\/i><\/span><span class=\"ubtn-hover\" style=\"background-color:#aaaaaa\"><\/span><span class=\"ubtn-data ubtn-text \" >Software MacOS<\/span><\/button><\/a><\/div>[vc_empty_space][\/vc_column][\/vc_row][vc_row bg_type=\u00bbbg_color\u00bb bg_override=\u00bbfull\u00bb css=\u00bb.vc_custom_1682343953296{padding-top: 60px !important;padding-bottom: 60px !important;}\u00bb bg_color_value=\u00bb#e7e6e5&#8243;][vc_column][vc_column_text]<\/p>\n<h2>Apoyo adicional<\/h2>\n<p>[\/vc_column_text][vc_empty_space][vc_row_inner][vc_column_inner width=\u00bb1\/2&#8243;][vc_single_image image=\u00bb27061&#8243; img_size=\u00bb600&#215;450&#8243; onclick=\u00bbcustom_link\u00bb img_link_target=\u00bb_blank\u00bb link=\u00bbhttps:\/\/youtu.be\/Gfhmg7IFZIs\u00bb][vc_column_text]<\/p>\n<p style=\"text-align: center;\"><em>V\u00eddeo de demostraci\u00f3n del proceso de instalaci\u00f3n<\/em><\/p>\n<p>[\/vc_column_text][vc_empty_space][\/vc_column_inner][vc_column_inner width=\u00bb1\/2&#8243;][vc_single_image image=\u00bb27071&#8243; img_size=\u00bb600&#215;450&#8243; onclick=\u00bbcustom_link\u00bb img_link_target=\u00bb_blank\u00bb link=\u00bbhttps:\/\/youtu.be\/vutNFl8wDeA\u00bb][vc_column_text]<\/p>\n<p style=\"text-align: center;\"><em>V\u00eddeo de demostraci\u00f3n del proceso de calibraci\u00f3n<\/em><\/p>\n<p>[\/vc_column_text][vc_empty_space][\/vc_column_inner][\/vc_row_inner][vc_column_text]<a href=\"\/spyder\/wp-content\/uploads\/2023\/05\/Spyder-X2-Quick-Start-Guide-FINAL.pdf\">Descargar la Gu\u00eda de inicio r\u00e1pido<\/a><\/p>\n<p><a href=\"\/spyder\/wp-content\/uploads\/2023\/05\/Spyder-X2-User-Guide_Final-EN.pdf\">Descargar Gu\u00eda del usuario de Spyder X2<\/a><\/p>\n<p>Si tiene preguntas o comentarios,<a href=\"https:\/\/spyder-support.datacolor.com\/hc\/en-us\/requests\/new\" target=\"_blank\" rel=\"noopener\">p\u00f3ngase en contacto con nosotros<\/a>.<\/p>\n<p>Para consultar otras preguntas frecuentes y recursos de apoyo, <a href=\"https:\/\/spyder-support.datacolor.com\/hc\/en-us\" target=\"_blank\" rel=\"noopener\">haga clic aqu\u00ed<\/a>.[\/vc_column_text][\/vc_column][\/vc_row][vc_row css=\u00bb.vc_custom_1682345998990{padding-top: 60px !important;padding-bottom: 60px !important;}\u00bb][vc_column][vc_column_text]<\/p>\n<h2>C\u00f3mo calibrar el monitor<\/h2>\n<p>[\/vc_column_text][vc_empty_space][vc_row_inner][vc_column_inner width=\u00bb1\/4&#8243;][vc_single_image image=\u00bb26441&#8243; img_size=\u00bb500&#215;500&#8243; alignment=\u00bbcenter\u00bb][vc_empty_space][vc_column_text]<strong>1. Enchufe el dispositivo Spyder X2<\/strong><br \/>\nSu Spyder X2 incluye un puerto USB-C nativo y viene con un adaptador USB-A adicional para mayor comodidad. Siga las instrucciones paso a paso que aparecen en la pantalla.[\/vc_column_text][\/vc_column_inner][vc_column_inner width=\u00bb1\/4&#8243;][vc_single_image image=\u00bb26451&#8243; img_size=\u00bb500&#215;500&#8243; alignment=\u00bbcenter\u00bb][vc_empty_space][vc_column_text]<strong>2. Abra el software Spyder X2<\/strong><br \/>\nEl software Spyder X2 le guiar\u00e1 a trav\u00e9s del proceso de calibraci\u00f3n y configuraci\u00f3n de la pantalla en s\u00f3lo dos pantallas. Seleccione la tecnolog\u00eda de retroiluminaci\u00f3n adecuada y los controles disponibles para su pantalla a fin de garantizar la calibraci\u00f3n m\u00e1s precisa. A continuaci\u00f3n, configura el tipo de calibraci\u00f3n (curva gamma, punto blanco y nivel de luminancia) para calibrar tu pantalla y adaptarla a las necesidades de tu flujo de trabajo.[\/vc_column_text][\/vc_column_inner][vc_column_inner width=\u00bb1\/4&#8243;][vc_single_image image=\u00bb26461&#8243; img_size=\u00bb500&#215;500&#8243; alignment=\u00bbcenter\u00bb][vc_empty_space][vc_column_text]<strong>3. Colocaci\u00f3n de su Spyder X2<\/strong><br \/>\nRetire la tapa de la lente de su Spyder X2 y cuelgue la unidad sobre su pantalla, cuando se le indique. La tapa del objetivo se desliza a lo largo del cable USB conectado y se utiliza como contrapeso para mantener el sensor Spyder X2 en su lugar en la pantalla. El aparato debe asentarse a ras del monitor por su propio peso, no lo sujetes contra la pantalla. Inclina un poco la pantalla hacia atr\u00e1s, si es necesario, para mantener el dispositivo plano contra la pantalla.[\/vc_column_text][\/vc_column_inner][vc_column_inner width=\u00bb1\/4&#8243;][vc_single_image image=\u00bb26471&#8243; img_size=\u00bb500&#215;500&#8243; alignment=\u00bbcenter\u00bb][vc_empty_space][vc_column_text]<strong>4. Calibrar<\/strong><br \/>\nA continuaci\u00f3n, el software Spyder X2 crear\u00e1 un perfil de visualizaci\u00f3n personalizado que el sistema operativo del ordenador y las aplicaciones de gesti\u00f3n del color utilizar\u00e1n para corregir los colores visualizados. Siempre puedes volver a la configuraci\u00f3n predeterminada de tu monitor simplemente borrando el perfil calibrado.[\/vc_column_text][\/vc_column_inner][\/vc_row_inner][vc_empty_space][vc_column_text]\u00bfTiene alguna pregunta? Basta con hacer clic en el icono (?) para obtener ayuda sobre cualquier funci\u00f3n del programa.[\/vc_column_text][\/vc_column][\/vc_row]<\/p>\n<\/div>","protected":false},"excerpt":{"rendered":"<p>[vc_row css=\u00bb.vc_custom_1682339726830{padding-top: 60px !important;padding-bottom: 60px !important;}\u00bb][vc_column width=\u00bb2\/5&#8243;][vc_column_text] \u00a1Enhorabuena por su nuevo Spyder X2! [\/vc_column_text][vc_empty_space][vc_column_text]En esta p\u00e1gina puede descargar el software para su Spyder X2, consultar la gu\u00eda de inicio r\u00e1pido de su producto y encontrar enlaces \u00fatiles a gu\u00edas del usuario y asistencia adicional. [\/vc_column_text][vc_empty_space][\/vc_column][vc_column width=\u00bb3\/5&#8243;][vc_empty_space][vc_single_image image=\u00bb26204&#8243; img_size=\u00bb750&#215;500&#8243;][\/vc_column][\/vc_row][vc_row bg_type=\u00bbbg_color\u00bb bg_override=\u00bbfull\u00bb bg_color_value=\u00bb#e7e6e5&#8243; css=\u00bb.vc_custom_1682339704660{padding-top: 30px !important;padding-bottom: 60px &hellip;<\/p>\n","protected":false},"author":3,"featured_media":0,"parent":0,"menu_order":0,"comment_status":"closed","ping_status":"closed","template":"","meta":{"_acf_changed":false,"footnotes":""},"class_list":["post-26166","page","type-page","status-publish","hentry"],"acf":[],"_links":{"self":[{"href":"https:\/\/www.datacolor.com\/spyder\/es\/wp-json\/wp\/v2\/pages\/26166","targetHints":{"allow":["GET"]}}],"collection":[{"href":"https:\/\/www.datacolor.com\/spyder\/es\/wp-json\/wp\/v2\/pages"}],"about":[{"href":"https:\/\/www.datacolor.com\/spyder\/es\/wp-json\/wp\/v2\/types\/page"}],"author":[{"embeddable":true,"href":"https:\/\/www.datacolor.com\/spyder\/es\/wp-json\/wp\/v2\/users\/3"}],"replies":[{"embeddable":true,"href":"https:\/\/www.datacolor.com\/spyder\/es\/wp-json\/wp\/v2\/comments?post=26166"}],"version-history":[{"count":0,"href":"https:\/\/www.datacolor.com\/spyder\/es\/wp-json\/wp\/v2\/pages\/26166\/revisions"}],"wp:attachment":[{"href":"https:\/\/www.datacolor.com\/spyder\/es\/wp-json\/wp\/v2\/media?parent=26166"}],"curies":[{"name":"wp","href":"https:\/\/api.w.org\/{rel}","templated":true}]}}