{"id":29198,"date":"2023-05-23T16:05:41","date_gmt":"2023-05-23T16:05:41","guid":{"rendered":"https:\/\/new.spyder.datacolor.eu\/spyder\/welcome-to-spyderx-photo-kit\/"},"modified":"2023-10-18T09:40:29","modified_gmt":"2023-10-18T09:40:29","slug":"welcome-to-spyderx-photo-kit","status":"publish","type":"page","link":"https:\/\/www.datacolor.com\/spyder\/es\/welcome-to-spyderx-photo-kit\/","title":{"rendered":"Bienvenido a Spyder X Photo Kit"},"content":{"rendered":"<div class=\"wpb-content-wrapper\"><p>[vc_row css=\u00bb.vc_custom_1684849056130{padding-bottom: 60px !important;}\u00bb][vc_column width=\u00bb1\/2&#8243;][vc_column_text]<\/p>\n<h1 class=\"mainheader\">\u00a1Enhorabuena por su nuevo Kit fotogr\u00e1fico Spyder X!<\/h1>\n<p>[\/vc_column_text][vc_empty_space][vc_column_text]El Kit fotogr\u00e1fico Spyder X es una forma f\u00e1cil y rentable de garantizar que sus fotograf\u00edas tengan el color y la claridad que se propuso capturar. Puede descargar el software para su Kit fotogr\u00e1fico Spyder X desde esta p\u00e1gina, junto con una Gu\u00eda de inicio r\u00e1pido y una Gu\u00eda del usuario m\u00e1s completa para cada una de las herramientas. Aunque estas gu\u00edas te guiar\u00e1n paso a paso por los procesos, somos famosos por la ayuda que te prestar\u00e1 nuestro personal cualificado, que son fot\u00f3grafos como t\u00fa, as\u00ed que puedes estar seguro de que la foto que imaginas ser\u00e1 la que obtengas.<br \/>\n[\/vc_column_text][vc_empty_space][\/vc_column][vc_column width=\u00bb1\/2&#8243;][vc_empty_space][vc_single_image image=\u00bb28669&#8243; img_size=\u00bb750&#215;500&#8243; alignment=\u00bbcenter\u00bb][\/vc_column][\/vc_row][vc_row bg_type=\u00bbbg_color\u00bb bg_override=\u00bbfull\u00bb css=\u00bb.vc_custom_1684849083602{padding-top: 60px !important;padding-bottom: 60px !important;}\u00bb bg_color_value=\u00bb#e7e6e5&#8243;][vc_column width=\u00bb2\/3&#8243;][vc_column_text]<\/p>\n<h2>Descarga de software<\/h2>\n<p>Haga clic en el producto y sistema operativo apropiado para iniciar la descarga.<\/p>\n<p>Aseg\u00farese de revisar la <a href=\"https:\/\/spyderx.datacolor.com\/datacolor-spyder-software-license\/\" target=\"_blank\" rel=\"noopener\">Licencia de Software Datacolor<\/a>.[\/vc_column_text][\/vc_column][vc_column width=\u00bb1\/3&#8243;][vc_row_inner][vc_column_inner width=\u00bb1\/2&#8243;][vc_column_text]<strong>Spyder X Elite<\/strong>[\/vc_column_text][vc_empty_space height=\u00bb20px\u00bb]<div class=\" ubtn-ctn-left btn_download\"><a class=\"ubtn-link ult-adjust-bottom-margin ubtn-left ubtn-custom btn_download\" href=\"https:\/\/goto.datacolor.com\/download\/win\/sxe100\" target=\"_blank\" rel=\"noopener\" ><button type=\"button\" id=\"ubtn-4174\"  class=\"ubtn ult-adjust-bottom-margin ult-responsive ubtn-custom ubtn-no-hover-bg  none  ubtn-left   tooltip-69fa21524c187\"  data-hover=\"\" data-border-color=\"\" data-bg=\"#0a0a0a\" data-hover-bg=\"\" data-border-hover=\"\" data-shadow-hover=\"\" data-shadow-click=\"none\" data-shadow=\"\" data-shd-shadow=\"\"  data-ultimate-target='#ubtn-4174'  data-responsive-json-new='{\"font-size\":\"desktop:18px;\",\"line-height\":\"\"}'  style=\"font-weight:normal;width:210px;min-height:56px;padding:px px;border:none;background: #0a0a0a;color: #ffffff;\"><span class=\"ubtn-hover\" style=\"background-color:\"><\/span><span class=\"ubtn-data ubtn-text \" >Windows Software<\/span><\/button><\/a><\/div><div class=\" ubtn-ctn-left btn_download\"><a class=\"ubtn-link ult-adjust-bottom-margin ubtn-left ubtn-custom btn_download\" href=\"https:\/\/goto.datacolor.com\/download\/mac\/sxe100\" target=\"_blank\" rel=\"noopener\" ><button type=\"button\" id=\"ubtn-4159\"  class=\"ubtn ult-adjust-bottom-margin ult-responsive ubtn-custom ubtn-no-hover-bg  none  ubtn-left   tooltip-69fa21524c1e1\"  data-hover=\"\" data-border-color=\"\" data-bg=\"#0a0a0a\" data-hover-bg=\"\" data-border-hover=\"\" data-shadow-hover=\"\" data-shadow-click=\"none\" data-shadow=\"\" data-shd-shadow=\"\"  data-ultimate-target='#ubtn-4159'  data-responsive-json-new='{\"font-size\":\"desktop:18px;\",\"line-height\":\"\"}'  style=\"font-weight:normal;width:210px;min-height:56px;padding:px px;border:none;background: #0a0a0a;color: #ffffff;\"><span class=\"ubtn-hover\" style=\"background-color:\"><\/span><span class=\"ubtn-data ubtn-text \" >Software MacOS<\/span><\/button><\/a><\/div>[vc_empty_space][\/vc_column_inner][vc_column_inner width=\u00bb1\/2&#8243;][vc_column_text]<strong>Spyder Checkr 24<\/strong>[\/vc_column_text][vc_empty_space height=\u00bb20px\u00bb]<div class=\" ubtn-ctn-left btn_download\"><a class=\"ubtn-link ult-adjust-bottom-margin ubtn-left ubtn-custom btn_download\" href=\"https:\/\/goto.datacolor.com\/download\/win\/sck200\" target=\"_blank\" rel=\"noopener\" ><button type=\"button\" id=\"ubtn-7781\"  class=\"ubtn ult-adjust-bottom-margin ult-responsive ubtn-custom ubtn-no-hover-bg  none  ubtn-left   tooltip-69fa21524c213\"  data-hover=\"\" data-border-color=\"\" data-bg=\"#0a0a0a\" data-hover-bg=\"\" data-border-hover=\"\" data-shadow-hover=\"\" data-shadow-click=\"none\" data-shadow=\"\" data-shd-shadow=\"\"  data-ultimate-target='#ubtn-7781'  data-responsive-json-new='{\"font-size\":\"desktop:18px;\",\"line-height\":\"\"}'  style=\"font-weight:normal;width:210px;min-height:56px;padding:px px;border:none;background: #0a0a0a;color: #ffffff;\"><span class=\"ubtn-hover\" style=\"background-color:\"><\/span><span class=\"ubtn-data ubtn-text \" >Windows Software<\/span><\/button><\/a><\/div><div class=\" ubtn-ctn-left btn_download\"><a class=\"ubtn-link ult-adjust-bottom-margin ubtn-left ubtn-custom btn_download\" href=\"https:\/\/goto.datacolor.com\/download\/mac\/sck200\" target=\"_blank\" rel=\"noopener\" ><button type=\"button\" id=\"ubtn-7911\"  class=\"ubtn ult-adjust-bottom-margin ult-responsive ubtn-custom ubtn-no-hover-bg  none  ubtn-left   tooltip-69fa21524c23e\"  data-hover=\"\" data-border-color=\"\" data-bg=\"#0a0a0a\" data-hover-bg=\"\" data-border-hover=\"\" data-shadow-hover=\"\" data-shadow-click=\"none\" data-shadow=\"\" data-shd-shadow=\"\"  data-ultimate-target='#ubtn-7911'  data-responsive-json-new='{\"font-size\":\"desktop:18px;\",\"line-height\":\"\"}'  style=\"font-weight:normal;width:210px;min-height:56px;padding:px px;border:none;background: #0a0a0a;color: #ffffff;\"><span class=\"ubtn-hover\" style=\"background-color:\"><\/span><span class=\"ubtn-data ubtn-text \" >Software MacOS<\/span><\/button><\/a><\/div>[vc_empty_space][\/vc_column_inner][\/vc_row_inner][\/vc_column][\/vc_row][vc_row css=\u00bb.vc_custom_1684852847049{padding-top: 60px !important;padding-bottom: 60px !important;}\u00bb][vc_column][vc_column_text]<\/p>\n<h2>Las herramientas<\/h2>\n<p>[\/vc_column_text][vc_empty_space][vc_row_inner][vc_column_inner width=\u00bb2\/3&#8243;][vc_column_text]<\/p>\n<h3>1. Cubo Spyder<\/h3>\n<p>[\/vc_column_text][vc_empty_space][vc_column_text]Para ajustar el balance de blancos y la conversi\u00f3n RAW. A diferencia de una tarjeta de grises, Spyder Cube le permite establecer valores absolutos de blanco y negro junto con la definici\u00f3n de su gris neutro.<\/p>\n<p><a href=\"https:\/\/www.datacolor.com\/spyder\/wp-content\/uploads\/2023\/05\/Spyder-Cube-User-Guide.pdf\">Descargar la Gu\u00eda del usuario<br \/>\n<\/a><br \/>\n<a href=\"https:\/\/www.datacolor.com\/spyder\/wp-content\/uploads\/2023\/05\/Spyder-Cube-Quick-Start-Guide.pdf\">Descargar la Gu\u00eda de inicio r\u00e1pido<br \/>\n<\/a>[\/vc_column_text][vc_empty_space][\/vc_column_inner][vc_column_inner width=\u00bb1\/3&#8243;][vc_single_image image=\u00bb28525&#8243; img_size=\u00bblarge\u00bb alignment=\u00bbcenter\u00bb][vc_empty_space][\/vc_column_inner][\/vc_row_inner][vc_row_inner css=\u00bb.vc_custom_1684853377170{border-top-width: 1px !important;border-right-width: 1px !important;border-bottom-width: 1px !important;border-left-width: 1px !important;padding-top: 30px !important;padding-right: 30px !important;padding-bottom: 30px !important;padding-left: 30px !important;border-left-color: #cccccc !important;border-left-style: solid !important;border-right-color: #cccccc !important;border-right-style: solid !important;border-top-color: #cccccc !important;border-top-style: solid !important;border-bottom-color: #cccccc !important;border-bottom-style: solid !important;border-radius: 3px !important;}\u00bb][vc_column_inner][vc_column_text]<strong>Inicio r\u00e1pido<\/strong>[\/vc_column_text][vc_empty_space][vc_single_image image=\u00bb28535&#8243; img_size=\u00bblarge\u00bb alignment=\u00bbcenter\u00bb][vc_empty_space][\/vc_column_inner][\/vc_row_inner][vc_empty_space height=\u00bb60px\u00bb][vc_row_inner][vc_column_inner width=\u00bb2\/3&#8243;][vc_column_text]<\/p>\n<h3>2. Spyder Checkr 24<\/h3>\n<p>[\/vc_column_text][vc_empty_space][vc_column_text]Para una precisi\u00f3n de color de nivel superior con un preajuste HSL que puede cargar y aplicar a toda su serie de im\u00e1genes a trav\u00e9s de Lightroom, Camera Raw o Phocus.<\/p>\n<p><a href=\"https:\/\/www.datacolor.com\/spyder\/wp-content\/uploads\/2023\/05\/Spyder-Checkr-24-UserGuide.pdf\">Descargar la Gu\u00eda del usuario<br \/>\n<\/a><br \/>\n<a href=\"https:\/\/www.datacolor.com\/spyder\/wp-content\/uploads\/2023\/05\/Spyder-Checkr-24-QSG.pdf\">Descargar la Gu\u00eda de inicio r\u00e1pido<br \/>\n<\/a>[\/vc_column_text][vc_empty_space][\/vc_column_inner][vc_column_inner width=\u00bb1\/3&#8243;][vc_single_image image=\u00bb28648&#8243; img_size=\u00bblarge\u00bb alignment=\u00bbcenter\u00bb][vc_empty_space][\/vc_column_inner][\/vc_row_inner][vc_row_inner css=\u00bb.vc_custom_1684853377170{border-top-width: 1px !important;border-right-width: 1px !important;border-bottom-width: 1px !important;border-left-width: 1px !important;padding-top: 30px !important;padding-right: 30px !important;padding-bottom: 30px !important;padding-left: 30px !important;border-left-color: #cccccc !important;border-left-style: solid !important;border-right-color: #cccccc !important;border-right-style: solid !important;border-top-color: #cccccc !important;border-top-style: solid !important;border-bottom-color: #cccccc !important;border-bottom-style: solid !important;border-radius: 3px !important;}\u00bb][vc_column_inner][vc_column_text]<strong>Inicio r\u00e1pido<\/strong>[\/vc_column_text][vc_empty_space][vc_single_image image=\u00bb28658&#8243; img_size=\u00bblarge\u00bb alignment=\u00bbcenter\u00bb][vc_empty_space][\/vc_column_inner][\/vc_row_inner][vc_empty_space height=\u00bb60px\u00bb][vc_row_inner][vc_column_inner width=\u00bb2\/3&#8243;][vc_column_text]<\/p>\n<h3>3. Spyder X Elite<\/h3>\n<p>[\/vc_column_text][vc_empty_space][vc_column_text]La herramienta de calibraci\u00f3n de monitores m\u00e1s r\u00e1pida, precisa y f\u00e1cil de usar jam\u00e1s creada por Datacolor.<\/p>\n<p><a href=\"https:\/\/www.datacolor.com\/spyder\/wp-content\/uploads\/2023\/05\/SpyderX-User-Guide.pdf\">Descargar la Gu\u00eda del usuario<br \/>\n<\/a><br \/>\n<a href=\"https:\/\/www.datacolor.com\/spyder\/wp-content\/uploads\/2023\/05\/SpyderX-Quick-Start-Guide.pdf\">Descargar la Gu\u00eda de inicio r\u00e1pido<br \/>\n<\/a>[\/vc_column_text][vc_empty_space][\/vc_column_inner][vc_column_inner width=\u00bb1\/3&#8243;][vc_single_image image=\u00bb28596&#8243; img_size=\u00bblarge\u00bb alignment=\u00bbcenter\u00bb][vc_empty_space][\/vc_column_inner][\/vc_row_inner][vc_row_inner css=\u00bb.vc_custom_1684853377170{border-top-width: 1px !important;border-right-width: 1px !important;border-bottom-width: 1px !important;border-left-width: 1px !important;padding-top: 30px !important;padding-right: 30px !important;padding-bottom: 30px !important;padding-left: 30px !important;border-left-color: #cccccc !important;border-left-style: solid !important;border-right-color: #cccccc !important;border-right-style: solid !important;border-top-color: #cccccc !important;border-top-style: solid !important;border-bottom-color: #cccccc !important;border-bottom-style: solid !important;border-radius: 3px !important;}\u00bb][vc_column_inner][vc_column_text]<strong>Inicio r\u00e1pido<\/strong>[\/vc_column_text][vc_empty_space][vc_single_image image=\u00bb28606&#8243; img_size=\u00bblarge\u00bb alignment=\u00bbcenter\u00bb][vc_empty_space][\/vc_column_inner][\/vc_row_inner][\/vc_column][\/vc_row][vc_row bg_type=\u00bbbg_color\u00bb bg_override=\u00bbfull\u00bb css=\u00bb.vc_custom_1684854122986{padding-top: 60px !important;padding-bottom: 60px !important;}\u00bb bg_color_value=\u00bb#e7e6e5&#8243;][vc_column][vc_column_text]<\/p>\n<h2>Apoyo adicional<\/h2>\n<p>[\/vc_column_text][vc_empty_space][vc_column_text]Si tiene preguntas o comentarios, por favor, <a href=\"https:\/\/spyder-support.datacolor.com\/hc\/en-us\/requests\/new\" target=\"_blank\" rel=\"noopener\">Cont\u00e1ctenos<\/a>.<\/p>\n<p>Para obtener soporte y recursos adicionales, incluidas nuestras preguntas frecuentes, navegue por nuestra <a href=\"https:\/\/spyder-support.datacolor.com\/hc\/en-us\" target=\"_blank\" rel=\"noopener\">Base de conocimientos<\/a>.[\/vc_column_text][vc_empty_space][\/vc_column][\/vc_row]<\/p>\n<\/div>","protected":false},"excerpt":{"rendered":"<p>[vc_row css=\u00bb.vc_custom_1684849056130{padding-bottom: 60px !important;}\u00bb][vc_column width=\u00bb1\/2&#8243;][vc_column_text] \u00a1Enhorabuena por su nuevo Kit fotogr\u00e1fico Spyder X! [\/vc_column_text][vc_empty_space][vc_column_text]El Kit fotogr\u00e1fico Spyder X es una forma f\u00e1cil y rentable de garantizar que sus fotograf\u00edas tengan el color y la claridad que se propuso capturar. Puede descargar el software para su Kit fotogr\u00e1fico Spyder X desde esta p\u00e1gina, junto con una &hellip;<\/p>\n","protected":false},"author":3,"featured_media":0,"parent":0,"menu_order":0,"comment_status":"closed","ping_status":"closed","template":"","meta":{"_acf_changed":false,"footnotes":""},"class_list":["post-29198","page","type-page","status-publish","hentry"],"acf":[],"_links":{"self":[{"href":"https:\/\/www.datacolor.com\/spyder\/es\/wp-json\/wp\/v2\/pages\/29198","targetHints":{"allow":["GET"]}}],"collection":[{"href":"https:\/\/www.datacolor.com\/spyder\/es\/wp-json\/wp\/v2\/pages"}],"about":[{"href":"https:\/\/www.datacolor.com\/spyder\/es\/wp-json\/wp\/v2\/types\/page"}],"author":[{"embeddable":true,"href":"https:\/\/www.datacolor.com\/spyder\/es\/wp-json\/wp\/v2\/users\/3"}],"replies":[{"embeddable":true,"href":"https:\/\/www.datacolor.com\/spyder\/es\/wp-json\/wp\/v2\/comments?post=29198"}],"version-history":[{"count":0,"href":"https:\/\/www.datacolor.com\/spyder\/es\/wp-json\/wp\/v2\/pages\/29198\/revisions"}],"wp:attachment":[{"href":"https:\/\/www.datacolor.com\/spyder\/es\/wp-json\/wp\/v2\/media?parent=29198"}],"curies":[{"name":"wp","href":"https:\/\/api.w.org\/{rel}","templated":true}]}}