{"id":32811,"date":"2023-07-12T10:15:30","date_gmt":"2023-07-12T10:15:30","guid":{"rendered":"https:\/\/new.spyder.datacolor.eu\/spyder\/productos\/promo-ema\/"},"modified":"2024-12-09T08:28:45","modified_gmt":"2024-12-09T08:28:45","slug":"black-friday-2024-ema","status":"publish","type":"page","link":"https:\/\/www.datacolor.com\/spyder\/es\/productos\/black-friday-2024-ema\/","title":{"rendered":"Black Friday 2024"},"content":{"rendered":"<div class=\"wpb-content-wrapper\"><p>[vc_row][vc_column][vc_empty_space][vc_single_image image=\u00bb49218&#8243; img_size=\u00bbfull\u00bb alignment=\u00bbcenter\u00bb][vc_empty_space height=\u00bb64px\u00bb][\/vc_column][\/vc_row][vc_row css=\u00bb.vc_custom_1683036079720{padding-bottom: 60px !important;}\u00bb][vc_column][vc_column_text css=\u00bb\u00bb]<\/p>\n<h1 style=\"text-align: center; font-weight: bold;\">Disfruta de los descuentos especiales del Black Friday de Datacolor<\/h1>\n<p>&nbsp;<\/p>\n<p style=\"text-align: center;\">Ofrecemos grandes descuentos en productos Spyder seleccionados para fot\u00f3grafos, vide\u00f3grafos y creadores de contenidos, incluidos nuestros nuevos sensores de calibraci\u00f3n Spyder 2024 y SpyderPro. Ambos calibran las \u00faltimas tecnolog\u00edas de pantalla, como OLED, Mini-LED y XDR, y tambi\u00e9n ofrecen nuestra exclusiva funci\u00f3n Device Preview\u2122, que simula c\u00f3mo se mostrar\u00e1 su contenido en los \u00faltimos dispositivos tablet y smartphone. \u00a1No te pierdas esta oportunidad!<\/p>\n<p style=\"font-size: 1.5em; text-align: center;\">V\u00e1lido del: 18.11.2024 al 06.01.2025<\/p>\n<p style=\"text-align: center;\">S\u00f3lo v\u00e1lido en la UE\/Reino Unido\/CH<\/p>\n<p>[\/vc_column_text][vc_empty_space][\/vc_column][\/vc_row][vc_row][vc_column][vc_raw_html css=\u00bb\u00bb]JTVCZGNpLXNweWRlcnByb2R1Y3RzJTIwY2F0ZWdvcnklM0QlMjJwcm9tby1lbWElMjIlMjByZWdpb25vbmx5JTNEJTIyaWdub3JlJTIyJTIwJTJGJTVE[\/vc_raw_html][\/vc_column][\/vc_row]<\/p>\n<\/div>","protected":false},"excerpt":{"rendered":"<p>[vc_row][vc_column][vc_empty_space][vc_single_image image=\u00bb49218&#8243; img_size=\u00bbfull\u00bb alignment=\u00bbcenter\u00bb][vc_empty_space height=\u00bb64px\u00bb][\/vc_column][\/vc_row][vc_row css=\u00bb.vc_custom_1683036079720{padding-bottom: 60px !important;}\u00bb][vc_column][vc_column_text css=\u00bb\u00bb] Disfruta de los descuentos especiales del Black Friday de Datacolor &nbsp; Ofrecemos grandes descuentos en productos Spyder seleccionados para fot\u00f3grafos, vide\u00f3grafos y creadores de contenidos, incluidos nuestros nuevos sensores de calibraci\u00f3n Spyder 2024 y SpyderPro. Ambos calibran las \u00faltimas tecnolog\u00edas de pantalla, como OLED, Mini-LED y &hellip;<\/p>\n","protected":false},"author":2,"featured_media":0,"parent":24736,"menu_order":0,"comment_status":"closed","ping_status":"closed","template":"templates\/page-spyder-products.php","meta":{"_acf_changed":false,"footnotes":""},"class_list":["post-32811","page","type-page","status-publish","hentry"],"acf":[],"_links":{"self":[{"href":"https:\/\/www.datacolor.com\/spyder\/es\/wp-json\/wp\/v2\/pages\/32811","targetHints":{"allow":["GET"]}}],"collection":[{"href":"https:\/\/www.datacolor.com\/spyder\/es\/wp-json\/wp\/v2\/pages"}],"about":[{"href":"https:\/\/www.datacolor.com\/spyder\/es\/wp-json\/wp\/v2\/types\/page"}],"author":[{"embeddable":true,"href":"https:\/\/www.datacolor.com\/spyder\/es\/wp-json\/wp\/v2\/users\/2"}],"replies":[{"embeddable":true,"href":"https:\/\/www.datacolor.com\/spyder\/es\/wp-json\/wp\/v2\/comments?post=32811"}],"version-history":[{"count":0,"href":"https:\/\/www.datacolor.com\/spyder\/es\/wp-json\/wp\/v2\/pages\/32811\/revisions"}],"up":[{"embeddable":true,"href":"https:\/\/www.datacolor.com\/spyder\/es\/wp-json\/wp\/v2\/pages\/24736"}],"wp:attachment":[{"href":"https:\/\/www.datacolor.com\/spyder\/es\/wp-json\/wp\/v2\/media?parent=32811"}],"curies":[{"name":"wp","href":"https:\/\/api.w.org\/{rel}","templated":true}]}}