{"id":42611,"date":"2024-05-06T07:38:40","date_gmt":"2024-05-06T07:38:40","guid":{"rendered":"https:\/\/dev2024.spyder.datacolor.eu\/spyder\/productos\/spyder-checkr-card-sets\/"},"modified":"2024-05-07T14:00:20","modified_gmt":"2024-05-07T14:00:20","slug":"spyder-checkr-card-sets","status":"publish","type":"page","link":"https:\/\/www.datacolor.com\/spyder\/es\/productos\/spyder-checkr-card-sets\/","title":{"rendered":"Juegos de cartas Spyder Checkr"},"content":{"rendered":"<div class=\"wpb-content-wrapper\"><p>[vc_row][vc_column width=\u00bb3\/5&#8243;][vc_empty_space][vc_gallery interval=\u00bb3&#8243; images=\u00bb42351&#8243; img_size=\u00bb750&#215;500&#8243; el_class=\u00bbproduct_images\u00bb][vc_empty_space][\/vc_column][vc_column width=\u00bb2\/5&#8243;][vc_column_text]<\/p>\n<h1 class=\"mainheader\">Juegos de cartas Spyder Checkr<\/h1>\n<h2 class=\"subheader\">Aproveche la versatilidad de su Spyder Checkr Photo o Spyder Checkr Video ampliando su selecci\u00f3n de tarjetas de objetivo para incluir uno de estos juegos de tarjetas Spyder Checkr. Adquiera el juego de tarjetas de v\u00eddeo si ya posee un Spyder Checkr Photo, o el juego de tarjetas de fotograf\u00eda si ya posee un Spyder Checkr Video, para asegurarse de que todos sus flujos de trabajo sean \u00e1giles y precisos.<\/h2>\n<p>[\/vc_column_text][vc_empty_space][\/vc_column][\/vc_row][vc_row][vc_column][vc_empty_space][\/vc_column][\/vc_row][vc_row][vc_column width=\u00bb1\/2&#8243;][vc_single_image image=\u00bb42475&#8243; img_size=\u00bbfull\u00bb][vc_empty_space][vc_column_text el_class=\u00bbproduct-text-container\u00bb]<\/p>\n<h2>Juego de tarjetas de Spyder Checkr Video<\/h2>\n<p>Para los propietarios de Spyder Checkr Photo, a\u00f1ada este juego de tarjetas de v\u00eddeo Spyder Checkr para personalizar a la perfecci\u00f3n sus objetivos Checkr y adaptarlos a su flujo de trabajo espec\u00edfico. El Video Card Set incluye:<\/p>\n<ul>\n<li>5 tarjetas de color de v\u00eddeo de alto brillo intercambiables, incluida una tarjeta de patr\u00f3n de color pendiente de patente, dise\u00f1ada para aprovechar el procesamiento de v\u00eddeo y obtener una precisi\u00f3n de color m\u00e1s precisa y matizada. Esta tarjeta tiene 12 parches de color en una configuraci\u00f3n \u00fanica con un parche de color negro, gris y blanco en el centro, adem\u00e1s de 6 mosaicos de tono de piel.<\/li>\n<li>Una tarjeta de escala de grises degradada que incluye (2) barras de escala de grises de 11 pasos, adem\u00e1s de 3 barras s\u00f3lidas de blanco, negro y gris al 50%, para captar todos los detalles.<\/li>\n<li>Una tarjeta de parches de color de dise\u00f1o est\u00e1ndar (\u00fatil para trabajos fotogr\u00e1ficos h\u00edbridos) que incluye 12 parches de color, 6 parches de tono de piel y una barra de negro, blanco y gris al 50%.<\/li>\n<li>Una tarjeta s\u00f3lida de color gris neutro para el balance de blancos.<\/li>\n<li>Una tarjeta de estrella de enfoque.<\/li>\n<\/ul>\n<p>[\/vc_column_text][vc_empty_space][vc_column_text]<div id=\"dci-getprice-container\">\n  <div id=\"dci-getprice-request\" data-sku=\"SCV3FRC\" data-language=\"es\" data-promotext=\"Sale:\">Requesting price...<\/div>\n<\/div> \n[\/vc_column_text][vc_empty_space]\r\n\t\t\t<div class=\"nm_btn_align_left\">\r\n\t\t\t\t<a href=\"https:\/\/goto.datacolor.com\/webshop\/buynow\/scv3-frc\" class=\"nm_btn nm_btn_md nm_btn_filled\" title=\"Juego de tarjetas de Spyder Checkr Photo\">\r\n\t\t\t\t\t<span class=\"nm_btn_title\">A\u00f1adir a la cesta<\/span>\r\n\t\t\t\t\t<span class=\"nm_btn_bg\" style=\"background-color:#dd3333;\"><\/span>\r\n\t\t\t\t<\/a>\r\n\t\t\t<\/div>[\/vc_column][vc_column width=\u00bb1\/2&#8243;][vc_single_image image=\u00bb42485&#8243; img_size=\u00bbfull\u00bb][vc_empty_space][vc_column_text el_class=\u00bbproduct-text-container\u00bb]<\/p>\n<h2>Juego de tarjetas de Spyder Checkr Photo<\/h2>\n<p>Para los propietarios de Spyder Checkr Video, a\u00f1ada este Spyder Checkr Photo Card Set para personalizar perfectamente sus objetivos Checkr para satisfacer su flujo de trabajo espec\u00edfico. El juego de tarjetas fotogr\u00e1ficas incluye:<\/p>\n<ul>\n<li>4 tarjetas de referencia ultramate con una amplia recopilaci\u00f3n de 62 campos de color y grises. En detalle: 30 tonos de color + 6 tonos de piel; 12 niveles de gris; una tarjeta de grises y una tarjeta de balance de blancos, cada una con una cu\u00f1a de grises adicional.<\/li>\n<li>Las tarjetas intercambiables est\u00e1n optimizadas en su composici\u00f3n para las m\u00e1s diversas \u00e1reas de la fotograf\u00eda: tonos de piel ampliados para retratos; tarjetas grandes para un sencillo balance de blancos\/grises; escala de grises de 12 niveles para una exposici\u00f3n perfecta, un ajuste m\u00e1s fino de los detalles y una r\u00e1pida comprobaci\u00f3n del rango din\u00e1mico.<\/li>\n<li>Las tarjetas ultramates proporcionan los colores m\u00e1s intensos y los negros m\u00e1s profundos, garantizando una coincidencia de color precisa y real en todas las condiciones de iluminaci\u00f3n gracias a su baja reflexi\u00f3n.<\/li>\n<li>Incluye licencia de uso del software Spyder Checkr.<\/li>\n<\/ul>\n<p>[\/vc_column_text][vc_empty_space][vc_column_text]<div id=\"dci-getprice-container\">\n  <div id=\"dci-getprice-request\" data-sku=\"SCK3FRC\" data-language=\"es\" data-promotext=\"Sale:\">Requesting price...<\/div>\n<\/div> \n[\/vc_column_text][vc_empty_space]\r\n\t\t\t<div class=\"nm_btn_align_left\">\r\n\t\t\t\t<a href=\"https:\/\/goto.datacolor.com\/webshop\/buynow\/sck3-frc\" class=\"nm_btn nm_btn_md nm_btn_filled\" title=\"Juego de tarjetas de Spyder Checkr Photo\">\r\n\t\t\t\t\t<span class=\"nm_btn_title\">A\u00f1adir a la cesta<\/span>\r\n\t\t\t\t\t<span class=\"nm_btn_bg\" style=\"background-color:#dd3333;\"><\/span>\r\n\t\t\t\t<\/a>\r\n\t\t\t<\/div>[\/vc_column][\/vc_row][vc_row][vc_column][vc_empty_space height=\u00bb64&#8243;][vc_separator][vc_empty_space height=\u00bb64&#8243;][vc_column_text]<\/p>\n<h3>Tarjetas de repuesto individuales para Spyder Checkr Photo y Spyder Checkr Video<\/h3>\n<p>\u00bfHa perdido una tarjeta o se le ha da\u00f1ado? P\u00f3ngase en contacto con nuestro <a href=\"https:\/\/spyder-support.datacolor.com\/\" target=\"_blank\" rel=\"noopener\"><u>equipo de asistencia<\/u><\/a> que puede ayudarle a comprar tarjetas individuales[\/vc_column_text][vc_empty_space height=\u00bb32&#8243;][\/vc_column][\/vc_row][vc_row disable_element=\u00bbyes\u00bb][vc_column][vc_empty_space height=\u00bb64&#8243;][vc_separator][vc_empty_space height=\u00bb64&#8243;][vc_column_text]<\/p>\n<h3>Tarjetas individuales &#8211; para Spyder Checkr Video<\/h3>\n<p>[\/vc_column_text][vc_empty_space height=\u00bb32&#8243;][\/vc_column][\/vc_row][vc_row disable_element=\u00bbyes\u00bb][vc_column width=\u00bb1\/3&#8243;][vc_single_image][vc_empty_space][vc_column_text el_class=\u00bbproduct-text-container\u00bb]<\/p>\n<h4>V\u00eddeo Tarjeta de patr\u00f3n de color<\/h4>\n<p>La tarjeta de patrones de color utiliza nuestro nuevo dise\u00f1o pendiente de patente para facilitar la comprensi\u00f3n de la correcci\u00f3n del color mediante vectorscopios. La carta de colores est\u00e1 desarrollada para el espacio de color Rec.709.[\/vc_column_text][vc_empty_space][vc_column_text]<div id=\"dci-getprice-container\">\n  <div id=\"dci-getprice-request\" data-sku=\"STP100\" data-language=\"es\" data-promotext=\"Sale:\">Requesting price...<\/div>\n<\/div> \n[\/vc_column_text][vc_empty_space]\r\n\t\t\t<div class=\"nm_btn_align_left\">\r\n\t\t\t\t<a href=\"https:\/\/goto.datacolor.com\/webshop\/buynow\/slc100\" class=\"nm_btn nm_btn_md nm_btn_filled\" title=\"Comprar Spyder LensCal\">\r\n\t\t\t\t\t<span class=\"nm_btn_title\">A\u00f1adir a la cesta<\/span>\r\n\t\t\t\t\t<span class=\"nm_btn_bg\" style=\"background-color:#dd3333;\"><\/span>\r\n\t\t\t\t<\/a>\r\n\t\t\t<\/div>[\/vc_column][vc_column width=\u00bb1\/3&#8243;][vc_single_image][vc_empty_space][vc_column_text el_class=\u00bbproduct-text-container\u00bb]<\/p>\n<h4>Tarjeta de parche de v\u00eddeo en color<\/h4>\n<p>Incluye los mismos colores que la Tarjeta de Patr\u00f3n de Color, ofreciendo a los usuarios otra opci\u00f3n de flujo de trabajo para mayor comodidad. La carta de colores est\u00e1 desarrollada para el espacio de color Rec.709.[\/vc_column_text][vc_empty_space][vc_column_text]<div id=\"dci-getprice-container\">\n  <div id=\"dci-getprice-request\" data-sku=\"STP100\" data-language=\"es\" data-promotext=\"Sale:\">Requesting price...<\/div>\n<\/div> \n[\/vc_column_text][vc_empty_space]\r\n\t\t\t<div class=\"nm_btn_align_left\">\r\n\t\t\t\t<a href=\"https:\/\/goto.datacolor.com\/webshop\/buynow\/slc100\" class=\"nm_btn nm_btn_md nm_btn_filled\" title=\"Comprar Spyder LensCal\">\r\n\t\t\t\t\t<span class=\"nm_btn_title\">A\u00f1adir a la cesta<\/span>\r\n\t\t\t\t\t<span class=\"nm_btn_bg\" style=\"background-color:#dd3333;\"><\/span>\r\n\t\t\t\t<\/a>\r\n\t\t\t<\/div>[\/vc_column][vc_column width=\u00bb1\/3&#8243;][vc_single_image][vc_empty_space][vc_column_text el_class=\u00bbproduct-text-container\u00bb]<\/p>\n<h4>Tarjeta de saldo gris<\/h4>\n<p>Tarjeta gris s\u00f3lida y neutra para el balance de blancos.[\/vc_column_text][vc_empty_space][vc_column_text]<div id=\"dci-getprice-container\">\n  <div id=\"dci-getprice-request\" data-sku=\"STP100\" data-language=\"es\" data-promotext=\"Sale:\">Requesting price...<\/div>\n<\/div> \n[\/vc_column_text][vc_empty_space]\r\n\t\t\t<div class=\"nm_btn_align_left\">\r\n\t\t\t\t<a href=\"https:\/\/goto.datacolor.com\/webshop\/buynow\/slc100\" class=\"nm_btn nm_btn_md nm_btn_filled\" title=\"Comprar Spyder LensCal\">\r\n\t\t\t\t\t<span class=\"nm_btn_title\">A\u00f1adir a la cesta<\/span>\r\n\t\t\t\t\t<span class=\"nm_btn_bg\" style=\"background-color:#dd3333;\"><\/span>\r\n\t\t\t\t<\/a>\r\n\t\t\t<\/div>[\/vc_column][\/vc_row][vc_row disable_element=\u00bbyes\u00bb][vc_column][vc_empty_space height=\u00bb64&#8243;][\/vc_column][\/vc_row][vc_row disable_element=\u00bbyes\u00bb][vc_column width=\u00bb1\/3&#8243;][vc_single_image][vc_empty_space][vc_column_text el_class=\u00bbproduct-text-container\u00bb]<\/p>\n<h4>Tarjeta de v\u00eddeo en escala de grises<\/h4>\n<p>Esta tarjeta est\u00e1 dise\u00f1ada para proporcionar puntos de referencia precisos tanto para los niveles de exposici\u00f3n como de contraste. Contiene dos barras de escala de grises de 11 pasos, Blanco Brillante, Gris al 50% y Negro.<\/p>\n<p>[\/vc_column_text][vc_empty_space][vc_column_text]<div id=\"dci-getprice-container\">\n  <div id=\"dci-getprice-request\" data-sku=\"STP100\" data-language=\"es\" data-promotext=\"Sale:\">Requesting price...<\/div>\n<\/div> \n[\/vc_column_text][vc_empty_space]\r\n\t\t\t<div class=\"nm_btn_align_left\">\r\n\t\t\t\t<a href=\"https:\/\/goto.datacolor.com\/webshop\/buynow\/slc100\" class=\"nm_btn nm_btn_md nm_btn_filled\" title=\"Comprar Spyder LensCal\">\r\n\t\t\t\t\t<span class=\"nm_btn_title\">A\u00f1adir a la cesta<\/span>\r\n\t\t\t\t\t<span class=\"nm_btn_bg\" style=\"background-color:#dd3333;\"><\/span>\r\n\t\t\t\t<\/a>\r\n\t\t\t<\/div>[\/vc_column][vc_column width=\u00bb1\/3&#8243;][vc_single_image][vc_empty_space][vc_column_text el_class=\u00bbproduct-text-container\u00bb]<\/p>\n<h4>Estrella Focus<\/h4>\n<p>Para ajustar con precisi\u00f3n el punto de enfoque[\/vc_column_text][vc_empty_space][vc_column_text]<div id=\"dci-getprice-container\">\n  <div id=\"dci-getprice-request\" data-sku=\"STP100\" data-language=\"es\" data-promotext=\"Sale:\">Requesting price...<\/div>\n<\/div> \n[\/vc_column_text][vc_empty_space]\r\n\t\t\t<div class=\"nm_btn_align_left\">\r\n\t\t\t\t<a href=\"https:\/\/goto.datacolor.com\/webshop\/buynow\/slc100\" class=\"nm_btn nm_btn_md nm_btn_filled\" title=\"Comprar Spyder LensCal\">\r\n\t\t\t\t\t<span class=\"nm_btn_title\">A\u00f1adir a la cesta<\/span>\r\n\t\t\t\t\t<span class=\"nm_btn_bg\" style=\"background-color:#dd3333;\"><\/span>\r\n\t\t\t\t<\/a>\r\n\t\t\t<\/div>[\/vc_column][vc_column width=\u00bb1\/3&#8243;][\/vc_column][\/vc_row][vc_row disable_element=\u00bbyes\u00bb][vc_column][vc_empty_space height=\u00bb64&#8243;][vc_separator][vc_empty_space height=\u00bb64&#8243;][vc_column_text]<\/p>\n<h3>Tarjetas individuales &#8211; para Spyder Checkr Photo<\/h3>\n<p>[\/vc_column_text][vc_empty_space height=\u00bb32&#8243;][\/vc_column][\/vc_row][vc_row disable_element=\u00bbyes\u00bb][vc_column width=\u00bb1\/3&#8243;][vc_single_image][vc_empty_space][vc_column_text el_class=\u00bbproduct-text-container\u00bb]<\/p>\n<h4>Tarjeta de Balance de Blancos<\/h4>\n<p>Para la creaci\u00f3n de un pr\u00e4zisen Wei\u00dfabgleichs y de Belichtungseinstellungen. Definici\u00f3n precisa de los detalles de las im\u00e1genes.<br \/>\n[\/vc_column_text][vc_empty_space][vc_column_text]<div id=\"dci-getprice-container\">\n  <div id=\"dci-getprice-request\" data-sku=\"STP100\" data-language=\"es\" data-promotext=\"Sale:\">Requesting price...<\/div>\n<\/div> \n[\/vc_column_text][vc_empty_space]\r\n\t\t\t<div class=\"nm_btn_align_left\">\r\n\t\t\t\t<a href=\"https:\/\/goto.datacolor.com\/webshop\/buynow\/slc100\" class=\"nm_btn nm_btn_md nm_btn_filled\" title=\"Comprar Spyder LensCal\">\r\n\t\t\t\t\t<span class=\"nm_btn_title\">A\u00f1adir a la cesta<\/span>\r\n\t\t\t\t\t<span class=\"nm_btn_bg\" style=\"background-color:#dd3333;\"><\/span>\r\n\t\t\t\t<\/a>\r\n\t\t\t<\/div>[\/vc_column][vc_column width=\u00bb1\/3&#8243;][vc_single_image][vc_empty_space][vc_column_text el_class=\u00bbproduct-text-container\u00bb]<\/p>\n<h4>Tarjeta de saldo gris<\/h4>\n<p>Graukarte zur Definition des Wei\u00dfabgleichs sowie f\u00fcr die Einstellung der Belichtung und des Wei\u00dfabgleichs in der Kamera. [\/vc_column_text][vc_empty_space][vc_column_text]<div id=\"dci-getprice-container\">\n  <div id=\"dci-getprice-request\" data-sku=\"STP100\" data-language=\"es\" data-promotext=\"Sale:\">Requesting price...<\/div>\n<\/div> \n[\/vc_column_text][vc_empty_space]\r\n\t\t\t<div class=\"nm_btn_align_left\">\r\n\t\t\t\t<a href=\"https:\/\/goto.datacolor.com\/webshop\/buynow\/slc100\" class=\"nm_btn nm_btn_md nm_btn_filled\" title=\"Comprar Spyder LensCal\">\r\n\t\t\t\t\t<span class=\"nm_btn_title\">A\u00f1adir a la cesta<\/span>\r\n\t\t\t\t\t<span class=\"nm_btn_bg\" style=\"background-color:#dd3333;\"><\/span>\r\n\t\t\t\t<\/a>\r\n\t\t\t<\/div>[\/vc_column][vc_column width=\u00bb1\/3&#8243;][vc_single_image][vc_empty_space][vc_column_text el_class=\u00bbproduct-text-container\u00bb]<\/p>\n<h4>Farbkarte 1<\/h4>\n<p>Farbkarte zur Farbkorrektur der Prim\u00e4rfarben[\/vc_column_text][vc_empty_space][vc_column_text]<div id=\"dci-getprice-container\">\n  <div id=\"dci-getprice-request\" data-sku=\"STP100\" data-language=\"es\" data-promotext=\"Sale:\">Requesting price...<\/div>\n<\/div> \n[\/vc_column_text][vc_empty_space]\r\n\t\t\t<div class=\"nm_btn_align_left\">\r\n\t\t\t\t<a href=\"https:\/\/goto.datacolor.com\/webshop\/buynow\/slc100\" class=\"nm_btn nm_btn_md nm_btn_filled\" title=\"Comprar Spyder LensCal\">\r\n\t\t\t\t\t<span class=\"nm_btn_title\">A\u00f1adir a la cesta<\/span>\r\n\t\t\t\t\t<span class=\"nm_btn_bg\" style=\"background-color:#dd3333;\"><\/span>\r\n\t\t\t\t<\/a>\r\n\t\t\t<\/div>[\/vc_column][\/vc_row][vc_row disable_element=\u00bbyes\u00bb][vc_column][vc_empty_space height=\u00bb64&#8243;][\/vc_column][\/vc_row][vc_row disable_element=\u00bbyes\u00bb][vc_column width=\u00bb1\/3&#8243;][vc_single_image][vc_empty_space][vc_column_text el_class=\u00bbproduct-text-container\u00bb]<\/p>\n<h4>Farbkarte 2<\/h4>\n<p>Farbkarte zur pr\u00e4ziseren Farbkorrektur von Hautt\u00f6nen sowie Pastellfarben.[\/vc_column_text][vc_empty_space][vc_column_text]<div id=\"dci-getprice-container\">\n  <div id=\"dci-getprice-request\" data-sku=\"STP100\" data-language=\"es\" data-promotext=\"Sale:\">Requesting price...<\/div>\n<\/div> \n[\/vc_column_text][vc_empty_space]\r\n\t\t\t<div class=\"nm_btn_align_left\">\r\n\t\t\t\t<a href=\"https:\/\/goto.datacolor.com\/webshop\/buynow\/slc100\" class=\"nm_btn nm_btn_md nm_btn_filled\" title=\"Comprar Spyder LensCal\">\r\n\t\t\t\t\t<span class=\"nm_btn_title\">A\u00f1adir a la cesta<\/span>\r\n\t\t\t\t\t<span class=\"nm_btn_bg\" style=\"background-color:#dd3333;\"><\/span>\r\n\t\t\t\t<\/a>\r\n\t\t\t<\/div>[\/vc_column][vc_column width=\u00bb1\/3&#8243;][\/vc_column][vc_column width=\u00bb1\/3&#8243;][\/vc_column][\/vc_row][vc_row][vc_column][vc_empty_space height=\u00bb64&#8243;][\/vc_column][\/vc_row][vc_row bg_type=\u00bbbg_color\u00bb bg_override=\u00bbfull\u00bb bg_color_value=\u00bb#e7e6e5&#8243; css=\u00bb.vc_custom_1681378159441{margin-top: 30px !important;padding-top: 60px !important;padding-bottom: 60px !important;}\u00bb][vc_column width=\u00bb1\/2&#8243;]\r\n\t\t\t<div class=\"nm_btn_align_center\">\r\n\t\t\t\t<a href=\"\" class=\"nm_btn nm_btn_lg nm_btn_filled\">\r\n\t\t\t\t\t<span class=\"nm_btn_title\">\u00bfNecesita m\u00e1s ayuda?<\/span>\r\n\t\t\t\t\t<span class=\"nm_btn_bg\" style=\"background-color:#000000;\"><\/span>\r\n\t\t\t\t<\/a>\r\n\t\t\t<\/div>[\/vc_column][vc_column width=\u00bb1\/2&#8243;]\r\n\t\t\t<div class=\"nm_btn_align_center\">\r\n\t\t\t\t<a href=\"https:\/\/www.datacolor.com\/spyder\/spyder-monitor-calibrators\/\" class=\"nm_btn nm_btn_lg nm_btn_filled\" title=\"Calibradores de monitor Spyder\">\r\n\t\t\t\t\t<span class=\"nm_btn_title\">\u00bfPor qu\u00e9 calibrar el monitor?<\/span>\r\n\t\t\t\t\t<span class=\"nm_btn_bg\" style=\"background-color:#000000;\"><\/span>\r\n\t\t\t\t<\/a>\r\n\t\t\t<\/div>[\/vc_column][\/vc_row][vc_row css=\u00bb.vc_custom_1679491516376{padding-top: 30px !important;padding-bottom: 30px !important;}\u00bb][vc_column][vc_column_text]<\/p>\n<h2 style=\"border-bottom: solid 1px #ccc; padding-bottom: 5px; margin-bottom: 30px;\">Tambi\u00e9n le puede interesar<\/h2>\n<p>[\/vc_column_text][vc_empty_space]<div id=\"ult-carousel-41377161069d51ab77dd6e\" class=\"ult-carousel-wrapper   ult_horizontal\" data-gutter=\"15\" data-rtl=\"false\" ><div class=\"ult-carousel-318059215469d51ab77dd4b \" >[vc_row_inner][vc_column_inner][vc_column_text]<div class=\"ult-item-wrap\" data-animation=\"animated no-animation\"><\/div>[\/vc_column_text][\/vc_column_inner][\/vc_row_inner][vc_row_inner][vc_column_inner][vc_column_text]<div class=\"ult-item-wrap\" data-animation=\"animated no-animation\"><div class=\"vc_single_image-wrapper vc_box_border_grey\"><a href=\"https:\/\/www.datacolor.com\/spyder\/es\/productos\/spyder-checkr-photo\/\"><img decoding=\"async\" class=\"vc_single_image-img \" src=\"https:\/\/www.datacolor.com\/spyder\/wp-content\/uploads\/2022\/08\/SpyderCheckrPhoto-Product-Image-750x500-1-400x300.jpg\" width=\"400\"><\/a><\/div><a href=\"https:\/\/www.datacolor.com\/spyder\/es\/productos\/spyder-checkr-photo\/\"><div class=\"wpb_wrapper\"><p><strong>Spyder Checkr Photo<\/strong><br><\/p><\/div><\/a><\/div>[\/vc_column_text][\/vc_column_inner][\/vc_row_inner][vc_row_inner][vc_column_inner][vc_column_text]<div class=\"ult-item-wrap\" data-animation=\"animated no-animation\"><div class=\"vc_single_image-wrapper vc_box_border_grey\"><a href=\"\/spyder\/products\/\"><img decoding=\"async\" class=\"vc_single_image-img \" src=\"https:\/\/www.datacolor.com\/spyder\/wp-content\/uploads\/2022\/12\/Datacolor-Spyder-Cube_750x500-400x300.jpg\" width=\"400\"><\/a><\/div><a href=\"\/spyder\/products\/\"><div class=\"wpb_wrapper\"><p><strong>Spyder Cube<\/strong><br><\/p><\/div><\/a><\/div>[\/vc_column_text][\/vc_column_inner][\/vc_row_inner][vc_row_inner][vc_column_inner][vc_column_text]<div class=\"ult-item-wrap\" data-animation=\"animated no-animation\"><div class=\"vc_single_image-wrapper vc_box_border_grey\"><a href=\"\/spyder\/products\/\"><img decoding=\"async\" class=\"vc_single_image-img \" src=\"https:\/\/www.datacolor.com\/spyder\/wp-content\/uploads\/2022\/12\/Datacolor-Spyder-Lenscal_750x500.jpg\" width=\"1\"><\/a><\/div><a href=\"\/spyder\/products\/\"><div class=\"wpb_wrapper\"><p><strong>Spyder LensCal<\/strong><br><\/p><\/div><\/a><\/div>[\/vc_column_text][\/vc_column_inner][\/vc_row_inner][vc_row_inner][vc_column_inner][vc_column_text]<div class=\"ult-item-wrap\" data-animation=\"animated no-animation\"><div class=\"vc_single_image-wrapper vc_box_border_grey\"><a href=\"https:\/\/www.datacolor.com\/colorreader\/products\/colorreader\/\"><img decoding=\"async\" class=\"vc_single_image-img \" src=\"https:\/\/www.datacolor.com\/spyder\/wp-content\/uploads\/2023\/04\/Colorreader-Phone_750x500.jpg\" width=\"1\"><\/a><\/div><a href=\"https:\/\/www.datacolor.com\/colorreader\/products\/colorreader\/\"><div class=\"wpb_wrapper\"><p><strong>ColorReader<\/strong><br><\/p><\/div><\/a><\/div>[\/vc_column_text][\/vc_column_inner][\/vc_row_inner]<\/div><\/div>\t\t\t<script type=\"text\/javascript\">\n\t\t\t\tjQuery(document).ready(function ($) {\n\t\t\t\t\tif( typeof jQuery('.ult-carousel-318059215469d51ab77dd4b').slick == \"function\"){\n\t\t\t\t\t\t$('.ult-carousel-318059215469d51ab77dd4b').slick({dots: true,autoplaySpeed: \"5000\",speed: \"300\",infinite: true,arrows: true,nextArrow: '<button type=\"button\" role=\"button\" aria-label=\"Next\" style=\"color:#333333; font-size:20px;\" class=\"slick-next default\"><i class=\"ultsl-arrow-right4\"><\/i><\/button>',prevArrow: '<button type=\"button\" role=\"button\" aria-label=\"Previous\" style=\"color:#333333; font-size:20px;\" class=\"slick-prev default\"><i class=\"ultsl-arrow-left4\"><\/i><\/button>',slidesToScroll:5,slidesToShow:5,swipe: true,draggable: true,touchMove: true,pauseOnHover: true,pauseOnFocus: false,responsive: [\n\t\t\t\t\t\t\t{\n\t\t\t\t\t\t\t  breakpoint: 1026,\n\t\t\t\t\t\t\t  settings: {\n\t\t\t\t\t\t\t\tslidesToShow: 5,\n\t\t\t\t\t\t\t\tslidesToScroll: 5,  \n\t\t\t\t\t\t\t  }\n\t\t\t\t\t\t\t},\n\t\t\t\t\t\t\t{\n\t\t\t\t\t\t\t  breakpoint: 1025,\n\t\t\t\t\t\t\t  settings: {\n\t\t\t\t\t\t\t\tslidesToShow: 3,\n\t\t\t\t\t\t\t\tslidesToScroll: 3\n\t\t\t\t\t\t\t  }\n\t\t\t\t\t\t\t},\n\t\t\t\t\t\t\t{\n\t\t\t\t\t\t\t  breakpoint: 760,\n\t\t\t\t\t\t\t  settings: {\n\t\t\t\t\t\t\t\tslidesToShow: 2,\n\t\t\t\t\t\t\t\tslidesToScroll: 2\n\t\t\t\t\t\t\t  }\n\t\t\t\t\t\t\t}\n\t\t\t\t\t\t],pauseOnDotsHover: true,customPaging: function(slider, i) {\n                   return '<i type=\"button\" style= \"color:#333333;\" class=\"ultsl-record\" data-role=\"none\"><\/i>';\n                },});\n\t\t\t\t\t}\n\t\t\t\t});\n\t\t\t<\/script>\n\t\t\t[\/vc_column][\/vc_row][vc_row][vc_column][vc_raw_html]W2RjaS1zcHlkZXJhd2FyZHMgY2F0ZWdvcnk9ImRpc3BsYXktY2FsaWJyYXRpb24teDIiIC9d[\/vc_raw_html][\/vc_column][\/vc_row]<\/p>\n<\/div>","protected":false},"excerpt":{"rendered":"<p>[vc_row][vc_column width=\u00bb3\/5&#8243;][vc_empty_space][vc_gallery interval=\u00bb3&#8243; images=\u00bb42351&#8243; img_size=\u00bb750&#215;500&#8243; el_class=\u00bbproduct_images\u00bb][vc_empty_space][\/vc_column][vc_column width=\u00bb2\/5&#8243;][vc_column_text] Juegos de cartas Spyder Checkr Aproveche la versatilidad de su Spyder Checkr Photo o Spyder Checkr Video ampliando su selecci\u00f3n de tarjetas de objetivo para incluir uno de estos juegos de tarjetas Spyder Checkr. Adquiera el juego de tarjetas de v\u00eddeo si ya posee un Spyder Checkr Photo, &hellip;<\/p>\n","protected":false},"author":2,"featured_media":0,"parent":24736,"menu_order":0,"comment_status":"closed","ping_status":"closed","template":"","meta":{"_acf_changed":false,"footnotes":""},"class_list":["post-42611","page","type-page","status-publish","hentry"],"acf":[],"_links":{"self":[{"href":"https:\/\/www.datacolor.com\/spyder\/es\/wp-json\/wp\/v2\/pages\/42611","targetHints":{"allow":["GET"]}}],"collection":[{"href":"https:\/\/www.datacolor.com\/spyder\/es\/wp-json\/wp\/v2\/pages"}],"about":[{"href":"https:\/\/www.datacolor.com\/spyder\/es\/wp-json\/wp\/v2\/types\/page"}],"author":[{"embeddable":true,"href":"https:\/\/www.datacolor.com\/spyder\/es\/wp-json\/wp\/v2\/users\/2"}],"replies":[{"embeddable":true,"href":"https:\/\/www.datacolor.com\/spyder\/es\/wp-json\/wp\/v2\/comments?post=42611"}],"version-history":[{"count":0,"href":"https:\/\/www.datacolor.com\/spyder\/es\/wp-json\/wp\/v2\/pages\/42611\/revisions"}],"up":[{"embeddable":true,"href":"https:\/\/www.datacolor.com\/spyder\/es\/wp-json\/wp\/v2\/pages\/24736"}],"wp:attachment":[{"href":"https:\/\/www.datacolor.com\/spyder\/es\/wp-json\/wp\/v2\/media?parent=42611"}],"curies":[{"name":"wp","href":"https:\/\/api.w.org\/{rel}","templated":true}]}}