{"id":48149,"date":"2024-09-13T09:46:56","date_gmt":"2024-09-13T09:46:56","guid":{"rendered":"https:\/\/dev2024.spyder.datacolor.eu\/spyder\/welcome-to-spyderpro\/"},"modified":"2025-11-05T16:57:36","modified_gmt":"2025-11-05T16:57:36","slug":"welcome-to-spyderpro","status":"publish","type":"page","link":"https:\/\/www.datacolor.com\/spyder\/es\/welcome-to-spyderpro\/","title":{"rendered":"Welcome to SpyderPro"},"content":{"rendered":"<div class=\"wpb-content-wrapper\"><p>[vc_row css=\u00bb.vc_custom_1682339726830{padding-top: 60px !important;padding-bottom: 60px !important;}\u00bb][vc_column width=\u00bb2\/5&#8243;][vc_column_text css=\u00bb\u00bb]<\/p>\n<h1 class=\"mainheader\">Bienvenido a SpyderPro &#8211; \u00a1empecemos!<\/h1>\n<p>[\/vc_column_text][vc_empty_space][vc_column_text css=\u00bb\u00bb]<\/p>\n<p>Di adi\u00f3s a las dudas con los colores y hola a la optimizaci\u00f3n f\u00e1cil de la pantalla.<\/p>\n<ul class=\"tick_list\" style=\"margin-bottom: 10px;\">\n<li>Descarga tu software SpyderPro<\/li>\n<li>Consulta la gu\u00eda r\u00e1pida y la gu\u00eda de usuario<\/li>\n<li>Mira los videos tutoriales<\/li>\n<li>Explora las preguntas frecuentes<\/li>\n<li>Calibrar<\/li>\n<\/ul>\n<p>\u00a1Tu pantalla estar\u00e1 optimizada en muy poco tiempo!<\/p>\n<p>[\/vc_column_text][vc_empty_space][\/vc_column][vc_column width=\u00bb3\/5&#8243;][vc_empty_space][vc_single_image image=\u00bb61991&#8243; img_size=\u00bblarge\u00bb][\/vc_column][\/vc_row][vc_row bg_type=\u00bbbg_color\u00bb bg_override=\u00bbfull\u00bb bg_color_value=\u00bb#fafafa\u00bb css=\u00bb.vc_custom_1725522706270{padding-top: 30px !important;padding-bottom: 60px !important;}\u00bb][vc_column width=\u00bb1\/2&#8243; css=\u00bb.vc_custom_1725972773631{padding-right: 32px !important;padding-left: 32px !important;}\u00bb][vc_column_text css=\u00bb\u00bb]<\/p>\n<h3 style=\"margin-bottom: 20px; display: flex;\"><img decoding=\"async\" class=\"alignnone size-full wp-image-58198\" style=\"width: 30px; height: 30px; margin-right: 10px;\" src=\"..\/wp-content\/uploads\/2025\/08\/ico-blub.png\" alt=\"\" width=\"30\" height=\"30\" srcset=\"https:\/\/www.datacolor.com\/spyder\/wp-content\/uploads\/2025\/08\/ico-blub.png 209w, https:\/\/www.datacolor.com\/spyder\/wp-content\/uploads\/2025\/08\/ico-blub-150x150.png 150w\" sizes=\"(max-width: 30px) 100vw, 30px\" \/> Consejos para una calibraci\u00f3n \u00f3ptima<\/h3>\n<p>[\/vc_column_text][vc_btn title=\u00bbVer v\u00eddeo\u00bb style=\u00bbclassic\u00bb shape=\u00bbround\u00bb color=\u00bbblack\u00bb align=\u00bbleft\u00bb css=\u00bb.vc_custom_1761748984646{margin-top: 8px !important;margin-left: 16px !important;}\u00bb link=\u00bburl:https%3A%2F%2Fyoutu.be%2FzmCxkG7sGRc|target:_blank|\u00bb][vc_column_text css=\u00bb\u00bb]<\/p>\n<p style=\"display: flex;\"><img decoding=\"async\" class=\"alignnone size-full wp-image-58248\" style=\"width: 24px; height: 24px; margin-right: 10px;\" src=\"..\/wp-content\/uploads\/2025\/08\/ico-monitor.png\" alt=\"\" width=\"24\" height=\"24\" srcset=\"https:\/\/www.datacolor.com\/spyder\/wp-content\/uploads\/2025\/08\/ico-monitor.png 209w, https:\/\/www.datacolor.com\/spyder\/wp-content\/uploads\/2025\/08\/ico-monitor-150x150.png 150w\" sizes=\"(max-width: 24px) 100vw, 24px\" \/> Calienta el monitor 30 minutos antes de calibrar<\/p>\n<p style=\"display: flex;\"><img decoding=\"async\" class=\"alignnone size-full wp-image-58276\" style=\"width: 24px; height: 24px; margin-right: 10px;\" src=\"..\/wp-content\/uploads\/2025\/08\/ico-sun.png\" alt=\"\" width=\"24\" height=\"24\" srcset=\"https:\/\/www.datacolor.com\/spyder\/wp-content\/uploads\/2025\/08\/ico-sun.png 209w, https:\/\/www.datacolor.com\/spyder\/wp-content\/uploads\/2025\/08\/ico-sun-150x150.png 150w\" sizes=\"(max-width: 24px) 100vw, 24px\" \/>Calibra en un entorno con poca luz; evita la luz directa<\/p>\n<p style=\"display: flex;\"><img loading=\"lazy\" decoding=\"async\" class=\"alignnone size-full wp-image-58228\" style=\"width: 24px; height: 24px; margin-right: 10px;\" src=\"..\/wp-content\/uploads\/2025\/08\/ico-gear.png\" alt=\"\" width=\"24\" height=\"24\" srcset=\"https:\/\/www.datacolor.com\/spyder\/wp-content\/uploads\/2025\/08\/ico-gear.png 209w, https:\/\/www.datacolor.com\/spyder\/wp-content\/uploads\/2025\/08\/ico-gear-150x150.png 150w\" sizes=\"(max-width: 24px) 100vw, 24px\" \/> Restablece a valores de f\u00e1brica si es posible<\/p>\n<ul class=\"tick_list\" style=\"padding-left: 15px;\">\n<li>Abre el men\u00fa OSD y busca \u201cReset\u201d, \u201cRestaurar valores de f\u00e1brica\u201d o \u201cRecall\u201d (puede variar seg\u00fan el monitor)<\/li>\n<li>La mayor\u00eda de port\u00e1tiles y pantallas Apple no tienen esta funci\u00f3n \u2013 s\u00e1ltate este paso en ese caso <\/li>\n<\/ul>\n<p style=\"display: flex;\"><img loading=\"lazy\" decoding=\"async\" class=\"alignnone size-full wp-image-58258\" style=\"width: 24px; height: 24px; margin-right: 10px;\" src=\"..\/wp-content\/uploads\/2025\/08\/ico-stop.png\" alt=\"\" width=\"24\" height=\"24\" srcset=\"https:\/\/www.datacolor.com\/spyder\/wp-content\/uploads\/2025\/08\/ico-stop.png 209w, https:\/\/www.datacolor.com\/spyder\/wp-content\/uploads\/2025\/08\/ico-stop-150x150.png 150w\" sizes=\"(max-width: 24px) 100vw, 24px\" \/> Apaga el brillo autom\u00e1tico, HDR y otros modos din\u00e1micos<\/p>\n<p style=\"display: flex;\"><img loading=\"lazy\" decoding=\"async\" class=\"alignnone size-full wp-image-58208\" style=\"width: 24px; height: 24px; margin-right: 10px;\" src=\"..\/wp-content\/uploads\/2025\/08\/ico-cross.png\" alt=\"\" width=\"24\" height=\"24\" srcset=\"https:\/\/www.datacolor.com\/spyder\/wp-content\/uploads\/2025\/08\/ico-cross.png 209w, https:\/\/www.datacolor.com\/spyder\/wp-content\/uploads\/2025\/08\/ico-cross-150x150.png 150w\" sizes=\"(max-width: 24px) 100vw, 24px\" \/> Cierra todas las dem\u00e1s aplicaciones antes de comenzar<\/p>\n<p style=\"display: flex;\"><img loading=\"lazy\" decoding=\"async\" class=\"alignnone size-full wp-image-58238\" style=\"width: 24px; height: 24px; margin-right: 10px;\" src=\"..\/wp-content\/uploads\/2025\/08\/ico-goal.png\" alt=\"\" width=\"24\" height=\"24\" srcset=\"https:\/\/www.datacolor.com\/spyder\/wp-content\/uploads\/2025\/08\/ico-goal.png 209w, https:\/\/www.datacolor.com\/spyder\/wp-content\/uploads\/2025\/08\/ico-goal-150x150.png 150w\" sizes=\"(max-width: 24px) 100vw, 24px\" \/> Para mejores resultados, recalibra con regularidad, especialmente si cambian tus necesidades<\/p>\n<p>[\/vc_column_text][\/vc_column][vc_column width=\u00bb1\/2&#8243; css=\u00bb.vc_custom_1725972786678{padding-right: 32px !important;padding-left: 32px !important;}\u00bb][vc_column_text css=\u00bb\u00bb]<\/p>\n<h3 style=\"margin-bottom: 20px;\">Colocaci\u00f3n correcta<\/h3>\n<ol>\n<li>Quita la tapa de la lente del SpyderPro.<\/li>\n<li>La tapa se desliza por el cable (como se muestra abajo) y act\u00faa como contrapeso para mantener el sensor en su lugar<\/li>\n<li>Cuelga el dispositivo sobre la pantalla \u2013 debe apoyarse solo, sin que lo sostengas con la mano <\/li>\n<li>Inclina la pantalla ligeramente hacia atr\u00e1s si es necesario para que quede plana<\/li>\n<\/ol>\n<p>[\/vc_column_text][vc_empty_space][vc_row_inner][vc_column_inner width=\u00bb1\/2&#8243;][vc_single_image image=\u00bb58077&#8243; img_size=\u00bbfull\u00bb alignment=\u00bbcenter\u00bb][\/vc_column_inner][vc_column_inner width=\u00bb1\/2&#8243;][vc_single_image image=\u00bb62001&#8243; img_size=\u00bblarge\u00bb alignment=\u00bbcenter\u00bb][\/vc_column_inner][\/vc_row_inner][\/vc_column][\/vc_row][vc_row css=\u00bb.vc_custom_1682343562567{padding-top: 60px !important;padding-bottom: 60px !important;}\u00bb][vc_column width=\u00bb2\/3&#8243;][vc_column_text css=\u00bb\u00bb]<\/p>\n<h2>Descargar el software SpyderPro<\/h2>\n<p>Conecta el Spyder (puerto USB-C y adaptador USB-A incluidos).<\/p>\n<p>El software te guiar\u00e1 en la instalaci\u00f3n. <br \/>El n\u00famero de serie est\u00e1 en la caja, debajo del producto.[\/vc_column_text][vc_empty_space][vc_btn title=\u00bbVer v\u00eddeo\u00bb style=\u00bbclassic\u00bb shape=\u00bbround\u00bb color=\u00bbblack\u00bb css=\u00bb.vc_custom_1761749679982{margin-top: 8px !important;}\u00bb link=\u00bburl:https%3A%2F%2Fyoutu.be%2FoQNpOso07sM|target:_blank|\u00bb][vc_empty_space][\/vc_column][vc_column width=\u00bb1\/3&#8243;][vc_empty_space][vc_btn title=\u00bbWindows Software\u00bb style=\u00bbclassic\u00bb shape=\u00bbround\u00bb color=\u00bbblack\u00bb align=\u00bbcenter\u00bb css=\u00bb.vc_custom_1725553570515{margin-top: 8px !important;}\u00bb link=\u00bburl:https%3A%2F%2Fgoto.datacolor.com%2Fdownloads%2Fwin%2Fsp2024|target:_blank|\u00bb el_class=\u00bbresourcebutton\u00bb][vc_empty_space height=\u00bb20px\u00bb][vc_btn title=\u00bbmacOS Software\u00bb style=\u00bbclassic\u00bb shape=\u00bbround\u00bb color=\u00bbblack\u00bb align=\u00bbcenter\u00bb css=\u00bb.vc_custom_1725553602309{margin-top: 8px !important;}\u00bb link=\u00bburl:https%3A%2F%2Fgoto.datacolor.com%2Fdownloads%2Fmac%2Fsp2024|target:_blank|\u00bb el_class=\u00bbresourcebutton\u00bb][vc_empty_space][\/vc_column][vc_column css=\u00bb.vc_custom_1761749780142{border-top-width: 1px !important;border-right-width: 1px !important;border-bottom-width: 1px !important;border-left-width: 1px !important;padding-right: 30px !important;padding-bottom: 30px !important;padding-left: 30px !important;border-color: #CCCCCC !important;}\u00bb][vc_column_text css=\u00bb\u00bb]Revisa la <a href=\"https:\/\/spyderx.datacolor.com\/datacolor-spyder-software-license\/\" target=\"_blank\" rel=\"noopener\">Licencia del Software Datacolor<\/a>.<\/p>\n<p><em style=\"font-size: 0.75em;\">Todos los productos Spyder incluyen una \u201cSite License\u201d para un \u00fanico propietario, que permite instalar y usar el software en todos los ordenadores propios (Mac o Windows). No se permite instalarlo en ordenadores que no sean tuyos o usarlo como servicio para otros.   <\/em>[\/vc_column_text][\/vc_column][\/vc_row][vc_row css=\u00bb.vc_custom_1682345998990{padding-top: 60px !important;padding-bottom: 60px !important;}\u00bb][vc_column][vc_column_text css=\u00bb\u00bb]<\/p>\n<h2>C\u00f3mo calibrar la pantalla<\/h2>\n<p>[\/vc_column_text][vc_btn title=\u00bbVer v\u00eddeo\u00bb style=\u00bbclassic\u00bb shape=\u00bbround\u00bb color=\u00bbblack\u00bb css=\u00bb.vc_custom_1761749903294{margin-top: 8px !important;}\u00bb link=\u00bburl:https%3A%2F%2Fyoutu.be%2FsJ-S2TS4R9A|target:_blank|\u00bb][vc_empty_space][vc_row_inner][vc_column_inner width=\u00bb1\/2&#8243; offset=\u00bbvc_col-md-3&#8243; css=\u00bb.vc_custom_1761751447086{padding-top: 15px !important;}\u00bb][vc_single_image image=\u00bb62012&#8243; img_size=\u00bb500&#215;500&#8243; alignment=\u00bbcenter\u00bb][vc_empty_space][vc_column_text css=\u00bb\u00bb]<\/p>\n<h3 style=\"margin-bottom: 15px;\">Configuraci\u00f3n<\/h3>\n<p>El software le gu\u00eda a trav\u00e9s de la configuraci\u00f3n en solo unos pocos pasos, adapt\u00e1ndose perfectamente a su flujo de trabajo para que siempre obtenga resultados precisos y personalizados.<\/p>\n<ul class=\"tick_list\">\n<li>\u00fc Flujo de trabajo<\/li>\n<li>\u00fc Configuraci\u00f3n de la pantalla y controles<\/li>\n<li>\u00fc Ajustes de calibraci\u00f3n<\/li>\n<\/ul>\n<p>[\/vc_column_text][vc_empty_space][\/vc_column_inner][vc_column_inner width=\u00bb1\/2&#8243; offset=\u00bbvc_col-md-3&#8243; css=\u00bb.vc_custom_1761751440584{padding-top: 15px !important;}\u00bb][vc_single_image image=\u00bb62023&#8243; img_size=\u00bb500&#215;500&#8243; alignment=\u00bbcenter\u00bb][vc_empty_space][vc_column_text css=\u00bb\u00bb]<\/p>\n<h3 style=\"margin-bottom: 15px;\">Calibrar<\/h3>\n<ul>\n<li>Quita la tapa de la lente y desl\u00edzala como contrapeso<\/li>\n<li>Cuelga el dispositivo dentro del contorno en la pantalla<\/li>\n<li>Si es necesario, inclina un poco la pantalla<\/li>\n<li>No lo sostengas con la mano<\/li>\n<\/ul>\n<p>El software mostrar\u00e1 colores para medir la pantalla y crear un perfil. <br \/>Puedes deshacer la calibraci\u00f3n eliminando el perfil.[\/vc_column_text][vc_empty_space][\/vc_column_inner][vc_column_inner width=\u00bb1\/2&#8243; offset=\u00bbvc_col-md-3&#8243; css=\u00bb.vc_custom_1761751433709{padding-top: 15px !important;}\u00bb][vc_single_image image=\u00bb62033&#8243; img_size=\u00bb500&#215;500&#8243; alignment=\u00bbcenter\u00bb][vc_empty_space][vc_column_text css=\u00bb\u00bb]<\/p>\n<h3 style=\"margin-bottom: 15px;\">Revisar resultados<\/h3>\n<p>Alterna entre \u201cCalibrado\u201d y \u201cSin calibrar\u201d para ver la diferencia. <\/p>\n<p>[\/vc_column_text][vc_empty_space][\/vc_column_inner][vc_column_inner width=\u00bb1\/2&#8243; offset=\u00bbvc_col-md-3&#8243; css=\u00bb.vc_custom_1761751426943{padding-top: 15px !important;background-color: #F2F2F2 !important;}\u00bb][vc_single_image image=\u00bb58102&#8243; img_size=\u00bb500&#215;500&#8243; alignment=\u00bbcenter\u00bb][vc_empty_space][vc_column_text css=\u00bb\u00bb]<\/p>\n<h3>Qu\u00e9 esperar<\/h3>\n<p><strong>La pantalla puede verse diferente \u2013 \u00a1es normal! <\/strong><\/p>\n<p>Los colores se ver\u00e1n m\u00e1s naturales y el brillo m\u00e1s equilibrado, con m\u00e1s detalles en: <\/p>\n<ul>\n<li>Sombras oscuras<\/li>\n<li>Zonas muy brillantes<\/li>\n<\/ul>\n<p>[\/vc_column_text][vc_btn title=\u00bbVer v\u00eddeo\u00bb style=\u00bbclassic\u00bb shape=\u00bbround\u00bb color=\u00bbblack\u00bb css=\u00bb.vc_custom_1761751395647{margin-top: 8px !important;}\u00bb link=\u00bburl:https%3A%2F%2Fyoutu.be%2FZNTHTG20_Tw|target:_blank|\u00bb][vc_empty_space][\/vc_column_inner][\/vc_row_inner][\/vc_column][\/vc_row][vc_row bg_type=\u00bbbg_color\u00bb bg_override=\u00bbfull\u00bb css=\u00bb.vc_custom_1725525740289{padding-top: 60px !important;padding-bottom: 60px !important;}\u00bb bg_color_value=\u00bb#fafafa\u00bb][vc_column][vc_column_text css=\u00bb\u00bb]<\/p>\n<h2>Recursos<\/h2>\n<p>[\/vc_column_text][vc_empty_space][vc_row_inner][vc_column_inner width=\u00bb1\/3&#8243;][vc_single_image image=\u00bb47604&#8243; img_size=\u00bb500&#215;500&#8243; onclick=\u00bbcustom_link\u00bb img_link_target=\u00bb_blank\u00bb][vc_empty_space][\/vc_column_inner][vc_column_inner width=\u00bb1\/3&#8243;][vc_btn title=\u00bbDescargar Gu\u00eda de inicio r\u00e1pido\u00bb style=\u00bbclassic\u00bb shape=\u00bbround\u00bb color=\u00bbblack\u00bb align=\u00bbcenter\u00bb i_icon_fontawesome=\u00bb\u00bb css=\u00bb.vc_custom_1761751671051{margin-top: 8px !important;}\u00bb add_icon=\u00bbtrue\u00bb link=\u00bburl:https%3A%2F%2Fwww.datacolor.com%2Fspyder%2Fwp-content%2Fuploads%2F2025%2F10%2FSpyderPro-Quick-Start-Guide_ES.pdf|target:_blank|\u00bb el_class=\u00bbresourcebutton\u00bb][vc_btn title=\u00bbDescargar Gu\u00eda del usuario\u00bb style=\u00bbclassic\u00bb shape=\u00bbround\u00bb color=\u00bbblack\u00bb align=\u00bbcenter\u00bb i_icon_fontawesome=\u00bb\u00bb css=\u00bb.vc_custom_1761751933012{margin-top: 8px !important;}\u00bb add_icon=\u00bbtrue\u00bb link=\u00bburl:https%3A%2F%2Fwww.datacolor.com%2Fspyder%2Fwp-content%2Fuploads%2F2025%2F11%2FSpyderPro-User-Guide_ES-Final.pdf|target:_blank|\u00bb el_class=\u00bbresourcebutton\u00bb][vc_btn title=\u00bbPreguntas frecuentes\u00bb style=\u00bbclassic\u00bb shape=\u00bbround\u00bb color=\u00bbblack\u00bb align=\u00bbcenter\u00bb i_icon_fontawesome=\u00bbfar fa-question-circle\u00bb css=\u00bb.vc_custom_1725553204797{margin-top: 8px !important;}\u00bb add_icon=\u00bbtrue\u00bb link=\u00bburl:https%3A%2F%2Fgoto.datacolor.com%2Flearnaboutspyder24-faq|target:_blank|\u00bb el_class=\u00bbresourcebutton\u00bb][vc_empty_space][\/vc_column_inner][vc_column_inner width=\u00bb1\/3&#8243;][vc_btn title=\u00bbDemostraci\u00f3n de instalaci\u00f3n\u00bb style=\u00bbclassic\u00bb shape=\u00bbround\u00bb color=\u00bbblack\u00bb align=\u00bbcenter\u00bb i_icon_fontawesome=\u00bbfar fa-play-circle\u00bb css=\u00bb.vc_custom_1725553247729{margin-top: 8px !important;}\u00bb add_icon=\u00bbtrue\u00bb link=\u00bburl:https%3A%2F%2Fyoutu.be%2FoQNpOso07sM|target:_blank|\u00bb el_class=\u00bbresourcebutton\u00bb][vc_btn title=\u00bbDemostraci\u00f3n de calibraci\u00f3n\u00bb style=\u00bbclassic\u00bb shape=\u00bbround\u00bb color=\u00bbblack\u00bb align=\u00bbcenter\u00bb i_icon_fontawesome=\u00bbfar fa-play-circle\u00bb css=\u00bb.vc_custom_1725553353453{margin-top: 8px !important;}\u00bb add_icon=\u00bbtrue\u00bb link=\u00bburl:https%3A%2F%2Fyoutu.be%2FsJ-S2TS4R9A|target:_blank|\u00bb el_class=\u00bbresourcebutton\u00bb][vc_btn title=\u00bbContacto\u00bb style=\u00bbclassic\u00bb shape=\u00bbround\u00bb color=\u00bbblack\u00bb align=\u00bbcenter\u00bb i_icon_fontawesome=\u00bbfas fa-at\u00bb css=\u00bb.vc_custom_1725553162918{margin-top: 8px !important;}\u00bb add_icon=\u00bbtrue\u00bb link=\u00bburl:https%3A%2F%2Fspyder-support.datacolor.com%2F|target:_blank|\u00bb el_class=\u00bbresourcebutton\u00bb][vc_empty_space][\/vc_column_inner][\/vc_row_inner][\/vc_column][\/vc_row][vc_row css=\u00bb.vc_custom_1725544748051{padding-top: 60px !important;padding-bottom: 60px !important;}\u00bb][vc_column][vc_column_text css=\u00bb\u00bb]<\/p>\n<h2>Caracter\u00edsticas destacadas<\/h2>\n<p>[\/vc_column_text][vc_empty_space][vc_row_inner][vc_column_inner width=\u00bb1\/4&#8243;][vc_single_image image=\u00bb62243&#8243; img_size=\u00bb800&#215;550&#8243; alignment=\u00bbcenter\u00bb][vc_empty_space][vc_column_text css=\u00bb\u00bb]<\/p>\n<div class=\"featureheadline\"><strong>Exportaci\u00f3n 3D LUT <\/strong><\/div>\n<div class=\"featurebody\">3D LUT Export (.cube): calibre con precisi\u00f3n los monitores de v\u00eddeo compatibles con las 3D LUT est\u00e1ndar del sector para Rec.709, Rec.2020, DCI-P3 y m\u00e1s, ideal para flujos de trabajo de v\u00eddeo y cine.<\/div>\n<p>[\/vc_column_text][vc_empty_space][\/vc_column_inner][vc_column_inner width=\u00bb1\/4&#8243;][vc_single_image image=\u00bb62253&#8243; img_size=\u00bb800&#215;550&#8243; alignment=\u00bbcenter\u00bb][vc_empty_space][vc_column_text css=\u00bb\u00bb]<\/p>\n<div class=\"featureheadline\"><strong>Device Preview\u2122 Plus<\/strong><\/div>\n<div class=\"featurebody\">Previsualice su contenido en diferentes dispositivos e impresoras, comp\u00e1relos directamente uno al lado del otro, realice conversiones por lotes, exporte en diferentes formatos e integre sus derechos de autor para una publicaci\u00f3n profesional, todo ello c\u00f3modamente desde su pantalla calibrada.<\/div>\n<p>[\/vc_column_text][vc_empty_space][\/vc_column_inner][vc_column_inner width=\u00bb1\/4&#8243;][vc_single_image image=\u00bb62173&#8243; img_size=\u00bb800&#215;550&#8243; alignment=\u00bbcenter\u00bb][vc_empty_space][vc_column_text css=\u00bb\u00bb]<\/p>\n<div class=\"featureheadline\"><strong>Content Credentials (C2PA) <\/strong><\/div>\n<div class=\"featurebody\">Content Credentials vincula su nombre, sus ediciones y su perfil ICC para que se pueda verificar la autenticidad en un mundo controlado por la inteligencia artificial.<\/div>\n<p>[\/vc_column_text][vc_empty_space][vc_btn title=\u00bbVer v\u00eddeo\u00bb style=\u00bbclassic\u00bb shape=\u00bbround\u00bb color=\u00bbblack\u00bb css=\u00bb.vc_custom_1761752716719{margin-top: 8px !important;}\u00bb link=\u00bburl:https%3A%2F%2Fwww.youtube.com%2Fwatch%3Fv%3DMtt1dyy3BvA|target:_blank|\u00bb][vc_empty_space][\/vc_column_inner][vc_column_inner width=\u00bb1\/4&#8243;][vc_single_image image=\u00bb62153&#8243; img_size=\u00bb800&#215;550&#8243; alignment=\u00bbcenter\u00bb][vc_empty_space][vc_column_text css=\u00bb\u00bb]<\/p>\n<div class=\"featureheadline\"><strong>Integraci\u00f3n del LightMeter como medidor de exposici\u00f3n <\/strong><\/div>\n<div class=\"featurebody\">Sincronice el dispositivo con el Datacolor LightColor Meter (y otros medidores) para ajustar la calibraci\u00f3n a las condiciones de iluminaci\u00f3n reales (por encima, por detr\u00e1s y al lado de la pantalla) y obtener as\u00ed una precisi\u00f3n de medici\u00f3n sin igual.<\/div>\n<p>[\/vc_column_text][vc_empty_space height=\u00bb16px\u00bb][\/vc_column_inner][\/vc_row_inner][\/vc_column][\/vc_row]<\/p>\n<\/div>","protected":false},"excerpt":{"rendered":"<p>[vc_row css=\u00bb.vc_custom_1682339726830{padding-top: 60px !important;padding-bottom: 60px !important;}\u00bb][vc_column width=\u00bb2\/5&#8243;][vc_column_text css=\u00bb\u00bb] Bienvenido a SpyderPro &#8211; \u00a1empecemos! [\/vc_column_text][vc_empty_space][vc_column_text css=\u00bb\u00bb] Di adi\u00f3s a las dudas con los colores y hola a la optimizaci\u00f3n f\u00e1cil de la pantalla. Descarga tu software SpyderPro Consulta la gu\u00eda r\u00e1pida y la gu\u00eda de usuario Mira los videos tutoriales Explora las preguntas frecuentes Calibrar \u00a1Tu &hellip;<\/p>\n","protected":false},"author":2,"featured_media":0,"parent":0,"menu_order":0,"comment_status":"closed","ping_status":"closed","template":"","meta":{"_acf_changed":false,"footnotes":""},"class_list":["post-48149","page","type-page","status-publish","hentry"],"acf":[],"_links":{"self":[{"href":"https:\/\/www.datacolor.com\/spyder\/es\/wp-json\/wp\/v2\/pages\/48149","targetHints":{"allow":["GET"]}}],"collection":[{"href":"https:\/\/www.datacolor.com\/spyder\/es\/wp-json\/wp\/v2\/pages"}],"about":[{"href":"https:\/\/www.datacolor.com\/spyder\/es\/wp-json\/wp\/v2\/types\/page"}],"author":[{"embeddable":true,"href":"https:\/\/www.datacolor.com\/spyder\/es\/wp-json\/wp\/v2\/users\/2"}],"replies":[{"embeddable":true,"href":"https:\/\/www.datacolor.com\/spyder\/es\/wp-json\/wp\/v2\/comments?post=48149"}],"version-history":[{"count":0,"href":"https:\/\/www.datacolor.com\/spyder\/es\/wp-json\/wp\/v2\/pages\/48149\/revisions"}],"wp:attachment":[{"href":"https:\/\/www.datacolor.com\/spyder\/es\/wp-json\/wp\/v2\/media?parent=48149"}],"curies":[{"name":"wp","href":"https:\/\/api.w.org\/{rel}","templated":true}]}}