{"id":48165,"date":"2024-09-13T10:42:37","date_gmt":"2024-09-13T10:42:37","guid":{"rendered":"https:\/\/dev2024.spyder.datacolor.eu\/spyder\/welcome-to-spyder\/"},"modified":"2025-11-10T14:40:36","modified_gmt":"2025-11-10T14:40:36","slug":"welcome-to-spyder","status":"publish","type":"page","link":"https:\/\/www.datacolor.com\/spyder\/es\/welcome-to-spyder\/","title":{"rendered":"Welcome to Spyder"},"content":{"rendered":"<div class=\"wpb-content-wrapper\"><p>[vc_row css=\u00bb.vc_custom_1682339726830{padding-top: 60px !important;padding-bottom: 60px !important;}\u00bb][vc_column width=\u00bb2\/5&#8243;][vc_column_text css=\u00bb\u00bb]<\/p>\n<h1 class=\"mainheader\">Su flujo de trabajo est\u00e1 a punto de ser mucho m\u00e1s f\u00e1cil.<\/h1>\n<p>[\/vc_column_text][vc_empty_space][vc_column_text css=\u00bb\u00bb]Descargue el software para su nueva Spyder, consulte la gu\u00eda de inicio r\u00e1pido y encuentre enlaces \u00fatiles a la Gu\u00eda del usuario, las preguntas m\u00e1s frecuentes y el servicio de atenci\u00f3n al cliente. [\/vc_column_text][vc_empty_space][\/vc_column][vc_column width=\u00bb3\/5&#8243;][vc_empty_space][vc_single_image image=\u00bb47671&#8243; img_size=\u00bb750&#215;500&#8243;][\/vc_column][\/vc_row][vc_row bg_type=\u00bbbg_color\u00bb bg_override=\u00bbfull\u00bb bg_color_value=\u00bb#fafafa\u00bb css=\u00bb.vc_custom_1725522706270{padding-top: 30px !important;padding-bottom: 60px !important;}\u00bb][vc_column width=\u00bb1\/2&#8243; css=\u00bb.vc_custom_1725972773631{padding-right: 32px !important;padding-left: 32px !important;}\u00bb][vc_column_text css=\u00bb\u00bb]<\/p>\n<h3 style=\"margin-bottom: 20px;\">Consejos para optimizar la calibraci\u00f3n<\/h3>\n<p>Aqu\u00ed tienes algunos consejos \u00fatiles antes de empezar a calibrar tu monitor:<\/p>\n<ul>\n<li>Caliente el monitor durante unos 30 minutos antes de comenzar el proceso de calibraci\u00f3n para asegurarse de que ha alcanzado su rendimiento \u00f3ptimo para obtener la calibraci\u00f3n m\u00e1s precisa.<\/li>\n<li>Aseg\u00farate de que no incida luz directa sobre tu pantalla y de que las l\u00e1mparas de escritorio est\u00e9n apagadas. Es mejor trabajar en un entorno poco iluminado, sobre todo para trabajos en los que el color es fundamental.<\/li>\n<li>Restablece los valores predeterminados de f\u00e1brica de los controles del monitor.<\/li>\n<li>Desactiva cualquier ajuste de Brillo autom\u00e1tico o modo HDR antes de empezar a calibrar. Estos son ejemplos de funciones din\u00e1micas que afectan a tu pantalla. La calibraci\u00f3n requiere una pantalla est\u00e1tica para obtener mediciones precisas.<\/li>\n<\/ul>\n<p>[\/vc_column_text][vc_empty_space][\/vc_column][vc_column width=\u00bb1\/2&#8243; css=\u00bb.vc_custom_1725972786678{padding-right: 32px !important;padding-left: 32px !important;}\u00bb][vc_column_text css=\u00bb\u00bb]<\/p>\n<h3 style=\"margin-bottom: 20px;\">Gu\u00eda de inicio r\u00e1pido<\/h3>\n<ol>\n<li>Descargar e instalar software<\/li>\n<\/ol>\n<p>[\/vc_column_text][vc_btn title=\u00bbVer v\u00eddeo\u00bb style=\u00bbclassic\u00bb shape=\u00bbround\u00bb color=\u00bbblack\u00bb css=\u00bb.vc_custom_1725540547798{margin-top: 8px !important;margin-left: 16px !important;}\u00bb link=\u00bburl:https%3A%2F%2Fyoutu.be%2FoQNpOso07sM|target:_blank|\u00bb][vc_column_text css=\u00bb\u00bb]<\/p>\n<ol start=\"2\">\n<li>Conecte el dispositivo para iniciar el software<\/li>\n<li>Inicie el proceso de activaci\u00f3n\/registro (consulte el n\u00famero de serie del software dentro de la caja situada debajo del dispositivo).<\/li>\n<li>Calibrar (Ver instrucciones paso a paso m\u00e1s abajo)<\/li>\n<\/ol>\n<p>[\/vc_column_text][vc_btn title=\u00bbVer v\u00eddeo\u00bb style=\u00bbclassic\u00bb shape=\u00bbround\u00bb color=\u00bbblack\u00bb css=\u00bb.vc_custom_1725524559566{margin-top: 8px !important;margin-left: 16px !important;}\u00bb link=\u00bburl:https%3A%2F%2Fyoutu.be%2FsJ-S2TS4R9A|target:_blank|\u00bb][vc_empty_space][\/vc_column][\/vc_row][vc_row css=\u00bb.vc_custom_1682343562567{padding-top: 60px !important;padding-bottom: 60px !important;}\u00bb][vc_column width=\u00bb2\/3&#8243;][vc_column_text css=\u00bb\u00bb]<\/p>\n<h2>Descarga del software Spyder<\/h2>\n<p>Revisa la <a href=\"https:\/\/spyderx.datacolor.com\/datacolor-spyder-software-license\/\" target=\"_blank\" rel=\"noopener\">Licencia del Software Datacolor<\/a>.<\/p>\n<p><em>Todos los productos Spyder incluyen una \u201cSite License\u201d para un \u00fanico propietario, que permite instalar y usar el software en todos los ordenadores propios (Mac o Windows). No se permite instalarlo en ordenadores que no sean tuyos o usarlo como servicio para otros. <\/em>[\/vc_column_text][\/vc_column][vc_column width=\u00bb1\/3&#8243;][vc_empty_space][vc_btn title=\u00bbWindows Software\u00bb style=\u00bbclassic\u00bb shape=\u00bbround\u00bb color=\u00bbblack\u00bb align=\u00bbcenter\u00bb css=\u00bb.vc_custom_1725982047112{margin-top: 8px !important;}\u00bb link=\u00bburl:https%3A%2F%2Fgoto.datacolor.com%2Fdownloads%2Fwin%2Fsp2024|target:_blank|\u00bb el_class=\u00bbresourcebutton\u00bb][vc_empty_space height=\u00bb20px\u00bb][vc_btn title=\u00bbmacOS Software\u00bb style=\u00bbclassic\u00bb shape=\u00bbround\u00bb color=\u00bbblack\u00bb align=\u00bbcenter\u00bb css=\u00bb.vc_custom_1725553602309{margin-top: 8px !important;}\u00bb link=\u00bburl:https%3A%2F%2Fgoto.datacolor.com%2Fdownloads%2Fmac%2Fsp2024|target:_blank|\u00bb el_class=\u00bbresourcebutton\u00bb][vc_empty_space][\/vc_column][\/vc_row][vc_row css=\u00bb.vc_custom_1682345998990{padding-top: 60px !important;padding-bottom: 60px !important;}\u00bb][vc_column][vc_column_text]<\/p>\n<h2>C\u00f3mo calibrar el monitor<\/h2>\n<p>[\/vc_column_text][vc_empty_space][vc_row_inner][vc_column_inner width=\u00bb1\/2&#8243; offset=\u00bbvc_col-md-3&#8243;][vc_single_image image=\u00bb47564&#8243; img_size=\u00bb500&#215;500&#8243; alignment=\u00bbcenter\u00bb][vc_empty_space][vc_column_text css=\u00bb\u00bb]<strong>1. Conecta tu dispositivo Spyder<\/strong><\/p>\n<p>Tu Spyder incluye un puerto USB-C nativo y viene con un adaptador USB-A adicional para mayor comodidad. Siga las instrucciones paso a paso que aparecen en la pantalla.[\/vc_column_text][vc_empty_space][\/vc_column_inner][vc_column_inner width=\u00bb1\/2&#8243; offset=\u00bbvc_col-md-3&#8243;][vc_single_image image=\u00bb47683&#8243; img_size=\u00bb500&#215;500&#8243; alignment=\u00bbcenter\u00bb][vc_empty_space][vc_column_text css=\u00bb\u00bb]<strong>2. Abre el software Spyder<\/strong><\/p>\n<p>El software Spyder te guiar\u00e1 por el proceso de calibraci\u00f3n y configuraci\u00f3n de la pantalla en unas pocas pantallas. Selecciona la <a href=\"https:\/\/www.displayspecifications.com\/\" target=\"_blank\" rel=\"noopener\">tecnolog\u00eda de visualizaci\u00f3n<\/a> y los controles disponibles para tu pantalla, para garantizar la calibraci\u00f3n m\u00e1s precisa. Calibra tu pantalla para adaptarla a las necesidades de tu flujo de trabajo ajustando la configuraci\u00f3n de gamma, punto blanco y brillo.<br \/>\n[\/vc_column_text][vc_empty_space][\/vc_column_inner][vc_column_inner width=\u00bb1\/2&#8243; offset=\u00bbvc_col-md-3&#8243;][vc_single_image image=\u00bb47694&#8243; img_size=\u00bb500&#215;500&#8243; alignment=\u00bbcenter\u00bb][vc_empty_space][vc_column_text css=\u00bb\u00bb]<strong>3. Colocaci\u00f3n adecuada<\/strong><\/p>\n<p>Retira la tapa del objetivo de tu Spyder y, cuando se te indique, cuelga el dispositivo sobre la pantalla. La tapa del objetivo se desliza a lo largo del cable USB acoplado para utilizarse como contrapeso y mantener el sensor Spyder en su sitio sobre la pantalla. El aparato debe asentarse a ras del monitor por su propio peso, no lo sujetes contra la pantalla con la mano. Inclina la pantalla ligeramente hacia atr\u00e1s si es necesario para que quede plana[\/vc_column_text][vc_empty_space][\/vc_column_inner][vc_column_inner width=\u00bb1\/2&#8243; offset=\u00bbvc_col-md-3&#8243;][vc_single_image image=\u00bb47704&#8243; img_size=\u00bb500&#215;500&#8243; alignment=\u00bbcenter\u00bb][vc_empty_space][vc_column_text css=\u00bb\u00bb]<strong>4. Calibrar<\/strong><\/p>\n<p>Aseg\u00farate de que todas las dem\u00e1s aplicaciones est\u00e1n cerradas antes de iniciar el proceso de calibraci\u00f3n, para evitar posibles interferencias de las mismas.<\/p>\n<p>El software Spyder crear\u00e1 entonces un perfil de pantalla personalizado que el sistema operativo de tu ordenador y las aplicaciones de gesti\u00f3n del color utilizar\u00e1n para corregir tu pantalla. Siempre puedes volver a la configuraci\u00f3n predeterminada de tu monitor simplemente borrando el perfil calibrado.<br \/>\n[\/vc_column_text][vc_btn title=\u00bbVer v\u00eddeo\u00bb style=\u00bbclassic\u00bb shape=\u00bbround\u00bb color=\u00bbblack\u00bb css=\u00bb.vc_custom_1725523412484{margin-top: 8px !important;}\u00bb link=\u00bburl:https%3A%2F%2Fyoutu.be%2FsJ-S2TS4R9A|target:_blank|\u00bb][vc_empty_space][\/vc_column_inner][\/vc_row_inner][\/vc_column][\/vc_row][vc_row bg_type=\u00bbbg_color\u00bb bg_override=\u00bbfull\u00bb css=\u00bb.vc_custom_1725525740289{padding-top: 60px !important;padding-bottom: 60px !important;}\u00bb bg_color_value=\u00bb#fafafa\u00bb][vc_column][vc_column_text css=\u00bb\u00bb]<\/p>\n<h2>Recursos adicionales<\/h2>\n<p>[\/vc_column_text][vc_empty_space][vc_row_inner][vc_column_inner width=\u00bb1\/3&#8243;][vc_single_image image=\u00bb47604&#8243; img_size=\u00bb500&#215;500&#8243; onclick=\u00bbcustom_link\u00bb img_link_target=\u00bb_blank\u00bb][vc_empty_space][\/vc_column_inner][vc_column_inner width=\u00bb1\/3&#8243;][vc_btn title=\u00bbDescargar Gu\u00eda de inicio r\u00e1pido\u00bb style=\u00bbclassic\u00bb shape=\u00bbround\u00bb color=\u00bbblack\u00bb align=\u00bbcenter\u00bb i_icon_fontawesome=\u00bbfa fa-solid fa-download\u00bb css=\u00bb.vc_custom_1762768603678{margin-top: 8px !important;}\u00bb add_icon=\u00bbtrue\u00bb link=\u00bburl:https%3A%2F%2Fwww.datacolor.com%2Fspyder%2Fwp-content%2Fuploads%2F2025%2F11%2FSpyder-Quick-Start-Guide_ES.pdf|target:_blank|\u00bb el_class=\u00bbresourcebutton\u00bb][vc_btn title=\u00bbDescargar Gu\u00eda del usuario\u00bb style=\u00bbclassic\u00bb shape=\u00bbround\u00bb color=\u00bbblack\u00bb align=\u00bbcenter\u00bb i_icon_fontawesome=\u00bbfa fa-solid fa-download\u00bb css=\u00bb.vc_custom_1762768212110{margin-top: 8px !important;}\u00bb add_icon=\u00bbtrue\u00bb link=\u00bburl:https%3A%2F%2Fwww.datacolor.com%2Fspyder%2Fwp-content%2Fuploads%2F2025%2F11%2FSpyder-User-Guide_ES.pdf|target:_blank|\u00bb el_class=\u00bbresourcebutton\u00bb][vc_btn title=\u00bbPreguntas frecuentes\u00bb style=\u00bbclassic\u00bb shape=\u00bbround\u00bb color=\u00bbblack\u00bb align=\u00bbcenter\u00bb i_icon_fontawesome=\u00bbfar fa-question-circle\u00bb css=\u00bb.vc_custom_1725553204797{margin-top: 8px !important;}\u00bb add_icon=\u00bbtrue\u00bb link=\u00bburl:https%3A%2F%2Fgoto.datacolor.com%2Flearnaboutspyder24-faq|target:_blank|\u00bb el_class=\u00bbresourcebutton\u00bb][vc_empty_space][\/vc_column_inner][vc_column_inner width=\u00bb1\/3&#8243;][vc_btn title=\u00bbDemostraci\u00f3n de instalaci\u00f3n\u00bb style=\u00bbclassic\u00bb shape=\u00bbround\u00bb color=\u00bbblack\u00bb align=\u00bbcenter\u00bb i_icon_fontawesome=\u00bbfar fa-play-circle\u00bb css=\u00bb.vc_custom_1725553247729{margin-top: 8px !important;}\u00bb add_icon=\u00bbtrue\u00bb link=\u00bburl:https%3A%2F%2Fyoutu.be%2FoQNpOso07sM|target:_blank|\u00bb el_class=\u00bbresourcebutton\u00bb][vc_btn title=\u00bbDemostraci\u00f3n de calibraci\u00f3n\u00bb style=\u00bbclassic\u00bb shape=\u00bbround\u00bb color=\u00bbblack\u00bb align=\u00bbcenter\u00bb i_icon_fontawesome=\u00bbfar fa-play-circle\u00bb css=\u00bb.vc_custom_1725553353453{margin-top: 8px !important;}\u00bb add_icon=\u00bbtrue\u00bb link=\u00bburl:https%3A%2F%2Fyoutu.be%2FsJ-S2TS4R9A|target:_blank|\u00bb el_class=\u00bbresourcebutton\u00bb][vc_btn title=\u00bbContacto\u00bb style=\u00bbclassic\u00bb shape=\u00bbround\u00bb color=\u00bbblack\u00bb align=\u00bbcenter\u00bb i_icon_fontawesome=\u00bbfas fa-at\u00bb css=\u00bb.vc_custom_1725553162918{margin-top: 8px !important;}\u00bb add_icon=\u00bbtrue\u00bb link=\u00bburl:https%3A%2F%2Fspyder-support.datacolor.com%2F|target:_blank|\u00bb el_class=\u00bbresourcebutton\u00bb][vc_empty_space][\/vc_column_inner][\/vc_row_inner][\/vc_column][\/vc_row][vc_row css=\u00bb.vc_custom_1725544748051{padding-top: 60px !important;padding-bottom: 60px !important;}\u00bb][vc_column][vc_column_text css=\u00bb\u00bb]<\/p>\n<h2>Caracter\u00edsticas destacadas<\/h2>\n<p>[\/vc_column_text][vc_empty_space][vc_row_inner][vc_column_inner width=\u00bb1\/4&#8243;][vc_single_image image=\u00bb47715&#8243; img_size=\u00bb500&#215;500&#8243; alignment=\u00bbcenter\u00bb][vc_empty_space][vc_column_text css=\u00bb\u00bb]<\/p>\n<div class=\"featureheadline\"><strong>Ver c\u00f3mo funciona Device Preview<\/strong><\/div>\n<div class=\"featurebody\">Comprueba lo f\u00e1cil que es utilizar la exclusiva funci\u00f3n Device Preview\u2122 de Datacolor, para simular c\u00f3mo pueden verse tus fotos en otros dispositivos desde tu propia pantalla, \u00a1sin necesidad de cargarlas en otras pantallas!<\/div>\n<p>[\/vc_column_text][vc_empty_space height=\u00bb16px\u00bb][vc_btn title=\u00bbVer v\u00eddeo\u00bb style=\u00bbclassic\u00bb shape=\u00bbround\u00bb color=\u00bbblack\u00bb css=\u00bb.vc_custom_1725544671187{margin-top: 8px !important;}\u00bb link=\u00bburl:https%3A%2F%2Fyoutu.be%2Fuqe4nndQwc0|target:_blank|\u00bb][vc_empty_space][\/vc_column_inner][\/vc_row_inner][\/vc_column][\/vc_row]<\/p>\n<\/div>","protected":false},"excerpt":{"rendered":"<p>[vc_row css=\u00bb.vc_custom_1682339726830{padding-top: 60px !important;padding-bottom: 60px !important;}\u00bb][vc_column width=\u00bb2\/5&#8243;][vc_column_text css=\u00bb\u00bb] Su flujo de trabajo est\u00e1 a punto de ser mucho m\u00e1s f\u00e1cil. [\/vc_column_text][vc_empty_space][vc_column_text css=\u00bb\u00bb]Descargue el software para su nueva Spyder, consulte la gu\u00eda de inicio r\u00e1pido y encuentre enlaces \u00fatiles a la Gu\u00eda del usuario, las preguntas m\u00e1s frecuentes y el servicio de atenci\u00f3n al cliente. [\/vc_column_text][vc_empty_space][\/vc_column][vc_column &hellip;<\/p>\n","protected":false},"author":2,"featured_media":0,"parent":0,"menu_order":0,"comment_status":"closed","ping_status":"closed","template":"","meta":{"_acf_changed":false,"footnotes":""},"class_list":["post-48165","page","type-page","status-publish","hentry"],"acf":[],"_links":{"self":[{"href":"https:\/\/www.datacolor.com\/spyder\/es\/wp-json\/wp\/v2\/pages\/48165","targetHints":{"allow":["GET"]}}],"collection":[{"href":"https:\/\/www.datacolor.com\/spyder\/es\/wp-json\/wp\/v2\/pages"}],"about":[{"href":"https:\/\/www.datacolor.com\/spyder\/es\/wp-json\/wp\/v2\/types\/page"}],"author":[{"embeddable":true,"href":"https:\/\/www.datacolor.com\/spyder\/es\/wp-json\/wp\/v2\/users\/2"}],"replies":[{"embeddable":true,"href":"https:\/\/www.datacolor.com\/spyder\/es\/wp-json\/wp\/v2\/comments?post=48165"}],"version-history":[{"count":0,"href":"https:\/\/www.datacolor.com\/spyder\/es\/wp-json\/wp\/v2\/pages\/48165\/revisions"}],"wp:attachment":[{"href":"https:\/\/www.datacolor.com\/spyder\/es\/wp-json\/wp\/v2\/media?parent=48165"}],"curies":[{"name":"wp","href":"https:\/\/api.w.org\/{rel}","templated":true}]}}