{"id":48324,"date":"2024-09-16T09:21:04","date_gmt":"2024-09-16T09:21:04","guid":{"rendered":"https:\/\/dev2024.spyder.datacolor.eu\/spyder\/welcome-to-spyder-print-studio\/"},"modified":"2024-09-16T09:21:12","modified_gmt":"2024-09-16T09:21:12","slug":"welcome-to-spyder-print-studio","status":"publish","type":"page","link":"https:\/\/www.datacolor.com\/spyder\/es\/welcome-to-spyder-print-studio\/","title":{"rendered":"Welcome to Spyder Print Studio"},"content":{"rendered":"<div class=\"wpb-content-wrapper\"><p>[vc_row css=\u00bb.vc_custom_1682339726830{padding-top: 60px !important;padding-bottom: 60px !important;}\u00bb][vc_column width=\u00bb2\/5&#8243;][vc_column_text css=\u00bb\u00bb]<\/p>\n<h1 class=\"mainheader\">\u00a1Bienvenido a Color Mastery!<\/h1>\n<p>[\/vc_column_text][vc_empty_space][vc_column_text css=\u00bb\u00bb]Datacolor Spyder Print Studio es la soluci\u00f3n esencial de flujo de trabajo fotogr\u00e1fico todo en uno para un control preciso desde la captura, pasando por la edici\u00f3n hasta la impresi\u00f3n para un flujo de trabajo completamente gestionado por color. Este conjunto de herramientas de ahorro de costes garantiza que sus fotos se capturen con precisi\u00f3n, que sus monitores muestren colores precisos en cualquier condici\u00f3n de iluminaci\u00f3n y que sus impresiones sean perfectas en todo momento. [\/vc_column_text][vc_empty_space][\/vc_column][vc_column width=\u00bb3\/5&#8243;][vc_empty_space][vc_single_image image=\u00bb48174&#8243; img_size=\u00bb750&#215;500&#8243;][\/vc_column][\/vc_row][vc_row disable_element=\u00bbyes\u00bb bg_type=\u00bbbg_color\u00bb bg_override=\u00bbfull\u00bb bg_color_value=\u00bb#fafafa\u00bb css=\u00bb.vc_custom_1726225295406{padding-top: 30px !important;padding-bottom: 60px !important;}\u00bb][vc_column width=\u00bb1\/2&#8243; css=\u00bb.vc_custom_1725972773631{padding-right: 32px !important;padding-left: 32px !important;}\u00bb][vc_column_text css=\u00bb\u00bb]<\/p>\n<h3 style=\"margin-bottom: 20px;\">Consejos para optimizar la calibraci\u00f3n<\/h3>\n<p> Aqu\u00ed tienes algunos consejos \u00fatiles antes de empezar a calibrar tu monitor: <\/p>\n<ul>\n<li>Caliente el monitor durante unos 30 minutos antes de comenzar el proceso de calibraci\u00f3n para asegurarse de que ha alcanzado su rendimiento \u00f3ptimo para obtener la calibraci\u00f3n m\u00e1s precisa.<\/li>\n<li>Aseg\u00farese de que no incida luz directa sobre la pantalla y de que las l\u00e1mparas de escritorio est\u00e9n apagadas. Es mejor trabajar en un entorno poco iluminado, sobre todo cuando el color es fundamental. <\/li>\n<li>Restablece los valores predeterminados de f\u00e1brica de los controles del monitor.<\/li>\n<li>Desactiva cualquier ajuste de brillo autom\u00e1tico o modo HDR antes de empezar a calibrar. Estos son ejemplos de funciones din\u00e1micas que afectan a la pantalla. La calibraci\u00f3n requiere una pantalla est\u00e1tica para obtener mediciones precisas.  <\/li>\n<\/ul>\n<p>[\/vc_column_text][vc_empty_space][\/vc_column][vc_column width=\u00bb1\/2&#8243; css=\u00bb.vc_custom_1725972786678{padding-right: 32px !important;padding-left: 32px !important;}\u00bb][vc_column_text css=\u00bb\u00bb]<\/p>\n<h3 style=\"margin-bottom: 20px;\">Gu\u00eda de inicio r\u00e1pido<\/h3>\n<ol>\n<li>Descargar e instalar software<\/li>\n<\/ol>\n<p>[\/vc_column_text][vc_btn title=\u00bbVer v\u00eddeo\u00bb style=\u00bbclassic\u00bb shape=\u00bbround\u00bb color=\u00bbblack\u00bb css=\u00bb.vc_custom_1725540547798{margin-top: 8px !important;margin-left: 16px !important;}\u00bb link=\u00bburl:https%3A%2F%2Fyoutu.be%2FoQNpOso07sM|target:_blank|\u00bb][vc_column_text css=\u00bb\u00bb]<\/p>\n<ol start=\"2\">\n<li>Conecte el dispositivo para iniciar el software<\/li>\n<li>Inicie el proceso de activaci\u00f3n\/registro (consulte el n\u00famero de serie del software dentro de la caja situada debajo del dispositivo).<\/li>\n<li>Calibrar (Ver instrucciones paso a paso m\u00e1s abajo)<\/li>\n<\/ol>\n<p>[\/vc_column_text][vc_btn title=\u00bbVer v\u00eddeo\u00bb style=\u00bbclassic\u00bb shape=\u00bbround\u00bb color=\u00bbblack\u00bb css=\u00bb.vc_custom_1725524559566{margin-top: 8px !important;margin-left: 16px !important;}\u00bb link=\u00bburl:https%3A%2F%2Fyoutu.be%2FsJ-S2TS4R9A|target:_blank|\u00bb][vc_empty_space][\/vc_column][\/vc_row][vc_row css=\u00bb.vc_custom_1682343562567{padding-top: 60px !important;padding-bottom: 60px !important;}\u00bb][vc_column width=\u00bb1\/2&#8243;][vc_column_text css=\u00bb\u00bb]<\/p>\n<h2>Descarga del software Spyder<\/h2>\n<p> Revise la <a href=\"https:\/\/spyderx.datacolor.com\/datacolor-spyder-software-license\/\" target=\"_blank\" rel=\"noopener\">Licencia del Software Datacolor<\/a> <em>Todos los productos Spyder incluyen una \u00abLicencia de Sitio\u00bb, para un solo propietario. Esto permite al propietario instalar y utilizar el software en todos los ordenadores (Mac o Windows), siempre que sean propiedad del titular de la licencia. Si el propietario tiene varios ordenadores, puede utilizar el producto Spyder en todos ellos. Queda prohibida la activaci\u00f3n en un ordenador que no sea propiedad del comprador, o el funcionamiento como servicio a terceros.<\/em>[\/vc_column_text][\/vc_column][vc_column width=\u00bb1\/4&#8243;][vc_empty_space][vc_column_text css=\u00bb\u00bb]<\/p>\n<p style=\"text-align: center;\"><strong>SpyderPro<\/strong><\/p>\n<p>[\/vc_column_text][vc_empty_space][vc_btn title=\u00bbWindows Software\u00bb style=\u00bbclassic\u00bb shape=\u00bbround\u00bb color=\u00bbblack\u00bb align=\u00bbcenter\u00bb css=\u00bb.vc_custom_1725982047112{margin-top: 8px !important;}\u00bb link=\u00bburl:https%3A%2F%2Fgoto.datacolor.com%2Fdownloads%2Fwin%2Fsp2024|target:_blank|\u00bb el_class=\u00bbresourcebutton\u00bb][vc_empty_space height=\u00bb20px\u00bb][vc_btn title=\u00bbmacOS Software\u00bb style=\u00bbclassic\u00bb shape=\u00bbround\u00bb color=\u00bbblack\u00bb align=\u00bbcenter\u00bb css=\u00bb.vc_custom_1725553602309{margin-top: 8px !important;}\u00bb link=\u00bburl:https%3A%2F%2Fgoto.datacolor.com%2Fdownloads%2Fmac%2Fsp2024|target:_blank|\u00bb el_class=\u00bbresourcebutton\u00bb][vc_empty_space][\/vc_column][vc_column width=\u00bb1\/4&#8243;][vc_empty_space][vc_column_text css=\u00bb\u00bb]<\/p>\n<p style=\"text-align: center;\"><strong>Spyder Print<\/strong><\/p>\n<p>[\/vc_column_text][vc_empty_space][vc_btn title=\u00bbWindows Software\u00bb style=\u00bbclassic\u00bb shape=\u00bbround\u00bb color=\u00bbblack\u00bb align=\u00bbcenter\u00bb css=\u00bb.vc_custom_1726044894569{margin-top: 8px !important;}\u00bb link=\u00bburl:https%3A%2F%2Fgoto.datacolor.com%2Fdownloads%2Fwin%2Fs5sr100|target:_blank|\u00bb el_class=\u00bbresourcebutton\u00bb][vc_empty_space height=\u00bb20px\u00bb][vc_btn title=\u00bbmacOS Software\u00bb style=\u00bbclassic\u00bb shape=\u00bbround\u00bb color=\u00bbblack\u00bb align=\u00bbcenter\u00bb css=\u00bb.vc_custom_1726044904229{margin-top: 8px !important;}\u00bb link=\u00bburl:https%3A%2F%2Fgoto.datacolor.com%2Fdownloads%2Fmac%2Fs5sr100|target:_blank|\u00bb el_class=\u00bbresourcebutton\u00bb][vc_empty_space][\/vc_column][\/vc_row][vc_row disable_element=\u00bbyes\u00bb css=\u00bb.vc_custom_1726045023231{padding-top: 60px !important;padding-bottom: 60px !important;}\u00bb][vc_column][vc_column_text]<\/p>\n<h2>C\u00f3mo calibrar el monitor<\/h2>\n<p>[\/vc_column_text][vc_empty_space][vc_row_inner][vc_column_inner width=\u00bb1\/2&#8243; offset=\u00bbvc_col-md-3&#8243;][vc_single_image image=\u00bb47564&#8243; img_size=\u00bb500&#215;500&#8243; alignment=\u00bbcenter\u00bb][vc_empty_space][vc_column_text css=\u00bb\u00bb]<strong>1. Conecte el dispositivo Spyder<\/strong><br \/>Su Spyder incluye un puerto USB-C nativo y viene con un adaptador USB-A adicional para mayor comodidad. Siga las instrucciones paso a paso que aparecen en la pantalla.[\/vc_column_text][vc_empty_space][\/vc_column_inner][vc_column_inner width=\u00bb1\/2&#8243; offset=\u00bbvc_col-md-3&#8243;][vc_single_image image=\u00bb47683&#8243; img_size=\u00bb500&#215;500&#8243; alignment=\u00bbcenter\u00bb][vc_empty_space][vc_column_text css=\u00bb\u00bb]<strong>2. Abra el software Spyder<\/strong><br \/>El software Spyder le guiar\u00e1 a trav\u00e9s del proceso de calibraci\u00f3n y configuraci\u00f3n de la pantalla en unas pocas pantallas. Seleccione la <a href=\"\" target=\"\" rel=\"noopener\">tecnolog\u00eda de visualizaci\u00f3n<\/a> y los controles disponibles para su pantalla con el fin de garantizar la calibraci\u00f3n m\u00e1s precisa. Calibre la pantalla para adaptarla a sus necesidades de flujo de trabajo ajustando la configuraci\u00f3n de gamma, punto blanco y brillo.<br \/>\n[\/vc_column_text][vc_empty_space][\/vc_column_inner][vc_column_inner width=\u00bb1\/2&#8243; offset=\u00bbvc_col-md-3&#8243;][vc_single_image image=\u00bb47694&#8243; img_size=\u00bb500&#215;500&#8243; alignment=\u00bbcenter\u00bb][vc_empty_space][vc_column_text css=\u00bb\u00bb]<strong>3. Colocaci\u00f3n correcta de su Spyder<\/strong><br \/>Retire la tapa de la lente de Spyder y, cuando se le solicite, cuelgue el dispositivo sobre la pantalla. La tapa de la lente se desliza a lo largo del cable USB conectado para utilizarse como contrapeso y mantener el sensor Spyder en su lugar sobre la pantalla. El dispositivo debe asentarse a ras en el monitor por su propio peso, no lo sostenga contra la pantalla con la mano.   Inclina un poco la pantalla hacia atr\u00e1s, si es necesario, para mantener el dispositivo plano contra la pantalla.[\/vc_column_text][vc_empty_space][\/vc_column_inner][vc_column_inner width=\u00bb1\/2&#8243; offset=\u00bbvc_col-md-3&#8243;][vc_single_image image=\u00bb47704&#8243; img_size=\u00bb500&#215;500&#8243; alignment=\u00bbcenter\u00bb][vc_empty_space][vc_column_text css=\u00bb\u00bb]<strong>4. Calibre<\/strong><br \/>Aseg\u00farese de que todas las dem\u00e1s aplicaciones est\u00e1n cerradas antes de iniciar el proceso de calibraci\u00f3n para evitar posibles interferencias de las mismas.<br \/>El software Spyder crear\u00e1 un perfil de pantalla personalizado que el sistema operativo del ordenador y las aplicaciones de gesti\u00f3n del color utilizar\u00e1n para corregir la pantalla.  Siempre puedes volver a la configuraci\u00f3n predeterminada de tu monitor simplemente borrando el perfil calibrado.<br \/>\n[\/vc_column_text][vc_btn title=\u00bbVer v\u00eddeo\u00bb style=\u00bbclassic\u00bb shape=\u00bbround\u00bb color=\u00bbblack\u00bb css=\u00bb.vc_custom_1725523412484{margin-top: 8px !important;}\u00bb link=\u00bburl:https%3A%2F%2Fyoutu.be%2FsJ-S2TS4R9A|target:_blank|\u00bb][vc_empty_space][\/vc_column_inner][\/vc_row_inner][\/vc_column][\/vc_row][vc_row css=\u00bb.vc_custom_1682345998990{padding-top: 60px !important;padding-bottom: 60px !important;}\u00bb][vc_column][vc_column_text css=\u00bb\u00bb]<\/p>\n<h2>Su viaje creativo comienza aqu\u00ed<\/h2>\n<p>[\/vc_column_text][vc_empty_space][vc_row_inner][vc_column_inner width=\u00bb2\/3&#8243;][vc_column_text css=\u00bb\u00bb]<\/p>\n<h3>Spyder Cube<\/h3>\n<p> Para una correcci\u00f3n incomparable del balance de blancos, la exposici\u00f3n y los niveles de contraste para fotograf\u00eda y v\u00eddeo. Proporciona una referencia tridimensional de blanco, negro y gris neutro con una bola de espejos que muestra los reflejos especulares y una trampa de negro para una verdadera referencia del punto negro, caracter\u00edsticas que no se encuentran en una tarjeta de grises tradicional.<br \/>\n[\/vc_column_text][vc_empty_space][vc_btn title=\u00bbDescargar Gu\u00eda de inicio r\u00e1pido\u00bb style=\u00bbclassic\u00bb shape=\u00bbround\u00bb color=\u00bbblack\u00bb align=\u00bbleft\u00bb i_icon_fontawesome=\u00bbfar fa-file-alt\u00bb css=\u00bb.vc_custom_1726249379130{margin-top: 8px !important;}\u00bb add_icon=\u00bbtrue\u00bb link=\u00bburl:https%3A%2F%2Fwww.datacolor.com%2Fspyder%2Fwp-content%2Fuploads%2F2023%2F05%2FSpyder-Cube-Quick-Start-Guide.pdf|target:_blank|\u00bb el_class=\u00bbresourcebutton\u00bb][vc_btn title=\u00bbDescargar Gu\u00eda del usuario\u00bb style=\u00bbclassic\u00bb shape=\u00bbround\u00bb color=\u00bbblack\u00bb align=\u00bbleft\u00bb i_icon_fontawesome=\u00bbfar fa-file-alt\u00bb css=\u00bb.vc_custom_1726249333326{margin-top: 8px !important;}\u00bb add_icon=\u00bbtrue\u00bb link=\u00bburl:https%3A%2F%2Fwww.datacolor.com%2Fspyder%2Fwp-content%2Fuploads%2F2023%2F05%2FSpyder-Cube-User-Guide.pdf|target:_blank|\u00bb el_class=\u00bbresourcebutton\u00bb][vc_empty_space][\/vc_column_inner][vc_column_inner width=\u00bb1\/3&#8243;][vc_single_image image=\u00bb48184&#8243; img_size=\u00bbfull\u00bb][\/vc_column_inner][\/vc_row_inner][\/vc_column][\/vc_row][vc_row css=\u00bb.vc_custom_1682345998990{padding-top: 60px !important;padding-bottom: 60px !important;}\u00bb][vc_column][vc_row_inner][vc_column_inner width=\u00bb2\/3&#8243;][vc_empty_space][vc_column_text css=\u00bb\u00bb]<\/p>\n<h3>SpyderPro<\/h3>\n<p> Calibra completamente OLED, mini-LED, Apple Liquid Retina XDR y monitores de alto brillo, adem\u00e1s de LED ancho y est\u00e1ndar. Incluye objetivos de v\u00eddeo Rec.  709 y Rec. 2020. La exclusiva funci\u00f3n Display Preview\u2122 Beta simula c\u00f3mo pueden verse las im\u00e1genes en los \u00faltimos tel\u00e9fonos y tabletas sin tener que utilizar los dispositivos reales para la previsualizaci\u00f3n.[\/vc_column_text][vc_empty_space][vc_btn title=\u00bbDescargar Gu\u00eda de inicio r\u00e1pido\u00bb style=\u00bbclassic\u00bb shape=\u00bbround\u00bb color=\u00bbblack\u00bb align=\u00bbleft\u00bb i_icon_fontawesome=\u00bbfar fa-file-alt\u00bb css=\u00bb.vc_custom_1726225401790{margin-top: 8px !important;}\u00bb add_icon=\u00bbtrue\u00bb link=\u00bburl:https%3A%2F%2Fwww.datacolor.com%2Fspyder%2Fwp-content%2Fuploads%2F2024%2F09%2FSpyderPro-Quick-Start-Guide_ES.pdf|target:_blank|\u00bb el_class=\u00bbresourcebutton\u00bb][vc_btn title=\u00bbDescargar Gu\u00eda del usuario\u00bb style=\u00bbclassic\u00bb shape=\u00bbround\u00bb color=\u00bbblack\u00bb align=\u00bbleft\u00bb i_icon_fontawesome=\u00bbfar fa-file-alt\u00bb css=\u00bb.vc_custom_1726225417642{margin-top: 8px !important;}\u00bb add_icon=\u00bbtrue\u00bb link=\u00bburl:https%3A%2F%2Fwww.datacolor.com%2Fspyder%2Fwp-content%2Fuploads%2F2024%2F09%2FSpyder-SpyderPro-User-Guide_ES-Final.pdf|target:_blank|\u00bb el_class=\u00bbresourcebutton\u00bb][vc_btn title=\u00bbDemostraci\u00f3n de instalaci\u00f3n\u00bb style=\u00bbclassic\u00bb shape=\u00bbround\u00bb color=\u00bbblack\u00bb align=\u00bbleft\u00bb i_icon_fontawesome=\u00bbfar fa-file-alt\u00bb css=\u00bb.vc_custom_1726225442640{margin-top: 8px !important;}\u00bb add_icon=\u00bbtrue\u00bb link=\u00bburl:https%3A%2F%2Fyoutu.be%2FoQNpOso07sM|target:_blank|\u00bb el_class=\u00bbresourcebutton\u00bb][vc_btn title=\u00bbDemostraci\u00f3n de calibraci\u00f3n\u00bb style=\u00bbclassic\u00bb shape=\u00bbround\u00bb color=\u00bbblack\u00bb align=\u00bbleft\u00bb i_icon_fontawesome=\u00bbfar fa-file-alt\u00bb css=\u00bb.vc_custom_1726225467328{margin-top: 8px !important;}\u00bb add_icon=\u00bbtrue\u00bb link=\u00bburl:https%3A%2F%2Fyoutu.be%2FsJ-S2TS4R9A|target:_blank|\u00bb el_class=\u00bbresourcebutton\u00bb][vc_empty_space][\/vc_column_inner][vc_column_inner width=\u00bb1\/3&#8243;][vc_empty_space][vc_single_image image=\u00bb48194&#8243; img_size=\u00bbfull\u00bb][\/vc_column_inner][\/vc_row_inner][\/vc_column][\/vc_row][vc_row css=\u00bb.vc_custom_1682345998990{padding-top: 60px !important;padding-bottom: 60px !important;}\u00bb][vc_column][vc_separator][vc_row_inner][vc_column_inner width=\u00bb2\/3&#8243;][vc_empty_space][vc_column_text css=\u00bb\u00bb]<\/p>\n<h3>Spyder Print<\/h3>\n<p> Perfilado de impresoras para cualquier combinaci\u00f3n de impresora\/tinta\/papel. SpyderProof le ofrece una serie de im\u00e1genes cuidadosamente seleccionadas para evaluar el perfil personalizado. La herramienta soft-proofing es inestimable para evaluar su nuevo perfil.[\/vc_column_text][vc_empty_space][vc_btn title=\u00bbDescargar Gu\u00eda de inicio r\u00e1pido\u00bb style=\u00bbclassic\u00bb shape=\u00bbround\u00bb color=\u00bbblack\u00bb align=\u00bbleft\u00bb i_icon_fontawesome=\u00bbfar fa-file-alt\u00bb css=\u00bb.vc_custom_1726225547397{margin-top: 8px !important;}\u00bb add_icon=\u00bbtrue\u00bb link=\u00bburl:https%3A%2F%2Fwww.datacolor.com%2Fspyder%2Fwp-content%2Fuploads%2F2023%2F05%2FSpyder-Print-Quick-Start-Guide.pdf|target:_blank|\u00bb el_class=\u00bbresourcebutton\u00bb][vc_btn title=\u00bbDescargar Gu\u00eda del usuario\u00bb style=\u00bbclassic\u00bb shape=\u00bbround\u00bb color=\u00bbblack\u00bb align=\u00bbleft\u00bb i_icon_fontawesome=\u00bbfar fa-file-alt\u00bb css=\u00bb.vc_custom_1726225561176{margin-top: 8px !important;}\u00bb add_icon=\u00bbtrue\u00bb link=\u00bburl:https%3A%2F%2Fwww.datacolor.com%2Fspyder%2Fwp-content%2Fuploads%2F2023%2F05%2FSpyder-Print-User-Guide.pdf|target:_blank|\u00bb el_class=\u00bbresourcebutton\u00bb][vc_empty_space][\/vc_column_inner][vc_column_inner width=\u00bb1\/3&#8243;][vc_empty_space][vc_single_image image=\u00bb48205&#8243; img_size=\u00bbfull\u00bb][\/vc_column_inner][\/vc_row_inner][\/vc_column][\/vc_row][vc_row bg_type=\u00bbbg_color\u00bb bg_override=\u00bbfull\u00bb css=\u00bb.vc_custom_1725525740289{padding-top: 60px !important;padding-bottom: 60px !important;}\u00bb bg_color_value=\u00bb#fafafa\u00bb][vc_column][vc_column_text css=\u00bb\u00bb]<\/p>\n<h2>Recursos adicionales<\/h2>\n<p>[\/vc_column_text][vc_empty_space][vc_row_inner][vc_column_inner width=\u00bb1\/3&#8243;][vc_single_image image=\u00bb47604&#8243; img_size=\u00bb500&#215;500&#8243; onclick=\u00bbcustom_link\u00bb img_link_target=\u00bb_blank\u00bb][vc_empty_space][\/vc_column_inner][vc_column_inner width=\u00bb1\/3&#8243;][vc_btn title=\u00bbPreguntas frecuentes\u00bb style=\u00bbclassic\u00bb shape=\u00bbround\u00bb color=\u00bbblack\u00bb align=\u00bbcenter\u00bb i_icon_fontawesome=\u00bbfar fa-question-circle\u00bb css=\u00bb.vc_custom_1725553204797{margin-top: 8px !important;}\u00bb add_icon=\u00bbtrue\u00bb link=\u00bburl:https%3A%2F%2Fgoto.datacolor.com%2Flearnaboutspyder24-faq|target:_blank|\u00bb el_class=\u00bbresourcebutton\u00bb][vc_empty_space][\/vc_column_inner][vc_column_inner width=\u00bb1\/3&#8243;][vc_btn title=\u00bbContacto\u00bb style=\u00bbclassic\u00bb shape=\u00bbround\u00bb color=\u00bbblack\u00bb align=\u00bbcenter\u00bb i_icon_fontawesome=\u00bbfas fa-at\u00bb css=\u00bb.vc_custom_1725553162918{margin-top: 8px !important;}\u00bb add_icon=\u00bbtrue\u00bb link=\u00bburl:https%3A%2F%2Fspyder-support.datacolor.com%2F|target:_blank|\u00bb el_class=\u00bbresourcebutton\u00bb][vc_empty_space][\/vc_column_inner][\/vc_row_inner][\/vc_column][\/vc_row]<\/p>\n<\/div>","protected":false},"excerpt":{"rendered":"<p>[vc_row css=\u00bb.vc_custom_1682339726830{padding-top: 60px !important;padding-bottom: 60px !important;}\u00bb][vc_column width=\u00bb2\/5&#8243;][vc_column_text css=\u00bb\u00bb] \u00a1Bienvenido a Color Mastery! [\/vc_column_text][vc_empty_space][vc_column_text css=\u00bb\u00bb]Datacolor Spyder Print Studio es la soluci\u00f3n esencial de flujo de trabajo fotogr\u00e1fico todo en uno para un control preciso desde la captura, pasando por la edici\u00f3n hasta la impresi\u00f3n para un flujo de trabajo completamente gestionado por color. Este conjunto de &hellip;<\/p>\n","protected":false},"author":2,"featured_media":0,"parent":0,"menu_order":0,"comment_status":"closed","ping_status":"closed","template":"","meta":{"_acf_changed":false,"footnotes":""},"class_list":["post-48324","page","type-page","status-publish","hentry"],"acf":[],"_links":{"self":[{"href":"https:\/\/www.datacolor.com\/spyder\/es\/wp-json\/wp\/v2\/pages\/48324","targetHints":{"allow":["GET"]}}],"collection":[{"href":"https:\/\/www.datacolor.com\/spyder\/es\/wp-json\/wp\/v2\/pages"}],"about":[{"href":"https:\/\/www.datacolor.com\/spyder\/es\/wp-json\/wp\/v2\/types\/page"}],"author":[{"embeddable":true,"href":"https:\/\/www.datacolor.com\/spyder\/es\/wp-json\/wp\/v2\/users\/2"}],"replies":[{"embeddable":true,"href":"https:\/\/www.datacolor.com\/spyder\/es\/wp-json\/wp\/v2\/comments?post=48324"}],"version-history":[{"count":0,"href":"https:\/\/www.datacolor.com\/spyder\/es\/wp-json\/wp\/v2\/pages\/48324\/revisions"}],"wp:attachment":[{"href":"https:\/\/www.datacolor.com\/spyder\/es\/wp-json\/wp\/v2\/media?parent=48324"}],"curies":[{"name":"wp","href":"https:\/\/api.w.org\/{rel}","templated":true}]}}