{"id":52247,"date":"2025-02-18T14:47:19","date_gmt":"2025-02-18T14:47:19","guid":{"rendered":"https:\/\/dev2024.spyder.datacolor.eu\/spyder\/welcome-to-lightcolor-meter\/"},"modified":"2025-02-21T11:06:27","modified_gmt":"2025-02-21T11:06:27","slug":"welcome-to-lightcolor-meter","status":"publish","type":"page","link":"https:\/\/www.datacolor.com\/spyder\/es\/welcome-to-lightcolor-meter\/","title":{"rendered":"Welcome to LightColor Meter"},"content":{"rendered":"<div class=\"wpb-content-wrapper\"><p>[vc_row][vc_column][vc_column_text][\/vc_column_text][\/vc_column][\/vc_row][vc_row css=\u00bb.vc_custom_1682339726830{padding-top: 60px !important;padding-bottom: 60px !important;}\u00bb][vc_column width=\u00bb2\/5&#8243;][vc_column_text css=\u00bb\u00bb]<\/p>\n<h1 class=\"mainheader\">\u00a1La exposici\u00f3n de precisi\u00f3n est\u00e1 a solo un LightColor Meter de distancia!<\/h1>\n<p>[\/vc_column_text][vc_empty_space][vc_column_text css=\u00bb\u00bb]Descargue la aplicaci\u00f3n para su nuevo medidor Datacolor LightColor, vea la gu\u00eda de inicio r\u00e1pido y encuentre enlaces \u00fatiles a la gu\u00eda del usuario y al servicio de atenci\u00f3n al cliente[\/vc_column_text][vc_empty_space][\/vc_column][vc_column width=\u00bb3\/5&#8243;][vc_empty_space][vc_single_image image=\u00bb52016&#8243; img_size=\u00bb750&#215;500&#8243;][\/vc_column][\/vc_row][vc_row][vc_column][vc_column_text][\/vc_column_text][\/vc_column][\/vc_row][vc_row bg_type=\u00bbbg_color\u00bb bg_override=\u00bbfull\u00bb bg_color_value=\u00bb#fafafa\u00bb css=\u00bb.vc_custom_1725522706270{padding-top: 30px !important;padding-bottom: 60px !important;}\u00bb][vc_column width=\u00bb1\/2&#8243; css=\u00bb.vc_custom_1725972773631{padding-right: 32px !important;padding-left: 32px !important;}\u00bb][vc_column_text css=\u00bb\u00bb]<\/p>\n<h3 style=\"margin-bottom: 20px;\">Caracter\u00edsticas destacadas<\/h3>\n<ul>\n<li>Mide la luz, la temperatura de color y el DUV para una mayor precisi\u00f3n<\/li>\n<li>La funcionalidad inal\u00e1mbrica proporciona una agilidad eficaz y manos libres<\/li>\n<li>Mide todo tipo de iluminaci\u00f3n, incluida la continua y la estrobosc\u00f3pica\/flash<\/li>\n<li>El dispositivo mide m\u00faltiples fuentes de luz cuando se levanta la c\u00fapula o una sola fuente de luz cuando se presiona la c\u00fapula hacia abajo<\/li>\n<li>Incluye bibliotecas de filtros de gel de Profoto<sup>\u00ae<\/sup>, LEE<sup>\u00ae<\/sup> y Rosco<sup>\u00ae<\/sup><\/li>\n<li>Sincroniza a la perfecci\u00f3n varios medidores LightColor para \u00e1reas m\u00e1s grandes\/pantallas verdes<\/li>\n<\/ul>\n<p>[\/vc_column_text][vc_empty_space][\/vc_column][vc_column width=\u00bb1\/2&#8243; css=\u00bb.vc_custom_1725972786678{padding-right: 32px !important;padding-left: 32px !important;}\u00bb][vc_column_text css=\u00bb\u00bb]<\/p>\n<h3 style=\"margin-bottom: 20px;\">Gu\u00eda de inicio r\u00e1pido<\/h3>\n<ol>\n<li>Descargue e instale la aplicaci\u00f3n.<\/li>\n<\/ol>\n<p>[\/vc_column_text][vc_empty_space height=\u00bb16px\u00bb][vc_row_inner][vc_column_inner width=\u00bb1\/2&#8243;][vc_single_image image=\u00bb52027&#8243; img_size=\u00bbmedium\u00bb onclick=\u00bbcustom_link\u00bb link=\u00bbhttps:%2F%2Fgoto.datacolor.com%2FgetLCMappiOS|\u00bb][\/vc_column_inner][vc_column_inner width=\u00bb1\/2&#8243;][vc_single_image image=\u00bb52037&#8243; img_size=\u00bbmedium\u00bb onclick=\u00bbcustom_link\u00bb link=\u00bbhttps:%2F%2Fgoto.datacolor.com%2FgetLCMappAndroid|\u00bb][\/vc_column_inner][\/vc_row_inner][vc_row_inner][vc_column_inner][vc_empty_space height=\u00bb16px\u00bb][vc_column_text css=\u00bb\u00bb]<\/p>\n<ol start=\"2\">\n<li>Instale las pilas, conecte el medidor, col\u00f3quelo y tome la lectura.<\/li>\n<\/ol>\n<p>[\/vc_column_text][vc_btn title=\u00bbVer v\u00eddeo\u00bb style=\u00bbclassic\u00bb shape=\u00bbround\u00bb color=\u00bbblack\u00bb css=\u00bb.vc_custom_1740056047068{margin-top: 8px !important;margin-left: 16px !important;}\u00bb link=\u00bburl:https%3A%2F%2Fwww.youtube.com%2Fwatch%3Fv%3DlyNcy-Q_JJE|target:_blank|\u00bb][vc_column_text css=\u00bb\u00bb]<\/p>\n<ol start=\"3\">\n<li>Ver mediciones de luz y temperatura de color<\/li>\n<li>Ajuste la exposici\u00f3n y la iluminaci\u00f3n de la escena.<\/li>\n<\/ol>\n<p>[\/vc_column_text][\/vc_column_inner][\/vc_row_inner][\/vc_column][\/vc_row][vc_row css=\u00bb.vc_custom_1682343562567{padding-top: 60px !important;padding-bottom: 60px !important;}\u00bb][vc_column][vc_column_text css=\u00bb\u00bb]<\/p>\n<h2>Consejos<\/h2>\n<p>[\/vc_column_text][vc_empty_space][vc_column_text css=\u00bb\u00bb]<\/p>\n<ul class=\"tiplist\">\n<li>El LightColor Meter se utiliza mejor colocado cerca del sujeto para medir la luz.<\/li>\n<li>Si est\u00e1 fotografiando a una persona, coloque la c\u00fapula del medidor en direcci\u00f3n contraria a su rostro para medir la luz.<\/li>\n<li>C\u00f3mo colocarlo: Utilice el orificio para sujetar el cord\u00f3n, \u00bc\u00bb 20 para montarlo en un tr\u00edpode, un im\u00e1n de tierras raras para montarlo en una superficie met\u00e1lica o los accesorios incluidos (pinza de cocodrilo\/montaje m\u00faltiple).<\/li>\n<li>La c\u00fapula del medidor LightColor tiene dos posiciones, arriba y abajo.\n<ul class=\"subbullets\" style=\"margin-top: 16px;\">\n<li>Utilice la c\u00fapula en la posici\u00f3n superior para tomar una medici\u00f3n desde un \u00e1ngulo m\u00e1s amplio\/fuentes de luz m\u00faltiples.<\/li>\n<li>Presione la c\u00fapula hacia abajo para tomar una medici\u00f3n desde un \u00e1ngulo m\u00e1s estrecho\/fuente de luz \u00fanica.<\/li>\n<\/ul>\n<\/li>\n<\/ul>\n<p>[\/vc_column_text][\/vc_column][\/vc_row][vc_row bg_type=\u00bbbg_color\u00bb bg_override=\u00bbfull\u00bb css=\u00bb.vc_custom_1725525740289{padding-top: 60px !important;padding-bottom: 60px !important;}\u00bb bg_color_value=\u00bb#fafafa\u00bb][vc_column][vc_column_text css=\u00bb\u00bb]<\/p>\n<h2>Recursos adicionales<\/h2>\n<p>[\/vc_column_text][vc_empty_space][vc_row_inner][vc_column_inner width=\u00bb1\/3&#8243;][vc_single_image image=\u00bb47604&#8243; img_size=\u00bb500&#215;500&#8243; onclick=\u00bbcustom_link\u00bb img_link_target=\u00bb_blank\u00bb][vc_empty_space][\/vc_column_inner][vc_column_inner width=\u00bb1\/3&#8243;][vc_btn title=\u00bbDescargar Gu\u00eda de inicio r\u00e1pido\u00bb style=\u00bbclassic\u00bb shape=\u00bbround\u00bb color=\u00bbblack\u00bb align=\u00bbcenter\u00bb i_icon_fontawesome=\u00bbfar fa-file-alt\u00bb css=\u00bb.vc_custom_1740135691983{margin-top: 8px !important;}\u00bb add_icon=\u00bbtrue\u00bb link=\u00bburl:%2Fspyder%2Fwp-content%2Fuploads%2F2025%2F02%2FLightColor-Meter-QSG-ES.pdf|target:_blank|\u00bb el_class=\u00bbresourcebutton\u00bb][vc_btn title=\u00bbDescargar Gu\u00eda del usuario\u00bb style=\u00bbclassic\u00bb shape=\u00bbround\u00bb color=\u00bbblack\u00bb align=\u00bbcenter\u00bb i_icon_fontawesome=\u00bbfar fa-file-alt\u00bb css=\u00bb.vc_custom_1740135722539{margin-top: 8px !important;}\u00bb add_icon=\u00bbtrue\u00bb link=\u00bburl:%2Fspyder%2Fwp-content%2Fuploads%2F2025%2F02%2FUserManual-LCM200-Rev-C-FINAL-ES.pdf|target:_blank|\u00bb el_class=\u00bbresourcebutton\u00bb][vc_empty_space][\/vc_column_inner][vc_column_inner width=\u00bb1\/3&#8243;][vc_btn title=\u00bbC\u00f3mo usar la demostraci\u00f3n\u00bb style=\u00bbclassic\u00bb shape=\u00bbround\u00bb color=\u00bbblack\u00bb align=\u00bbcenter\u00bb i_icon_fontawesome=\u00bbfar fa-play-circle\u00bb css=\u00bb.vc_custom_1739286681335{margin-top: 8px !important;}\u00bb add_icon=\u00bbtrue\u00bb link=\u00bburl:https%3A%2F%2Fyoutu.be%2FoQNpOso07sM|target:_blank|\u00bb el_class=\u00bbresourcebutton\u00bb][vc_btn title=\u00bbContacto\u00bb style=\u00bbclassic\u00bb shape=\u00bbround\u00bb color=\u00bbblack\u00bb align=\u00bbcenter\u00bb i_icon_fontawesome=\u00bbfas fa-at\u00bb css=\u00bb.vc_custom_1725553162918{margin-top: 8px !important;}\u00bb add_icon=\u00bbtrue\u00bb link=\u00bburl:https%3A%2F%2Fspyder-support.datacolor.com%2F|target:_blank|\u00bb el_class=\u00bbresourcebutton\u00bb][vc_empty_space][\/vc_column_inner][\/vc_row_inner][\/vc_column][\/vc_row][vc_row css=\u00bb.vc_custom_1725544748051{padding-top: 60px !important;padding-bottom: 60px !important;}\u00bb][vc_column][vc_column_text css=\u00bb\u00bb]<\/p>\n<h2>Casos de uso<\/h2>\n<p>[\/vc_column_text][vc_empty_space][vc_row_inner][vc_column_inner width=\u00bb1\/2&#8243;][vc_single_image image=\u00bb51709&#8243; img_size=\u00bb800&#215;800&#8243; alignment=\u00bbcenter\u00bb][vc_empty_space][vc_column_text css=\u00bb\u00bb]<\/p>\n<h4>Usos fotogr\u00e1ficos<\/h4>\n<p>[\/vc_column_text][vc_empty_space height=\u00bb16px\u00bb][vc_column_text css=\u00bb\u00bb]<\/p>\n<ul>\n<li>Sesiones en estudio con iluminaci\u00f3n mixta<\/li>\n<li>Retratos en exteriores<\/li>\n<li>Fotograf\u00eda de eventos con iluminaci\u00f3n variable<\/li>\n<li>Fotograf\u00eda de producto para una representaci\u00f3n precisa del color<\/li>\n<li>Fotograf\u00eda de paisajes<\/li>\n<li>Fotograf\u00eda de productos con reflejos controlados<\/li>\n<li>Fotograf\u00eda de Retrato con Rim<\/li>\n<\/ul>\n<p>[\/vc_column_text][vc_empty_space][\/vc_column_inner][vc_column_inner width=\u00bb1\/2&#8243;][vc_single_image image=\u00bb51699&#8243; img_size=\u00bb800&#215;800&#8243; alignment=\u00bbcenter\u00bb][vc_empty_space][vc_column_text css=\u00bb\u00bb]<\/p>\n<h4>Usos del v\u00eddeo<\/h4>\n<p>[\/vc_column_text][vc_empty_space height=\u00bb16px\u00bb][vc_column_text css=\u00bb\u00bb]<\/p>\n<ul>\n<li>Disparar en condiciones de iluminaci\u00f3n mixta<\/li>\n<li>Preparaci\u00f3n de entrevistas<\/li>\n<li>Iluminaci\u00f3n dram\u00e1tica para el narrativo<\/li>\n<li>Videograf\u00eda de eventos<\/li>\n<li>Croma en pantalla verde<\/li>\n<li>Iluminaci\u00f3n cinematogr\u00e1fica para entrevistas<\/li>\n<li>Documental \u00abCorre y dispara\u00bb<\/li>\n<li>Realizaci\u00f3n de documentales en condiciones de iluminaci\u00f3n variables<\/li>\n<\/ul>\n<p>[\/vc_column_text][vc_empty_space height=\u00bb16px\u00bb][\/vc_column_inner][\/vc_row_inner][\/vc_column][\/vc_row][vc_row disable_element=\u00bbyes\u00bb css=\u00bb.vc_custom_1739291943136{padding-top: 60px !important;padding-bottom: 60px !important;}\u00bb][vc_column][vc_column_text css=\u00bb\u00bb]<\/p>\n<h2>Casos de uso<\/h2>\n<p>[\/vc_column_text][vc_empty_space][vc_row_inner][vc_column_inner width=\u00bb1\/2&#8243;][vc_single_image image=\u00bb51709&#8243; img_size=\u00bb800&#215;800&#8243; alignment=\u00bbcenter\u00bb][vc_empty_space][vc_column_text css=\u00bb\u00bb]<strong>Sesiones en estudio con iluminaci\u00f3n mixta<\/strong><br \/>Proporciona mediciones simult\u00e1neas de flash\/destello, fuentes de luz continuas y variadas (LED, tungsteno, etc.) para obtener un equilibrio de luz armonioso y una representaci\u00f3n precisa del color.[\/vc_column_text][vc_column_text css=\u00bb\u00bb]<strong>Retratos en exteriores<\/strong><br \/>Garantiza unos tonos de piel naturales y precisos y una exposici\u00f3n equilibrada, con luz exterior cambiante. Deja el dispositivo en su sitio para obtener datos continuos sobre la luz y la temperatura del color a medida que la luz var\u00eda.[\/vc_column_text][vc_column_text css=\u00bb\u00bb]<strong>Fotograf\u00eda de eventos con iluminaci\u00f3n variable<\/strong><br \/>Captura im\u00e1genes bien expuestas y con colores precisos en las vertiginosas y variadas condiciones de iluminaci\u00f3n de la fotograf\u00eda de eventos, como bodas, conciertos al aire libre, etc.<br \/>\n[\/vc_column_text][vc_column_text css=\u00bb\u00bb]<strong>Fotograf\u00eda de producto para una representaci\u00f3n precisa del color<\/strong><br \/>Representa con precisi\u00f3n los colores reales del producto, reduciendo las devoluciones por discrepancias de color y mejorando la satisfacci\u00f3n del cliente. Gracias a su tama\u00f1o compacto, es f\u00e1cil colocar el LightColor Meter con un efecto m\u00ednimo sobre la iluminaci\u00f3n en las tomas de productos <br \/>\n[\/vc_column_text][vc_column_text css=\u00bb\u00bb]<strong>Fotograf\u00eda de paisajes<\/strong><br \/>Muestra la espectacular iluminaci\u00f3n y los vibrantes colores de la Hora Dorada con una exposici\u00f3n y una fidelidad crom\u00e1tica bien equilibradas.[\/vc_column_text][vc_column_text css=\u00bb\u00bb]<strong>Fotograf\u00eda de productos con reflejos controlados<\/strong><br \/>Consiga un control preciso de los reflejos y las luces en productos reflectantes o met\u00e1licos. Es necesario controlar la temperatura del color y la intensidad de la luz para capturar con precisi\u00f3n los reflejos y los brillos que realzan el atractivo del producto sin reflejos molestos. <br \/>\n[\/vc_column_text][vc_column_text css=\u00bb\u00bb]<strong>Fotograf\u00eda de Retrato con Rim<\/strong><br \/>Resalte maravillosamente el sujeto con una luz de borde que proporcione profundidad y separaci\u00f3n del fondo. Las mediciones de direcci\u00f3n del LightColor Meter son perfectas para lograr el efecto deseado mediante la medici\u00f3n y el ajuste precisos de la luz direccional.[\/vc_column_text][vc_empty_space][\/vc_column_inner][vc_column_inner width=\u00bb1\/2&#8243;][vc_single_image image=\u00bb51699&#8243; img_size=\u00bb800&#215;800&#8243; alignment=\u00bbcenter\u00bb][vc_empty_space][vc_column_text css=\u00bb\u00bb]<strong>Disparar en condiciones de iluminaci\u00f3n mixta<\/strong><br \/>Garantiza una exposici\u00f3n uniforme y un equilibrio de color preciso a pesar de las condiciones de iluminaci\u00f3n mixtas, lo que reduce la necesidad de una amplia correcci\u00f3n del color en la posproducci\u00f3n.<br \/>\n[\/vc_column_text][vc_column_text css=\u00bb\u00bb]<strong>Preparaci\u00f3n de entrevistas<\/strong><br \/>Cree secuencias de entrevistas con una iluminaci\u00f3n de calidad profesional y una representaci\u00f3n precisa del color, mejorando el aspecto del sujeto y la est\u00e9tica general del v\u00eddeo. La funci\u00f3n inal\u00e1mbrica del LightColor Meter te permite configurar r\u00e1pida y c\u00f3modamente la iluminaci\u00f3n de 3 puntos perfecta para el rodaje. [\/vc_column_text][vc_column_text css=\u00bb\u00bb]<strong>Iluminaci\u00f3n dram\u00e1tica para el narrativo<\/strong><br \/>Establecer el estado de \u00e1nimo y la atm\u00f3sfera en escenas de cortometrajes utilizando una iluminaci\u00f3n controlada y direccional. Utilizar la luz medida y las mediciones de temperatura de color para ajustar el contraste y el color de la iluminaci\u00f3n con el fin de crear escenas dram\u00e1ticas.[\/vc_column_text][vc_column_text css=\u00bb\u00bb]<strong>Videograf\u00eda de eventos<\/strong><br \/>Capture secuencias bien expuestas y con colores precisos de eventos al aire libre (bodas, festivales, conciertos, etc.), que abarquen varias horas con condiciones de luz cambiantes. LightColor Meter te ofrece los niveles de color y exposici\u00f3n adecuados durante todo el evento gracias a su modo de medici\u00f3n continua para obtener un color uniforme y fiel a la realidad.[\/vc_column_text][vc_column_text css=\u00bb\u00bb]<strong>Croma en pantalla verde<\/strong><br \/>Optimiza la iluminaci\u00f3n de los trabajos en pantalla verde para facilitar y hacer m\u00e1s eficaz la incrustaci\u00f3n por croma en posproducci\u00f3n. Garantiza una iluminaci\u00f3n uniforme de la pantalla verde y una exposici\u00f3n adecuada del sujeto con colores precisos, lo que simplifica el proceso de incrustaci\u00f3n por croma en posproducci\u00f3n y garantiza unos efectos visuales de alta calidad. [\/vc_column_text][vc_column_text css=\u00bb\u00bb]<strong>Iluminaci\u00f3n cinematogr\u00e1fica para entrevistas<\/strong><br \/>Crea un aspecto cinematogr\u00e1fico para las entrevistas utilizando la iluminaci\u00f3n direccional para a\u00f1adir profundidad y esculpir los rasgos del sujeto con luces y sombras utilizando el medidor LightColor para obtener una exposici\u00f3n y un contraste precisos. [\/vc_column_text][vc_column_text css=\u00bb\u00bb]<strong>Documental \u00abCorre y dispara\u00bb<\/strong><br \/>Utiliza el medidor LightColor Meter para mantener una exposici\u00f3n y un equilibrio de color uniformes en las secuencias de documentales en distintas ubicaciones y condiciones de iluminaci\u00f3n con iluminaci\u00f3n adicional en la c\u00e1mara. Una calidad constante, una exposici\u00f3n bien equilibrada y una representaci\u00f3n precisa del color crean una experiencia aut\u00e9ntica y real para el espectador.[\/vc_column_text][vc_column_text css=\u00bb\u00bb]<strong>Realizaci\u00f3n de documentales en condiciones de iluminaci\u00f3n variables<\/strong><br \/>Capta im\u00e1genes uniformes y de alta calidad en diversas condiciones de iluminaci\u00f3n natural y artificial para documentales. La versatilidad del LightColor Meter para medir tanto la luz ambiental como la direccional, combinada con su adaptabilidad inal\u00e1mbrica, garantiza que los realizadores de documentales puedan capturar secuencias coherentes y fieles a la realidad en cualquier entorno.[\/vc_column_text][vc_empty_space height=\u00bb16px\u00bb][\/vc_column_inner][\/vc_row_inner][\/vc_column][\/vc_row]<\/p>\n<\/div>","protected":false},"excerpt":{"rendered":"<p>[vc_row][vc_column][vc_column_text][\/vc_column_text][\/vc_column][\/vc_row][vc_row css=\u00bb.vc_custom_1682339726830{padding-top: 60px !important;padding-bottom: 60px !important;}\u00bb][vc_column width=\u00bb2\/5&#8243;][vc_column_text css=\u00bb\u00bb] \u00a1La exposici\u00f3n de precisi\u00f3n est\u00e1 a solo un LightColor Meter de distancia! [\/vc_column_text][vc_empty_space][vc_column_text css=\u00bb\u00bb]Descargue la aplicaci\u00f3n para su nuevo medidor Datacolor LightColor, vea la gu\u00eda de inicio r\u00e1pido y encuentre enlaces \u00fatiles a la gu\u00eda del usuario y al servicio de atenci\u00f3n al cliente[\/vc_column_text][vc_empty_space][\/vc_column][vc_column width=\u00bb3\/5&#8243;][vc_empty_space][vc_single_image image=\u00bb52016&#8243; img_size=\u00bb750&#215;500&#8243;][\/vc_column][\/vc_row][vc_row][vc_column][vc_column_text][\/vc_column_text][\/vc_column][\/vc_row][vc_row &hellip;<\/p>\n","protected":false},"author":2,"featured_media":0,"parent":0,"menu_order":0,"comment_status":"closed","ping_status":"closed","template":"","meta":{"_acf_changed":false,"footnotes":""},"class_list":["post-52247","page","type-page","status-publish","hentry"],"acf":[],"_links":{"self":[{"href":"https:\/\/www.datacolor.com\/spyder\/es\/wp-json\/wp\/v2\/pages\/52247","targetHints":{"allow":["GET"]}}],"collection":[{"href":"https:\/\/www.datacolor.com\/spyder\/es\/wp-json\/wp\/v2\/pages"}],"about":[{"href":"https:\/\/www.datacolor.com\/spyder\/es\/wp-json\/wp\/v2\/types\/page"}],"author":[{"embeddable":true,"href":"https:\/\/www.datacolor.com\/spyder\/es\/wp-json\/wp\/v2\/users\/2"}],"replies":[{"embeddable":true,"href":"https:\/\/www.datacolor.com\/spyder\/es\/wp-json\/wp\/v2\/comments?post=52247"}],"version-history":[{"count":0,"href":"https:\/\/www.datacolor.com\/spyder\/es\/wp-json\/wp\/v2\/pages\/52247\/revisions"}],"wp:attachment":[{"href":"https:\/\/www.datacolor.com\/spyder\/es\/wp-json\/wp\/v2\/media?parent=52247"}],"curies":[{"name":"wp","href":"https:\/\/api.w.org\/{rel}","templated":true}]}}