{"id":59539,"date":"2025-09-04T14:51:36","date_gmt":"2025-09-04T14:51:36","guid":{"rendered":"https:\/\/dev2024.spyder.datacolor.eu\/spyder\/mejora-del-spyder\/"},"modified":"2025-11-12T15:44:28","modified_gmt":"2025-11-12T15:44:28","slug":"spyder-upgrade","status":"publish","type":"page","link":"https:\/\/www.datacolor.com\/spyder\/es\/spyder-upgrade\/","title":{"rendered":"Mejora del Spyder"},"content":{"rendered":"\t\t<div data-elementor-type=\"wp-page\" data-elementor-id=\"59539\" class=\"elementor elementor-59539 elementor-58654\" data-elementor-post-type=\"page\">\n\t\t\t\t<div class=\"elementor-element elementor-element-b0aac61 e-flex e-con-boxed e-con e-parent\" data-id=\"b0aac61\" data-element_type=\"container\">\n\t\t\t\t\t<div class=\"e-con-inner\">\n\t\t\t\t<div class=\"elementor-element elementor-element-a4a733e elementor-widget elementor-widget-heading\" data-id=\"a4a733e\" data-element_type=\"widget\" data-widget_type=\"heading.default\">\n\t\t\t\t<div class=\"elementor-widget-container\">\n\t\t\t\t\t<h2 class=\"elementor-heading-title elementor-size-default\">Potencie su Spyder<\/h2>\t\t\t\t<\/div>\n\t\t\t\t<\/div>\n\t\t\t\t<div class=\"elementor-element elementor-element-a422748 elementor-widget elementor-widget-image\" data-id=\"a422748\" data-element_type=\"widget\" data-widget_type=\"image.default\">\n\t\t\t\t<div class=\"elementor-widget-container\">\n\t\t\t\t\t\t\t\t\t\t\t\t\t\t\t<img fetchpriority=\"high\" decoding=\"async\" width=\"1400\" height=\"487\" src=\"https:\/\/www.datacolor.com\/spyder\/wp-content\/uploads\/2025\/11\/Software-Upgrade-Banner-upgrade-banner-yourspyder-1400.jpg\" class=\"attachment-full size-full wp-image-63190\" alt=\"\" srcset=\"https:\/\/www.datacolor.com\/spyder\/wp-content\/uploads\/2025\/11\/Software-Upgrade-Banner-upgrade-banner-yourspyder-1400.jpg 1400w, https:\/\/www.datacolor.com\/spyder\/wp-content\/uploads\/2025\/11\/Software-Upgrade-Banner-upgrade-banner-yourspyder-1400-300x104.jpg 300w, https:\/\/www.datacolor.com\/spyder\/wp-content\/uploads\/2025\/11\/Software-Upgrade-Banner-upgrade-banner-yourspyder-1400-1024x356.jpg 1024w, https:\/\/www.datacolor.com\/spyder\/wp-content\/uploads\/2025\/11\/Software-Upgrade-Banner-upgrade-banner-yourspyder-1400-768x267.jpg 768w\" sizes=\"(max-width: 1400px) 100vw, 1400px\" \/>\t\t\t\t\t\t\t\t\t\t\t\t\t\t\t<\/div>\n\t\t\t\t<\/div>\n\t\t\t\t\t<\/div>\n\t\t\t\t<\/div>\n\t\t<div class=\"elementor-element elementor-element-2099972 e-grid e-con-boxed e-con e-parent\" data-id=\"2099972\" data-element_type=\"container\">\n\t\t\t\t\t<div class=\"e-con-inner\">\n\t\t\t\t<div class=\"elementor-element elementor-element-324f13a elementor-widget elementor-widget-heading\" data-id=\"324f13a\" data-element_type=\"widget\" data-widget_type=\"heading.default\">\n\t\t\t\t<div class=\"elementor-widget-container\">\n\t\t\t\t\t<h2 class=\"elementor-heading-title elementor-size-default\">\u00bfYa tiene un Spyder? Ahora es el momento de desbloquear todo su potencial. <\/h2>\t\t\t\t<\/div>\n\t\t\t\t<\/div>\n\t\t\t\t<div class=\"elementor-element elementor-element-a77d9f1 elementor-widget elementor-widget-text-editor\" data-id=\"a77d9f1\" data-element_type=\"widget\" data-widget_type=\"text-editor.default\">\n\t\t\t\t<div class=\"elementor-widget-container\">\n\t\t\t\t\t\t\t\t\t<p>El hardware ya est\u00e1 en sus manos. Con una simple actualizaci\u00f3n de software puede llevar su control creativo al siguiente nivel\u2014sin necesidad de comprar nada nuevo.<br>Tanto si edita fotos para imprimir, dise\u00f1a para clientes o trabaja con varias pantallas, su Spyder est\u00e1 listo para hacer m\u00e1s.  <\/p>\t\t\t\t\t\t\t\t<\/div>\n\t\t\t\t<\/div>\n\t\t\t\t<div class=\"elementor-element elementor-element-de36f7e elementor-widget elementor-widget-heading\" data-id=\"de36f7e\" data-element_type=\"widget\" data-widget_type=\"heading.default\">\n\t\t\t\t<div class=\"elementor-widget-container\">\n\t\t\t\t\t<h2 class=\"elementor-heading-title elementor-size-default\">Dos caminos de actualizaci\u00f3n. Un mismo objetivo: color preciso en el que confiar. <\/h2>\t\t\t\t<\/div>\n\t\t\t\t<\/div>\n\t\t<div class=\"elementor-element elementor-element-39c0566 e-grid e-con-full e-con e-child\" data-id=\"39c0566\" data-element_type=\"container\">\n\t\t\t\t<div class=\"elementor-element elementor-element-9eeacd2 elementor-widget elementor-widget-text-editor\" data-id=\"9eeacd2\" data-element_type=\"widget\" data-widget_type=\"text-editor.default\">\n\t\t\t\t<div class=\"elementor-widget-container\">\n\t\t\t\t\t\t\t\t\t<p><strong>Spyder Upgrade<\/strong><br>herramientas esenciales para creadores que quieren ir m\u00e1s all\u00e1.<\/p>\t\t\t\t\t\t\t\t<\/div>\n\t\t\t\t<\/div>\n\t\t\t\t<div class=\"elementor-element elementor-element-4cf9f72 elementor-widget elementor-widget-text-editor\" data-id=\"4cf9f72\" data-element_type=\"widget\" data-widget_type=\"text-editor.default\">\n\t\t\t\t<div class=\"elementor-widget-container\">\n\t\t\t\t\t\t\t\t\t<p><strong>SpyderPro Upgrade<\/strong><br>precisi\u00f3n de nivel de estudio para los flujos de trabajo m\u00e1s exigentes.<\/p>\t\t\t\t\t\t\t\t<\/div>\n\t\t\t\t<\/div>\n\t\t\t\t<\/div>\n\t\t\t\t<div class=\"elementor-element elementor-element-f5c8a97 elementor-widget elementor-widget-text-editor\" data-id=\"f5c8a97\" data-element_type=\"widget\" data-widget_type=\"text-editor.default\">\n\t\t\t\t<div class=\"elementor-widget-container\">\n\t\t\t\t\t\t\t\t\t\u00bfPor qu\u00e9 conformarse con \u201csuficiente\u201d, cuando puede tener color realista en todas partes?\t\t\t\t\t\t\t\t<\/div>\n\t\t\t\t<\/div>\n\t\t\t\t\t<\/div>\n\t\t\t\t<\/div>\n\t\t<div class=\"elementor-element elementor-element-a2e02b6 e-grid e-con-boxed e-con e-parent\" data-id=\"a2e02b6\" data-element_type=\"container\">\n\t\t\t\t\t<div class=\"e-con-inner\">\n\t\t<div class=\"elementor-element elementor-element-ccab6ae e-con-full e-flex e-con e-child\" data-id=\"ccab6ae\" data-element_type=\"container\">\n\t\t<div class=\"elementor-element elementor-element-d095eb8 e-grid e-con-full e-con e-child\" data-id=\"d095eb8\" data-element_type=\"container\">\n\t\t\t\t<div class=\"elementor-element elementor-element-6eb8c4c elementor-widget elementor-widget-image\" data-id=\"6eb8c4c\" data-element_type=\"widget\" data-widget_type=\"image.default\">\n\t\t\t\t<div class=\"elementor-widget-container\">\n\t\t\t\t\t\t\t\t\t\t\t\t\t\t\t<img decoding=\"async\" width=\"400\" height=\"300\" src=\"https:\/\/www.datacolor.com\/spyder\/wp-content\/uploads\/2025\/09\/Software-UpGrade_Spyder-with-Stamp.png\" class=\"attachment-large size-large wp-image-59569\" alt=\"\" srcset=\"https:\/\/www.datacolor.com\/spyder\/wp-content\/uploads\/2025\/09\/Software-UpGrade_Spyder-with-Stamp.png 400w, https:\/\/www.datacolor.com\/spyder\/wp-content\/uploads\/2025\/09\/Software-UpGrade_Spyder-with-Stamp-300x225.png 300w\" sizes=\"(max-width: 400px) 100vw, 400px\" \/>\t\t\t\t\t\t\t\t\t\t\t\t\t\t\t<\/div>\n\t\t\t\t<\/div>\n\t\t\t\t<div class=\"elementor-element elementor-element-356366f feature-headlines elementor-widget elementor-widget-text-editor\" data-id=\"356366f\" data-element_type=\"widget\" data-widget_type=\"text-editor.default\">\n\t\t\t\t<div class=\"elementor-widget-container\">\n\t\t\t\t\t\t\t\t\t<h3 style=\"color: #000000;\">Spyder Upgrade \u2013 Control esencial para creadores<\/h3>\t\t\t\t\t\t\t\t<\/div>\n\t\t\t\t<\/div>\n\t\t\t\t<div class=\"elementor-element elementor-element-442b493 elementor-widget elementor-widget-text-editor\" data-id=\"442b493\" data-element_type=\"widget\" data-widget_type=\"text-editor.default\">\n\t\t\t\t<div class=\"elementor-widget-container\">\n\t\t\t\t\t\t\t\t\tPerfecto para fot\u00f3grafos, dise\u00f1adores y creadores de contenido que buscan m\u00e1s control sin invertir en nuevo hardware.\t\t\t\t\t\t\t\t<\/div>\n\t\t\t\t<\/div>\n\t\t\t\t<div class=\"elementor-element elementor-element-2ca0ff2 elementor-widget elementor-widget-text-editor\" data-id=\"2ca0ff2\" data-element_type=\"widget\" data-widget_type=\"text-editor.default\">\n\t\t\t\t<div class=\"elementor-widget-container\">\n\t\t\t\t\t\t\t\t\t<p><strong>Lo que desbloquea:<\/strong><\/p><ul class=\"checklist\"><li><strong>Calibraci\u00f3n de pantalla de alto brillo &#8211; <\/strong>admite hasta <strong>3.000 Nits<\/strong>.<\/li><li><strong>Compatibilidad con pantallas avanzadas<\/strong>: calibra pantallas LED de gran gamut, GB-LED, Apple Retina XDR, OLED\/QD-OLED y mini-LED.<\/li><li><strong>DevicePreview\u2122<\/strong> &#8211; Simule c\u00f3mo se ver\u00e1 su trabajo en smartphones y tablets.<\/li><li><strong>Softproofing Tools<\/strong> \u2013 Previsualice c\u00f3mo aparecer\u00e1 su trabajo impreso o en distintos dispositivos.<\/li><li><strong>SpyderProof\u2122<\/strong> &#8211; Comparaci\u00f3n en pantalla completa antes\/despu\u00e9s de la calibraci\u00f3n.<\/li><li><strong>Ajuste de la luz ambiente y de la habitaci\u00f3n &#8211; <\/strong>crea varios perfiles para diferentes entornos de iluminaci\u00f3n.<\/li><li><strong>Ajustes<\/strong> de gamma, punto blanco y brillo.<\/li><\/ul>\t\t\t\t\t\t\t\t<\/div>\n\t\t\t\t<\/div>\n\t\t\t\t<div class=\"elementor-element elementor-element-d238db0 elementor-widget elementor-widget-text-editor\" data-id=\"d238db0\" data-element_type=\"widget\" data-widget_type=\"text-editor.default\">\n\t\t\t\t<div class=\"elementor-widget-container\">\n\t\t\t\t\t\t\t\t\t<p><strong>Ideal para<\/strong><br>fot\u00f3grafos y creadores que necesitan precisi\u00f3n real en pantallas modernas.<\/p>\t\t\t\t\t\t\t\t<\/div>\n\t\t\t\t<\/div>\n\t\t\t\t<\/div>\n\t\t\t\t<\/div>\n\t\t<div class=\"elementor-element elementor-element-81ce760 e-con-full e-flex e-con e-child\" data-id=\"81ce760\" data-element_type=\"container\">\n\t\t<div class=\"elementor-element elementor-element-55b5dbd e-grid e-con-full e-con e-child\" data-id=\"55b5dbd\" data-element_type=\"container\">\n\t\t\t\t<div class=\"elementor-element elementor-element-cd5484f elementor-widget elementor-widget-image\" data-id=\"cd5484f\" data-element_type=\"widget\" data-widget_type=\"image.default\">\n\t\t\t\t<div class=\"elementor-widget-container\">\n\t\t\t\t\t\t\t\t\t\t\t\t\t\t\t<img decoding=\"async\" width=\"400\" height=\"300\" src=\"https:\/\/www.datacolor.com\/spyder\/wp-content\/uploads\/2025\/09\/Software-UpGrade_SpyderPro-with-Stamp.png\" class=\"attachment-large size-large wp-image-59579\" alt=\"\" srcset=\"https:\/\/www.datacolor.com\/spyder\/wp-content\/uploads\/2025\/09\/Software-UpGrade_SpyderPro-with-Stamp.png 400w, https:\/\/www.datacolor.com\/spyder\/wp-content\/uploads\/2025\/09\/Software-UpGrade_SpyderPro-with-Stamp-300x225.png 300w\" sizes=\"(max-width: 400px) 100vw, 400px\" \/>\t\t\t\t\t\t\t\t\t\t\t\t\t\t\t<\/div>\n\t\t\t\t<\/div>\n\t\t\t\t<div class=\"elementor-element elementor-element-878bea8 feature-headlines elementor-widget elementor-widget-text-editor\" data-id=\"878bea8\" data-element_type=\"widget\" data-widget_type=\"text-editor.default\">\n\t\t\t\t<div class=\"elementor-widget-container\">\n\t\t\t\t\t\t\t\t\t<h3 style=\"color: #000000;\">SpyderPro Upgrade \u2013 La m\u00e1xima potencia para profesionales visuales<\/h3>\t\t\t\t\t\t\t\t<\/div>\n\t\t\t\t<\/div>\n\t\t\t\t<div class=\"elementor-element elementor-element-f2a4c22 elementor-widget elementor-widget-text-editor\" data-id=\"f2a4c22\" data-element_type=\"widget\" data-widget_type=\"text-editor.default\">\n\t\t\t\t<div class=\"elementor-widget-container\">\n\t\t\t\t\t\t\t\t\tDise\u00f1ado para quienes viven de la precisi\u00f3n: fot\u00f3grafos, editores de v\u00eddeo y cineastas que necesitan consistencia absoluta en m\u00faltiples pantallas y formatos.\t\t\t\t\t\t\t\t<\/div>\n\t\t\t\t<\/div>\n\t\t\t\t<div class=\"elementor-element elementor-element-716df40 elementor-widget elementor-widget-text-editor\" data-id=\"716df40\" data-element_type=\"widget\" data-widget_type=\"text-editor.default\">\n\t\t\t\t<div class=\"elementor-widget-container\">\n\t\t\t\t\t\t\t\t\t<p><strong>Lo que desbloquea:<\/strong><\/p><ul class=\"checklist\"><li><strong>Calibraci\u00f3n de pantalla ultrabrillante &#8211; <\/strong> admite hasta <strong>12.000 nits<\/strong>.<\/li><li><strong>Compatibilidad con pantallas avanzadas<\/strong>: calibra pantallas LED de gran gamut, GB-LED, Apple Retina XDR, OLED\/QD-OLED y mini-LED.<\/li><li><strong>Device Preview\u2122 Plus &#8211; <\/strong>simula el contenido en distintos dispositivos e impr\u00edmelo mediante la comparaci\u00f3n lado a lado, el muestreo de p\u00edxeles, la conversi\u00f3n por lotes y las herramientas de procesamiento de im\u00e1genes con funciones avanzadas de exportaci\u00f3n.<\/li><li><strong>Exportaci\u00f3n de LUT 3D (.cube)<\/strong> &#8211; Ofrece una calibraci\u00f3n precisa para monitores de v\u00eddeo compatibles, ideal para flujos de trabajo de v\u00eddeo y cine profesionales, a un precio inigualable.<\/li><li><strong>Integraci\u00f3n con el medidor<\/strong> de <strong>luz<\/strong> &#8211; Sincron\u00edzalo con el medidor LightColor de Datacolor y otros dispositivos compatibles con lux para adaptar la calibraci\u00f3n a la iluminaci\u00f3n ambiental, garantizando una precisi\u00f3n constante en cualquier entorno.<\/li><li><strong>Credencializaci\u00f3n de contenidos (C2PA)<\/strong> &#8211; Incorpora la autor\u00eda, el historial de edici\u00f3n y la procedencia en los archivos digitales para proteger la integridad creativa y generar confianza en un mundo impulsado por la IA.<\/li><li><strong>Compatibilidad con objetivos de v\u00eddeo<\/strong> &#8211; incluye Rec709, Rec2020, DCI-P3 (teatral), DCI-P3 (D60), DCI-P3 (D65), NTSC, PAL, SECAM.<\/li><li><strong>SpyderProof\u2122<\/strong> &#8211; Comparaci\u00f3n en pantalla completa antes\/despu\u00e9s de la calibraci\u00f3n.<\/li><li><strong>Advanced Features Suite<\/strong> \u2013 Herramientas de configuraci\u00f3n y an\u00e1lisis avanzadas para un control profundo de la calibraci\u00f3n.<\/li><li><strong>Ajuste de la luz ambiente y de la habitaci\u00f3n &#8211; <\/strong>crea varios perfiles para diferentes entornos de iluminaci\u00f3n.<\/li><li><strong>Calibraci\u00f3n de proyectores<\/strong> \u2013 Garantice un color preciso en presentaciones y flujos de trabajo con proyecci\u00f3n.<\/li><li><strong>StudioMatch\u2122<\/strong> &#8211; Igualaci\u00f3n lado a lado de pantallas m\u00faltiples, incluso de diferentes marcas.<\/li><li><strong>SpyderTune\u2122<\/strong> &#8211; Personalice su pantalla para lograr exactamente el aspecto que desea.<\/li><\/ul>\t\t\t\t\t\t\t\t<\/div>\n\t\t\t\t<\/div>\n\t\t\t\t<div class=\"elementor-element elementor-element-2922331 elementor-widget elementor-widget-text-editor\" data-id=\"2922331\" data-element_type=\"widget\" data-widget_type=\"text-editor.default\">\n\t\t\t\t<div class=\"elementor-widget-container\">\n\t\t\t\t\t\t\t\t\t<p><strong>Ideal para<\/strong><br>estudios y profesionales visuales que exigen perfecci\u00f3n hasta el \u00faltimo p\u00edxel.<\/p>\t\t\t\t\t\t\t\t<\/div>\n\t\t\t\t<\/div>\n\t\t\t\t<\/div>\n\t\t\t\t<\/div>\n\t\t\t\t\t<\/div>\n\t\t\t\t<\/div>\n\t\t<div class=\"elementor-element elementor-element-843d2e1 e-flex e-con-boxed e-con e-parent\" data-id=\"843d2e1\" data-element_type=\"container\" id=\"serial\">\n\t\t\t\t\t<div class=\"e-con-inner\">\n\t\t\t\t<div class=\"elementor-element elementor-element-3560c02 elementor-widget elementor-widget-heading\" data-id=\"3560c02\" data-element_type=\"widget\" data-widget_type=\"heading.default\">\n\t\t\t\t<div class=\"elementor-widget-container\">\n\t\t\t\t\t<h3 class=\"elementor-heading-title elementor-size-default\">Sin nuevo hardware. Solo m\u00e1s control, m\u00e1s precisi\u00f3n, m\u00e1s confianza. <\/h3>\t\t\t\t<\/div>\n\t\t\t\t<\/div>\n\t\t\t\t<div class=\"elementor-element elementor-element-c0cc9af elementor-widget elementor-widget-text-editor\" data-id=\"c0cc9af\" data-element_type=\"widget\" data-widget_type=\"text-editor.default\">\n\t\t\t\t<div class=\"elementor-widget-container\">\n\t\t\t\t\t\t\t\t\t<p><strong>Introduce el c\u00f3digo de licencia Spyder de tu software instalado para comparar las opciones<\/strong><\/p>\t\t\t\t\t\t\t\t<\/div>\n\t\t\t\t<\/div>\n\t\t\t\t<div class=\"elementor-element elementor-element-3d786a8 elementor-widget elementor-widget-html\" data-id=\"3d786a8\" data-element_type=\"widget\" data-widget_type=\"html.default\">\n\t\t\t\t<div class=\"elementor-widget-container\">\n\t\t\t\t\t<div style=\"text-align: center;\"><form action=\"https:\/\/activation.datacolor.com\/upgradeV2\/es\/\" method=\"POST\" id=\"licenseform\">\n<input class=\"licensecode\" name=\"code\" type=\"text\" placeholder=\"XXXX-XXXX-XXXX-XXXX\">\n<input id=\"licsensesubmit\" class=\"licsensesubmit\" type=\"submit\" value=\"Enviar\"><\/form>\n<\/div>\n\t\t\t\t<\/div>\n\t\t\t\t<\/div>\n\t\t\t\t<div class=\"elementor-element elementor-element-dcb4e1e elementor-widget elementor-widget-text-editor\" data-id=\"dcb4e1e\" data-element_type=\"widget\" data-widget_type=\"text-editor.default\">\n\t\t\t\t<div class=\"elementor-widget-container\">\n\t\t\t\t\t\t\t\t\t<em>Nota: Los modelos Spyder 5 o anteriores requieren una actualizaci\u00f3n de hardware.<\/em>\t\t\t\t\t\t\t\t<\/div>\n\t\t\t\t<\/div>\n\t\t<div class=\"elementor-element elementor-element-1e1d736 e-grid e-con-full e-con e-child\" data-id=\"1e1d736\" data-element_type=\"container\">\n\t\t<div class=\"elementor-element elementor-element-58904b7 e-con-full e-flex e-con e-child\" data-id=\"58904b7\" data-element_type=\"container\" data-settings=\"{&quot;background_background&quot;:&quot;classic&quot;}\">\n\t\t\t\t<div class=\"elementor-element elementor-element-a160272 elementor-widget elementor-widget-text-editor\" data-id=\"a160272\" data-element_type=\"widget\" data-widget_type=\"text-editor.default\">\n\t\t\t\t<div class=\"elementor-widget-container\">\n\t\t\t\t\t\t\t\t\t<p><strong>\u00bfNecesitas ayuda para encontrar tu c\u00f3digo de licencia en Windows?<\/strong><\/p><ul><li>Haz clic en la pesta\u00f1a <strong>Ayuda<\/strong> (arriba a la izquierda)<\/li><li>Haz clic en <strong>Acerca de Spyder<\/strong><\/li><li>Ver tu <strong>c\u00f3digo de licencia<\/strong> (abajo a la izquierda)<\/li><\/ul>\t\t\t\t\t\t\t\t<\/div>\n\t\t\t\t<\/div>\n\t\t\t\t<div class=\"elementor-element elementor-element-fa2fc67 elementor-widget elementor-widget-text-editor\" data-id=\"fa2fc67\" data-element_type=\"widget\" data-widget_type=\"text-editor.default\">\n\t\t\t\t<div class=\"elementor-widget-container\">\n\t\t\t\t\t\t\t\t\t<em>(Haz clic en la imagen de la derecha para ampliarla).<\/em>\t\t\t\t\t\t\t\t<\/div>\n\t\t\t\t<\/div>\n\t\t\t\t<\/div>\n\t\t\t\t<div class=\"elementor-element elementor-element-82a172d elementor-widget elementor-widget-image\" data-id=\"82a172d\" data-element_type=\"widget\" data-widget_type=\"image.default\">\n\t\t\t\t<div class=\"elementor-widget-container\">\n\t\t\t\t\t\t\t\t\t\t\t\t\t\t\t\t<a href=\"https:\/\/www.datacolor.com\/spyder\/wp-content\/uploads\/2025\/08\/Find-License-code-All-togetherV2.jpg\" data-elementor-open-lightbox=\"yes\" data-elementor-lightbox-title=\"Buscar-c\u00f3digo-de-licencia-Todos-juntosV2\" data-e-action-hash=\"#elementor-action%3Aaction%3Dlightbox%26settings%3DeyJpZCI6NTg3MTgsInVybCI6Imh0dHBzOlwvXC93d3cuZGF0YWNvbG9yLmNvbVwvc3B5ZGVyXC93cC1jb250ZW50XC91cGxvYWRzXC8yMDI1XC8wOFwvRmluZC1MaWNlbnNlLWNvZGUtQWxsLXRvZ2V0aGVyVjIuanBnIn0%3D\">\n\t\t\t\t\t\t\t<img loading=\"lazy\" decoding=\"async\" width=\"1024\" height=\"651\" src=\"https:\/\/www.datacolor.com\/spyder\/wp-content\/uploads\/2025\/08\/Find-License-code-All-togetherV2-1024x651.jpg\" class=\"attachment-large size-large wp-image-58718\" alt=\"\" srcset=\"https:\/\/www.datacolor.com\/spyder\/wp-content\/uploads\/2025\/08\/Find-License-code-All-togetherV2-1024x651.jpg 1024w, https:\/\/www.datacolor.com\/spyder\/wp-content\/uploads\/2025\/08\/Find-License-code-All-togetherV2-300x191.jpg 300w, https:\/\/www.datacolor.com\/spyder\/wp-content\/uploads\/2025\/08\/Find-License-code-All-togetherV2-768x488.jpg 768w, https:\/\/www.datacolor.com\/spyder\/wp-content\/uploads\/2025\/08\/Find-License-code-All-togetherV2-1536x977.jpg 1536w, https:\/\/www.datacolor.com\/spyder\/wp-content\/uploads\/2025\/08\/Find-License-code-All-togetherV2.jpg 1900w\" sizes=\"(max-width: 1024px) 100vw, 1024px\" \/>\t\t\t\t\t\t\t\t<\/a>\n\t\t\t\t\t\t\t\t\t\t\t\t\t\t\t<\/div>\n\t\t\t\t<\/div>\n\t\t\t\t<\/div>\n\t\t<div class=\"elementor-element elementor-element-e40c2b3 e-grid e-con-full e-con e-child\" data-id=\"e40c2b3\" data-element_type=\"container\">\n\t\t<div class=\"elementor-element elementor-element-9aa9b78 e-con-full e-flex e-con e-child\" data-id=\"9aa9b78\" data-element_type=\"container\" data-settings=\"{&quot;background_background&quot;:&quot;classic&quot;}\">\n\t\t\t\t<div class=\"elementor-element elementor-element-183af6c elementor-widget elementor-widget-text-editor\" data-id=\"183af6c\" data-element_type=\"widget\" data-widget_type=\"text-editor.default\">\n\t\t\t\t<div class=\"elementor-widget-container\">\n\t\t\t\t\t\t\t\t\t<p><strong>\u00bfNecesitas ayuda para encontrar tu c\u00f3digo de licencia en macOS?<\/strong><\/p><ul><li>Haz clic en <strong>Spyder<\/strong> (arriba a la izquierda)<\/li><li>Haz clic en <strong>Acerca de Spyder<\/strong><\/li><li>Ver tu <strong>c\u00f3digo de licencia<\/strong> (abajo a la izquierda)<\/li><\/ul>\t\t\t\t\t\t\t\t<\/div>\n\t\t\t\t<\/div>\n\t\t\t\t<div class=\"elementor-element elementor-element-993cb5f elementor-widget elementor-widget-text-editor\" data-id=\"993cb5f\" data-element_type=\"widget\" data-widget_type=\"text-editor.default\">\n\t\t\t\t<div class=\"elementor-widget-container\">\n\t\t\t\t\t\t\t\t\t<em>(Haz clic en la imagen de la derecha para ampliarla).<\/em>\t\t\t\t\t\t\t\t<\/div>\n\t\t\t\t<\/div>\n\t\t\t\t<\/div>\n\t\t\t\t<div class=\"elementor-element elementor-element-f8a66ef elementor-widget elementor-widget-image\" data-id=\"f8a66ef\" data-element_type=\"widget\" data-widget_type=\"image.default\">\n\t\t\t\t<div class=\"elementor-widget-container\">\n\t\t\t\t\t\t\t\t\t\t\t\t\t\t\t\t<a href=\"https:\/\/www.datacolor.com\/spyder\/wp-content\/uploads\/2025\/10\/Find-License-code-All-together-macOS.jpg\" data-elementor-open-lightbox=\"yes\" data-elementor-lightbox-title=\"Find-License-code-All-together-macOS\" data-e-action-hash=\"#elementor-action%3Aaction%3Dlightbox%26settings%3DeyJpZCI6NjE4MDAsInVybCI6Imh0dHBzOlwvXC93d3cuZGF0YWNvbG9yLmNvbVwvc3B5ZGVyXC93cC1jb250ZW50XC91cGxvYWRzXC8yMDI1XC8xMFwvRmluZC1MaWNlbnNlLWNvZGUtQWxsLXRvZ2V0aGVyLW1hY09TLmpwZyJ9\">\n\t\t\t\t\t\t\t<img loading=\"lazy\" decoding=\"async\" width=\"1024\" height=\"676\" src=\"https:\/\/www.datacolor.com\/spyder\/wp-content\/uploads\/2025\/10\/Find-License-code-All-together-macOS-1024x676.jpg\" class=\"attachment-large size-large wp-image-61800\" alt=\"\" srcset=\"https:\/\/www.datacolor.com\/spyder\/wp-content\/uploads\/2025\/10\/Find-License-code-All-together-macOS-1024x676.jpg 1024w, https:\/\/www.datacolor.com\/spyder\/wp-content\/uploads\/2025\/10\/Find-License-code-All-together-macOS-300x198.jpg 300w, https:\/\/www.datacolor.com\/spyder\/wp-content\/uploads\/2025\/10\/Find-License-code-All-together-macOS-768x507.jpg 768w, https:\/\/www.datacolor.com\/spyder\/wp-content\/uploads\/2025\/10\/Find-License-code-All-together-macOS-1536x1014.jpg 1536w, https:\/\/www.datacolor.com\/spyder\/wp-content\/uploads\/2025\/10\/Find-License-code-All-together-macOS.jpg 1900w\" sizes=\"(max-width: 1024px) 100vw, 1024px\" \/>\t\t\t\t\t\t\t\t<\/a>\n\t\t\t\t\t\t\t\t\t\t\t\t\t\t\t<\/div>\n\t\t\t\t<\/div>\n\t\t\t\t<\/div>\n\t\t\t\t<div class=\"elementor-element elementor-element-61be27b elementor-widget elementor-widget-text-editor\" data-id=\"61be27b\" data-element_type=\"widget\" data-widget_type=\"text-editor.default\">\n\t\t\t\t<div class=\"elementor-widget-container\">\n\t\t\t\t\t\t\t\t\t<p><strong>\u00bfA\u00fan necesitas ayuda? Nuestro <a href=\"https:\/\/spyder-support.datacolor.com\/hc\/en-us\/requests\/new\"><u>equipo de asistencia<\/u><\/a> estar\u00e1 encantado de ayudarte. <\/strong><\/p>\t\t\t\t\t\t\t\t<\/div>\n\t\t\t\t<\/div>\n\t\t\t\t\t<\/div>\n\t\t\t\t<\/div>\n\t\t<div class=\"elementor-element elementor-element-e9af872 e-flex e-con-boxed e-con e-parent\" data-id=\"e9af872\" data-element_type=\"container\">\n\t\t\t\t\t<div class=\"e-con-inner\">\n\t\t\t\t<div class=\"elementor-element elementor-element-485af10 elementor-widget elementor-widget-html\" data-id=\"485af10\" data-element_type=\"widget\" data-widget_type=\"html.default\">\n\t\t\t\t<div class=\"elementor-widget-container\">\n\t\t\t\t\t<script>jQuery(document).ready(function() {\n    jQuery('.product-description-txt').matchHeight({ byRow : true });\n    jQuery('.feature-headlines').matchHeight({ byRow : true });\n     });\n\n<\/script>\t\t\t\t<\/div>\n\t\t\t\t<\/div>\n\t\t\t\t\t<\/div>\n\t\t\t\t<\/div>\n\t\t<div class=\"elementor-element elementor-element-dcc455f e-grid e-con-boxed e-con e-parent\" data-id=\"dcc455f\" data-element_type=\"container\">\n\t\t\t\t\t<div class=\"e-con-inner\">\n\t\t\t\t<div class=\"elementor-element elementor-element-88b64a4 elementor-widget elementor-widget-spacer\" data-id=\"88b64a4\" data-element_type=\"widget\" data-widget_type=\"spacer.default\">\n\t\t\t\t<div class=\"elementor-widget-container\">\n\t\t\t\t\t\t\t<div class=\"elementor-spacer\">\n\t\t\t<div class=\"elementor-spacer-inner\"><\/div>\n\t\t<\/div>\n\t\t\t\t\t\t<\/div>\n\t\t\t\t<\/div>\n\t\t\t\t\t<\/div>\n\t\t\t\t<\/div>\n\t\t\t\t<\/div>\n\t\t","protected":false},"excerpt":{"rendered":"<p>Potencie su Spyder \u00bfYa tiene un Spyder? Ahora es el momento de desbloquear todo su potencial. El hardware ya est\u00e1 en sus manos. Con una simple actualizaci\u00f3n de software puede llevar su control creativo al siguiente nivel\u2014sin necesidad de comprar nada nuevo.Tanto si edita fotos para imprimir, dise\u00f1a para clientes o trabaja con varias pantallas, &hellip;<\/p>\n","protected":false},"author":2,"featured_media":0,"parent":0,"menu_order":0,"comment_status":"closed","ping_status":"closed","template":"","meta":{"_acf_changed":false,"footnotes":""},"class_list":["post-59539","page","type-page","status-publish","hentry"],"acf":[],"_links":{"self":[{"href":"https:\/\/www.datacolor.com\/spyder\/es\/wp-json\/wp\/v2\/pages\/59539","targetHints":{"allow":["GET"]}}],"collection":[{"href":"https:\/\/www.datacolor.com\/spyder\/es\/wp-json\/wp\/v2\/pages"}],"about":[{"href":"https:\/\/www.datacolor.com\/spyder\/es\/wp-json\/wp\/v2\/types\/page"}],"author":[{"embeddable":true,"href":"https:\/\/www.datacolor.com\/spyder\/es\/wp-json\/wp\/v2\/users\/2"}],"replies":[{"embeddable":true,"href":"https:\/\/www.datacolor.com\/spyder\/es\/wp-json\/wp\/v2\/comments?post=59539"}],"version-history":[{"count":0,"href":"https:\/\/www.datacolor.com\/spyder\/es\/wp-json\/wp\/v2\/pages\/59539\/revisions"}],"wp:attachment":[{"href":"https:\/\/www.datacolor.com\/spyder\/es\/wp-json\/wp\/v2\/media?parent=59539"}],"curies":[{"name":"wp","href":"https:\/\/api.w.org\/{rel}","templated":true}]}}