{"id":59604,"date":"2025-09-04T17:18:43","date_gmt":"2025-09-04T17:18:43","guid":{"rendered":"https:\/\/dev2024.spyder.datacolor.eu\/spyder\/bienvenido-a-spyderexpress\/"},"modified":"2025-11-10T09:34:53","modified_gmt":"2025-11-10T09:34:53","slug":"bienvenido-a-spyderexpress","status":"publish","type":"page","link":"https:\/\/www.datacolor.com\/spyder\/es\/bienvenido-a-spyderexpress\/","title":{"rendered":"\u00a1Bienvenido a SpyderExpress"},"content":{"rendered":"<div class=\"wpb-content-wrapper\"><p>[vc_row css=\u00bb.vc_custom_1682339726830{padding-top: 60px !important;padding-bottom: 60px !important;}\u00bb][vc_column width=\u00bb1\/2&#8243;][vc_column_text css=\u00bb\u00bb]<\/p>\n<h1 class=\"mainheader\">\u00a1Bienvenido a SpyderExpress \u2013 vamos a empezar!<\/h1>\n<p>[\/vc_column_text][vc_empty_space][vc_column_text css=\u00bb\u00bb]Di adi\u00f3s a las dudas con los colores y hola a la optimizaci\u00f3n f\u00e1cil de la pantalla.<\/p>\n<ul class=\"tick_list\">\n<li>Descarga el software SpyderExpress<\/li>\n<li>Consulta la gu\u00eda r\u00e1pida y la gu\u00eda de usuario<\/li>\n<li>Mira los videos tutoriales<\/li>\n<li>Explora las preguntas frecuentes<\/li>\n<li>Calibrar<\/li>\n<\/ul>\n<p>\u00a1Tu pantalla estar\u00e1 optimizada en muy poco tiempo![\/vc_column_text][vc_empty_space][\/vc_column][vc_column width=\u00bb1\/2&#8243;][vc_empty_space][vc_single_image image=\u00bb58062&#8243; img_size=\u00bblarge\u00bb][\/vc_column][\/vc_row][vc_row bg_type=\u00bbbg_color\u00bb bg_override=\u00bbfull\u00bb bg_color_value=\u00bb#fafafa\u00bb css=\u00bb.vc_custom_1725522706270{padding-top: 30px !important;padding-bottom: 60px !important;}\u00bb][vc_column width=\u00bb1\/2&#8243; css=\u00bb.vc_custom_1725972773631{padding-right: 32px !important;padding-left: 32px !important;}\u00bb][vc_column_text css=\u00bb\u00bb]<\/p>\n<h3 style=\"margin-bottom: 20px; display: flex;\"><img decoding=\"async\" class=\"alignnone size-full wp-image-58198\" style=\"width: 30px; height: 30px; margin-right: 10px;\" src=\"https:\/\/www.datacolor.com\/spyder\/wp-content\/uploads\/2025\/08\/ico-blub.png\" alt=\"\" width=\"30\" height=\"30\" srcset=\"https:\/\/www.datacolor.com\/spyder\/wp-content\/uploads\/2025\/08\/ico-blub.png 209w, https:\/\/www.datacolor.com\/spyder\/wp-content\/uploads\/2025\/08\/ico-blub-150x150.png 150w\" sizes=\"(max-width: 30px) 100vw, 30px\" \/> Consejos para una calibraci\u00f3n \u00f3ptima<\/h3>\n<p>[\/vc_column_text][vc_btn title=\u00bbVer v\u00eddeo\u00bb style=\u00bbclassic\u00bb shape=\u00bbround\u00bb color=\u00bbblack\u00bb align=\u00bbleft\u00bb css=\u00bb.vc_custom_1757419167559{margin-top: 8px !important;margin-left: 16px !important;}\u00bb link=\u00bburl:https%3A%2F%2Fyoutu.be%2FzmCxkG7sGRc|target:_blank\u00bb][vc_column_text css=\u00bb\u00bb]<\/p>\n<p style=\"display: flex;\"><img decoding=\"async\" class=\"alignnone size-full wp-image-58248\" style=\"width: 24px; height: 24px; margin-right: 10px;\" src=\"https:\/\/www.datacolor.com\/spyder\/wp-content\/uploads\/2025\/08\/ico-monitor.png\" alt=\"\" width=\"24\" height=\"24\" srcset=\"https:\/\/www.datacolor.com\/spyder\/wp-content\/uploads\/2025\/08\/ico-monitor.png 209w, https:\/\/www.datacolor.com\/spyder\/wp-content\/uploads\/2025\/08\/ico-monitor-150x150.png 150w\" sizes=\"(max-width: 24px) 100vw, 24px\" \/> Calienta el monitor 30 minutos antes de calibrar<\/p>\n<p style=\"display: flex;\"><img decoding=\"async\" class=\"alignnone size-full wp-image-58276\" style=\"width: 24px; height: 24px; margin-right: 10px;\" src=\"https:\/\/www.datacolor.com\/spyder\/wp-content\/uploads\/2025\/08\/ico-sun.png\" alt=\"\" width=\"24\" height=\"24\" srcset=\"https:\/\/www.datacolor.com\/spyder\/wp-content\/uploads\/2025\/08\/ico-sun.png 209w, https:\/\/www.datacolor.com\/spyder\/wp-content\/uploads\/2025\/08\/ico-sun-150x150.png 150w\" sizes=\"(max-width: 24px) 100vw, 24px\" \/>Calibra en un entorno con poca luz; evita la luz directa<\/p>\n<p style=\"display: flex;\"><img loading=\"lazy\" decoding=\"async\" class=\"alignnone size-full wp-image-58228\" style=\"width: 24px; height: 24px; margin-right: 10px;\" src=\"https:\/\/www.datacolor.com\/spyder\/wp-content\/uploads\/2025\/08\/ico-gear.png\" alt=\"\" width=\"24\" height=\"24\" srcset=\"https:\/\/www.datacolor.com\/spyder\/wp-content\/uploads\/2025\/08\/ico-gear.png 209w, https:\/\/www.datacolor.com\/spyder\/wp-content\/uploads\/2025\/08\/ico-gear-150x150.png 150w\" sizes=\"(max-width: 24px) 100vw, 24px\" \/> Restablece a valores de f\u00e1brica si es posible<\/p>\n<ul class=\"tick_list\" style=\"padding-left: 15px;\">\n<li>Abre el men\u00fa OSD y busca \u201cReset\u201d, \u201cRestaurar valores de f\u00e1brica\u201d o \u201cRecall\u201d (puede variar seg\u00fan el monitor)<\/li>\n<li>La mayor\u00eda de port\u00e1tiles y pantallas Apple no tienen esta funci\u00f3n \u2013 s\u00e1ltate este paso en ese caso<\/li>\n<\/ul>\n<p style=\"display: flex;\"><img loading=\"lazy\" decoding=\"async\" class=\"alignnone size-full wp-image-58258\" style=\"width: 24px; height: 24px; margin-right: 10px;\" src=\"https:\/\/www.datacolor.com\/spyder\/wp-content\/uploads\/2025\/08\/ico-stop.png\" alt=\"\" width=\"24\" height=\"24\" srcset=\"https:\/\/www.datacolor.com\/spyder\/wp-content\/uploads\/2025\/08\/ico-stop.png 209w, https:\/\/www.datacolor.com\/spyder\/wp-content\/uploads\/2025\/08\/ico-stop-150x150.png 150w\" sizes=\"(max-width: 24px) 100vw, 24px\" \/> Apaga el brillo autom\u00e1tico, HDR y otros modos din\u00e1micos<\/p>\n<p style=\"display: flex;\"><img loading=\"lazy\" decoding=\"async\" class=\"alignnone size-full wp-image-58208\" style=\"width: 24px; height: 24px; margin-right: 10px;\" src=\"https:\/\/www.datacolor.com\/spyder\/wp-content\/uploads\/2025\/08\/ico-cross.png\" alt=\"\" width=\"24\" height=\"24\" srcset=\"https:\/\/www.datacolor.com\/spyder\/wp-content\/uploads\/2025\/08\/ico-cross.png 209w, https:\/\/www.datacolor.com\/spyder\/wp-content\/uploads\/2025\/08\/ico-cross-150x150.png 150w\" sizes=\"(max-width: 24px) 100vw, 24px\" \/> Cierra todas las dem\u00e1s aplicaciones antes de comenzar<\/p>\n<p style=\"display: flex;\"><img loading=\"lazy\" decoding=\"async\" class=\"alignnone size-full wp-image-58238\" style=\"width: 24px; height: 24px; margin-right: 10px;\" src=\"https:\/\/www.datacolor.com\/spyder\/wp-content\/uploads\/2025\/08\/ico-goal.png\" alt=\"\" width=\"24\" height=\"24\" srcset=\"https:\/\/www.datacolor.com\/spyder\/wp-content\/uploads\/2025\/08\/ico-goal.png 209w, https:\/\/www.datacolor.com\/spyder\/wp-content\/uploads\/2025\/08\/ico-goal-150x150.png 150w\" sizes=\"(max-width: 24px) 100vw, 24px\" \/> Para mejores resultados, recalibra con regularidad, especialmente si cambian tus necesidades<\/p>\n<p>[\/vc_column_text][\/vc_column][vc_column width=\u00bb1\/2&#8243; css=\u00bb.vc_custom_1725972786678{padding-right: 32px !important;padding-left: 32px !important;}\u00bb][vc_column_text css=\u00bb\u00bb]<\/p>\n<h3 style=\"margin-bottom: 20px;\">Colocaci\u00f3n correcta<\/h3>\n<ol>\n<li>Quita la tapa de la lente del Spyder<\/li>\n<li>La tapa se desliza por el cable (como se muestra abajo) y act\u00faa como contrapeso para mantener el sensor en su lugar<\/li>\n<li>Cuelga el dispositivo sobre la pantalla \u2013 debe apoyarse solo, sin que lo sostengas con la mano<\/li>\n<li>Inclina la pantalla ligeramente hacia atr\u00e1s si es necesario para que quede plana<\/li>\n<\/ol>\n<p>[\/vc_column_text][vc_empty_space][vc_row_inner][vc_column_inner width=\u00bb1\/2&#8243;][vc_single_image image=\u00bb58077&#8243; img_size=\u00bbfull\u00bb alignment=\u00bbcenter\u00bb][\/vc_column_inner][vc_column_inner width=\u00bb1\/2&#8243;][vc_single_image image=\u00bb58087&#8243; img_size=\u00bblarge\u00bb alignment=\u00bbcenter\u00bb][\/vc_column_inner][\/vc_row_inner][\/vc_column][\/vc_row][vc_row css=\u00bb.vc_custom_1682343562567{padding-top: 60px !important;padding-bottom: 60px !important;}\u00bb][vc_column width=\u00bb2\/3&#8243;][vc_column_text css=\u00bb\u00bb]<\/p>\n<h2>Descargar el software SpyderExpress<\/h2>\n<p>Conecta el Spyder (puerto USB-C y adaptador USB-A incluidos).<\/p>\n<p>El software te guiar\u00e1 en la instalaci\u00f3n.<br \/>\nEl n\u00famero de serie est\u00e1 en la caja, debajo del producto. [\/vc_column_text][vc_empty_space][vc_btn title=\u00bbVer v\u00eddeo\u00bb style=\u00bbclassic\u00bb shape=\u00bbround\u00bb color=\u00bbblack\u00bb css=\u00bb.vc_custom_1757419183461{margin-top: 8px !important;margin-left: 16px !important;}\u00bb link=\u00bburl:https%3A%2F%2Fyoutu.be%2FKzMbjdo_buQ|target:_blank\u00bb][vc_empty_space][\/vc_column][vc_column width=\u00bb1\/3&#8243;][vc_empty_space][vc_btn title=\u00bbWindows Software\u00bb style=\u00bbclassic\u00bb shape=\u00bbround\u00bb color=\u00bbblack\u00bb align=\u00bbcenter\u00bb css=\u00bb.vc_custom_1725982047112{margin-top: 8px !important;}\u00bb link=\u00bburl:https%3A%2F%2Fgoto.datacolor.com%2Fdownloads%2Fwin%2Fsp2024|target:_blank|\u00bb el_class=\u00bbresourcebutton\u00bb][vc_empty_space height=\u00bb20px\u00bb][vc_btn title=\u00bbmacOS Software\u00bb style=\u00bbclassic\u00bb shape=\u00bbround\u00bb color=\u00bbblack\u00bb align=\u00bbcenter\u00bb css=\u00bb.vc_custom_1725553602309{margin-top: 8px !important;}\u00bb link=\u00bburl:https%3A%2F%2Fgoto.datacolor.com%2Fdownloads%2Fmac%2Fsp2024|target:_blank|\u00bb el_class=\u00bbresourcebutton\u00bb][vc_empty_space][\/vc_column][vc_column css=\u00bb.vc_custom_1755013160692{border-top-width: 1px !important;border-right-width: 1px !important;border-bottom-width: 1px !important;border-left-width: 1px !important;padding-top: 0px !important;padding-right: 30px !important;padding-bottom: 30px !important;padding-left: 30px !important;background-color: #F2F2F2 !important;border-left-style: solid !important;border-right-style: solid !important;border-top-style: solid !important;border-bottom-style: solid !important;border-color: #CCCCCC !important;}\u00bb][vc_column_text css=\u00bb\u00bb]Revisa la <a href=\"https:\/\/spyderx.datacolor.com\/datacolor-spyder-software-license\/\" target=\"_blank\" rel=\"noopener\">Licencia del Software Datacolor<\/a>.<\/p>\n<p><em style=\"font-size: 0.75em;\">Todos los productos Spyder incluyen una \u201cSite License\u201d para un \u00fanico propietario, que permite instalar y usar el software en todos los ordenadores propios (Mac o Windows). No se permite instalarlo en ordenadores que no sean tuyos o usarlo como servicio para otros. <\/em>[\/vc_column_text][\/vc_column][\/vc_row][vc_row css=\u00bb.vc_custom_1682345998990{padding-top: 60px !important;padding-bottom: 60px !important;}\u00bb][vc_column][vc_column_text css=\u00bb\u00bb]<\/p>\n<h2>C\u00f3mo calibrar la pantalla<\/h2>\n<p>[\/vc_column_text][vc_btn title=\u00bbVer v\u00eddeo\u00bb style=\u00bbclassic\u00bb shape=\u00bbround\u00bb color=\u00bbblack\u00bb align=\u00bbleft\u00bb css=\u00bb.vc_custom_1757419340130{margin-top: 8px !important;margin-left: 16px !important;}\u00bb link=\u00bburl:https%3A%2F%2Fyoutu.be%2FeJhJeVvhstQ|target:_blank\u00bb][vc_empty_space][vc_row_inner][vc_column_inner width=\u00bb1\/2&#8243; offset=\u00bbvc_col-md-3&#8243; css=\u00bb.vc_custom_1755183905753{padding-top: 15px !important;}\u00bb][vc_single_image image=\u00bb58112&#8243; img_size=\u00bb500&#215;500&#8243; alignment=\u00bbcenter\u00bb][vc_empty_space][vc_column_text css=\u00bb\u00bb]<\/p>\n<h3 style=\"margin-bottom: 15px;\">\u00bfC\u00f3mo utilizar\u00e1s tu pantalla?<\/h3>\n<ul>\n<li><strong>Contenido digital:<\/strong> Elige esta opci\u00f3n si vas a editar para uso online, como redes sociales o sitios web. Este ajuste est\u00e1 optimizado para uso digital.<\/li>\n<li><strong>Preparar impresi\u00f3n:<\/strong> Elige esta opci\u00f3n si vas a editar fotos para imprimirlas, ya sea en casa o a trav\u00e9s de un servicio de impresi\u00f3n.<\/li>\n<\/ul>\n<p>[\/vc_column_text][vc_empty_space][\/vc_column_inner][vc_column_inner width=\u00bb1\/2&#8243; offset=\u00bbvc_col-md-3&#8243; css=\u00bb.vc_custom_1755183900528{padding-top: 15px !important;}\u00bb][vc_single_image image=\u00bb58132&#8243; img_size=\u00bb500&#215;500&#8243; alignment=\u00bbcenter\u00bb][vc_empty_space][vc_column_text css=\u00bb\u00bb]<\/p>\n<h3 style=\"margin-bottom: 15px;\">Configurar y calibrar<\/h3>\n<ul>\n<li>Quita la tapa de la lente y desl\u00edzala como contrapeso<\/li>\n<li>Cuelga el dispositivo dentro del contorno en la pantalla<\/li>\n<li>Si es necesario, inclina un poco la pantalla<\/li>\n<li>No lo sostengas con la mano<\/li>\n<\/ul>\n<p>El software mostrar\u00e1 colores para medir la pantalla y crear un perfil.<br \/>\nPuedes deshacer la calibraci\u00f3n eliminando el perfil.[\/vc_column_text][vc_empty_space][\/vc_column_inner][vc_column_inner width=\u00bb1\/2&#8243; offset=\u00bbvc_col-md-3&#8243; css=\u00bb.vc_custom_1755183894998{padding-top: 15px !important;}\u00bb][vc_single_image image=\u00bb58122&#8243; img_size=\u00bb500&#215;500&#8243; alignment=\u00bbcenter\u00bb][vc_empty_space][vc_column_text css=\u00bb\u00bb]<\/p>\n<h3 style=\"margin-bottom: 15px;\">Revisar resultados<\/h3>\n<p>Alterna entre \u201cCalibrado\u201d y \u201cSin calibrar\u201d para ver la diferencia.[\/vc_column_text][vc_empty_space][\/vc_column_inner][vc_column_inner width=\u00bb1\/2&#8243; offset=\u00bbvc_col-md-3&#8243; css=\u00bb.vc_custom_1755183888646{padding-top: 15px !important;background-color: #F2F2F2 !important;}\u00bb][vc_single_image image=\u00bb58102&#8243; img_size=\u00bb500&#215;500&#8243; alignment=\u00bbcenter\u00bb][vc_empty_space][vc_column_text css=\u00bb\u00bb]<\/p>\n<h3>Qu\u00e9 esperar<\/h3>\n<p><strong>La pantalla puede verse diferente \u2013 \u00a1es normal! <\/strong><\/p>\n<p>Los colores se ver\u00e1n m\u00e1s naturales y el brillo m\u00e1s equilibrado, con m\u00e1s detalles en:<\/p>\n<ul>\n<li>Sombras oscuras<\/li>\n<li>Zonas muy brillantes<\/li>\n<\/ul>\n<p>[\/vc_column_text][vc_empty_space][vc_btn title=\u00bbVer v\u00eddeo\u00bb style=\u00bbclassic\u00bb shape=\u00bbround\u00bb color=\u00bbblack\u00bb css=\u00bb.vc_custom_1757419362012{margin-top: 8px !important;}\u00bb link=\u00bburl:https%3A%2F%2Fyoutu.be%2FZNTHTG20_Tw|target:_blank\u00bb][vc_empty_space][\/vc_column_inner][\/vc_row_inner][\/vc_column][\/vc_row][vc_row bg_type=\u00bbbg_color\u00bb bg_override=\u00bbfull\u00bb css=\u00bb.vc_custom_1725525740289{padding-top: 60px !important;padding-bottom: 60px !important;}\u00bb bg_color_value=\u00bb#fafafa\u00bb][vc_column][vc_column_text css=\u00bb\u00bb]<\/p>\n<h2>Recursos<\/h2>\n<p>[\/vc_column_text][vc_empty_space][vc_row_inner][vc_column_inner width=\u00bb1\/3&#8243;][vc_single_image image=\u00bb47604&#8243; img_size=\u00bb500&#215;500&#8243; onclick=\u00bbcustom_link\u00bb img_link_target=\u00bb_blank\u00bb][vc_empty_space][\/vc_column_inner][vc_column_inner width=\u00bb1\/3&#8243;][vc_btn title=\u00bbDescargar Gu\u00eda de inicio r\u00e1pido\u00bb style=\u00bbclassic\u00bb shape=\u00bbround\u00bb color=\u00bbblack\u00bb align=\u00bbcenter\u00bb css=\u00bb.vc_custom_1757363701255{margin-top: 8px !important;}\u00bb link=\u00bburl:https%3A%2F%2Fwww.datacolor.com%2Fspyder%2Fwp-content%2Fuploads%2F2025%2F09%2FSpyderExpress-QSG-ES.pdf|target:_blank|\u00bb el_class=\u00bbresourcebutton\u00bb][vc_btn title=\u00bbDescargar Gu\u00eda del usuario\u00bb style=\u00bbclassic\u00bb shape=\u00bbround\u00bb color=\u00bbblack\u00bb align=\u00bbcenter\u00bb css=\u00bb.vc_custom_1762767291858{margin-top: 8px !important;}\u00bb link=\u00bburl:https%3A%2F%2Fwww.datacolor.com%2Fspyder%2Fwp-content%2Fuploads%2F2025%2F11%2FSpyderExpress-User-Guide_ES.pdf|target:_blank\u00bb el_class=\u00bbresourcebutton\u00bb][vc_btn title=\u00bbPreguntas frecuentes\u00bb style=\u00bbclassic\u00bb shape=\u00bbround\u00bb color=\u00bbblack\u00bb align=\u00bbcenter\u00bb css=\u00bb.vc_custom_1756820475549{margin-top: 8px !important;}\u00bb link=\u00bburl:https%3A%2F%2Fgoto.datacolor.com%2Flearnaboutspyder24-faq|target:_blank|\u00bb el_class=\u00bbresourcebutton\u00bb][vc_empty_space][\/vc_column_inner][vc_column_inner width=\u00bb1\/3&#8243;][vc_btn title=\u00bbDemostraci\u00f3n de instalaci\u00f3n\u00bb style=\u00bbclassic\u00bb shape=\u00bbround\u00bb color=\u00bbblack\u00bb align=\u00bbcenter\u00bb i_icon_fontawesome=\u00bb\u00bb css=\u00bb.vc_custom_1757419501913{margin-top: 8px !important;}\u00bb add_icon=\u00bbtrue\u00bb link=\u00bburl:https%3A%2F%2Fyoutu.be%2FKzMbjdo_buQ|target:_blank\u00bb el_class=\u00bbresourcebutton\u00bb][vc_btn title=\u00bbDemostraci\u00f3n de calibraci\u00f3n\u00bb style=\u00bbclassic\u00bb shape=\u00bbround\u00bb color=\u00bbblack\u00bb align=\u00bbcenter\u00bb i_icon_fontawesome=\u00bb\u00bb css=\u00bb.vc_custom_1757419515649{margin-top: 8px !important;}\u00bb add_icon=\u00bbtrue\u00bb link=\u00bburl:https%3A%2F%2Fyoutu.be%2Ft21f0mV-8z0|target:_blank\u00bb el_class=\u00bbresourcebutton\u00bb][vc_btn title=\u00bbContacto\u00bb style=\u00bbclassic\u00bb shape=\u00bbround\u00bb color=\u00bbblack\u00bb align=\u00bbcenter\u00bb i_icon_fontawesome=\u00bbfas fa-at\u00bb css=\u00bb.vc_custom_1725553162918{margin-top: 8px !important;}\u00bb add_icon=\u00bbtrue\u00bb link=\u00bburl:https%3A%2F%2Fspyder-support.datacolor.com%2F|target:_blank|\u00bb el_class=\u00bbresourcebutton\u00bb][vc_empty_space][\/vc_column_inner][\/vc_row_inner][\/vc_column][\/vc_row][vc_row css=\u00bb.vc_custom_1725544748051{padding-top: 60px !important;padding-bottom: 60px !important;}\u00bb][vc_column width=\u00bb1\/2&#8243;][vc_single_image image=\u00bb58170&#8243; img_size=\u00bblarge\u00bb onclick=\u00bbcustom_link\u00bb img_link_target=\u00bb_blank\u00bb][vc_empty_space][\/vc_column][vc_column width=\u00bb1\/2&#8243;][vc_column_text css=\u00bb\u00bb]<strong>Sube de nivel &#8211; cuando est\u00e9s preparado<\/strong><\/p>\n<p>Cuando quieras, puedes actualizar tu SpyderExpress para desbloquear nuevas funciones \u2013 a tu ritmo.[\/vc_column_text][vc_empty_space][vc_btn title=\u00bbM\u00e1s informaci\u00f3n\u00bb style=\u00bbclassic\u00bb shape=\u00bbround\u00bb color=\u00bbblack\u00bb align=\u00bbleft\u00bb css=\u00bb.vc_custom_1757363875337{margin-top: 8px !important;}\u00bb link=\u00bburl:https%3A%2F%2Fwww.datacolor.com%2Fspyder%2Fes%2Fspyder-upgrade%2F|target:_blank|\u00bb el_class=\u00bbresourcebutton\u00bb][\/vc_column][\/vc_row]<\/p>\n<\/div>","protected":false},"excerpt":{"rendered":"<p>[vc_row css=\u00bb.vc_custom_1682339726830{padding-top: 60px !important;padding-bottom: 60px !important;}\u00bb][vc_column width=\u00bb1\/2&#8243;][vc_column_text css=\u00bb\u00bb] \u00a1Bienvenido a SpyderExpress \u2013 vamos a empezar! [\/vc_column_text][vc_empty_space][vc_column_text css=\u00bb\u00bb]Di adi\u00f3s a las dudas con los colores y hola a la optimizaci\u00f3n f\u00e1cil de la pantalla. Descarga el software SpyderExpress Consulta la gu\u00eda r\u00e1pida y la gu\u00eda de usuario Mira los videos tutoriales Explora las preguntas frecuentes Calibrar &hellip;<\/p>\n","protected":false},"author":3,"featured_media":0,"parent":0,"menu_order":0,"comment_status":"closed","ping_status":"closed","template":"","meta":{"_acf_changed":false,"footnotes":""},"class_list":["post-59604","page","type-page","status-publish","hentry"],"acf":[],"_links":{"self":[{"href":"https:\/\/www.datacolor.com\/spyder\/es\/wp-json\/wp\/v2\/pages\/59604","targetHints":{"allow":["GET"]}}],"collection":[{"href":"https:\/\/www.datacolor.com\/spyder\/es\/wp-json\/wp\/v2\/pages"}],"about":[{"href":"https:\/\/www.datacolor.com\/spyder\/es\/wp-json\/wp\/v2\/types\/page"}],"author":[{"embeddable":true,"href":"https:\/\/www.datacolor.com\/spyder\/es\/wp-json\/wp\/v2\/users\/3"}],"replies":[{"embeddable":true,"href":"https:\/\/www.datacolor.com\/spyder\/es\/wp-json\/wp\/v2\/comments?post=59604"}],"version-history":[{"count":0,"href":"https:\/\/www.datacolor.com\/spyder\/es\/wp-json\/wp\/v2\/pages\/59604\/revisions"}],"wp:attachment":[{"href":"https:\/\/www.datacolor.com\/spyder\/es\/wp-json\/wp\/v2\/media?parent=59604"}],"curies":[{"name":"wp","href":"https:\/\/api.w.org\/{rel}","templated":true}]}}