{"id":60892,"date":"2025-09-16T14:22:09","date_gmt":"2025-09-16T14:22:09","guid":{"rendered":"https:\/\/dev2024.spyder.datacolor.eu\/spyder\/acerca-de-la-calibracion\/"},"modified":"2025-11-18T16:47:33","modified_gmt":"2025-11-18T16:47:33","slug":"acerca-de-la-calibracion","status":"publish","type":"page","link":"https:\/\/www.datacolor.com\/spyder\/es\/acerca-de-la-calibracion\/","title":{"rendered":"Acerca de la calibraci\u00f3n"},"content":{"rendered":"\t\t<div data-elementor-type=\"wp-page\" data-elementor-id=\"60892\" class=\"elementor elementor-60892 elementor-60553\" data-elementor-post-type=\"page\">\n\t\t\t\t<div class=\"elementor-element elementor-element-96eea76 e-con-full e-flex e-con e-parent\" data-id=\"96eea76\" data-element_type=\"container\">\n\t\t<div class=\"elementor-element elementor-element-8782d9d e-con-full hero-block e-flex e-con e-child\" data-id=\"8782d9d\" data-element_type=\"container\" data-settings=\"{&quot;background_background&quot;:&quot;classic&quot;}\">\n\t\t\t\t<div class=\"elementor-element elementor-element-c85c1df elementor-absolute elementor-widget-mobile__width-inherit elementor-widget elementor-widget-text-editor\" data-id=\"c85c1df\" data-element_type=\"widget\" data-settings=\"{&quot;_position&quot;:&quot;absolute&quot;}\" data-widget_type=\"text-editor.default\">\n\t\t\t\t<div class=\"elementor-widget-container\">\n\t\t\t\t\t\t\t\t\t<p>Nota: La calibraci\u00f3n del color y los ajustes se realizan s\u00f3lo en el monitor. Las herramientas Spyder no calibran dispositivos m\u00f3viles o tabletas. <\/p>\t\t\t\t\t\t\t\t<\/div>\n\t\t\t\t<\/div>\n\t\t<div class=\"elementor-element elementor-element-ef84803 e-con-full e-flex e-con e-child\" data-id=\"ef84803\" data-element_type=\"container\" data-settings=\"{&quot;position&quot;:&quot;absolute&quot;}\">\n\t\t\t\t<div class=\"elementor-element elementor-element-7dd102e elementor-widget elementor-widget-text-editor\" data-id=\"7dd102e\" data-element_type=\"widget\" data-widget_type=\"text-editor.default\">\n\t\t\t\t<div class=\"elementor-widget-container\">\n\t\t\t\t\t\t\t\t\t<p>Colores perfectos, visi\u00f3n clara<\/p>\t\t\t\t\t\t\t\t<\/div>\n\t\t\t\t<\/div>\n\t\t\t\t<div class=\"elementor-element elementor-element-9545da8 elementor-widget elementor-widget-text-editor\" data-id=\"9545da8\" data-element_type=\"widget\" data-widget_type=\"text-editor.default\">\n\t\t\t\t<div class=\"elementor-widget-container\">\n\t\t\t\t\t\t\t\t\t<p>\u2013 por qu\u00e9 la calibraci\u00f3n del monitor es esencial para su creatividad<\/p>\t\t\t\t\t\t\t\t<\/div>\n\t\t\t\t<\/div>\n\t\t\t\t<\/div>\n\t\t\t\t<\/div>\n\t\t\t\t<\/div>\n\t\t<div class=\"elementor-element elementor-element-382b1d1 e-flex e-con-boxed e-con e-parent\" data-id=\"382b1d1\" data-element_type=\"container\">\n\t\t\t\t\t<div class=\"e-con-inner\">\n\t\t<div class=\"elementor-element elementor-element-f04c934 e-con-full e-flex e-con e-child\" data-id=\"f04c934\" data-element_type=\"container\" data-settings=\"{&quot;background_background&quot;:&quot;classic&quot;}\">\n\t\t<div class=\"elementor-element elementor-element-e92a76c e-grid e-con-full e-con e-child\" data-id=\"e92a76c\" data-element_type=\"container\" data-settings=\"{&quot;background_background&quot;:&quot;classic&quot;}\">\n\t\t<div class=\"elementor-element elementor-element-de99d05 e-grid e-con-full e-con e-child\" data-id=\"de99d05\" data-element_type=\"container\" data-settings=\"{&quot;background_background&quot;:&quot;classic&quot;}\">\n\t\t<div class=\"elementor-element elementor-element-a84ed59 e-grid e-con-full e-con e-child\" data-id=\"a84ed59\" data-element_type=\"container\">\n\t\t\t\t<div class=\"elementor-element elementor-element-e99cecf elementor-widget elementor-widget-heading\" data-id=\"e99cecf\" data-element_type=\"widget\" data-widget_type=\"heading.default\">\n\t\t\t\t<div class=\"elementor-widget-container\">\n\t\t\t\t\t<h2 class=\"elementor-heading-title elementor-size-default\">Su visi\u00f3n merece precisi\u00f3n \u2013 Optimice su pantalla con Spyder<\/h2>\t\t\t\t<\/div>\n\t\t\t\t<\/div>\n\t\t\t\t<div class=\"elementor-element elementor-element-36428da elementor-widget elementor-widget-text-editor\" data-id=\"36428da\" data-element_type=\"widget\" data-widget_type=\"text-editor.default\">\n\t\t\t\t<div class=\"elementor-widget-container\">\n\t\t\t\t\t\t\t\t\tCada imagen, cada detalle, cada matiz est\u00e1 lleno de su pasi\u00f3n. Pero sin un monitor calibrado, su p\u00fablico no ve realmente lo que usted ha creado. Los colores se desplazan, las sombras desaparecen, los tonos de piel se vuelven artificiales \u2013 y su visi\u00f3n creativa se diluye.     \t\t\t\t\t\t\t\t<\/div>\n\t\t\t\t<\/div>\n\t\t\t\t<\/div>\n\t\t\t\t<\/div>\n\t\t\t\t<\/div>\n\t\t\t\t<\/div>\n\t\t<div class=\"elementor-element elementor-element-d0e6b0c e-con-full e-flex e-con e-child\" data-id=\"d0e6b0c\" data-element_type=\"container\" data-settings=\"{&quot;background_background&quot;:&quot;classic&quot;}\">\n\t\t<div class=\"elementor-element elementor-element-9881c33 e-grid e-con-full e-con e-child\" data-id=\"9881c33\" data-element_type=\"container\" data-settings=\"{&quot;background_background&quot;:&quot;classic&quot;}\">\n\t\t<div class=\"elementor-element elementor-element-12186ab e-grid e-con-full e-con e-child\" data-id=\"12186ab\" data-element_type=\"container\" data-settings=\"{&quot;background_background&quot;:&quot;classic&quot;}\">\n\t\t<div class=\"elementor-element elementor-element-e2083cd e-grid e-con-full e-con e-child\" data-id=\"e2083cd\" data-element_type=\"container\">\n\t\t\t\t<div class=\"elementor-element elementor-element-9e6d1cc elementor-widget elementor-widget-text-editor\" data-id=\"9e6d1cc\" data-element_type=\"widget\" data-widget_type=\"text-editor.default\">\n\t\t\t\t<div class=\"elementor-widget-container\">\n\t\t\t\t\t\t\t\t\t<p>Incluso los monitores calibrados de f\u00e1brica pueden resultar sobresaturados o no adaptarse a su flujo de trabajo. Por eso <g id=\"gid_0\">la calibraci\u00f3n no es una opci\u00f3n, es una necesidad<\/g>. Ya sea en la edici\u00f3n de cine, el retoque de retratos o la creaci\u00f3n de contenidos para millones de personas: un monitor calibrado es la herramienta invisible que hace brillar su trabajo visible.  <\/p>\t\t\t\t\t\t\t\t<\/div>\n\t\t\t\t<\/div>\n\t\t\t\t<div class=\"elementor-element elementor-element-d82299f elementor-align-center elementor-widget elementor-widget-button\" data-id=\"d82299f\" data-element_type=\"widget\" data-widget_type=\"button.default\">\n\t\t\t\t<div class=\"elementor-widget-container\">\n\t\t\t\t\t\t\t\t\t<div class=\"elementor-button-wrapper\">\n\t\t\t\t\t<a class=\"elementor-button elementor-button-link elementor-size-sm\" href=\"https:\/\/www.datacolor.com\/spyder\/es\/por-que-calibrar\/\" id=\"shop_spyderpro\">\n\t\t\t\t\t\t<span class=\"elementor-button-content-wrapper\">\n\t\t\t\t\t\t\t\t\t<span class=\"elementor-button-text\">\u00bfPor qu\u00e9 calibrar?<\/span>\n\t\t\t\t\t<\/span>\n\t\t\t\t\t<\/a>\n\t\t\t\t<\/div>\n\t\t\t\t\t\t\t\t<\/div>\n\t\t\t\t<\/div>\n\t\t\t\t<\/div>\n\t\t\t\t<\/div>\n\t\t<div class=\"elementor-element elementor-element-2e8bd45 e-grid e-con-full e-con e-child\" data-id=\"2e8bd45\" data-element_type=\"container\" data-settings=\"{&quot;background_background&quot;:&quot;classic&quot;}\">\n\t\t\t\t<div class=\"elementor-element elementor-element-b5d0d45 elementor-widget elementor-widget-image\" data-id=\"b5d0d45\" data-element_type=\"widget\" data-widget_type=\"image.default\">\n\t\t\t\t<div class=\"elementor-widget-container\">\n\t\t\t\t\t\t\t\t\t\t\t\t\t\t\t<img fetchpriority=\"high\" decoding=\"async\" width=\"1200\" height=\"850\" src=\"https:\/\/www.datacolor.com\/spyder\/wp-content\/uploads\/2025\/09\/Different-Monitors-shutterstock_149396780.jpg\" class=\"attachment-full size-full wp-image-60563\" alt=\"\" srcset=\"https:\/\/www.datacolor.com\/spyder\/wp-content\/uploads\/2025\/09\/Different-Monitors-shutterstock_149396780.jpg 1200w, https:\/\/www.datacolor.com\/spyder\/wp-content\/uploads\/2025\/09\/Different-Monitors-shutterstock_149396780-300x213.jpg 300w, https:\/\/www.datacolor.com\/spyder\/wp-content\/uploads\/2025\/09\/Different-Monitors-shutterstock_149396780-1024x725.jpg 1024w, https:\/\/www.datacolor.com\/spyder\/wp-content\/uploads\/2025\/09\/Different-Monitors-shutterstock_149396780-768x544.jpg 768w\" sizes=\"(max-width: 1200px) 100vw, 1200px\" \/>\t\t\t\t\t\t\t\t\t\t\t\t\t\t\t<\/div>\n\t\t\t\t<\/div>\n\t\t\t\t<\/div>\n\t\t\t\t<\/div>\n\t\t\t\t<\/div>\n\t\t\t\t\t<\/div>\n\t\t\t\t<\/div>\n\t\t<div class=\"elementor-element elementor-element-da6827d e-flex e-con-boxed e-con e-parent\" data-id=\"da6827d\" data-element_type=\"container\">\n\t\t\t\t\t<div class=\"e-con-inner\">\n\t\t<div class=\"elementor-element elementor-element-8d7b404 e-con-full e-flex e-con e-child\" data-id=\"8d7b404\" data-element_type=\"container\">\n\t\t\t\t<div class=\"elementor-element elementor-element-6ec12d5 elementor-widget elementor-widget-heading\" data-id=\"6ec12d5\" data-element_type=\"widget\" data-widget_type=\"heading.default\">\n\t\t\t\t<div class=\"elementor-widget-container\">\n\t\t\t\t\t<h2 class=\"elementor-heading-title elementor-size-default\">Mira el v\u00eddeo para saber m\u00e1s<\/h2>\t\t\t\t<\/div>\n\t\t\t\t<\/div>\n\t\t\t\t<div class=\"elementor-element elementor-element-42951ff elementor-widget elementor-widget-video\" data-id=\"42951ff\" data-element_type=\"widget\" data-settings=\"{&quot;youtube_url&quot;:&quot;https:\\\/\\\/youtu.be\\\/jNqt-7_jzWo&quot;,&quot;yt_privacy&quot;:&quot;yes&quot;,&quot;video_type&quot;:&quot;youtube&quot;,&quot;controls&quot;:&quot;yes&quot;}\" data-widget_type=\"video.default\">\n\t\t\t\t<div class=\"elementor-widget-container\">\n\t\t\t\t\t\t\t<div class=\"elementor-wrapper elementor-open-inline\">\n\t\t\t<div class=\"elementor-video\"><\/div>\t\t<\/div>\n\t\t\t\t\t\t<\/div>\n\t\t\t\t<\/div>\n\t\t\t\t<\/div>\n\t\t<div class=\"elementor-element elementor-element-eadc5f2 e-con-full e-flex e-con e-child\" data-id=\"eadc5f2\" data-element_type=\"container\">\n\t\t<div class=\"elementor-element elementor-element-61f1ddc e-grid e-con-full e-con e-child\" data-id=\"61f1ddc\" data-element_type=\"container\" data-settings=\"{&quot;background_background&quot;:&quot;classic&quot;}\">\n\t\t\t\t<div class=\"elementor-element elementor-element-5cfb36a elementor-widget elementor-widget-image\" data-id=\"5cfb36a\" data-element_type=\"widget\" data-widget_type=\"image.default\">\n\t\t\t\t<div class=\"elementor-widget-container\">\n\t\t\t\t\t\t\t\t\t\t\t\t\t\t\t<img decoding=\"async\" src=\"https:\/\/www.datacolor.com\/spyder\/wp-content\/uploads\/elementor\/thumbs\/What-is-Display-Calibration-Spyder_1000x1000-image_2-300dpi-rbw73qhdpxfon0nip48miejr8n1l8h65klzc7kr7yo.jpg\" title=\"What-is-Display-Calibration-Spyder_1000x1000 image_2-300dpi\" alt=\"What-is-Display-Calibration-Spyder_1000x1000 image_2-300dpi\" loading=\"lazy\" \/>\t\t\t\t\t\t\t\t\t\t\t\t\t\t\t<\/div>\n\t\t\t\t<\/div>\n\t\t\t\t<div class=\"elementor-element elementor-element-0fc73b8 elementor-widget elementor-widget-image\" data-id=\"0fc73b8\" data-element_type=\"widget\" data-widget_type=\"image.default\">\n\t\t\t\t<div class=\"elementor-widget-container\">\n\t\t\t\t\t\t\t\t\t\t\t\t\t\t\t<img decoding=\"async\" src=\"https:\/\/www.datacolor.com\/spyder\/wp-content\/uploads\/elementor\/thumbs\/What-is-Display-Calibration-Spyder_Calibrate-Image-1000x1000-300dpi-rbw73pjjj3eebeovultzxwsan9680s2f8hbuqasm4w.jpg\" title=\"What-is-Display-Calibration-Spyder_Calibrate Image 1000&#215;1000-300dpi\" alt=\"What-is-Display-Calibration-Spyder_Calibrate Image 1000x1000-300dpi\" loading=\"lazy\" \/>\t\t\t\t\t\t\t\t\t\t\t\t\t\t\t<\/div>\n\t\t\t\t<\/div>\n\t\t\t\t<\/div>\n\t\t<div class=\"elementor-element elementor-element-89897d2 e-grid e-con-full e-con e-child\" data-id=\"89897d2\" data-element_type=\"container\" data-settings=\"{&quot;background_background&quot;:&quot;classic&quot;}\">\n\t\t<div class=\"elementor-element elementor-element-69fa175 e-grid e-con-full e-con e-child\" data-id=\"69fa175\" data-element_type=\"container\">\n\t\t\t\t<div class=\"elementor-element elementor-element-69a5a89 elementor-widget elementor-widget-text-editor\" data-id=\"69a5a89\" data-element_type=\"widget\" data-widget_type=\"text-editor.default\">\n\t\t\t\t<div class=\"elementor-widget-container\">\n\t\t\t\t\t\t\t\t\t<p><strong style=\"font-size: 1.25em;\">\u00bfQu\u00e9 es la calibraci\u00f3n del monitor?<\/strong><\/p><p>La calibraci\u00f3n del monitor significa que su pantalla muestra los colores tal como son en realidad. Con <strong>Datacolor Spyder<\/strong> consigue: <\/p><ul><li><strong>Contrastes naturales<\/strong> \u2013 Sombras y luces con m\u00e1s profundidad y realismo.<\/li><li><strong>Blancos aut\u00e9nticos<\/strong> \u2013 Un blanco verdaderamente neutro, para colores consistentes en todos los dispositivos y en impresi\u00f3n.<\/li><li><strong>Flexibilidad total<\/strong> \u2013 Cada calibraci\u00f3n es reversible, puede volver a la configuraci\u00f3n original en cualquier momento.<\/li><\/ul><p><br><strong>Rapidez y precisi\u00f3n<\/strong> \u2013 El <strong>ecosistema Spyder<\/strong> ofrece resultados fiables en cuesti\u00f3n de minutos.<\/p>\t\t\t\t\t\t\t\t<\/div>\n\t\t\t\t<\/div>\n\t\t\t\t<div class=\"elementor-element elementor-element-094f921 elementor-align-center elementor-widget elementor-widget-button\" data-id=\"094f921\" data-element_type=\"widget\" data-widget_type=\"button.default\">\n\t\t\t\t<div class=\"elementor-widget-container\">\n\t\t\t\t\t\t\t\t\t<div class=\"elementor-button-wrapper\">\n\t\t\t\t\t<a class=\"elementor-button elementor-button-link elementor-size-sm\" href=\"\/spyder\/spyder-ecosystem\/%20\" id=\"shop_spyderpro\">\n\t\t\t\t\t\t<span class=\"elementor-button-content-wrapper\">\n\t\t\t\t\t\t\t\t\t<span class=\"elementor-button-text\">M\u00e1s informaci\u00f3n<\/span>\n\t\t\t\t\t<\/span>\n\t\t\t\t\t<\/a>\n\t\t\t\t<\/div>\n\t\t\t\t\t\t\t\t<\/div>\n\t\t\t\t<\/div>\n\t\t\t\t<\/div>\n\t\t\t\t<\/div>\n\t\t\t\t<\/div>\n\t\t<div class=\"elementor-element elementor-element-19bf9d1 e-con-full e-flex e-con e-child\" data-id=\"19bf9d1\" data-element_type=\"container\">\n\t\t<div class=\"elementor-element elementor-element-f3bf742 e-grid e-con-full e-con e-child\" data-id=\"f3bf742\" data-element_type=\"container\" data-settings=\"{&quot;background_background&quot;:&quot;classic&quot;}\">\n\t\t\t\t<div class=\"elementor-element elementor-element-3ebe91a elementor-widget elementor-widget-image\" data-id=\"3ebe91a\" data-element_type=\"widget\" data-widget_type=\"image.default\">\n\t\t\t\t<div class=\"elementor-widget-container\">\n\t\t\t\t\t\t\t\t\t\t\t\t\t\t\t<img decoding=\"async\" width=\"800\" height=\"800\" src=\"https:\/\/www.datacolor.com\/spyder\/wp-content\/uploads\/2025\/09\/What-to-Expect-3D-Multi-Device-Mockup-Vol-01-006_FIXED_tall-copy-scaled-1.jpg\" class=\"attachment-full size-full wp-image-60741\" alt=\"\" srcset=\"https:\/\/www.datacolor.com\/spyder\/wp-content\/uploads\/2025\/09\/What-to-Expect-3D-Multi-Device-Mockup-Vol-01-006_FIXED_tall-copy-scaled-1.jpg 800w, https:\/\/www.datacolor.com\/spyder\/wp-content\/uploads\/2025\/09\/What-to-Expect-3D-Multi-Device-Mockup-Vol-01-006_FIXED_tall-copy-scaled-1-300x300.jpg 300w, https:\/\/www.datacolor.com\/spyder\/wp-content\/uploads\/2025\/09\/What-to-Expect-3D-Multi-Device-Mockup-Vol-01-006_FIXED_tall-copy-scaled-1-150x150.jpg 150w, https:\/\/www.datacolor.com\/spyder\/wp-content\/uploads\/2025\/09\/What-to-Expect-3D-Multi-Device-Mockup-Vol-01-006_FIXED_tall-copy-scaled-1-768x768.jpg 768w\" sizes=\"(max-width: 800px) 100vw, 800px\" \/>\t\t\t\t\t\t\t\t\t\t\t\t\t\t\t<\/div>\n\t\t\t\t<\/div>\n\t\t\t\t<div class=\"elementor-element elementor-element-a028ccd elementor-widget elementor-widget-image\" data-id=\"a028ccd\" data-element_type=\"widget\" data-widget_type=\"image.default\">\n\t\t\t\t<div class=\"elementor-widget-container\">\n\t\t\t\t\t\t\t\t\t\t\t\t\t\t\t<img decoding=\"async\" width=\"800\" height=\"800\" src=\"https:\/\/www.datacolor.com\/spyder\/wp-content\/uploads\/2025\/09\/Printing-with-personal-printer-2.jpg\" class=\"attachment-full size-full wp-image-60707\" alt=\"\" srcset=\"https:\/\/www.datacolor.com\/spyder\/wp-content\/uploads\/2025\/09\/Printing-with-personal-printer-2.jpg 800w, https:\/\/www.datacolor.com\/spyder\/wp-content\/uploads\/2025\/09\/Printing-with-personal-printer-2-300x300.jpg 300w, https:\/\/www.datacolor.com\/spyder\/wp-content\/uploads\/2025\/09\/Printing-with-personal-printer-2-150x150.jpg 150w, https:\/\/www.datacolor.com\/spyder\/wp-content\/uploads\/2025\/09\/Printing-with-personal-printer-2-768x768.jpg 768w\" sizes=\"(max-width: 800px) 100vw, 800px\" \/>\t\t\t\t\t\t\t\t\t\t\t\t\t\t\t<\/div>\n\t\t\t\t<\/div>\n\t\t\t\t<\/div>\n\t\t<div class=\"elementor-element elementor-element-65030df e-grid e-con-full e-con e-child\" data-id=\"65030df\" data-element_type=\"container\" data-settings=\"{&quot;background_background&quot;:&quot;classic&quot;}\">\n\t\t<div class=\"elementor-element elementor-element-ee867a5 e-grid e-con-full e-con e-child\" data-id=\"ee867a5\" data-element_type=\"container\">\n\t\t\t\t<div class=\"elementor-element elementor-element-23a92d5 elementor-widget elementor-widget-text-editor\" data-id=\"23a92d5\" data-element_type=\"widget\" data-widget_type=\"text-editor.default\">\n\t\t\t\t<div class=\"elementor-widget-container\">\n\t\t\t\t\t\t\t\t\t<p><strong style=\"font-size: 1.25em;\">Lo que puede esperar despu\u00e9s de la calibraci\u00f3n\u00bfQu\u00e9 esperar despu\u00e9s de la calibraci\u00f3n?<\/strong><\/p><p>Al principio su monitor puede parecer diferente \u2013 pero ser\u00e1 la diferencia correcta. A partir de ahora ver\u00e1: <\/p><ul><li><strong>Colores m\u00e1s naturales<\/strong> y un brillo uniforme en toda la pantalla.<\/li><li><strong>M\u00e1s detalle<\/strong> en sombras y altas luces \u2013 ya sea en un cielo estrellado o en plena luz del sol.<\/li><li><strong>Resultados coherentes<\/strong> en todos los dispositivos y plataformas \u2013 tanto online como en impresi\u00f3n.<\/li><li><strong>Precisi\u00f3n desde<\/strong> el primer momento \u2013 para que cree sin tener que corregir.<\/li><\/ul><p><br>Para obtener los mejores resultados, recalibra regularmente, sobre todo cuando cambien las condiciones de iluminaci\u00f3n o antes de empezar un trabajo en el que el color sea cr\u00edtico.<\/p>\t\t\t\t\t\t\t\t<\/div>\n\t\t\t\t<\/div>\n\t\t\t\t<div class=\"elementor-element elementor-element-a5e2f4d elementor-align-center elementor-widget elementor-widget-button\" data-id=\"a5e2f4d\" data-element_type=\"widget\" data-widget_type=\"button.default\">\n\t\t\t\t<div class=\"elementor-widget-container\">\n\t\t\t\t\t\t\t\t\t<div class=\"elementor-button-wrapper\">\n\t\t\t\t\t<a class=\"elementor-button elementor-button-link elementor-size-sm\" href=\"\/spyder\/why-calibrate\/%20\" id=\"shop_spyderpro\">\n\t\t\t\t\t\t<span class=\"elementor-button-content-wrapper\">\n\t\t\t\t\t\t\t\t\t<span class=\"elementor-button-text\">Por qu\u00e9 calibrar<\/span>\n\t\t\t\t\t<\/span>\n\t\t\t\t\t<\/a>\n\t\t\t\t<\/div>\n\t\t\t\t\t\t\t\t<\/div>\n\t\t\t\t<\/div>\n\t\t\t\t<\/div>\n\t\t\t\t<\/div>\n\t\t\t\t<\/div>\n\t\t\t\t\t<\/div>\n\t\t\t\t<\/div>\n\t\t<div class=\"elementor-element elementor-element-2476e78 e-flex e-con-boxed e-con e-parent\" data-id=\"2476e78\" data-element_type=\"container\">\n\t\t\t\t\t<div class=\"e-con-inner\">\n\t\t<div class=\"elementor-element elementor-element-64657f6 e-con-full e-flex e-con e-child\" data-id=\"64657f6\" data-element_type=\"container\">\n\t\t\t\t<div class=\"elementor-element elementor-element-8642f33 elementor-widget elementor-widget-video\" data-id=\"8642f33\" data-element_type=\"widget\" data-settings=\"{&quot;youtube_url&quot;:&quot;https:\\\/\\\/youtu.be\\\/ZNTHTG20_Tw&quot;,&quot;yt_privacy&quot;:&quot;yes&quot;,&quot;video_type&quot;:&quot;youtube&quot;,&quot;controls&quot;:&quot;yes&quot;}\" data-widget_type=\"video.default\">\n\t\t\t\t<div class=\"elementor-widget-container\">\n\t\t\t\t\t\t\t<div class=\"elementor-wrapper elementor-open-inline\">\n\t\t\t<div class=\"elementor-video\"><\/div>\t\t<\/div>\n\t\t\t\t\t\t<\/div>\n\t\t\t\t<\/div>\n\t\t\t\t<\/div>\n\t\t\t\t\t<\/div>\n\t\t\t\t<\/div>\n\t\t<div class=\"elementor-element elementor-element-e2a63c5 e-flex e-con-boxed e-con e-parent\" data-id=\"e2a63c5\" data-element_type=\"container\">\n\t\t\t\t\t<div class=\"e-con-inner\">\n\t\t<div class=\"elementor-element elementor-element-32423ad e-con-full e-flex e-con e-child\" data-id=\"32423ad\" data-element_type=\"container\">\n\t\t<div class=\"elementor-element elementor-element-bba2c8b e-grid e-con-full e-con e-child\" data-id=\"bba2c8b\" data-element_type=\"container\" data-settings=\"{&quot;background_background&quot;:&quot;classic&quot;}\">\n\t\t\t\t<div class=\"elementor-element elementor-element-ee81d2c elementor-widget elementor-widget-image\" data-id=\"ee81d2c\" data-element_type=\"widget\" data-widget_type=\"image.default\">\n\t\t\t\t<div class=\"elementor-widget-container\">\n\t\t\t\t\t\t\t\t\t\t\t\t\t\t\t<img loading=\"lazy\" decoding=\"async\" width=\"800\" height=\"800\" src=\"https:\/\/www.datacolor.com\/spyder\/wp-content\/uploads\/2025\/09\/From-Screen-to-Share-2.jpg\" class=\"attachment-full size-full wp-image-60718\" alt=\"\" srcset=\"https:\/\/www.datacolor.com\/spyder\/wp-content\/uploads\/2025\/09\/From-Screen-to-Share-2.jpg 800w, https:\/\/www.datacolor.com\/spyder\/wp-content\/uploads\/2025\/09\/From-Screen-to-Share-2-300x300.jpg 300w, https:\/\/www.datacolor.com\/spyder\/wp-content\/uploads\/2025\/09\/From-Screen-to-Share-2-150x150.jpg 150w, https:\/\/www.datacolor.com\/spyder\/wp-content\/uploads\/2025\/09\/From-Screen-to-Share-2-768x768.jpg 768w\" sizes=\"(max-width: 800px) 100vw, 800px\" \/>\t\t\t\t\t\t\t\t\t\t\t\t\t\t\t<\/div>\n\t\t\t\t<\/div>\n\t\t\t\t<div class=\"elementor-element elementor-element-d2133c6 elementor-widget elementor-widget-text-editor\" data-id=\"d2133c6\" data-element_type=\"widget\" data-widget_type=\"text-editor.default\">\n\t\t\t\t<div class=\"elementor-widget-container\">\n\t\t\t\t\t\t\t\t\t<p><strong style=\"font-size: 1.25em;\">Por qu\u00e9 es imprescindible<\/strong><\/p><ul><li><strong>Colores siempre fiables<\/strong>: Lo que usted ve es lo que ver\u00e1 su p\u00fablico.<\/li><li><strong>Coherencia absoluta<\/strong>: Entre dispositivos, plataformas e impresiones.<\/li><li><strong>Eficiencia<\/strong>: Menos correcciones, menos esfuerzo, m\u00e1s tiempo para crear.<\/li><li><strong>Integridad art\u00edstica<\/strong>: Su obra, su estilo \u2013 aut\u00e9ntico y sin distorsiones.<\/li><\/ul>\t\t\t\t\t\t\t\t<\/div>\n\t\t\t\t<\/div>\n\t\t\t\t<\/div>\n\t\t\t\t<\/div>\n\t\t<div class=\"elementor-element elementor-element-3effca4 e-con-full e-flex e-con e-child\" data-id=\"3effca4\" data-element_type=\"container\">\n\t\t<div class=\"elementor-element elementor-element-e5435e2 e-grid e-con-full e-con e-child\" data-id=\"e5435e2\" data-element_type=\"container\" data-settings=\"{&quot;background_background&quot;:&quot;classic&quot;}\">\n\t\t\t\t<div class=\"elementor-element elementor-element-cb8ee42 elementor-widget elementor-widget-image\" data-id=\"cb8ee42\" data-element_type=\"widget\" data-widget_type=\"image.default\">\n\t\t\t\t<div class=\"elementor-widget-container\">\n\t\t\t\t\t\t\t\t\t\t\t\t\t\t\t<img loading=\"lazy\" decoding=\"async\" width=\"1092\" height=\"1092\" src=\"https:\/\/www.datacolor.com\/spyder\/wp-content\/uploads\/2025\/09\/UpGrade_v04a.png\" class=\"attachment-full size-full wp-image-59828\" alt=\"\" srcset=\"https:\/\/www.datacolor.com\/spyder\/wp-content\/uploads\/2025\/09\/UpGrade_v04a.png 1092w, https:\/\/www.datacolor.com\/spyder\/wp-content\/uploads\/2025\/09\/UpGrade_v04a-300x300.png 300w, https:\/\/www.datacolor.com\/spyder\/wp-content\/uploads\/2025\/09\/UpGrade_v04a-1024x1024.png 1024w, https:\/\/www.datacolor.com\/spyder\/wp-content\/uploads\/2025\/09\/UpGrade_v04a-150x150.png 150w, https:\/\/www.datacolor.com\/spyder\/wp-content\/uploads\/2025\/09\/UpGrade_v04a-768x768.png 768w\" sizes=\"(max-width: 1092px) 100vw, 1092px\" \/>\t\t\t\t\t\t\t\t\t\t\t\t\t\t\t<\/div>\n\t\t\t\t<\/div>\n\t\t<div class=\"elementor-element elementor-element-b16de19 e-grid e-con-full e-con e-child\" data-id=\"b16de19\" data-element_type=\"container\" data-settings=\"{&quot;background_background&quot;:&quot;classic&quot;}\">\n\t\t<div class=\"elementor-element elementor-element-1485262 e-grid e-con-full e-con e-child\" data-id=\"1485262\" data-element_type=\"container\">\n\t\t\t\t<div class=\"elementor-element elementor-element-357c5d2 elementor-widget elementor-widget-text-editor\" data-id=\"357c5d2\" data-element_type=\"widget\" data-widget_type=\"text-editor.default\">\n\t\t\t\t<div class=\"elementor-widget-container\">\n\t\t\t\t\t\t\t\t\t<p><strong style=\"font-size: 1.25em;\">\u00bfPreparado para verlo bien?<\/strong><\/p><p>Viva su creatividad tal como la concibi\u00f3: clara, aut\u00e9ntica y profesional. Con Datacolor Spyder aprovecha al m\u00e1ximo el potencial de su monitor. Y lo mejor: con una simple actualizaci\u00f3n de software, su Spyder crece con sus necesidades \u2013 sin necesidad de nuevo hardware.  <\/p>\t\t\t\t\t\t\t\t<\/div>\n\t\t\t\t<\/div>\n\t\t\t\t<div class=\"elementor-element elementor-element-d9d7d18 elementor-align-center elementor-widget elementor-widget-button\" data-id=\"d9d7d18\" data-element_type=\"widget\" data-widget_type=\"button.default\">\n\t\t\t\t<div class=\"elementor-widget-container\">\n\t\t\t\t\t\t\t\t\t<div class=\"elementor-button-wrapper\">\n\t\t\t\t\t<a class=\"elementor-button elementor-button-link elementor-size-sm\" href=\"\/spyder\/es\/spyder-upgrade\/\" id=\"learn_more\">\n\t\t\t\t\t\t<span class=\"elementor-button-content-wrapper\">\n\t\t\t\t\t\t\t\t\t<span class=\"elementor-button-text\">M\u00e1s informaci\u00f3n<\/span>\n\t\t\t\t\t<\/span>\n\t\t\t\t\t<\/a>\n\t\t\t\t<\/div>\n\t\t\t\t\t\t\t\t<\/div>\n\t\t\t\t<\/div>\n\t\t\t\t<\/div>\n\t\t\t\t<\/div>\n\t\t\t\t<\/div>\n\t\t\t\t<\/div>\n\t\t\t\t\t<\/div>\n\t\t\t\t<\/div>\n\t\t\t\t<\/div>\n\t\t","protected":false},"excerpt":{"rendered":"<p>Nota: La calibraci\u00f3n del color y los ajustes se realizan s\u00f3lo en el monitor. Las herramientas Spyder no calibran dispositivos m\u00f3viles o tabletas. Colores perfectos, visi\u00f3n clara \u2013 por qu\u00e9 la calibraci\u00f3n del monitor es esencial para su creatividad Su visi\u00f3n merece precisi\u00f3n \u2013 Optimice su pantalla con Spyder Cada imagen, cada detalle, cada matiz &hellip;<\/p>\n","protected":false},"author":2,"featured_media":0,"parent":0,"menu_order":0,"comment_status":"closed","ping_status":"closed","template":"","meta":{"_acf_changed":false,"footnotes":""},"class_list":["post-60892","page","type-page","status-publish","hentry"],"acf":[],"_links":{"self":[{"href":"https:\/\/www.datacolor.com\/spyder\/es\/wp-json\/wp\/v2\/pages\/60892","targetHints":{"allow":["GET"]}}],"collection":[{"href":"https:\/\/www.datacolor.com\/spyder\/es\/wp-json\/wp\/v2\/pages"}],"about":[{"href":"https:\/\/www.datacolor.com\/spyder\/es\/wp-json\/wp\/v2\/types\/page"}],"author":[{"embeddable":true,"href":"https:\/\/www.datacolor.com\/spyder\/es\/wp-json\/wp\/v2\/users\/2"}],"replies":[{"embeddable":true,"href":"https:\/\/www.datacolor.com\/spyder\/es\/wp-json\/wp\/v2\/comments?post=60892"}],"version-history":[{"count":7,"href":"https:\/\/www.datacolor.com\/spyder\/es\/wp-json\/wp\/v2\/pages\/60892\/revisions"}],"predecessor-version":[{"id":64557,"href":"https:\/\/www.datacolor.com\/spyder\/es\/wp-json\/wp\/v2\/pages\/60892\/revisions\/64557"}],"wp:attachment":[{"href":"https:\/\/www.datacolor.com\/spyder\/es\/wp-json\/wp\/v2\/media?parent=60892"}],"curies":[{"name":"wp","href":"https:\/\/api.w.org\/{rel}","templated":true}]}}