{"id":23671,"date":"2023-04-25T10:17:09","date_gmt":"2023-04-25T10:17:09","guid":{"rendered":"https:\/\/new.spyder.datacolor.eu\/spyder\/bienvenue-chez-spyderx\/"},"modified":"2023-05-10T10:11:36","modified_gmt":"2023-05-10T10:11:36","slug":"welcome-to-spyderx","status":"publish","type":"page","link":"https:\/\/www.datacolor.com\/spyder\/fr\/welcome-to-spyderx\/","title":{"rendered":"Welcome to SpyderX"},"content":{"rendered":"<div class=\"wpb-content-wrapper\"><p>[vc_row][vc_column width=\u00a0\u00bb1\/2&Prime;][vc_empty_space][vc_column_text]<\/p>\n<h1 class=\"mainheader\">F\u00e9licitations pour l&rsquo;achat de votre nouveau Spyder X<\/h1>\n<p>[\/vc_column_text][vc_empty_space][vc_column_text]Cette page vous assistera dans l&rsquo;installation du colorim\u00e8tre et du logiciel Spyder X, et vous proposera des ressources utiles.<br \/>\n[\/vc_column_text][vc_empty_space][\/vc_column][vc_column width=\u00a0\u00bb1\/2&Prime;][vc_empty_space][vc_single_image image=\u00a0\u00bb23546&Prime; img_size=\u00a0\u00bblarge\u00a0\u00bb alignment=\u00a0\u00bbcenter\u00a0\u00bb][\/vc_column][\/vc_row][vc_row css=\u00a0\u00bb.vc_custom_1682353090965{padding-top: 60px !important;padding-bottom: 60px !important;}\u00a0\u00bb][vc_column][vc_column_text]<\/p>\n<h3>D\u00e9marrage rapide du Spyder X<\/h3>\n<p>[\/vc_column_text][vc_empty_space][vc_row_inner][vc_column_inner width=\u00a0\u00bb1\/2&Prime;][vc_column_text]<\/p>\n<div style=\"min-height: 200px;\">\n<p><strong>1. Allumez le moniteur<\/strong><\/p>\n<p>Votre moniteur doit \u00eatre allum\u00e9 30 minutes au moins avant que vous ne commenciez le processus d&rsquo;\u00e9talonnage. Assurez-vous de l&rsquo;absence d&rsquo;\u00e9clairage direct de votre moniteur et r\u00e9initialisez ses param\u00e8tres d&rsquo;affichage sur les r\u00e9glages d&rsquo;usine si cela est possible. Veuillez d\u00e9sactiver toutes les fonctionnalit\u00e9s de luminosit\u00e9 automatique de votre moniteur.<\/p><\/div>\n<p>[\/vc_column_text][vc_empty_space][vc_single_image image=\u00a0\u00bb23558&Prime; img_size=\u00a0\u00bblarge\u00a0\u00bb alignment=\u00a0\u00bbcenter\u00a0\u00bb][\/vc_column_inner][vc_column_inner width=\u00a0\u00bb1\/2&Prime;][vc_column_text]<\/p>\n<div style=\"min-height: 200px;\">\n<p><strong>2. T\u00e9l\u00e9chargez, installez et activez le logiciel<\/strong><\/p>\n<p>T\u00e9l\u00e9chargez et installez le logiciel Spyder X gr\u00e2ce aux liens ci-dessous. Une fois l&rsquo;installation termin\u00e9e, branchez le Spyder et lancez le logiciel pour d\u00e9buter le processus d&rsquo;activation et d&rsquo;inscription. Votre garantie prendra automatiquement effet \u00e0 ce moment. Utilisez le num\u00e9ro de s\u00e9rie inclus dans l&#8217;emballage de votre Spyder X afin d&rsquo;activer vote logiciel.<\/p><\/div>\n<p>[\/vc_column_text][vc_empty_space][vc_single_image image=\u00a0\u00bb23568&Prime; img_size=\u00a0\u00bblarge\u00a0\u00bb alignment=\u00a0\u00bbcenter\u00a0\u00bb][\/vc_column_inner][\/vc_row_inner][\/vc_column][\/vc_row][vc_row bg_type=\u00a0\u00bbbg_color\u00a0\u00bb bg_override=\u00a0\u00bbfull\u00a0\u00bb css=\u00a0\u00bb.vc_custom_1682353104609{padding-top: 60px !important;padding-bottom: 60px !important;}\u00a0\u00bb bg_color_value=\u00a0\u00bb#e7e6e5&Prime;][vc_column][vc_column_text]<\/p>\n<h3>T\u00e9l\u00e9chargement du logiciel<\/h3>\n<p>[\/vc_column_text][vc_empty_space height=\u00a0\u00bb20px\u00a0\u00bb][vc_column_text]Cliquez sur le mod\u00e8le de Spyder X et le syst\u00e8me d&rsquo;exploitation appropri\u00e9s pour lancer le t\u00e9l\u00e9chargement.<\/p>\n<p>Veillez \u00e0 prendre connaissance de la <a href=\"https:\/\/spyderx.datacolor.com\/datacolor-spyder-software-license\/\">licence du logicielDatacolor<\/a>.[\/vc_column_text][vc_empty_space][vc_row_inner][vc_column_inner width=\u00a0\u00bb1\/2&Prime;][vc_column_text]<strong>Spyder X Pro<\/strong><br \/>\n[\/vc_column_text][vc_empty_space height=\u00a0\u00bb20px\u00a0\u00bb]<div class=\" vc_custom_1682435335749 ubtn-ctn-inline \"><a class=\"ubtn-link ult-adjust-bottom-margin ubtn-inline ubtn-custom \" href=\"https:\/\/goto.datacolor.com\/download\/win\/sxp100\" target=\"_blank\" rel=\"noopener\" ><button type=\"button\" id=\"ubtn-9391\"  class=\"ubtn ult-adjust-bottom-margin ult-responsive ubtn-custom ubtn-no-hover-bg  none  ubtn-sep-icon ubtn-sep-icon-bottom-push  ubtn-inline   tooltip-69e9045d397fc\"  data-hover=\"\" data-border-color=\"\" data-bg=\"#000000\" data-hover-bg=\"#aaaaaa\" data-border-hover=\"\" data-shadow-hover=\"\" data-shadow-click=\"none\" data-shadow=\"\" data-shd-shadow=\"\"  data-ultimate-target='#ubtn-9391'  data-responsive-json-new='{\"font-size\":\"desktop:18px;\",\"line-height\":\"\"}'  style=\"font-weight:normal;width:300px;min-height:56px;padding:px px;border:none;background: #000000;color: #ffffff;\"><span class=\"ubtn-data ubtn-icon\"><i class=\"Defaults-download\" style=\"font-size:22px;color:;\"><\/i><\/span><span class=\"ubtn-hover\" style=\"background-color:#aaaaaa\"><\/span><span class=\"ubtn-data ubtn-text \" >Logiciel Windows<\/span><\/button><\/a><\/div><div class=\" ubtn-ctn-inline \"><a class=\"ubtn-link ult-adjust-bottom-margin ubtn-inline ubtn-custom \" href=\"https:\/\/goto.datacolor.com\/download\/mac\/sxp100\" target=\"_blank\" rel=\"noopener\" ><button type=\"button\" id=\"ubtn-6683\"  class=\"ubtn ult-adjust-bottom-margin ult-responsive ubtn-custom ubtn-no-hover-bg  none  ubtn-sep-icon ubtn-sep-icon-bottom-push  ubtn-inline   tooltip-69e9045d3986d\"  data-hover=\"\" data-border-color=\"\" data-bg=\"#000000\" data-hover-bg=\"#aaaaaa\" data-border-hover=\"\" data-shadow-hover=\"\" data-shadow-click=\"none\" data-shadow=\"\" data-shd-shadow=\"\"  data-ultimate-target='#ubtn-6683'  data-responsive-json-new='{\"font-size\":\"desktop:18px;\",\"line-height\":\"\"}'  style=\"font-weight:normal;width:300px;min-height:56px;padding:px px;border:none;background: #000000;color: #ffffff;\"><span class=\"ubtn-data ubtn-icon\"><i class=\"Defaults-download\" style=\"font-size:22px;color:;\"><\/i><\/span><span class=\"ubtn-hover\" style=\"background-color:#aaaaaa\"><\/span><span class=\"ubtn-data ubtn-text \" >Logiciel MacOS<\/span><\/button><\/a><\/div>[vc_empty_space][\/vc_column_inner][vc_column_inner width=\u00a0\u00bb1\/2&Prime;][vc_column_text]<strong>Spyder X Elite  <\/strong>[\/vc_column_text][vc_empty_space height=\u00a0\u00bb20px\u00a0\u00bb]<div class=\" vc_custom_1682435349310 ubtn-ctn-inline \"><a class=\"ubtn-link ult-adjust-bottom-margin ubtn-inline ubtn-custom \" href=\"https:\/\/goto.datacolor.com\/download\/win\/sxe100\" target=\"_blank\" rel=\"noopener\" ><button type=\"button\" id=\"ubtn-3860\"  class=\"ubtn ult-adjust-bottom-margin ult-responsive ubtn-custom ubtn-no-hover-bg  none  ubtn-sep-icon ubtn-sep-icon-bottom-push  ubtn-inline   tooltip-69e9045d398a2\"  data-hover=\"\" data-border-color=\"\" data-bg=\"#000000\" data-hover-bg=\"#aaaaaa\" data-border-hover=\"\" data-shadow-hover=\"\" data-shadow-click=\"none\" data-shadow=\"\" data-shd-shadow=\"\"  data-ultimate-target='#ubtn-3860'  data-responsive-json-new='{\"font-size\":\"desktop:18px;\",\"line-height\":\"\"}'  style=\"font-weight:normal;width:300px;min-height:56px;padding:px px;border:none;background: #000000;color: #ffffff;\"><span class=\"ubtn-data ubtn-icon\"><i class=\"Defaults-download\" style=\"font-size:22px;color:;\"><\/i><\/span><span class=\"ubtn-hover\" style=\"background-color:#aaaaaa\"><\/span><span class=\"ubtn-data ubtn-text \" >Logiciel Windows<\/span><\/button><\/a><\/div><div class=\" ubtn-ctn-inline \"><a class=\"ubtn-link ult-adjust-bottom-margin ubtn-inline ubtn-custom \" href=\"https:\/\/goto.datacolor.com\/download\/mac\/sxe100\" target=\"_blank\" rel=\"noopener\" ><button type=\"button\" id=\"ubtn-2996\"  class=\"ubtn ult-adjust-bottom-margin ult-responsive ubtn-custom ubtn-no-hover-bg  none  ubtn-sep-icon ubtn-sep-icon-bottom-push  ubtn-inline   tooltip-69e9045d398d4\"  data-hover=\"\" data-border-color=\"\" data-bg=\"#000000\" data-hover-bg=\"#aaaaaa\" data-border-hover=\"\" data-shadow-hover=\"\" data-shadow-click=\"none\" data-shadow=\"\" data-shd-shadow=\"\"  data-ultimate-target='#ubtn-2996'  data-responsive-json-new='{\"font-size\":\"desktop:18px;\",\"line-height\":\"\"}'  style=\"font-weight:normal;width:300px;min-height:56px;padding:px px;border:none;background: #000000;color: #ffffff;\"><span class=\"ubtn-data ubtn-icon\"><i class=\"Defaults-download\" style=\"font-size:22px;color:;\"><\/i><\/span><span class=\"ubtn-hover\" style=\"background-color:#aaaaaa\"><\/span><span class=\"ubtn-data ubtn-text \" >Logiciel MacOS<\/span><\/button><\/a><\/div>[vc_empty_space][\/vc_column_inner][\/vc_row_inner][\/vc_column][\/vc_row][vc_row css=\u00a0\u00bb.vc_custom_1682353090965{padding-top: 60px !important;padding-bottom: 60px !important;}\u00a0\u00bb][vc_column width=\u00a0\u00bb1\/2&Prime;][vc_column_text]<\/p>\n<div style=\"min-height: 200px;\">\n<p><strong>3. Branchez le Spyder X et retirez le bouchon d&rsquo;objectif<\/strong><\/p>\n<p>Assurez-vous que votre Spyder X est bien branch\u00e9 sur un port USB aliment\u00e9 de votre ordinateur avant de lancer l&rsquo;application. Suivez les instructions pas-\u00e0-pas \u00e0 l&rsquo;\u00e9cran. Retirez le capuchon de l&rsquo;objectif du colorim\u00e8tre Spyder X.<\/p><\/div>\n<p>[\/vc_column_text][vc_empty_space][vc_single_image image=\u00a0\u00bb23593&Prime; img_size=\u00a0\u00bblarge\u00a0\u00bb alignment=\u00a0\u00bbcenter\u00a0\u00bb][\/vc_column][vc_column width=\u00a0\u00bb1\/2&Prime;][vc_column_text]<\/p>\n<div style=\"min-height: 200px;\">\n<p><strong>4. Suspendez le Spyder X sur le moniteur<\/strong><\/p>\n<p>Lorsque vous y \u00eates invit\u00e9, suspendez l&rsquo;unit\u00e9 Spyder X sur votre \u00e9cran en faisant glisser le bouchon d&rsquo;objectif le long du c\u00e2ble USB en guise de contrepoids afin de le maintenir en place. Si n\u00e9cessaire, inclinez votre \u00e9cran vers l\u2019arri\u00e8re pour maintenir le Spyder X contre votre \u00e9cran.<\/p><\/div>\n<p>[\/vc_column_text][vc_empty_space][vc_single_image image=\u00a0\u00bb23603&Prime; img_size=\u00a0\u00bblarge\u00a0\u00bb alignment=\u00a0\u00bbcenter\u00a0\u00bb][\/vc_column][\/vc_row][vc_row css=\u00a0\u00bb.vc_custom_1682353090965{padding-top: 60px !important;padding-bottom: 60px !important;}\u00a0\u00bb][vc_column width=\u00a0\u00bb1\/2&Prime;][vc_column_text]<\/p>\n<div style=\"min-height: 200px;\">\n<p><strong>5. \u00c9talonnez <\/strong><\/p>\n<p>Le logiciel Spyder X vous guidera tout au long du processus d&rsquo;\u00e9talonnage et cr\u00e9era un profil d\u2019affichage personnalis\u00e9 que votre syst\u00e8me d\u2019exploitation et vos applications utiliseront pour corriger les couleurs affich\u00e9es. Faites glisser votre souris sur n&rsquo;importe quelle fonctionnalit\u00e9, ou s\u00e9lectionnez \u00ab Cliquer pour en savoir plus \u00bb afin d&rsquo;obtenir de l&rsquo;aide concernant les diff\u00e9rentes fonctions du logiciel.<\/p><\/div>\n<p>[\/vc_column_text][vc_empty_space][vc_single_image image=\u00a0\u00bb23613&Prime; img_size=\u00a0\u00bblarge\u00a0\u00bb alignment=\u00a0\u00bbcenter\u00a0\u00bb][\/vc_column][\/vc_row][vc_row bg_type=\u00a0\u00bbbg_color\u00a0\u00bb bg_override=\u00a0\u00bbfull\u00a0\u00bb bg_color_value=\u00a0\u00bb#e7e6e5&Prime; css=\u00a0\u00bb.vc_custom_1682355990413{padding-top: 60px !important;padding-bottom: 60px !important;}\u00a0\u00bb][vc_column][vc_column_text css=\u00a0\u00bb.vc_custom_1682415621413{background-color: #e8e8e8 !important;}\u00a0\u00bb]<\/p>\n<h3>Soutien suppl\u00e9mentaire<\/h3>\n<p>[\/vc_column_text][vc_empty_space height=\u00a0\u00bb20px\u00a0\u00bb][vc_column_text css=\u00a0\u00bb.vc_custom_1682415628941{background-color: #e8e8e8 !important;}\u00a0\u00bb]Pour mieux comprendre l&rsquo;utilisation de chaque fonctionnalit\u00e9 de votre Spyder X ou si une assistance suppl\u00e9mentaire est n\u00e9cessaire, vous pouvez vous reporter au <a href=\"https:\/\/www.datacolor.com\/spyder\/wp-content\/uploads\/2023\/04\/SpyderX-Users-Guide-FINAL-EN.pdf\">Guide de l&rsquo;utilisateur du Spyder X<\/a>.<\/p>\n<p>Pour plus d&rsquo;informations sur les \u00e9tapes n\u00e9cessaires \u00e0 l&rsquo;installation et \u00e0 l&rsquo;activation de votre Spyder X, t\u00e9l\u00e9chargez notre <a href=\"https:\/\/www.datacolor.com\/spyder\/wp-content\/uploads\/2023\/04\/SpyderX-QSG-FINAL-EN.pdf\">Guide de d\u00e9marrage rapide<\/a>.<\/p>\n<p>Pour un aper\u00e7u du processus d&rsquo;\u00e9talonnage, visionnez notre vid\u00e9o de d\u00e9monstration[\/vc_column_text][vc_empty_space][vc_row_inner][vc_column_inner width=\u00a0\u00bb3\/5&Prime; offset=\u00a0\u00bbvc_col-lg-offset-1\/5 vc_col-md-offset-1\/5&Prime;]<div id=\"ultimate-video-387369e9045d39904\" class=\"ult-video  ult-adjust-bottom-margin ultimate-video-387369e9045d39904 ultv-9210 \"><div class=\"ultv-video ultv-aspect-ratio-16_9 ultv-subscribe-responsive-none\" data-videotype=\"uv_iframe\">\n\t\t\t\t\t\t<div class=\"ultv-video__outer-wrap\" data-autoplay=\"0\" data-device=\"false\"  data-iconbg=\"#3A3A3A\" data-overcolor=\"\" data-defaultbg=\"#1f1f1e\" data-defaultplay=\"defaulticon\"><div class=\"ultv-video__play\" data-src=\"https:\/\/www.youtube.com\/embed\/ejEP1HIQIcU?rel=0&#038;start&#038;end&#038;controls=1&#038;mute=0&#038;modestbranding=0&#038;autoplay=1\">\n\t\t\t\t\t\t\t\t<img decoding=\"async\" class=\"ultv-video__thumb\" src=\"https:\/\/i.ytimg.com\/vi\/ejEP1HIQIcU\/maxresdefault.jpg\"\/>\n\t\t\t\t\t\t\t\t<div class=\"ultv-video__play-icon  ultv-animation-none\" style=\"width:75px\"><svg height=\"100%\" version=\"1.1\" viewBox=\"0 0 68 48\" width=\"100%\"><path class=\"ultv-youtube-icon-bg\" d=\"m .66,37.62 c 0,0 .66,4.70 2.70,6.77 2.58,2.71 5.98,2.63 7.49,2.91 5.43,.52 23.10,.68 23.12,.68 .00,-1.3e-5 14.29,-0.02 23.81,-0.71 1.32,-0.15 4.22,-0.17 6.81,-2.89 2.03,-2.07 2.70,-6.77 2.70,-6.77 0,0 .67,-5.52 .67,-11.04 l 0,-5.17 c 0,-5.52 -0.67,-11.04 -0.67,-11.04 0,0 -0.66,-4.70 -2.70,-6.77 C 62.03,.86 59.13,.84 57.80,.69 48.28,0 34.00,0 34.00,0 33.97,0 19.69,0 10.18,.69 8.85,.84 5.95,.86 3.36,3.58 1.32,5.65 .66,10.35 .66,10.35 c 0,0 -0.55,4.50 -0.66,9.45 l 0,8.36 c .10,4.94 .66,9.45 .66,9.45 z\" fill=\"#1f1f1e\" ><\/path><path d=\"m 26.96,13.67 18.37,9.62 -18.37,9.55 -0.00,-19.17 z\" fill=\"#fff\"><\/path><path d=\"M 45.02,23.46 45.32,23.28 26.96,13.67 43.32,22.34 45.02,23.46 z\" fill=\"#ccc\"><\/path><\/svg><\/div> <\/div> <\/div><\/div><\/div>[vc_empty_space][\/vc_column_inner][\/vc_row_inner][vc_column_text css=\u00a0\u00bb.vc_custom_1682415422713{background-color: #e8e8e8 !important;}\u00a0\u00bb]Si vous avez des questions ou des commentaires, vous pouvez <a href=\"https:\/\/spyder-support.datacolor.com\/hc\/en-us\/requests\/new\">nous contacter<\/a>.<\/p>\n<p>Si vous recherchez une aide suppl\u00e9mentaire et des ressources, dont une FAQ, vous pouvez consulter notre <a href=\"https:\/\/spyder-support.datacolor.com\/hc\/en-us\">base de connaissances<\/a>.[\/vc_column_text][\/vc_column][\/vc_row]<\/p>\n<\/div>","protected":false},"excerpt":{"rendered":"<p>[vc_row][vc_column width=\u00a0\u00bb1\/2&Prime;][vc_empty_space][vc_column_text] F\u00e9licitations pour l&rsquo;achat de votre nouveau Spyder X [\/vc_column_text][vc_empty_space][vc_column_text]Cette page vous assistera dans l&rsquo;installation du colorim\u00e8tre et du logiciel Spyder X, et vous proposera des ressources utiles. [\/vc_column_text][vc_empty_space][\/vc_column][vc_column width=\u00a0\u00bb1\/2&Prime;][vc_empty_space][vc_single_image image=\u00a0\u00bb23546&Prime; img_size=\u00a0\u00bblarge\u00a0\u00bb alignment=\u00a0\u00bbcenter\u00a0\u00bb][\/vc_column][\/vc_row][vc_row css=\u00a0\u00bb.vc_custom_1682353090965{padding-top: 60px !important;padding-bottom: 60px !important;}\u00a0\u00bb][vc_column][vc_column_text] D\u00e9marrage rapide du Spyder X [\/vc_column_text][vc_empty_space][vc_row_inner][vc_column_inner width=\u00a0\u00bb1\/2&Prime;][vc_column_text] 1. Allumez le moniteur Votre moniteur doit \u00eatre allum\u00e9 &hellip;<\/p>\n","protected":false},"author":3,"featured_media":0,"parent":0,"menu_order":0,"comment_status":"closed","ping_status":"closed","template":"","meta":{"_acf_changed":false,"footnotes":""},"class_list":["post-23671","page","type-page","status-publish","hentry"],"acf":[],"_links":{"self":[{"href":"https:\/\/www.datacolor.com\/spyder\/fr\/wp-json\/wp\/v2\/pages\/23671","targetHints":{"allow":["GET"]}}],"collection":[{"href":"https:\/\/www.datacolor.com\/spyder\/fr\/wp-json\/wp\/v2\/pages"}],"about":[{"href":"https:\/\/www.datacolor.com\/spyder\/fr\/wp-json\/wp\/v2\/types\/page"}],"author":[{"embeddable":true,"href":"https:\/\/www.datacolor.com\/spyder\/fr\/wp-json\/wp\/v2\/users\/3"}],"replies":[{"embeddable":true,"href":"https:\/\/www.datacolor.com\/spyder\/fr\/wp-json\/wp\/v2\/comments?post=23671"}],"version-history":[{"count":0,"href":"https:\/\/www.datacolor.com\/spyder\/fr\/wp-json\/wp\/v2\/pages\/23671\/revisions"}],"wp:attachment":[{"href":"https:\/\/www.datacolor.com\/spyder\/fr\/wp-json\/wp\/v2\/media?parent=23671"}],"curies":[{"name":"wp","href":"https:\/\/api.w.org\/{rel}","templated":true}]}}