{"id":25575,"date":"2023-05-03T08:45:42","date_gmt":"2023-05-03T08:45:42","guid":{"rendered":"https:\/\/new.spyder.datacolor.eu\/spyder\/produits\/trepied-spyder\/"},"modified":"2023-05-11T10:04:39","modified_gmt":"2023-05-11T10:04:39","slug":"trepied-spyder","status":"publish","type":"page","link":"https:\/\/www.datacolor.com\/spyder\/fr\/produits\/trepied-spyder\/","title":{"rendered":"Spyder Tripod"},"content":{"rendered":"<div class=\"wpb-content-wrapper\"><p>[vc_row css=\u00a0\u00bb.vc_custom_1650570904320{margin-bottom: 20px !important;}\u00a0\u00bb][vc_column]<div class=\"nm-banner-slider plugin-slick pagination-color-gray slick-slider slick-dots-disabled\" data-adaptive-height=\"true\">\r\n\t\t\t<div class=\"nm-banner content-full image-type-fluid text-color-dark subtitle-below alt-mobile-layout\" style=\"background-color: #f3f3f3;\"><img fetchpriority=\"high\" decoding=\"async\" src=\"https:\/\/www.datacolor.com\/spyder\/wp-content\/uploads\/2022\/12\/Spyder_Tripod_Pro_04_1120x572_schatten.png\" width=\"1120\" height=\"572\" alt=\"Spyder_Tripod_Pro_04_1120x572_schatten\" \/>\r\n\t\t\t\t<div class=\"nm-banner-content\">\r\n\t\t\t\t\t<div class=\"nm-banner-content-inner h_left v_top align_left\">\r\n\t\t\t\t\t\t<div class=\"nm-banner-text large\" style=\"max-width:45%;\">\r\n\t\t\t\t\t\t\t<div class=\"nm-banner-text-inner\"><h1 class=\"nm-banner-title\">Spyder Tripod & Spyder Tripod Pro<\/h1><\/div>\r\n\t\t\t\t\t\t<\/div>\r\n\t\t\t\t\t<\/div>\r\n\t\t\t\t<\/div>\r\n\t\t\t<\/div><\/div>[\/vc_column][\/vc_row][vc_row type=\u00a0\u00bbboxed\u00a0\u00bb el_id=\u00a0\u00bbbo\u00eetes vid\u00e9o\u00a0\u00bb][vc_column][vc_empty_space][vc_column_text]<\/p>\n<h2 style=\"text-align: center;\">Tr\u00e9pied Spyder<\/h2>\n<p>[\/vc_column_text][vc_empty_space][vc_row_inner el_class=\u00a0\u00bbvideoboxes\u00a0\u00bb][vc_column_inner width=\u00a0\u00bb1\/3&Prime;][vc_single_image image=\u00a0\u00bb13129&Prime; img_size=\u00a0\u00bbfull\u00a0\u00bb onclick=\u00a0\u00bbcustom_link\u00a0\u00bb img_link_target=\u00a0\u00bb_blank\u00a0\u00bb link=\u00a0\u00bbhttps:\/\/www.youtube.com\/watch?v=FpZ4yxjNN00&Prime;][vc_column_text css=\u00a0\u00bb.vc_custom_1671534408733{margin-top: 32px !important;margin-bottom: 32px !important;}\u00a0\u00bb el_class=\u00a0\u00bbvideoblock\u00a0\u00bb]<\/p>\n<h3>D\u00e9tails du tr\u00e9pied Spyder<\/h3>\n<p>Avec une hauteur de 18,5 cm et un poids de 45 g, le tr\u00e9pied Spyder est suffisamment portable pour vous accompagner dans toutes vos excursions photographiques. La capacit\u00e9 de charge maximale est de 275 g.[\/vc_column_text][vc_empty_space][\/vc_column_inner][vc_column_inner width=\u00a0\u00bb1\/3&Prime;][vc_single_image image=\u00a0\u00bb13137&Prime; img_size=\u00a0\u00bbfull\u00a0\u00bb onclick=\u00a0\u00bbcustom_link\u00a0\u00bb img_link_target=\u00a0\u00bb_blank\u00a0\u00bb link=\u00a0\u00bbhttps:\/\/www.youtube.com\/watch?v=VAJ21abXVC4&Prime;][vc_column_text css=\u00a0\u00bb.vc_custom_1681899600901{margin-top: 32px !important;margin-bottom: 32px !important;}\u00a0\u00bb el_class=\u00a0\u00bbvideoblock\u00a0\u00bb]<\/p>\n<h3>A utiliser avec les produits Spyder<\/h3>\n<p>Peut \u00eatre utilis\u00e9 avec les calibrateurs de moniteurs Spyder X pour une mesure et un contr\u00f4le optimaux de la lumi\u00e8re ambiante lorsqu&rsquo;il est install\u00e9 \u00e0 c\u00f4t\u00e9 d&rsquo;un moniteur. A utiliser avec le Spyder Cube, le Spyder LensCal et le Spyder Checkr comme stabilisateur et support lors de la mise en place de l&rsquo;appareil dans le cadre.[\/vc_column_text][vc_empty_space][\/vc_column_inner][vc_column_inner width=\u00a0\u00bb1\/3&Prime;][vc_single_image image=\u00a0\u00bb13145&Prime; img_size=\u00a0\u00bbfull\u00a0\u00bb onclick=\u00a0\u00bbcustom_link\u00a0\u00bb img_link_target=\u00a0\u00bb_blank\u00a0\u00bb link=\u00a0\u00bbhttps:\/\/www.youtube.com\/watch?v=g9hvt_cKs8w\u00a0\u00bb][vc_column_text css=\u00a0\u00bb.vc_custom_1671534444899{margin-top: 32px !important;margin-bottom: 32px !important;}\u00a0\u00bb el_class=\u00a0\u00bbvideoblock\u00a0\u00bb]<\/p>\n<h3>Stabilisation de la cam\u00e9ra<\/h3>\n<p>Stabilisez votre appareil photo pour obtenir des images claires et nettes en cas de faible luminosit\u00e9 et d&rsquo;exposition prolong\u00e9e. Id\u00e9al pour la photographie de paysage et d&rsquo;architecture, la photographie de nuit, la vid\u00e9o et le vlogging.[\/vc_column_text][vc_empty_space][\/vc_column_inner][\/vc_row_inner][vc_row_inner][vc_column_inner][vc_raw_html]PGRpdiBpZD0icHJvZHVjdC1wcmljZS1pbmxpbmUiIGNsYXNzPSJwcm9kdWN0LXByaWNlIHByb2R1Y3QtcHJpY2UtaW5saW5lIj4KW2RjaS1nZXRwcmljZSBza3U9InN0cDEwMCIgL10KW2RjaS1idXlidXR0b24gc2t1PSJzdHAxMDAiIGJ1dHRvbnRleHQ9IkJ1eSBTcHlkZXIgVHJpcG9kIiAvXQo8ZGl2Pg==[\/vc_raw_html][\/vc_column_inner][\/vc_row_inner][\/vc_column][\/vc_row][vc_row type=\u00a0\u00bbboxed\u00a0\u00bb][vc_column][vc_empty_space][vc_column_text]<\/p>\n<h2 style=\"text-align: center;\">Spyder Tr\u00e9pied Pro<\/h2>\n<p>[\/vc_column_text][vc_empty_space][vc_row_inner el_class=\u00a0\u00bbvideoboxes\u00a0\u00bb][vc_column_inner width=\u00a0\u00bb1\/3&Prime;][vc_single_image image=\u00a0\u00bb13157&Prime; img_size=\u00a0\u00bbfull\u00a0\u00bb onclick=\u00a0\u00bbcustom_link\u00a0\u00bb img_link_target=\u00a0\u00bb_blank\u00a0\u00bb link=\u00a0\u00bbhttps:\/\/www.youtube.com\/watch?v=FpZ4yxjNN00&Prime;][vc_column_text css=\u00a0\u00bb.vc_custom_1671534992442{margin-top: 32px !important;margin-bottom: 32px !important;}\u00a0\u00bb el_class=\u00a0\u00bbvideoblock\u00a0\u00bb]<\/p>\n<h3>Spyder Tripod Pro D\u00e9tails<\/h3>\n<p>Avec une hauteur de 28 cm et un poids de 156 g, le tr\u00e9pied Spyder Pro offre une grande polyvalence et est livr\u00e9 avec une fixation GoPro, un support pour smartphone et une t\u00e9l\u00e9commande universelle Bluetooth pour une capture d&rsquo;images et un travail vid\u00e9o en mains libres. La capacit\u00e9 de charge maximale est de 800 g.[\/vc_column_text][vc_empty_space][\/vc_column_inner][vc_column_inner width=\u00a0\u00bb1\/3&Prime;][vc_single_image image=\u00a0\u00bb13165&Prime; img_size=\u00a0\u00bbfull\u00a0\u00bb onclick=\u00a0\u00bbcustom_link\u00a0\u00bb img_link_target=\u00a0\u00bb_blank\u00a0\u00bb link=\u00a0\u00bbhttps:\/\/www.youtube.com\/watch?v=VAJ21abXVC4&Prime;][vc_column_text css=\u00a0\u00bb.vc_custom_1681899607371{margin-top: 32px !important;margin-bottom: 32px !important;}\u00a0\u00bb el_class=\u00a0\u00bbvideoblock\u00a0\u00bb]<\/p>\n<h3>A utiliser avec les produits Spyder<\/h3>\n<p>Peut \u00eatre utilis\u00e9 avec les calibrateurs de moniteurs Spyder X pour une mesure et un contr\u00f4le optimaux de la lumi\u00e8re ambiante lorsqu&rsquo;il est install\u00e9 \u00e0 c\u00f4t\u00e9 d&rsquo;un moniteur. A utiliser avec le Spyder Cube et le Spyder LensCal comme stabilisateur et support lors de la mise en place de l&rsquo;appareil dans le cadre de l&rsquo;utilisation.[\/vc_column_text][vc_empty_space][\/vc_column_inner][vc_column_inner width=\u00a0\u00bb1\/3&Prime;][vc_single_image image=\u00a0\u00bb13173&Prime; img_size=\u00a0\u00bbfull\u00a0\u00bb onclick=\u00a0\u00bbcustom_link\u00a0\u00bb img_link_target=\u00a0\u00bb_blank\u00a0\u00bb link=\u00a0\u00bbhttps:\/\/www.youtube.com\/watch?v=g9hvt_cKs8w\u00a0\u00bb][vc_column_text css=\u00a0\u00bb.vc_custom_1671535036816{margin-top: 32px !important;margin-bottom: 32px !important;}\u00a0\u00bb el_class=\u00a0\u00bbvideoblock\u00a0\u00bb]<\/p>\n<h3>Vlogging et Auto-Bracketing<\/h3>\n<p>La conception flexible vous permet de fixer votre appareil photo ou votre t\u00e9l\u00e9phone dans le meilleur angle possible sans avoir \u00e0 trouver une surface plane, \u00e0 monter sur une \u00e9chelle ou \u00e0 vous allonger sur le sol. Id\u00e9al pour le vlogging et les autoportraits, ainsi que pour le bracketing automatique pour les images HDR, les photos de nuit, les photos \u00e0 faible luminosit\u00e9, les paysages et les photos panoramiques.[\/vc_column_text][vc_empty_space][\/vc_column_inner][\/vc_row_inner][vc_row_inner][vc_column_inner][vc_raw_html]PGRpdiBpZD0icHJvZHVjdC1wcmljZS1pbmxpbmUiIGNsYXNzPSJwcm9kdWN0LXByaWNlIHByb2R1Y3QtcHJpY2UtaW5saW5lIj4KW2RjaS1nZXRwcmljZSBza3U9InN0cHAxMDAiIC9dCltkY2ktYnV5YnV0dG9uIHNrdT0ic3RwcDEwMCIgYnV0dG9udGV4dD0iQnV5IFNweWRlciBUcmlwb2QgUHJvIiAvXQo8ZGl2Pg==[\/vc_raw_html][\/vc_column_inner][\/vc_row_inner][\/vc_column][\/vc_row][vc_row][vc_column][vc_raw_html]W2RjaS1zcHlkZXJhd2FyZHMgY2F0ZWdvcnk9ImltYWdlLWNhcHR1cmluZyIgL10=[\/vc_raw_html][\/vc_column][\/vc_row]<\/p>\n<\/div>","protected":false},"excerpt":{"rendered":"<p>[vc_row css=\u00a0\u00bb.vc_custom_1650570904320{margin-bottom: 20px !important;}\u00a0\u00bb][vc_column][\/vc_column][\/vc_row][vc_row type=\u00a0\u00bbboxed\u00a0\u00bb el_id=\u00a0\u00bbbo\u00eetes vid\u00e9o\u00a0\u00bb][vc_column][vc_empty_space][vc_column_text] Tr\u00e9pied Spyder [\/vc_column_text][vc_empty_space][vc_row_inner el_class=\u00a0\u00bbvideoboxes\u00a0\u00bb][vc_column_inner width=\u00a0\u00bb1\/3&Prime;][vc_single_image image=\u00a0\u00bb13129&Prime; img_size=\u00a0\u00bbfull\u00a0\u00bb onclick=\u00a0\u00bbcustom_link\u00a0\u00bb img_link_target=\u00a0\u00bb_blank\u00a0\u00bb link=\u00a0\u00bbhttps:\/\/www.youtube.com\/watch?v=FpZ4yxjNN00&Prime;][vc_column_text css=\u00a0\u00bb.vc_custom_1671534408733{margin-top: 32px !important;margin-bottom: 32px !important;}\u00a0\u00bb el_class=\u00a0\u00bbvideoblock\u00a0\u00bb] D\u00e9tails du tr\u00e9pied Spyder Avec une hauteur de 18,5 cm et un poids de 45 g, le tr\u00e9pied Spyder est suffisamment portable pour vous accompagner dans toutes vos excursions photographiques. La capacit\u00e9 &hellip;<\/p>\n","protected":false},"author":2,"featured_media":0,"parent":24735,"menu_order":0,"comment_status":"closed","ping_status":"closed","template":"","meta":{"_acf_changed":false,"footnotes":""},"class_list":["post-25575","page","type-page","status-publish","hentry"],"acf":[],"_links":{"self":[{"href":"https:\/\/www.datacolor.com\/spyder\/fr\/wp-json\/wp\/v2\/pages\/25575","targetHints":{"allow":["GET"]}}],"collection":[{"href":"https:\/\/www.datacolor.com\/spyder\/fr\/wp-json\/wp\/v2\/pages"}],"about":[{"href":"https:\/\/www.datacolor.com\/spyder\/fr\/wp-json\/wp\/v2\/types\/page"}],"author":[{"embeddable":true,"href":"https:\/\/www.datacolor.com\/spyder\/fr\/wp-json\/wp\/v2\/users\/2"}],"replies":[{"embeddable":true,"href":"https:\/\/www.datacolor.com\/spyder\/fr\/wp-json\/wp\/v2\/comments?post=25575"}],"version-history":[{"count":0,"href":"https:\/\/www.datacolor.com\/spyder\/fr\/wp-json\/wp\/v2\/pages\/25575\/revisions"}],"up":[{"embeddable":true,"href":"https:\/\/www.datacolor.com\/spyder\/fr\/wp-json\/wp\/v2\/pages\/24735"}],"wp:attachment":[{"href":"https:\/\/www.datacolor.com\/spyder\/fr\/wp-json\/wp\/v2\/media?parent=25575"}],"curies":[{"name":"wp","href":"https:\/\/api.w.org\/{rel}","templated":true}]}}