{"id":26173,"date":"2023-05-04T13:38:58","date_gmt":"2023-05-04T13:38:58","guid":{"rendered":"https:\/\/new.spyder.datacolor.eu\/spyder\/bienvenue-a-spyder-x2\/"},"modified":"2023-05-11T08:14:32","modified_gmt":"2023-05-11T08:14:32","slug":"welcome-to-spyder-x2","status":"publish","type":"page","link":"https:\/\/www.datacolor.com\/spyder\/fr\/welcome-to-spyder-x2\/","title":{"rendered":"Welcome to Spyder X2"},"content":{"rendered":"<div class=\"wpb-content-wrapper\"><p>[vc_row css=\u00a0\u00bb.vc_custom_1682339726830{padding-top: 60px !important;padding-bottom: 60px !important;}\u00a0\u00bb][vc_column width=\u00a0\u00bb2\/5&Prime;][vc_column_text]<\/p>\n<h1 class=\"mainheader\">F\u00e9licitations pour votre nouveau Spyder X2 !<\/h1>\n<p>[\/vc_column_text][vc_empty_space][vc_column_text]Vous pouvez t\u00e9l\u00e9charger le logiciel de votre Spyder X2 \u00e0 partir de cette page, consulter le guide de d\u00e9marrage rapide de votre produit et trouver des liens utiles vers les guides de l&rsquo;utilisateur et une assistance suppl\u00e9mentaire. [\/vc_column_text][vc_empty_space][\/vc_column][vc_column width=\u00a0\u00bb3\/5&Prime;][vc_empty_space][vc_single_image image=\u00a0\u00bb26204&Prime; img_size=\u00a0\u00bb750&#215;500&Prime;][\/vc_column][\/vc_row][vc_row bg_type=\u00a0\u00bbbg_color\u00a0\u00bb bg_override=\u00a0\u00bbfull\u00a0\u00bb bg_color_value=\u00a0\u00bb#e7e6e5&Prime; css=\u00a0\u00bb.vc_custom_1682339704660{padding-top: 30px !important;padding-bottom: 60px !important;}\u00a0\u00bb][vc_column width=\u00a0\u00bb1\/2&Prime;][vc_column_text]<\/p>\n<h3 style=\"margin-bottom: 20px;\">Pr\u00e9parer le terrain pour la r\u00e9ussite<\/h3>\n<p>Voici quelques conseils utiles avant de commencer \u00e0 calibrer votre moniteur :<\/p>\n<ul>\n<li>Faites chauffer votre moniteur pendant au moins 30 minutes avant de commencer le processus d&rsquo;\u00e9talonnage.<\/li>\n<li>Assurez-vous qu&rsquo;aucune lumi\u00e8re directe ne tombe sur votre \u00e9cran. Il est pr\u00e9f\u00e9rable de travailler dans un environnement faiblement \u00e9clair\u00e9 pour les travaux critiques en termes de couleurs et les lampes de bureau doivent \u00eatre \u00e9teintes.<\/li>\n<li>R\u00e9initialiser les commandes du moniteur aux param\u00e8tres d&rsquo;usine par d\u00e9faut.<\/li>\n<li>D\u00e9sactivez tous les param\u00e8tres du mode Luminosit\u00e9 automatique ou HDR\/Haute luminosit\u00e9 avant de commencer l&rsquo;\u00e9talonnage.<\/li>\n<\/ul>\n<p>[\/vc_column_text][vc_empty_space][\/vc_column][vc_column width=\u00a0\u00bb1\/2&Prime;][vc_column_text]<\/p>\n<h3 style=\"margin-bottom: 20px;\">Guide de d\u00e9marrage rapide<\/h3>\n<ol>\n<li>T\u00e9l\u00e9charger et installer le logiciel<\/li>\n<li>Branchez votre appareil pour lancer le logiciel<\/li>\n<li>Commencer le processus d&rsquo;activation\/enregistrement (voir le num\u00e9ro de s\u00e9rie du logiciel \u00e0 l&rsquo;int\u00e9rieur de la bo\u00eete de l&rsquo;appareil).<\/li>\n<li>\u00c9talonnage (voir les instructions \u00e9tape par \u00e9tape ci-dessous)<\/li>\n<\/ol>\n<p>[\/vc_column_text][vc_empty_space][\/vc_column][\/vc_row][vc_row css=\u00a0\u00bb.vc_custom_1682343562567{padding-top: 60px !important;padding-bottom: 60px !important;}\u00a0\u00bb][vc_column width=\u00a0\u00bb2\/3&Prime;][vc_column_text]<\/p>\n<h2>T\u00e9l\u00e9chargement du logiciel Spyder X2<\/h2>\n<p>Consultez la <a href=\"https:\/\/spyderx.datacolor.com\/datacolor-spyder-software-license\/\" target=\"_blank\" rel=\"noopener\">licence du logicielDatacolor<\/a>.<\/p>\n<p><em>Tous les produits Spyder comprennent une \u00ab\u00a0licence de site\u00a0\u00bb, pour un seul propri\u00e9taire. Cette licence permet au propri\u00e9taire d&rsquo;installer et d&rsquo;utiliser le logiciel sur tous les ordinateurs (Mac ou Windows), pour autant qu&rsquo;ils appartiennent au d\u00e9tenteur de la licence. Si le propri\u00e9taire poss\u00e8de plusieurs ordinateurs, il peut utiliser le produit Spyder sur chacun d&rsquo;entre eux. L&rsquo;activation sur un ordinateur que l&rsquo;acheteur ne poss\u00e8de pas ou l&rsquo;exploitation en tant que service \u00e0 d&rsquo;autres personnes est interdite.<\/em>[\/vc_column_text][\/vc_column][vc_column width=\u00a0\u00bb1\/3&Prime;][vc_empty_space]<div class=\" ubtn-ctn-center \"><a class=\"ubtn-link ult-adjust-bottom-margin ubtn-center ubtn-custom \" href=\"https:\/\/goto.datacolor.com\/downloads\/win\/sxu200\" ><button type=\"button\" id=\"ubtn-3065\"  class=\"ubtn ult-adjust-bottom-margin ult-responsive ubtn-custom ubtn-fade-bg  none  ubtn-sep-icon ubtn-sep-icon-bottom-push  ubtn-center   tooltip-69f443f314b28\"  data-hover=\"\" data-border-color=\"\" data-bg=\"#000000\" data-hover-bg=\"#aaaaaa\" data-border-hover=\"\" data-shadow-hover=\"\" data-shadow-click=\"none\" data-shadow=\"\" data-shd-shadow=\"\"  data-ultimate-target='#ubtn-3065'  data-responsive-json-new='{\"font-size\":\"desktop:18px;\",\"line-height\":\"\"}'  style=\"font-weight:normal;width:210px;min-height:56px;padding:px px;border:none;background: #000000;color: #ffffff;\"><span class=\"ubtn-data ubtn-icon\"><i class=\"Defaults-download\" style=\"font-size:22px;color:#ffffff;\"><\/i><\/span><span class=\"ubtn-hover\" style=\"background-color:#aaaaaa\"><\/span><span class=\"ubtn-data ubtn-text \" >Logiciel Windows<\/span><\/button><\/a><\/div>[vc_empty_space height=\u00a0\u00bb20px\u00a0\u00bb]<div class=\" ubtn-ctn-center \"><a class=\"ubtn-link ult-adjust-bottom-margin ubtn-center ubtn-custom \" href=\"https:\/\/goto.datacolor.com\/downloads\/mac\/sxu200\" ><button type=\"button\" id=\"ubtn-2357\"  class=\"ubtn ult-adjust-bottom-margin ult-responsive ubtn-custom ubtn-fade-bg  none  ubtn-sep-icon ubtn-sep-icon-bottom-push  ubtn-center   tooltip-69f443f314bc9\"  data-hover=\"\" data-border-color=\"\" data-bg=\"#000000\" data-hover-bg=\"#aaaaaa\" data-border-hover=\"\" data-shadow-hover=\"\" data-shadow-click=\"none\" data-shadow=\"\" data-shd-shadow=\"\"  data-ultimate-target='#ubtn-2357'  data-responsive-json-new='{\"font-size\":\"desktop:18px;\",\"line-height\":\"\"}'  style=\"font-weight:normal;width:210px;min-height:56px;padding:px px;border:none;background: #000000;color: #ffffff;\"><span class=\"ubtn-data ubtn-icon\"><i class=\"Defaults-download\" style=\"font-size:22px;color:#ffffff;\"><\/i><\/span><span class=\"ubtn-hover\" style=\"background-color:#aaaaaa\"><\/span><span class=\"ubtn-data ubtn-text \" >Logiciel MacOS<\/span><\/button><\/a><\/div>[vc_empty_space][\/vc_column][\/vc_row][vc_row bg_type=\u00a0\u00bbbg_color\u00a0\u00bb bg_override=\u00a0\u00bbfull\u00a0\u00bb css=\u00a0\u00bb.vc_custom_1682343953296{padding-top: 60px !important;padding-bottom: 60px !important;}\u00a0\u00bb bg_color_value=\u00a0\u00bb#e7e6e5&Prime;][vc_column][vc_column_text]<\/p>\n<h2>Soutien suppl\u00e9mentaire<\/h2>\n<p>[\/vc_column_text][vc_empty_space][vc_row_inner][vc_column_inner width=\u00a0\u00bb1\/2&Prime;][vc_single_image image=\u00a0\u00bb27061&Prime; img_size=\u00a0\u00bb600&#215;450&Prime; onclick=\u00a0\u00bbcustom_link\u00a0\u00bb img_link_target=\u00a0\u00bb_blank\u00a0\u00bb link=\u00a0\u00bbhttps:\/\/youtu.be\/Gfhmg7IFZIs\u00a0\u00bb][vc_column_text]<\/p>\n<p style=\"text-align: center;\"><em>Vid\u00e9o de d\u00e9monstration du processus d&rsquo;installation<\/em><\/p>\n<p>[\/vc_column_text][vc_empty_space][\/vc_column_inner][vc_column_inner width=\u00a0\u00bb1\/2&Prime;][vc_single_image image=\u00a0\u00bb27071&Prime; img_size=\u00a0\u00bb600&#215;450&Prime; onclick=\u00a0\u00bbcustom_link\u00a0\u00bb img_link_target=\u00a0\u00bb_blank\u00a0\u00bb link=\u00a0\u00bbhttps:\/\/youtu.be\/vutNFl8wDeA\u00a0\u00bb][vc_column_text]<\/p>\n<p style=\"text-align: center;\"><em>Vid\u00e9o de d\u00e9monstration du processus d&rsquo;\u00e9talonnage<\/em><\/p>\n<p>[\/vc_column_text][vc_empty_space][\/vc_column_inner][\/vc_row_inner][vc_column_text]<a href=\"\/spyder\/wp-content\/uploads\/2023\/05\/Spyder-X2-Quick-Start-Guide-FINAL.pdf\">T\u00e9l\u00e9charger le guide de d\u00e9marrage rapide<\/a><\/p>\n<p><a href=\"\/spyder\/wp-content\/uploads\/2023\/05\/Spyder-X2-User-Guide_Final-EN.pdf\">T\u00e9l\u00e9charger le guide de l&rsquo;utilisateur du Spyder X2<\/a><\/p>\n<p>Si vous avez des questions ou des commentaires, veuillez<a href=\"https:\/\/spyder-support.datacolor.com\/hc\/en-us\/requests\/new\" target=\"_blank\" rel=\"noopener\">nous contacter<\/a>.<\/p>\n<p>Pour des FAQ et des ressources suppl\u00e9mentaires sur le soutien, <a href=\"https:\/\/spyder-support.datacolor.com\/hc\/en-us\" target=\"_blank\" rel=\"noopener\">cliquez ici<\/a>.[\/vc_column_text][\/vc_column][\/vc_row][vc_row css=\u00a0\u00bb.vc_custom_1682345998990{padding-top: 60px !important;padding-bottom: 60px !important;}\u00a0\u00bb][vc_column][vc_column_text]<\/p>\n<h2>Comment \u00e9talonner votre moniteur<\/h2>\n<p>[\/vc_column_text][vc_empty_space][vc_row_inner][vc_column_inner width=\u00a0\u00bb1\/4&Prime;][vc_single_image image=\u00a0\u00bb26441&Prime; img_size=\u00a0\u00bb500&#215;500&Prime; alignment=\u00a0\u00bbcenter\u00a0\u00bb][vc_empty_space][vc_column_text]<strong>1. Brancher le dispositif Spyder X2<\/strong><br \/>\nVotre Spyder X2 comprend un port USB-C natif et est livr\u00e9 avec un adaptateur USB-A suppl\u00e9mentaire pour plus de commodit\u00e9. Suivez les instructions pas \u00e0 pas qui s&rsquo;affichent \u00e0 l&rsquo;\u00e9cran.[\/vc_column_text][\/vc_column_inner][vc_column_inner width=\u00a0\u00bb1\/4&Prime;][vc_single_image image=\u00a0\u00bb26451&Prime; img_size=\u00a0\u00bb500&#215;500&Prime; alignment=\u00a0\u00bbcenter\u00a0\u00bb][vc_empty_space][vc_column_text]<strong>2. Ouvrir le logiciel Spyder X2<\/strong><br \/>\nLe logiciel Spyder X2 vous guidera \u00e0 travers le processus d&rsquo;\u00e9talonnage et de configuration de l&rsquo;affichage en seulement deux \u00e9crans. S\u00e9lectionnez la technologie de r\u00e9tro\u00e9clairage appropri\u00e9e et les commandes disponibles pour votre \u00e9cran afin de garantir l&rsquo;\u00e9talonnage le plus pr\u00e9cis. Configurez ensuite le type de calibrage (courbe gamma, point blanc et niveau luma) pour calibrer votre \u00e9cran en fonction des besoins de votre flux de travail.[\/vc_column_text][\/vc_column_inner][vc_column_inner width=\u00a0\u00bb1\/4&Prime;][vc_single_image image=\u00a0\u00bb26461&Prime; img_size=\u00a0\u00bb500&#215;500&Prime; alignment=\u00a0\u00bbcenter\u00a0\u00bb][vc_empty_space][vc_column_text]<strong>3. Placement de votre Spyder X2<\/strong><br \/>\nRetirez le cache-objectif de votre Spyder X2 et suspendez l&rsquo;appareil au-dessus de votre \u00e9cran, lorsque vous y \u00eates invit\u00e9. Le capuchon d&rsquo;objectif se glisse le long du c\u00e2ble USB et sert de contrepoids pour maintenir le capteur Spyder X2 en place sur l&rsquo;\u00e9cran. L&rsquo;appareil doit reposer sur le moniteur sous l&rsquo;effet de son propre poids, ne le tenez pas contre l&rsquo;\u00e9cran. Inclinez l\u00e9g\u00e8rement l&rsquo;\u00e9cran vers l&rsquo;arri\u00e8re, si n\u00e9cessaire, pour que l&rsquo;appareil reste \u00e0 plat contre l&rsquo;\u00e9cran.[\/vc_column_text][\/vc_column_inner][vc_column_inner width=\u00a0\u00bb1\/4&Prime;][vc_single_image image=\u00a0\u00bb26471&Prime; img_size=\u00a0\u00bb500&#215;500&Prime; alignment=\u00a0\u00bbcenter\u00a0\u00bb][vc_empty_space][vc_column_text]<strong>4. Calibrer<\/strong><br \/>\nLe logiciel Spyder X2 cr\u00e9era alors un profil d&rsquo;affichage personnalis\u00e9 que le syst\u00e8me d&rsquo;exploitation de votre ordinateur et les applications de gestion des couleurs utiliseront pour corriger les couleurs affich\u00e9es. Vous pouvez toujours revenir aux param\u00e8tres par d\u00e9faut de votre moniteur en supprimant simplement le profil calibr\u00e9.[\/vc_column_text][\/vc_column_inner][\/vc_row_inner][vc_empty_space][vc_column_text]Vous avez des questions en cours de route ? Il suffit de cliquer sur l&rsquo;ic\u00f4ne (?) pour obtenir de l&rsquo;aide sur n&rsquo;importe quelle fonction du logiciel.[\/vc_column_text][\/vc_column][\/vc_row]<\/p>\n<\/div>","protected":false},"excerpt":{"rendered":"<p>[vc_row css=\u00a0\u00bb.vc_custom_1682339726830{padding-top: 60px !important;padding-bottom: 60px !important;}\u00a0\u00bb][vc_column width=\u00a0\u00bb2\/5&Prime;][vc_column_text] F\u00e9licitations pour votre nouveau Spyder X2 ! [\/vc_column_text][vc_empty_space][vc_column_text]Vous pouvez t\u00e9l\u00e9charger le logiciel de votre Spyder X2 \u00e0 partir de cette page, consulter le guide de d\u00e9marrage rapide de votre produit et trouver des liens utiles vers les guides de l&rsquo;utilisateur et une assistance suppl\u00e9mentaire. [\/vc_column_text][vc_empty_space][\/vc_column][vc_column width=\u00a0\u00bb3\/5&Prime;][vc_empty_space][vc_single_image image=\u00a0\u00bb26204&Prime; img_size=\u00a0\u00bb750&#215;500&Prime;][\/vc_column][\/vc_row][vc_row &hellip;<\/p>\n","protected":false},"author":3,"featured_media":0,"parent":0,"menu_order":0,"comment_status":"closed","ping_status":"closed","template":"","meta":{"_acf_changed":false,"footnotes":""},"class_list":["post-26173","page","type-page","status-publish","hentry"],"acf":[],"_links":{"self":[{"href":"https:\/\/www.datacolor.com\/spyder\/fr\/wp-json\/wp\/v2\/pages\/26173","targetHints":{"allow":["GET"]}}],"collection":[{"href":"https:\/\/www.datacolor.com\/spyder\/fr\/wp-json\/wp\/v2\/pages"}],"about":[{"href":"https:\/\/www.datacolor.com\/spyder\/fr\/wp-json\/wp\/v2\/types\/page"}],"author":[{"embeddable":true,"href":"https:\/\/www.datacolor.com\/spyder\/fr\/wp-json\/wp\/v2\/users\/3"}],"replies":[{"embeddable":true,"href":"https:\/\/www.datacolor.com\/spyder\/fr\/wp-json\/wp\/v2\/comments?post=26173"}],"version-history":[{"count":0,"href":"https:\/\/www.datacolor.com\/spyder\/fr\/wp-json\/wp\/v2\/pages\/26173\/revisions"}],"wp:attachment":[{"href":"https:\/\/www.datacolor.com\/spyder\/fr\/wp-json\/wp\/v2\/media?parent=26173"}],"curies":[{"name":"wp","href":"https:\/\/api.w.org\/{rel}","templated":true}]}}