{"id":28862,"date":"2023-05-24T15:46:15","date_gmt":"2023-05-24T15:46:15","guid":{"rendered":"https:\/\/new.spyder.datacolor.eu\/spyder\/welcome-to-spyder-lenscal\/"},"modified":"2023-05-24T16:06:23","modified_gmt":"2023-05-24T16:06:23","slug":"welcome-to-spyder-lenscal","status":"publish","type":"page","link":"https:\/\/www.datacolor.com\/spyder\/fr\/welcome-to-spyder-lenscal\/","title":{"rendered":"Welcome to Spyder LensCal"},"content":{"rendered":"<div class=\"wpb-content-wrapper\"><p>[vc_row css=\u00a0\u00bb.vc_custom_1684849056130{padding-bottom: 60px !important;}\u00a0\u00bb][vc_column width=\u00a0\u00bb1\/2&Prime;][vc_column_text]<\/p>\n<h1 class=\"mainheader\">F\u00e9licitations pour votre nouveau Spyder LensCal !<\/h1>\n<p>[\/vc_column_text][vc_empty_space][vc_column_text]F\u00e9licitations pour l&rsquo;achat de votre nouveau Datacolor Spyder LensCal ! Cette page vous aidera \u00e0 bien d\u00e9buter avec votre nouvel outil d&rsquo;\u00e9talonnage pour appareil photo. Vous pouvez en outre utiliser les ressources indiqu\u00e9es ci-dessous pour r\u00e9pondre \u00e0 toute question \u00e9ventuelle.<br \/>\n[\/vc_column_text][vc_empty_space][\/vc_column][vc_column width=\u00a0\u00bb1\/2&Prime;][vc_empty_space][vc_single_image image=\u00a0\u00bb28784&Prime; img_size=\u00a0\u00bb750&#215;500&Prime; alignment=\u00a0\u00bbcenter\u00a0\u00bb][\/vc_column][\/vc_row][vc_row css=\u00a0\u00bb.vc_custom_1684935226551{margin-top: 60px !important;margin-bottom: 60px !important;border-top-width: 1px !important;border-right-width: 1px !important;border-bottom-width: 1px !important;border-left-width: 1px !important;padding-top: 30px !important;padding-right: 30px !important;padding-bottom: 30px !important;padding-left: 30px !important;border-left-color: #cccccc !important;border-left-style: solid !important;border-right-color: #cccccc !important;border-right-style: solid !important;border-top-color: #cccccc !important;border-top-style: solid !important;border-bottom-color: #cccccc !important;border-bottom-style: solid !important;border-radius: 3px !important;}\u00a0\u00bb][vc_column][vc_column_text]<strong>Quick Start<\/strong>[\/vc_column_text][vc_empty_space][vc_single_image image=\u00a0\u00bb28888&Prime; img_size=\u00a0\u00bblarge\u00a0\u00bb alignment=\u00a0\u00bbcenter\u00a0\u00bb][\/vc_column][\/vc_row][vc_row css=\u00a0\u00bb.vc_custom_1684849442734{padding-top: 60px !important;padding-bottom: 60px !important;}\u00a0\u00bb][vc_column width=\u00a0\u00bb1\/2&Prime;][vc_column_text]<\/p>\n<h3>Guides<\/h3>\n<p>[\/vc_column_text][vc_empty_space][vc_column_text]Ces guides vous aideront \u00e0 bien comprendre le Spyder LensCal et vous guideront \u00e0 travers toutes les \u00e9tapes n\u00e9cessaires \u00e0 l\u2019\u00e9talonnage des composants de votre appareil.<\/p>\n<p><a href=\"https:\/\/www.datacolor.com\/spyder\/wp-content\/uploads\/2023\/05\/Spyder-LensCal-User-Guide.pdf\">T\u00e9l\u00e9charger le guide de l&rsquo;utilisateur<\/a><br \/>\n<a href=\"https:\/\/www.datacolor.com\/spyder\/wp-content\/uploads\/2023\/05\/SpyderLENSCAL-Quick-Step-FR.jpg\">T\u00e9l\u00e9charger le guide de d\u00e9marrage rapide<\/a>[\/vc_column_text][vc_empty_space][\/vc_column][vc_column width=\u00a0\u00bb1\/2&Prime;][vc_column_text]<\/p>\n<h3>Vid\u00e9o de d\u00e9monstration<\/h3>\n<p>[\/vc_column_text]<div id=\"ultimate-video-643769d211311156f\" class=\"ult-video  ult-adjust-bottom-margin ultimate-video-643769d211311156f ultv-6231 \"><div class=\"ultv-video ultv-aspect-ratio-3_2 ultv-subscribe-responsive-none\" data-videotype=\"uv_iframe\">\n\t\t\t\t\t\t<div class=\"ultv-video__outer-wrap\" data-autoplay=\"0\" data-device=\"false\"  data-iconbg=\"#3A3A3A\" data-overcolor=\"\" data-defaultbg=\"#1f1f1e\" data-defaultplay=\"defaulticon\"><div class=\"ultv-video__play\" data-src=\"https:\/\/www.youtube.com\/embed\/M0Pq7a3PBvs?rel=0&#038;start&#038;end&#038;controls=1&#038;mute=0&#038;modestbranding=0&#038;autoplay=1\">\n\t\t\t\t\t\t\t\t<img decoding=\"async\" class=\"ultv-video__thumb\" src=\"https:\/\/i.ytimg.com\/vi\/M0Pq7a3PBvs\/maxresdefault.jpg\"\/>\n\t\t\t\t\t\t\t\t<div class=\"ultv-video__play-icon  ultv-animation-none\" style=\"width:75px\"><svg height=\"100%\" version=\"1.1\" viewBox=\"0 0 68 48\" width=\"100%\"><path class=\"ultv-youtube-icon-bg\" d=\"m .66,37.62 c 0,0 .66,4.70 2.70,6.77 2.58,2.71 5.98,2.63 7.49,2.91 5.43,.52 23.10,.68 23.12,.68 .00,-1.3e-5 14.29,-0.02 23.81,-0.71 1.32,-0.15 4.22,-0.17 6.81,-2.89 2.03,-2.07 2.70,-6.77 2.70,-6.77 0,0 .67,-5.52 .67,-11.04 l 0,-5.17 c 0,-5.52 -0.67,-11.04 -0.67,-11.04 0,0 -0.66,-4.70 -2.70,-6.77 C 62.03,.86 59.13,.84 57.80,.69 48.28,0 34.00,0 34.00,0 33.97,0 19.69,0 10.18,.69 8.85,.84 5.95,.86 3.36,3.58 1.32,5.65 .66,10.35 .66,10.35 c 0,0 -0.55,4.50 -0.66,9.45 l 0,8.36 c .10,4.94 .66,9.45 .66,9.45 z\" fill=\"#1f1f1e\" ><\/path><path d=\"m 26.96,13.67 18.37,9.62 -18.37,9.55 -0.00,-19.17 z\" fill=\"#fff\"><\/path><path d=\"M 45.02,23.46 45.32,23.28 26.96,13.67 43.32,22.34 45.02,23.46 z\" fill=\"#ccc\"><\/path><\/svg><\/div> <\/div> <\/div><\/div><\/div>[\/vc_column][\/vc_row][vc_row bg_type=\u00a0\u00bbbg_color\u00a0\u00bb bg_override=\u00a0\u00bbfull\u00a0\u00bb bg_color_value=\u00a0\u00bb#e7e6e5&Prime; css=\u00a0\u00bb.vc_custom_1684936563988{padding-top: 60px !important;padding-bottom: 60px !important;}\u00a0\u00bb][vc_column][vc_column_text]<\/p>\n<h2>Assistance suppl\u00e9mentaire<\/h2>\n<p>[\/vc_column_text][vc_empty_space][vc_column_text]<a href=\"https:\/\/spyder-support.datacolor.com\/hc\/en-us\/requests\/new\" target=\"_blank\" rel=\"noopener\">N\u2019h\u00e9sitez pas \u00e0 nous contacter<\/a> pour toute question ou commentaire.<\/p>\n<p>Et pour plus d\u2019informations et des ressources suppl\u00e9mentaires, dont une FAQ, <a href=\"https:\/\/spyder-support.datacolor.com\/hc\/en-us\" target=\"_blank\" rel=\"noopener\">vous pouvez consulter notre base de connaissances.<\/a>[\/vc_column_text][\/vc_column][\/vc_row]<\/p>\n<\/div>","protected":false},"excerpt":{"rendered":"<p>[vc_row css=\u00a0\u00bb.vc_custom_1684849056130{padding-bottom: 60px !important;}\u00a0\u00bb][vc_column width=\u00a0\u00bb1\/2&Prime;][vc_column_text] F\u00e9licitations pour votre nouveau Spyder LensCal ! [\/vc_column_text][vc_empty_space][vc_column_text]F\u00e9licitations pour l&rsquo;achat de votre nouveau Datacolor Spyder LensCal ! Cette page vous aidera \u00e0 bien d\u00e9buter avec votre nouvel outil d&rsquo;\u00e9talonnage pour appareil photo. Vous pouvez en outre utiliser les ressources indiqu\u00e9es ci-dessous pour r\u00e9pondre \u00e0 toute question \u00e9ventuelle. [\/vc_column_text][vc_empty_space][\/vc_column][vc_column width=\u00a0\u00bb1\/2&Prime;][vc_empty_space][vc_single_image image=\u00a0\u00bb28784&Prime; &hellip;<\/p>\n","protected":false},"author":3,"featured_media":0,"parent":0,"menu_order":0,"comment_status":"closed","ping_status":"closed","template":"","meta":{"_acf_changed":false,"footnotes":""},"class_list":["post-28862","page","type-page","status-publish","hentry"],"acf":[],"_links":{"self":[{"href":"https:\/\/www.datacolor.com\/spyder\/fr\/wp-json\/wp\/v2\/pages\/28862","targetHints":{"allow":["GET"]}}],"collection":[{"href":"https:\/\/www.datacolor.com\/spyder\/fr\/wp-json\/wp\/v2\/pages"}],"about":[{"href":"https:\/\/www.datacolor.com\/spyder\/fr\/wp-json\/wp\/v2\/types\/page"}],"author":[{"embeddable":true,"href":"https:\/\/www.datacolor.com\/spyder\/fr\/wp-json\/wp\/v2\/users\/3"}],"replies":[{"embeddable":true,"href":"https:\/\/www.datacolor.com\/spyder\/fr\/wp-json\/wp\/v2\/comments?post=28862"}],"version-history":[{"count":0,"href":"https:\/\/www.datacolor.com\/spyder\/fr\/wp-json\/wp\/v2\/pages\/28862\/revisions"}],"wp:attachment":[{"href":"https:\/\/www.datacolor.com\/spyder\/fr\/wp-json\/wp\/v2\/media?parent=28862"}],"curies":[{"name":"wp","href":"https:\/\/api.w.org\/{rel}","templated":true}]}}