{"id":29281,"date":"2023-05-25T14:07:32","date_gmt":"2023-05-25T14:07:32","guid":{"rendered":"https:\/\/new.spyder.datacolor.eu\/spyder\/welcome-to-spyder-print\/"},"modified":"2023-06-15T13:07:19","modified_gmt":"2023-06-15T13:07:19","slug":"welcome-to-spyder-print","status":"publish","type":"page","link":"https:\/\/www.datacolor.com\/spyder\/fr\/welcome-to-spyder-print\/","title":{"rendered":"Welcome to Spyder Print"},"content":{"rendered":"<div class=\"wpb-content-wrapper\"><p>[vc_row css=\u00a0\u00bb.vc_custom_1684849056130{padding-bottom: 60px !important;}\u00a0\u00bb][vc_column width=\u00a0\u00bb1\/2&Prime;][vc_column_text]<\/p>\n<h1 class=\"mainheader\">F\u00e9licitations pour votre nouveau Spyder Print !<\/h1>\n<p>[\/vc_column_text][vc_empty_space][vc_column_text]F\u00e9licitations pour l&rsquo;achat de votre nouveau Datacolor Spyder Print ! Cette page vous aidera \u00e0 bien d\u00e9buter avec votre nouvel outil de pr\u00e9cision des couleurs. Vous pouvez en outre utiliser les ressources indiqu\u00e9es ci-dessous pour r\u00e9pondre \u00e0 toute question \u00e9ventuelle.<br \/>\n[\/vc_column_text][vc_empty_space][\/vc_column][vc_column width=\u00a0\u00bb1\/2&Prime;][vc_empty_space][vc_single_image image=\u00a0\u00bb28748&Prime; img_size=\u00a0\u00bb750&#215;500&Prime; alignment=\u00a0\u00bbcenter\u00a0\u00bb][\/vc_column][\/vc_row][vc_row bg_type=\u00a0\u00bbbg_color\u00a0\u00bb bg_override=\u00a0\u00bbfull\u00a0\u00bb css=\u00a0\u00bb.vc_custom_1684849083602{padding-top: 60px !important;padding-bottom: 60px !important;}\u00a0\u00bb bg_color_value=\u00a0\u00bb#e7e6e5&Prime;][vc_column width=\u00a0\u00bb2\/3&Prime;][vc_column_text]<\/p>\n<h2>T\u00e9l\u00e9chargement du logiciel<\/h2>\n<p>Cliquez sur le produit et le syst\u00e8me d&rsquo;exploitation appropri\u00e9s pour lancer le t\u00e9l\u00e9chargement.<\/p>\n<p>Assurez-vous de bien lire la <a href=\"https:\/\/spyderx.datacolor.com\/datacolor-spyder-software-license\/\" target=\"_blank\" rel=\"noopener\">licence du logiciel Datacolor<\/a>.[\/vc_column_text][\/vc_column][vc_column width=\u00a0\u00bb1\/3&Prime;]<div class=\" ubtn-ctn-center btn_download\"><a class=\"ubtn-link ult-adjust-bottom-margin ubtn-center ubtn-custom btn_download\" href=\"https:\/\/goto.datacolor.com\/download\/s5sr100\/win\" target=\"_blank\" rel=\"noopener\" ><button type=\"button\" id=\"ubtn-3400\"  class=\"ubtn ult-adjust-bottom-margin ult-responsive ubtn-custom ubtn-no-hover-bg  none  ubtn-center   tooltip-69d0b243a09ee\"  data-hover=\"\" data-border-color=\"\" data-bg=\"#0a0a0a\" data-hover-bg=\"\" data-border-hover=\"\" data-shadow-hover=\"\" data-shadow-click=\"none\" data-shadow=\"\" data-shd-shadow=\"\"  data-ultimate-target='#ubtn-3400'  data-responsive-json-new='{\"font-size\":\"desktop:18px;\",\"line-height\":\"\"}'  style=\"font-weight:normal;width:210px;min-height:56px;padding:px px;border:none;background: #0a0a0a;color: #ffffff;\"><span class=\"ubtn-hover\" style=\"background-color:\"><\/span><span class=\"ubtn-data ubtn-text \" >Logiciel Windows<\/span><\/button><\/a><\/div>[vc_empty_space]<div class=\" ubtn-ctn-center btn_download\"><a class=\"ubtn-link ult-adjust-bottom-margin ubtn-center ubtn-custom btn_download\" href=\"https:\/\/goto.datacolor.com\/download\/mac\/s5sr100\" target=\"_blank\" rel=\"noopener\" ><button type=\"button\" id=\"ubtn-7643\"  class=\"ubtn ult-adjust-bottom-margin ult-responsive ubtn-custom ubtn-no-hover-bg  none  ubtn-center   tooltip-69d0b243a0a50\"  data-hover=\"\" data-border-color=\"\" data-bg=\"#0a0a0a\" data-hover-bg=\"\" data-border-hover=\"\" data-shadow-hover=\"\" data-shadow-click=\"none\" data-shadow=\"\" data-shd-shadow=\"\"  data-ultimate-target='#ubtn-7643'  data-responsive-json-new='{\"font-size\":\"desktop:18px;\",\"line-height\":\"\"}'  style=\"font-weight:normal;width:210px;min-height:56px;padding:px px;border:none;background: #0a0a0a;color: #ffffff;\"><span class=\"ubtn-hover\" style=\"background-color:\"><\/span><span class=\"ubtn-data ubtn-text \" >Logiciel MacOS<\/span><\/button><\/a><\/div>[vc_empty_space][\/vc_column][\/vc_row][vc_row css=\u00a0\u00bb.vc_custom_1684935226551{margin-top: 60px !important;margin-bottom: 60px !important;border-top-width: 1px !important;border-right-width: 1px !important;border-bottom-width: 1px !important;border-left-width: 1px !important;padding-top: 30px !important;padding-right: 30px !important;padding-bottom: 30px !important;padding-left: 30px !important;border-left-color: #cccccc !important;border-left-style: solid !important;border-right-color: #cccccc !important;border-right-style: solid !important;border-top-color: #cccccc !important;border-top-style: solid !important;border-bottom-color: #cccccc !important;border-bottom-style: solid !important;border-radius: 3px !important;}\u00a0\u00bb][vc_column][vc_column_text]<strong>Quick Start<\/strong>[\/vc_column_text][vc_empty_space][vc_single_image image=\u00a0\u00bb29325&Prime; img_size=\u00a0\u00bblarge\u00a0\u00bb alignment=\u00a0\u00bbcenter\u00a0\u00bb][\/vc_column][\/vc_row][vc_row css=\u00a0\u00bb.vc_custom_1684849442734{padding-top: 60px !important;padding-bottom: 60px !important;}\u00a0\u00bb][vc_column][vc_column_text]<\/p>\n<h3>Guides<\/h3>\n<p>[\/vc_column_text][vc_empty_space][vc_column_text]Ces guides vous aideront \u00e0 bien comprendre le Spyder Checkr et vous guideront \u00e0 travers toutes les \u00e9tapes n\u00e9cessaires pour atteindre des couleurs pr\u00e9cises et coh\u00e9rentes sur toutes vos photos.<\/p>\n<p><a href=\"https:\/\/www.datacolor.com\/spyder\/wp-content\/uploads\/2023\/05\/Spyder-Print-User-Guide.pdf\">T\u00e9l\u00e9charger le guide de l&rsquo;utilisateur<br \/>\n<\/a><br \/>\n<a href=\"https:\/\/www.datacolor.com\/spyder\/wp-content\/uploads\/2023\/05\/Spyder-Print-Quick-Start-Guide.pdf\">T\u00e9l\u00e9charger le guide de d\u00e9marrage rapide<\/a>[\/vc_column_text][vc_empty_space][\/vc_column][\/vc_row][vc_row bg_type=\u00a0\u00bbbg_color\u00a0\u00bb bg_override=\u00a0\u00bbfull\u00a0\u00bb bg_color_value=\u00a0\u00bb#e7e6e5&Prime; css=\u00a0\u00bb.vc_custom_1684935645315{padding-top: 60px !important;padding-bottom: 60px !important;}\u00a0\u00bb][vc_column][vc_column_text]<\/p>\n<h2>Assistance suppl\u00e9mentaire<\/h2>\n<p>[\/vc_column_text][vc_empty_space][vc_column_text]<a href=\"https:\/\/spyder-support.datacolor.com\/hc\/fr\/requests\/new\" target=\"_blank\" rel=\"noopener\">N\u2019h\u00e9sitez pas \u00e0 nous contacter<\/a> pour toute question ou commentaire.<\/p>\n<p>Et pour plus d\u2019informations et des ressources suppl\u00e9mentaires, dont une FAQ, <a href=\"https:\/\/spyder-support.datacolor.com\/hc\/fr\" target=\"_blank\" rel=\"noopener\">vous pouvez consulter notre base de connaissances.<\/a>[\/vc_column_text][\/vc_column][\/vc_row]<\/p>\n<\/div>","protected":false},"excerpt":{"rendered":"<p>[vc_row css=\u00a0\u00bb.vc_custom_1684849056130{padding-bottom: 60px !important;}\u00a0\u00bb][vc_column width=\u00a0\u00bb1\/2&Prime;][vc_column_text] F\u00e9licitations pour votre nouveau Spyder Print ! [\/vc_column_text][vc_empty_space][vc_column_text]F\u00e9licitations pour l&rsquo;achat de votre nouveau Datacolor Spyder Print ! Cette page vous aidera \u00e0 bien d\u00e9buter avec votre nouvel outil de pr\u00e9cision des couleurs. Vous pouvez en outre utiliser les ressources indiqu\u00e9es ci-dessous pour r\u00e9pondre \u00e0 toute question \u00e9ventuelle. [\/vc_column_text][vc_empty_space][\/vc_column][vc_column width=\u00a0\u00bb1\/2&Prime;][vc_empty_space][vc_single_image image=\u00a0\u00bb28748&Prime; &hellip;<\/p>\n","protected":false},"author":3,"featured_media":0,"parent":0,"menu_order":0,"comment_status":"closed","ping_status":"closed","template":"","meta":{"_acf_changed":false,"footnotes":""},"class_list":["post-29281","page","type-page","status-publish","hentry"],"acf":[],"_links":{"self":[{"href":"https:\/\/www.datacolor.com\/spyder\/fr\/wp-json\/wp\/v2\/pages\/29281","targetHints":{"allow":["GET"]}}],"collection":[{"href":"https:\/\/www.datacolor.com\/spyder\/fr\/wp-json\/wp\/v2\/pages"}],"about":[{"href":"https:\/\/www.datacolor.com\/spyder\/fr\/wp-json\/wp\/v2\/types\/page"}],"author":[{"embeddable":true,"href":"https:\/\/www.datacolor.com\/spyder\/fr\/wp-json\/wp\/v2\/users\/3"}],"replies":[{"embeddable":true,"href":"https:\/\/www.datacolor.com\/spyder\/fr\/wp-json\/wp\/v2\/comments?post=29281"}],"version-history":[{"count":0,"href":"https:\/\/www.datacolor.com\/spyder\/fr\/wp-json\/wp\/v2\/pages\/29281\/revisions"}],"wp:attachment":[{"href":"https:\/\/www.datacolor.com\/spyder\/fr\/wp-json\/wp\/v2\/media?parent=29281"}],"curies":[{"name":"wp","href":"https:\/\/api.w.org\/{rel}","templated":true}]}}