{"id":29523,"date":"2023-05-31T12:29:46","date_gmt":"2023-05-31T12:29:46","guid":{"rendered":"https:\/\/new.spyder.datacolor.eu\/spyder\/welcome-to-spyder-x-studio\/"},"modified":"2023-05-31T13:35:27","modified_gmt":"2023-05-31T13:35:27","slug":"welcome-to-spyder-x-studio","status":"publish","type":"page","link":"https:\/\/www.datacolor.com\/spyder\/fr\/welcome-to-spyder-x-studio\/","title":{"rendered":"Welcome to Spyder X Studio"},"content":{"rendered":"<div class=\"wpb-content-wrapper\"><p>[vc_row css=\u00a0\u00bb.vc_custom_1684849056130{padding-bottom: 60px !important;}\u00a0\u00bb][vc_column width=\u00a0\u00bb1\/2&Prime;][vc_column_text]<\/p>\n<h1 class=\"mainheader\">F\u00e9licitations pour votre nouveau Spyder X Studio!<\/h1>\n<p>[\/vc_column_text][vc_empty_space][vc_column_text]Spyder X Studio est un moyen pratique et \u00e9conomique de r\u00e9aliser votre vision photographique. Vous pourrez t\u00e9l\u00e9charger le logiciel pour votre Spyder X Studio \u00e0 partir de cette page, ainsi qu&rsquo;un guide d&rsquo;utilisation rapide et plus complet pour chacun des outils. Bien que ces guides vous guideront clairement \u00e0 travers les processus \u00e9tape par \u00e9tape, nous sommes reconnus pour notre soutien utile de notre personnel qualifi\u00e9 qui sont des photographes comme vous, de sorte que vous pouvez \u00eatre s\u00fbr que la photo que vous envisagez, sera la photo que vous recevrez.<br \/>\n[\/vc_column_text][vc_empty_space][\/vc_column][vc_column width=\u00a0\u00bb1\/2&Prime;][vc_empty_space][vc_single_image image=\u00a0\u00bb28695&Prime; img_size=\u00a0\u00bb750&#215;500&Prime; alignment=\u00a0\u00bbcenter\u00a0\u00bb][\/vc_column][\/vc_row][vc_row bg_type=\u00a0\u00bbbg_color\u00a0\u00bb bg_override=\u00a0\u00bbfull\u00a0\u00bb css=\u00a0\u00bb.vc_custom_1684849083602{padding-top: 60px !important;padding-bottom: 60px !important;}\u00a0\u00bb bg_color_value=\u00a0\u00bb#e7e6e5&Prime;][vc_column width=\u00a0\u00bb2\/3&Prime;][vc_column_text]<\/p>\n<h2>T\u00e9l\u00e9charger le logiciel<\/h2>\n<p>Cliquez sur le produit et le syst\u00e8me d&rsquo;exploitation appropri\u00e9s pour lancer le t\u00e9l\u00e9chargement.<\/p>\n<p>Assurez-vous de bien lire la <a href=\"https:\/\/spyderx.datacolor.com\/datacolor-spyder-software-license\/\" target=\"_blank\" rel=\"noopener\">licence du logiciel Datacolor<\/a>.[\/vc_column_text][\/vc_column][vc_column width=\u00a0\u00bb1\/3&Prime;][vc_row_inner][vc_column_inner width=\u00a0\u00bb1\/2&Prime;][vc_column_text]<strong>Spyder X Elite<\/strong>[\/vc_column_text][vc_empty_space height=\u00a0\u00bb20px\u00a0\u00bb]<div class=\" ubtn-ctn-left btn_download\"><a class=\"ubtn-link ult-adjust-bottom-margin ubtn-left ubtn-custom btn_download\" href=\"http:\/\/goto.datacolor.com\/download\/win\/sxe100\" target=\"_blank\" rel=\"noopener\" ><button type=\"button\" id=\"ubtn-1267\"  class=\"ubtn ult-adjust-bottom-margin ult-responsive ubtn-custom ubtn-no-hover-bg  none  ubtn-left   tooltip-69e1115123713\"  data-hover=\"\" data-border-color=\"\" data-bg=\"#0a0a0a\" data-hover-bg=\"\" data-border-hover=\"\" data-shadow-hover=\"\" data-shadow-click=\"none\" data-shadow=\"\" data-shd-shadow=\"\"  data-ultimate-target='#ubtn-1267'  data-responsive-json-new='{\"font-size\":\"desktop:18px;\",\"line-height\":\"\"}'  style=\"font-weight:normal;width:210px;min-height:56px;padding:px px;border:none;background: #0a0a0a;color: #ffffff;\"><span class=\"ubtn-hover\" style=\"background-color:\"><\/span><span class=\"ubtn-data ubtn-text \" >Logiciel Windows<\/span><\/button><\/a><\/div><div class=\" ubtn-ctn-left btn_download\"><a class=\"ubtn-link ult-adjust-bottom-margin ubtn-left ubtn-custom btn_download\" href=\"http:\/\/goto.datacolor.com\/download\/mac\/sxe100\" target=\"_blank\" rel=\"noopener\" ><button type=\"button\" id=\"ubtn-2934\"  class=\"ubtn ult-adjust-bottom-margin ult-responsive ubtn-custom ubtn-no-hover-bg  none  ubtn-left   tooltip-69e11151237ac\"  data-hover=\"\" data-border-color=\"\" data-bg=\"#0a0a0a\" data-hover-bg=\"\" data-border-hover=\"\" data-shadow-hover=\"\" data-shadow-click=\"none\" data-shadow=\"\" data-shd-shadow=\"\"  data-ultimate-target='#ubtn-2934'  data-responsive-json-new='{\"font-size\":\"desktop:18px;\",\"line-height\":\"\"}'  style=\"font-weight:normal;width:210px;min-height:56px;padding:px px;border:none;background: #0a0a0a;color: #ffffff;\"><span class=\"ubtn-hover\" style=\"background-color:\"><\/span><span class=\"ubtn-data ubtn-text \" >Logiciel MacOS<\/span><\/button><\/a><\/div>[vc_empty_space][\/vc_column_inner][vc_column_inner width=\u00a0\u00bb1\/2&Prime;][vc_column_text]<strong>Spyder Print<\/strong>[\/vc_column_text][vc_empty_space height=\u00a0\u00bb20px\u00a0\u00bb]<div class=\" ubtn-ctn-left btn_download\"><a class=\"ubtn-link ult-adjust-bottom-margin ubtn-left ubtn-custom btn_download\" href=\"https:\/\/goto.datacolor.com\/download\/Win\/S5SR100\" target=\"_blank\" rel=\"noopener\" ><button type=\"button\" id=\"ubtn-2445\"  class=\"ubtn ult-adjust-bottom-margin ult-responsive ubtn-custom ubtn-no-hover-bg  none  ubtn-left   tooltip-69e11151237ed\"  data-hover=\"\" data-border-color=\"\" data-bg=\"#0a0a0a\" data-hover-bg=\"\" data-border-hover=\"\" data-shadow-hover=\"\" data-shadow-click=\"none\" data-shadow=\"\" data-shd-shadow=\"\"  data-ultimate-target='#ubtn-2445'  data-responsive-json-new='{\"font-size\":\"desktop:18px;\",\"line-height\":\"\"}'  style=\"font-weight:normal;width:210px;min-height:56px;padding:px px;border:none;background: #0a0a0a;color: #ffffff;\"><span class=\"ubtn-hover\" style=\"background-color:\"><\/span><span class=\"ubtn-data ubtn-text \" >Logiciel Windows<\/span><\/button><\/a><\/div><div class=\" ubtn-ctn-left btn_download\"><a class=\"ubtn-link ult-adjust-bottom-margin ubtn-left ubtn-custom btn_download\" href=\"https:\/\/goto.datacolor.com\/download\/Mac\/S5SR100\" target=\"_blank\" rel=\"noopener\" ><button type=\"button\" id=\"ubtn-7973\"  class=\"ubtn ult-adjust-bottom-margin ult-responsive ubtn-custom ubtn-no-hover-bg  none  ubtn-left   tooltip-69e1115123826\"  data-hover=\"\" data-border-color=\"\" data-bg=\"#0a0a0a\" data-hover-bg=\"\" data-border-hover=\"\" data-shadow-hover=\"\" data-shadow-click=\"none\" data-shadow=\"\" data-shd-shadow=\"\"  data-ultimate-target='#ubtn-7973'  data-responsive-json-new='{\"font-size\":\"desktop:18px;\",\"line-height\":\"\"}'  style=\"font-weight:normal;width:210px;min-height:56px;padding:px px;border:none;background: #0a0a0a;color: #ffffff;\"><span class=\"ubtn-hover\" style=\"background-color:\"><\/span><span class=\"ubtn-data ubtn-text \" >Logiciel MacOS<\/span><\/button><\/a><\/div>[vc_empty_space][\/vc_column_inner][\/vc_row_inner][\/vc_column][\/vc_row][vc_row css=\u00a0\u00bb.vc_custom_1684852847049{padding-top: 60px !important;padding-bottom: 60px !important;}\u00a0\u00bb][vc_column][vc_column_text]<\/p>\n<h2>Les outils<\/h2>\n<p>[\/vc_column_text][vc_empty_space][vc_row_inner][vc_column_inner width=\u00a0\u00bb2\/3&Prime;][vc_column_text]<\/p>\n<h3>1. Spyder Cube<\/h3>\n<p>[\/vc_column_text][vc_empty_space][vc_column_text]Pour r\u00e9gler la balance des blancs et la conversion RAW. Contrairement \u00e0 une carte grise, le Spyder Cube vous permet de d\u00e9finir des valeurs absolues de blanc et de noir ainsi que de d\u00e9finir votre gris neutre.<\/p>\n<p><a href=\"https:\/\/www.datacolor.com\/spyder\/wp-content\/uploads\/2023\/05\/Spyder-Cube-User-Guide.pdf\">T\u00e9l\u00e9charger le guide de l&rsquo;utilisateur<br \/>\n<\/a><br \/>\n<a href=\"https:\/\/www.datacolor.com\/spyder\/wp-content\/uploads\/2023\/05\/Spyder-Cube-Quick-Start-Guide.pdf\">T\u00e9l\u00e9charger le guide de d\u00e9marrage rapide<br \/>\n<\/a>[\/vc_column_text][vc_empty_space][\/vc_column_inner][vc_column_inner width=\u00a0\u00bb1\/3&Prime;][vc_single_image image=\u00a0\u00bb28525&Prime; img_size=\u00a0\u00bblarge\u00a0\u00bb alignment=\u00a0\u00bbcenter\u00a0\u00bb][vc_empty_space][\/vc_column_inner][\/vc_row_inner][vc_row_inner css=\u00a0\u00bb.vc_custom_1684853377170{border-top-width: 1px !important;border-right-width: 1px !important;border-bottom-width: 1px !important;border-left-width: 1px !important;padding-top: 30px !important;padding-right: 30px !important;padding-bottom: 30px !important;padding-left: 30px !important;border-left-color: #cccccc !important;border-left-style: solid !important;border-right-color: #cccccc !important;border-right-style: solid !important;border-top-color: #cccccc !important;border-top-style: solid !important;border-bottom-color: #cccccc !important;border-bottom-style: solid !important;border-radius: 3px !important;}\u00a0\u00bb][vc_column_inner][vc_column_text]<strong>Quick Start<\/strong>[\/vc_column_text][vc_empty_space][vc_single_image image=\u00a0\u00bb28535&Prime; img_size=\u00a0\u00bblarge\u00a0\u00bb alignment=\u00a0\u00bbcenter\u00a0\u00bb][vc_empty_space][\/vc_column_inner][\/vc_row_inner][vc_empty_space height=\u00a0\u00bb60px\u00a0\u00bb][vc_row_inner][vc_column_inner width=\u00a0\u00bb2\/3&Prime;][vc_column_text]<\/p>\n<h3>2. Spyder X Elite<\/h3>\n<p>[\/vc_column_text][vc_empty_space][vc_column_text]L&rsquo;outil de calibration de moniteur le plus rapide, le plus pr\u00e9cis et le plus facile \u00e0 utiliser jamais cr\u00e9\u00e9 par Datacolor.<\/p>\n<p><a href=\"https:\/\/www.datacolor.com\/spyder\/wp-content\/uploads\/2023\/05\/SpyderX-User-Guide.pdf\">T\u00e9l\u00e9charger le guide de l&rsquo;utilisateur<br \/>\n<\/a><br \/>\n<a href=\"https:\/\/www.datacolor.com\/spyder\/wp-content\/uploads\/2023\/05\/SpyderX-Quick-Start-Guide.pdf\">T\u00e9l\u00e9charger le guide de d\u00e9marrage rapide<br \/>\n<\/a>[\/vc_column_text][vc_empty_space][\/vc_column_inner][vc_column_inner width=\u00a0\u00bb1\/3&Prime;][vc_single_image image=\u00a0\u00bb28596&Prime; img_size=\u00a0\u00bblarge\u00a0\u00bb alignment=\u00a0\u00bbcenter\u00a0\u00bb][vc_empty_space][\/vc_column_inner][\/vc_row_inner][vc_row_inner css=\u00a0\u00bb.vc_custom_1684853377170{border-top-width: 1px !important;border-right-width: 1px !important;border-bottom-width: 1px !important;border-left-width: 1px !important;padding-top: 30px !important;padding-right: 30px !important;padding-bottom: 30px !important;padding-left: 30px !important;border-left-color: #cccccc !important;border-left-style: solid !important;border-right-color: #cccccc !important;border-right-style: solid !important;border-top-color: #cccccc !important;border-top-style: solid !important;border-bottom-color: #cccccc !important;border-bottom-style: solid !important;border-radius: 3px !important;}\u00a0\u00bb][vc_column_inner][vc_column_text]<strong>Quick Start<\/strong>[\/vc_column_text][vc_empty_space][vc_single_image image=\u00a0\u00bb28606&Prime; img_size=\u00a0\u00bblarge\u00a0\u00bb alignment=\u00a0\u00bbcenter\u00a0\u00bb][vc_empty_space][\/vc_column_inner][\/vc_row_inner][vc_empty_space height=\u00a0\u00bb60px\u00a0\u00bb][vc_row_inner][vc_column_inner width=\u00a0\u00bb2\/3&Prime;][vc_column_text]<\/p>\n<h3>3. Spyder Print<\/h3>\n<p>[\/vc_column_text][vc_empty_space][vc_column_text]Profilage de l&rsquo;imprimante pour toute combinaison imprimante\/encre\/papier.<\/p>\n<p><a href=\"https:\/\/www.datacolor.com\/spyder\/wp-content\/uploads\/2023\/05\/Spyder-Print-User-Guide.pdf\">T\u00e9l\u00e9charger le guide de l&rsquo;utilisateur<br \/>\n<\/a><br \/>\n<a href=\"https:\/\/www.datacolor.com\/spyder\/wp-content\/uploads\/2023\/05\/Spyder-Print-Quick-Start-Guide.pdf\">T\u00e9l\u00e9charger le guide de d\u00e9marrage rapide<\/a>[\/vc_column_text][vc_empty_space][\/vc_column_inner][vc_column_inner width=\u00a0\u00bb1\/3&Prime;][vc_single_image image=\u00a0\u00bb28726&Prime; img_size=\u00a0\u00bblarge\u00a0\u00bb alignment=\u00a0\u00bbcenter\u00a0\u00bb][vc_empty_space][\/vc_column_inner][\/vc_row_inner][vc_row_inner css=\u00a0\u00bb.vc_custom_1684853377170{border-top-width: 1px !important;border-right-width: 1px !important;border-bottom-width: 1px !important;border-left-width: 1px !important;padding-top: 30px !important;padding-right: 30px !important;padding-bottom: 30px !important;padding-left: 30px !important;border-left-color: #cccccc !important;border-left-style: solid !important;border-right-color: #cccccc !important;border-right-style: solid !important;border-top-color: #cccccc !important;border-top-style: solid !important;border-bottom-color: #cccccc !important;border-bottom-style: solid !important;border-radius: 3px !important;}\u00a0\u00bb][vc_column_inner][vc_column_text]<strong>Quick Start<\/strong>[\/vc_column_text][vc_empty_space][vc_single_image image=\u00a0\u00bb28736&Prime; img_size=\u00a0\u00bblarge\u00a0\u00bb alignment=\u00a0\u00bbcenter\u00a0\u00bb][vc_empty_space][\/vc_column_inner][\/vc_row_inner][\/vc_column][\/vc_row][vc_row bg_type=\u00a0\u00bbbg_color\u00a0\u00bb bg_override=\u00a0\u00bbfull\u00a0\u00bb css=\u00a0\u00bb.vc_custom_1684854122986{padding-top: 60px !important;padding-bottom: 60px !important;}\u00a0\u00bb bg_color_value=\u00a0\u00bb#e7e6e5&Prime;][vc_column][vc_column_text]<\/p>\n<h2>Assistance suppl\u00e9mentaire<\/h2>\n<p>[\/vc_column_text][vc_empty_space][vc_column_text]<a href=\"https:\/\/spyder-support.datacolor.com\/hc\/fr\/requests\/new\" target=\"_blank\" rel=\"noopener\">N\u2019h\u00e9sitez pas \u00e0 nous contacter<\/a> pour toute question ou commentaire.<\/p>\n<p>Et pour plus d\u2019informations et des ressources suppl\u00e9mentaires, dont une FAQ, <a href=\"https:\/\/spyder-support.datacolor.com\/hc\/fr\" target=\"_blank\" rel=\"noopener\">vous pouvez consulter notre base de connaissances.<\/a>[\/vc_column_text][vc_empty_space][\/vc_column][\/vc_row]<\/p>\n<\/div>","protected":false},"excerpt":{"rendered":"<p>[vc_row css=\u00a0\u00bb.vc_custom_1684849056130{padding-bottom: 60px !important;}\u00a0\u00bb][vc_column width=\u00a0\u00bb1\/2&Prime;][vc_column_text] F\u00e9licitations pour votre nouveau Spyder X Studio! [\/vc_column_text][vc_empty_space][vc_column_text]Spyder X Studio est un moyen pratique et \u00e9conomique de r\u00e9aliser votre vision photographique. Vous pourrez t\u00e9l\u00e9charger le logiciel pour votre Spyder X Studio \u00e0 partir de cette page, ainsi qu&rsquo;un guide d&rsquo;utilisation rapide et plus complet pour chacun des outils. Bien que &hellip;<\/p>\n","protected":false},"author":3,"featured_media":0,"parent":0,"menu_order":0,"comment_status":"closed","ping_status":"closed","template":"","meta":{"_acf_changed":false,"footnotes":""},"class_list":["post-29523","page","type-page","status-publish","hentry"],"acf":[],"_links":{"self":[{"href":"https:\/\/www.datacolor.com\/spyder\/fr\/wp-json\/wp\/v2\/pages\/29523","targetHints":{"allow":["GET"]}}],"collection":[{"href":"https:\/\/www.datacolor.com\/spyder\/fr\/wp-json\/wp\/v2\/pages"}],"about":[{"href":"https:\/\/www.datacolor.com\/spyder\/fr\/wp-json\/wp\/v2\/types\/page"}],"author":[{"embeddable":true,"href":"https:\/\/www.datacolor.com\/spyder\/fr\/wp-json\/wp\/v2\/users\/3"}],"replies":[{"embeddable":true,"href":"https:\/\/www.datacolor.com\/spyder\/fr\/wp-json\/wp\/v2\/comments?post=29523"}],"version-history":[{"count":0,"href":"https:\/\/www.datacolor.com\/spyder\/fr\/wp-json\/wp\/v2\/pages\/29523\/revisions"}],"wp:attachment":[{"href":"https:\/\/www.datacolor.com\/spyder\/fr\/wp-json\/wp\/v2\/media?parent=29523"}],"curies":[{"name":"wp","href":"https:\/\/api.w.org\/{rel}","templated":true}]}}