{"id":29575,"date":"2023-05-31T14:19:49","date_gmt":"2023-05-31T14:19:49","guid":{"rendered":"https:\/\/new.spyder.datacolor.eu\/spyder\/welcome-to-spyder-checkr\/"},"modified":"2023-05-31T14:19:55","modified_gmt":"2023-05-31T14:19:55","slug":"welcome-to-spyder-checkr","status":"publish","type":"page","link":"https:\/\/www.datacolor.com\/spyder\/fr\/welcome-to-spyder-checkr\/","title":{"rendered":"Welcome to Spyder Checkr"},"content":{"rendered":"<div class=\"wpb-content-wrapper\"><p>[vc_row css=\u00a0\u00bb.vc_custom_1684849056130{padding-bottom: 60px !important;}\u00a0\u00bb][vc_column width=\u00a0\u00bb1\/2&Prime;][vc_column_text]<\/p>\n<h1 class=\"mainheader\">Bienvenue parmi les utilisateurs du Spyder Checkr !<\/h1>\n<p>[\/vc_column_text][vc_empty_space][vc_column_text]F\u00e9licitations pour l\u2019achat de votre nouveau Datacolor\u00ae Spyder Checkr ! Cette page vous aidera \u00e0 vous lancer dans l\u2019utilisation de votre nouvel outil de pr\u00e9cision des couleurs. Vous pouvez \u00e9galement utiliser les ressources ci-dessous pour trouver des r\u00e9ponses \u00e0 toutes vos \u00e9ventuelles questions. Vous pouvez en outre utiliser les ressources indiqu\u00e9es ci-dessous pour r\u00e9pondre \u00e0 toute question \u00e9ventuelle.<br \/>\n[\/vc_column_text][vc_empty_space][\/vc_column][vc_column width=\u00a0\u00bb1\/2&Prime;][vc_empty_space][vc_single_image image=\u00a0\u00bb28385&Prime; img_size=\u00a0\u00bb750&#215;500&Prime; alignment=\u00a0\u00bbcenter\u00a0\u00bb][\/vc_column][\/vc_row][vc_row bg_type=\u00a0\u00bbbg_color\u00a0\u00bb bg_override=\u00a0\u00bbfull\u00a0\u00bb css=\u00a0\u00bb.vc_custom_1684849083602{padding-top: 60px !important;padding-bottom: 60px !important;}\u00a0\u00bb bg_color_value=\u00a0\u00bb#e7e6e5&Prime;][vc_column width=\u00a0\u00bb2\/3&Prime;][vc_column_text]<\/p>\n<h2>T\u00e9l\u00e9charger le logiciel<\/h2>\n<p>Cliquez sur le produit et le syst\u00e8me d&rsquo;exploitation appropri\u00e9s pour lancer le t\u00e9l\u00e9chargement.<\/p>\n<p>Assurez-vous de bien lire la <a href=\"https:\/\/spyderx.datacolor.com\/datacolor-spyder-software-license\/\" target=\"_blank\" rel=\"noopener\">licence du logiciel Datacolor<\/a>.[\/vc_column_text][\/vc_column][vc_column width=\u00a0\u00bb1\/3&Prime;]<div class=\" ubtn-ctn-center btn_download\"><a class=\"ubtn-link ult-adjust-bottom-margin ubtn-center ubtn-custom btn_download\" href=\"https:\/\/goto.datacolor.com\/download\/checkr24\/win\" target=\"_blank\" rel=\"noopener\" ><button type=\"button\" id=\"ubtn-1766\"  class=\"ubtn ult-adjust-bottom-margin ult-responsive ubtn-custom ubtn-no-hover-bg  none  ubtn-center   tooltip-69dd1673c9224\"  data-hover=\"\" data-border-color=\"\" data-bg=\"#0a0a0a\" data-hover-bg=\"\" data-border-hover=\"\" data-shadow-hover=\"\" data-shadow-click=\"none\" data-shadow=\"\" data-shd-shadow=\"\"  data-ultimate-target='#ubtn-1766'  data-responsive-json-new='{\"font-size\":\"desktop:18px;\",\"line-height\":\"\"}'  style=\"font-weight:normal;width:210px;min-height:56px;padding:px px;border:none;background: #0a0a0a;color: #ffffff;\"><span class=\"ubtn-hover\" style=\"background-color:\"><\/span><span class=\"ubtn-data ubtn-text \" >Logiciel Windows<\/span><\/button><\/a><\/div>[vc_empty_space]<div class=\" ubtn-ctn-center btn_download\"><a class=\"ubtn-link ult-adjust-bottom-margin ubtn-center ubtn-custom btn_download\" href=\"https:\/\/goto.datacolor.com\/download\/checkr24\/mac\" target=\"_blank\" rel=\"noopener\" ><button type=\"button\" id=\"ubtn-1211\"  class=\"ubtn ult-adjust-bottom-margin ult-responsive ubtn-custom ubtn-no-hover-bg  none  ubtn-center   tooltip-69dd1673c929f\"  data-hover=\"\" data-border-color=\"\" data-bg=\"#0a0a0a\" data-hover-bg=\"\" data-border-hover=\"\" data-shadow-hover=\"\" data-shadow-click=\"none\" data-shadow=\"\" data-shd-shadow=\"\"  data-ultimate-target='#ubtn-1211'  data-responsive-json-new='{\"font-size\":\"desktop:18px;\",\"line-height\":\"\"}'  style=\"font-weight:normal;width:210px;min-height:56px;padding:px px;border:none;background: #0a0a0a;color: #ffffff;\"><span class=\"ubtn-hover\" style=\"background-color:\"><\/span><span class=\"ubtn-data ubtn-text \" >Logiciel MacOS<\/span><\/button><\/a><\/div>[vc_empty_space][\/vc_column][\/vc_row][vc_row css=\u00a0\u00bb.vc_custom_1684849442734{padding-top: 60px !important;padding-bottom: 60px !important;}\u00a0\u00bb][vc_column width=\u00a0\u00bb1\/2&Prime;][vc_column_text]<\/p>\n<h3>Guides<\/h3>\n<p>[\/vc_column_text][vc_empty_space][vc_column_text]Ces guides vous aideront \u00e0 bien comprendre le Spyder Checkr et vous guideront \u00e0 travers toutes les \u00e9tapes n\u00e9cessaires pour atteindre des couleurs pr\u00e9cises et coh\u00e9rentes sur toutes vos photos.<\/p>\n<p><a href=\"https:\/\/www.datacolor.com\/spyder\/wp-content\/uploads\/2023\/05\/Spyder-Checkrs-User-Guide-FINAL-EN.pdf\">T\u00e9l\u00e9charger le guide de l&rsquo;utilisateur<\/a><br \/>\n<a href=\"https:\/\/www.datacolor.com\/spyder\/wp-content\/uploads\/2023\/05\/Spyder-Checkr-QSG-FINAL-EN.pdf\">T\u00e9l\u00e9charger le guide de d\u00e9marrage rapide<\/a>[\/vc_column_text][vc_empty_space][\/vc_column][vc_column width=\u00a0\u00bb1\/2&Prime;][vc_column_text]<\/p>\n<h3>Vid\u00e9o de d\u00e9monstration<\/h3>\n<p>[\/vc_column_text]<div id=\"ultimate-video-679569dd1673c92e1\" class=\"ult-video  ult-adjust-bottom-margin ultimate-video-679569dd1673c92e1 ultv-9029 \"><div class=\"ultv-video ultv-aspect-ratio-3_2 ultv-subscribe-responsive-none\" data-videotype=\"uv_iframe\">\n\t\t\t\t\t\t<div class=\"ultv-video__outer-wrap\" data-autoplay=\"0\" data-device=\"false\"  data-iconbg=\"#3A3A3A\" data-overcolor=\"\" data-defaultbg=\"#1f1f1e\" data-defaultplay=\"defaulticon\"><div class=\"ultv-video__play\" data-src=\"https:\/\/www.youtube.com\/embed\/zA3snf2UirQ?rel=0&#038;start&#038;end&#038;controls=1&#038;mute=0&#038;modestbranding=0&#038;autoplay=1\">\n\t\t\t\t\t\t\t\t<img decoding=\"async\" class=\"ultv-video__thumb\" src=\"https:\/\/i.ytimg.com\/vi\/zA3snf2UirQ\/maxresdefault.jpg\"\/>\n\t\t\t\t\t\t\t\t<div class=\"ultv-video__play-icon  ultv-animation-none\" style=\"width:75px\"><svg height=\"100%\" version=\"1.1\" viewBox=\"0 0 68 48\" width=\"100%\"><path class=\"ultv-youtube-icon-bg\" d=\"m .66,37.62 c 0,0 .66,4.70 2.70,6.77 2.58,2.71 5.98,2.63 7.49,2.91 5.43,.52 23.10,.68 23.12,.68 .00,-1.3e-5 14.29,-0.02 23.81,-0.71 1.32,-0.15 4.22,-0.17 6.81,-2.89 2.03,-2.07 2.70,-6.77 2.70,-6.77 0,0 .67,-5.52 .67,-11.04 l 0,-5.17 c 0,-5.52 -0.67,-11.04 -0.67,-11.04 0,0 -0.66,-4.70 -2.70,-6.77 C 62.03,.86 59.13,.84 57.80,.69 48.28,0 34.00,0 34.00,0 33.97,0 19.69,0 10.18,.69 8.85,.84 5.95,.86 3.36,3.58 1.32,5.65 .66,10.35 .66,10.35 c 0,0 -0.55,4.50 -0.66,9.45 l 0,8.36 c .10,4.94 .66,9.45 .66,9.45 z\" fill=\"#1f1f1e\" ><\/path><path d=\"m 26.96,13.67 18.37,9.62 -18.37,9.55 -0.00,-19.17 z\" fill=\"#fff\"><\/path><path d=\"M 45.02,23.46 45.32,23.28 26.96,13.67 43.32,22.34 45.02,23.46 z\" fill=\"#ccc\"><\/path><\/svg><\/div> <\/div> <\/div><\/div><\/div>[\/vc_column][\/vc_row]<\/p>\n<\/div>","protected":false},"excerpt":{"rendered":"<p>[vc_row css=\u00a0\u00bb.vc_custom_1684849056130{padding-bottom: 60px !important;}\u00a0\u00bb][vc_column width=\u00a0\u00bb1\/2&Prime;][vc_column_text] Bienvenue parmi les utilisateurs du Spyder Checkr ! [\/vc_column_text][vc_empty_space][vc_column_text]F\u00e9licitations pour l\u2019achat de votre nouveau Datacolor\u00ae Spyder Checkr ! Cette page vous aidera \u00e0 vous lancer dans l\u2019utilisation de votre nouvel outil de pr\u00e9cision des couleurs. Vous pouvez \u00e9galement utiliser les ressources ci-dessous pour trouver des r\u00e9ponses \u00e0 toutes vos \u00e9ventuelles &hellip;<\/p>\n","protected":false},"author":2,"featured_media":0,"parent":0,"menu_order":0,"comment_status":"closed","ping_status":"closed","template":"","meta":{"_acf_changed":false,"footnotes":""},"class_list":["post-29575","page","type-page","status-publish","hentry"],"acf":[],"_links":{"self":[{"href":"https:\/\/www.datacolor.com\/spyder\/fr\/wp-json\/wp\/v2\/pages\/29575","targetHints":{"allow":["GET"]}}],"collection":[{"href":"https:\/\/www.datacolor.com\/spyder\/fr\/wp-json\/wp\/v2\/pages"}],"about":[{"href":"https:\/\/www.datacolor.com\/spyder\/fr\/wp-json\/wp\/v2\/types\/page"}],"author":[{"embeddable":true,"href":"https:\/\/www.datacolor.com\/spyder\/fr\/wp-json\/wp\/v2\/users\/2"}],"replies":[{"embeddable":true,"href":"https:\/\/www.datacolor.com\/spyder\/fr\/wp-json\/wp\/v2\/comments?post=29575"}],"version-history":[{"count":0,"href":"https:\/\/www.datacolor.com\/spyder\/fr\/wp-json\/wp\/v2\/pages\/29575\/revisions"}],"wp:attachment":[{"href":"https:\/\/www.datacolor.com\/spyder\/fr\/wp-json\/wp\/v2\/media?parent=29575"}],"curies":[{"name":"wp","href":"https:\/\/api.w.org\/{rel}","templated":true}]}}