{"id":32808,"date":"2023-07-12T10:15:30","date_gmt":"2023-07-12T10:15:30","guid":{"rendered":"https:\/\/new.spyder.datacolor.eu\/spyder\/produits\/promo-ema\/"},"modified":"2024-12-09T08:27:31","modified_gmt":"2024-12-09T08:27:31","slug":"black-friday-2024-ema","status":"publish","type":"page","link":"https:\/\/www.datacolor.com\/spyder\/fr\/produits\/black-friday-2024-ema\/","title":{"rendered":"Black Friday 2024"},"content":{"rendered":"<div class=\"wpb-content-wrapper\"><p>[vc_row][vc_column][vc_empty_space][vc_single_image image=\u00a0\u00bb49231&Prime; img_size=\u00a0\u00bbfull\u00a0\u00bb alignment=\u00a0\u00bbcenter\u00a0\u00bb][vc_empty_space height=\u00a0\u00bb64px\u00a0\u00bb][\/vc_column][\/vc_row][vc_row css=\u00a0\u00bb.vc_custom_1683036079720{padding-bottom: 60px !important;}\u00a0\u00bb][vc_column][vc_column_text css=\u00a0\u00bb\u00a0\u00bb]<\/p>\n<h1 style=\"text-align: center; font-weight: bold;\">Profitez des \u00e9conomies sp\u00e9ciales Black Friday de Datacolor !<\/h1>\n<p>&nbsp;<\/p>\n<p style=\"text-align: center;\">Nous offrons d&rsquo;excellentes r\u00e9ductions sur une s\u00e9lection de produits Spyder pour les photographes, les vid\u00e9astes et les cr\u00e9ateurs de contenu, y compris nos nouvelles sondes d&rsquo;\u00e9talonnage 2024 Spyder et SpyderPro. Tous deux \u00e9talonnent les derni\u00e8res technologies d&rsquo;affichage telles que l&rsquo;OLED, la mini-LED et le XDR, et proposent \u00e9galement notre fonction exclusive Device Preview\u2122, qui simule la fa\u00e7on dont votre contenu s&rsquo;affiche sur les tablettes et les smartphones les plus r\u00e9cents. Ne laissez pas passer cette occasion !<\/p>\n<p style=\"font-size: 1.5em; text-align: center;\">Valable du : 18.11.2024 au 06.01.2025<\/p>\n<p style=\"text-align: center;\">Valable uniquement dans l&rsquo;UE\/UK\/CH<\/p>\n<p>[\/vc_column_text][vc_empty_space][\/vc_column][\/vc_row][vc_row][vc_column][vc_raw_html css=\u00a0\u00bb\u00a0\u00bb]JTVCZGNpLXNweWRlcnByb2R1Y3RzJTIwY2F0ZWdvcnklM0QlMjJwcm9tby1lbWElMjIlMjByZWdpb25vbmx5JTNEJTIyaWdub3JlJTIyJTIwJTJGJTVE[\/vc_raw_html][\/vc_column][\/vc_row]<\/p>\n<\/div>","protected":false},"excerpt":{"rendered":"<p>[vc_row][vc_column][vc_empty_space][vc_single_image image=\u00a0\u00bb49231&Prime; img_size=\u00a0\u00bbfull\u00a0\u00bb alignment=\u00a0\u00bbcenter\u00a0\u00bb][vc_empty_space height=\u00a0\u00bb64px\u00a0\u00bb][\/vc_column][\/vc_row][vc_row css=\u00a0\u00bb.vc_custom_1683036079720{padding-bottom: 60px !important;}\u00a0\u00bb][vc_column][vc_column_text css=\u00a0\u00bb\u00a0\u00bb] Profitez des \u00e9conomies sp\u00e9ciales Black Friday de Datacolor ! &nbsp; Nous offrons d&rsquo;excellentes r\u00e9ductions sur une s\u00e9lection de produits Spyder pour les photographes, les vid\u00e9astes et les cr\u00e9ateurs de contenu, y compris nos nouvelles sondes d&rsquo;\u00e9talonnage 2024 Spyder et SpyderPro. Tous deux \u00e9talonnent les derni\u00e8res technologies &hellip;<\/p>\n","protected":false},"author":2,"featured_media":0,"parent":24735,"menu_order":0,"comment_status":"closed","ping_status":"closed","template":"templates\/page-spyder-products.php","meta":{"_acf_changed":false,"footnotes":""},"class_list":["post-32808","page","type-page","status-publish","hentry"],"acf":[],"_links":{"self":[{"href":"https:\/\/www.datacolor.com\/spyder\/fr\/wp-json\/wp\/v2\/pages\/32808","targetHints":{"allow":["GET"]}}],"collection":[{"href":"https:\/\/www.datacolor.com\/spyder\/fr\/wp-json\/wp\/v2\/pages"}],"about":[{"href":"https:\/\/www.datacolor.com\/spyder\/fr\/wp-json\/wp\/v2\/types\/page"}],"author":[{"embeddable":true,"href":"https:\/\/www.datacolor.com\/spyder\/fr\/wp-json\/wp\/v2\/users\/2"}],"replies":[{"embeddable":true,"href":"https:\/\/www.datacolor.com\/spyder\/fr\/wp-json\/wp\/v2\/comments?post=32808"}],"version-history":[{"count":0,"href":"https:\/\/www.datacolor.com\/spyder\/fr\/wp-json\/wp\/v2\/pages\/32808\/revisions"}],"up":[{"embeddable":true,"href":"https:\/\/www.datacolor.com\/spyder\/fr\/wp-json\/wp\/v2\/pages\/24735"}],"wp:attachment":[{"href":"https:\/\/www.datacolor.com\/spyder\/fr\/wp-json\/wp\/v2\/media?parent=32808"}],"curies":[{"name":"wp","href":"https:\/\/api.w.org\/{rel}","templated":true}]}}