{"id":42606,"date":"2024-05-06T07:33:53","date_gmt":"2024-05-06T07:33:53","guid":{"rendered":"https:\/\/dev2024.spyder.datacolor.eu\/spyder\/produits\/spyder-checkr-card-sets\/"},"modified":"2024-05-07T14:03:13","modified_gmt":"2024-05-07T14:03:13","slug":"spyder-checkr-card-sets","status":"publish","type":"page","link":"https:\/\/www.datacolor.com\/spyder\/fr\/produits\/spyder-checkr-card-sets\/","title":{"rendered":"Jeux de mires Spyder Checkr"},"content":{"rendered":"<div class=\"wpb-content-wrapper\"><p>[vc_row][vc_column width=\u00a0\u00bb3\/5&Prime;][vc_empty_space][vc_gallery interval=\u00a0\u00bb3&Prime; images=\u00a0\u00bb42351&Prime; img_size=\u00a0\u00bb750&#215;500&Prime; el_class=\u00a0\u00bbproduct_images\u00a0\u00bb][vc_empty_space][\/vc_column][vc_column width=\u00a0\u00bb2\/5&Prime;][vc_column_text]<\/p>\n<h1 class=\"mainheader\">Jeux de mires Spyder Checkr<\/h1>\n<h2 class=\"subheader\">Profitez pleinement de la polyvalence de votre Spyder Checkr Photo ou Spyder Checkr Video avec ces jeux de mires suppl\u00e9mentaires Spyder Checkr. Vous pouvez ainsi acqu\u00e9rir le jeu de mires Video si vous poss\u00e9dez le Spyder Checkr Photo, ou le jeu de mires Photo si vous poss\u00e9dez le Spyder Checkr Video, et b\u00e9n\u00e9ficier de workflows simples et pr\u00e9cis.<\/h2>\n<p>[\/vc_column_text][vc_empty_space][\/vc_column][\/vc_row][vc_row][vc_column][vc_empty_space][\/vc_column][\/vc_row][vc_row][vc_column width=\u00a0\u00bb1\/2&Prime;][vc_single_image image=\u00a0\u00bb42475&Prime; img_size=\u00a0\u00bbfull\u00a0\u00bb][vc_empty_space][vc_column_text el_class=\u00a0\u00bbproduct-text-container\u00a0\u00bb]<\/p>\n<h2>Jeu de mires Spyder Checkr Video<\/h2>\n<p>Si vous poss\u00e9dez d\u00e9j\u00e0 le Spyder Checkr Photo, ce jeu de mires constitue une extension id\u00e9ale pour la vid\u00e9o. Le jeu de cartes vid\u00e9o comprend :<\/p>\n<ul>\n<li>Il contient 5 mires vid\u00e9o interchangeables et ultra-brillantes, dont une mire \u00e0 motifs de couleurs con\u00e7ue pour le traitement vid\u00e9o, qui permet un r\u00e9glage pr\u00e9cis, complet et nuanc\u00e9 des couleurs (brevet en instance). Cette mire propose 12 vignettes de couleurs dans une configuration unique, avec des vignettes noire, grise et blanche au milieu et 6 tuiles de tons chair.<\/li>\n<li>Une mire d\u2019\u00e9chelle de gris incluant (2) barres de gris \u00e0 11 niveaux, plus 3 barres pleines de blanc, de noir et de gris 50 %, pour capturer chaque d\u00e9tail.<\/li>\n<li>Une mire de vignettes de couleurs standard (utile dans le travail hybride photo\/vid\u00e9o), incluant 12 vignettes de couleur, 6 vignettes de tons chair et des barres noire, blanche et grise 50 %.<\/li>\n<li>Une mire de gris neutre pour la balance des blancs.<\/li>\n<li>Une mire Focus Star, pour la mise au point.<\/li>\n<\/ul>\n<p>[\/vc_column_text][vc_empty_space][vc_column_text]<div id=\"dci-getprice-container\">\n  <div id=\"dci-getprice-request\" data-sku=\"SCV3FRC\" data-language=\"fr\" data-promotext=\"Promotion:\">Requesting price...<\/div>\n<\/div> \n[\/vc_column_text][vc_empty_space]\r\n\t\t\t<div class=\"nm_btn_align_left\">\r\n\t\t\t\t<a href=\"https:\/\/goto.datacolor.com\/webshop\/buynow\/scv3-frc\" class=\"nm_btn nm_btn_md nm_btn_filled\" title=\"Jeu de mires Spyder Checkr Photo\">\r\n\t\t\t\t\t<span class=\"nm_btn_title\">Ajouter au panier<\/span>\r\n\t\t\t\t\t<span class=\"nm_btn_bg\" style=\"background-color:#dd3333;\"><\/span>\r\n\t\t\t\t<\/a>\r\n\t\t\t<\/div>[\/vc_column][vc_column width=\u00a0\u00bb1\/2&Prime;][vc_single_image image=\u00a0\u00bb42485&Prime; img_size=\u00a0\u00bbfull\u00a0\u00bb][vc_empty_space][vc_column_text el_class=\u00a0\u00bbproduct-text-container\u00a0\u00bb]<\/p>\n<h2>Jeu de mires Spyder Checkr Photo<\/h2>\n<p>Jeu de mires Spyder Checkr Photo Les possesseurs du Spyder Checkr Video peuvent ajouter ce jeu de mires Spyder Checkr Photo pour personnaliser leur Checkr et l\u2019adapter \u00e0 leur propre workflow. Le jeu de mires Photo inclut :<\/p>\n<ul>\n<li>4 mires ultra-mates offrant une collection compl\u00e8te de 62 vignettes de couleurs et de gris. En d\u00e9tails : : 30 teintes + 6 tons chair ; 12 vignette d\u2019\u00e9chelle de gris ; une grande mire de gris et une mire de balance des blancs, comprenant chacune une \u00e9chelle de gris suppl\u00e9mentaire.<\/li>\n<li>Les mires interchangeables proposent une solide offre de vignettes de couleurs adapt\u00e9es \u00e0 tous les types de photographie : tons chair \u00e9tendus pour la photo de portrait ; grandes vignettes pour une balance facile des blancs et des gris ; \u00e9chelle de gris \u00e0 12 niveaux pour une exposition parfaite, une d\u00e9finition sup\u00e9rieure et un contr\u00f4le instantan\u00e9 de la gamme dynamique.<\/li>\n<li>Ces mires ultra-mates uniques en leur genre offrent des couleurs riches et des noirs profonds. Le faible niveau de r\u00e9flectivit\u00e9 assure un \u00e9talonnage d\u2019une pr\u00e9cision et d\u2019une fid\u00e9lit\u00e9 sans \u00e9gales, quelles que soient les conditions lumineuses.<\/li>\n<li>Inclut une licence d\u2019utilisation du logiciel Spyder Checkr<\/li>\n<\/ul>\n<p>[\/vc_column_text][vc_empty_space][vc_column_text]<div id=\"dci-getprice-container\">\n  <div id=\"dci-getprice-request\" data-sku=\"SCK3FRC\" data-language=\"fr\" data-promotext=\"Promotion:\">Requesting price...<\/div>\n<\/div> \n[\/vc_column_text][vc_empty_space]\r\n\t\t\t<div class=\"nm_btn_align_left\">\r\n\t\t\t\t<a href=\"https:\/\/goto.datacolor.com\/webshop\/buynow\/sck3-frc\" class=\"nm_btn nm_btn_md nm_btn_filled\" title=\"Datacolor Spyder Checkr Photo Full Replacement Card Set (Jeu de cartes de remplacement complet)\">\r\n\t\t\t\t\t<span class=\"nm_btn_title\">Ajouter au panier<\/span>\r\n\t\t\t\t\t<span class=\"nm_btn_bg\" style=\"background-color:#dd3333;\"><\/span>\r\n\t\t\t\t<\/a>\r\n\t\t\t<\/div>[\/vc_column][\/vc_row][vc_row][vc_column][vc_empty_space height=\u00a0\u00bb64&Prime;][vc_separator][vc_empty_space height=\u00a0\u00bb64&Prime;][vc_column_text]<\/p>\n<h3>Cartes de remplacement individuelles pour Spyder Checkr Photo et Spyder Checkr Video<\/h3>\n<p>Carte perdue ou endommag\u00e9e ? <a href=\"https:\/\/spyder-support.datacolor.com\/\" target=\"_blank\" rel=\"noopener\"><u>Contactez notre \u00e9quipe<\/u><\/a> qui pourra vous aider \u00e0 acheter des cartes individuelles.[\/vc_column_text][vc_empty_space height=\u00a0\u00bb32&Prime;][\/vc_column][\/vc_row][vc_row disable_element=\u00a0\u00bbyes\u00a0\u00bb][vc_column][vc_empty_space height=\u00a0\u00bb64&Prime;][vc_separator][vc_empty_space height=\u00a0\u00bb64&Prime;][vc_column_text]<\/p>\n<h3>Cartes simples &#8211; pour Spyder Checkr Video<\/h3>\n<p>[\/vc_column_text][vc_empty_space height=\u00a0\u00bb32&Prime;][\/vc_column][\/vc_row][vc_row disable_element=\u00a0\u00bbyes\u00a0\u00bb][vc_column width=\u00a0\u00bb1\/3&Prime;][vc_single_image][vc_empty_space][vc_column_text el_class=\u00a0\u00bbproduct-text-container\u00a0\u00bb]<\/p>\n<h4>Carte de couleurs vid\u00e9o<\/h4>\n<p>La carte des couleurs utilise notre nouveau design en instance de brevet pour faciliter la compr\u00e9hension de la correction des couleurs \u00e0 l&rsquo;aide de vecteurscopes. La carte des couleurs est d\u00e9velopp\u00e9e pour l&rsquo;espace colorim\u00e9trique Rec.709.[\/vc_column_text][vc_empty_space][vc_column_text]<div id=\"dci-getprice-container\">\n  <div id=\"dci-getprice-request\" data-sku=\"STP100\" data-language=\"fr\" data-promotext=\"Promotion:\">Requesting price...<\/div>\n<\/div> \n[\/vc_column_text][vc_empty_space]\r\n\t\t\t<div class=\"nm_btn_align_left\">\r\n\t\t\t\t<a href=\"https:\/\/goto.datacolor.com\/webshop\/buynow\/slc100\" class=\"nm_btn nm_btn_md nm_btn_filled\" title=\"Acheter Spyder LensCal\">\r\n\t\t\t\t\t<span class=\"nm_btn_title\">Ajouter au panier<\/span>\r\n\t\t\t\t\t<span class=\"nm_btn_bg\" style=\"background-color:#dd3333;\"><\/span>\r\n\t\t\t\t<\/a>\r\n\t\t\t<\/div>[\/vc_column][vc_column width=\u00a0\u00bb1\/3&Prime;][vc_single_image][vc_empty_space][vc_column_text el_class=\u00a0\u00bbproduct-text-container\u00a0\u00bb]<\/p>\n<h4>Carte de correspondance vid\u00e9o-couleur<\/h4>\n<p>Inclut les m\u00eames couleurs que la Color Pattern Card, offrant aux utilisateurs une autre option de flux de travail pour plus de commodit\u00e9. La carte des couleurs est d\u00e9velopp\u00e9e pour l&rsquo;espace colorim\u00e9trique Rec.709.[\/vc_column_text][vc_empty_space][vc_column_text]<div id=\"dci-getprice-container\">\n  <div id=\"dci-getprice-request\" data-sku=\"STP100\" data-language=\"fr\" data-promotext=\"Promotion:\">Requesting price...<\/div>\n<\/div> \n[\/vc_column_text][vc_empty_space]\r\n\t\t\t<div class=\"nm_btn_align_left\">\r\n\t\t\t\t<a href=\"https:\/\/goto.datacolor.com\/webshop\/buynow\/slc100\" class=\"nm_btn nm_btn_md nm_btn_filled\" title=\"Acheter Spyder LensCal\">\r\n\t\t\t\t\t<span class=\"nm_btn_title\">Ajouter au panier<\/span>\r\n\t\t\t\t\t<span class=\"nm_btn_bg\" style=\"background-color:#dd3333;\"><\/span>\r\n\t\t\t\t<\/a>\r\n\t\t\t<\/div>[\/vc_column][vc_column width=\u00a0\u00bb1\/3&Prime;][vc_single_image][vc_empty_space][vc_column_text el_class=\u00a0\u00bbproduct-text-container\u00a0\u00bb]<\/p>\n<h4>Carte \u00e0 solde gris<\/h4>\n<p>Carte grise solide et neutre pour la balance des blancs.[\/vc_column_text][vc_empty_space][vc_column_text]<div id=\"dci-getprice-container\">\n  <div id=\"dci-getprice-request\" data-sku=\"STP100\" data-language=\"fr\" data-promotext=\"Promotion:\">Requesting price...<\/div>\n<\/div> \n[\/vc_column_text][vc_empty_space]\r\n\t\t\t<div class=\"nm_btn_align_left\">\r\n\t\t\t\t<a href=\"https:\/\/goto.datacolor.com\/webshop\/buynow\/slc100\" class=\"nm_btn nm_btn_md nm_btn_filled\" title=\"Acheter Spyder LensCal\">\r\n\t\t\t\t\t<span class=\"nm_btn_title\">Ajouter au panier<\/span>\r\n\t\t\t\t\t<span class=\"nm_btn_bg\" style=\"background-color:#dd3333;\"><\/span>\r\n\t\t\t\t<\/a>\r\n\t\t\t<\/div>[\/vc_column][\/vc_row][vc_row disable_element=\u00a0\u00bbyes\u00a0\u00bb][vc_column][vc_empty_space height=\u00a0\u00bb64&Prime;][\/vc_column][\/vc_row][vc_row disable_element=\u00a0\u00bbyes\u00a0\u00bb][vc_column width=\u00a0\u00bb1\/3&Prime;][vc_single_image][vc_empty_space][vc_column_text el_class=\u00a0\u00bbproduct-text-container\u00a0\u00bb]<\/p>\n<h4>Carte vid\u00e9o \u00e0 niveaux de gris<\/h4>\n<p>Cette carte est con\u00e7ue pour fournir des points de r\u00e9f\u00e9rence pr\u00e9cis pour les niveaux d&rsquo;exposition et de contraste. Il contient deux barres d&rsquo;\u00e9chelle de gris \u00e0 11 niveaux, Blanc brillant, Gris 50 % et Noir.<\/p>\n<p>[\/vc_column_text][vc_empty_space][vc_column_text]<div id=\"dci-getprice-container\">\n  <div id=\"dci-getprice-request\" data-sku=\"STP100\" data-language=\"fr\" data-promotext=\"Promotion:\">Requesting price...<\/div>\n<\/div> \n[\/vc_column_text][vc_empty_space]\r\n\t\t\t<div class=\"nm_btn_align_left\">\r\n\t\t\t\t<a href=\"https:\/\/goto.datacolor.com\/webshop\/buynow\/slc100\" class=\"nm_btn nm_btn_md nm_btn_filled\" title=\"Acheter Spyder LensCal\">\r\n\t\t\t\t\t<span class=\"nm_btn_title\">Ajouter au panier<\/span>\r\n\t\t\t\t\t<span class=\"nm_btn_bg\" style=\"background-color:#dd3333;\"><\/span>\r\n\t\t\t\t<\/a>\r\n\t\t\t<\/div>[\/vc_column][vc_column width=\u00a0\u00bb1\/3&Prime;][vc_single_image][vc_empty_space][vc_column_text el_class=\u00a0\u00bbproduct-text-container\u00a0\u00bb]<\/p>\n<h4>Focus Star<\/h4>\n<p>Pour un r\u00e9glage pr\u00e9cis de la zone de mise au point[\/vc_column_text][vc_empty_space][vc_column_text]<div id=\"dci-getprice-container\">\n  <div id=\"dci-getprice-request\" data-sku=\"STP100\" data-language=\"fr\" data-promotext=\"Promotion:\">Requesting price...<\/div>\n<\/div> \n[\/vc_column_text][vc_empty_space]\r\n\t\t\t<div class=\"nm_btn_align_left\">\r\n\t\t\t\t<a href=\"https:\/\/goto.datacolor.com\/webshop\/buynow\/slc100\" class=\"nm_btn nm_btn_md nm_btn_filled\" title=\"Acheter Spyder LensCal\">\r\n\t\t\t\t\t<span class=\"nm_btn_title\">Ajouter au panier<\/span>\r\n\t\t\t\t\t<span class=\"nm_btn_bg\" style=\"background-color:#dd3333;\"><\/span>\r\n\t\t\t\t<\/a>\r\n\t\t\t<\/div>[\/vc_column][vc_column width=\u00a0\u00bb1\/3&Prime;][\/vc_column][\/vc_row][vc_row disable_element=\u00a0\u00bbyes\u00a0\u00bb][vc_column][vc_empty_space height=\u00a0\u00bb64&Prime;][vc_separator][vc_empty_space height=\u00a0\u00bb64&Prime;][vc_column_text]<\/p>\n<h3>Cartes simples &#8211; pour Spyder Checkr Photo<\/h3>\n<p>[\/vc_column_text][vc_empty_space height=\u00a0\u00bb32&Prime;][\/vc_column][\/vc_row][vc_row disable_element=\u00a0\u00bbyes\u00a0\u00bb][vc_column width=\u00a0\u00bb1\/3&Prime;][vc_single_image][vc_empty_space][vc_column_text el_class=\u00a0\u00bbproduct-text-container\u00a0\u00bb]<\/p>\n<h4>Carte de balance des blancs<\/h4>\n<p>Pour l&rsquo;\u00e9laboration d&rsquo;un plan d&rsquo;action et d&rsquo;un plan d&rsquo;action pour la mise en \u0153uvre de l&rsquo;accord. D\u00e9finition g\u00e9n\u00e9rique des d\u00e9tails dans les domaines historiques des images.<br \/>\n[\/vc_column_text][vc_empty_space][vc_column_text]<div id=\"dci-getprice-container\">\n  <div id=\"dci-getprice-request\" data-sku=\"STP100\" data-language=\"fr\" data-promotext=\"Promotion:\">Requesting price...<\/div>\n<\/div> \n[\/vc_column_text][vc_empty_space]\r\n\t\t\t<div class=\"nm_btn_align_left\">\r\n\t\t\t\t<a href=\"https:\/\/goto.datacolor.com\/webshop\/buynow\/slc100\" class=\"nm_btn nm_btn_md nm_btn_filled\" title=\"Acheter Spyder LensCal\">\r\n\t\t\t\t\t<span class=\"nm_btn_title\">Ajouter au panier<\/span>\r\n\t\t\t\t\t<span class=\"nm_btn_bg\" style=\"background-color:#dd3333;\"><\/span>\r\n\t\t\t\t<\/a>\r\n\t\t\t<\/div>[\/vc_column][vc_column width=\u00a0\u00bb1\/3&Prime;][vc_single_image][vc_empty_space][vc_column_text el_class=\u00a0\u00bbproduct-text-container\u00a0\u00bb]<\/p>\n<h4>Carte de solde grise<\/h4>\n<p>Carte de d\u00e9finition des couleurs blanches ainsi que pour l&rsquo;int\u00e9gration de la lumi\u00e8re et des couleurs blanches dans la cam\u00e9ra. [\/vc_column_text][vc_empty_space][vc_column_text]<div id=\"dci-getprice-container\">\n  <div id=\"dci-getprice-request\" data-sku=\"STP100\" data-language=\"fr\" data-promotext=\"Promotion:\">Requesting price...<\/div>\n<\/div> \n[\/vc_column_text][vc_empty_space]\r\n\t\t\t<div class=\"nm_btn_align_left\">\r\n\t\t\t\t<a href=\"https:\/\/goto.datacolor.com\/webshop\/buynow\/slc100\" class=\"nm_btn nm_btn_md nm_btn_filled\" title=\"Acheter Spyder LensCal\">\r\n\t\t\t\t\t<span class=\"nm_btn_title\">Ajouter au panier<\/span>\r\n\t\t\t\t\t<span class=\"nm_btn_bg\" style=\"background-color:#dd3333;\"><\/span>\r\n\t\t\t\t<\/a>\r\n\t\t\t<\/div>[\/vc_column][vc_column width=\u00a0\u00bb1\/3&Prime;][vc_single_image][vc_empty_space][vc_column_text el_class=\u00a0\u00bbproduct-text-container\u00a0\u00bb]<\/p>\n<h4>Farbkarte 1<\/h4>\n<p>Carte de couleurs pour la correction des couleurs des couleurs primaires[\/vc_column_text][vc_empty_space][vc_column_text]<div id=\"dci-getprice-container\">\n  <div id=\"dci-getprice-request\" data-sku=\"STP100\" data-language=\"fr\" data-promotext=\"Promotion:\">Requesting price...<\/div>\n<\/div> \n[\/vc_column_text][vc_empty_space]\r\n\t\t\t<div class=\"nm_btn_align_left\">\r\n\t\t\t\t<a href=\"https:\/\/goto.datacolor.com\/webshop\/buynow\/slc100\" class=\"nm_btn nm_btn_md nm_btn_filled\" title=\"Acheter Spyder LensCal\">\r\n\t\t\t\t\t<span class=\"nm_btn_title\">Ajouter au panier<\/span>\r\n\t\t\t\t\t<span class=\"nm_btn_bg\" style=\"background-color:#dd3333;\"><\/span>\r\n\t\t\t\t<\/a>\r\n\t\t\t<\/div>[\/vc_column][\/vc_row][vc_row disable_element=\u00a0\u00bbyes\u00a0\u00bb][vc_column][vc_empty_space height=\u00a0\u00bb64&Prime;][\/vc_column][\/vc_row][vc_row disable_element=\u00a0\u00bbyes\u00a0\u00bb][vc_column width=\u00a0\u00bb1\/3&Prime;][vc_single_image][vc_empty_space][vc_column_text el_class=\u00a0\u00bbproduct-text-container\u00a0\u00bb]<\/p>\n<h4>Farbkarte 2<\/h4>\n<p>Carte de couleurs pour les couleurs pr\u00e4ziseren Farbkorrektur von Hautt\u00f6nen sowie Pastellfarben.[\/vc_column_text][vc_empty_space][vc_column_text]<div id=\"dci-getprice-container\">\n  <div id=\"dci-getprice-request\" data-sku=\"STP100\" data-language=\"fr\" data-promotext=\"Promotion:\">Requesting price...<\/div>\n<\/div> \n[\/vc_column_text][vc_empty_space]\r\n\t\t\t<div class=\"nm_btn_align_left\">\r\n\t\t\t\t<a href=\"https:\/\/goto.datacolor.com\/webshop\/buynow\/slc100\" class=\"nm_btn nm_btn_md nm_btn_filled\" title=\"Acheter Spyder LensCal\">\r\n\t\t\t\t\t<span class=\"nm_btn_title\">Ajouter au panier<\/span>\r\n\t\t\t\t\t<span class=\"nm_btn_bg\" style=\"background-color:#dd3333;\"><\/span>\r\n\t\t\t\t<\/a>\r\n\t\t\t<\/div>[\/vc_column][vc_column width=\u00a0\u00bb1\/3&Prime;][\/vc_column][vc_column width=\u00a0\u00bb1\/3&Prime;][\/vc_column][\/vc_row][vc_row][vc_column][vc_empty_space height=\u00a0\u00bb64&Prime;][\/vc_column][\/vc_row][vc_row bg_type=\u00a0\u00bbbg_color\u00a0\u00bb bg_override=\u00a0\u00bbfull\u00a0\u00bb bg_color_value=\u00a0\u00bb#e7e6e5&Prime; css=\u00a0\u00bb.vc_custom_1681378159441{margin-top: 30px !important;padding-top: 60px !important;padding-bottom: 60px !important;}\u00a0\u00bb][vc_column width=\u00a0\u00bb1\/2&Prime;]\r\n\t\t\t<div class=\"nm_btn_align_center\">\r\n\t\t\t\t<a href=\"\" class=\"nm_btn nm_btn_lg nm_btn_filled\">\r\n\t\t\t\t\t<span class=\"nm_btn_title\">Besoin d&amp;apos;aide ?<\/span>\r\n\t\t\t\t\t<span class=\"nm_btn_bg\" style=\"background-color:#000000;\"><\/span>\r\n\t\t\t\t<\/a>\r\n\t\t\t<\/div>[\/vc_column][vc_column width=\u00a0\u00bb1\/2&Prime;]\r\n\t\t\t<div class=\"nm_btn_align_center\">\r\n\t\t\t\t<a href=\"https:\/\/www.datacolor.com\/spyder\/spyder-monitor-calibrators\/\" class=\"nm_btn nm_btn_lg nm_btn_filled\" title=\"Calibrateurs de moniteurs Spyder\">\r\n\t\t\t\t\t<span class=\"nm_btn_title\">Pourquoi \u00e9talonner votre moniteur ?<\/span>\r\n\t\t\t\t\t<span class=\"nm_btn_bg\" style=\"background-color:#000000;\"><\/span>\r\n\t\t\t\t<\/a>\r\n\t\t\t<\/div>[\/vc_column][\/vc_row][vc_row css=\u00a0\u00bb.vc_custom_1679491516376{padding-top: 30px !important;padding-bottom: 30px !important;}\u00a0\u00bb][vc_column][vc_column_text]<\/p>\n<h2 style=\"border-bottom: solid 1px #ccc; padding-bottom: 5px; margin-bottom: 30px;\">Vous pouvez aussi aimer<\/h2>\n<p>[\/vc_column_text][vc_empty_space]<div id=\"ult-carousel-223901599569ea330c2f22b\" class=\"ult-carousel-wrapper   ult_horizontal\" data-gutter=\"15\" data-rtl=\"false\" ><div class=\"ult-carousel-310700668269ea330c2f1f5 \" >[vc_row_inner][vc_column_inner][vc_column_text]<div class=\"ult-item-wrap\" data-animation=\"animated no-animation\"><\/div>[\/vc_column_text][\/vc_column_inner][\/vc_row_inner][vc_row_inner][vc_column_inner][vc_column_text]<div class=\"ult-item-wrap\" data-animation=\"animated no-animation\"><\/div>[\/vc_column_text][\/vc_column_inner][\/vc_row_inner][vc_row_inner][vc_column_inner][vc_column_text]<div class=\"ult-item-wrap\" data-animation=\"animated no-animation\"><div class=\"vc_single_image-wrapper vc_box_border_grey\"><a href=\"https:\/\/www.datacolor.com\/spyder\/fr\/produits\/spyder-cube\/\"><img decoding=\"async\" class=\"vc_single_image-img \" src=\"https:\/\/www.datacolor.com\/spyder\/wp-content\/uploads\/2022\/12\/Datacolor-Spyder-Cube_750x500-400x300.jpg\" width=\"400\"><\/a><\/div><a href=\"https:\/\/www.datacolor.com\/spyder\/fr\/produits\/spyder-cube\/\"><div class=\"wpb_wrapper\"><p><strong>Spyder Cube<\/strong><br><\/p><\/div><\/a><\/div>[\/vc_column_text][\/vc_column_inner][\/vc_row_inner][vc_row_inner][vc_column_inner][vc_column_text]<div class=\"ult-item-wrap\" data-animation=\"animated no-animation\"><div class=\"vc_single_image-wrapper vc_box_border_grey\"><a href=\"https:\/\/www.datacolor.com\/spyder\/fr\/produits\/spyder-lenscal\/\"><img decoding=\"async\" class=\"vc_single_image-img \" src=\"https:\/\/www.datacolor.com\/spyder\/wp-content\/uploads\/2022\/12\/Datacolor-Spyder-Lenscal_750x500.jpg\" width=\"1\"><\/a><\/div><a href=\"https:\/\/www.datacolor.com\/spyder\/fr\/produits\/spyder-lenscal\/\"><div class=\"wpb_wrapper\"><p><strong>Spyder LensCal<\/strong><br><\/p><\/div><\/a><\/div>[\/vc_column_text][\/vc_column_inner][\/vc_row_inner][vc_row_inner][vc_column_inner][vc_column_text]<div class=\"ult-item-wrap\" data-animation=\"animated no-animation\"><div class=\"vc_single_image-wrapper vc_box_border_grey\"><a href=\"https:\/\/www.datacolor.com\/colorreader\/products\/colorreader\/\"><img decoding=\"async\" class=\"vc_single_image-img \" src=\"https:\/\/www.datacolor.com\/spyder\/wp-content\/uploads\/2023\/04\/Colorreader-Phone_750x500.jpg\" width=\"1\"><\/a><\/div><a href=\"https:\/\/www.datacolor.com\/colorreader\/products\/colorreader\/\"><div class=\"wpb_wrapper\"><p><strong>ColorReader<\/strong><br><\/p><\/div><\/a><\/div>[\/vc_column_text][\/vc_column_inner][\/vc_row_inner]<\/div><\/div>\t\t\t<script type=\"text\/javascript\">\n\t\t\t\tjQuery(document).ready(function ($) {\n\t\t\t\t\tif( typeof jQuery('.ult-carousel-310700668269ea330c2f1f5').slick == \"function\"){\n\t\t\t\t\t\t$('.ult-carousel-310700668269ea330c2f1f5').slick({dots: true,autoplaySpeed: \"5000\",speed: \"300\",infinite: true,arrows: true,nextArrow: '<button type=\"button\" role=\"button\" aria-label=\"Next\" style=\"color:#333333; font-size:20px;\" class=\"slick-next default\"><i class=\"ultsl-arrow-right4\"><\/i><\/button>',prevArrow: '<button type=\"button\" role=\"button\" aria-label=\"Previous\" style=\"color:#333333; font-size:20px;\" class=\"slick-prev default\"><i class=\"ultsl-arrow-left4\"><\/i><\/button>',slidesToScroll:5,slidesToShow:5,swipe: true,draggable: true,touchMove: true,pauseOnHover: true,pauseOnFocus: false,responsive: [\n\t\t\t\t\t\t\t{\n\t\t\t\t\t\t\t  breakpoint: 1026,\n\t\t\t\t\t\t\t  settings: {\n\t\t\t\t\t\t\t\tslidesToShow: 5,\n\t\t\t\t\t\t\t\tslidesToScroll: 5,  \n\t\t\t\t\t\t\t  }\n\t\t\t\t\t\t\t},\n\t\t\t\t\t\t\t{\n\t\t\t\t\t\t\t  breakpoint: 1025,\n\t\t\t\t\t\t\t  settings: {\n\t\t\t\t\t\t\t\tslidesToShow: 3,\n\t\t\t\t\t\t\t\tslidesToScroll: 3\n\t\t\t\t\t\t\t  }\n\t\t\t\t\t\t\t},\n\t\t\t\t\t\t\t{\n\t\t\t\t\t\t\t  breakpoint: 760,\n\t\t\t\t\t\t\t  settings: {\n\t\t\t\t\t\t\t\tslidesToShow: 2,\n\t\t\t\t\t\t\t\tslidesToScroll: 2\n\t\t\t\t\t\t\t  }\n\t\t\t\t\t\t\t}\n\t\t\t\t\t\t],pauseOnDotsHover: true,customPaging: function(slider, i) {\n                   return '<i type=\"button\" style= \"color:#333333;\" class=\"ultsl-record\" data-role=\"none\"><\/i>';\n                },});\n\t\t\t\t\t}\n\t\t\t\t});\n\t\t\t<\/script>\n\t\t\t[\/vc_column][\/vc_row][vc_row][vc_column][vc_raw_html]W2RjaS1zcHlkZXJhd2FyZHMgY2F0ZWdvcnk9ImRpc3BsYXktY2FsaWJyYXRpb24teDIiIC9d[\/vc_raw_html][\/vc_column][\/vc_row]<\/p>\n<\/div>","protected":false},"excerpt":{"rendered":"<p>[vc_row][vc_column width=\u00a0\u00bb3\/5&Prime;][vc_empty_space][vc_gallery interval=\u00a0\u00bb3&Prime; images=\u00a0\u00bb42351&Prime; img_size=\u00a0\u00bb750&#215;500&Prime; el_class=\u00a0\u00bbproduct_images\u00a0\u00bb][vc_empty_space][\/vc_column][vc_column width=\u00a0\u00bb2\/5&Prime;][vc_column_text] Jeux de mires Spyder Checkr Profitez pleinement de la polyvalence de votre Spyder Checkr Photo ou Spyder Checkr Video avec ces jeux de mires suppl\u00e9mentaires Spyder Checkr. Vous pouvez ainsi acqu\u00e9rir le jeu de mires Video si vous poss\u00e9dez le Spyder Checkr Photo, ou le jeu de mires &hellip;<\/p>\n","protected":false},"author":2,"featured_media":0,"parent":24735,"menu_order":0,"comment_status":"closed","ping_status":"closed","template":"","meta":{"_acf_changed":false,"footnotes":""},"class_list":["post-42606","page","type-page","status-publish","hentry"],"acf":[],"_links":{"self":[{"href":"https:\/\/www.datacolor.com\/spyder\/fr\/wp-json\/wp\/v2\/pages\/42606","targetHints":{"allow":["GET"]}}],"collection":[{"href":"https:\/\/www.datacolor.com\/spyder\/fr\/wp-json\/wp\/v2\/pages"}],"about":[{"href":"https:\/\/www.datacolor.com\/spyder\/fr\/wp-json\/wp\/v2\/types\/page"}],"author":[{"embeddable":true,"href":"https:\/\/www.datacolor.com\/spyder\/fr\/wp-json\/wp\/v2\/users\/2"}],"replies":[{"embeddable":true,"href":"https:\/\/www.datacolor.com\/spyder\/fr\/wp-json\/wp\/v2\/comments?post=42606"}],"version-history":[{"count":0,"href":"https:\/\/www.datacolor.com\/spyder\/fr\/wp-json\/wp\/v2\/pages\/42606\/revisions"}],"up":[{"embeddable":true,"href":"https:\/\/www.datacolor.com\/spyder\/fr\/wp-json\/wp\/v2\/pages\/24735"}],"wp:attachment":[{"href":"https:\/\/www.datacolor.com\/spyder\/fr\/wp-json\/wp\/v2\/media?parent=42606"}],"curies":[{"name":"wp","href":"https:\/\/api.w.org\/{rel}","templated":true}]}}