{"id":48141,"date":"2024-09-13T09:27:55","date_gmt":"2024-09-13T09:27:55","guid":{"rendered":"https:\/\/dev2024.spyder.datacolor.eu\/spyder\/welcome-to-spyderpro\/"},"modified":"2025-11-05T17:19:47","modified_gmt":"2025-11-05T17:19:47","slug":"welcome-to-spyderpro","status":"publish","type":"page","link":"https:\/\/www.datacolor.com\/spyder\/fr\/welcome-to-spyderpro\/","title":{"rendered":"Welcome to SpyderPro"},"content":{"rendered":"<div class=\"wpb-content-wrapper\"><p>[vc_row css=\u00a0\u00bb.vc_custom_1682339726830{padding-top: 60px !important;padding-bottom: 60px !important;}\u00a0\u00bb][vc_column width=\u00a0\u00bb2\/5&Prime;][vc_column_text css=\u00a0\u00bb\u00a0\u00bb]<\/p>\n<h1 class=\"mainheader\">Bienvenue chez SpyderPro &#8211; commen\u00e7ons !<\/h1>\n<p>[\/vc_column_text][vc_empty_space][vc_column_text css=\u00a0\u00bb\u00a0\u00bb]<\/p>\n<p>Dites adieu au hasard et d\u00e9couvrez l\u2019optimisation sans effort.<\/p>\n<ul class=\"tick_list\" style=\"margin-bottom: 10px;\">\n<li>T\u00e9l\u00e9chargez votre logiciel SpyderPro<\/li>\n<li>Consultez le Guide de d\u00e9marrage rapide et le Guide d\u2019utilisation<\/li>\n<li>Regardez les tutoriels vid\u00e9o<\/li>\n<li>Explorez la FAQ<\/li>\n<li>\u00c9talonnez<\/li>\n<\/ul>\n<p>Votre \u00e9cran sera optimis\u00e9 en un rien de temps\u202f!<\/p>\n<p>[\/vc_column_text][vc_empty_space][\/vc_column][vc_column width=\u00a0\u00bb3\/5&Prime;][vc_empty_space][vc_single_image image=\u00a0\u00bb61991&Prime; img_size=\u00a0\u00bblarge\u00a0\u00bb][\/vc_column][\/vc_row][vc_row bg_type=\u00a0\u00bbbg_color\u00a0\u00bb bg_override=\u00a0\u00bbfull\u00a0\u00bb bg_color_value=\u00a0\u00bb#fafafa\u00a0\u00bb css=\u00a0\u00bb.vc_custom_1725522706270{padding-top: 30px !important;padding-bottom: 60px !important;}\u00a0\u00bb][vc_column width=\u00a0\u00bb1\/2&Prime; css=\u00a0\u00bb.vc_custom_1725972773631{padding-right: 32px !important;padding-left: 32px !important;}\u00a0\u00bb][vc_column_text css=\u00a0\u00bb\u00a0\u00bb]<\/p>\n<h3 style=\"margin-bottom: 20px; display: flex;\"><img decoding=\"async\" class=\"alignnone size-full wp-image-58198\" style=\"width: 30px; height: 30px; margin-right: 10px;\" src=\"..\/wp-content\/uploads\/2025\/08\/ico-blub.png\" alt=\"\" width=\"30\" height=\"30\" srcset=\"https:\/\/www.datacolor.com\/spyder\/wp-content\/uploads\/2025\/08\/ico-blub.png 209w, https:\/\/www.datacolor.com\/spyder\/wp-content\/uploads\/2025\/08\/ico-blub-150x150.png 150w\" sizes=\"(max-width: 30px) 100vw, 30px\" \/> Quelques astuces pour optimiser l\u2019\u00e9talonnage<\/h3>\n<p>[\/vc_column_text][vc_btn title=\u00a0\u00bbRegarder la vid\u00e9o\u00a0\u00bb style=\u00a0\u00bbclassic\u00a0\u00bb shape=\u00a0\u00bbround\u00a0\u00bb color=\u00a0\u00bbblack\u00a0\u00bb align=\u00a0\u00bbleft\u00a0\u00bb css=\u00a0\u00bb.vc_custom_1761748984646{margin-top: 8px !important;margin-left: 16px !important;}\u00a0\u00bb link=\u00a0\u00bburl:https%3A%2F%2Fyoutu.be%2FzmCxkG7sGRc|target:_blank|\u00a0\u00bb][vc_column_text css=\u00a0\u00bb\u00a0\u00bb]<\/p>\n<p style=\"display: flex;\"><img decoding=\"async\" class=\"alignnone size-full wp-image-58248\" style=\"width: 24px; height: 24px; margin-right: 10px;\" src=\"..\/wp-content\/uploads\/2025\/08\/ico-monitor.png\" alt=\"\" width=\"24\" height=\"24\" srcset=\"https:\/\/www.datacolor.com\/spyder\/wp-content\/uploads\/2025\/08\/ico-monitor.png 209w, https:\/\/www.datacolor.com\/spyder\/wp-content\/uploads\/2025\/08\/ico-monitor-150x150.png 150w\" sizes=\"(max-width: 24px) 100vw, 24px\" \/> Allumez votre moniteur au moins 30\u202fminutes avant l\u2019\u00e9talonnage<\/p>\n<p style=\"display: flex;\"><img decoding=\"async\" class=\"alignnone size-full wp-image-58276\" style=\"width: 24px; height: 24px; margin-right: 10px;\" src=\"..\/wp-content\/uploads\/2025\/08\/ico-sun.png\" alt=\"\" width=\"24\" height=\"24\" srcset=\"https:\/\/www.datacolor.com\/spyder\/wp-content\/uploads\/2025\/08\/ico-sun.png 209w, https:\/\/www.datacolor.com\/spyder\/wp-content\/uploads\/2025\/08\/ico-sun-150x150.png 150w\" sizes=\"(max-width: 24px) 100vw, 24px\" \/>\u00c9talonnez dans un environnement faiblement \u00e9clair\u00e9\u202f; \u00e9vitez la lumi\u00e8re directe<\/p>\n<p style=\"display: flex;\"><img loading=\"lazy\" decoding=\"async\" class=\"alignnone size-full wp-image-58228\" style=\"width: 24px; height: 24px; margin-right: 10px;\" src=\"..\/wp-content\/uploads\/2025\/08\/ico-gear.png\" alt=\"\" width=\"24\" height=\"24\" srcset=\"https:\/\/www.datacolor.com\/spyder\/wp-content\/uploads\/2025\/08\/ico-gear.png 209w, https:\/\/www.datacolor.com\/spyder\/wp-content\/uploads\/2025\/08\/ico-gear-150x150.png 150w\" sizes=\"(max-width: 24px) 100vw, 24px\" \/> R\u00e9initialisez les r\u00e9glages sur leurs valeurs par d\u00e9faut, si possible<\/p>\n<ul class=\"tick_list\" style=\"padding-left: 15px;\">\n<li>Acc\u00e9dez au menu d\u2019affichage \u00e0 l\u2019\u00e9cran (OSD) et localisez l\u2019option \u00ab\u202fR\u00e9initialiser\u202f\u00bb, \u00ab\u202fR\u00e9glage d\u2019usine\u202f\u00bb ou \u00ab\u202fRappel\u202f\u00bb (l\u2019option peut varier selon l\u2019\u00e9cran)<\/li>\n<li>La majorit\u00e9 des ordinateurs portables, ainsi que les \u00e9crans Apple, ne proposent pas cette fonction. Pour ces types d\u2019affichages, vous pouvez ignorer cette \u00e9tape. <\/li>\n<\/ul>\n<p style=\"display: flex;\"><img loading=\"lazy\" decoding=\"async\" class=\"alignnone size-full wp-image-58258\" style=\"width: 24px; height: 24px; margin-right: 10px;\" src=\"..\/wp-content\/uploads\/2025\/08\/ico-stop.png\" alt=\"\" width=\"24\" height=\"24\" srcset=\"https:\/\/www.datacolor.com\/spyder\/wp-content\/uploads\/2025\/08\/ico-stop.png 209w, https:\/\/www.datacolor.com\/spyder\/wp-content\/uploads\/2025\/08\/ico-stop-150x150.png 150w\" sizes=\"(max-width: 24px) 100vw, 24px\" \/> D\u00e9sactivez la luminosit\u00e9 automatique, le HDR et les autres \u00e9ventuels modes dynamiques<\/p>\n<p style=\"display: flex;\"><img loading=\"lazy\" decoding=\"async\" class=\"alignnone size-full wp-image-58208\" style=\"width: 24px; height: 24px; margin-right: 10px;\" src=\"..\/wp-content\/uploads\/2025\/08\/ico-cross.png\" alt=\"\" width=\"24\" height=\"24\" srcset=\"https:\/\/www.datacolor.com\/spyder\/wp-content\/uploads\/2025\/08\/ico-cross.png 209w, https:\/\/www.datacolor.com\/spyder\/wp-content\/uploads\/2025\/08\/ico-cross-150x150.png 150w\" sizes=\"(max-width: 24px) 100vw, 24px\" \/> Fermez toutes les autres applications avant de lancer le processus d\u2019\u00e9talonnage, afin d\u2019\u00e9viter toute interf\u00e9rence<\/p>\n<p style=\"display: flex;\"><img loading=\"lazy\" decoding=\"async\" class=\"alignnone size-full wp-image-58238\" style=\"width: 24px; height: 24px; margin-right: 10px;\" src=\"..\/wp-content\/uploads\/2025\/08\/ico-goal.png\" alt=\"\" width=\"24\" height=\"24\" srcset=\"https:\/\/www.datacolor.com\/spyder\/wp-content\/uploads\/2025\/08\/ico-goal.png 209w, https:\/\/www.datacolor.com\/spyder\/wp-content\/uploads\/2025\/08\/ico-goal-150x150.png 150w\" sizes=\"(max-width: 24px) 100vw, 24px\" \/> Pour des r\u00e9sultats optimaux, proc\u00e9dez \u00e0 des r\u00e9\u00e9talonnages r\u00e9guliers, particuli\u00e8rement si votre rendu varie\u202f; cela permettra \u00e0 votre \u00e9cran de conserver une pr\u00e9cision parfaite.<\/p>\n<p>[\/vc_column_text][\/vc_column][vc_column width=\u00a0\u00bb1\/2&Prime; css=\u00a0\u00bb.vc_custom_1725972786678{padding-right: 32px !important;padding-left: 32px !important;}\u00a0\u00bb][vc_column_text css=\u00a0\u00bb\u00a0\u00bb]<\/p>\n<h3 style=\"margin-bottom: 20px;\">Positionnement correct<\/h3>\n<ol>\n<li>Retirez le capuchon de votre Spyder<\/li>\n<li>\ufe0f Le capuchon glisse le long du c\u00e2ble (comme indiqu\u00e9 ci-dessous) et fait office de contrepoids pour maintenir le capteur en place.<\/li>\n<li>Suspendez l\u2019appareil sur l\u2019\u00e9cran. Il doit \u00eatre pos\u00e9 sous l\u2019effet de son propre poids. Ne le maintenez pas contre l\u2019\u00e9cran avec votre main. <\/li>\n<li>Si n\u00e9cessaire, inclinez l\u00e9g\u00e8rement votre moniteur vers l\u2019arri\u00e8re pour permettre \u00e0 l\u2019\u00e9talonneur de reposer \u00e0 plat sur l\u2019\u00e9cran.<\/li>\n<\/ol>\n<p>[\/vc_column_text][vc_empty_space][vc_row_inner][vc_column_inner width=\u00a0\u00bb1\/2&Prime;][vc_single_image image=\u00a0\u00bb58077&Prime; img_size=\u00a0\u00bbfull\u00a0\u00bb alignment=\u00a0\u00bbcenter\u00a0\u00bb][\/vc_column_inner][vc_column_inner width=\u00a0\u00bb1\/2&Prime;][vc_single_image image=\u00a0\u00bb62001&Prime; img_size=\u00a0\u00bblarge\u00a0\u00bb alignment=\u00a0\u00bbcenter\u00a0\u00bb][\/vc_column_inner][\/vc_row_inner][\/vc_column][\/vc_row][vc_row css=\u00a0\u00bb.vc_custom_1682343562567{padding-top: 60px !important;padding-bottom: 60px !important;}\u00a0\u00bb][vc_column width=\u00a0\u00bb2\/3&Prime;][vc_column_text css=\u00a0\u00bb\u00a0\u00bb]<\/p>\n<h2>T\u00e9l\u00e9chargez le logiciel SpyderPro<\/h2>\n<p>Branchez le Spyder, qui inclut un port USB-C natif et un adaptateur USB-A pour plus de commodit\u00e9.<\/p>\n<p>Le logiciel vous guidera tout au long du processus d\u2019installation. Remarque\u202f: votre num\u00e9ro de s\u00e9rie se trouve dans la bo\u00eete, sous le produit.[\/vc_column_text][vc_empty_space][vc_btn title=\u00a0\u00bbRegarder la vid\u00e9o\u00a0\u00bb style=\u00a0\u00bbclassic\u00a0\u00bb shape=\u00a0\u00bbround\u00a0\u00bb color=\u00a0\u00bbblack\u00a0\u00bb css=\u00a0\u00bb.vc_custom_1761749679982{margin-top: 8px !important;}\u00a0\u00bb link=\u00a0\u00bburl:https%3A%2F%2Fyoutu.be%2FoQNpOso07sM|target:_blank|\u00a0\u00bb][vc_empty_space][\/vc_column][vc_column width=\u00a0\u00bb1\/3&Prime;][vc_empty_space][vc_btn title=\u00a0\u00bbLogiciel Windows\u00a0\u00bb style=\u00a0\u00bbclassic\u00a0\u00bb shape=\u00a0\u00bbround\u00a0\u00bb color=\u00a0\u00bbblack\u00a0\u00bb align=\u00a0\u00bbcenter\u00a0\u00bb css=\u00a0\u00bb.vc_custom_1725553570515{margin-top: 8px !important;}\u00a0\u00bb link=\u00a0\u00bburl:https%3A%2F%2Fgoto.datacolor.com%2Fdownloads%2Fwin%2Fsp2024|target:_blank|\u00a0\u00bb el_class=\u00a0\u00bbresourcebutton\u00a0\u00bb][vc_empty_space height=\u00a0\u00bb20px\u00a0\u00bb][vc_btn title=\u00a0\u00bbLogiciel macOS\u00a0\u00bb style=\u00a0\u00bbclassic\u00a0\u00bb shape=\u00a0\u00bbround\u00a0\u00bb color=\u00a0\u00bbblack\u00a0\u00bb align=\u00a0\u00bbcenter\u00a0\u00bb css=\u00a0\u00bb.vc_custom_1725553602309{margin-top: 8px !important;}\u00a0\u00bb link=\u00a0\u00bburl:https%3A%2F%2Fgoto.datacolor.com%2Fdownloads%2Fmac%2Fsp2024|target:_blank|\u00a0\u00bb el_class=\u00a0\u00bbresourcebutton\u00a0\u00bb][vc_empty_space][\/vc_column][vc_column css=\u00a0\u00bb.vc_custom_1761749780142{border-top-width: 1px !important;border-right-width: 1px !important;border-bottom-width: 1px !important;border-left-width: 1px !important;padding-right: 30px !important;padding-bottom: 30px !important;padding-left: 30px !important;border-color: #CCCCCC !important;}\u00a0\u00bb][vc_column_text css=\u00a0\u00bb\u00a0\u00bb]Lisez la\u202f<a href=\"https:\/\/spyderx.datacolor.com\/datacolor-spyder-software-license\/\" target=\"_blank\" rel=\"noopener\">licence du logiciel Datacolor<\/a><\/p>\n<p><em style=\"font-size: 0.75em;\">Tous les produits Spyder comprennent une \u00ab licence de site \u00bb, pour un seul propri\u00e9taire. Cette licence permet au propri\u00e9taire d&rsquo;installer et d&rsquo;utiliser le logiciel sur tous les ordinateurs (Mac ou Windows), pour autant qu&rsquo;ils appartiennent au d\u00e9tenteur de la licence. Si le propri\u00e9taire poss\u00e8de plusieurs ordinateurs, il peut utiliser le produit Spyder sur chacun d&rsquo;entre eux. L&rsquo;activation sur un ordinateur dont l&rsquo;acheteur n&rsquo;est pas propri\u00e9taire, ou l&rsquo;exploitation en tant que service \u00e0 d&rsquo;autres, sont interdites.   <\/em>[\/vc_column_text][\/vc_column][\/vc_row][vc_row css=\u00a0\u00bb.vc_custom_1682345998990{padding-top: 60px !important;padding-bottom: 60px !important;}\u00a0\u00bb][vc_column][vc_column_text css=\u00a0\u00bb\u00a0\u00bb]<\/p>\n<h2>Comment \u00e9talonner votre \u00e9cran<\/h2>\n<p>[\/vc_column_text][vc_btn title=\u00a0\u00bbRegarder la vid\u00e9o\u00a0\u00bb style=\u00a0\u00bbclassic\u00a0\u00bb shape=\u00a0\u00bbround\u00a0\u00bb color=\u00a0\u00bbblack\u00a0\u00bb css=\u00a0\u00bb.vc_custom_1761749903294{margin-top: 8px !important;}\u00a0\u00bb link=\u00a0\u00bburl:https%3A%2F%2Fyoutu.be%2FsJ-S2TS4R9A|target:_blank|\u00a0\u00bb][vc_empty_space][vc_row_inner][vc_column_inner width=\u00a0\u00bb1\/2&Prime; offset=\u00a0\u00bbvc_col-md-3&Prime; css=\u00a0\u00bb.vc_custom_1761751447086{padding-top: 15px !important;}\u00a0\u00bb][vc_single_image image=\u00a0\u00bb62012&Prime; img_size=\u00a0\u00bb500&#215;500&Prime; alignment=\u00a0\u00bbcenter\u00a0\u00bb][vc_empty_space][vc_column_text css=\u00a0\u00bb\u00a0\u00bb]<\/p>\n<h3 style=\"margin-bottom: 15px;\">Configuration<\/h3>\n<p>Le logiciel vous guide \u00e0 travers la configuration en quelques \u00e9tapes seulement, parfaitement adapt\u00e9es \u00e0 votre flux de travail, afin que vous obteniez toujours des r\u00e9sultats pr\u00e9cis et personnalis\u00e9s.<\/p>\n<ul class=\"tick_list\">\n<li>Flux de travail<\/li>\n<li>R\u00e9glage de l&rsquo;affichage et commandes<\/li>\n<li>Param\u00e8tres d&rsquo;\u00e9talonnage<\/li>\n<\/ul>\n<p>[\/vc_column_text][vc_empty_space][\/vc_column_inner][vc_column_inner width=\u00a0\u00bb1\/2&Prime; offset=\u00a0\u00bbvc_col-md-3&Prime; css=\u00a0\u00bb.vc_custom_1761751440584{padding-top: 15px !important;}\u00a0\u00bb][vc_single_image image=\u00a0\u00bb62023&Prime; img_size=\u00a0\u00bb500&#215;500&Prime; alignment=\u00a0\u00bbcenter\u00a0\u00bb][vc_empty_space][vc_column_text css=\u00a0\u00bb\u00a0\u00bb]<\/p>\n<h3 style=\"margin-bottom: 15px;\">\u00c9talonnez<\/h3>\n<ul>\n<li>Retirez le capuchon et faites-le glisser le long du c\u00e2ble pour faire contrepoids.<\/li>\n<li>Suspendez sur l\u2019\u00e9cran, dans le contour qui s\u2019affiche.<\/li>\n<li>Si n\u00e9cessaire, inclinez l\u00e9g\u00e8rement votre \u00e9cran vers l\u2019arri\u00e8re pour que l\u2019appareil soit correctement positionn\u00e9.<\/li>\n<li>Ne tenez pas l\u2019appareil\u202f: laissez-le reposer sur le moniteur.<\/li>\n<\/ul>\n<p>Le logiciel affichera des couleurs et mesurera votre affichage pour cr\u00e9er un profil. Vous pouvez annuler l\u2019\u00e9talonnage \u00e0 tout moment en supprimant le profil.[\/vc_column_text][vc_empty_space][\/vc_column_inner][vc_column_inner width=\u00a0\u00bb1\/2&Prime; offset=\u00a0\u00bbvc_col-md-3&Prime; css=\u00a0\u00bb.vc_custom_1761751433709{padding-top: 15px !important;}\u00a0\u00bb][vc_single_image image=\u00a0\u00bb62033&Prime; img_size=\u00a0\u00bb500&#215;500&Prime; alignment=\u00a0\u00bbcenter\u00a0\u00bb][vc_empty_space][vc_column_text css=\u00a0\u00bb\u00a0\u00bb]<\/p>\n<h3 style=\"margin-bottom: 15px;\">Examiner le r\u00e9sultat<\/h3>\n<p>Vous pouvez pr\u00e9visualiser les r\u00e9sultats en comparant les vues \u00c9talonn\u00e9e et Non \u00e9talonn\u00e9e. Basculez entre elles pour constater la diff\u00e9rence. <\/p>\n<p>[\/vc_column_text][vc_empty_space][\/vc_column_inner][vc_column_inner width=\u00a0\u00bb1\/2&Prime; offset=\u00a0\u00bbvc_col-md-3&Prime; css=\u00a0\u00bb.vc_custom_1761751426943{padding-top: 15px !important;background-color: #F2F2F2 !important;}\u00a0\u00bb][vc_single_image image=\u00a0\u00bb58102&Prime; img_size=\u00a0\u00bb500&#215;500&Prime; alignment=\u00a0\u00bbcenter\u00a0\u00bb][vc_empty_space][vc_column_text css=\u00a0\u00bb\u00a0\u00bb]<\/p>\n<h3>Qu\u2019attendre de l\u2019\u00e9talonnage<\/h3>\n<p><strong>Votre \u00e9cran peut vous para\u00eetre un peu diff\u00e9rent. C\u2019est tout \u00e0 fait normal\u202f! <\/strong><\/p>\n<p>Les couleurs peuvent sembler plus naturelles et la luminosit\u00e9 plus \u00e9quilibr\u00e9e, ce qui aide \u00e0 obtenir des r\u00e9sultats proches de la r\u00e9alit\u00e9. Plus de d\u00e9tails appara\u00eetront dans\u202f: <\/p>\n<ul>\n<li>Les ombres et zones sombres (comme le ciel nocturne)<\/li>\n<li>Les lumi\u00e8res et zones claires (comme les sc\u00e8nes ensoleill\u00e9es)<\/li>\n<\/ul>\n<p>[\/vc_column_text][vc_btn title=\u00a0\u00bbRegarder la vid\u00e9o\u00a0\u00bb style=\u00a0\u00bbclassic\u00a0\u00bb shape=\u00a0\u00bbround\u00a0\u00bb color=\u00a0\u00bbblack\u00a0\u00bb css=\u00a0\u00bb.vc_custom_1761751395647{margin-top: 8px !important;}\u00a0\u00bb link=\u00a0\u00bburl:https%3A%2F%2Fyoutu.be%2FZNTHTG20_Tw|target:_blank|\u00a0\u00bb][vc_empty_space][\/vc_column_inner][\/vc_row_inner][\/vc_column][\/vc_row][vc_row bg_type=\u00a0\u00bbbg_color\u00a0\u00bb bg_override=\u00a0\u00bbfull\u00a0\u00bb css=\u00a0\u00bb.vc_custom_1725525740289{padding-top: 60px !important;padding-bottom: 60px !important;}\u00a0\u00bb bg_color_value=\u00a0\u00bb#fafafa\u00a0\u00bb][vc_column][vc_column_text css=\u00a0\u00bb\u00a0\u00bb]<\/p>\n<h2>Ressources<\/h2>\n<p>[\/vc_column_text][vc_empty_space][vc_row_inner][vc_column_inner width=\u00a0\u00bb1\/3&Prime;][vc_single_image image=\u00a0\u00bb47604&Prime; img_size=\u00a0\u00bb500&#215;500&Prime; onclick=\u00a0\u00bbcustom_link\u00a0\u00bb img_link_target=\u00a0\u00bb_blank\u00a0\u00bb][vc_empty_space][\/vc_column_inner][vc_column_inner width=\u00a0\u00bb1\/3&Prime;][vc_btn title=\u00a0\u00bbT\u00e9l\u00e9charger le guide de d\u00e9marrage rapide\u00a0\u00bb style=\u00a0\u00bbclassic\u00a0\u00bb shape=\u00a0\u00bbround\u00a0\u00bb color=\u00a0\u00bbblack\u00a0\u00bb align=\u00a0\u00bbcenter\u00a0\u00bb i_icon_fontawesome=\u00a0\u00bb\u00a0\u00bb css=\u00a0\u00bb.vc_custom_1761751671051{margin-top: 8px !important;}\u00a0\u00bb add_icon=\u00a0\u00bbtrue\u00a0\u00bb link=\u00a0\u00bburl:https%3A%2F%2Fwww.datacolor.com%2Fspyder%2Fwp-content%2Fuploads%2F2025%2F10%2FSpyderPro-Quick-Start-Guide_FR.pdf|target:_blank|\u00a0\u00bb el_class=\u00a0\u00bbresourcebutton\u00a0\u00bb][vc_btn title=\u00a0\u00bbT\u00e9l\u00e9charger le guide de l&apos;utilisateur\u00a0\u00bb style=\u00a0\u00bbclassic\u00a0\u00bb shape=\u00a0\u00bbround\u00a0\u00bb color=\u00a0\u00bbblack\u00a0\u00bb align=\u00a0\u00bbcenter\u00a0\u00bb i_icon_fontawesome=\u00a0\u00bb\u00a0\u00bb css=\u00a0\u00bb.vc_custom_1761751933012{margin-top: 8px !important;}\u00a0\u00bb add_icon=\u00a0\u00bbtrue\u00a0\u00bb link=\u00a0\u00bburl:https%3A%2F%2Fwww.datacolor.com%2Fspyder%2Fwp-content%2Fuploads%2F2025%2F11%2FSpyderPro-User-Guide_FR-Final.pdf|target:_blank|\u00a0\u00bb el_class=\u00a0\u00bbresourcebutton\u00a0\u00bb][vc_btn title=\u00a0\u00bbFAQs\u00a0\u00bb style=\u00a0\u00bbclassic\u00a0\u00bb shape=\u00a0\u00bbround\u00a0\u00bb color=\u00a0\u00bbblack\u00a0\u00bb align=\u00a0\u00bbcenter\u00a0\u00bb i_icon_fontawesome=\u00a0\u00bbfar fa-question-circle\u00a0\u00bb css=\u00a0\u00bb.vc_custom_1725553204797{margin-top: 8px !important;}\u00a0\u00bb add_icon=\u00a0\u00bbtrue\u00a0\u00bb link=\u00a0\u00bburl:https%3A%2F%2Fgoto.datacolor.com%2Flearnaboutspyder24-faq|target:_blank|\u00a0\u00bb el_class=\u00a0\u00bbresourcebutton\u00a0\u00bb][vc_empty_space][\/vc_column_inner][vc_column_inner width=\u00a0\u00bb1\/3&Prime;][vc_btn title=\u00a0\u00bbD\u00e9monstration d&apos;installation\u00a0\u00bb style=\u00a0\u00bbclassic\u00a0\u00bb shape=\u00a0\u00bbround\u00a0\u00bb color=\u00a0\u00bbblack\u00a0\u00bb align=\u00a0\u00bbcenter\u00a0\u00bb i_icon_fontawesome=\u00a0\u00bbfar fa-play-circle\u00a0\u00bb css=\u00a0\u00bb.vc_custom_1725553247729{margin-top: 8px !important;}\u00a0\u00bb add_icon=\u00a0\u00bbtrue\u00a0\u00bb link=\u00a0\u00bburl:https%3A%2F%2Fyoutu.be%2FoQNpOso07sM|target:_blank|\u00a0\u00bb el_class=\u00a0\u00bbresourcebutton\u00a0\u00bb][vc_btn title=\u00a0\u00bbD\u00e9monstration d&apos;\u00e9talonnage\u00a0\u00bb style=\u00a0\u00bbclassic\u00a0\u00bb shape=\u00a0\u00bbround\u00a0\u00bb color=\u00a0\u00bbblack\u00a0\u00bb align=\u00a0\u00bbcenter\u00a0\u00bb i_icon_fontawesome=\u00a0\u00bbfar fa-play-circle\u00a0\u00bb css=\u00a0\u00bb.vc_custom_1725553353453{margin-top: 8px !important;}\u00a0\u00bb add_icon=\u00a0\u00bbtrue\u00a0\u00bb link=\u00a0\u00bburl:https%3A%2F%2Fyoutu.be%2FsJ-S2TS4R9A|target:_blank|\u00a0\u00bb el_class=\u00a0\u00bbresourcebutton\u00a0\u00bb][vc_btn title=\u00a0\u00bbNous contacter\u00a0\u00bb style=\u00a0\u00bbclassic\u00a0\u00bb shape=\u00a0\u00bbround\u00a0\u00bb color=\u00a0\u00bbblack\u00a0\u00bb align=\u00a0\u00bbcenter\u00a0\u00bb i_icon_fontawesome=\u00a0\u00bbfas fa-at\u00a0\u00bb css=\u00a0\u00bb.vc_custom_1725553162918{margin-top: 8px !important;}\u00a0\u00bb add_icon=\u00a0\u00bbtrue\u00a0\u00bb link=\u00a0\u00bburl:https%3A%2F%2Fspyder-support.datacolor.com%2F|target:_blank|\u00a0\u00bb el_class=\u00a0\u00bbresourcebutton\u00a0\u00bb][vc_empty_space][\/vc_column_inner][\/vc_row_inner][\/vc_column][\/vc_row][vc_row css=\u00a0\u00bb.vc_custom_1725544748051{padding-top: 60px !important;padding-bottom: 60px !important;}\u00a0\u00bb][vc_column][vc_column_text css=\u00a0\u00bb\u00a0\u00bb]<\/p>\n<h2>Fonctionnalit\u00e9s principales<\/h2>\n<p>[\/vc_column_text][vc_empty_space][vc_row_inner][vc_column_inner width=\u00a0\u00bb1\/4&Prime;][vc_single_image image=\u00a0\u00bb62243&Prime; img_size=\u00a0\u00bb800&#215;550&Prime; alignment=\u00a0\u00bbcenter\u00a0\u00bb][vc_empty_space][vc_column_text css=\u00a0\u00bb\u00a0\u00bb]<\/p>\n<div class=\"featureheadline\"><strong>Exportation 3D LUT <\/strong><\/div>\n<div class=\"featurebody\">3D LUT Export (.cube): calibrez avec pr\u00e9cision les moniteurs vid\u00e9o compatibles \u00e0 l&rsquo;aide des tables de conversion 3D LUT standard pour Rec.709, Rec.2020, DCI-P3 et plus encore, ce qui est id\u00e9al pour les flux de travail vid\u00e9o et cin\u00e9matographiques.<\/div>\n<p>[\/vc_column_text][vc_empty_space][\/vc_column_inner][vc_column_inner width=\u00a0\u00bb1\/4&Prime;][vc_single_image image=\u00a0\u00bb62253&Prime; img_size=\u00a0\u00bb800&#215;550&Prime; alignment=\u00a0\u00bbcenter\u00a0\u00bb][vc_empty_space][vc_column_text css=\u00a0\u00bb\u00a0\u00bb]<\/p>\n<div class=\"featureheadline\"><strong>Device Preview\u2122 Plus<\/strong><\/div>\n<div class=\"featurebody\">Pr\u00e9visualisez votre contenu sur diff\u00e9rents appareils et imprimantes, comparez-les c\u00f4te \u00e0 c\u00f4te, effectuez des conversions par lots, exportez dans diff\u00e9rents formats et int\u00e9grez vos droits d&rsquo;auteur pour une publication professionnelle, le tout depuis votre \u00e9cran calibr\u00e9.<\/div>\n<p>[\/vc_column_text][vc_empty_space][\/vc_column_inner][vc_column_inner width=\u00a0\u00bb1\/4&Prime;][vc_single_image image=\u00a0\u00bb62173&Prime; img_size=\u00a0\u00bb800&#215;550&Prime; alignment=\u00a0\u00bbcenter\u00a0\u00bb][vc_empty_space][vc_column_text css=\u00a0\u00bb\u00a0\u00bb]<\/p>\n<div class=\"featureheadline\"><strong>Content Credentials (C2PA) <\/strong><\/div>\n<div class=\"featurebody\">Content Credentials relie votre nom, vos modifications et votre profil ICC afin de garantir l&rsquo;authenticit\u00e9 dans un monde r\u00e9gi par l&rsquo;intelligence artificielle.<\/div>\n<p>[\/vc_column_text][vc_empty_space][vc_btn title=\u00a0\u00bbRegarder la vid\u00e9o\u00a0\u00bb style=\u00a0\u00bbclassic\u00a0\u00bb shape=\u00a0\u00bbround\u00a0\u00bb color=\u00a0\u00bbblack\u00a0\u00bb css=\u00a0\u00bb.vc_custom_1761752716719{margin-top: 8px !important;}\u00a0\u00bb link=\u00a0\u00bburl:https%3A%2F%2Fwww.youtube.com%2Fwatch%3Fv%3DMtt1dyy3BvA|target:_blank|\u00a0\u00bb][vc_empty_space][\/vc_column_inner][vc_column_inner width=\u00a0\u00bb1\/4&Prime;][vc_single_image image=\u00a0\u00bb62153&Prime; img_size=\u00a0\u00bb800&#215;550&Prime; alignment=\u00a0\u00bbcenter\u00a0\u00bb][vc_empty_space][vc_column_text css=\u00a0\u00bb\u00a0\u00bb]<\/p>\n<div class=\"featureheadline\"><strong>Int\u00e9gration du LightMeter comme posem\u00e8tre <\/strong><\/div>\n<div class=\"featurebody\">Synchronisez l&rsquo;appareil avec le Datacolor LightColor Meter (et d&rsquo;autres appareils de mesure) afin d&rsquo;adapter l&rsquo;\u00e9talonnage aux conditions d&rsquo;\u00e9clairage r\u00e9elles (au-dessus, derri\u00e8re et \u00e0 c\u00f4t\u00e9 de votre \u00e9cran) et d&rsquo;obtenir ainsi une pr\u00e9cision de mesure in\u00e9gal\u00e9e.<\/div>\n<p>[\/vc_column_text][vc_empty_space height=\u00a0\u00bb16px\u00a0\u00bb][\/vc_column_inner][\/vc_row_inner][\/vc_column][\/vc_row]<\/p>\n<\/div>","protected":false},"excerpt":{"rendered":"<p>[vc_row css=\u00a0\u00bb.vc_custom_1682339726830{padding-top: 60px !important;padding-bottom: 60px !important;}\u00a0\u00bb][vc_column width=\u00a0\u00bb2\/5&Prime;][vc_column_text css=\u00a0\u00bb\u00a0\u00bb] Bienvenue chez SpyderPro &#8211; commen\u00e7ons ! [\/vc_column_text][vc_empty_space][vc_column_text css=\u00a0\u00bb\u00a0\u00bb] Dites adieu au hasard et d\u00e9couvrez l\u2019optimisation sans effort. T\u00e9l\u00e9chargez votre logiciel SpyderPro Consultez le Guide de d\u00e9marrage rapide et le Guide d\u2019utilisation Regardez les tutoriels vid\u00e9o Explorez la FAQ \u00c9talonnez Votre \u00e9cran sera optimis\u00e9 en un rien de &hellip;<\/p>\n","protected":false},"author":2,"featured_media":0,"parent":0,"menu_order":0,"comment_status":"closed","ping_status":"closed","template":"","meta":{"_acf_changed":false,"footnotes":""},"class_list":["post-48141","page","type-page","status-publish","hentry"],"acf":[],"_links":{"self":[{"href":"https:\/\/www.datacolor.com\/spyder\/fr\/wp-json\/wp\/v2\/pages\/48141","targetHints":{"allow":["GET"]}}],"collection":[{"href":"https:\/\/www.datacolor.com\/spyder\/fr\/wp-json\/wp\/v2\/pages"}],"about":[{"href":"https:\/\/www.datacolor.com\/spyder\/fr\/wp-json\/wp\/v2\/types\/page"}],"author":[{"embeddable":true,"href":"https:\/\/www.datacolor.com\/spyder\/fr\/wp-json\/wp\/v2\/users\/2"}],"replies":[{"embeddable":true,"href":"https:\/\/www.datacolor.com\/spyder\/fr\/wp-json\/wp\/v2\/comments?post=48141"}],"version-history":[{"count":0,"href":"https:\/\/www.datacolor.com\/spyder\/fr\/wp-json\/wp\/v2\/pages\/48141\/revisions"}],"wp:attachment":[{"href":"https:\/\/www.datacolor.com\/spyder\/fr\/wp-json\/wp\/v2\/media?parent=48141"}],"curies":[{"name":"wp","href":"https:\/\/api.w.org\/{rel}","templated":true}]}}