{"id":48161,"date":"2024-09-13T10:34:46","date_gmt":"2024-09-13T10:34:46","guid":{"rendered":"https:\/\/dev2024.spyder.datacolor.eu\/spyder\/welcome-to-spyder\/"},"modified":"2025-11-10T14:38:09","modified_gmt":"2025-11-10T14:38:09","slug":"welcome-to-spyder","status":"publish","type":"page","link":"https:\/\/www.datacolor.com\/spyder\/fr\/welcome-to-spyder\/","title":{"rendered":"Bienvenue \u00e0 Spyder"},"content":{"rendered":"<div class=\"wpb-content-wrapper\"><p>[vc_row css=\u00a0\u00bb.vc_custom_1682339726830{padding-top: 60px !important;padding-bottom: 60px !important;}\u00a0\u00bb][vc_column width=\u00a0\u00bb2\/5&Prime;][vc_column_text css=\u00a0\u00bb\u00a0\u00bb]<\/p>\n<h1 class=\"mainheader\">Votre flux de travail est sur le point de devenir beaucoup plus facile !<\/h1>\n<p>[\/vc_column_text][vc_empty_space][vc_column_text css=\u00a0\u00bb\u00a0\u00bb]T\u00e9l\u00e9chargez le logiciel de votre nouveau Spyder, consultez le guide de d\u00e9marrage rapide et trouvez des liens utiles vers le guide de l&rsquo;utilisateur, les FAQ et l&rsquo;assistance client\u00e8le. [\/vc_column_text][vc_empty_space][\/vc_column][vc_column width=\u00a0\u00bb3\/5&Prime;][vc_empty_space][vc_single_image image=\u00a0\u00bb47671&Prime; img_size=\u00a0\u00bb750&#215;500&Prime;][\/vc_column][\/vc_row][vc_row bg_type=\u00a0\u00bbbg_color\u00a0\u00bb bg_override=\u00a0\u00bbfull\u00a0\u00bb bg_color_value=\u00a0\u00bb#fafafa\u00a0\u00bb css=\u00a0\u00bb.vc_custom_1725522706270{padding-top: 30px !important;padding-bottom: 60px !important;}\u00a0\u00bb][vc_column width=\u00a0\u00bb1\/2&Prime; css=\u00a0\u00bb.vc_custom_1725972773631{padding-right: 32px !important;padding-left: 32px !important;}\u00a0\u00bb][vc_column_text css=\u00a0\u00bb\u00a0\u00bb]<\/p>\n<h3 style=\"margin-bottom: 20px;\">Conseils pour optimiser l&rsquo;\u00e9talonnage<\/h3>\n<p>Voici quelques conseils utiles avant de commencer \u00e0 calibrer votre moniteur :<\/p>\n<ul>\n<li>Faites chauffer votre moniteur pendant environ 30 minutes avant de commencer le processus d&rsquo;\u00e9talonnage afin de vous assurer qu&rsquo;il a atteint ses performances optimales et que l&rsquo;\u00e9talonnage est le plus pr\u00e9cis possible.<\/li>\n<li>Assurez-vous qu&rsquo;aucune lumi\u00e8re directe ne tombe sur votre \u00e9cran et que les lampes de bureau sont \u00e9teintes. Il est pr\u00e9f\u00e9rable de travailler dans un environnement faiblement \u00e9clair\u00e9, en particulier pour les travaux dont les couleurs sont critiques.<\/li>\n<li>R\u00e9initialisez les commandes de votre moniteur \u00e0 leurs param\u00e8tres d&rsquo;usine par d\u00e9faut.<\/li>\n<li>D\u00e9sactivez tous les param\u00e8tres de luminosit\u00e9 automatique ou de mode HDR avant de commencer l&rsquo;\u00e9talonnage. Ce sont des exemples de fonctions dynamiques qui affectent votre \u00e9cran. L&rsquo;\u00e9talonnage n\u00e9cessite un \u00e9cran statique pour obtenir des mesures pr\u00e9cises.<\/li>\n<\/ul>\n<p>[\/vc_column_text][vc_empty_space][\/vc_column][vc_column width=\u00a0\u00bb1\/2&Prime; css=\u00a0\u00bb.vc_custom_1725972786678{padding-right: 32px !important;padding-left: 32px !important;}\u00a0\u00bb][vc_column_text css=\u00a0\u00bb\u00a0\u00bb]<\/p>\n<h3 style=\"margin-bottom: 20px;\">Guide de d\u00e9marrage rapide<\/h3>\n<ol>\n<li>T\u00e9l\u00e9charger et installer le logiciel<\/li>\n<\/ol>\n<p>[\/vc_column_text][vc_btn title=\u00a0\u00bbRegarder la vid\u00e9o\u00a0\u00bb style=\u00a0\u00bbclassic\u00a0\u00bb shape=\u00a0\u00bbround\u00a0\u00bb color=\u00a0\u00bbblack\u00a0\u00bb css=\u00a0\u00bb.vc_custom_1725540547798{margin-top: 8px !important;margin-left: 16px !important;}\u00a0\u00bb link=\u00a0\u00bburl:https%3A%2F%2Fyoutu.be%2FoQNpOso07sM|target:_blank|\u00a0\u00bb][vc_column_text css=\u00a0\u00bb\u00a0\u00bb]<\/p>\n<ol start=\"2\">\n<li>Branchez votre appareil pour lancer le logiciel<\/li>\n<li>Commencer le processus d&rsquo;activation\/enregistrement (voir le num\u00e9ro de s\u00e9rie du logiciel \u00e0 l&rsquo;int\u00e9rieur de la bo\u00eete de l&rsquo;appareil).<\/li>\n<li>\u00c9talonnage (voir les instructions \u00e9tape par \u00e9tape ci-dessous)<\/li>\n<\/ol>\n<p>[\/vc_column_text][vc_btn title=\u00a0\u00bbRegarder la vid\u00e9o\u00a0\u00bb style=\u00a0\u00bbclassic\u00a0\u00bb shape=\u00a0\u00bbround\u00a0\u00bb color=\u00a0\u00bbblack\u00a0\u00bb css=\u00a0\u00bb.vc_custom_1725524559566{margin-top: 8px !important;margin-left: 16px !important;}\u00a0\u00bb link=\u00a0\u00bburl:https%3A%2F%2Fyoutu.be%2FsJ-S2TS4R9A|target:_blank|\u00a0\u00bb][vc_empty_space][\/vc_column][\/vc_row][vc_row css=\u00a0\u00bb.vc_custom_1682343562567{padding-top: 60px !important;padding-bottom: 60px !important;}\u00a0\u00bb][vc_column width=\u00a0\u00bb2\/3&Prime;][vc_column_text css=\u00a0\u00bb\u00a0\u00bb]<\/p>\n<h2>T\u00e9l\u00e9chargement du logiciel Spyder<\/h2>\n<p>Lisez la\u202f<a href=\"https:\/\/spyderx.datacolor.com\/datacolor-spyder-software-license\/\" target=\"_blank\" rel=\"noopener\">licence du logiciel Datacolor<\/a><\/p>\n<p><em>Tous les produits Spyder comprennent une \u00ab licence de site \u00bb, pour un seul propri\u00e9taire. Cette licence permet au propri\u00e9taire d&rsquo;installer et d&rsquo;utiliser le logiciel sur tous les ordinateurs (Mac ou Windows), pour autant qu&rsquo;ils appartiennent au d\u00e9tenteur de la licence. Si le propri\u00e9taire poss\u00e8de plusieurs ordinateurs, il peut utiliser le produit Spyder sur chacun d&rsquo;entre eux. L&rsquo;activation sur un ordinateur dont l&rsquo;acheteur n&rsquo;est pas propri\u00e9taire, ou l&rsquo;exploitation en tant que service \u00e0 d&rsquo;autres, sont interdites. <\/em>[\/vc_column_text][\/vc_column][vc_column width=\u00a0\u00bb1\/3&Prime;][vc_empty_space][vc_btn title=\u00a0\u00bbLogiciel Windows\u00a0\u00bb style=\u00a0\u00bbclassic\u00a0\u00bb shape=\u00a0\u00bbround\u00a0\u00bb color=\u00a0\u00bbblack\u00a0\u00bb align=\u00a0\u00bbcenter\u00a0\u00bb css=\u00a0\u00bb.vc_custom_1725982047112{margin-top: 8px !important;}\u00a0\u00bb link=\u00a0\u00bburl:https%3A%2F%2Fgoto.datacolor.com%2Fdownloads%2Fwin%2Fsp2024|target:_blank|\u00a0\u00bb el_class=\u00a0\u00bbresourcebutton\u00a0\u00bb][vc_empty_space height=\u00a0\u00bb20px\u00a0\u00bb][vc_btn title=\u00a0\u00bbLogiciel macOS\u00a0\u00bb style=\u00a0\u00bbclassic\u00a0\u00bb shape=\u00a0\u00bbround\u00a0\u00bb color=\u00a0\u00bbblack\u00a0\u00bb align=\u00a0\u00bbcenter\u00a0\u00bb css=\u00a0\u00bb.vc_custom_1725553602309{margin-top: 8px !important;}\u00a0\u00bb link=\u00a0\u00bburl:https%3A%2F%2Fgoto.datacolor.com%2Fdownloads%2Fmac%2Fsp2024|target:_blank|\u00a0\u00bb el_class=\u00a0\u00bbresourcebutton\u00a0\u00bb][vc_empty_space][\/vc_column][\/vc_row][vc_row css=\u00a0\u00bb.vc_custom_1682345998990{padding-top: 60px !important;padding-bottom: 60px !important;}\u00a0\u00bb][vc_column][vc_column_text]<\/p>\n<h2>Comment \u00e9talonner votre moniteur<\/h2>\n<p>[\/vc_column_text][vc_empty_space][vc_row_inner][vc_column_inner width=\u00a0\u00bb1\/2&Prime; offset=\u00a0\u00bbvc_col-md-3&Prime;][vc_single_image image=\u00a0\u00bb47564&Prime; img_size=\u00a0\u00bb500&#215;500&Prime; alignment=\u00a0\u00bbcenter\u00a0\u00bb][vc_empty_space][vc_column_text css=\u00a0\u00bb\u00a0\u00bb]<strong>1. Branchez votre appareil Spyder<\/strong><\/p>\n<p>Votre Spyder comprend un port USB-C natif et est livr\u00e9 avec un adaptateur USB-A suppl\u00e9mentaire pour plus de commodit\u00e9. Suivez les instructions pas \u00e0 pas qui s&rsquo;affichent \u00e0 l&rsquo;\u00e9cran.[\/vc_column_text][vc_empty_space][\/vc_column_inner][vc_column_inner width=\u00a0\u00bb1\/2&Prime; offset=\u00a0\u00bbvc_col-md-3&Prime;][vc_single_image image=\u00a0\u00bb47683&Prime; img_size=\u00a0\u00bb500&#215;500&Prime; alignment=\u00a0\u00bbcenter\u00a0\u00bb][vc_empty_space][vc_column_text css=\u00a0\u00bb\u00a0\u00bb]<strong>2. Ouvrez le logiciel Spyder<\/strong><\/p>\n<p>Le logiciel Spyder vous guidera \u00e0 travers le processus d&rsquo;\u00e9talonnage et de configuration de l&rsquo;\u00e9cran en quelques \u00e9crans seulement. S\u00e9lectionnez la <a href=\"https:\/\/www.displayspecifications.com\/\" target=\"_blank\" rel=\"noopener\">technologie d&rsquo;affichage<\/a> et les commandes disponibles pour votre \u00e9cran afin de garantir l&rsquo;\u00e9talonnage le plus pr\u00e9cis. Calibrez votre \u00e9cran pour qu&rsquo;il corresponde aux besoins de votre flux de travail en ajustant les param\u00e8tres de gamma, de point blanc et de luminosit\u00e9.<br \/>\n[\/vc_column_text][vc_empty_space][\/vc_column_inner][vc_column_inner width=\u00a0\u00bb1\/2&Prime; offset=\u00a0\u00bbvc_col-md-3&Prime;][vc_single_image image=\u00a0\u00bb47694&Prime; img_size=\u00a0\u00bb500&#215;500&Prime; alignment=\u00a0\u00bbcenter\u00a0\u00bb][vc_empty_space][vc_column_text css=\u00a0\u00bb\u00a0\u00bb]<strong>3. Placement ad\u00e9quat<\/strong><\/p>\n<p>Retirez le capuchon de l&rsquo;objectif de votre Spyder et, lorsque vous y \u00eates invit\u00e9, suspendez l&rsquo;appareil au-dessus de votre \u00e9cran. Le capuchon de l&rsquo;objectif se glisse le long du c\u00e2ble USB et sert de contrepoids pour maintenir le capteur Spyder en place sur votre \u00e9cran. L&rsquo;appareil doit reposer sur le moniteur sous l&rsquo;effet de son propre poids, ne le tenez pas contre l&rsquo;\u00e9cran avec votre main. Si n\u00e9cessaire, inclinez l\u00e9g\u00e8rement votre moniteur vers l\u2019arri\u00e8re pour permettre \u00e0 l\u2019\u00e9talonneur de reposer \u00e0 plat sur l\u2019\u00e9cran.[\/vc_column_text][vc_empty_space][\/vc_column_inner][vc_column_inner width=\u00a0\u00bb1\/2&Prime; offset=\u00a0\u00bbvc_col-md-3&Prime;][vc_single_image image=\u00a0\u00bb47704&Prime; img_size=\u00a0\u00bb500&#215;500&Prime; alignment=\u00a0\u00bbcenter\u00a0\u00bb][vc_empty_space][vc_column_text css=\u00a0\u00bb\u00a0\u00bb]<strong>4. Calibrer<\/strong><\/p>\n<p>Assurez-vous que toutes les autres applications sont ferm\u00e9es avant de commencer le processus d&rsquo;\u00e9talonnage afin d&rsquo;\u00e9viter toute interf\u00e9rence \u00e9ventuelle.<\/p>\n<p>Le logiciel Spyder cr\u00e9era alors un profil d&rsquo;affichage personnalis\u00e9 que le syst\u00e8me d&rsquo;exploitation de votre ordinateur et les applications de gestion des couleurs utiliseront pour corriger votre affichage. Vous pouvez toujours revenir aux param\u00e8tres par d\u00e9faut de votre moniteur en supprimant simplement le profil calibr\u00e9.<br \/>\n[\/vc_column_text][vc_btn title=\u00a0\u00bbRegarder la vid\u00e9o\u00a0\u00bb style=\u00a0\u00bbclassic\u00a0\u00bb shape=\u00a0\u00bbround\u00a0\u00bb color=\u00a0\u00bbblack\u00a0\u00bb css=\u00a0\u00bb.vc_custom_1725523412484{margin-top: 8px !important;}\u00a0\u00bb link=\u00a0\u00bburl:https%3A%2F%2Fyoutu.be%2FsJ-S2TS4R9A|target:_blank|\u00a0\u00bb][vc_empty_space][\/vc_column_inner][\/vc_row_inner][\/vc_column][\/vc_row][vc_row bg_type=\u00a0\u00bbbg_color\u00a0\u00bb bg_override=\u00a0\u00bbfull\u00a0\u00bb css=\u00a0\u00bb.vc_custom_1725525740289{padding-top: 60px !important;padding-bottom: 60px !important;}\u00a0\u00bb bg_color_value=\u00a0\u00bb#fafafa\u00a0\u00bb][vc_column][vc_column_text css=\u00a0\u00bb\u00a0\u00bb]<\/p>\n<h2>Ressources compl\u00e9mentaires<\/h2>\n<p>[\/vc_column_text][vc_empty_space][vc_row_inner][vc_column_inner width=\u00a0\u00bb1\/3&Prime;][vc_single_image image=\u00a0\u00bb47604&Prime; img_size=\u00a0\u00bb500&#215;500&Prime; onclick=\u00a0\u00bbcustom_link\u00a0\u00bb img_link_target=\u00a0\u00bb_blank\u00a0\u00bb][vc_empty_space][\/vc_column_inner][vc_column_inner width=\u00a0\u00bb1\/3&Prime;][vc_btn title=\u00a0\u00bbT\u00e9l\u00e9charger le guide de d\u00e9marrage rapide\u00a0\u00bb style=\u00a0\u00bbclassic\u00a0\u00bb shape=\u00a0\u00bbround\u00a0\u00bb color=\u00a0\u00bbblack\u00a0\u00bb align=\u00a0\u00bbcenter\u00a0\u00bb i_icon_fontawesome=\u00a0\u00bbfa fa-solid fa-download\u00a0\u00bb css=\u00a0\u00bb.vc_custom_1762768603678{margin-top: 8px !important;}\u00a0\u00bb add_icon=\u00a0\u00bbtrue\u00a0\u00bb link=\u00a0\u00bburl:https%3A%2F%2Fwww.datacolor.com%2Fspyder%2Fwp-content%2Fuploads%2F2025%2F11%2FSpyder-Quick-Start-Guide_FR.pdf|target:_blank|\u00a0\u00bb el_class=\u00a0\u00bbresourcebutton\u00a0\u00bb][vc_btn title=\u00a0\u00bbT\u00e9l\u00e9charger le guide de l&rsquo;utilisateur\u00a0\u00bb style=\u00a0\u00bbclassic\u00a0\u00bb shape=\u00a0\u00bbround\u00a0\u00bb color=\u00a0\u00bbblack\u00a0\u00bb align=\u00a0\u00bbcenter\u00a0\u00bb i_icon_fontawesome=\u00a0\u00bbfa fa-solid fa-download\u00a0\u00bb css=\u00a0\u00bb.vc_custom_1762768212110{margin-top: 8px !important;}\u00a0\u00bb add_icon=\u00a0\u00bbtrue\u00a0\u00bb link=\u00a0\u00bburl:https%3A%2F%2Fwww.datacolor.com%2Fspyder%2Fwp-content%2Fuploads%2F2025%2F11%2FSpyder-User-Guide_FR.pdf|target:_blank|\u00a0\u00bb el_class=\u00a0\u00bbresourcebutton\u00a0\u00bb][vc_btn title=\u00a0\u00bbFAQs\u00a0\u00bb style=\u00a0\u00bbclassic\u00a0\u00bb shape=\u00a0\u00bbround\u00a0\u00bb color=\u00a0\u00bbblack\u00a0\u00bb align=\u00a0\u00bbcenter\u00a0\u00bb i_icon_fontawesome=\u00a0\u00bbfar fa-question-circle\u00a0\u00bb css=\u00a0\u00bb.vc_custom_1725553204797{margin-top: 8px !important;}\u00a0\u00bb add_icon=\u00a0\u00bbtrue\u00a0\u00bb link=\u00a0\u00bburl:https%3A%2F%2Fgoto.datacolor.com%2Flearnaboutspyder24-faq|target:_blank|\u00a0\u00bb el_class=\u00a0\u00bbresourcebutton\u00a0\u00bb][vc_empty_space][\/vc_column_inner][vc_column_inner width=\u00a0\u00bb1\/3&Prime;][vc_btn title=\u00a0\u00bbD\u00e9monstration d&rsquo;installation\u00a0\u00bb style=\u00a0\u00bbclassic\u00a0\u00bb shape=\u00a0\u00bbround\u00a0\u00bb color=\u00a0\u00bbblack\u00a0\u00bb align=\u00a0\u00bbcenter\u00a0\u00bb i_icon_fontawesome=\u00a0\u00bbfar fa-play-circle\u00a0\u00bb css=\u00a0\u00bb.vc_custom_1725553247729{margin-top: 8px !important;}\u00a0\u00bb add_icon=\u00a0\u00bbtrue\u00a0\u00bb link=\u00a0\u00bburl:https%3A%2F%2Fyoutu.be%2FoQNpOso07sM|target:_blank|\u00a0\u00bb el_class=\u00a0\u00bbresourcebutton\u00a0\u00bb][vc_btn title=\u00a0\u00bbD\u00e9monstration d&rsquo;\u00e9talonnage\u00a0\u00bb style=\u00a0\u00bbclassic\u00a0\u00bb shape=\u00a0\u00bbround\u00a0\u00bb color=\u00a0\u00bbblack\u00a0\u00bb align=\u00a0\u00bbcenter\u00a0\u00bb i_icon_fontawesome=\u00a0\u00bbfar fa-play-circle\u00a0\u00bb css=\u00a0\u00bb.vc_custom_1725553353453{margin-top: 8px !important;}\u00a0\u00bb add_icon=\u00a0\u00bbtrue\u00a0\u00bb link=\u00a0\u00bburl:https%3A%2F%2Fyoutu.be%2FsJ-S2TS4R9A|target:_blank|\u00a0\u00bb el_class=\u00a0\u00bbresourcebutton\u00a0\u00bb][vc_btn title=\u00a0\u00bbNous contacter\u00a0\u00bb style=\u00a0\u00bbclassic\u00a0\u00bb shape=\u00a0\u00bbround\u00a0\u00bb color=\u00a0\u00bbblack\u00a0\u00bb align=\u00a0\u00bbcenter\u00a0\u00bb i_icon_fontawesome=\u00a0\u00bbfas fa-at\u00a0\u00bb css=\u00a0\u00bb.vc_custom_1725553162918{margin-top: 8px !important;}\u00a0\u00bb add_icon=\u00a0\u00bbtrue\u00a0\u00bb link=\u00a0\u00bburl:https%3A%2F%2Fspyder-support.datacolor.com%2F|target:_blank|\u00a0\u00bb el_class=\u00a0\u00bbresourcebutton\u00a0\u00bb][vc_empty_space][\/vc_column_inner][\/vc_row_inner][\/vc_column][\/vc_row][vc_row css=\u00a0\u00bb.vc_custom_1725544748051{padding-top: 60px !important;padding-bottom: 60px !important;}\u00a0\u00bb][vc_column][vc_column_text css=\u00a0\u00bb\u00a0\u00bb]<\/p>\n<h2>Fonctionnalit\u00e9s principales<\/h2>\n<p>[\/vc_column_text][vc_empty_space][vc_row_inner][vc_column_inner width=\u00a0\u00bb1\/4&Prime;][vc_single_image image=\u00a0\u00bb47715&Prime; img_size=\u00a0\u00bb500&#215;500&Prime; alignment=\u00a0\u00bbcenter\u00a0\u00bb][vc_empty_space][vc_column_text css=\u00a0\u00bb\u00a0\u00bb]<\/p>\n<div class=\"featureheadline\"><strong>D\u00e9couvrez le fonctionnement de Device Preview\u2122<\/strong><\/div>\n<div class=\"featurebody\">Voyez comme il est facile d&rsquo;utiliser la fonction exclusive Device Preview\u2122 de Datacolor, pour simuler ce \u00e0 quoi vos photos peuvent ressembler sur d&rsquo;autres appareils \u00e0 partir de votre propre \u00e9cran &#8211; pas besoin de t\u00e9l\u00e9charger sur d&rsquo;autres \u00e9crans !<\/div>\n<p>[\/vc_column_text][vc_empty_space height=\u00a0\u00bb16px\u00a0\u00bb][vc_btn title=\u00a0\u00bbRegarder la vid\u00e9o\u00a0\u00bb style=\u00a0\u00bbclassic\u00a0\u00bb shape=\u00a0\u00bbround\u00a0\u00bb color=\u00a0\u00bbblack\u00a0\u00bb css=\u00a0\u00bb.vc_custom_1725544671187{margin-top: 8px !important;}\u00a0\u00bb link=\u00a0\u00bburl:https%3A%2F%2Fyoutu.be%2Fuqe4nndQwc0|target:_blank|\u00a0\u00bb][vc_empty_space][\/vc_column_inner][\/vc_row_inner][\/vc_column][\/vc_row]<\/p>\n<\/div>","protected":false},"excerpt":{"rendered":"<p>[vc_row css=\u00a0\u00bb.vc_custom_1682339726830{padding-top: 60px !important;padding-bottom: 60px !important;}\u00a0\u00bb][vc_column width=\u00a0\u00bb2\/5&Prime;][vc_column_text css=\u00a0\u00bb\u00a0\u00bb] Votre flux de travail est sur le point de devenir beaucoup plus facile ! [\/vc_column_text][vc_empty_space][vc_column_text css=\u00a0\u00bb\u00a0\u00bb]T\u00e9l\u00e9chargez le logiciel de votre nouveau Spyder, consultez le guide de d\u00e9marrage rapide et trouvez des liens utiles vers le guide de l&rsquo;utilisateur, les FAQ et l&rsquo;assistance client\u00e8le. [\/vc_column_text][vc_empty_space][\/vc_column][vc_column width=\u00a0\u00bb3\/5&Prime;][vc_empty_space][vc_single_image image=\u00a0\u00bb47671&Prime; img_size=\u00a0\u00bb750&#215;500&Prime;][\/vc_column][\/vc_row][vc_row &hellip;<\/p>\n","protected":false},"author":2,"featured_media":0,"parent":0,"menu_order":0,"comment_status":"closed","ping_status":"closed","template":"","meta":{"_acf_changed":false,"footnotes":""},"class_list":["post-48161","page","type-page","status-publish","hentry"],"acf":[],"_links":{"self":[{"href":"https:\/\/www.datacolor.com\/spyder\/fr\/wp-json\/wp\/v2\/pages\/48161","targetHints":{"allow":["GET"]}}],"collection":[{"href":"https:\/\/www.datacolor.com\/spyder\/fr\/wp-json\/wp\/v2\/pages"}],"about":[{"href":"https:\/\/www.datacolor.com\/spyder\/fr\/wp-json\/wp\/v2\/types\/page"}],"author":[{"embeddable":true,"href":"https:\/\/www.datacolor.com\/spyder\/fr\/wp-json\/wp\/v2\/users\/2"}],"replies":[{"embeddable":true,"href":"https:\/\/www.datacolor.com\/spyder\/fr\/wp-json\/wp\/v2\/comments?post=48161"}],"version-history":[{"count":0,"href":"https:\/\/www.datacolor.com\/spyder\/fr\/wp-json\/wp\/v2\/pages\/48161\/revisions"}],"wp:attachment":[{"href":"https:\/\/www.datacolor.com\/spyder\/fr\/wp-json\/wp\/v2\/media?parent=48161"}],"curies":[{"name":"wp","href":"https:\/\/api.w.org\/{rel}","templated":true}]}}