{"id":48318,"date":"2024-09-16T07:53:28","date_gmt":"2024-09-16T07:53:28","guid":{"rendered":"https:\/\/dev2024.spyder.datacolor.eu\/spyder\/welcome-to-spyder-print-studio\/"},"modified":"2024-09-16T07:53:36","modified_gmt":"2024-09-16T07:53:36","slug":"welcome-to-spyder-print-studio","status":"publish","type":"page","link":"https:\/\/www.datacolor.com\/spyder\/fr\/welcome-to-spyder-print-studio\/","title":{"rendered":"Welcome to Spyder Print Studio"},"content":{"rendered":"<div class=\"wpb-content-wrapper\"><p>[vc_row css=\u00a0\u00bb.vc_custom_1682339726830{padding-top: 60px !important;padding-bottom: 60px !important;}\u00a0\u00bb][vc_column width=\u00a0\u00bb2\/5&Prime;][vc_column_text css=\u00a0\u00bb\u00a0\u00bb]<\/p>\n<h1 class=\"mainheader\">Bienvenue \u00e0 Color Mastery !<\/h1>\n<p>[\/vc_column_text][vc_empty_space][vc_column_text css=\u00a0\u00bb\u00a0\u00bb]Datacolor Spyder Print Studio est la solution essentielle de flux de travail photographique tout-en-un pour un contr\u00f4le pr\u00e9cis de la capture, de l&rsquo;\u00e9dition et de l&rsquo;impression pour un flux de travail enti\u00e8rement g\u00e9r\u00e9 par la couleur. Cette suite d&rsquo;outils, qui permet de r\u00e9aliser des \u00e9conomies, garantit que vos photos sont captur\u00e9es avec pr\u00e9cision, que vos \u00e9crans affichent des couleurs exactes quelles que soient les conditions d&rsquo;\u00e9clairage et que vos tirages sont parfaits \u00e0 chaque fois. [\/vc_column_text][vc_empty_space][\/vc_column][vc_column width=\u00a0\u00bb3\/5&Prime;][vc_empty_space][vc_single_image image=\u00a0\u00bb48174&Prime; img_size=\u00a0\u00bb750&#215;500&Prime;][\/vc_column][\/vc_row][vc_row disable_element=\u00a0\u00bbyes\u00a0\u00bb bg_type=\u00a0\u00bbbg_color\u00a0\u00bb bg_override=\u00a0\u00bbfull\u00a0\u00bb bg_color_value=\u00a0\u00bb#fafafa\u00a0\u00bb css=\u00a0\u00bb.vc_custom_1726225295406{padding-top: 30px !important;padding-bottom: 60px !important;}\u00a0\u00bb][vc_column width=\u00a0\u00bb1\/2&Prime; css=\u00a0\u00bb.vc_custom_1725972773631{padding-right: 32px !important;padding-left: 32px !important;}\u00a0\u00bb][vc_column_text css=\u00a0\u00bb\u00a0\u00bb]<\/p>\n<h3 style=\"margin-bottom: 20px;\">Conseils pour optimiser l&rsquo;\u00e9talonnage<\/h3>\n<p> Voici quelques conseils utiles avant de commencer \u00e0 calibrer votre moniteur : <\/p>\n<ul>\n<li>Faites chauffer votre moniteur pendant environ 30 minutes avant de commencer le processus d&rsquo;\u00e9talonnage afin de vous assurer qu&rsquo;il a atteint ses performances optimales et que l&rsquo;\u00e9talonnage est le plus pr\u00e9cis possible.<\/li>\n<li>Assurez-vous qu&rsquo;aucune lumi\u00e8re directe ne tombe sur votre \u00e9cran et que les lampes de bureau sont \u00e9teintes. Il est pr\u00e9f\u00e9rable de travailler dans un environnement faiblement \u00e9clair\u00e9, en particulier pour les travaux critiques en termes de couleurs. <\/li>\n<li>R\u00e9initialisez les commandes de votre moniteur \u00e0 leurs param\u00e8tres d&rsquo;usine par d\u00e9faut.<\/li>\n<li>D\u00e9sactivez tous les param\u00e8tres de luminosit\u00e9 automatique ou de mode HDR avant de commencer l&rsquo;\u00e9talonnage. Il s&rsquo;agit l\u00e0 d&rsquo;exemples de fonctions dynamiques qui affectent votre \u00e9cran. L&rsquo;\u00e9talonnage n\u00e9cessite un \u00e9cran statique pour obtenir des mesures pr\u00e9cises.  <\/li>\n<\/ul>\n<p>[\/vc_column_text][vc_empty_space][\/vc_column][vc_column width=\u00a0\u00bb1\/2&Prime; css=\u00a0\u00bb.vc_custom_1725972786678{padding-right: 32px !important;padding-left: 32px !important;}\u00a0\u00bb][vc_column_text css=\u00a0\u00bb\u00a0\u00bb]<\/p>\n<h3 style=\"margin-bottom: 20px;\">Guide de d\u00e9marrage rapide<\/h3>\n<ol>\n<li>T\u00e9l\u00e9charger et installer le logiciel<\/li>\n<\/ol>\n<p>[\/vc_column_text][vc_btn title=\u00a0\u00bbRegarder la vid\u00e9o\u00a0\u00bb style=\u00a0\u00bbclassic\u00a0\u00bb shape=\u00a0\u00bbround\u00a0\u00bb color=\u00a0\u00bbblack\u00a0\u00bb css=\u00a0\u00bb.vc_custom_1725540547798{margin-top: 8px !important;margin-left: 16px !important;}\u00a0\u00bb link=\u00a0\u00bburl:https%3A%2F%2Fyoutu.be%2FoQNpOso07sM|target:_blank|\u00a0\u00bb][vc_column_text css=\u00a0\u00bb\u00a0\u00bb]<\/p>\n<ol start=\"2\">\n<li>Branchez votre appareil pour lancer le logiciel<\/li>\n<li>Commencer le processus d&rsquo;activation\/enregistrement (voir le num\u00e9ro de s\u00e9rie du logiciel \u00e0 l&rsquo;int\u00e9rieur de la bo\u00eete de l&rsquo;appareil).<\/li>\n<li>\u00c9talonnage (voir les instructions \u00e9tape par \u00e9tape ci-dessous)<\/li>\n<\/ol>\n<p>[\/vc_column_text][vc_btn title=\u00a0\u00bbRegarder la vid\u00e9o\u00a0\u00bb style=\u00a0\u00bbclassic\u00a0\u00bb shape=\u00a0\u00bbround\u00a0\u00bb color=\u00a0\u00bbblack\u00a0\u00bb css=\u00a0\u00bb.vc_custom_1725524559566{margin-top: 8px !important;margin-left: 16px !important;}\u00a0\u00bb link=\u00a0\u00bburl:https%3A%2F%2Fyoutu.be%2FsJ-S2TS4R9A|target:_blank|\u00a0\u00bb][vc_empty_space][\/vc_column][\/vc_row][vc_row css=\u00a0\u00bb.vc_custom_1682343562567{padding-top: 60px !important;padding-bottom: 60px !important;}\u00a0\u00bb][vc_column width=\u00a0\u00bb1\/2&Prime;][vc_column_text css=\u00a0\u00bb\u00a0\u00bb]<\/p>\n<h2>T\u00e9l\u00e9chargement du logiciel Spyder<\/h2>\n<p> Consulter la <a href=\"https:\/\/spyderx.datacolor.com\/datacolor-spyder-software-license\/\" target=\"_blank\" rel=\"noopener\">licence du logiciel Datacolor<\/a> <em>Tous les produits Spyder comprennent une \u00ab licence de site \u00bb, pour un seul propri\u00e9taire. Cette licence permet au propri\u00e9taire d&rsquo;installer et d&rsquo;utiliser le logiciel sur tous les ordinateurs (Mac ou Windows), pour autant qu&rsquo;ils appartiennent au d\u00e9tenteur de la licence. Si le propri\u00e9taire poss\u00e8de plusieurs ordinateurs, il peut utiliser le produit Spyder sur chacun d&rsquo;entre eux. L&rsquo;activation sur un ordinateur dont l&rsquo;acheteur n&rsquo;est pas propri\u00e9taire, ou l&rsquo;exploitation en tant que service \u00e0 d&rsquo;autres, sont interdites.<\/em>[\/vc_column_text][\/vc_column][vc_column width=\u00a0\u00bb1\/4&Prime;][vc_empty_space][vc_column_text css=\u00a0\u00bb\u00a0\u00bb]<\/p>\n<p style=\"text-align: center;\"><strong>SpyderPro<\/strong><\/p>\n<p>[\/vc_column_text][vc_empty_space][vc_btn title=\u00a0\u00bbLogiciel Windows\u00a0\u00bb style=\u00a0\u00bbclassic\u00a0\u00bb shape=\u00a0\u00bbround\u00a0\u00bb color=\u00a0\u00bbblack\u00a0\u00bb align=\u00a0\u00bbcenter\u00a0\u00bb css=\u00a0\u00bb.vc_custom_1725982047112{margin-top: 8px !important;}\u00a0\u00bb link=\u00a0\u00bburl:https%3A%2F%2Fgoto.datacolor.com%2Fdownloads%2Fwin%2Fsp2024|target:_blank|\u00a0\u00bb el_class=\u00a0\u00bbresourcebutton\u00a0\u00bb][vc_empty_space height=\u00a0\u00bb20px\u00a0\u00bb][vc_btn title=\u00a0\u00bbLogiciel macOS\u00a0\u00bb style=\u00a0\u00bbclassic\u00a0\u00bb shape=\u00a0\u00bbround\u00a0\u00bb color=\u00a0\u00bbblack\u00a0\u00bb align=\u00a0\u00bbcenter\u00a0\u00bb css=\u00a0\u00bb.vc_custom_1725553602309{margin-top: 8px !important;}\u00a0\u00bb link=\u00a0\u00bburl:https%3A%2F%2Fgoto.datacolor.com%2Fdownloads%2Fmac%2Fsp2024|target:_blank|\u00a0\u00bb el_class=\u00a0\u00bbresourcebutton\u00a0\u00bb][vc_empty_space][\/vc_column][vc_column width=\u00a0\u00bb1\/4&Prime;][vc_empty_space][vc_column_text css=\u00a0\u00bb\u00a0\u00bb]<\/p>\n<p style=\"text-align: center;\"><strong>Spyder Print<\/strong><\/p>\n<p>[\/vc_column_text][vc_empty_space][vc_btn title=\u00a0\u00bbLogiciel Windows\u00a0\u00bb style=\u00a0\u00bbclassic\u00a0\u00bb shape=\u00a0\u00bbround\u00a0\u00bb color=\u00a0\u00bbblack\u00a0\u00bb align=\u00a0\u00bbcenter\u00a0\u00bb css=\u00a0\u00bb.vc_custom_1726044894569{margin-top: 8px !important;}\u00a0\u00bb link=\u00a0\u00bburl:https%3A%2F%2Fgoto.datacolor.com%2Fdownloads%2Fwin%2Fs5sr100|target:_blank|\u00a0\u00bb el_class=\u00a0\u00bbresourcebutton\u00a0\u00bb][vc_empty_space height=\u00a0\u00bb20px\u00a0\u00bb][vc_btn title=\u00a0\u00bbLogiciel macOS\u00a0\u00bb style=\u00a0\u00bbclassic\u00a0\u00bb shape=\u00a0\u00bbround\u00a0\u00bb color=\u00a0\u00bbblack\u00a0\u00bb align=\u00a0\u00bbcenter\u00a0\u00bb css=\u00a0\u00bb.vc_custom_1726044904229{margin-top: 8px !important;}\u00a0\u00bb link=\u00a0\u00bburl:https%3A%2F%2Fgoto.datacolor.com%2Fdownloads%2Fmac%2Fs5sr100|target:_blank|\u00a0\u00bb el_class=\u00a0\u00bbresourcebutton\u00a0\u00bb][vc_empty_space][\/vc_column][\/vc_row][vc_row disable_element=\u00a0\u00bbyes\u00a0\u00bb css=\u00a0\u00bb.vc_custom_1726045023231{padding-top: 60px !important;padding-bottom: 60px !important;}\u00a0\u00bb][vc_column][vc_column_text]<\/p>\n<h2>Comment \u00e9talonner votre moniteur<\/h2>\n<p>[\/vc_column_text][vc_empty_space][vc_row_inner][vc_column_inner width=\u00a0\u00bb1\/2&Prime; offset=\u00a0\u00bbvc_col-md-3&Prime;][vc_single_image image=\u00a0\u00bb47564&Prime; img_size=\u00a0\u00bb500&#215;500&Prime; alignment=\u00a0\u00bbcenter\u00a0\u00bb][vc_empty_space][vc_column_text css=\u00a0\u00bb\u00a0\u00bb]<strong>1. Branchez votre appareil Spyder<\/strong> Votre Spyder comprend un port USB-C natif et est livr\u00e9 avec un adaptateur USB-A suppl\u00e9mentaire pour plus de commodit\u00e9. Suivez les instructions pas \u00e0 pas qui s&rsquo;affichent \u00e0 l&rsquo;\u00e9cran.[\/vc_column_text][vc_empty_space][\/vc_column_inner][vc_column_inner width=\u00a0\u00bb1\/2&Prime; offset=\u00a0\u00bbvc_col-md-3&Prime;][vc_single_image image=\u00a0\u00bb47683&Prime; img_size=\u00a0\u00bb500&#215;500&Prime; alignment=\u00a0\u00bbcenter\u00a0\u00bb][vc_empty_space][vc_column_text css=\u00a0\u00bb\u00a0\u00bb]<strong>2. Ouvrez le logiciel Spyder<\/strong> Le logiciel Spyder vous guidera \u00e0 travers le processus d&rsquo;\u00e9talonnage et de configuration de l&rsquo;\u00e9cran en quelques \u00e9crans seulement. S\u00e9lectionnez la <a href=\"\" target=\"\" rel=\"noopener\">technologie d&rsquo;affichage<\/a> et les commandes disponibles pour votre \u00e9cran afin de garantir un \u00e9talonnage le plus pr\u00e9cis possible. Calibrez votre \u00e9cran pour qu&rsquo;il corresponde aux besoins de votre flux de travail en ajustant les param\u00e8tres de gamma, de point blanc et de luminosit\u00e9.<br \/>\n[\/vc_column_text][vc_empty_space][\/vc_column_inner][vc_column_inner width=\u00a0\u00bb1\/2&Prime; offset=\u00a0\u00bbvc_col-md-3&Prime;][vc_single_image image=\u00a0\u00bb47694&Prime; img_size=\u00a0\u00bb500&#215;500&Prime; alignment=\u00a0\u00bbcenter\u00a0\u00bb][vc_empty_space][vc_column_text css=\u00a0\u00bb\u00a0\u00bb]<strong>3. Placement correct<\/strong> Retirez le capuchon de l&rsquo;objectif de votre Spyder et, lorsque vous y \u00eates invit\u00e9, suspendez l&rsquo;appareil au-dessus de votre \u00e9cran. Le cache-objectif glisse le long du c\u00e2ble USB et sert de contrepoids pour maintenir le capteur Spyder en place sur votre \u00e9cran. L&rsquo;appareil doit reposer sur le moniteur sous son propre poids, ne le tenez pas contre l&rsquo;\u00e9cran avec votre main.   Inclinez l\u00e9g\u00e8rement l&rsquo;\u00e9cran vers l&rsquo;arri\u00e8re, si n\u00e9cessaire, pour que l&rsquo;appareil reste \u00e0 plat contre l&rsquo;\u00e9cran.[\/vc_column_text][vc_empty_space][\/vc_column_inner][vc_column_inner width=\u00a0\u00bb1\/2&Prime; offset=\u00a0\u00bbvc_col-md-3&Prime;][vc_single_image image=\u00a0\u00bb47704&Prime; img_size=\u00a0\u00bb500&#215;500&Prime; alignment=\u00a0\u00bbcenter\u00a0\u00bb][vc_empty_space][vc_column_text css=\u00a0\u00bb\u00a0\u00bb]<strong>4. Calibrer<\/strong> Assurez-vous que toutes les autres applications sont ferm\u00e9es avant de commencer le processus de calibrage afin d&rsquo;\u00e9viter toute interf\u00e9rence possible. Le logiciel Spyder cr\u00e9era ensuite un profil d&rsquo;affichage personnalis\u00e9 que le syst\u00e8me d&rsquo;exploitation de votre ordinateur et les applications de gestion des couleurs utiliseront pour corriger votre affichage.  Vous pouvez toujours revenir aux param\u00e8tres par d\u00e9faut de votre moniteur en supprimant simplement le profil calibr\u00e9.<br \/>\n[\/vc_column_text][vc_btn title=\u00a0\u00bbRegarder la vid\u00e9o\u00a0\u00bb style=\u00a0\u00bbclassic\u00a0\u00bb shape=\u00a0\u00bbround\u00a0\u00bb color=\u00a0\u00bbblack\u00a0\u00bb css=\u00a0\u00bb.vc_custom_1725523412484{margin-top: 8px !important;}\u00a0\u00bb link=\u00a0\u00bburl:https%3A%2F%2Fyoutu.be%2FsJ-S2TS4R9A|target:_blank|\u00a0\u00bb][vc_empty_space][\/vc_column_inner][\/vc_row_inner][\/vc_column][\/vc_row][vc_row css=\u00a0\u00bb.vc_custom_1682345998990{padding-top: 60px !important;padding-bottom: 60px !important;}\u00a0\u00bb][vc_column][vc_column_text css=\u00a0\u00bb\u00a0\u00bb]<\/p>\n<h2>Votre voyage cr\u00e9atif commence ici<\/h2>\n<p>[\/vc_column_text][vc_empty_space][vc_row_inner][vc_column_inner width=\u00a0\u00bb2\/3&Prime;][vc_column_text css=\u00a0\u00bb\u00a0\u00bb]<\/p>\n<h3>Spyder Cube<\/h3>\n<p> Pour une correction incomparable de la balance des blancs, des niveaux d&rsquo;exposition et de contraste pour la photo et la vid\u00e9o. Il fournit une r\u00e9f\u00e9rence tridimensionnelle du blanc, du noir et du gris neutre avec une boule miroir qui affiche les reflets sp\u00e9culaires et un pi\u00e8ge \u00e0 noir pour une v\u00e9ritable r\u00e9f\u00e9rence au point noir &#8211; des caract\u00e9ristiques que l&rsquo;on ne trouve pas dans une carte grise traditionnelle.<br \/>\n[\/vc_column_text][vc_empty_space][vc_btn title=\u00a0\u00bbT\u00e9l\u00e9charger le guide de d\u00e9marrage rapide\u00a0\u00bb style=\u00a0\u00bbclassic\u00a0\u00bb shape=\u00a0\u00bbround\u00a0\u00bb color=\u00a0\u00bbblack\u00a0\u00bb align=\u00a0\u00bbleft\u00a0\u00bb i_icon_fontawesome=\u00a0\u00bbfar fa-file-alt\u00a0\u00bb css=\u00a0\u00bb.vc_custom_1726249379130{margin-top: 8px !important;}\u00a0\u00bb add_icon=\u00a0\u00bbtrue\u00a0\u00bb link=\u00a0\u00bburl:https%3A%2F%2Fwww.datacolor.com%2Fspyder%2Fwp-content%2Fuploads%2F2023%2F05%2FSpyder-Cube-Quick-Start-Guide.pdf|target:_blank|\u00a0\u00bb el_class=\u00a0\u00bbresourcebutton\u00a0\u00bb][vc_btn title=\u00a0\u00bbT\u00e9l\u00e9charger le guide de l&apos;utilisateur\u00a0\u00bb style=\u00a0\u00bbclassic\u00a0\u00bb shape=\u00a0\u00bbround\u00a0\u00bb color=\u00a0\u00bbblack\u00a0\u00bb align=\u00a0\u00bbleft\u00a0\u00bb i_icon_fontawesome=\u00a0\u00bbfar fa-file-alt\u00a0\u00bb css=\u00a0\u00bb.vc_custom_1726249333326{margin-top: 8px !important;}\u00a0\u00bb add_icon=\u00a0\u00bbtrue\u00a0\u00bb link=\u00a0\u00bburl:https%3A%2F%2Fwww.datacolor.com%2Fspyder%2Fwp-content%2Fuploads%2F2023%2F05%2FSpyder-Cube-User-Guide.pdf|target:_blank|\u00a0\u00bb el_class=\u00a0\u00bbresourcebutton\u00a0\u00bb][vc_empty_space][\/vc_column_inner][vc_column_inner width=\u00a0\u00bb1\/3&Prime;][vc_single_image image=\u00a0\u00bb48184&Prime; img_size=\u00a0\u00bbfull\u00a0\u00bb][\/vc_column_inner][\/vc_row_inner][\/vc_column][\/vc_row][vc_row css=\u00a0\u00bb.vc_custom_1682345998990{padding-top: 60px !important;padding-bottom: 60px !important;}\u00a0\u00bb][vc_column][vc_row_inner][vc_column_inner width=\u00a0\u00bb2\/3&Prime;][vc_empty_space][vc_column_text css=\u00a0\u00bb\u00a0\u00bb]<\/p>\n<h3>SpyderPro<\/h3>\n<p> Calibre enti\u00e8rement les moniteurs OLED, mini-LED, Apple Liquid Retina XDR et les moniteurs \u00e0 haute luminosit\u00e9, ainsi que les LED larges et standard. Inclut les cibles vid\u00e9o Rec.  709 et Rec. 2020. La fonction exclusive Display Preview\u2122 Beta simule ce \u00e0 quoi les images peuvent ressembler sur les derniers t\u00e9l\u00e9phones et tablettes sans avoir \u00e0 utiliser les appareils r\u00e9els pour la pr\u00e9visualisation.[\/vc_column_text][vc_empty_space][vc_btn title=\u00a0\u00bbT\u00e9l\u00e9charger le guide de d\u00e9marrage rapide\u00a0\u00bb style=\u00a0\u00bbclassic\u00a0\u00bb shape=\u00a0\u00bbround\u00a0\u00bb color=\u00a0\u00bbblack\u00a0\u00bb align=\u00a0\u00bbleft\u00a0\u00bb i_icon_fontawesome=\u00a0\u00bbfar fa-file-alt\u00a0\u00bb css=\u00a0\u00bb.vc_custom_1726225401790{margin-top: 8px !important;}\u00a0\u00bb add_icon=\u00a0\u00bbtrue\u00a0\u00bb link=\u00a0\u00bburl:https%3A%2F%2Fwww.datacolor.com%2Fspyder%2Fwp-content%2Fuploads%2F2024%2F09%2FSpyderPro-Quick-Start-Guide_FR.pdf|target:_blank|\u00a0\u00bb el_class=\u00a0\u00bbresourcebutton\u00a0\u00bb][vc_btn title=\u00a0\u00bbT\u00e9l\u00e9charger le guide de l&apos;utilisateur\u00a0\u00bb style=\u00a0\u00bbclassic\u00a0\u00bb shape=\u00a0\u00bbround\u00a0\u00bb color=\u00a0\u00bbblack\u00a0\u00bb align=\u00a0\u00bbleft\u00a0\u00bb i_icon_fontawesome=\u00a0\u00bbfar fa-file-alt\u00a0\u00bb css=\u00a0\u00bb.vc_custom_1726225417642{margin-top: 8px !important;}\u00a0\u00bb add_icon=\u00a0\u00bbtrue\u00a0\u00bb link=\u00a0\u00bburl:https%3A%2F%2Fwww.datacolor.com%2Fspyder%2Fwp-content%2Fuploads%2F2024%2F09%2FSpyder-SpyderPro-User-Guide_FR-Final.pdf|target:_blank|\u00a0\u00bb el_class=\u00a0\u00bbresourcebutton\u00a0\u00bb][vc_btn title=\u00a0\u00bbD\u00e9monstration d&apos;installation\u00a0\u00bb style=\u00a0\u00bbclassic\u00a0\u00bb shape=\u00a0\u00bbround\u00a0\u00bb color=\u00a0\u00bbblack\u00a0\u00bb align=\u00a0\u00bbleft\u00a0\u00bb i_icon_fontawesome=\u00a0\u00bbfar fa-file-alt\u00a0\u00bb css=\u00a0\u00bb.vc_custom_1726225442640{margin-top: 8px !important;}\u00a0\u00bb add_icon=\u00a0\u00bbtrue\u00a0\u00bb link=\u00a0\u00bburl:https%3A%2F%2Fyoutu.be%2FoQNpOso07sM|target:_blank|\u00a0\u00bb el_class=\u00a0\u00bbresourcebutton\u00a0\u00bb][vc_btn title=\u00a0\u00bbD\u00e9monstration d&apos;\u00e9talonnage\u00a0\u00bb style=\u00a0\u00bbclassic\u00a0\u00bb shape=\u00a0\u00bbround\u00a0\u00bb color=\u00a0\u00bbblack\u00a0\u00bb align=\u00a0\u00bbleft\u00a0\u00bb i_icon_fontawesome=\u00a0\u00bbfar fa-file-alt\u00a0\u00bb css=\u00a0\u00bb.vc_custom_1726225467328{margin-top: 8px !important;}\u00a0\u00bb add_icon=\u00a0\u00bbtrue\u00a0\u00bb link=\u00a0\u00bburl:https%3A%2F%2Fyoutu.be%2FsJ-S2TS4R9A|target:_blank|\u00a0\u00bb el_class=\u00a0\u00bbresourcebutton\u00a0\u00bb][vc_empty_space][\/vc_column_inner][vc_column_inner width=\u00a0\u00bb1\/3&Prime;][vc_empty_space][vc_single_image image=\u00a0\u00bb48194&Prime; img_size=\u00a0\u00bbfull\u00a0\u00bb][\/vc_column_inner][\/vc_row_inner][\/vc_column][\/vc_row][vc_row css=\u00a0\u00bb.vc_custom_1682345998990{padding-top: 60px !important;padding-bottom: 60px !important;}\u00a0\u00bb][vc_column][vc_separator][vc_row_inner][vc_column_inner width=\u00a0\u00bb2\/3&Prime;][vc_empty_space][vc_column_text css=\u00a0\u00bb\u00a0\u00bb]<\/p>\n<h3>Spyder Print<\/h3>\n<p> Profilage d&rsquo;imprimante pour toute combinaison imprimante\/encre\/papier. SpyderProof vous donne une s\u00e9rie d&rsquo;images soigneusement s\u00e9lectionn\u00e9es pour \u00e9valuer le profil personnalis\u00e9. L&rsquo;outil d&rsquo;\u00e9preuvage \u00e0 l&rsquo;\u00e9cran est inestimable pour \u00e9valuer votre nouveau profil.[\/vc_column_text][vc_empty_space][vc_btn title=\u00a0\u00bbT\u00e9l\u00e9charger le guide de d\u00e9marrage rapide\u00a0\u00bb style=\u00a0\u00bbclassic\u00a0\u00bb shape=\u00a0\u00bbround\u00a0\u00bb color=\u00a0\u00bbblack\u00a0\u00bb align=\u00a0\u00bbleft\u00a0\u00bb i_icon_fontawesome=\u00a0\u00bbfar fa-file-alt\u00a0\u00bb css=\u00a0\u00bb.vc_custom_1726225547397{margin-top: 8px !important;}\u00a0\u00bb add_icon=\u00a0\u00bbtrue\u00a0\u00bb link=\u00a0\u00bburl:https%3A%2F%2Fwww.datacolor.com%2Fspyder%2Fwp-content%2Fuploads%2F2023%2F05%2FSpyder-Print-Quick-Start-Guide.pdf|target:_blank|\u00a0\u00bb el_class=\u00a0\u00bbresourcebutton\u00a0\u00bb][vc_btn title=\u00a0\u00bbT\u00e9l\u00e9charger le guide de l&apos;utilisateur\u00a0\u00bb style=\u00a0\u00bbclassic\u00a0\u00bb shape=\u00a0\u00bbround\u00a0\u00bb color=\u00a0\u00bbblack\u00a0\u00bb align=\u00a0\u00bbleft\u00a0\u00bb i_icon_fontawesome=\u00a0\u00bbfar fa-file-alt\u00a0\u00bb css=\u00a0\u00bb.vc_custom_1726225561176{margin-top: 8px !important;}\u00a0\u00bb add_icon=\u00a0\u00bbtrue\u00a0\u00bb link=\u00a0\u00bburl:https%3A%2F%2Fwww.datacolor.com%2Fspyder%2Fwp-content%2Fuploads%2F2023%2F05%2FSpyder-Print-User-Guide.pdf|target:_blank|\u00a0\u00bb el_class=\u00a0\u00bbresourcebutton\u00a0\u00bb][vc_empty_space][\/vc_column_inner][vc_column_inner width=\u00a0\u00bb1\/3&Prime;][vc_empty_space][vc_single_image image=\u00a0\u00bb48205&Prime; img_size=\u00a0\u00bbfull\u00a0\u00bb][\/vc_column_inner][\/vc_row_inner][\/vc_column][\/vc_row][vc_row bg_type=\u00a0\u00bbbg_color\u00a0\u00bb bg_override=\u00a0\u00bbfull\u00a0\u00bb css=\u00a0\u00bb.vc_custom_1725525740289{padding-top: 60px !important;padding-bottom: 60px !important;}\u00a0\u00bb bg_color_value=\u00a0\u00bb#fafafa\u00a0\u00bb][vc_column][vc_column_text css=\u00a0\u00bb\u00a0\u00bb]<\/p>\n<h2>Ressources compl\u00e9mentaires<\/h2>\n<p>[\/vc_column_text][vc_empty_space][vc_row_inner][vc_column_inner width=\u00a0\u00bb1\/3&Prime;][vc_single_image image=\u00a0\u00bb47604&Prime; img_size=\u00a0\u00bb500&#215;500&Prime; onclick=\u00a0\u00bbcustom_link\u00a0\u00bb img_link_target=\u00a0\u00bb_blank\u00a0\u00bb][vc_empty_space][\/vc_column_inner][vc_column_inner width=\u00a0\u00bb1\/3&Prime;][vc_btn title=\u00a0\u00bbFAQs\u00a0\u00bb style=\u00a0\u00bbclassic\u00a0\u00bb shape=\u00a0\u00bbround\u00a0\u00bb color=\u00a0\u00bbblack\u00a0\u00bb align=\u00a0\u00bbcenter\u00a0\u00bb i_icon_fontawesome=\u00a0\u00bbfar fa-question-circle\u00a0\u00bb css=\u00a0\u00bb.vc_custom_1725553204797{margin-top: 8px !important;}\u00a0\u00bb add_icon=\u00a0\u00bbtrue\u00a0\u00bb link=\u00a0\u00bburl:https%3A%2F%2Fgoto.datacolor.com%2Flearnaboutspyder24-faq|target:_blank|\u00a0\u00bb el_class=\u00a0\u00bbresourcebutton\u00a0\u00bb][vc_empty_space][\/vc_column_inner][vc_column_inner width=\u00a0\u00bb1\/3&Prime;][vc_btn title=\u00a0\u00bbNous contacter\u00a0\u00bb style=\u00a0\u00bbclassic\u00a0\u00bb shape=\u00a0\u00bbround\u00a0\u00bb color=\u00a0\u00bbblack\u00a0\u00bb align=\u00a0\u00bbcenter\u00a0\u00bb i_icon_fontawesome=\u00a0\u00bbfas fa-at\u00a0\u00bb css=\u00a0\u00bb.vc_custom_1725553162918{margin-top: 8px !important;}\u00a0\u00bb add_icon=\u00a0\u00bbtrue\u00a0\u00bb link=\u00a0\u00bburl:https%3A%2F%2Fspyder-support.datacolor.com%2F|target:_blank|\u00a0\u00bb el_class=\u00a0\u00bbresourcebutton\u00a0\u00bb][vc_empty_space][\/vc_column_inner][\/vc_row_inner][\/vc_column][\/vc_row]<\/p>\n<\/div>","protected":false},"excerpt":{"rendered":"<p>[vc_row css=\u00a0\u00bb.vc_custom_1682339726830{padding-top: 60px !important;padding-bottom: 60px !important;}\u00a0\u00bb][vc_column width=\u00a0\u00bb2\/5&Prime;][vc_column_text css=\u00a0\u00bb\u00a0\u00bb] Bienvenue \u00e0 Color Mastery ! [\/vc_column_text][vc_empty_space][vc_column_text css=\u00a0\u00bb\u00a0\u00bb]Datacolor Spyder Print Studio est la solution essentielle de flux de travail photographique tout-en-un pour un contr\u00f4le pr\u00e9cis de la capture, de l&rsquo;\u00e9dition et de l&rsquo;impression pour un flux de travail enti\u00e8rement g\u00e9r\u00e9 par la couleur. Cette suite d&rsquo;outils, qui permet &hellip;<\/p>\n","protected":false},"author":2,"featured_media":0,"parent":0,"menu_order":0,"comment_status":"closed","ping_status":"closed","template":"","meta":{"_acf_changed":false,"footnotes":""},"class_list":["post-48318","page","type-page","status-publish","hentry"],"acf":[],"_links":{"self":[{"href":"https:\/\/www.datacolor.com\/spyder\/fr\/wp-json\/wp\/v2\/pages\/48318","targetHints":{"allow":["GET"]}}],"collection":[{"href":"https:\/\/www.datacolor.com\/spyder\/fr\/wp-json\/wp\/v2\/pages"}],"about":[{"href":"https:\/\/www.datacolor.com\/spyder\/fr\/wp-json\/wp\/v2\/types\/page"}],"author":[{"embeddable":true,"href":"https:\/\/www.datacolor.com\/spyder\/fr\/wp-json\/wp\/v2\/users\/2"}],"replies":[{"embeddable":true,"href":"https:\/\/www.datacolor.com\/spyder\/fr\/wp-json\/wp\/v2\/comments?post=48318"}],"version-history":[{"count":0,"href":"https:\/\/www.datacolor.com\/spyder\/fr\/wp-json\/wp\/v2\/pages\/48318\/revisions"}],"wp:attachment":[{"href":"https:\/\/www.datacolor.com\/spyder\/fr\/wp-json\/wp\/v2\/media?parent=48318"}],"curies":[{"name":"wp","href":"https:\/\/api.w.org\/{rel}","templated":true}]}}