{"id":52244,"date":"2025-02-18T14:38:57","date_gmt":"2025-02-18T14:38:57","guid":{"rendered":"https:\/\/dev2024.spyder.datacolor.eu\/spyder\/welcome-to-lightcolor-meter\/"},"modified":"2025-02-21T11:09:20","modified_gmt":"2025-02-21T11:09:20","slug":"welcome-to-lightcolor-meter","status":"publish","type":"page","link":"https:\/\/www.datacolor.com\/spyder\/fr\/welcome-to-lightcolor-meter\/","title":{"rendered":"Welcome to LightColor Meter"},"content":{"rendered":"<div class=\"wpb-content-wrapper\"><p>[vc_row][vc_column][vc_column_text][\/vc_column_text][\/vc_column][\/vc_row][vc_row css=\u00a0\u00bb.vc_custom_1682339726830{padding-top: 60px !important;padding-bottom: 60px !important;}\u00a0\u00bb][vc_column width=\u00a0\u00bb2\/5&Prime;][vc_column_text css=\u00a0\u00bb\u00a0\u00bb]<\/p>\n<h1 class=\"mainheader\">Une exposition plus pr\u00e9cise avec le LightColor Meter !<\/h1>\n<p>[\/vc_column_text][vc_empty_space][vc_column_text css=\u00a0\u00bb\u00a0\u00bb]T\u00e9l\u00e9chargez l\u2019application qui accompagne votre nouveau Datacolor LightColor Meter, consultez le guide de d\u00e9marrage rapide, et trouvez des liens vers le Guide d\u2019utilisation et l\u2019assistance.[\/vc_column_text][vc_empty_space][\/vc_column][vc_column width=\u00a0\u00bb3\/5&Prime;][vc_empty_space][vc_single_image image=\u00a0\u00bb52016&Prime; img_size=\u00a0\u00bb750&#215;500&Prime;][\/vc_column][\/vc_row][vc_row][vc_column][vc_column_text][\/vc_column_text][\/vc_column][\/vc_row][vc_row bg_type=\u00a0\u00bbbg_color\u00a0\u00bb bg_override=\u00a0\u00bbfull\u00a0\u00bb bg_color_value=\u00a0\u00bb#fafafa\u00a0\u00bb css=\u00a0\u00bb.vc_custom_1725522706270{padding-top: 30px !important;padding-bottom: 60px !important;}\u00a0\u00bb][vc_column width=\u00a0\u00bb1\/2&Prime; css=\u00a0\u00bb.vc_custom_1725972773631{padding-right: 32px !important;padding-left: 32px !important;}\u00a0\u00bb][vc_column_text css=\u00a0\u00bb\u00a0\u00bb]<\/p>\n<h3 style=\"margin-bottom: 20px;\">Fonctionnalit\u00e9s principales<\/h3>\n<ul>\n<li>Mesure la lumi\u00e8re, la temp\u00e9rature des couleurs et le DUV, pour plus de pr\u00e9cision<\/li>\n<li>Une efficacit\u00e9 sup\u00e9rieure et une grande libert\u00e9 de mouvement gr\u00e2ce au fonctionnement sans fil<\/li>\n<li>Mesure tous types d\u2019\u00e9clairage, y compris les lumi\u00e8res continues et les flashs\/stroboscopes<\/li>\n<li>L\u2019outil peut mesurer plusieurs sources lumineuses lorsque le d\u00f4me est relev\u00e9, ou une seule si le d\u00f4me est abaiss\u00e9<\/li>\n<li>Inclut des biblioth\u00e8ques de gels filtres Profoto<sup>\u00ae<\/sup>, LEE<sup>\u00ae<\/sup> et Rosco<sup>\u00ae<\/sup>.<\/li>\n<li>Synchronisez facilement diff\u00e9rents LightColor Meters, et utilisez-les lorsque vous travaillez dans de grands espaces ou sur fond vert<\/li>\n<\/ul>\n<p>[\/vc_column_text][vc_empty_space][\/vc_column][vc_column width=\u00a0\u00bb1\/2&Prime; css=\u00a0\u00bb.vc_custom_1725972786678{padding-right: 32px !important;padding-left: 32px !important;}\u00a0\u00bb][vc_column_text css=\u00a0\u00bb\u00a0\u00bb]<\/p>\n<h3 style=\"margin-bottom: 20px;\">Guide de d\u00e9marrage rapide<\/h3>\n<ol>\n<li>T\u00e9l\u00e9chargez et installez l&rsquo;application<\/li>\n<\/ol>\n<p>[\/vc_column_text][vc_empty_space height=\u00a0\u00bb16px\u00a0\u00bb][vc_row_inner][vc_column_inner width=\u00a0\u00bb1\/2&Prime;][vc_single_image image=\u00a0\u00bb52027&Prime; img_size=\u00a0\u00bbmedium\u00a0\u00bb onclick=\u00a0\u00bbcustom_link\u00a0\u00bb link=\u00a0\u00bbhttps:%2F%2Fgoto.datacolor.com%2FgetLCMappiOS|\u00a0\u00bb][\/vc_column_inner][vc_column_inner width=\u00a0\u00bb1\/2&Prime;][vc_single_image image=\u00a0\u00bb52037&Prime; img_size=\u00a0\u00bbmedium\u00a0\u00bb onclick=\u00a0\u00bbcustom_link\u00a0\u00bb link=\u00a0\u00bbhttps:%2F%2Fgoto.datacolor.com%2FgetLCMappAndroid|\u00a0\u00bb][\/vc_column_inner][\/vc_row_inner][vc_row_inner][vc_column_inner][vc_empty_space height=\u00a0\u00bb16px\u00a0\u00bb][vc_column_text css=\u00a0\u00bb\u00a0\u00bb]<\/p>\n<ol start=\"2\">\n<li>Ins\u00e9rez les piles, connectez le luxm\u00e8tre, positionnez-le et prenez une mesure<\/li>\n<\/ol>\n<p>[\/vc_column_text][vc_btn title=\u00a0\u00bbRegarder la vid\u00e9o\u00a0\u00bb style=\u00a0\u00bbclassic\u00a0\u00bb shape=\u00a0\u00bbround\u00a0\u00bb color=\u00a0\u00bbblack\u00a0\u00bb css=\u00a0\u00bb.vc_custom_1740056047068{margin-top: 8px !important;margin-left: 16px !important;}\u00a0\u00bb link=\u00a0\u00bburl:https%3A%2F%2Fwww.youtube.com%2Fwatch%3Fv%3DlyNcy-Q_JJE|target:_blank|\u00a0\u00bb][vc_column_text css=\u00a0\u00bb\u00a0\u00bb]<\/p>\n<ol start=\"3\">\n<li>Consultez les mesures de temp\u00e9rature de la lumi\u00e8re et des couleurs<\/li>\n<li>R\u00e9glez l\u2019exposition et l\u2019\u00e9clairage de votre sc\u00e8ne<\/li>\n<\/ol>\n<p>[\/vc_column_text][\/vc_column_inner][\/vc_row_inner][\/vc_column][\/vc_row][vc_row css=\u00a0\u00bb.vc_custom_1682343562567{padding-top: 60px !important;padding-bottom: 60px !important;}\u00a0\u00bb][vc_column][vc_column_text css=\u00a0\u00bb\u00a0\u00bb]<\/p>\n<h2>Conseils<\/h2>\n<p>[\/vc_column_text][vc_empty_space][vc_column_text css=\u00a0\u00bb\u00a0\u00bb]<\/p>\n<ul class=\"tiplist\">\n<li>Pour mesurer la lumi\u00e8re, il est pr\u00e9f\u00e9rable de placer le LightColor Meter \u00e0 proximit\u00e9 de votre sujet.<\/li>\n<li>Si vous photographiez une personne, placez le d\u00f4me du luxm\u00e8tre \u00e0 l\u2019oppos\u00e9 du visage lors de la mesure de la lumi\u00e8re.<\/li>\n<li>Positionnement : utilisez le trou pour fixer une dragonne, le support \u00bc\u00a0\u00bb 20 pour un montage sur tr\u00e9pied, l\u2019aimant aux terres rares pour un montage sur une surface m\u00e9tallique, ou les accessoires inclus (pince crocodile\/montage multiple).<\/li>\n<li>Le d\u00f4me du LightColor Meter propose deux positions : remont\u00e9 ou abaiss\u00e9.\n<ul class=\"subbullets\" style=\"margin-top: 16px;\">\n<li>Utilisez le d\u00f4me en position remont\u00e9e pour prendre une mesure \u00e0 partir d\u2019un angle large ou de plusieurs sources lumineuses.<\/li>\n<li>Abaissez le d\u00f4me pour prendre une mesure \u00e0 partir d\u2019un angle plus r\u00e9duit ou d\u2019une source lumineuse unique.<\/li>\n<\/ul>\n<\/li>\n<\/ul>\n<p>[\/vc_column_text][\/vc_column][\/vc_row][vc_row bg_type=\u00a0\u00bbbg_color\u00a0\u00bb bg_override=\u00a0\u00bbfull\u00a0\u00bb css=\u00a0\u00bb.vc_custom_1725525740289{padding-top: 60px !important;padding-bottom: 60px !important;}\u00a0\u00bb bg_color_value=\u00a0\u00bb#fafafa\u00a0\u00bb][vc_column][vc_column_text css=\u00a0\u00bb\u00a0\u00bb]<\/p>\n<h2>Ressources compl\u00e9mentaires<\/h2>\n<p>[\/vc_column_text][vc_empty_space][vc_row_inner][vc_column_inner width=\u00a0\u00bb1\/3&Prime;][vc_single_image image=\u00a0\u00bb47604&Prime; img_size=\u00a0\u00bb500&#215;500&Prime; onclick=\u00a0\u00bbcustom_link\u00a0\u00bb img_link_target=\u00a0\u00bb_blank\u00a0\u00bb][vc_empty_space][\/vc_column_inner][vc_column_inner width=\u00a0\u00bb1\/3&Prime;][vc_btn title=\u00a0\u00bbT\u00e9l\u00e9charger le guide de d\u00e9marrage rapide\u00a0\u00bb style=\u00a0\u00bbclassic\u00a0\u00bb shape=\u00a0\u00bbround\u00a0\u00bb color=\u00a0\u00bbblack\u00a0\u00bb align=\u00a0\u00bbcenter\u00a0\u00bb i_icon_fontawesome=\u00a0\u00bbfar fa-file-alt\u00a0\u00bb css=\u00a0\u00bb.vc_custom_1740135691983{margin-top: 8px !important;}\u00a0\u00bb add_icon=\u00a0\u00bbtrue\u00a0\u00bb link=\u00a0\u00bburl:%2Fspyder%2Fwp-content%2Fuploads%2F2025%2F02%2FLightColor-Meter-QSG-FR.pdf|target:_blank|\u00a0\u00bb el_class=\u00a0\u00bbresourcebutton\u00a0\u00bb][vc_btn title=\u00a0\u00bbT\u00e9l\u00e9charger le guide de l&apos;utilisateur\u00a0\u00bb style=\u00a0\u00bbclassic\u00a0\u00bb shape=\u00a0\u00bbround\u00a0\u00bb color=\u00a0\u00bbblack\u00a0\u00bb align=\u00a0\u00bbcenter\u00a0\u00bb i_icon_fontawesome=\u00a0\u00bbfar fa-file-alt\u00a0\u00bb css=\u00a0\u00bb.vc_custom_1740135722539{margin-top: 8px !important;}\u00a0\u00bb add_icon=\u00a0\u00bbtrue\u00a0\u00bb link=\u00a0\u00bburl:%2Fspyder%2Fwp-content%2Fuploads%2F2025%2F02%2FUserManual-LCM200-Rev-C-FINAL-FR.pdf|target:_blank|\u00a0\u00bb el_class=\u00a0\u00bbresourcebutton\u00a0\u00bb][vc_empty_space][\/vc_column_inner][vc_column_inner width=\u00a0\u00bb1\/3&Prime;][vc_btn title=\u00a0\u00bbD\u00e9monstration d\u2019utilisation\u00a0\u00bb style=\u00a0\u00bbclassic\u00a0\u00bb shape=\u00a0\u00bbround\u00a0\u00bb color=\u00a0\u00bbblack\u00a0\u00bb align=\u00a0\u00bbcenter\u00a0\u00bb i_icon_fontawesome=\u00a0\u00bbfar fa-play-circle\u00a0\u00bb css=\u00a0\u00bb.vc_custom_1739286681335{margin-top: 8px !important;}\u00a0\u00bb add_icon=\u00a0\u00bbtrue\u00a0\u00bb link=\u00a0\u00bburl:https%3A%2F%2Fyoutu.be%2FoQNpOso07sM|target:_blank|\u00a0\u00bb el_class=\u00a0\u00bbresourcebutton\u00a0\u00bb][vc_btn title=\u00a0\u00bbNous contacter\u00a0\u00bb style=\u00a0\u00bbclassic\u00a0\u00bb shape=\u00a0\u00bbround\u00a0\u00bb color=\u00a0\u00bbblack\u00a0\u00bb align=\u00a0\u00bbcenter\u00a0\u00bb i_icon_fontawesome=\u00a0\u00bbfas fa-at\u00a0\u00bb css=\u00a0\u00bb.vc_custom_1725553162918{margin-top: 8px !important;}\u00a0\u00bb add_icon=\u00a0\u00bbtrue\u00a0\u00bb link=\u00a0\u00bburl:https%3A%2F%2Fspyder-support.datacolor.com%2F|target:_blank|\u00a0\u00bb el_class=\u00a0\u00bbresourcebutton\u00a0\u00bb][vc_empty_space][\/vc_column_inner][\/vc_row_inner][\/vc_column][\/vc_row][vc_row css=\u00a0\u00bb.vc_custom_1725544748051{padding-top: 60px !important;padding-bottom: 60px !important;}\u00a0\u00bb][vc_column][vc_column_text css=\u00a0\u00bb\u00a0\u00bb]<\/p>\n<h2>Cas d&rsquo;utilisation<\/h2>\n<p>[\/vc_column_text][vc_empty_space][vc_row_inner][vc_column_inner width=\u00a0\u00bb1\/2&Prime;][vc_single_image image=\u00a0\u00bb51709&Prime; img_size=\u00a0\u00bb800&#215;800&Prime; alignment=\u00a0\u00bbcenter\u00a0\u00bb][vc_empty_space][vc_column_text css=\u00a0\u00bb\u00a0\u00bb]<\/p>\n<h4>Utilisations en photographie<\/h4>\n<p>[\/vc_column_text][vc_empty_space height=\u00a0\u00bb16px\u00a0\u00bb][vc_column_text css=\u00a0\u00bb\u00a0\u00bb]<\/p>\n<ul>\n<li>S\u00e9ances en studio avec \u00e9clairage mixte<\/li>\n<li>Portraits en ext\u00e9rieur<\/li>\n<li>Photographie d\u2019\u00e9v\u00e9nements dans des conditions d\u2019\u00e9clairage vari\u00e9es<\/li>\n<li>Photographie de produits exigeant une reproduction parfaite des couleurs<\/li>\n<li>Photographie de paysage<\/li>\n<li>Photographie de produits avec contr\u00f4le des reflets<\/li>\n<li>Photographie de portrait avec \u00e9clairage des contours<\/li>\n<\/ul>\n<p>[\/vc_column_text][vc_empty_space][\/vc_column_inner][vc_column_inner width=\u00a0\u00bb1\/2&Prime;][vc_single_image image=\u00a0\u00bb51699&Prime; img_size=\u00a0\u00bb800&#215;800&Prime; alignment=\u00a0\u00bbcenter\u00a0\u00bb][vc_empty_space][vc_column_text css=\u00a0\u00bb\u00a0\u00bb]<\/p>\n<h4>Utilisations en vid\u00e9o<\/h4>\n<p>[\/vc_column_text][vc_empty_space height=\u00a0\u00bb16px\u00a0\u00bb][vc_column_text css=\u00a0\u00bb\u00a0\u00bb]<\/p>\n<ul>\n<li>Tournage dans des conditions d\u2019\u00e9clairage mixte<\/li>\n<li>Interviews<\/li>\n<li>\u00c9clairage dramatique pour la fiction<\/li>\n<li>Vid\u00e9o \u00e9v\u00e9nementielle<\/li>\n<li>Incrustation sur fond vert<\/li>\n<li>\u00c9clairage cin\u00e9matographique lors d\u2019interviews<\/li>\n<li>Documentaire cam\u00e9ra \u00e0 l\u2019\u00e9paule<\/li>\n<li>R\u00e9alisation de documentaires dans des conditions lumineuses vari\u00e9es<\/li>\n<\/ul>\n<p>[\/vc_column_text][vc_empty_space height=\u00a0\u00bb16px\u00a0\u00bb][\/vc_column_inner][\/vc_row_inner][\/vc_column][\/vc_row][vc_row disable_element=\u00a0\u00bbyes\u00a0\u00bb css=\u00a0\u00bb.vc_custom_1739291943136{padding-top: 60px !important;padding-bottom: 60px !important;}\u00a0\u00bb][vc_column][vc_column_text css=\u00a0\u00bb\u00a0\u00bb]<\/p>\n<h2>Cas d&rsquo;utilisation<\/h2>\n<p>[\/vc_column_text][vc_empty_space][vc_row_inner][vc_column_inner width=\u00a0\u00bb1\/2&Prime;][vc_single_image image=\u00a0\u00bb51709&Prime; img_size=\u00a0\u00bb800&#215;800&Prime; alignment=\u00a0\u00bbcenter\u00a0\u00bb][vc_empty_space][vc_column_text css=\u00a0\u00bb\u00a0\u00bb]<strong>S\u00e9ances en studio avec \u00e9clairage mixte<\/strong><br \/>Mesure simultan\u00e9e du flash\/stroboscope et des sources lumineuses continues ou variables (LED, tungst\u00e8ne, etc.), pour un \u00e9clairage harmonieux et une repr\u00e9sentation pr\u00e9cise des couleurs.[\/vc_column_text][vc_column_text css=\u00a0\u00bb\u00a0\u00bb]<strong>Portraits en ext\u00e9rieur<\/strong><br \/>Assure des tons chair naturels et pr\u00e9cis et une exposition \u00e9quilibr\u00e9e, m\u00eame lorsque la lumi\u00e8re ext\u00e9rieure varie. Laissez l\u2019outil sur place : il vous fournira des donn\u00e9es continues sur la lumi\u00e8re et les couleurs, et vous informera des variations de la lumi\u00e8re.[\/vc_column_text][vc_column_text css=\u00a0\u00bb\u00a0\u00bb]<strong>Photographie d\u2019\u00e9v\u00e9nements dans des conditions d\u2019\u00e9clairage vari\u00e9es<\/strong><br \/>Capturez des images parfaitement expos\u00e9es, aux couleurs pr\u00e9cises, dans toutes les conditions lumineuses que peuvent rencontrer la photographie \u00e9v\u00e9nementielle : mariages, concerts en plein air, etc.<br \/>\n[\/vc_column_text][vc_column_text css=\u00a0\u00bb\u00a0\u00bb]<strong>Photographie de produits exigeant une reproduction parfaite des couleurs<\/strong><br \/>Repr\u00e9sentez fid\u00e8lement les couleurs r\u00e9elles des produits, r\u00e9duisez les refus li\u00e9s \u00e0 \u00e9carts de couleurs et renforcez la satisfaction de vos clients. Gr\u00e2ce \u00e0 sa taille compacte, le LightColor Meter peut \u00eatre positionn\u00e9 facilement dans l\u2019environnement de prise de vue, avec un effet quasi nul sur les conditions d\u2019\u00e9clairage. <br \/>\n[\/vc_column_text][vc_column_text css=\u00a0\u00bb\u00a0\u00bb]<strong>Photographie de paysage<\/strong><br \/>Pr\u00e9sentez la Golden Hour dans toute la majest\u00e9 de ses couleurs, en profitant d\u2019une exposition \u00e9quilibr\u00e9e et de teintes pr\u00e9cises.[\/vc_column_text][vc_column_text css=\u00a0\u00bb\u00a0\u00bb]<strong>Photographie de produits avec contr\u00f4le des reflets<\/strong><br \/>Profitez d\u2019un contr\u00f4le pr\u00e9cis sur les reflets des produits m\u00e9talliques ou r\u00e9fl\u00e9chissants. Ce contr\u00f4le de la temp\u00e9rature des couleurs et de l\u2019intensit\u00e9 lumineuse est n\u00e9cessaire pour capturer les reflets qui renforcent l\u2019attrait du produit, sans pour autant cr\u00e9er de parasites sur l\u2019image. <br \/>\n[\/vc_column_text][vc_column_text css=\u00a0\u00bb\u00a0\u00bb]<strong>Photographie de portrait avec \u00e9clairage des contours<\/strong><br \/>Mettez en valeur votre sujet en concevant un \u00e9clairage qui lui offre profondeur et distinction. Les mesures directionnelles du LightColor Meter sont parfaitement adapt\u00e9es et permettent d\u2019atteindre le r\u00e9sultat d\u00e9sir\u00e9 gr\u00e2ce \u00e0 ses mesures et \u00e0 des r\u00e9glages pr\u00e9cis de l\u2019\u00e9clairage.[\/vc_column_text][vc_empty_space][\/vc_column_inner][vc_column_inner width=\u00a0\u00bb1\/2&Prime;][vc_single_image image=\u00a0\u00bb51699&Prime; img_size=\u00a0\u00bb800&#215;800&Prime; alignment=\u00a0\u00bbcenter\u00a0\u00bb][vc_empty_space][vc_column_text css=\u00a0\u00bb\u00a0\u00bb]<strong>Tournage dans des conditions d\u2019\u00e9clairage mixte<\/strong><br \/>Assurez-vous d\u2019une exposition uniforme et d\u2019un \u00e9quilibre pr\u00e9cis des couleurs, quelles que soient les variations lumineuses, et r\u00e9duisez ainsi les corrections en postproduction.<br \/>\n[\/vc_column_text][vc_column_text css=\u00a0\u00bb\u00a0\u00bb]<strong>Interviews<\/strong><br \/>La lumi\u00e8re et les couleurs de l\u2019entretien ont un aspect professionnel et mettent en valeur votre invit\u00e9 tout en renfor\u00e7ant l\u2019esth\u00e9tique globale de la vid\u00e9o. Le fonctionnement sans-fil du LightColor Meter vous permet de cr\u00e9er le syst\u00e8me d\u2019\u00e9clairage \u00e0 3 points le plus adapt\u00e9 \u00e0 votre tournage. [\/vc_column_text][vc_column_text css=\u00a0\u00bb\u00a0\u00bb]<strong>\u00c9clairage dramatique pour la fiction<\/strong><br \/>\u00c9tablissez l\u2019ambiance de votre court-m\u00e9trage gr\u00e2ce \u00e0 un \u00e9clairage directionnel contr\u00f4l\u00e9. Mesurez la lumi\u00e8re et la temp\u00e9rature des couleurs pour affiner le contraste et la teinte de la lumi\u00e8re et cr\u00e9er des sc\u00e8nes spectaculaires.[\/vc_column_text][vc_column_text css=\u00a0\u00bb\u00a0\u00bb]<strong>Vid\u00e9o \u00e9v\u00e9nementielle<\/strong><br \/>Capturez des images parfaitement expos\u00e9es aux couleurs pr\u00e9cises lors des \u00e9v\u00e9nements en plein air (mariages, festivals, concerts, etc.) qui s\u2019\u00e9tendent sur plusieurs heures et impliquent une variation des conditions lumineuses. Gr\u00e2ce \u00e0 son mode de mesure continue, qui assure des couleurs coh\u00e9rentes et r\u00e9alistes, le LightColor Meter vous assure de couleurs et d\u2019un niveau d\u2019exposition adapt\u00e9, tout au long de la journ\u00e9e.[\/vc_column_text][vc_column_text css=\u00a0\u00bb\u00a0\u00bb]<strong>Incrustation sur fond vert<\/strong><br \/>Optimisez l\u2019\u00e9clairage pour vos tournages sur fond vert et assurez-vous d\u2019une incrustation simple et efficace en postproduction. L\u2019\u00e9clairage du fond vert est uniforme, et le sujet est correctement expos\u00e9, avec des couleurs pr\u00e9cises qui facilitent le processus d\u2019incrustation en postproduction et garantissent la qualit\u00e9 des effets visuels. [\/vc_column_text][vc_column_text css=\u00a0\u00bb\u00a0\u00bb]<strong>\u00c9clairage cin\u00e9matographique lors d\u2019interviews<\/strong><br \/>Donnez un aspect cin\u00e9matographique \u00e0 vos interviews en utilisant des \u00e9clairages directionnels qui ajoutent de la profondeur au sujet et sculptent ses traits. Gr\u00e2ce au LightColor Meter, vous acc\u00e9dez \u00e0 des niveaux d\u2019exposition et de contraste plus pr\u00e9cis. [\/vc_column_text][vc_column_text css=\u00a0\u00bb\u00a0\u00bb]<strong>Documentaire cam\u00e9ra \u00e0 l\u2019\u00e9paule<\/strong><br \/>Utilisez le LightColor Meter pour pr\u00e9server la coh\u00e9rence de votre exposition et de vos couleurs lorsque vous tournez des images sur plusieurs sites, dans des conditions lumineuses vari\u00e9es et avec un projecteur fix\u00e9 directement sur la cam\u00e9ra. Une qualit\u00e9 constante, une exposition \u00e9quilibr\u00e9e et une repr\u00e9sentation pr\u00e9cise des couleurs permettent de cr\u00e9er une exp\u00e9rience authentique pour le spectateur.[\/vc_column_text][vc_column_text css=\u00a0\u00bb\u00a0\u00bb]<strong>R\u00e9alisation de documentaires dans des conditions lumineuses vari\u00e9es<\/strong><br \/>Capturez des images de qualit\u00e9 constante dans une large vari\u00e9t\u00e9 de conditions lumineuses, naturelles ou artificielles, pour vos films documentaires. Gr\u00e2ce sa polyvalence, qui permet de mesurer \u00e0 la fois la lumi\u00e8re ambiante et l\u2019\u00e9clairage directionnel, et \u00e0 ses capacit\u00e9s sans-fil, le LightColor Meter vous permet de capturer des images fid\u00e8les et coh\u00e9rentes entre elles, dans tous les environnements.[\/vc_column_text][vc_empty_space height=\u00a0\u00bb16px\u00a0\u00bb][\/vc_column_inner][\/vc_row_inner][\/vc_column][\/vc_row]<\/p>\n<\/div>","protected":false},"excerpt":{"rendered":"<p>[vc_row][vc_column][vc_column_text][\/vc_column_text][\/vc_column][\/vc_row][vc_row css=\u00a0\u00bb.vc_custom_1682339726830{padding-top: 60px !important;padding-bottom: 60px !important;}\u00a0\u00bb][vc_column width=\u00a0\u00bb2\/5&Prime;][vc_column_text css=\u00a0\u00bb\u00a0\u00bb] Une exposition plus pr\u00e9cise avec le LightColor Meter ! [\/vc_column_text][vc_empty_space][vc_column_text css=\u00a0\u00bb\u00a0\u00bb]T\u00e9l\u00e9chargez l\u2019application qui accompagne votre nouveau Datacolor LightColor Meter, consultez le guide de d\u00e9marrage rapide, et trouvez des liens vers le Guide d\u2019utilisation et l\u2019assistance.[\/vc_column_text][vc_empty_space][\/vc_column][vc_column width=\u00a0\u00bb3\/5&Prime;][vc_empty_space][vc_single_image image=\u00a0\u00bb52016&Prime; img_size=\u00a0\u00bb750&#215;500&Prime;][\/vc_column][\/vc_row][vc_row][vc_column][vc_column_text][\/vc_column_text][\/vc_column][\/vc_row][vc_row bg_type=\u00a0\u00bbbg_color\u00a0\u00bb bg_override=\u00a0\u00bbfull\u00a0\u00bb bg_color_value=\u00a0\u00bb#fafafa\u00a0\u00bb css=\u00a0\u00bb.vc_custom_1725522706270{padding-top: 30px !important;padding-bottom: 60px !important;}\u00a0\u00bb][vc_column width=\u00a0\u00bb1\/2&Prime; &hellip;<\/p>\n","protected":false},"author":2,"featured_media":0,"parent":0,"menu_order":0,"comment_status":"closed","ping_status":"closed","template":"","meta":{"_acf_changed":false,"footnotes":""},"class_list":["post-52244","page","type-page","status-publish","hentry"],"acf":[],"_links":{"self":[{"href":"https:\/\/www.datacolor.com\/spyder\/fr\/wp-json\/wp\/v2\/pages\/52244","targetHints":{"allow":["GET"]}}],"collection":[{"href":"https:\/\/www.datacolor.com\/spyder\/fr\/wp-json\/wp\/v2\/pages"}],"about":[{"href":"https:\/\/www.datacolor.com\/spyder\/fr\/wp-json\/wp\/v2\/types\/page"}],"author":[{"embeddable":true,"href":"https:\/\/www.datacolor.com\/spyder\/fr\/wp-json\/wp\/v2\/users\/2"}],"replies":[{"embeddable":true,"href":"https:\/\/www.datacolor.com\/spyder\/fr\/wp-json\/wp\/v2\/comments?post=52244"}],"version-history":[{"count":0,"href":"https:\/\/www.datacolor.com\/spyder\/fr\/wp-json\/wp\/v2\/pages\/52244\/revisions"}],"wp:attachment":[{"href":"https:\/\/www.datacolor.com\/spyder\/fr\/wp-json\/wp\/v2\/media?parent=52244"}],"curies":[{"name":"wp","href":"https:\/\/api.w.org\/{rel}","templated":true}]}}