{"id":54709,"date":"2025-04-07T09:10:14","date_gmt":"2025-04-07T09:10:14","guid":{"rendered":"https:\/\/dev2024.spyder.datacolor.eu\/spyder\/friends-with-vision\/"},"modified":"2025-04-07T09:16:44","modified_gmt":"2025-04-07T09:16:44","slug":"friendswithvision","status":"publish","type":"page","link":"https:\/\/www.datacolor.com\/spyder\/fr\/friendswithvision\/","title":{"rendered":"Friends with Vision"},"content":{"rendered":"\t\t<div data-elementor-type=\"wp-page\" data-elementor-id=\"54709\" class=\"elementor elementor-54709 elementor-50527\" data-elementor-post-type=\"page\">\n\t\t\t\t<div class=\"elementor-element elementor-element-79af023 e-flex e-con-boxed e-con e-parent\" data-id=\"79af023\" data-element_type=\"container\">\n\t\t\t\t\t<div class=\"e-con-inner\">\n\t\t\t\t<div class=\"elementor-element elementor-element-49c2f4e elementor-widget elementor-widget-image\" data-id=\"49c2f4e\" data-element_type=\"widget\" data-widget_type=\"image.default\">\n\t\t\t\t<div class=\"elementor-widget-container\">\n\t\t\t\t\t\t\t\t\t\t\t\t\t\t\t<img fetchpriority=\"high\" decoding=\"async\" width=\"2000\" height=\"1488\" src=\"https:\/\/www.datacolor.com\/spyder\/wp-content\/uploads\/2025\/01\/Dietmar_Temps-main-image_2000x1488.jpg\" class=\"attachment-full size-full wp-image-50074\" alt=\"\" srcset=\"https:\/\/www.datacolor.com\/spyder\/wp-content\/uploads\/2025\/01\/Dietmar_Temps-main-image_2000x1488.jpg 2000w, https:\/\/www.datacolor.com\/spyder\/wp-content\/uploads\/2025\/01\/Dietmar_Temps-main-image_2000x1488-300x223.jpg 300w, https:\/\/www.datacolor.com\/spyder\/wp-content\/uploads\/2025\/01\/Dietmar_Temps-main-image_2000x1488-1024x762.jpg 1024w, https:\/\/www.datacolor.com\/spyder\/wp-content\/uploads\/2025\/01\/Dietmar_Temps-main-image_2000x1488-768x571.jpg 768w, https:\/\/www.datacolor.com\/spyder\/wp-content\/uploads\/2025\/01\/Dietmar_Temps-main-image_2000x1488-1536x1143.jpg 1536w\" sizes=\"(max-width: 2000px) 100vw, 2000px\" \/>\t\t\t\t\t\t\t\t\t\t\t\t\t\t\t<\/div>\n\t\t\t\t<\/div>\n\t\t\t\t<div class=\"elementor-element elementor-element-341195f elementor-widget elementor-widget-text-editor\" data-id=\"341195f\" data-element_type=\"widget\" data-widget_type=\"text-editor.default\">\n\t\t\t\t<div class=\"elementor-widget-container\">\n\t\t\t\t\t\t\t\t\t<p><strong>par Dietmar Temps<\/strong><\/p>\n\t\t\t\t\t\t\t\t<\/div>\n\t\t\t\t<\/div>\n\t\t\t\t\t<\/div>\n\t\t\t\t<\/div>\n\t\t<div class=\"elementor-element elementor-element-a29d8b2 e-flex e-con-boxed e-con e-parent\" data-id=\"a29d8b2\" data-element_type=\"container\">\n\t\t\t\t\t<div class=\"e-con-inner\">\n\t\t\t\t<div class=\"elementor-element elementor-element-2fdf19d elementor-widget elementor-widget-heading\" data-id=\"2fdf19d\" data-element_type=\"widget\" data-widget_type=\"heading.default\">\n\t\t\t\t<div class=\"elementor-widget-container\">\n\t\t\t\t\t<h2 class=\"elementor-heading-title elementor-size-default\">Friends with Vision<\/h2>\t\t\t\t<\/div>\n\t\t\t\t<\/div>\n\t\t\t\t<div class=\"elementor-element elementor-element-9117ba8 elementor-widget elementor-widget-text-editor\" data-id=\"9117ba8\" data-element_type=\"widget\" data-widget_type=\"text-editor.default\">\n\t\t\t\t<div class=\"elementor-widget-container\">\n\t\t\t\t\t\t\t\t\t<p style=\"text-align: center;\">Bienvenue sur le site Datacolor&rsquo;s Friends with Vision.<br \/>Un espace pour les photographes, les vid\u00e9astes, les hybrides<br \/>et les cr\u00e9ateurs de contenu pour s&rsquo;inspirer du travail des autres<br \/>et apprenez les astuces et les outils que des personnes comme vous utilisent.<br \/>pour \u00e9merveiller leur public avec des couleurs spectaculaires.<\/p>\n\t\t\t\t\t\t\t\t<\/div>\n\t\t\t\t<\/div>\n\t\t\t\t<div class=\"elementor-element elementor-element-b5acb44 elementor-widget elementor-widget-text-editor\" data-id=\"b5acb44\" data-element_type=\"widget\" data-widget_type=\"text-editor.default\">\n\t\t\t\t<div class=\"elementor-widget-container\">\n\t\t\t\t\t\t\t\t\t<p style=\"text-align: center;\">Sur Datacolor, nous aimons nous faire de nouveaux amis. \u00cates-vous pr\u00eat \u00e0 inspirer les autres ?<br \/><strong>Devenez un ami de Vision<\/strong><\/p>\n\t\t\t\t\t\t\t\t<\/div>\n\t\t\t\t<\/div>\n\t\t\t\t<div class=\"elementor-element elementor-element-30f8aa8 elementor-align-center elementor-widget elementor-widget-button\" data-id=\"30f8aa8\" data-element_type=\"widget\" data-widget_type=\"button.default\">\n\t\t\t\t<div class=\"elementor-widget-container\">\n\t\t\t\t\t\t\t\t\t<div class=\"elementor-button-wrapper\">\n\t\t\t\t\t<a class=\"elementor-button elementor-button-link elementor-size-sm\" href=\"#\" id=\"get_inspired\">\n\t\t\t\t\t\t<span class=\"elementor-button-content-wrapper\">\n\t\t\t\t\t\t\t\t\t<span class=\"elementor-button-text\">Appliquer<\/span>\n\t\t\t\t\t<\/span>\n\t\t\t\t\t<\/a>\n\t\t\t\t<\/div>\n\t\t\t\t\t\t\t\t<\/div>\n\t\t\t\t<\/div>\n\t\t\t\t\t<\/div>\n\t\t\t\t<\/div>\n\t\t<div class=\"elementor-element elementor-element-b1c82e0 e-flex e-con-boxed e-con e-parent\" data-id=\"b1c82e0\" data-element_type=\"container\">\n\t\t\t\t\t<div class=\"e-con-inner\">\n\t\t\t\t<div class=\"elementor-element elementor-element-3880a2d elementor-widget elementor-widget-spacer\" data-id=\"3880a2d\" data-element_type=\"widget\" data-widget_type=\"spacer.default\">\n\t\t\t\t<div class=\"elementor-widget-container\">\n\t\t\t\t\t\t\t<div class=\"elementor-spacer\">\n\t\t\t<div class=\"elementor-spacer-inner\"><\/div>\n\t\t<\/div>\n\t\t\t\t\t\t<\/div>\n\t\t\t\t<\/div>\n\t\t\t\t\t<\/div>\n\t\t\t\t<\/div>\n\t\t\t\t<\/div>\n\t\t","protected":false},"excerpt":{"rendered":"<p>par Dietmar Temps Friends with Vision Bienvenue sur le site Datacolor&rsquo;s Friends with Vision.Un espace pour les photographes, les vid\u00e9astes, les hybrideset les cr\u00e9ateurs de contenu pour s&rsquo;inspirer du travail des autreset apprenez les astuces et les outils que des personnes comme vous utilisent.pour \u00e9merveiller leur public avec des couleurs spectaculaires. Sur Datacolor, nous aimons &hellip;<\/p>\n","protected":false},"author":2,"featured_media":0,"parent":0,"menu_order":0,"comment_status":"closed","ping_status":"closed","template":"friendswithvision-overview.php","meta":{"_acf_changed":false,"footnotes":""},"class_list":["post-54709","page","type-page","status-publish","hentry"],"acf":[],"_links":{"self":[{"href":"https:\/\/www.datacolor.com\/spyder\/fr\/wp-json\/wp\/v2\/pages\/54709","targetHints":{"allow":["GET"]}}],"collection":[{"href":"https:\/\/www.datacolor.com\/spyder\/fr\/wp-json\/wp\/v2\/pages"}],"about":[{"href":"https:\/\/www.datacolor.com\/spyder\/fr\/wp-json\/wp\/v2\/types\/page"}],"author":[{"embeddable":true,"href":"https:\/\/www.datacolor.com\/spyder\/fr\/wp-json\/wp\/v2\/users\/2"}],"replies":[{"embeddable":true,"href":"https:\/\/www.datacolor.com\/spyder\/fr\/wp-json\/wp\/v2\/comments?post=54709"}],"version-history":[{"count":0,"href":"https:\/\/www.datacolor.com\/spyder\/fr\/wp-json\/wp\/v2\/pages\/54709\/revisions"}],"wp:attachment":[{"href":"https:\/\/www.datacolor.com\/spyder\/fr\/wp-json\/wp\/v2\/media?parent=54709"}],"curies":[{"name":"wp","href":"https:\/\/api.w.org\/{rel}","templated":true}]}}