{"id":59526,"date":"2025-09-04T13:45:45","date_gmt":"2025-09-04T13:45:45","guid":{"rendered":"https:\/\/dev2024.spyder.datacolor.eu\/spyder\/bienvenue-dans-spyderexpress\/"},"modified":"2025-11-10T09:34:04","modified_gmt":"2025-11-10T09:34:04","slug":"bienvenue-dans-spyderexpress","status":"publish","type":"page","link":"https:\/\/www.datacolor.com\/spyder\/fr\/bienvenue-dans-spyderexpress\/","title":{"rendered":"Bienvenue dans SpyderExpress"},"content":{"rendered":"<div class=\"wpb-content-wrapper\"><p>[vc_row css=\u00a0\u00bb.vc_custom_1682339726830{padding-top: 60px !important;padding-bottom: 60px !important;}\u00a0\u00bb][vc_column width=\u00a0\u00bb1\/2&Prime;][vc_column_text css=\u00a0\u00bb\u00a0\u00bb]<\/p>\n<h1 class=\"mainheader\">Bienvenue dans SpyderExpress\u202f\u2013\u202fcommen\u00e7ons\u202f!<\/h1>\n<p>[\/vc_column_text][vc_empty_space][vc_column_text css=\u00a0\u00bb\u00a0\u00bb]Dites adieu au hasard et d\u00e9couvrez l\u2019optimisation sans effort.<\/p>\n<ul class=\"tick_list\">\n<li>T\u00e9l\u00e9chargez votre logiciel SpyderExpress<\/li>\n<li>Consultez le Guide de d\u00e9marrage rapide et le Guide d\u2019utilisation<\/li>\n<li>Regardez les tutoriels vid\u00e9o<\/li>\n<li>Explorez la FAQ<\/li>\n<li>\u00c9talonnez<\/li>\n<\/ul>\n<p>Votre \u00e9cran sera optimis\u00e9 en un rien de temps\u202f![\/vc_column_text][vc_empty_space][\/vc_column][vc_column width=\u00a0\u00bb1\/2&Prime;][vc_empty_space][vc_single_image image=\u00a0\u00bb58062&Prime; img_size=\u00a0\u00bblarge\u00a0\u00bb][\/vc_column][\/vc_row][vc_row bg_type=\u00a0\u00bbbg_color\u00a0\u00bb bg_override=\u00a0\u00bbfull\u00a0\u00bb bg_color_value=\u00a0\u00bb#fafafa\u00a0\u00bb css=\u00a0\u00bb.vc_custom_1725522706270{padding-top: 30px !important;padding-bottom: 60px !important;}\u00a0\u00bb][vc_column width=\u00a0\u00bb1\/2&Prime; css=\u00a0\u00bb.vc_custom_1725972773631{padding-right: 32px !important;padding-left: 32px !important;}\u00a0\u00bb][vc_column_text css=\u00a0\u00bb\u00a0\u00bb]<\/p>\n<h3 style=\"margin-bottom: 20px; display: flex;\"><img decoding=\"async\" class=\"alignnone size-full wp-image-58198\" style=\"width: 30px; height: 30px; margin-right: 10px;\" src=\"https:\/\/www.datacolor.com\/spyder\/wp-content\/uploads\/2025\/08\/ico-blub.png\" alt=\"\" width=\"30\" height=\"30\" srcset=\"https:\/\/www.datacolor.com\/spyder\/wp-content\/uploads\/2025\/08\/ico-blub.png 209w, https:\/\/www.datacolor.com\/spyder\/wp-content\/uploads\/2025\/08\/ico-blub-150x150.png 150w\" sizes=\"(max-width: 30px) 100vw, 30px\" \/> Quelques astuces pour optimiser l\u2019\u00e9talonnage<\/h3>\n<p>[\/vc_column_text][vc_btn title=\u00a0\u00bbRegarder la vid\u00e9o\u00a0\u00bb style=\u00a0\u00bbclassic\u00a0\u00bb shape=\u00a0\u00bbround\u00a0\u00bb color=\u00a0\u00bbblack\u00a0\u00bb align=\u00a0\u00bbleft\u00a0\u00bb css=\u00a0\u00bb.vc_custom_1757419129786{margin-top: 8px !important;margin-left: 16px !important;}\u00a0\u00bb link=\u00a0\u00bburl:https%3A%2F%2Fyoutu.be%2FzmCxkG7sGRc|target:_blank\u00a0\u00bb][vc_column_text css=\u00a0\u00bb\u00a0\u00bb]<\/p>\n<p style=\"display: flex;\"><img decoding=\"async\" class=\"alignnone size-full wp-image-58248\" style=\"width: 24px; height: 24px; margin-right: 10px;\" src=\"https:\/\/www.datacolor.com\/spyder\/wp-content\/uploads\/2025\/08\/ico-monitor.png\" alt=\"\" width=\"24\" height=\"24\" srcset=\"https:\/\/www.datacolor.com\/spyder\/wp-content\/uploads\/2025\/08\/ico-monitor.png 209w, https:\/\/www.datacolor.com\/spyder\/wp-content\/uploads\/2025\/08\/ico-monitor-150x150.png 150w\" sizes=\"(max-width: 24px) 100vw, 24px\" \/> Allumez votre moniteur au moins 30\u202fminutes avant l\u2019\u00e9talonnage<\/p>\n<p style=\"display: flex;\"><img decoding=\"async\" class=\"alignnone size-full wp-image-58276\" style=\"width: 24px; height: 24px; margin-right: 10px;\" src=\"https:\/\/www.datacolor.com\/spyder\/wp-content\/uploads\/2025\/08\/ico-sun.png\" alt=\"\" width=\"24\" height=\"24\" srcset=\"https:\/\/www.datacolor.com\/spyder\/wp-content\/uploads\/2025\/08\/ico-sun.png 209w, https:\/\/www.datacolor.com\/spyder\/wp-content\/uploads\/2025\/08\/ico-sun-150x150.png 150w\" sizes=\"(max-width: 24px) 100vw, 24px\" \/>\u00c9talonnez dans un environnement faiblement \u00e9clair\u00e9\u202f; \u00e9vitez la lumi\u00e8re directe<\/p>\n<p style=\"display: flex;\"><img loading=\"lazy\" decoding=\"async\" class=\"alignnone size-full wp-image-58228\" style=\"width: 24px; height: 24px; margin-right: 10px;\" src=\"https:\/\/www.datacolor.com\/spyder\/wp-content\/uploads\/2025\/08\/ico-gear.png\" alt=\"\" width=\"24\" height=\"24\" srcset=\"https:\/\/www.datacolor.com\/spyder\/wp-content\/uploads\/2025\/08\/ico-gear.png 209w, https:\/\/www.datacolor.com\/spyder\/wp-content\/uploads\/2025\/08\/ico-gear-150x150.png 150w\" sizes=\"(max-width: 24px) 100vw, 24px\" \/> R\u00e9initialisez les r\u00e9glages sur leurs valeurs par d\u00e9faut, si possible<\/p>\n<ul class=\"tick_list\" style=\"padding-left: 15px;\">\n<li>Acc\u00e9dez au menu d\u2019affichage \u00e0 l\u2019\u00e9cran (OSD) et localisez l\u2019option \u00ab\u202fR\u00e9initialiser\u202f\u00bb, \u00ab\u202fR\u00e9glage d\u2019usine\u202f\u00bb ou \u00ab\u202fRappel\u202f\u00bb (l\u2019option peut varier selon l\u2019\u00e9cran)<\/li>\n<li>La majorit\u00e9 des ordinateurs portables, ainsi que les \u00e9crans Apple, ne proposent pas cette fonction. Pour ces types d\u2019affichages, vous pouvez ignorer cette \u00e9tape.<\/li>\n<\/ul>\n<p style=\"display: flex;\"><img loading=\"lazy\" decoding=\"async\" class=\"alignnone size-full wp-image-58258\" style=\"width: 24px; height: 24px; margin-right: 10px;\" src=\"https:\/\/www.datacolor.com\/spyder\/wp-content\/uploads\/2025\/08\/ico-stop.png\" alt=\"\" width=\"24\" height=\"24\" srcset=\"https:\/\/www.datacolor.com\/spyder\/wp-content\/uploads\/2025\/08\/ico-stop.png 209w, https:\/\/www.datacolor.com\/spyder\/wp-content\/uploads\/2025\/08\/ico-stop-150x150.png 150w\" sizes=\"(max-width: 24px) 100vw, 24px\" \/> D\u00e9sactivez la luminosit\u00e9 automatique, le HDR et les autres \u00e9ventuels modes dynamiques<\/p>\n<p style=\"display: flex;\"><img loading=\"lazy\" decoding=\"async\" class=\"alignnone size-full wp-image-58208\" style=\"width: 24px; height: 24px; margin-right: 10px;\" src=\"https:\/\/www.datacolor.com\/spyder\/wp-content\/uploads\/2025\/08\/ico-cross.png\" alt=\"\" width=\"24\" height=\"24\" srcset=\"https:\/\/www.datacolor.com\/spyder\/wp-content\/uploads\/2025\/08\/ico-cross.png 209w, https:\/\/www.datacolor.com\/spyder\/wp-content\/uploads\/2025\/08\/ico-cross-150x150.png 150w\" sizes=\"(max-width: 24px) 100vw, 24px\" \/> Fermez toutes les autres applications avant de lancer le processus d\u2019\u00e9talonnage, afin d\u2019\u00e9viter toute interf\u00e9rence<\/p>\n<p style=\"display: flex;\"><img loading=\"lazy\" decoding=\"async\" class=\"alignnone size-full wp-image-58238\" style=\"width: 24px; height: 24px; margin-right: 10px;\" src=\"https:\/\/www.datacolor.com\/spyder\/wp-content\/uploads\/2025\/08\/ico-goal.png\" alt=\"\" width=\"24\" height=\"24\" srcset=\"https:\/\/www.datacolor.com\/spyder\/wp-content\/uploads\/2025\/08\/ico-goal.png 209w, https:\/\/www.datacolor.com\/spyder\/wp-content\/uploads\/2025\/08\/ico-goal-150x150.png 150w\" sizes=\"(max-width: 24px) 100vw, 24px\" \/> Pour des r\u00e9sultats optimaux, proc\u00e9dez \u00e0 des r\u00e9\u00e9talonnages r\u00e9guliers, particuli\u00e8rement si votre rendu varie\u202f; cela permettra \u00e0 votre \u00e9cran de conserver une pr\u00e9cision parfaite.<\/p>\n<p>[\/vc_column_text][\/vc_column][vc_column width=\u00a0\u00bb1\/2&Prime; css=\u00a0\u00bb.vc_custom_1725972786678{padding-right: 32px !important;padding-left: 32px !important;}\u00a0\u00bb][vc_column_text css=\u00a0\u00bb\u00a0\u00bb]<\/p>\n<h3 style=\"margin-bottom: 20px;\">Positionnement correct<\/h3>\n<ol>\n<li>Retirez le capuchon de votre Spyder.<\/li>\n<li>\ufe0f Le capuchon glisse le long du c\u00e2ble (comme indiqu\u00e9 ci-dessous) et fait office de contrepoids pour maintenir le capteur en place.<\/li>\n<li>Suspendez l\u2019appareil sur l\u2019\u00e9cran. Il doit \u00eatre pos\u00e9 sous l\u2019effet de son propre poids. Ne le maintenez pas contre l\u2019\u00e9cran avec votre main.<\/li>\n<li>Si n\u00e9cessaire, inclinez l\u00e9g\u00e8rement votre moniteur vers l\u2019arri\u00e8re pour permettre \u00e0 l\u2019\u00e9talonneur de reposer \u00e0 plat sur l\u2019\u00e9cran.<\/li>\n<\/ol>\n<p>[\/vc_column_text][vc_empty_space][vc_row_inner][vc_column_inner width=\u00a0\u00bb1\/2&Prime;][vc_single_image image=\u00a0\u00bb58077&Prime; img_size=\u00a0\u00bbfull\u00a0\u00bb alignment=\u00a0\u00bbcenter\u00a0\u00bb][\/vc_column_inner][vc_column_inner width=\u00a0\u00bb1\/2&Prime;][vc_single_image image=\u00a0\u00bb58087&Prime; img_size=\u00a0\u00bblarge\u00a0\u00bb alignment=\u00a0\u00bbcenter\u00a0\u00bb][\/vc_column_inner][\/vc_row_inner][\/vc_column][\/vc_row][vc_row css=\u00a0\u00bb.vc_custom_1682343562567{padding-top: 60px !important;padding-bottom: 60px !important;}\u00a0\u00bb][vc_column width=\u00a0\u00bb2\/3&Prime;][vc_column_text css=\u00a0\u00bb\u00a0\u00bb]<\/p>\n<h2>T\u00e9l\u00e9charger le logiciel SpyderExpress<\/h2>\n<p>Branchez le Spyder, qui inclut un port USB-C natif et un adaptateur USB-A pour plus de commodit\u00e9.<\/p>\n<p>Le logiciel vous guidera tout au long du processus d\u2019installation. Remarque\u202f: votre num\u00e9ro de s\u00e9rie se trouve dans la bo\u00eete, sous le produit. [\/vc_column_text][vc_empty_space][vc_btn title=\u00a0\u00bbRegarder la vid\u00e9o\u00a0\u00bb style=\u00a0\u00bbclassic\u00a0\u00bb shape=\u00a0\u00bbround\u00a0\u00bb color=\u00a0\u00bbblack\u00a0\u00bb css=\u00a0\u00bb.vc_custom_1757419225050{margin-top: 8px !important;margin-left: 16px !important;}\u00a0\u00bb link=\u00a0\u00bburl:https%3A%2F%2Fyoutu.be%2FKzMbjdo_buQ|target:_blank\u00a0\u00bb][vc_empty_space][\/vc_column][vc_column width=\u00a0\u00bb1\/3&Prime;][vc_empty_space][vc_btn title=\u00a0\u00bbLogiciel Windows\u00a0\u00bb style=\u00a0\u00bbclassic\u00a0\u00bb shape=\u00a0\u00bbround\u00a0\u00bb color=\u00a0\u00bbblack\u00a0\u00bb align=\u00a0\u00bbcenter\u00a0\u00bb css=\u00a0\u00bb.vc_custom_1725982047112{margin-top: 8px !important;}\u00a0\u00bb link=\u00a0\u00bburl:https%3A%2F%2Fgoto.datacolor.com%2Fdownloads%2Fwin%2Fsp2024|target:_blank|\u00a0\u00bb el_class=\u00a0\u00bbresourcebutton\u00a0\u00bb][vc_empty_space height=\u00a0\u00bb20px\u00a0\u00bb][vc_btn title=\u00a0\u00bbLogiciel macOS\u00a0\u00bb style=\u00a0\u00bbclassic\u00a0\u00bb shape=\u00a0\u00bbround\u00a0\u00bb color=\u00a0\u00bbblack\u00a0\u00bb align=\u00a0\u00bbcenter\u00a0\u00bb css=\u00a0\u00bb.vc_custom_1725553602309{margin-top: 8px !important;}\u00a0\u00bb link=\u00a0\u00bburl:https%3A%2F%2Fgoto.datacolor.com%2Fdownloads%2Fmac%2Fsp2024|target:_blank|\u00a0\u00bb el_class=\u00a0\u00bbresourcebutton\u00a0\u00bb][vc_empty_space][\/vc_column][vc_column css=\u00a0\u00bb.vc_custom_1755013160692{border-top-width: 1px !important;border-right-width: 1px !important;border-bottom-width: 1px !important;border-left-width: 1px !important;padding-top: 0px !important;padding-right: 30px !important;padding-bottom: 30px !important;padding-left: 30px !important;background-color: #F2F2F2 !important;border-left-style: solid !important;border-right-style: solid !important;border-top-style: solid !important;border-bottom-style: solid !important;border-color: #CCCCCC !important;}\u00a0\u00bb][vc_column_text css=\u00a0\u00bb\u00a0\u00bb]Lisez la\u202f<a href=\"https:\/\/spyderx.datacolor.com\/datacolor-spyder-software-license\/\" target=\"_blank\" rel=\"noopener\">licence du logiciel Datacolor<\/a><\/p>\n<p><em style=\"font-size: 0.75em;\">Tous les produits Spyder comprennent une \u00ab licence de site \u00bb, pour un seul propri\u00e9taire. Cette licence permet au propri\u00e9taire d&rsquo;installer et d&rsquo;utiliser le logiciel sur tous les ordinateurs (Mac ou Windows), pour autant qu&rsquo;ils appartiennent au d\u00e9tenteur de la licence. Si le propri\u00e9taire poss\u00e8de plusieurs ordinateurs, il peut utiliser le produit Spyder sur chacun d&rsquo;entre eux. L&rsquo;activation sur un ordinateur dont l&rsquo;acheteur n&rsquo;est pas propri\u00e9taire, ou l&rsquo;exploitation en tant que service \u00e0 d&rsquo;autres, sont interdites. <\/em>[\/vc_column_text][\/vc_column][\/vc_row][vc_row css=\u00a0\u00bb.vc_custom_1682345998990{padding-top: 60px !important;padding-bottom: 60px !important;}\u00a0\u00bb][vc_column][vc_column_text css=\u00a0\u00bb\u00a0\u00bb]<\/p>\n<h2>Comment \u00e9talonner votre \u00e9cran<\/h2>\n<p>[\/vc_column_text][vc_btn title=\u00a0\u00bbRegarder la vid\u00e9o\u00a0\u00bb style=\u00a0\u00bbclassic\u00a0\u00bb shape=\u00a0\u00bbround\u00a0\u00bb color=\u00a0\u00bbblack\u00a0\u00bb align=\u00a0\u00bbleft\u00a0\u00bb css=\u00a0\u00bb.vc_custom_1757419302017{margin-top: 8px !important;margin-left: 16px !important;}\u00a0\u00bb link=\u00a0\u00bburl:https%3A%2F%2Fyoutu.be%2FeJhJeVvhstQ|target:_blank\u00a0\u00bb][vc_empty_space][vc_row_inner][vc_column_inner width=\u00a0\u00bb1\/2&Prime; offset=\u00a0\u00bbvc_col-md-3&Prime; css=\u00a0\u00bb.vc_custom_1755183905753{padding-top: 15px !important;}\u00a0\u00bb][vc_single_image image=\u00a0\u00bb58112&Prime; img_size=\u00a0\u00bb500&#215;500&Prime; alignment=\u00a0\u00bbcenter\u00a0\u00bb][vc_empty_space][vc_column_text css=\u00a0\u00bb\u00a0\u00bb]<\/p>\n<h3 style=\"margin-bottom: 15px;\">Comment utilisez-vous votre \u00e9cran\u202f?<\/h3>\n<ul>\n<li><strong>Contenus num\u00e9riques\u202f: <\/strong>choisissez cette option si vous travaillez sur des images devant \u00eatre visualis\u00e9es en ligne (r\u00e9seaux sociaux ou sites Internet, par exemple). Ce param\u00e9trage est optimis\u00e9 pour une utilisation num\u00e9rique.<\/li>\n<li><strong>Pr\u00e9paration \u00e0 l\u2019impression\u202f: <\/strong>choisissez cette option si vous travaillez sur des photos en vue d\u2019un tirage, que ce soit chez vous ou en recourant \u00e0 un service d\u2019impression.<\/li>\n<\/ul>\n<p>[\/vc_column_text][vc_empty_space][\/vc_column_inner][vc_column_inner width=\u00a0\u00bb1\/2&Prime; offset=\u00a0\u00bbvc_col-md-3&Prime; css=\u00a0\u00bb.vc_custom_1755183900528{padding-top: 15px !important;}\u00a0\u00bb][vc_single_image image=\u00a0\u00bb58132&Prime; img_size=\u00a0\u00bb500&#215;500&Prime; alignment=\u00a0\u00bbcenter\u00a0\u00bb][vc_empty_space][vc_column_text css=\u00a0\u00bb\u00a0\u00bb]<\/p>\n<h3 style=\"margin-bottom: 15px;\">Installer et \u00e9talonner<\/h3>\n<ul>\n<li>Retirez le capuchon et faites-le glisser le long du c\u00e2ble pour faire contrepoids.<\/li>\n<li>Suspendez sur l\u2019\u00e9cran, dans le contour qui s\u2019affiche.<\/li>\n<li>Si n\u00e9cessaire, inclinez l\u00e9g\u00e8rement votre \u00e9cran vers l\u2019arri\u00e8re pour que l\u2019appareil soit correctement positionn\u00e9.<\/li>\n<li>Ne tenez pas l\u2019appareil\u202f: laissez-le reposer sur le moniteur.<\/li>\n<\/ul>\n<p>Le logiciel affichera des couleurs et mesurera votre affichage pour cr\u00e9er un profil. Vous pouvez annuler l\u2019\u00e9talonnage \u00e0 tout moment en supprimant le profil.[\/vc_column_text][vc_empty_space][\/vc_column_inner][vc_column_inner width=\u00a0\u00bb1\/2&Prime; offset=\u00a0\u00bbvc_col-md-3&Prime; css=\u00a0\u00bb.vc_custom_1755183894998{padding-top: 15px !important;}\u00a0\u00bb][vc_single_image image=\u00a0\u00bb58122&Prime; img_size=\u00a0\u00bb500&#215;500&Prime; alignment=\u00a0\u00bbcenter\u00a0\u00bb][vc_empty_space][vc_column_text css=\u00a0\u00bb\u00a0\u00bb]<\/p>\n<h3 style=\"margin-bottom: 15px;\">Examiner le r\u00e9sultat<\/h3>\n<p>Vous pouvez pr\u00e9visualiser les r\u00e9sultats en comparant les vues \u00c9talonn\u00e9e et Non \u00e9talonn\u00e9e. Basculez entre elles pour constater la diff\u00e9rence.[\/vc_column_text][vc_empty_space][\/vc_column_inner][vc_column_inner width=\u00a0\u00bb1\/2&Prime; offset=\u00a0\u00bbvc_col-md-3&Prime; css=\u00a0\u00bb.vc_custom_1755183888646{padding-top: 15px !important;background-color: #F2F2F2 !important;}\u00a0\u00bb][vc_single_image image=\u00a0\u00bb58102&Prime; img_size=\u00a0\u00bb500&#215;500&Prime; alignment=\u00a0\u00bbcenter\u00a0\u00bb][vc_empty_space][vc_column_text css=\u00a0\u00bb\u00a0\u00bb]<\/p>\n<h3>Qu\u2019attendre de l\u2019\u00e9talonnage<\/h3>\n<p><strong>Votre \u00e9cran peut vous para\u00eetre un peu diff\u00e9rent. C\u2019est tout \u00e0 fait normal\u202f! <\/strong><\/p>\n<p>Les couleurs peuvent sembler plus naturelles et la luminosit\u00e9 plus \u00e9quilibr\u00e9e, ce qui aide \u00e0 obtenir des r\u00e9sultats proches de la r\u00e9alit\u00e9. Plus de d\u00e9tails appara\u00eetront dans\u202f:<\/p>\n<ul>\n<li>Les ombres et zones sombres (comme le ciel nocturne)<\/li>\n<li>Les lumi\u00e8res et zones claires (comme les sc\u00e8nes ensoleill\u00e9es)<\/li>\n<\/ul>\n<p>[\/vc_column_text][vc_empty_space][vc_btn title=\u00a0\u00bbRegarder la vid\u00e9o\u00a0\u00bb style=\u00a0\u00bbclassic\u00a0\u00bb shape=\u00a0\u00bbround\u00a0\u00bb color=\u00a0\u00bbblack\u00a0\u00bb css=\u00a0\u00bb.vc_custom_1757419398209{margin-top: 8px !important;}\u00a0\u00bb link=\u00a0\u00bburl:https%3A%2F%2Fyoutu.be%2FZNTHTG20_Tw|target:_blank\u00a0\u00bb][vc_empty_space][\/vc_column_inner][\/vc_row_inner][\/vc_column][\/vc_row][vc_row bg_type=\u00a0\u00bbbg_color\u00a0\u00bb bg_override=\u00a0\u00bbfull\u00a0\u00bb css=\u00a0\u00bb.vc_custom_1725525740289{padding-top: 60px !important;padding-bottom: 60px !important;}\u00a0\u00bb bg_color_value=\u00a0\u00bb#fafafa\u00a0\u00bb][vc_column][vc_column_text css=\u00a0\u00bb\u00a0\u00bb]<\/p>\n<h2>Ressources<\/h2>\n<p>[\/vc_column_text][vc_empty_space][vc_row_inner][vc_column_inner width=\u00a0\u00bb1\/3&Prime;][vc_single_image image=\u00a0\u00bb47604&Prime; img_size=\u00a0\u00bb500&#215;500&Prime; onclick=\u00a0\u00bbcustom_link\u00a0\u00bb img_link_target=\u00a0\u00bb_blank\u00a0\u00bb][vc_empty_space][\/vc_column_inner][vc_column_inner width=\u00a0\u00bb1\/3&Prime;][vc_btn title=\u00a0\u00bbT\u00e9l\u00e9charger le guide de d\u00e9marrage rapide\u00a0\u00bb style=\u00a0\u00bbclassic\u00a0\u00bb shape=\u00a0\u00bbround\u00a0\u00bb color=\u00a0\u00bbblack\u00a0\u00bb align=\u00a0\u00bbcenter\u00a0\u00bb css=\u00a0\u00bb.vc_custom_1757363701255{margin-top: 8px !important;}\u00a0\u00bb link=\u00a0\u00bburl:https%3A%2F%2Fwww.datacolor.com%2Fspyder%2Fwp-content%2Fuploads%2F2025%2F09%2FSpyderExpress-QSG-FR.pdf|target:_blank|\u00a0\u00bb el_class=\u00a0\u00bbresourcebutton\u00a0\u00bb][vc_btn title=\u00a0\u00bbT\u00e9l\u00e9charger le guide de l&rsquo;utilisateur\u00a0\u00bb style=\u00a0\u00bbclassic\u00a0\u00bb shape=\u00a0\u00bbround\u00a0\u00bb color=\u00a0\u00bbblack\u00a0\u00bb align=\u00a0\u00bbcenter\u00a0\u00bb css=\u00a0\u00bb.vc_custom_1762767242167{margin-top: 8px !important;}\u00a0\u00bb link=\u00a0\u00bburl:https%3A%2F%2Fwww.datacolor.com%2Fspyder%2Fwp-content%2Fuploads%2F2025%2F11%2FSpyderExpress-User-Guide_FR.pdf|target:_blank\u00a0\u00bb el_class=\u00a0\u00bbresourcebutton\u00a0\u00bb][vc_btn title=\u00a0\u00bbFAQs\u00a0\u00bb style=\u00a0\u00bbclassic\u00a0\u00bb shape=\u00a0\u00bbround\u00a0\u00bb color=\u00a0\u00bbblack\u00a0\u00bb align=\u00a0\u00bbcenter\u00a0\u00bb css=\u00a0\u00bb.vc_custom_1756820475549{margin-top: 8px !important;}\u00a0\u00bb link=\u00a0\u00bburl:https%3A%2F%2Fgoto.datacolor.com%2Flearnaboutspyder24-faq|target:_blank|\u00a0\u00bb el_class=\u00a0\u00bbresourcebutton\u00a0\u00bb][vc_empty_space][\/vc_column_inner][vc_column_inner width=\u00a0\u00bb1\/3&Prime;][vc_btn title=\u00a0\u00bbD\u00e9monstration d&rsquo;installation\u00a0\u00bb style=\u00a0\u00bbclassic\u00a0\u00bb shape=\u00a0\u00bbround\u00a0\u00bb color=\u00a0\u00bbblack\u00a0\u00bb align=\u00a0\u00bbcenter\u00a0\u00bb i_icon_fontawesome=\u00a0\u00bb\u00a0\u00bb css=\u00a0\u00bb.vc_custom_1757419467144{margin-top: 8px !important;}\u00a0\u00bb add_icon=\u00a0\u00bbtrue\u00a0\u00bb link=\u00a0\u00bburl:https%3A%2F%2Fyoutu.be%2FKzMbjdo_buQ|target:_blank\u00a0\u00bb el_class=\u00a0\u00bbresourcebutton\u00a0\u00bb][vc_btn title=\u00a0\u00bbD\u00e9monstration d&rsquo;\u00e9talonnage\u00a0\u00bb style=\u00a0\u00bbclassic\u00a0\u00bb shape=\u00a0\u00bbround\u00a0\u00bb color=\u00a0\u00bbblack\u00a0\u00bb align=\u00a0\u00bbcenter\u00a0\u00bb i_icon_fontawesome=\u00a0\u00bb\u00a0\u00bb css=\u00a0\u00bb.vc_custom_1757419546131{margin-top: 8px !important;}\u00a0\u00bb add_icon=\u00a0\u00bbtrue\u00a0\u00bb link=\u00a0\u00bburl:https%3A%2F%2Fyoutu.be%2Ft21f0mV-8z0|target:_blank\u00a0\u00bb el_class=\u00a0\u00bbresourcebutton\u00a0\u00bb][vc_btn title=\u00a0\u00bbNous contacter\u00a0\u00bb style=\u00a0\u00bbclassic\u00a0\u00bb shape=\u00a0\u00bbround\u00a0\u00bb color=\u00a0\u00bbblack\u00a0\u00bb align=\u00a0\u00bbcenter\u00a0\u00bb i_icon_fontawesome=\u00a0\u00bbfas fa-at\u00a0\u00bb css=\u00a0\u00bb.vc_custom_1725553162918{margin-top: 8px !important;}\u00a0\u00bb add_icon=\u00a0\u00bbtrue\u00a0\u00bb link=\u00a0\u00bburl:https%3A%2F%2Fspyder-support.datacolor.com%2F|target:_blank|\u00a0\u00bb el_class=\u00a0\u00bbresourcebutton\u00a0\u00bb][vc_empty_space][\/vc_column_inner][\/vc_row_inner][\/vc_column][\/vc_row][vc_row css=\u00a0\u00bb.vc_custom_1725544748051{padding-top: 60px !important;padding-bottom: 60px !important;}\u00a0\u00bb][vc_column width=\u00a0\u00bb1\/2&Prime;][vc_single_image image=\u00a0\u00bb58170&Prime; img_size=\u00a0\u00bblarge\u00a0\u00bb onclick=\u00a0\u00bbcustom_link\u00a0\u00bb img_link_target=\u00a0\u00bb_blank\u00a0\u00bb][vc_empty_space][\/vc_column][vc_column width=\u00a0\u00bb1\/2&Prime;][vc_column_text css=\u00a0\u00bb\u00a0\u00bb]<strong>Passez au niveau sup\u00e9rieur, quand vous le d\u00e9sirez<\/strong><\/p>\n<p>Votre SpyderExpress \u00e9volue avec vous. D\u00e9bloquez de nouvelles fonctionnalit\u00e9s puissantes par une simple mise \u00e0 niveau du logiciel. Votre parcours, votre rythme.[\/vc_column_text][vc_empty_space][vc_btn title=\u00a0\u00bbEn savoir plus\u00a0\u00bb style=\u00a0\u00bbclassic\u00a0\u00bb shape=\u00a0\u00bbround\u00a0\u00bb color=\u00a0\u00bbblack\u00a0\u00bb align=\u00a0\u00bbleft\u00a0\u00bb css=\u00a0\u00bb.vc_custom_1757363875337{margin-top: 8px !important;}\u00a0\u00bb link=\u00a0\u00bburl:https%3A%2F%2Fwww.datacolor.com%2Fspyder%2Ffr%2Fspyder-upgrade%2F|target:_blank|\u00a0\u00bb el_class=\u00a0\u00bbresourcebutton\u00a0\u00bb][\/vc_column][\/vc_row]<\/p>\n<\/div>","protected":false},"excerpt":{"rendered":"<p>[vc_row css=\u00a0\u00bb.vc_custom_1682339726830{padding-top: 60px !important;padding-bottom: 60px !important;}\u00a0\u00bb][vc_column width=\u00a0\u00bb1\/2&Prime;][vc_column_text css=\u00a0\u00bb\u00a0\u00bb] Bienvenue dans SpyderExpress\u202f\u2013\u202fcommen\u00e7ons\u202f! [\/vc_column_text][vc_empty_space][vc_column_text css=\u00a0\u00bb\u00a0\u00bb]Dites adieu au hasard et d\u00e9couvrez l\u2019optimisation sans effort. T\u00e9l\u00e9chargez votre logiciel SpyderExpress Consultez le Guide de d\u00e9marrage rapide et le Guide d\u2019utilisation Regardez les tutoriels vid\u00e9o Explorez la FAQ \u00c9talonnez Votre \u00e9cran sera optimis\u00e9 en un rien de temps\u202f![\/vc_column_text][vc_empty_space][\/vc_column][vc_column width=\u00a0\u00bb1\/2&Prime;][vc_empty_space][vc_single_image image=\u00a0\u00bb58062&Prime; img_size=\u00a0\u00bblarge\u00a0\u00bb][\/vc_column][\/vc_row][vc_row &hellip;<\/p>\n","protected":false},"author":3,"featured_media":0,"parent":0,"menu_order":0,"comment_status":"closed","ping_status":"closed","template":"","meta":{"_acf_changed":false,"footnotes":""},"class_list":["post-59526","page","type-page","status-publish","hentry"],"acf":[],"_links":{"self":[{"href":"https:\/\/www.datacolor.com\/spyder\/fr\/wp-json\/wp\/v2\/pages\/59526","targetHints":{"allow":["GET"]}}],"collection":[{"href":"https:\/\/www.datacolor.com\/spyder\/fr\/wp-json\/wp\/v2\/pages"}],"about":[{"href":"https:\/\/www.datacolor.com\/spyder\/fr\/wp-json\/wp\/v2\/types\/page"}],"author":[{"embeddable":true,"href":"https:\/\/www.datacolor.com\/spyder\/fr\/wp-json\/wp\/v2\/users\/3"}],"replies":[{"embeddable":true,"href":"https:\/\/www.datacolor.com\/spyder\/fr\/wp-json\/wp\/v2\/comments?post=59526"}],"version-history":[{"count":0,"href":"https:\/\/www.datacolor.com\/spyder\/fr\/wp-json\/wp\/v2\/pages\/59526\/revisions"}],"wp:attachment":[{"href":"https:\/\/www.datacolor.com\/spyder\/fr\/wp-json\/wp\/v2\/media?parent=59526"}],"curies":[{"name":"wp","href":"https:\/\/api.w.org\/{rel}","templated":true}]}}