{"id":23684,"date":"2023-04-25T10:17:27","date_gmt":"2023-04-25T10:17:27","guid":{"rendered":"https:\/\/new.spyder.datacolor.eu\/spyder\/benvenuti-a-spyderx\/"},"modified":"2023-05-10T10:12:46","modified_gmt":"2023-05-10T10:12:46","slug":"welcome-to-spyderx","status":"publish","type":"page","link":"https:\/\/www.datacolor.com\/spyder\/it\/welcome-to-spyderx\/","title":{"rendered":"Welcome to SpyderX"},"content":{"rendered":"<div class=\"wpb-content-wrapper\"><p>[vc_row][vc_column width=&#8221;1\/2&#8243;][vc_empty_space][vc_column_text]<\/p>\n<h1 class=\"mainheader\">Congratulazioni per il tuo nuovo Spyder X<\/h1>\n<p>[\/vc_column_text][vc_empty_space][vc_column_text]Questa pagina ti aiuter\u00e0 a installare il colorimetro e il software Spyder X, oltre a coprire le migliori funzionalit\u00e0 per il supporto.<br \/>\n[\/vc_column_text][vc_empty_space][\/vc_column][vc_column width=&#8221;1\/2&#8243;][vc_empty_space][vc_single_image image=&#8221;23546&#8243; img_size=&#8221;large&#8221; alignment=&#8221;center&#8221;][\/vc_column][\/vc_row][vc_row css=&#8221;.vc_custom_1682353090965{padding-top: 60px !important;padding-bottom: 60px !important;}&#8221;][vc_column][vc_column_text]<\/p>\n<h3>Avvio rapido di Spyder X<\/h3>\n<p>[\/vc_column_text][vc_empty_space][vc_row_inner][vc_column_inner width=&#8221;1\/2&#8243;][vc_column_text]<\/p>\n<div style=\"min-height: 200px;\">\n<p><strong>1. Preparare il Monitor<\/strong><\/p>\n<p>Il monitor deve essere acceso per almeno 30 minuti prima di iniziare il processo di calibrazione. Assicurarsi che non ci sia nessuna luce diretta sul display e se possibile, ripristinare i valori del monitor alle impostazioni predefinite di fabbrica. Si prega di disattivare le funzioni di luminosit\u00e0 automatica (Auto Brightness) sul monitor.<\/p><\/div>\n<p>[\/vc_column_text][vc_empty_space][vc_single_image image=&#8221;23558&#8243; img_size=&#8221;large&#8221; alignment=&#8221;center&#8221;][\/vc_column_inner][vc_column_inner width=&#8221;1\/2&#8243;][vc_column_text]<\/p>\n<div style=\"min-height: 200px;\">\n<p><strong>2. Scaricare, installare e attivare il software<\/strong><\/p>\n<p>Scaricare e installare il software Spyder X utilizzando i link sottostanti. Al termine dell&#8217;installazione, collegare lo Spyder e avviare il software per iniziare il processo di attivazione e registrazione. Questo avvier\u00e0 automaticamente la tua garanzia. Utilizzare il numero di serie incluso nel pacchetto dello Spyder X per attivare il software.<\/p><\/div>\n<p>[\/vc_column_text][vc_empty_space][vc_single_image image=&#8221;23568&#8243; img_size=&#8221;large&#8221; alignment=&#8221;center&#8221;][\/vc_column_inner][\/vc_row_inner][\/vc_column][\/vc_row][vc_row bg_type=&#8221;bg_color&#8221; bg_override=&#8221;full&#8221; css=&#8221;.vc_custom_1682353104609{padding-top: 60px !important;padding-bottom: 60px !important;}&#8221; bg_color_value=&#8221;#e7e6e5&#8243;][vc_column][vc_column_text]<\/p>\n<h3>Download del software<\/h3>\n<p>[\/vc_column_text][vc_empty_space height=&#8221;20px&#8221;][vc_column_text]Fare clic sul modello e sul sistema operativo SpyderX appropriato per avviare il download.<\/p>\n<p>Assicurarsi di rivedere la <a href=\"https:\/\/spyderx.datacolor.com\/datacolor-spyder-software-license\/\">licenza del software Datacolor<\/a>.[\/vc_column_text][vc_empty_space][vc_row_inner][vc_column_inner width=&#8221;1\/2&#8243;][vc_column_text]<strong>Spyder X Pro<\/strong><br \/>\n[\/vc_column_text][vc_empty_space height=&#8221;20px&#8221;]<div class=\" vc_custom_1682435335749 ubtn-ctn-inline \"><a class=\"ubtn-link ult-adjust-bottom-margin ubtn-inline ubtn-custom \" href=\"https:\/\/goto.datacolor.com\/download\/win\/sxp100\" target=\"_blank\" rel=\"noopener\" ><button type=\"button\" id=\"ubtn-8679\"  class=\"ubtn ult-adjust-bottom-margin ult-responsive ubtn-custom ubtn-no-hover-bg  none  ubtn-sep-icon ubtn-sep-icon-bottom-push  ubtn-inline   tooltip-69e91c65738ce\"  data-hover=\"\" data-border-color=\"\" data-bg=\"#000000\" data-hover-bg=\"#aaaaaa\" data-border-hover=\"\" data-shadow-hover=\"\" data-shadow-click=\"none\" data-shadow=\"\" data-shd-shadow=\"\"  data-ultimate-target='#ubtn-8679'  data-responsive-json-new='{\"font-size\":\"desktop:18px;\",\"line-height\":\"\"}'  style=\"font-weight:normal;width:300px;min-height:56px;padding:px px;border:none;background: #000000;color: #ffffff;\"><span class=\"ubtn-data ubtn-icon\"><i class=\"Defaults-download\" style=\"font-size:22px;color:;\"><\/i><\/span><span class=\"ubtn-hover\" style=\"background-color:#aaaaaa\"><\/span><span class=\"ubtn-data ubtn-text \" >Software per Windows<\/span><\/button><\/a><\/div><div class=\" ubtn-ctn-inline \"><a class=\"ubtn-link ult-adjust-bottom-margin ubtn-inline ubtn-custom \" href=\"https:\/\/goto.datacolor.com\/download\/mac\/sxp100\" target=\"_blank\" rel=\"noopener\" ><button type=\"button\" id=\"ubtn-2332\"  class=\"ubtn ult-adjust-bottom-margin ult-responsive ubtn-custom ubtn-no-hover-bg  none  ubtn-sep-icon ubtn-sep-icon-bottom-push  ubtn-inline   tooltip-69e91c657395a\"  data-hover=\"\" data-border-color=\"\" data-bg=\"#000000\" data-hover-bg=\"#aaaaaa\" data-border-hover=\"\" data-shadow-hover=\"\" data-shadow-click=\"none\" data-shadow=\"\" data-shd-shadow=\"\"  data-ultimate-target='#ubtn-2332'  data-responsive-json-new='{\"font-size\":\"desktop:18px;\",\"line-height\":\"\"}'  style=\"font-weight:normal;width:300px;min-height:56px;padding:px px;border:none;background: #000000;color: #ffffff;\"><span class=\"ubtn-data ubtn-icon\"><i class=\"Defaults-download\" style=\"font-size:22px;color:;\"><\/i><\/span><span class=\"ubtn-hover\" style=\"background-color:#aaaaaa\"><\/span><span class=\"ubtn-data ubtn-text \" >Software MacOS<\/span><\/button><\/a><\/div>[vc_empty_space][\/vc_column_inner][vc_column_inner width=&#8221;1\/2&#8243;][vc_column_text]<strong>Spyder X Elite  <\/strong>[\/vc_column_text][vc_empty_space height=&#8221;20px&#8221;]<div class=\" vc_custom_1682435349310 ubtn-ctn-inline \"><a class=\"ubtn-link ult-adjust-bottom-margin ubtn-inline ubtn-custom \" href=\"https:\/\/goto.datacolor.com\/download\/win\/sxe100\" target=\"_blank\" rel=\"noopener\" ><button type=\"button\" id=\"ubtn-2683\"  class=\"ubtn ult-adjust-bottom-margin ult-responsive ubtn-custom ubtn-no-hover-bg  none  ubtn-sep-icon ubtn-sep-icon-bottom-push  ubtn-inline   tooltip-69e91c6573995\"  data-hover=\"\" data-border-color=\"\" data-bg=\"#000000\" data-hover-bg=\"#aaaaaa\" data-border-hover=\"\" data-shadow-hover=\"\" data-shadow-click=\"none\" data-shadow=\"\" data-shd-shadow=\"\"  data-ultimate-target='#ubtn-2683'  data-responsive-json-new='{\"font-size\":\"desktop:18px;\",\"line-height\":\"\"}'  style=\"font-weight:normal;width:300px;min-height:56px;padding:px px;border:none;background: #000000;color: #ffffff;\"><span class=\"ubtn-data ubtn-icon\"><i class=\"Defaults-download\" style=\"font-size:22px;color:;\"><\/i><\/span><span class=\"ubtn-hover\" style=\"background-color:#aaaaaa\"><\/span><span class=\"ubtn-data ubtn-text \" >Software per Windows<\/span><\/button><\/a><\/div><div class=\" ubtn-ctn-inline \"><a class=\"ubtn-link ult-adjust-bottom-margin ubtn-inline ubtn-custom \" href=\"https:\/\/goto.datacolor.com\/download\/mac\/sxe100\" target=\"_blank\" rel=\"noopener\" ><button type=\"button\" id=\"ubtn-9395\"  class=\"ubtn ult-adjust-bottom-margin ult-responsive ubtn-custom ubtn-no-hover-bg  none  ubtn-sep-icon ubtn-sep-icon-bottom-push  ubtn-inline   tooltip-69e91c65739c7\"  data-hover=\"\" data-border-color=\"\" data-bg=\"#000000\" data-hover-bg=\"#aaaaaa\" data-border-hover=\"\" data-shadow-hover=\"\" data-shadow-click=\"none\" data-shadow=\"\" data-shd-shadow=\"\"  data-ultimate-target='#ubtn-9395'  data-responsive-json-new='{\"font-size\":\"desktop:18px;\",\"line-height\":\"\"}'  style=\"font-weight:normal;width:300px;min-height:56px;padding:px px;border:none;background: #000000;color: #ffffff;\"><span class=\"ubtn-data ubtn-icon\"><i class=\"Defaults-download\" style=\"font-size:22px;color:;\"><\/i><\/span><span class=\"ubtn-hover\" style=\"background-color:#aaaaaa\"><\/span><span class=\"ubtn-data ubtn-text \" >Software MacOS<\/span><\/button><\/a><\/div>[vc_empty_space][\/vc_column_inner][\/vc_row_inner][\/vc_column][\/vc_row][vc_row css=&#8221;.vc_custom_1682353090965{padding-top: 60px !important;padding-bottom: 60px !important;}&#8221;][vc_column width=&#8221;1\/2&#8243;][vc_column_text]<\/p>\n<div style=\"min-height: 200px;\">\n<p><strong>3. Collegare lo Spyder X e rimuovere il copri obiettivo<\/strong><\/p>\n<p>Assicurati che lo Spyder X sia collegato a una porta USB alimentata sul tuo computer prima di avviare l&#8217;applicazione. Seguire le istruzioni sullo schermo passo dopo passo. Rimuovere il copri obiettivo dal colorimetro Spyder X.<\/p><\/div>\n<p>[\/vc_column_text][vc_empty_space][vc_single_image image=&#8221;23593&#8243; img_size=&#8221;large&#8221; alignment=&#8221;center&#8221;][\/vc_column][vc_column width=&#8221;1\/2&#8243;][vc_column_text]<\/p>\n<div style=\"min-height: 200px;\">\n<p><strong>4. Appogiare lo Spyder X sul monitor<\/strong><\/p>\n<p>Appendere l&#8217;unit\u00e0 Spyder X sul display quando viene richiesto utilizzando il copri obiettivo, che scorre sul cavo USB come contrappeso per tenerlo in posizione. Se necessario, inclina lo schermo indietro per mantenere lo Spyder X piatto contro lo schermo.<\/p><\/div>\n<p>[\/vc_column_text][vc_empty_space][vc_single_image image=&#8221;23603&#8243; img_size=&#8221;large&#8221; alignment=&#8221;center&#8221;][\/vc_column][\/vc_row][vc_row css=&#8221;.vc_custom_1682353090965{padding-top: 60px !important;padding-bottom: 60px !important;}&#8221;][vc_column width=&#8221;1\/2&#8243;][vc_column_text]<\/p>\n<div style=\"min-height: 200px;\">\n<p><strong>5. Calibrare  <\/strong><\/p>\n<p>Il software Spyder X ti guider\u00e0 attraverso il processo di calibrazione e creer\u00e0 un profilo di visualizzazione personalizzato, che verr\u00e0 utilizzato dal sistema operativo e dalle applicazioni a colori per correggere i colori visualizzati. Fai scorrere il mouse sopra qualsiasi funzione o seleziona &#8220;Fai clic per saperne di pi\u00f9&#8221; per aiutarti con qualsiasi funzione del software.<\/p><\/div>\n<p>[\/vc_column_text][vc_empty_space][vc_single_image image=&#8221;23613&#8243; img_size=&#8221;large&#8221; alignment=&#8221;center&#8221;][\/vc_column][\/vc_row][vc_row bg_type=&#8221;bg_color&#8221; bg_override=&#8221;full&#8221; bg_color_value=&#8221;#e7e6e5&#8243; css=&#8221;.vc_custom_1682355990413{padding-top: 60px !important;padding-bottom: 60px !important;}&#8221;][vc_column][vc_column_text css=&#8221;.vc_custom_1682415621413{background-color: #e8e8e8 !important;}&#8221;]<\/p>\n<h3>Supporto aggiuntivo<\/h3>\n<p>[\/vc_column_text][vc_empty_space height=&#8221;20px&#8221;][vc_column_text css=&#8221;.vc_custom_1682415628941{background-color: #e8e8e8 !important;}&#8221;]Per comprendere meglio le funzionalit\u00e0 di ciascuna risorsa dello Spyder X o se \u00e8 necessario ulteriore supporto, fare riferimento alla <a href=\"https:\/\/www.datacolor.com\/spyder\/wp-content\/uploads\/2023\/04\/SpyderX-Users-Guide-FINAL-EN.pdf\">guida utente Spyder X<\/a>.<\/p>\n<p>Per ulteriori informazioni sui passaggi necessari per installare e attivare lo Spyder X, scaricare il nostro <a href=\"https:\/\/www.datacolor.com\/spyder\/wp-content\/uploads\/2023\/04\/SpyderX-QSG-FINAL-EN.pdf\">avvio rapido<\/a>.<\/p>\n<p>Per una panoramica del processo di calibrazione, guarda il nostro video dimostrativo[\/vc_column_text][vc_empty_space][vc_row_inner][vc_column_inner width=&#8221;3\/5&#8243; offset=&#8221;vc_col-lg-offset-1\/5 vc_col-md-offset-1\/5&#8243;]<div id=\"ultimate-video-646269e91c65739f9\" class=\"ult-video  ult-adjust-bottom-margin ultimate-video-646269e91c65739f9 ultv-9526 \"><div class=\"ultv-video ultv-aspect-ratio-16_9 ultv-subscribe-responsive-none\" data-videotype=\"uv_iframe\">\n\t\t\t\t\t\t<div class=\"ultv-video__outer-wrap\" data-autoplay=\"0\" data-device=\"false\"  data-iconbg=\"#3A3A3A\" data-overcolor=\"\" data-defaultbg=\"#1f1f1e\" data-defaultplay=\"defaulticon\"><div class=\"ultv-video__play\" data-src=\"https:\/\/www.youtube.com\/embed\/ejEP1HIQIcU?rel=0&#038;start&#038;end&#038;controls=1&#038;mute=0&#038;modestbranding=0&#038;autoplay=1\">\n\t\t\t\t\t\t\t\t<img decoding=\"async\" class=\"ultv-video__thumb\" src=\"https:\/\/i.ytimg.com\/vi\/ejEP1HIQIcU\/maxresdefault.jpg\"\/>\n\t\t\t\t\t\t\t\t<div class=\"ultv-video__play-icon  ultv-animation-none\" style=\"width:75px\"><svg height=\"100%\" version=\"1.1\" viewBox=\"0 0 68 48\" width=\"100%\"><path class=\"ultv-youtube-icon-bg\" d=\"m .66,37.62 c 0,0 .66,4.70 2.70,6.77 2.58,2.71 5.98,2.63 7.49,2.91 5.43,.52 23.10,.68 23.12,.68 .00,-1.3e-5 14.29,-0.02 23.81,-0.71 1.32,-0.15 4.22,-0.17 6.81,-2.89 2.03,-2.07 2.70,-6.77 2.70,-6.77 0,0 .67,-5.52 .67,-11.04 l 0,-5.17 c 0,-5.52 -0.67,-11.04 -0.67,-11.04 0,0 -0.66,-4.70 -2.70,-6.77 C 62.03,.86 59.13,.84 57.80,.69 48.28,0 34.00,0 34.00,0 33.97,0 19.69,0 10.18,.69 8.85,.84 5.95,.86 3.36,3.58 1.32,5.65 .66,10.35 .66,10.35 c 0,0 -0.55,4.50 -0.66,9.45 l 0,8.36 c .10,4.94 .66,9.45 .66,9.45 z\" fill=\"#1f1f1e\" ><\/path><path d=\"m 26.96,13.67 18.37,9.62 -18.37,9.55 -0.00,-19.17 z\" fill=\"#fff\"><\/path><path d=\"M 45.02,23.46 45.32,23.28 26.96,13.67 43.32,22.34 45.02,23.46 z\" fill=\"#ccc\"><\/path><\/svg><\/div> <\/div> <\/div><\/div><\/div>[vc_empty_space][\/vc_column_inner][\/vc_row_inner][vc_column_text css=&#8221;.vc_custom_1682415422713{background-color: #e8e8e8 !important;}&#8221;]In caso di domande o commenti, si prega di <a href=\"https:\/\/spyder-support.datacolor.com\/hc\/en-us\/requests\/new\">contattateci<\/a>.<\/p>\n<p>Per ulteriore supporto e risorse, incluse le nostre FAQ, consultare la nostra <a href=\"https:\/\/spyder-support.datacolor.com\/hc\/en-us\">Conoscenza di base<\/a>.[\/vc_column_text][\/vc_column][\/vc_row]<\/p>\n<\/div>","protected":false},"excerpt":{"rendered":"<p>[vc_row][vc_column width=&#8221;1\/2&#8243;][vc_empty_space][vc_column_text] Congratulazioni per il tuo nuovo Spyder X [\/vc_column_text][vc_empty_space][vc_column_text]Questa pagina ti aiuter\u00e0 a installare il colorimetro e il software Spyder X, oltre a coprire le migliori funzionalit\u00e0 per il supporto. [\/vc_column_text][vc_empty_space][\/vc_column][vc_column width=&#8221;1\/2&#8243;][vc_empty_space][vc_single_image image=&#8221;23546&#8243; img_size=&#8221;large&#8221; alignment=&#8221;center&#8221;][\/vc_column][\/vc_row][vc_row css=&#8221;.vc_custom_1682353090965{padding-top: 60px !important;padding-bottom: 60px !important;}&#8221;][vc_column][vc_column_text] Avvio rapido di Spyder X [\/vc_column_text][vc_empty_space][vc_row_inner][vc_column_inner width=&#8221;1\/2&#8243;][vc_column_text] 1. Preparare il Monitor Il monitor deve &hellip;<\/p>\n","protected":false},"author":3,"featured_media":0,"parent":0,"menu_order":0,"comment_status":"closed","ping_status":"closed","template":"","meta":{"_acf_changed":false,"footnotes":""},"class_list":["post-23684","page","type-page","status-publish","hentry"],"acf":[],"_links":{"self":[{"href":"https:\/\/www.datacolor.com\/spyder\/it\/wp-json\/wp\/v2\/pages\/23684","targetHints":{"allow":["GET"]}}],"collection":[{"href":"https:\/\/www.datacolor.com\/spyder\/it\/wp-json\/wp\/v2\/pages"}],"about":[{"href":"https:\/\/www.datacolor.com\/spyder\/it\/wp-json\/wp\/v2\/types\/page"}],"author":[{"embeddable":true,"href":"https:\/\/www.datacolor.com\/spyder\/it\/wp-json\/wp\/v2\/users\/3"}],"replies":[{"embeddable":true,"href":"https:\/\/www.datacolor.com\/spyder\/it\/wp-json\/wp\/v2\/comments?post=23684"}],"version-history":[{"count":0,"href":"https:\/\/www.datacolor.com\/spyder\/it\/wp-json\/wp\/v2\/pages\/23684\/revisions"}],"wp:attachment":[{"href":"https:\/\/www.datacolor.com\/spyder\/it\/wp-json\/wp\/v2\/media?parent=23684"}],"curies":[{"name":"wp","href":"https:\/\/api.w.org\/{rel}","templated":true}]}}