{"id":25614,"date":"2023-05-03T08:46:30","date_gmt":"2023-05-03T08:46:30","guid":{"rendered":"https:\/\/new.spyder.datacolor.eu\/spyder\/products-it\/treppiede-spyder\/"},"modified":"2023-05-11T09:58:38","modified_gmt":"2023-05-11T09:58:38","slug":"treppiede-spyder","status":"publish","type":"page","link":"https:\/\/www.datacolor.com\/spyder\/it\/prodotti\/treppiede-spyder\/","title":{"rendered":"Treppiede Spyder"},"content":{"rendered":"<div class=\"wpb-content-wrapper\"><p>[vc_row css=&#8221;.vc_custom_1650570904320{margin-bottom: 20px !important;}&#8221;][vc_column]<div class=\"nm-banner-slider plugin-slick pagination-color-gray slick-slider slick-dots-disabled\" data-adaptive-height=\"true\">\r\n\t\t\t<div class=\"nm-banner content-full image-type-fluid text-color-dark subtitle-below alt-mobile-layout\" style=\"background-color: #f3f3f3;\"><img fetchpriority=\"high\" decoding=\"async\" src=\"https:\/\/www.datacolor.com\/spyder\/wp-content\/uploads\/2022\/12\/Spyder_Tripod_Pro_04_1120x572_schatten.png\" width=\"1120\" height=\"572\" alt=\"Spyder_Tripod_Pro_04_1120x572_schatten\" \/>\r\n\t\t\t\t<div class=\"nm-banner-content\">\r\n\t\t\t\t\t<div class=\"nm-banner-content-inner h_left v_top align_left\">\r\n\t\t\t\t\t\t<div class=\"nm-banner-text large\" style=\"max-width:45%;\">\r\n\t\t\t\t\t\t\t<div class=\"nm-banner-text-inner\"><h1 class=\"nm-banner-title\">Treppiede Spyder e treppiede Spyder Pro<\/h1><\/div>\r\n\t\t\t\t\t\t<\/div>\r\n\t\t\t\t\t<\/div>\r\n\t\t\t\t<\/div>\r\n\t\t\t<\/div><\/div>[\/vc_column][\/vc_row][vc_row type=&#8221;boxed&#8221; el_id=&#8221;videobox&#8221;][vc_column][vc_empty_space][vc_column_text]<\/p>\n<h2 style=\"text-align: center;\">Treppiede Spyder<\/h2>\n<p>[\/vc_column_text][vc_empty_space][vc_row_inner el_class=&#8221;videoboxes&#8221;][vc_column_inner width=&#8221;1\/3&#8243;][vc_single_image image=&#8221;13129&#8243; img_size=&#8221;full&#8221; onclick=&#8221;custom_link&#8221; img_link_target=&#8221;_blank&#8221; link=&#8221;https:\/\/www.youtube.com\/watch?v=FpZ4yxjNN00&#8243;][vc_column_text css=&#8221;.vc_custom_1671534408733{margin-top: 32px !important;margin-bottom: 32px !important;}&#8221; el_class=&#8221;videoblock&#8221;]<\/p>\n<h3>Dettagli sul treppiede Spyder<\/h3>\n<p>Con un&#8217;altezza di 7&#8243;\/18,5 cm e un peso di 0,099 lbs.\/45 g., il treppiede Spyder \u00e8 abbastanza portatile da poter essere portato con s\u00e9 in ogni escursione fotografica. La capacit\u00e0 massima di sostenere il peso \u00e8 di 275 g.\/0,6 lbs.[\/vc_column_text][vc_empty_space][\/vc_column_inner][vc_column_inner width=&#8221;1\/3&#8243;][vc_single_image image=&#8221;13137&#8243; img_size=&#8221;full&#8221; onclick=&#8221;custom_link&#8221; img_link_target=&#8221;_blank&#8221; link=&#8221;https:\/\/www.youtube.com\/watch?v=VAJ21abXVC4&#8243;][vc_column_text css=&#8221;.vc_custom_1681899600901{margin-top: 32px !important;margin-bottom: 32px !important;}&#8221; el_class=&#8221;videoblock&#8221;]<\/p>\n<h3>Utilizzare con i prodotti Spyder<\/h3>\n<p>Pu\u00f2 essere utilizzato con i calibratori per monitor Spyder X per misurare e monitorare in modo ottimale la luce ambientale quando \u00e8 posizionato accanto a un monitor. Da utilizzare con Spyder Cube, Spyder LensCal e Spyder Checkr come stabilizzatore e supporto per l&#8217;installazione nell&#8217;inquadratura.[\/vc_column_text][vc_empty_space][\/vc_column_inner][vc_column_inner width=&#8221;1\/3&#8243;][vc_single_image image=&#8221;13145&#8243; img_size=&#8221;full&#8221; onclick=&#8221;custom_link&#8221; img_link_target=&#8221;_blank&#8221; link=&#8221;https:\/\/www.youtube.com\/watch?v=g9hvt_cKs8w&#8221;][vc_column_text css=&#8221;.vc_custom_1671534444899{margin-top: 32px !important;margin-bottom: 32px !important;}&#8221; el_class=&#8221;videoblock&#8221;]<\/p>\n<h3>Stabilizzazione della telecamera<\/h3>\n<p>Stabilizza la fotocamera per ottenere immagini chiare e nitide in situazioni di scarsa illuminazione e lunga esposizione, perfette per la fotografia paesaggistica e architettonica, la fotografia notturna, i video e il vlogging.[\/vc_column_text][vc_empty_space][\/vc_column_inner][\/vc_row_inner][vc_row_inner][vc_column_inner][vc_raw_html]PGRpdiBpZD0icHJvZHVjdC1wcmljZS1pbmxpbmUiIGNsYXNzPSJwcm9kdWN0LXByaWNlIHByb2R1Y3QtcHJpY2UtaW5saW5lIj4KW2RjaS1nZXRwcmljZSBza3U9InN0cDEwMCIgL10KW2RjaS1idXlidXR0b24gc2t1PSJzdHAxMDAiIGJ1dHRvbnRleHQ9IkJ1eSBTcHlkZXIgVHJpcG9kIiAvXQo8ZGl2Pg==[\/vc_raw_html][\/vc_column_inner][\/vc_row_inner][\/vc_column][\/vc_row][vc_row type=&#8221;boxed&#8221;][vc_column][vc_empty_space][vc_column_text]<\/p>\n<h2 style=\"text-align: center;\">Treppiede Spyder Pro<\/h2>\n<p>[\/vc_column_text][vc_empty_space][vc_row_inner el_class=&#8221;videoboxes&#8221;][vc_column_inner width=&#8221;1\/3&#8243;][vc_single_image image=&#8221;13157&#8243; img_size=&#8221;full&#8221; onclick=&#8221;custom_link&#8221; img_link_target=&#8221;_blank&#8221; link=&#8221;https:\/\/www.youtube.com\/watch?v=FpZ4yxjNN00&#8243;][vc_column_text css=&#8221;.vc_custom_1671534992442{margin-top: 32px !important;margin-bottom: 32px !important;}&#8221; el_class=&#8221;videoblock&#8221;]<\/p>\n<h3>Dettagli sul treppiede Spyder Pro<\/h3>\n<p>Con un&#8217;altezza di 11&#8243;\/28 cm e un peso di 0,344 lbs.\/156 g., il treppiede Spyder Pro offre una grande versatilit\u00e0 e viene fornito con un supporto per GoPro, un supporto per smartphone e un telecomando universale Bluetooth per il massimo dell&#8217;acquisizione di immagini e del lavoro video a mani libere. La capacit\u00e0 massima di sostenere il peso \u00e8 di 800 g.\/1,7 lbs.[\/vc_column_text][vc_empty_space][\/vc_column_inner][vc_column_inner width=&#8221;1\/3&#8243;][vc_single_image image=&#8221;13165&#8243; img_size=&#8221;full&#8221; onclick=&#8221;custom_link&#8221; img_link_target=&#8221;_blank&#8221; link=&#8221;https:\/\/www.youtube.com\/watch?v=VAJ21abXVC4&#8243;][vc_column_text css=&#8221;.vc_custom_1681899607371{margin-top: 32px !important;margin-bottom: 32px !important;}&#8221; el_class=&#8221;videoblock&#8221;]<\/p>\n<h3>Utilizzare con i prodotti Spyder<\/h3>\n<p>Pu\u00f2 essere utilizzato con i calibratori per monitor Spyder X per misurare e monitorare in modo ottimale la luce ambientale quando \u00e8 posizionato accanto a un monitor. Da utilizzare con Spyder Cube e Spyder LensCal come stabilizzatore e supporto per l&#8217;installazione nell&#8217;inquadratura.[\/vc_column_text][vc_empty_space][\/vc_column_inner][vc_column_inner width=&#8221;1\/3&#8243;][vc_single_image image=&#8221;13173&#8243; img_size=&#8221;full&#8221; onclick=&#8221;custom_link&#8221; img_link_target=&#8221;_blank&#8221; link=&#8221;https:\/\/www.youtube.com\/watch?v=g9hvt_cKs8w&#8221;][vc_column_text css=&#8221;.vc_custom_1671535036816{margin-top: 32px !important;margin-bottom: 32px !important;}&#8221; el_class=&#8221;videoblock&#8221;]<\/p>\n<h3>Vlogging e Auto-Bracketing<\/h3>\n<p>Il design flessibile consente di montare la fotocamera o il telefono con l&#8217;angolazione migliore senza dover trovare una superficie piana, salire su una scala o sdraiarsi a terra. Ideale per vlogging e autoritratti, nonch\u00e9 per l&#8217;auto-bracketing per immagini HDR, scatti notturni, fotografia in condizioni di scarsa illuminazione, paesaggi e panorami.[\/vc_column_text][vc_empty_space][\/vc_column_inner][\/vc_row_inner][vc_row_inner][vc_column_inner][vc_raw_html]PGRpdiBpZD0icHJvZHVjdC1wcmljZS1pbmxpbmUiIGNsYXNzPSJwcm9kdWN0LXByaWNlIHByb2R1Y3QtcHJpY2UtaW5saW5lIj4KW2RjaS1nZXRwcmljZSBza3U9InN0cHAxMDAiIC9dCltkY2ktYnV5YnV0dG9uIHNrdT0ic3RwcDEwMCIgYnV0dG9udGV4dD0iQnV5IFNweWRlciBUcmlwb2QgUHJvIiAvXQo8ZGl2Pg==[\/vc_raw_html][\/vc_column_inner][\/vc_row_inner][\/vc_column][\/vc_row][vc_row][vc_column][vc_raw_html]W2RjaS1zcHlkZXJhd2FyZHMgY2F0ZWdvcnk9ImltYWdlLWNhcHR1cmluZyIgL10=[\/vc_raw_html][\/vc_column][\/vc_row]<\/p>\n<\/div>","protected":false},"excerpt":{"rendered":"<p>[vc_row css=&#8221;.vc_custom_1650570904320{margin-bottom: 20px !important;}&#8221;][vc_column][\/vc_column][\/vc_row][vc_row type=&#8221;boxed&#8221; el_id=&#8221;videobox&#8221;][vc_column][vc_empty_space][vc_column_text] Treppiede Spyder [\/vc_column_text][vc_empty_space][vc_row_inner el_class=&#8221;videoboxes&#8221;][vc_column_inner width=&#8221;1\/3&#8243;][vc_single_image image=&#8221;13129&#8243; img_size=&#8221;full&#8221; onclick=&#8221;custom_link&#8221; img_link_target=&#8221;_blank&#8221; link=&#8221;https:\/\/www.youtube.com\/watch?v=FpZ4yxjNN00&#8243;][vc_column_text css=&#8221;.vc_custom_1671534408733{margin-top: 32px !important;margin-bottom: 32px !important;}&#8221; el_class=&#8221;videoblock&#8221;] Dettagli sul treppiede Spyder Con un&#8217;altezza di 7&#8243;\/18,5 cm e un peso di 0,099 lbs.\/45 g., il treppiede Spyder \u00e8 abbastanza portatile da poter essere portato con s\u00e9 in ogni escursione fotografica. La &hellip;<\/p>\n","protected":false},"author":2,"featured_media":0,"parent":24739,"menu_order":0,"comment_status":"closed","ping_status":"closed","template":"","meta":{"_acf_changed":false,"footnotes":""},"class_list":["post-25614","page","type-page","status-publish","hentry"],"acf":[],"_links":{"self":[{"href":"https:\/\/www.datacolor.com\/spyder\/it\/wp-json\/wp\/v2\/pages\/25614","targetHints":{"allow":["GET"]}}],"collection":[{"href":"https:\/\/www.datacolor.com\/spyder\/it\/wp-json\/wp\/v2\/pages"}],"about":[{"href":"https:\/\/www.datacolor.com\/spyder\/it\/wp-json\/wp\/v2\/types\/page"}],"author":[{"embeddable":true,"href":"https:\/\/www.datacolor.com\/spyder\/it\/wp-json\/wp\/v2\/users\/2"}],"replies":[{"embeddable":true,"href":"https:\/\/www.datacolor.com\/spyder\/it\/wp-json\/wp\/v2\/comments?post=25614"}],"version-history":[{"count":0,"href":"https:\/\/www.datacolor.com\/spyder\/it\/wp-json\/wp\/v2\/pages\/25614\/revisions"}],"up":[{"embeddable":true,"href":"https:\/\/www.datacolor.com\/spyder\/it\/wp-json\/wp\/v2\/pages\/24739"}],"wp:attachment":[{"href":"https:\/\/www.datacolor.com\/spyder\/it\/wp-json\/wp\/v2\/media?parent=25614"}],"curies":[{"name":"wp","href":"https:\/\/api.w.org\/{rel}","templated":true}]}}