{"id":26158,"date":"2023-05-04T13:38:22","date_gmt":"2023-05-04T13:38:22","guid":{"rendered":"https:\/\/new.spyder.datacolor.eu\/spyder\/benvenuti-a-spyder-x2\/"},"modified":"2023-05-11T08:17:34","modified_gmt":"2023-05-11T08:17:34","slug":"welcome-to-spyder-x2","status":"publish","type":"page","link":"https:\/\/www.datacolor.com\/spyder\/it\/welcome-to-spyder-x2\/","title":{"rendered":"Welcome to Spyder X2"},"content":{"rendered":"<div class=\"wpb-content-wrapper\"><p>[vc_row css=&#8221;.vc_custom_1682339726830{padding-top: 60px !important;padding-bottom: 60px !important;}&#8221;][vc_column width=&#8221;2\/5&#8243;][vc_column_text]<\/p>\n<h1 class=\"mainheader\">Congratulazioni per la vostra nuova Spyder X2!<\/h1>\n<p>[\/vc_column_text][vc_empty_space][vc_column_text]Da questa pagina \u00e8 possibile scaricare il software per il vostro Spyder X2, visualizzare la guida rapida per il vostro prodotto e trovare utili link alle guide per l&#8217;utente e all&#8217;assistenza supplementare. [\/vc_column_text][vc_empty_space][\/vc_column][vc_column width=&#8221;3\/5&#8243;][vc_empty_space][vc_single_image image=&#8221;26204&#8243; img_size=&#8221;750&#215;500&#8243;][\/vc_column][\/vc_row][vc_row bg_type=&#8221;bg_color&#8221; bg_override=&#8221;full&#8221; bg_color_value=&#8221;#e7e6e5&#8243; css=&#8221;.vc_custom_1682339704660{padding-top: 30px !important;padding-bottom: 60px !important;}&#8221;][vc_column width=&#8221;1\/2&#8243;][vc_column_text]<\/p>\n<h3 style=\"margin-bottom: 20px;\">Impostazione per il successo<\/h3>\n<p>Ecco alcuni consigli utili prima di iniziare a calibrare il monitor:<\/p>\n<ul>\n<li>Riscaldare il monitor per almeno 30 minuti prima di iniziare il processo di calibrazione.<\/li>\n<li>Assicurarsi che il display non sia illuminato da luce diretta. \u00c8 preferibile lavorare in un ambiente poco illuminato per i lavori critici sul colore e le lampade da tavolo devono essere spente.<\/li>\n<li>Ripristinare i controlli del monitor alle impostazioni di fabbrica.<\/li>\n<li>Disattivare le impostazioni della modalit\u00e0 Luminosit\u00e0 automatica o HDR\/Alta luminosit\u00e0 prima di iniziare la calibrazione.<\/li>\n<\/ul>\n<p>[\/vc_column_text][vc_empty_space][\/vc_column][vc_column width=&#8221;1\/2&#8243;][vc_column_text]<\/p>\n<h3 style=\"margin-bottom: 20px;\">Guida rapida<\/h3>\n<ol>\n<li>Scaricare e installare il software<\/li>\n<li>Collegare il dispositivo per avviare il software<\/li>\n<li>Iniziare il processo di attivazione\/registrazione (vedere il numero di serie del software all&#8217;interno della scatola sotto il dispositivo).<\/li>\n<li>Calibrazione (vedere le istruzioni passo-passo riportate di seguito)<\/li>\n<\/ol>\n<p>[\/vc_column_text][vc_empty_space][\/vc_column][\/vc_row][vc_row css=&#8221;.vc_custom_1682343562567{padding-top: 60px !important;padding-bottom: 60px !important;}&#8221;][vc_column width=&#8221;2\/3&#8243;][vc_column_text]<\/p>\n<h2>Download del software Spyder X2<\/h2>\n<p>Esaminare la <a href=\"https:\/\/spyderx.datacolor.com\/datacolor-spyder-software-license\/\" target=\"_blank\" rel=\"noopener\">licenza del software Datacolor<\/a>.<\/p>\n<p><em>Tutti i prodotti Spyder includono una &#8220;Licenza per il sito&#8221;, per un singolo proprietario. Ci\u00f2 consente al proprietario di installare e utilizzare il software su tutti i computer (Mac o Windows), purch\u00e9 siano di propriet\u00e0 del titolare della licenza. Se il proprietario possiede pi\u00f9 computer, pu\u00f2 utilizzare il prodotto Spyder su tutti. \u00c8 vietata l&#8217;attivazione su un computer non di propriet\u00e0 dell&#8217;acquirente o il funzionamento come servizio per altri.<\/em>[\/vc_column_text][\/vc_column][vc_column width=&#8221;1\/3&#8243;][vc_empty_space]<div class=\" ubtn-ctn-center \"><a class=\"ubtn-link ult-adjust-bottom-margin ubtn-center ubtn-custom \" href=\"https:\/\/goto.datacolor.com\/downloads\/win\/sxu200\" ><button type=\"button\" id=\"ubtn-2928\"  class=\"ubtn ult-adjust-bottom-margin ult-responsive ubtn-custom ubtn-fade-bg  none  ubtn-sep-icon ubtn-sep-icon-bottom-push  ubtn-center   tooltip-69d2aa6cf1298\"  data-hover=\"\" data-border-color=\"\" data-bg=\"#000000\" data-hover-bg=\"#aaaaaa\" data-border-hover=\"\" data-shadow-hover=\"\" data-shadow-click=\"none\" data-shadow=\"\" data-shd-shadow=\"\"  data-ultimate-target='#ubtn-2928'  data-responsive-json-new='{\"font-size\":\"desktop:18px;\",\"line-height\":\"\"}'  style=\"font-weight:normal;width:210px;min-height:56px;padding:px px;border:none;background: #000000;color: #ffffff;\"><span class=\"ubtn-data ubtn-icon\"><i class=\"Defaults-download\" style=\"font-size:22px;color:#ffffff;\"><\/i><\/span><span class=\"ubtn-hover\" style=\"background-color:#aaaaaa\"><\/span><span class=\"ubtn-data ubtn-text \" >Software per Windows<\/span><\/button><\/a><\/div>[vc_empty_space height=&#8221;20px&#8221;]<div class=\" ubtn-ctn-center \"><a class=\"ubtn-link ult-adjust-bottom-margin ubtn-center ubtn-custom \" href=\"https:\/\/goto.datacolor.com\/downloads\/mac\/sxu200\" ><button type=\"button\" id=\"ubtn-9598\"  class=\"ubtn ult-adjust-bottom-margin ult-responsive ubtn-custom ubtn-fade-bg  none  ubtn-sep-icon ubtn-sep-icon-bottom-push  ubtn-center   tooltip-69d2aa6cf1306\"  data-hover=\"\" data-border-color=\"\" data-bg=\"#000000\" data-hover-bg=\"#aaaaaa\" data-border-hover=\"\" data-shadow-hover=\"\" data-shadow-click=\"none\" data-shadow=\"\" data-shd-shadow=\"\"  data-ultimate-target='#ubtn-9598'  data-responsive-json-new='{\"font-size\":\"desktop:18px;\",\"line-height\":\"\"}'  style=\"font-weight:normal;width:210px;min-height:56px;padding:px px;border:none;background: #000000;color: #ffffff;\"><span class=\"ubtn-data ubtn-icon\"><i class=\"Defaults-download\" style=\"font-size:22px;color:#ffffff;\"><\/i><\/span><span class=\"ubtn-hover\" style=\"background-color:#aaaaaa\"><\/span><span class=\"ubtn-data ubtn-text \" >Software MacOS<\/span><\/button><\/a><\/div>[vc_empty_space][\/vc_column][\/vc_row][vc_row bg_type=&#8221;bg_color&#8221; bg_override=&#8221;full&#8221; css=&#8221;.vc_custom_1682343953296{padding-top: 60px !important;padding-bottom: 60px !important;}&#8221; bg_color_value=&#8221;#e7e6e5&#8243;][vc_column][vc_column_text]<\/p>\n<h2>Supporto aggiuntivo<\/h2>\n<p>[\/vc_column_text][vc_empty_space][vc_row_inner][vc_column_inner width=&#8221;1\/2&#8243;][vc_single_image image=&#8221;27061&#8243; img_size=&#8221;600&#215;450&#8243; onclick=&#8221;custom_link&#8221; img_link_target=&#8221;_blank&#8221; link=&#8221;https:\/\/youtu.be\/Gfhmg7IFZIs&#8221;][vc_column_text]<\/p>\n<p style=\"text-align: center;\"><em>Video dimostrativo del processo di installazione<\/em><\/p>\n<p>[\/vc_column_text][vc_empty_space][\/vc_column_inner][vc_column_inner width=&#8221;1\/2&#8243;][vc_single_image image=&#8221;27071&#8243; img_size=&#8221;600&#215;450&#8243; onclick=&#8221;custom_link&#8221; img_link_target=&#8221;_blank&#8221; link=&#8221;https:\/\/youtu.be\/vutNFl8wDeA&#8221;][vc_column_text]<\/p>\n<p style=\"text-align: center;\"><em>Video dimostrativo del processo di calibrazione<\/em><\/p>\n<p>[\/vc_column_text][vc_empty_space][\/vc_column_inner][\/vc_row_inner][vc_column_text]<a href=\"\/spyder\/wp-content\/uploads\/2023\/05\/Spyder-X2-Quick-Start-Guide-FINAL.pdf\">Scarica la Guida rapida<\/a><\/p>\n<p><a href=\"\/spyder\/wp-content\/uploads\/2023\/05\/Spyder-X2-User-Guide_Final-EN.pdf\">Scarica la guida utente di Spyder X2<\/a><\/p>\n<p>Se avete domande o commenti,<a href=\"https:\/\/spyder-support.datacolor.com\/hc\/en-us\/requests\/new\" target=\"_blank\" rel=\"noopener\">contattateci<\/a>.<\/p>\n<p>Per ulteriori FAQ e risorse di supporto, fare <a href=\"https:\/\/spyder-support.datacolor.com\/hc\/en-us\" target=\"_blank\" rel=\"noopener\">clic qui<\/a>.[\/vc_column_text][\/vc_column][\/vc_row][vc_row css=&#8221;.vc_custom_1682345998990{padding-top: 60px !important;padding-bottom: 60px !important;}&#8221;][vc_column][vc_column_text]<\/p>\n<h2>Come calibrare il monitor<\/h2>\n<p>[\/vc_column_text][vc_empty_space][vc_row_inner][vc_column_inner width=&#8221;1\/4&#8243;][vc_single_image image=&#8221;26441&#8243; img_size=&#8221;500&#215;500&#8243; alignment=&#8221;center&#8221;][vc_empty_space][vc_column_text]<strong>1. Collegare il dispositivo Spyder X2<\/strong><br \/>\nLo Spyder X2 \u00e8 dotato di una porta USB-C nativa e di un adattatore USB-A aggiuntivo. Seguire le istruzioni passo-passo visualizzate sullo schermo.[\/vc_column_text][\/vc_column_inner][vc_column_inner width=&#8221;1\/4&#8243;][vc_single_image image=&#8221;26451&#8243; img_size=&#8221;500&#215;500&#8243; alignment=&#8221;center&#8221;][vc_empty_space][vc_column_text]<strong>2. Aprire il software Spyder X2<\/strong><br \/>\nIl software Spyder X2 vi guider\u00e0 attraverso il processo di calibrazione e impostazione del display in sole due schermate. Selezionare la tecnologia di retroilluminazione appropriata e i controlli disponibili per il display per garantire la calibrazione pi\u00f9 accurata. Quindi configurare il tipo di calibrazione (curva gamma, punto di bianco e livello di luma) per calibrare il display in base alle esigenze del flusso di lavoro.[\/vc_column_text][\/vc_column_inner][vc_column_inner width=&#8221;1\/4&#8243;][vc_single_image image=&#8221;26461&#8243; img_size=&#8221;500&#215;500&#8243; alignment=&#8221;center&#8221;][vc_empty_space][vc_column_text]<strong>3. Posizionamento dello Spyder X2<\/strong><br \/>\nRimuovere il copriobiettivo da Spyder X2 e appendere l&#8217;unit\u00e0 al display, quando richiesto. Il copriobiettivo scorre lungo il cavo USB collegato e funge da contrappeso per mantenere il sensore Spyder X2 in posizione sullo schermo. Il dispositivo deve essere appoggiato sul monitor sotto il suo stesso peso, senza tenerlo contro lo schermo. Se necessario, inclinare leggermente lo schermo all&#8217;indietro per mantenere il dispositivo piatto contro lo schermo.[\/vc_column_text][\/vc_column_inner][vc_column_inner width=&#8221;1\/4&#8243;][vc_single_image image=&#8221;26471&#8243; img_size=&#8221;500&#215;500&#8243; alignment=&#8221;center&#8221;][vc_empty_space][vc_column_text]<strong>4. Calibrare<\/strong><br \/>\nIl software Spyder X2 creer\u00e0 quindi un profilo di visualizzazione personalizzato che il sistema operativo del computer e le applicazioni di gestione del colore utilizzeranno per correggere i colori visualizzati. \u00c8 sempre possibile tornare alle impostazioni predefinite del monitor semplicemente cancellando il profilo calibrato.[\/vc_column_text][\/vc_column_inner][\/vc_row_inner][vc_empty_space][vc_column_text]Avete domande lungo il percorso? \u00c8 sufficiente fare clic sull&#8217;icona (?) per ottenere assistenza su qualsiasi funzione del software.[\/vc_column_text][\/vc_column][\/vc_row]<\/p>\n<\/div>","protected":false},"excerpt":{"rendered":"<p>[vc_row css=&#8221;.vc_custom_1682339726830{padding-top: 60px !important;padding-bottom: 60px !important;}&#8221;][vc_column width=&#8221;2\/5&#8243;][vc_column_text] Congratulazioni per la vostra nuova Spyder X2! [\/vc_column_text][vc_empty_space][vc_column_text]Da questa pagina \u00e8 possibile scaricare il software per il vostro Spyder X2, visualizzare la guida rapida per il vostro prodotto e trovare utili link alle guide per l&#8217;utente e all&#8217;assistenza supplementare. [\/vc_column_text][vc_empty_space][\/vc_column][vc_column width=&#8221;3\/5&#8243;][vc_empty_space][vc_single_image image=&#8221;26204&#8243; img_size=&#8221;750&#215;500&#8243;][\/vc_column][\/vc_row][vc_row bg_type=&#8221;bg_color&#8221; bg_override=&#8221;full&#8221; bg_color_value=&#8221;#e7e6e5&#8243; css=&#8221;.vc_custom_1682339704660{padding-top: 30px &hellip;<\/p>\n","protected":false},"author":3,"featured_media":0,"parent":0,"menu_order":0,"comment_status":"closed","ping_status":"closed","template":"","meta":{"_acf_changed":false,"footnotes":""},"class_list":["post-26158","page","type-page","status-publish","hentry"],"acf":[],"_links":{"self":[{"href":"https:\/\/www.datacolor.com\/spyder\/it\/wp-json\/wp\/v2\/pages\/26158","targetHints":{"allow":["GET"]}}],"collection":[{"href":"https:\/\/www.datacolor.com\/spyder\/it\/wp-json\/wp\/v2\/pages"}],"about":[{"href":"https:\/\/www.datacolor.com\/spyder\/it\/wp-json\/wp\/v2\/types\/page"}],"author":[{"embeddable":true,"href":"https:\/\/www.datacolor.com\/spyder\/it\/wp-json\/wp\/v2\/users\/3"}],"replies":[{"embeddable":true,"href":"https:\/\/www.datacolor.com\/spyder\/it\/wp-json\/wp\/v2\/comments?post=26158"}],"version-history":[{"count":0,"href":"https:\/\/www.datacolor.com\/spyder\/it\/wp-json\/wp\/v2\/pages\/26158\/revisions"}],"wp:attachment":[{"href":"https:\/\/www.datacolor.com\/spyder\/it\/wp-json\/wp\/v2\/media?parent=26158"}],"curies":[{"name":"wp","href":"https:\/\/api.w.org\/{rel}","templated":true}]}}