{"id":36373,"date":"2023-11-06T18:22:09","date_gmt":"2023-11-06T18:22:09","guid":{"rendered":"https:\/\/new.spyder.datacolor.eu\/spyder\/benvenuti-nello-studio-di-stampa-spyder-x2\/"},"modified":"2023-11-06T19:15:04","modified_gmt":"2023-11-06T19:15:04","slug":"benvenuti-nello-studio-di-stampa-spyder-x2","status":"publish","type":"page","link":"https:\/\/www.datacolor.com\/spyder\/it\/benvenuti-nello-studio-di-stampa-spyder-x2\/","title":{"rendered":"Benvenuti nello studio di stampa Spyder X2"},"content":{"rendered":"<div class=\"wpb-content-wrapper\"><p>[vc_row css=&#8221;.vc_custom_1684849056130{padding-bottom: 60px !important;}&#8221;][vc_column width=&#8221;1\/2&#8243;][vc_column_text]<\/p>\n<h1 class=\"mainheader\">Congratulazioni per il vostro nuovo Spyder X2 Print Studio!<\/h1>\n<p>[\/vc_column_text][vc_empty_space][vc_column_text]Spyder X2 Print Studio \u00e8 un modo comodo ed economico per realizzare la vostra visione fotografica. Da questa pagina \u00e8 possibile scaricare il software di Spyder X2 Print Studio, insieme a una Guida rapida e a una Guida all&#8217;uso pi\u00f9 completa per ciascuno degli strumenti. Sebbene queste guide vi illustrino chiaramente i processi passo dopo passo, siamo rinomati per l&#8217;assistenza fornita dal nostro personale specializzato che \u00e8 un fotografo come voi, in modo che possiate essere certi che la foto che immaginate sar\u00e0 quella che otterrete.[\/vc_column_text][vc_empty_space][\/vc_column][vc_column width=&#8221;1\/2&#8243;][vc_empty_space][vc_single_image image=&#8221;35845&#8243; img_size=&#8221;750&#215;500&#8243; alignment=&#8221;center&#8221;][\/vc_column][\/vc_row][vc_row bg_type=&#8221;bg_color&#8221; bg_override=&#8221;full&#8221; css=&#8221;.vc_custom_1684849083602{padding-top: 60px !important;padding-bottom: 60px !important;}&#8221; bg_color_value=&#8221;#e7e6e5&#8243;][vc_column width=&#8221;2\/3&#8243;][vc_column_text]<\/p>\n<h2>Download del software<\/h2>\n<p>Fare clic sul prodotto e sul sistema operativo appropriati per avviare il download.<\/p>\n<p>Assicurarsi di rivedere la <a href=\"https:\/\/spyderx.datacolor.com\/datacolor-spyder-software-license\/\" target=\"_blank\" rel=\"noopener\">licenza del software Datacolor<\/a>.[\/vc_column_text][\/vc_column][vc_column width=&#8221;1\/3&#8243;][vc_row_inner][vc_column_inner width=&#8221;1\/2&#8243;][vc_column_text]<strong>Spyder X2 Ultra<\/strong>[\/vc_column_text][vc_empty_space height=&#8221;20px&#8221;]<div class=\" ubtn-ctn-left btn_download\"><a class=\"ubtn-link ult-adjust-bottom-margin ubtn-left ubtn-custom btn_download\" href=\"https:\/\/goto.datacolor.com\/downloads\/win\/sxu200\" target=\"_blank\" rel=\"noopener\" ><button type=\"button\" id=\"ubtn-2492\"  class=\"ubtn ult-adjust-bottom-margin ult-responsive ubtn-custom ubtn-no-hover-bg  none  ubtn-left   tooltip-69d212da617bc\"  data-hover=\"\" data-border-color=\"\" data-bg=\"#0a0a0a\" data-hover-bg=\"\" data-border-hover=\"\" data-shadow-hover=\"\" data-shadow-click=\"none\" data-shadow=\"\" data-shd-shadow=\"\"  data-ultimate-target='#ubtn-2492'  data-responsive-json-new='{\"font-size\":\"desktop:18px;\",\"line-height\":\"\"}'  style=\"font-weight:normal;width:210px;min-height:56px;padding:px px;border:none;background: #0a0a0a;color: #ffffff;\"><span class=\"ubtn-hover\" style=\"background-color:\"><\/span><span class=\"ubtn-data ubtn-text \" >Software per Windows<\/span><\/button><\/a><\/div><div class=\" ubtn-ctn-left btn_download\"><a class=\"ubtn-link ult-adjust-bottom-margin ubtn-left ubtn-custom btn_download\" href=\"https:\/\/goto.datacolor.com\/downloads\/mac\/sxu200\" target=\"_blank\" rel=\"noopener\" ><button type=\"button\" id=\"ubtn-5249\"  class=\"ubtn ult-adjust-bottom-margin ult-responsive ubtn-custom ubtn-no-hover-bg  none  ubtn-left   tooltip-69d212da61851\"  data-hover=\"\" data-border-color=\"\" data-bg=\"#0a0a0a\" data-hover-bg=\"\" data-border-hover=\"\" data-shadow-hover=\"\" data-shadow-click=\"none\" data-shadow=\"\" data-shd-shadow=\"\"  data-ultimate-target='#ubtn-5249'  data-responsive-json-new='{\"font-size\":\"desktop:18px;\",\"line-height\":\"\"}'  style=\"font-weight:normal;width:210px;min-height:56px;padding:px px;border:none;background: #0a0a0a;color: #ffffff;\"><span class=\"ubtn-hover\" style=\"background-color:\"><\/span><span class=\"ubtn-data ubtn-text \" >Software MacOS<\/span><\/button><\/a><\/div>[vc_empty_space][\/vc_column_inner][vc_column_inner width=&#8221;1\/2&#8243;][vc_column_text]<strong>Spyder Print<\/strong>[\/vc_column_text][vc_empty_space height=&#8221;20px&#8221;]<div class=\" ubtn-ctn-left btn_download\"><a class=\"ubtn-link ult-adjust-bottom-margin ubtn-left ubtn-custom btn_download\" href=\"https:\/\/goto.datacolor.com\/download\/Win\/S5SR100\" target=\"_blank\" rel=\"noopener\" ><button type=\"button\" id=\"ubtn-5869\"  class=\"ubtn ult-adjust-bottom-margin ult-responsive ubtn-custom ubtn-no-hover-bg  none  ubtn-left   tooltip-69d212da618ac\"  data-hover=\"\" data-border-color=\"\" data-bg=\"#0a0a0a\" data-hover-bg=\"\" data-border-hover=\"\" data-shadow-hover=\"\" data-shadow-click=\"none\" data-shadow=\"\" data-shd-shadow=\"\"  data-ultimate-target='#ubtn-5869'  data-responsive-json-new='{\"font-size\":\"desktop:18px;\",\"line-height\":\"\"}'  style=\"font-weight:normal;width:210px;min-height:56px;padding:px px;border:none;background: #0a0a0a;color: #ffffff;\"><span class=\"ubtn-hover\" style=\"background-color:\"><\/span><span class=\"ubtn-data ubtn-text \" >Software per Windows<\/span><\/button><\/a><\/div><div class=\" ubtn-ctn-left btn_download\"><a class=\"ubtn-link ult-adjust-bottom-margin ubtn-left ubtn-custom btn_download\" href=\"https:\/\/goto.datacolor.com\/download\/Mac\/S5SR100\" target=\"_blank\" rel=\"noopener\" ><button type=\"button\" id=\"ubtn-2531\"  class=\"ubtn ult-adjust-bottom-margin ult-responsive ubtn-custom ubtn-no-hover-bg  none  ubtn-left   tooltip-69d212da618fa\"  data-hover=\"\" data-border-color=\"\" data-bg=\"#0a0a0a\" data-hover-bg=\"\" data-border-hover=\"\" data-shadow-hover=\"\" data-shadow-click=\"none\" data-shadow=\"\" data-shd-shadow=\"\"  data-ultimate-target='#ubtn-2531'  data-responsive-json-new='{\"font-size\":\"desktop:18px;\",\"line-height\":\"\"}'  style=\"font-weight:normal;width:210px;min-height:56px;padding:px px;border:none;background: #0a0a0a;color: #ffffff;\"><span class=\"ubtn-hover\" style=\"background-color:\"><\/span><span class=\"ubtn-data ubtn-text \" >Software MacOS<\/span><\/button><\/a><\/div>[vc_empty_space][\/vc_column_inner][\/vc_row_inner][\/vc_column][\/vc_row][vc_row css=&#8221;.vc_custom_1684852847049{padding-top: 60px !important;padding-bottom: 60px !important;}&#8221;][vc_column][vc_column_text]<\/p>\n<h2>Gli strumenti<\/h2>\n<p>[\/vc_column_text][vc_empty_space][vc_row_inner][vc_column_inner width=&#8221;2\/3&#8243;][vc_column_text]<\/p>\n<h3>1. Cubo Spyder<\/h3>\n<p>[\/vc_column_text][vc_empty_space][vc_column_text]Per impostare il bilanciamento del bianco e la conversione RAW. A differenza di una carta dei grigi, Spyder Cube consente di impostare i valori assoluti di bianco e nero e di definire il grigio neutro.<\/p>\n<p><a href=\"https:\/\/www.datacolor.com\/spyder\/wp-content\/uploads\/2023\/05\/Spyder-Cube-User-Guide.pdf\">Scarica la Guida per l&#8217;utente<br \/>\n<\/a><br \/>\n<a href=\"https:\/\/www.datacolor.com\/spyder\/wp-content\/uploads\/2023\/05\/Spyder-Cube-Quick-Start-Guide.pdf\">Scarica la Guida rapida<br \/>\n<\/a>[\/vc_column_text][vc_empty_space][\/vc_column_inner][vc_column_inner width=&#8221;1\/3&#8243;][vc_single_image image=&#8221;28525&#8243; img_size=&#8221;large&#8221; alignment=&#8221;center&#8221;][vc_empty_space][\/vc_column_inner][\/vc_row_inner][vc_row_inner css=&#8221;.vc_custom_1684853377170{border-top-width: 1px !important;border-right-width: 1px !important;border-bottom-width: 1px !important;border-left-width: 1px !important;padding-top: 30px !important;padding-right: 30px !important;padding-bottom: 30px !important;padding-left: 30px !important;border-left-color: #cccccc !important;border-left-style: solid !important;border-right-color: #cccccc !important;border-right-style: solid !important;border-top-color: #cccccc !important;border-top-style: solid !important;border-bottom-color: #cccccc !important;border-bottom-style: solid !important;border-radius: 3px !important;}&#8221;][vc_column_inner][vc_column_text]<strong>Avvio rapido<\/strong>[\/vc_column_text][vc_empty_space][vc_single_image image=&#8221;36191&#8243; img_size=&#8221;large&#8221; alignment=&#8221;center&#8221;][vc_empty_space][\/vc_column_inner][\/vc_row_inner][vc_empty_space height=&#8221;60px&#8221;][vc_row_inner][vc_column_inner width=&#8221;2\/3&#8243;][vc_column_text]<\/p>\n<h3>2. Spyder X2 Ultra<\/h3>\n<p>[\/vc_column_text][vc_empty_space][vc_column_text]Calibrazione rapida e semplice per uno o pi\u00f9 monitor, compresi quelli ad alta luminosit\u00e0 fino a 2000 cd\/m<sup>2<\/sup>.<\/p>\n<p><a href=\"https:\/\/www.datacolor.com\/spyder\/wp-content\/uploads\/2023\/05\/Spyder-X2-User-Guide_Final-EN.pdf\">Scarica la Guida per l&#8217;utente<br \/>\n<\/a><br \/>\n<a href=\"https:\/\/www.datacolor.com\/spyder\/wp-content\/uploads\/2023\/05\/SpyderX-Quick-Start-Guide.pdf\">Scarica la Guida rapida<br \/>\n<\/a>[\/vc_column_text][vc_empty_space][\/vc_column_inner][vc_column_inner width=&#8221;1\/3&#8243;][vc_single_image image=&#8221;28596&#8243; img_size=&#8221;large&#8221; alignment=&#8221;center&#8221;][vc_empty_space][\/vc_column_inner][\/vc_row_inner][vc_row_inner css=&#8221;.vc_custom_1684853377170{border-top-width: 1px !important;border-right-width: 1px !important;border-bottom-width: 1px !important;border-left-width: 1px !important;padding-top: 30px !important;padding-right: 30px !important;padding-bottom: 30px !important;padding-left: 30px !important;border-left-color: #cccccc !important;border-left-style: solid !important;border-right-color: #cccccc !important;border-right-style: solid !important;border-top-color: #cccccc !important;border-top-style: solid !important;border-bottom-color: #cccccc !important;border-bottom-style: solid !important;border-radius: 3px !important;}&#8221;][vc_column_inner][vc_column_text]<strong>Avvio rapido<\/strong>[\/vc_column_text][vc_empty_space][vc_single_image image=&#8221;28611&#8243; img_size=&#8221;large&#8221; alignment=&#8221;center&#8221;][vc_empty_space][\/vc_column_inner][\/vc_row_inner][vc_empty_space height=&#8221;60px&#8221;][vc_row_inner][vc_column_inner width=&#8221;2\/3&#8243;][vc_column_text]<\/p>\n<h3>3. Stampa Spyder<\/h3>\n<p>[\/vc_column_text][vc_empty_space][vc_column_text]Profilazione della stampante per qualsiasi combinazione di stampante\/inchiostro\/carta.<\/p>\n<p><a href=\"https:\/\/www.datacolor.com\/spyder\/wp-content\/uploads\/2023\/05\/Spyder-Print-User-Guide.pdf\">Scarica la Guida per l&#8217;utente<br \/>\n<\/a><br \/>\n<a href=\"https:\/\/www.datacolor.com\/spyder\/wp-content\/uploads\/2023\/05\/Spyder-Print-Quick-Start-Guide.pdf\">Scarica la Guida rapida<\/a>[\/vc_column_text][vc_empty_space][\/vc_column_inner][vc_column_inner width=&#8221;1\/3&#8243;][vc_single_image image=&#8221;28726&#8243; img_size=&#8221;large&#8221; alignment=&#8221;center&#8221;][vc_empty_space][\/vc_column_inner][\/vc_row_inner][vc_row_inner css=&#8221;.vc_custom_1684853377170{border-top-width: 1px !important;border-right-width: 1px !important;border-bottom-width: 1px !important;border-left-width: 1px !important;padding-top: 30px !important;padding-right: 30px !important;padding-bottom: 30px !important;padding-left: 30px !important;border-left-color: #cccccc !important;border-left-style: solid !important;border-right-color: #cccccc !important;border-right-style: solid !important;border-top-color: #cccccc !important;border-top-style: solid !important;border-bottom-color: #cccccc !important;border-bottom-style: solid !important;border-radius: 3px !important;}&#8221;][vc_column_inner][vc_column_text]<strong>Avvio rapido<\/strong>[\/vc_column_text][vc_empty_space][vc_single_image image=&#8221;28736&#8243; img_size=&#8221;large&#8221; alignment=&#8221;center&#8221;][vc_empty_space][\/vc_column_inner][\/vc_row_inner][\/vc_column][\/vc_row][vc_row bg_type=&#8221;bg_color&#8221; bg_override=&#8221;full&#8221; css=&#8221;.vc_custom_1684854122986{padding-top: 60px !important;padding-bottom: 60px !important;}&#8221; bg_color_value=&#8221;#e7e6e5&#8243;][vc_column][vc_column_text]<\/p>\n<h2>Supporto aggiuntivo<\/h2>\n<p>[\/vc_column_text][vc_empty_space][vc_column_text]In caso di domande o commenti, si prega di <a href=\"https:\/\/spyder-support.datacolor.com\/hc\/en-us\/requests\/new\" target=\"_blank\" rel=\"noopener\">contattateci<\/a>.<\/p>\n<p>Per ulteriore supporto e risorse, incluse le nostre FAQ, consultare la nostra <a href=\"https:\/\/spyder-support.datacolor.com\/hc\/en-us\" target=\"_blank\" rel=\"noopener\">Conoscenza di base<\/a>.[\/vc_column_text][vc_empty_space][\/vc_column][\/vc_row]<\/p>\n<\/div>","protected":false},"excerpt":{"rendered":"<p>[vc_row css=&#8221;.vc_custom_1684849056130{padding-bottom: 60px !important;}&#8221;][vc_column width=&#8221;1\/2&#8243;][vc_column_text] Congratulazioni per il vostro nuovo Spyder X2 Print Studio! [\/vc_column_text][vc_empty_space][vc_column_text]Spyder X2 Print Studio \u00e8 un modo comodo ed economico per realizzare la vostra visione fotografica. Da questa pagina \u00e8 possibile scaricare il software di Spyder X2 Print Studio, insieme a una Guida rapida e a una Guida all&#8217;uso pi\u00f9 completa &hellip;<\/p>\n","protected":false},"author":3,"featured_media":0,"parent":0,"menu_order":0,"comment_status":"closed","ping_status":"closed","template":"","meta":{"_acf_changed":false,"footnotes":""},"class_list":["post-36373","page","type-page","status-publish","hentry"],"acf":[],"_links":{"self":[{"href":"https:\/\/www.datacolor.com\/spyder\/it\/wp-json\/wp\/v2\/pages\/36373","targetHints":{"allow":["GET"]}}],"collection":[{"href":"https:\/\/www.datacolor.com\/spyder\/it\/wp-json\/wp\/v2\/pages"}],"about":[{"href":"https:\/\/www.datacolor.com\/spyder\/it\/wp-json\/wp\/v2\/types\/page"}],"author":[{"embeddable":true,"href":"https:\/\/www.datacolor.com\/spyder\/it\/wp-json\/wp\/v2\/users\/3"}],"replies":[{"embeddable":true,"href":"https:\/\/www.datacolor.com\/spyder\/it\/wp-json\/wp\/v2\/comments?post=36373"}],"version-history":[{"count":0,"href":"https:\/\/www.datacolor.com\/spyder\/it\/wp-json\/wp\/v2\/pages\/36373\/revisions"}],"wp:attachment":[{"href":"https:\/\/www.datacolor.com\/spyder\/it\/wp-json\/wp\/v2\/media?parent=36373"}],"curies":[{"name":"wp","href":"https:\/\/api.w.org\/{rel}","templated":true}]}}