{"id":42614,"date":"2024-05-06T07:49:54","date_gmt":"2024-05-06T07:49:54","guid":{"rendered":"https:\/\/dev2024.spyder.datacolor.eu\/spyder\/prodotti\/spyder-checkr-card-sets\/"},"modified":"2024-05-07T14:03:17","modified_gmt":"2024-05-07T14:03:17","slug":"spyder-checkr-card-sets","status":"publish","type":"page","link":"https:\/\/www.datacolor.com\/spyder\/it\/prodotti\/spyder-checkr-card-sets\/","title":{"rendered":"Set di carte Spyder Checkr"},"content":{"rendered":"<div class=\"wpb-content-wrapper\"><p>[vc_row][vc_column width=&#8221;3\/5&#8243;][vc_empty_space][vc_gallery interval=&#8221;3&#8243; images=&#8221;42351&#8243; img_size=&#8221;750&#215;500&#8243; el_class=&#8221;product_images&#8221;][vc_empty_space][\/vc_column][vc_column width=&#8221;2\/5&#8243;][vc_column_text]<\/p>\n<h1 class=\"mainheader\">Set di carte Spyder Checkr<\/h1>\n<h2 class=\"subheader\">Sfruttate la versatilit\u00e0 di Spyder Checkr Photo o Spyder Checkr Video ampliando la vostra selezione di carte obiettivo con uno di questi set di carte Spyder Checkr. Acquistate il set di schede Video se possedete gi\u00e0 uno Spyder Checkr Photo, o il set di schede Photo se possedete gi\u00e0 uno Spyder Checkr Video, per assicurarvi che tutti i vostri flussi di lavoro siano ottimizzati e precisi.<\/h2>\n<p>[\/vc_column_text][vc_empty_space][\/vc_column][\/vc_row][vc_row][vc_column][vc_empty_space][\/vc_column][\/vc_row][vc_row][vc_column width=&#8221;1\/2&#8243;][vc_single_image image=&#8221;42475&#8243; img_size=&#8221;full&#8221;][vc_empty_space][vc_column_text el_class=&#8221;product-text-container&#8221;]<\/p>\n<h2>Set di carte Spyder Checkr Video<\/h2>\n<p>Per i possessori di Spyder Checkr Photo, aggiungete questo set di schede video Spyder Checkr per personalizzare senza problemi i vostri obiettivi Checkr per soddisfare il vostro flusso di lavoro specifico. Il set di schede video comprende:<\/p>\n<ul>\n<li>5 schede video intercambiabili ad alta lucentezza, tra cui una scheda Color Pattern in attesa di brevetto, progettata per sfruttare il modo in cui il video viene elaborato per ottenere una precisione cromatica pi\u00f9 accurata e ricca di sfumature. Questa scheda presenta 12 patch di colore in una configurazione unica con una patch di colore nero, grigio e bianco al centro, oltre a 6 piastrelle di tonalit\u00e0 della pelle.<\/li>\n<li>Una scheda con scala di grigi a gradiente che include (2) barre di scala di grigi a 11 livelli, pi\u00f9 3 barre solide di bianco, nero e grigio al 50%, per catturare ogni dettaglio.<\/li>\n<li>Una scheda patch colore dal design standard (utile per lavori fotografici ibridi) che comprende 12 patch colore, 6 patch tonalit\u00e0 della pelle e una barra di nero, bianco e grigio al 50%.<\/li>\n<li>Una scheda di colore grigio neutro per il bilanciamento del bianco.<\/li>\n<li>Una scheda per la messa a fuoco a stella.<\/li>\n<\/ul>\n<p>[\/vc_column_text][vc_empty_space][vc_column_text]<div id=\"dci-getprice-container\">\n  <div id=\"dci-getprice-request\" data-sku=\"SCV3FRC\" data-language=\"it\" data-promotext=\"Sale:\">Requesting price...<\/div>\n<\/div> \n[\/vc_column_text][vc_empty_space]\r\n\t\t\t<div class=\"nm_btn_align_left\">\r\n\t\t\t\t<a href=\"https:\/\/goto.datacolor.com\/webshop\/buynow\/scv3-frc\" class=\"nm_btn nm_btn_md nm_btn_filled\" title=\"Set di carte Spyder Checkr Video\">\r\n\t\t\t\t\t<span class=\"nm_btn_title\">Aggiungi al carrello<\/span>\r\n\t\t\t\t\t<span class=\"nm_btn_bg\" style=\"background-color:#dd3333;\"><\/span>\r\n\t\t\t\t<\/a>\r\n\t\t\t<\/div>[\/vc_column][vc_column width=&#8221;1\/2&#8243;][vc_single_image image=&#8221;42485&#8243; img_size=&#8221;full&#8221;][vc_empty_space][vc_column_text el_class=&#8221;product-text-container&#8221;]<\/p>\n<h2>Set di carte Spyder Checkr Photo<\/h2>\n<p>Per i possessori di Spyder Checkr Video, aggiungete questo set di schede fotografiche Spyder Checkr per personalizzare senza problemi i vostri obiettivi Checkr per soddisfare il vostro flusso di lavoro specifico. Set di carte Spyder Checkr Photo:<\/p>\n<ul>\n<li>4 schede di riferimento ultra-opache con un&#8217;ampia raccolta di 62 macchie di colore e di grigio. In dettaglio: 30 toni di colore + 6 toni di pelle; 12 livelli di grigio; una scheda dei grigi e una scheda di bilanciamento del bianco, ciascuna con un cuneo di grigio aggiuntivo.<\/li>\n<li>Le schede intercambiabili sono ottimizzate nella loro composizione per le aree pi\u00f9 diverse della fotografia: toni della pelle estesi per i ritratti; schede grandi per un semplice bilanciamento del bianco\/grigio; scala dei grigi a 12 livelli per un&#8217;esposizione perfetta, una regolazione pi\u00f9 fine dei dettagli e un rapido controllo della gamma dinamica.<\/li>\n<li>Le schede ultra opache offrono i colori pi\u00f9 ricchi e i neri pi\u00f9 profondi, garantendo una corrispondenza cromatica accurata e fedele in tutte le condizioni di illuminazione grazie alla loro bassa riflessione.<\/li>\n<li>Include la licenza per l&#8217;utilizzo del software Spyder Checkr<\/li>\n<\/ul>\n<p>[\/vc_column_text][vc_empty_space][vc_column_text]<div id=\"dci-getprice-container\">\n  <div id=\"dci-getprice-request\" data-sku=\"SCK3FRC\" data-language=\"it\" data-promotext=\"Sale:\">Requesting price...<\/div>\n<\/div> \n[\/vc_column_text][vc_empty_space]\r\n\t\t\t<div class=\"nm_btn_align_left\">\r\n\t\t\t\t<a href=\"https:\/\/goto.datacolor.com\/webshop\/buynow\/sck3-frc\" class=\"nm_btn nm_btn_md nm_btn_filled\" title=\"Set di carte Spyder Checkr Photo\">\r\n\t\t\t\t\t<span class=\"nm_btn_title\">Aggiungi al carrello<\/span>\r\n\t\t\t\t\t<span class=\"nm_btn_bg\" style=\"background-color:#dd3333;\"><\/span>\r\n\t\t\t\t<\/a>\r\n\t\t\t<\/div>[\/vc_column][\/vc_row][vc_row][vc_column][vc_empty_space height=&#8221;64&#8243;][vc_separator][vc_empty_space height=&#8221;64&#8243;][vc_column_text]<\/p>\n<h3>Schede sostitutive singole per Spyder Checkr Photo e Spyder Checkr Video<\/h3>\n<p>Avete perso una scheda o l&#8217;avete danneggiata? Contattate il <a href=\"https:\/\/spyder-support.datacolor.com\/\" target=\"_blank\" rel=\"noopener\"><u>nostro team di assistenza<\/u><\/a> che potr\u00e0 assistervi nell&#8217;acquisto di singole schede.[\/vc_column_text][vc_empty_space height=&#8221;32&#8243;][\/vc_column][\/vc_row][vc_row disable_element=&#8221;yes&#8221;][vc_column][vc_empty_space height=&#8221;64&#8243;][vc_separator][vc_empty_space height=&#8221;64&#8243;][vc_column_text]<\/p>\n<h3>Schede singole &#8211; per Spyder Checkr Video<\/h3>\n<p>[\/vc_column_text][vc_empty_space height=&#8221;32&#8243;][\/vc_column][\/vc_row][vc_row disable_element=&#8221;yes&#8221;][vc_column width=&#8221;1\/3&#8243;][vc_single_image][vc_empty_space][vc_column_text el_class=&#8221;product-text-container&#8221;]<\/p>\n<h4>Scheda video a colori<\/h4>\n<p>La scheda dei modelli di colore utilizza il nostro nuovo design in attesa di brevetto per rendere pi\u00f9 comprensibile la correzione del colore con i vettorscopi. La scheda colore \u00e8 sviluppata per lo spazio colore Rec.709.[\/vc_column_text][vc_empty_space][vc_column_text]<div id=\"dci-getprice-container\">\n  <div id=\"dci-getprice-request\" data-sku=\"STP100\" data-language=\"it\" data-promotext=\"Sale:\">Requesting price...<\/div>\n<\/div> \n[\/vc_column_text][vc_empty_space]\r\n\t\t\t<div class=\"nm_btn_align_left\">\r\n\t\t\t\t<a href=\"https:\/\/goto.datacolor.com\/webshop\/buynow\/slc100\" class=\"nm_btn nm_btn_md nm_btn_filled\" title=\"Acquista Spyder LensCal\">\r\n\t\t\t\t\t<span class=\"nm_btn_title\">Aggiungi al carrello<\/span>\r\n\t\t\t\t\t<span class=\"nm_btn_bg\" style=\"background-color:#dd3333;\"><\/span>\r\n\t\t\t\t<\/a>\r\n\t\t\t<\/div>[\/vc_column][vc_column width=&#8221;1\/3&#8243;][vc_single_image][vc_empty_space][vc_column_text el_class=&#8221;product-text-container&#8221;]<\/p>\n<h4>Scheda patch colore video<\/h4>\n<p>Include gli stessi colori della Color Pattern Card, offrendo agli utenti un&#8217;altra opzione per il flusso di lavoro. La scheda colore \u00e8 sviluppata per lo spazio colore Rec.709.[\/vc_column_text][vc_empty_space][vc_column_text]<div id=\"dci-getprice-container\">\n  <div id=\"dci-getprice-request\" data-sku=\"STP100\" data-language=\"it\" data-promotext=\"Sale:\">Requesting price...<\/div>\n<\/div> \n[\/vc_column_text][vc_empty_space]\r\n\t\t\t<div class=\"nm_btn_align_left\">\r\n\t\t\t\t<a href=\"https:\/\/goto.datacolor.com\/webshop\/buynow\/slc100\" class=\"nm_btn nm_btn_md nm_btn_filled\" title=\"Acquista Spyder LensCal\">\r\n\t\t\t\t\t<span class=\"nm_btn_title\">Aggiungi al carrello<\/span>\r\n\t\t\t\t\t<span class=\"nm_btn_bg\" style=\"background-color:#dd3333;\"><\/span>\r\n\t\t\t\t<\/a>\r\n\t\t\t<\/div>[\/vc_column][vc_column width=&#8221;1\/3&#8243;][vc_single_image][vc_empty_space][vc_column_text el_class=&#8221;product-text-container&#8221;]<\/p>\n<h4>Carta di credito grigia<\/h4>\n<p>Cartoncino grigio solido e neutro per il bilanciamento del bianco.[\/vc_column_text][vc_empty_space][vc_column_text]<div id=\"dci-getprice-container\">\n  <div id=\"dci-getprice-request\" data-sku=\"STP100\" data-language=\"it\" data-promotext=\"Sale:\">Requesting price...<\/div>\n<\/div> \n[\/vc_column_text][vc_empty_space]\r\n\t\t\t<div class=\"nm_btn_align_left\">\r\n\t\t\t\t<a href=\"https:\/\/goto.datacolor.com\/webshop\/buynow\/slc100\" class=\"nm_btn nm_btn_md nm_btn_filled\" title=\"Acquista Spyder LensCal\">\r\n\t\t\t\t\t<span class=\"nm_btn_title\">Aggiungi al carrello<\/span>\r\n\t\t\t\t\t<span class=\"nm_btn_bg\" style=\"background-color:#dd3333;\"><\/span>\r\n\t\t\t\t<\/a>\r\n\t\t\t<\/div>[\/vc_column][\/vc_row][vc_row disable_element=&#8221;yes&#8221;][vc_column][vc_empty_space height=&#8221;64&#8243;][\/vc_column][\/vc_row][vc_row disable_element=&#8221;yes&#8221;][vc_column width=&#8221;1\/3&#8243;][vc_single_image][vc_empty_space][vc_column_text el_class=&#8221;product-text-container&#8221;]<\/p>\n<h4>Scheda Video GrayScale<\/h4>\n<p>Questa scheda \u00e8 stata progettata per fornire punti di riferimento precisi per i livelli di esposizione e contrasto. Contiene due barre in scala di grigi a 11 livelli, Bianco lucido, Grigio al 50% e Nero.<\/p>\n<p>[\/vc_column_text][vc_empty_space][vc_column_text]<div id=\"dci-getprice-container\">\n  <div id=\"dci-getprice-request\" data-sku=\"STP100\" data-language=\"it\" data-promotext=\"Sale:\">Requesting price...<\/div>\n<\/div> \n[\/vc_column_text][vc_empty_space]\r\n\t\t\t<div class=\"nm_btn_align_left\">\r\n\t\t\t\t<a href=\"https:\/\/goto.datacolor.com\/webshop\/buynow\/slc100\" class=\"nm_btn nm_btn_md nm_btn_filled\" title=\"Acquista Spyder LensCal\">\r\n\t\t\t\t\t<span class=\"nm_btn_title\">Aggiungi al carrello<\/span>\r\n\t\t\t\t\t<span class=\"nm_btn_bg\" style=\"background-color:#dd3333;\"><\/span>\r\n\t\t\t\t<\/a>\r\n\t\t\t<\/div>[\/vc_column][vc_column width=&#8221;1\/3&#8243;][vc_single_image][vc_empty_space][vc_column_text el_class=&#8221;product-text-container&#8221;]<\/p>\n<h4>Focus Star<\/h4>\n<p>Per una regolazione precisa del punto di messa a fuoco[\/vc_column_text][vc_empty_space][vc_column_text]<div id=\"dci-getprice-container\">\n  <div id=\"dci-getprice-request\" data-sku=\"STP100\" data-language=\"it\" data-promotext=\"Sale:\">Requesting price...<\/div>\n<\/div> \n[\/vc_column_text][vc_empty_space]\r\n\t\t\t<div class=\"nm_btn_align_left\">\r\n\t\t\t\t<a href=\"https:\/\/goto.datacolor.com\/webshop\/buynow\/slc100\" class=\"nm_btn nm_btn_md nm_btn_filled\" title=\"Acquista Spyder LensCal\">\r\n\t\t\t\t\t<span class=\"nm_btn_title\">Aggiungi al carrello<\/span>\r\n\t\t\t\t\t<span class=\"nm_btn_bg\" style=\"background-color:#dd3333;\"><\/span>\r\n\t\t\t\t<\/a>\r\n\t\t\t<\/div>[\/vc_column][vc_column width=&#8221;1\/3&#8243;][\/vc_column][\/vc_row][vc_row disable_element=&#8221;yes&#8221;][vc_column][vc_empty_space height=&#8221;64&#8243;][vc_separator][vc_empty_space height=&#8221;64&#8243;][vc_column_text]<\/p>\n<h3>Schede singole &#8211; per Spyder Checkr Photo<\/h3>\n<p>[\/vc_column_text][vc_empty_space height=&#8221;32&#8243;][\/vc_column][\/vc_row][vc_row disable_element=&#8221;yes&#8221;][vc_column width=&#8221;1\/3&#8243;][vc_single_image][vc_empty_space][vc_column_text el_class=&#8221;product-text-container&#8221;]<\/p>\n<h4>Scheda di bilanciamento del bianco<\/h4>\n<p>Zum Erstellen eines pr\u00e4zisen Wei\u00dfabgleichs und der Belichtungseinstellungen. Zur genauen Definition von Details in den hellen Bereichen des Bildes.<br \/>\n[\/vc_column_text][vc_empty_space][vc_column_text]<div id=\"dci-getprice-container\">\n  <div id=\"dci-getprice-request\" data-sku=\"STP100\" data-language=\"it\" data-promotext=\"Sale:\">Requesting price...<\/div>\n<\/div> \n[\/vc_column_text][vc_empty_space]\r\n\t\t\t<div class=\"nm_btn_align_left\">\r\n\t\t\t\t<a href=\"https:\/\/goto.datacolor.com\/webshop\/buynow\/slc100\" class=\"nm_btn nm_btn_md nm_btn_filled\" title=\"Acquista Spyder LensCal\">\r\n\t\t\t\t\t<span class=\"nm_btn_title\">Aggiungi al carrello<\/span>\r\n\t\t\t\t\t<span class=\"nm_btn_bg\" style=\"background-color:#dd3333;\"><\/span>\r\n\t\t\t\t<\/a>\r\n\t\t\t<\/div>[\/vc_column][vc_column width=&#8221;1\/3&#8243;][vc_single_image][vc_empty_space][vc_column_text el_class=&#8221;product-text-container&#8221;]<\/p>\n<h4>Carta Equilibrio Grigia<\/h4>\n<p>Graukarte zur Definition des Wei\u00dfabgleichs sowie f\u00fcr die Einstellung der Belichtung und des Wei\u00dfabgleichs in der Kamera. [\/vc_column_text][vc_empty_space][vc_column_text]<div id=\"dci-getprice-container\">\n  <div id=\"dci-getprice-request\" data-sku=\"STP100\" data-language=\"it\" data-promotext=\"Sale:\">Requesting price...<\/div>\n<\/div> \n[\/vc_column_text][vc_empty_space]\r\n\t\t\t<div class=\"nm_btn_align_left\">\r\n\t\t\t\t<a href=\"https:\/\/goto.datacolor.com\/webshop\/buynow\/slc100\" class=\"nm_btn nm_btn_md nm_btn_filled\" title=\"Acquista Spyder LensCal\">\r\n\t\t\t\t\t<span class=\"nm_btn_title\">Aggiungi al carrello<\/span>\r\n\t\t\t\t\t<span class=\"nm_btn_bg\" style=\"background-color:#dd3333;\"><\/span>\r\n\t\t\t\t<\/a>\r\n\t\t\t<\/div>[\/vc_column][vc_column width=&#8221;1\/3&#8243;][vc_single_image][vc_empty_space][vc_column_text el_class=&#8221;product-text-container&#8221;]<\/p>\n<h4>Farbkarte 1<\/h4>\n<p>Carta da disegno per la decorazione dei tessuti primari[\/vc_column_text][vc_empty_space][vc_column_text]<div id=\"dci-getprice-container\">\n  <div id=\"dci-getprice-request\" data-sku=\"STP100\" data-language=\"it\" data-promotext=\"Sale:\">Requesting price...<\/div>\n<\/div> \n[\/vc_column_text][vc_empty_space]\r\n\t\t\t<div class=\"nm_btn_align_left\">\r\n\t\t\t\t<a href=\"https:\/\/goto.datacolor.com\/webshop\/buynow\/slc100\" class=\"nm_btn nm_btn_md nm_btn_filled\" title=\"Acquista Spyder LensCal\">\r\n\t\t\t\t\t<span class=\"nm_btn_title\">Aggiungi al carrello<\/span>\r\n\t\t\t\t\t<span class=\"nm_btn_bg\" style=\"background-color:#dd3333;\"><\/span>\r\n\t\t\t\t<\/a>\r\n\t\t\t<\/div>[\/vc_column][\/vc_row][vc_row disable_element=&#8221;yes&#8221;][vc_column][vc_empty_space height=&#8221;64&#8243;][\/vc_column][\/vc_row][vc_row disable_element=&#8221;yes&#8221;][vc_column width=&#8221;1\/3&#8243;][vc_single_image][vc_empty_space][vc_column_text el_class=&#8221;product-text-container&#8221;]<\/p>\n<h4>Farbkarte 2<\/h4>\n<p>Farbkarte per la produzione di colori di alta qualit\u00e0 in Hautt\u00f6nen e Pastellfarben.[\/vc_column_text][vc_empty_space][vc_column_text]<div id=\"dci-getprice-container\">\n  <div id=\"dci-getprice-request\" data-sku=\"STP100\" data-language=\"it\" data-promotext=\"Sale:\">Requesting price...<\/div>\n<\/div> \n[\/vc_column_text][vc_empty_space]\r\n\t\t\t<div class=\"nm_btn_align_left\">\r\n\t\t\t\t<a href=\"https:\/\/goto.datacolor.com\/webshop\/buynow\/slc100\" class=\"nm_btn nm_btn_md nm_btn_filled\" title=\"Acquista Spyder LensCal\">\r\n\t\t\t\t\t<span class=\"nm_btn_title\">Aggiungi al carrello<\/span>\r\n\t\t\t\t\t<span class=\"nm_btn_bg\" style=\"background-color:#dd3333;\"><\/span>\r\n\t\t\t\t<\/a>\r\n\t\t\t<\/div>[\/vc_column][vc_column width=&#8221;1\/3&#8243;][\/vc_column][vc_column width=&#8221;1\/3&#8243;][\/vc_column][\/vc_row][vc_row][vc_column][vc_empty_space height=&#8221;64&#8243;][\/vc_column][\/vc_row][vc_row bg_type=&#8221;bg_color&#8221; bg_override=&#8221;full&#8221; bg_color_value=&#8221;#e7e6e5&#8243; css=&#8221;.vc_custom_1681378159441{margin-top: 30px !important;padding-top: 60px !important;padding-bottom: 60px !important;}&#8221;][vc_column width=&#8221;1\/2&#8243;]\r\n\t\t\t<div class=\"nm_btn_align_center\">\r\n\t\t\t\t<a href=\"\" class=\"nm_btn nm_btn_lg nm_btn_filled\">\r\n\t\t\t\t\t<span class=\"nm_btn_title\">Avete bisogno di ulteriore aiuto?<\/span>\r\n\t\t\t\t\t<span class=\"nm_btn_bg\" style=\"background-color:#000000;\"><\/span>\r\n\t\t\t\t<\/a>\r\n\t\t\t<\/div>[\/vc_column][vc_column width=&#8221;1\/2&#8243;]\r\n\t\t\t<div class=\"nm_btn_align_center\">\r\n\t\t\t\t<a href=\"https:\/\/www.datacolor.com\/spyder\/spyder-monitor-calibrators\/\" class=\"nm_btn nm_btn_lg nm_btn_filled\" title=\"Calibratori per monitor Spyder\">\r\n\t\t\t\t\t<span class=\"nm_btn_title\">Perch\u00e9 calibrare il monitor?<\/span>\r\n\t\t\t\t\t<span class=\"nm_btn_bg\" style=\"background-color:#000000;\"><\/span>\r\n\t\t\t\t<\/a>\r\n\t\t\t<\/div>[\/vc_column][\/vc_row][vc_row css=&#8221;.vc_custom_1679491516376{padding-top: 30px !important;padding-bottom: 30px !important;}&#8221;][vc_column][vc_column_text]<\/p>\n<h2 style=\"border-bottom: solid 1px #ccc; padding-bottom: 5px; margin-bottom: 30px;\">Ti potrebbe interessare anche<\/h2>\n<p>[\/vc_column_text][vc_empty_space]<div id=\"ult-carousel-385446040369d51a6e35cf2\" class=\"ult-carousel-wrapper   ult_horizontal\" data-gutter=\"15\" data-rtl=\"false\" ><div class=\"ult-carousel-93089166469d51a6e35cbf \" >[vc_row_inner][vc_column_inner][vc_column_text]<div class=\"ult-item-wrap\" data-animation=\"animated no-animation\"><\/div>[\/vc_column_text][\/vc_column_inner][\/vc_row_inner][vc_row_inner][vc_column_inner][vc_column_text]<div class=\"ult-item-wrap\" data-animation=\"animated no-animation\"><div class=\"vc_single_image-wrapper vc_box_border_grey\"><a href=\"https:\/\/www.datacolor.com\/spyder\/it\/prodotti\/spyder-checkr-photo\/\"><img decoding=\"async\" class=\"vc_single_image-img \" src=\"https:\/\/www.datacolor.com\/spyder\/wp-content\/uploads\/2022\/08\/SpyderCheckrPhoto-Product-Image-750x500-1-400x300.jpg\" width=\"400\"><\/a><\/div><a href=\"https:\/\/www.datacolor.com\/spyder\/it\/prodotti\/spyder-checkr-photo\/\"><div class=\"wpb_wrapper\"><p><strong>Spyder Checkr Photo<\/strong><br><\/p><\/div><\/a><\/div>[\/vc_column_text][\/vc_column_inner][\/vc_row_inner][vc_row_inner][vc_column_inner][vc_column_text]<div class=\"ult-item-wrap\" data-animation=\"animated no-animation\"><div class=\"vc_single_image-wrapper vc_box_border_grey\"><a href=\"\/spyder\/products\/\"><img decoding=\"async\" class=\"vc_single_image-img \" src=\"https:\/\/www.datacolor.com\/spyder\/wp-content\/uploads\/2022\/12\/Datacolor-Spyder-Cube_750x500-400x300.jpg\" width=\"400\"><\/a><\/div><a href=\"\/spyder\/products\/\"><div class=\"wpb_wrapper\"><p><strong>Spyder Cube<\/strong><br><\/p><\/div><\/a><\/div>[\/vc_column_text][\/vc_column_inner][\/vc_row_inner][vc_row_inner][vc_column_inner][vc_column_text]<div class=\"ult-item-wrap\" data-animation=\"animated no-animation\"><div class=\"vc_single_image-wrapper vc_box_border_grey\"><a href=\"\/spyder\/products\/\"><img decoding=\"async\" class=\"vc_single_image-img \" src=\"https:\/\/www.datacolor.com\/spyder\/wp-content\/uploads\/2022\/12\/Datacolor-Spyder-Lenscal_750x500.jpg\" width=\"1\"><\/a><\/div><a href=\"\/spyder\/products\/\"><div class=\"wpb_wrapper\"><p><strong>Spyder LensCal<\/strong><br><\/p><\/div><\/a><\/div>[\/vc_column_text][\/vc_column_inner][\/vc_row_inner][vc_row_inner][vc_column_inner][vc_column_text]<div class=\"ult-item-wrap\" data-animation=\"animated no-animation\"><div class=\"vc_single_image-wrapper vc_box_border_grey\"><a href=\"https:\/\/www.datacolor.com\/colorreader\/products\/colorreader\/\"><img decoding=\"async\" class=\"vc_single_image-img \" src=\"https:\/\/www.datacolor.com\/spyder\/wp-content\/uploads\/2023\/04\/Colorreader-Phone_750x500.jpg\" width=\"1\"><\/a><\/div><a href=\"https:\/\/www.datacolor.com\/colorreader\/products\/colorreader\/\"><div class=\"wpb_wrapper\"><p><strong>ColorReader<\/strong><br><\/p><\/div><\/a><\/div>[\/vc_column_text][\/vc_column_inner][\/vc_row_inner]<\/div><\/div>\t\t\t<script type=\"text\/javascript\">\n\t\t\t\tjQuery(document).ready(function ($) {\n\t\t\t\t\tif( typeof jQuery('.ult-carousel-93089166469d51a6e35cbf').slick == \"function\"){\n\t\t\t\t\t\t$('.ult-carousel-93089166469d51a6e35cbf').slick({dots: true,autoplaySpeed: \"5000\",speed: \"300\",infinite: true,arrows: true,nextArrow: '<button type=\"button\" role=\"button\" aria-label=\"Next\" style=\"color:#333333; font-size:20px;\" class=\"slick-next default\"><i class=\"ultsl-arrow-right4\"><\/i><\/button>',prevArrow: '<button type=\"button\" role=\"button\" aria-label=\"Previous\" style=\"color:#333333; font-size:20px;\" class=\"slick-prev default\"><i class=\"ultsl-arrow-left4\"><\/i><\/button>',slidesToScroll:5,slidesToShow:5,swipe: true,draggable: true,touchMove: true,pauseOnHover: true,pauseOnFocus: false,responsive: [\n\t\t\t\t\t\t\t{\n\t\t\t\t\t\t\t  breakpoint: 1026,\n\t\t\t\t\t\t\t  settings: {\n\t\t\t\t\t\t\t\tslidesToShow: 5,\n\t\t\t\t\t\t\t\tslidesToScroll: 5,  \n\t\t\t\t\t\t\t  }\n\t\t\t\t\t\t\t},\n\t\t\t\t\t\t\t{\n\t\t\t\t\t\t\t  breakpoint: 1025,\n\t\t\t\t\t\t\t  settings: {\n\t\t\t\t\t\t\t\tslidesToShow: 3,\n\t\t\t\t\t\t\t\tslidesToScroll: 3\n\t\t\t\t\t\t\t  }\n\t\t\t\t\t\t\t},\n\t\t\t\t\t\t\t{\n\t\t\t\t\t\t\t  breakpoint: 760,\n\t\t\t\t\t\t\t  settings: {\n\t\t\t\t\t\t\t\tslidesToShow: 2,\n\t\t\t\t\t\t\t\tslidesToScroll: 2\n\t\t\t\t\t\t\t  }\n\t\t\t\t\t\t\t}\n\t\t\t\t\t\t],pauseOnDotsHover: true,customPaging: function(slider, i) {\n                   return '<i type=\"button\" style= \"color:#333333;\" class=\"ultsl-record\" data-role=\"none\"><\/i>';\n                },});\n\t\t\t\t\t}\n\t\t\t\t});\n\t\t\t<\/script>\n\t\t\t[\/vc_column][\/vc_row][vc_row][vc_column][vc_raw_html]W2RjaS1zcHlkZXJhd2FyZHMgY2F0ZWdvcnk9ImRpc3BsYXktY2FsaWJyYXRpb24teDIiIC9d[\/vc_raw_html][\/vc_column][\/vc_row]<\/p>\n<\/div>","protected":false},"excerpt":{"rendered":"<p>[vc_row][vc_column width=&#8221;3\/5&#8243;][vc_empty_space][vc_gallery interval=&#8221;3&#8243; images=&#8221;42351&#8243; img_size=&#8221;750&#215;500&#8243; el_class=&#8221;product_images&#8221;][vc_empty_space][\/vc_column][vc_column width=&#8221;2\/5&#8243;][vc_column_text] Set di carte Spyder Checkr Sfruttate la versatilit\u00e0 di Spyder Checkr Photo o Spyder Checkr Video ampliando la vostra selezione di carte obiettivo con uno di questi set di carte Spyder Checkr. Acquistate il set di schede Video se possedete gi\u00e0 uno Spyder Checkr Photo, o il set &hellip;<\/p>\n","protected":false},"author":2,"featured_media":0,"parent":24739,"menu_order":0,"comment_status":"closed","ping_status":"closed","template":"","meta":{"_acf_changed":false,"footnotes":""},"class_list":["post-42614","page","type-page","status-publish","hentry"],"acf":[],"_links":{"self":[{"href":"https:\/\/www.datacolor.com\/spyder\/it\/wp-json\/wp\/v2\/pages\/42614","targetHints":{"allow":["GET"]}}],"collection":[{"href":"https:\/\/www.datacolor.com\/spyder\/it\/wp-json\/wp\/v2\/pages"}],"about":[{"href":"https:\/\/www.datacolor.com\/spyder\/it\/wp-json\/wp\/v2\/types\/page"}],"author":[{"embeddable":true,"href":"https:\/\/www.datacolor.com\/spyder\/it\/wp-json\/wp\/v2\/users\/2"}],"replies":[{"embeddable":true,"href":"https:\/\/www.datacolor.com\/spyder\/it\/wp-json\/wp\/v2\/comments?post=42614"}],"version-history":[{"count":0,"href":"https:\/\/www.datacolor.com\/spyder\/it\/wp-json\/wp\/v2\/pages\/42614\/revisions"}],"up":[{"embeddable":true,"href":"https:\/\/www.datacolor.com\/spyder\/it\/wp-json\/wp\/v2\/pages\/24739"}],"wp:attachment":[{"href":"https:\/\/www.datacolor.com\/spyder\/it\/wp-json\/wp\/v2\/media?parent=42614"}],"curies":[{"name":"wp","href":"https:\/\/api.w.org\/{rel}","templated":true}]}}