{"id":48321,"date":"2024-09-16T09:15:54","date_gmt":"2024-09-16T09:15:54","guid":{"rendered":"https:\/\/dev2024.spyder.datacolor.eu\/spyder\/welcome-to-spyder-print-studio\/"},"modified":"2024-09-16T09:16:02","modified_gmt":"2024-09-16T09:16:02","slug":"welcome-to-spyder-print-studio","status":"publish","type":"page","link":"https:\/\/www.datacolor.com\/spyder\/it\/welcome-to-spyder-print-studio\/","title":{"rendered":"Welcome to Spyder Print Studio"},"content":{"rendered":"<div class=\"wpb-content-wrapper\"><p>[vc_row css=&#8221;.vc_custom_1682339726830{padding-top: 60px !important;padding-bottom: 60px !important;}&#8221;][vc_column width=&#8221;2\/5&#8243;][vc_column_text css=&#8221;&#8221;]<\/p>\n<h1 class=\"mainheader\">Benvenuti a Color Mastery!<\/h1>\n<p>[\/vc_column_text][vc_empty_space][vc_column_text css=&#8221;&#8221;]Datacolor Spyder Print Studio \u00e8 la soluzione essenziale per il flusso di lavoro fotografico all-in-one per un controllo di precisione dall&#8217;acquisizione, all&#8217;editing, alla stampa per un flusso di lavoro completamente gestito dal colore. Questa suite di strumenti a basso costo assicura che le foto vengano acquisite con precisione, che i monitor visualizzino colori precisi in qualsiasi condizione di illuminazione e che le stampe siano sempre perfette. [\/vc_column_text][vc_empty_space][\/vc_column][vc_column width=&#8221;3\/5&#8243;][vc_empty_space][vc_single_image image=&#8221;48174&#8243; img_size=&#8221;750&#215;500&#8243;][\/vc_column][\/vc_row][vc_row disable_element=&#8221;yes&#8221; bg_type=&#8221;bg_color&#8221; bg_override=&#8221;full&#8221; bg_color_value=&#8221;#fafafa&#8221; css=&#8221;.vc_custom_1726225295406{padding-top: 30px !important;padding-bottom: 60px !important;}&#8221;][vc_column width=&#8221;1\/2&#8243; css=&#8221;.vc_custom_1725972773631{padding-right: 32px !important;padding-left: 32px !important;}&#8221;][vc_column_text css=&#8221;&#8221;]<\/p>\n<h3 style=\"margin-bottom: 20px;\">Suggerimenti per ottimizzare la calibrazione<\/h3>\n<p> Ecco alcuni consigli utili prima di iniziare a calibrare il monitor: <\/p>\n<ul>\n<li>Riscaldare il monitor per circa 30 minuti prima di iniziare il processo di calibrazione per assicurarsi che abbia raggiunto le prestazioni ottimali per una calibrazione pi\u00f9 accurata.<\/li>\n<li>Assicurarsi che il display non sia illuminato da luce diretta e che le lampade da tavolo siano spente. \u00c8 meglio lavorare in un ambiente scarsamente illuminato, soprattutto per i lavori critici sul colore. <\/li>\n<li>Ripristinare i controlli del monitor alle impostazioni predefinite.<\/li>\n<li>Disattivare le impostazioni della luminosit\u00e0 automatica o della modalit\u00e0 HDR prima di iniziare la calibrazione. Questi sono esempi di funzioni dinamiche che influenzano lo schermo. La calibrazione richiede uno schermo statico per ottenere misurazioni accurate.  <\/li>\n<\/ul>\n<p>[\/vc_column_text][vc_empty_space][\/vc_column][vc_column width=&#8221;1\/2&#8243; css=&#8221;.vc_custom_1725972786678{padding-right: 32px !important;padding-left: 32px !important;}&#8221;][vc_column_text css=&#8221;&#8221;]<\/p>\n<h3 style=\"margin-bottom: 20px;\">Guida rapida<\/h3>\n<ol>\n<li>Scaricare e installare il software<\/li>\n<\/ol>\n<p>[\/vc_column_text][vc_btn title=&#8221;Guarda il video&#8221; style=&#8221;classic&#8221; shape=&#8221;round&#8221; color=&#8221;black&#8221; css=&#8221;.vc_custom_1725540547798{margin-top: 8px !important;margin-left: 16px !important;}&#8221; link=&#8221;url:https%3A%2F%2Fyoutu.be%2FoQNpOso07sM|target:_blank|&#8221;][vc_column_text css=&#8221;&#8221;]<\/p>\n<ol start=\"2\">\n<li>Collegare il dispositivo per avviare il software<\/li>\n<li>Iniziare il processo di attivazione\/registrazione (vedere il numero di serie del software all&#8217;interno della scatola sotto il dispositivo).<\/li>\n<li>Calibrazione (vedere le istruzioni passo-passo riportate di seguito)<\/li>\n<\/ol>\n<p>[\/vc_column_text][vc_btn title=&#8221;Guarda il video&#8221; style=&#8221;classic&#8221; shape=&#8221;round&#8221; color=&#8221;black&#8221; css=&#8221;.vc_custom_1725524559566{margin-top: 8px !important;margin-left: 16px !important;}&#8221; link=&#8221;url:https%3A%2F%2Fyoutu.be%2FsJ-S2TS4R9A|target:_blank|&#8221;][vc_empty_space][\/vc_column][\/vc_row][vc_row css=&#8221;.vc_custom_1682343562567{padding-top: 60px !important;padding-bottom: 60px !important;}&#8221;][vc_column width=&#8221;1\/2&#8243;][vc_column_text css=&#8221;&#8221;]<\/p>\n<h2>Download del software Spyder<\/h2>\n<p> Esaminare la <a href=\"https:\/\/spyderx.datacolor.com\/datacolor-spyder-software-license\/\" target=\"_blank\" rel=\"noopener\">licenza del software Datacolor<\/a> <em>Tutti i prodotti Spyder includono una \u201cSite License\u201d, per un singolo proprietario. Ci\u00f2 consente al proprietario di installare e utilizzare il software su tutti i computer (Mac o Windows), purch\u00e9 siano di propriet\u00e0 del titolare della licenza. Se il proprietario possiede pi\u00f9 computer, pu\u00f2 utilizzare il prodotto Spyder su tutti. \u00c8 vietata l&#8217;attivazione su un computer non di propriet\u00e0 dell&#8217;acquirente o l&#8217;utilizzo come servizio per altri.<\/em>[\/vc_column_text][\/vc_column][vc_column width=&#8221;1\/4&#8243;][vc_empty_space][vc_column_text css=&#8221;&#8221;]<\/p>\n<p style=\"text-align: center;\"><strong>SpyderPro<\/strong><\/p>\n<p>[\/vc_column_text][vc_empty_space][vc_btn title=&#8221;Software per Windows&#8221; style=&#8221;classic&#8221; shape=&#8221;round&#8221; color=&#8221;black&#8221; align=&#8221;center&#8221; css=&#8221;.vc_custom_1725982047112{margin-top: 8px !important;}&#8221; link=&#8221;url:https%3A%2F%2Fgoto.datacolor.com%2Fdownloads%2Fwin%2Fsp2024|target:_blank|&#8221; el_class=&#8221;resourcebutton&#8221;][vc_empty_space height=&#8221;20px&#8221;][vc_btn title=&#8221;Software per macOS&#8221; style=&#8221;classic&#8221; shape=&#8221;round&#8221; color=&#8221;black&#8221; align=&#8221;center&#8221; css=&#8221;.vc_custom_1725553602309{margin-top: 8px !important;}&#8221; link=&#8221;url:https%3A%2F%2Fgoto.datacolor.com%2Fdownloads%2Fmac%2Fsp2024|target:_blank|&#8221; el_class=&#8221;resourcebutton&#8221;][vc_empty_space][\/vc_column][vc_column width=&#8221;1\/4&#8243;][vc_empty_space][vc_column_text css=&#8221;&#8221;]<\/p>\n<p style=\"text-align: center;\"><strong>Spyder Print<\/strong><\/p>\n<p>[\/vc_column_text][vc_empty_space][vc_btn title=&#8221;Software per Windows&#8221; style=&#8221;classic&#8221; shape=&#8221;round&#8221; color=&#8221;black&#8221; align=&#8221;center&#8221; css=&#8221;.vc_custom_1726044894569{margin-top: 8px !important;}&#8221; link=&#8221;url:https%3A%2F%2Fgoto.datacolor.com%2Fdownloads%2Fwin%2Fs5sr100|target:_blank|&#8221; el_class=&#8221;resourcebutton&#8221;][vc_empty_space height=&#8221;20px&#8221;][vc_btn title=&#8221;Software per macOS&#8221; style=&#8221;classic&#8221; shape=&#8221;round&#8221; color=&#8221;black&#8221; align=&#8221;center&#8221; css=&#8221;.vc_custom_1726044904229{margin-top: 8px !important;}&#8221; link=&#8221;url:https%3A%2F%2Fgoto.datacolor.com%2Fdownloads%2Fmac%2Fs5sr100|target:_blank|&#8221; el_class=&#8221;resourcebutton&#8221;][vc_empty_space][\/vc_column][\/vc_row][vc_row disable_element=&#8221;yes&#8221; css=&#8221;.vc_custom_1726045023231{padding-top: 60px !important;padding-bottom: 60px !important;}&#8221;][vc_column][vc_column_text]<\/p>\n<h2>Come calibrare il monitor<\/h2>\n<p>[\/vc_column_text][vc_empty_space][vc_row_inner][vc_column_inner width=&#8221;1\/2&#8243; offset=&#8221;vc_col-md-3&#8243;][vc_single_image image=&#8221;47564&#8243; img_size=&#8221;500&#215;500&#8243; alignment=&#8221;center&#8221;][vc_empty_space][vc_column_text css=&#8221;&#8221;]<strong>1. Collegare il dispositivo Spyder<\/strong><br \/>Spyder \u00e8 dotato di una porta USB-C nativa e di un adattatore USB-A aggiuntivo. Seguire le istruzioni passo-passo visualizzate sullo schermo. Seguire le istruzioni passo-passo visualizzate sullo schermo.[\/vc_column_text][vc_empty_space][\/vc_column_inner][vc_column_inner width=&#8221;1\/2&#8243; offset=&#8221;vc_col-md-3&#8243;][vc_single_image image=&#8221;47683&#8243; img_size=&#8221;500&#215;500&#8243; alignment=&#8221;center&#8221;][vc_empty_space][vc_column_text css=&#8221;&#8221;]<strong>2. Aprire il software Spyder<\/strong><br \/>Il software Spyder vi guider\u00e0 attraverso il processo di calibrazione e impostazione del display in poche schermate. Selezionate la <a href=\"\" target=\"\" rel=\"noopener\">tecnologia del display<\/a> e i controlli disponibili per il vostro schermo per garantire una calibrazione pi\u00f9 accurata. Calibrate il display in base alle esigenze del vostro flusso di lavoro regolando le impostazioni di gamma, punto di bianco e luminosit\u00e0.<br \/>\n[\/vc_column_text][vc_empty_space][\/vc_column_inner][vc_column_inner width=&#8221;1\/2&#8243; offset=&#8221;vc_col-md-3&#8243;][vc_single_image image=&#8221;47694&#8243; img_size=&#8221;500&#215;500&#8243; alignment=&#8221;center&#8221;][vc_empty_space][vc_column_text css=&#8221;&#8221;]<strong>3. Posizionamento corretto di Spyder<\/strong><br \/>Rimuovere il copriobiettivo da Spyder e, quando richiesto, appendere il dispositivo al display. Il copriobiettivo scorre lungo il cavo USB collegato e funge da contrappeso per mantenere il sensore Spyder in posizione sullo schermo. Il dispositivo deve rimanere a filo del monitor grazie al suo peso, senza tenerlo contro lo schermo con la mano.   Se necessario, inclinare leggermente lo schermo all&#8217;indietro per mantenere il dispositivo piatto contro lo schermo.[\/vc_column_text][vc_empty_space][\/vc_column_inner][vc_column_inner width=&#8221;1\/2&#8243; offset=&#8221;vc_col-md-3&#8243;][vc_single_image image=&#8221;47704&#8243; img_size=&#8221;500&#215;500&#8243; alignment=&#8221;center&#8221;][vc_empty_space][vc_column_text css=&#8221;&#8221;]<strong>4. Calibrazione<\/strong><br \/>Prima di iniziare il processo di calibrazione, assicurarsi che tutte le altre applicazioni siano chiuse per evitare possibili interferenze.<br \/>Il software Spyder creer\u00e0 un profilo di visualizzazione personalizzato che il sistema operativo del computer e le applicazioni di gestione del colore utilizzeranno per correggere lo schermo.  \u00c8 sempre possibile tornare alle impostazioni predefinite del monitor semplicemente cancellando il profilo calibrato.<br \/>\n[\/vc_column_text][vc_btn title=&#8221;Guarda il video&#8221; style=&#8221;classic&#8221; shape=&#8221;round&#8221; color=&#8221;black&#8221; css=&#8221;.vc_custom_1725523412484{margin-top: 8px !important;}&#8221; link=&#8221;url:https%3A%2F%2Fyoutu.be%2FsJ-S2TS4R9A|target:_blank|&#8221;][vc_empty_space][\/vc_column_inner][\/vc_row_inner][\/vc_column][\/vc_row][vc_row css=&#8221;.vc_custom_1682345998990{padding-top: 60px !important;padding-bottom: 60px !important;}&#8221;][vc_column][vc_column_text css=&#8221;&#8221;]<\/p>\n<h2>Il vostro viaggio creativo inizia qui<\/h2>\n<p>[\/vc_column_text][vc_empty_space][vc_row_inner][vc_column_inner width=&#8221;2\/3&#8243;][vc_column_text css=&#8221;&#8221;]<\/p>\n<h3>Spyder Cube<\/h3>\n<p> Per un&#8217;incomparabile correzione del bilanciamento del bianco, dell&#8217;esposizione e dei livelli di contrasto per foto e video. Fornisce un riferimento tridimensionale di bianco, nero e grigio neutro con una sfera a specchio che visualizza i riflessi speculari e una trappola nera per un vero punto di riferimento del nero &#8211; caratteristiche che non si trovano in una scheda grigia tradizionale.<br \/>\n[\/vc_column_text][vc_empty_space][vc_btn title=&#8221;Scarica la Guida rapida&#8221; style=&#8221;classic&#8221; shape=&#8221;round&#8221; color=&#8221;black&#8221; align=&#8221;left&#8221; i_icon_fontawesome=&#8221;far fa-file-alt&#8221; css=&#8221;.vc_custom_1726249379130{margin-top: 8px !important;}&#8221; add_icon=&#8221;true&#8221; link=&#8221;url:https%3A%2F%2Fwww.datacolor.com%2Fspyder%2Fwp-content%2Fuploads%2F2023%2F05%2FSpyder-Cube-Quick-Start-Guide.pdf|target:_blank|&#8221; el_class=&#8221;resourcebutton&#8221;][vc_btn title=&#8221;Scarica la Guida dell&apos;utente&#8221; style=&#8221;classic&#8221; shape=&#8221;round&#8221; color=&#8221;black&#8221; align=&#8221;left&#8221; i_icon_fontawesome=&#8221;far fa-file-alt&#8221; css=&#8221;.vc_custom_1726249333326{margin-top: 8px !important;}&#8221; add_icon=&#8221;true&#8221; link=&#8221;url:https%3A%2F%2Fwww.datacolor.com%2Fspyder%2Fwp-content%2Fuploads%2F2023%2F05%2FSpyder-Cube-User-Guide.pdf|target:_blank|&#8221; el_class=&#8221;resourcebutton&#8221;][vc_empty_space][\/vc_column_inner][vc_column_inner width=&#8221;1\/3&#8243;][vc_single_image image=&#8221;48184&#8243; img_size=&#8221;full&#8221;][\/vc_column_inner][\/vc_row_inner][\/vc_column][\/vc_row][vc_row css=&#8221;.vc_custom_1682345998990{padding-top: 60px !important;padding-bottom: 60px !important;}&#8221;][vc_column][vc_row_inner][vc_column_inner width=&#8221;2\/3&#8243;][vc_empty_space][vc_column_text css=&#8221;&#8221;]<\/p>\n<h3>SpyderPro<\/h3>\n<p> Calibra completamente monitor OLED, mini-LED, Apple Liquid Retina XDR e monitor ad alta luminosit\u00e0, oltre a LED Wide e Standard. Include obiettivi video Rec.  709 e Rec. 2020. L&#8217;esclusiva funzione Display Preview\u2122 Beta simula l&#8217;aspetto delle immagini sui pi\u00f9 recenti telefoni e tablet senza dover utilizzare i dispositivi reali per l&#8217;anteprima.[\/vc_column_text][vc_empty_space][vc_btn title=&#8221;Scarica la Guida rapida&#8221; style=&#8221;classic&#8221; shape=&#8221;round&#8221; color=&#8221;black&#8221; align=&#8221;left&#8221; i_icon_fontawesome=&#8221;far fa-file-alt&#8221; css=&#8221;.vc_custom_1726225401790{margin-top: 8px !important;}&#8221; add_icon=&#8221;true&#8221; link=&#8221;url:https%3A%2F%2Fwww.datacolor.com%2Fspyder%2Fwp-content%2Fuploads%2F2024%2F09%2FSpyderPro-Quick-Start-Guide_IT.pdf|target:_blank|&#8221; el_class=&#8221;resourcebutton&#8221;][vc_btn title=&#8221;Scarica la Guida dell&apos;utente&#8221; style=&#8221;classic&#8221; shape=&#8221;round&#8221; color=&#8221;black&#8221; align=&#8221;left&#8221; i_icon_fontawesome=&#8221;far fa-file-alt&#8221; css=&#8221;.vc_custom_1726225417642{margin-top: 8px !important;}&#8221; add_icon=&#8221;true&#8221; link=&#8221;url:https%3A%2F%2Fwww.datacolor.com%2Fspyder%2Fwp-content%2Fuploads%2F2024%2F09%2FSpyder-SpyderPro-User-Guide_IT-Final.pdf|target:_blank|&#8221; el_class=&#8221;resourcebutton&#8221;][vc_btn title=&#8221;Demo di installazione&#8221; style=&#8221;classic&#8221; shape=&#8221;round&#8221; color=&#8221;black&#8221; align=&#8221;left&#8221; i_icon_fontawesome=&#8221;far fa-file-alt&#8221; css=&#8221;.vc_custom_1726225442640{margin-top: 8px !important;}&#8221; add_icon=&#8221;true&#8221; link=&#8221;url:https%3A%2F%2Fyoutu.be%2FoQNpOso07sM|target:_blank|&#8221; el_class=&#8221;resourcebutton&#8221;][vc_btn title=&#8221;Demo di calibrazione&#8221; style=&#8221;classic&#8221; shape=&#8221;round&#8221; color=&#8221;black&#8221; align=&#8221;left&#8221; i_icon_fontawesome=&#8221;far fa-file-alt&#8221; css=&#8221;.vc_custom_1726225467328{margin-top: 8px !important;}&#8221; add_icon=&#8221;true&#8221; link=&#8221;url:https%3A%2F%2Fyoutu.be%2FsJ-S2TS4R9A|target:_blank|&#8221; el_class=&#8221;resourcebutton&#8221;][vc_empty_space][\/vc_column_inner][vc_column_inner width=&#8221;1\/3&#8243;][vc_empty_space][vc_single_image image=&#8221;48194&#8243; img_size=&#8221;full&#8221;][\/vc_column_inner][\/vc_row_inner][\/vc_column][\/vc_row][vc_row css=&#8221;.vc_custom_1682345998990{padding-top: 60px !important;padding-bottom: 60px !important;}&#8221;][vc_column][vc_separator][vc_row_inner][vc_column_inner width=&#8221;2\/3&#8243;][vc_empty_space][vc_column_text css=&#8221;&#8221;]<\/p>\n<h3>Spyder Print<\/h3>\n<p> Profilazione della stampante per qualsiasi combinazione di stampante\/inchiostro\/carta. SpyderProof fornisce una serie di immagini accuratamente selezionate per valutare il profilo personalizzato. Lo strumento di soft-proofing \u00e8 prezioso per valutare il nuovo profilo.[\/vc_column_text][vc_empty_space][vc_btn title=&#8221;Scarica la Guida rapida&#8221; style=&#8221;classic&#8221; shape=&#8221;round&#8221; color=&#8221;black&#8221; align=&#8221;left&#8221; i_icon_fontawesome=&#8221;far fa-file-alt&#8221; css=&#8221;.vc_custom_1726225547397{margin-top: 8px !important;}&#8221; add_icon=&#8221;true&#8221; link=&#8221;url:https%3A%2F%2Fwww.datacolor.com%2Fspyder%2Fwp-content%2Fuploads%2F2023%2F05%2FSpyder-Print-Quick-Start-Guide.pdf|target:_blank|&#8221; el_class=&#8221;resourcebutton&#8221;][vc_btn title=&#8221;Scarica la Guida dell&apos;utente&#8221; style=&#8221;classic&#8221; shape=&#8221;round&#8221; color=&#8221;black&#8221; align=&#8221;left&#8221; i_icon_fontawesome=&#8221;far fa-file-alt&#8221; css=&#8221;.vc_custom_1726225561176{margin-top: 8px !important;}&#8221; add_icon=&#8221;true&#8221; link=&#8221;url:https%3A%2F%2Fwww.datacolor.com%2Fspyder%2Fwp-content%2Fuploads%2F2023%2F05%2FSpyder-Print-User-Guide.pdf|target:_blank|&#8221; el_class=&#8221;resourcebutton&#8221;][vc_empty_space][\/vc_column_inner][vc_column_inner width=&#8221;1\/3&#8243;][vc_empty_space][vc_single_image image=&#8221;48205&#8243; img_size=&#8221;full&#8221;][\/vc_column_inner][\/vc_row_inner][\/vc_column][\/vc_row][vc_row bg_type=&#8221;bg_color&#8221; bg_override=&#8221;full&#8221; css=&#8221;.vc_custom_1725525740289{padding-top: 60px !important;padding-bottom: 60px !important;}&#8221; bg_color_value=&#8221;#fafafa&#8221;][vc_column][vc_column_text css=&#8221;&#8221;]<\/p>\n<h2>Risorse aggiuntive<\/h2>\n<p>[\/vc_column_text][vc_empty_space][vc_row_inner][vc_column_inner width=&#8221;1\/3&#8243;][vc_single_image image=&#8221;47604&#8243; img_size=&#8221;500&#215;500&#8243; onclick=&#8221;custom_link&#8221; img_link_target=&#8221;_blank&#8221;][vc_empty_space][\/vc_column_inner][vc_column_inner width=&#8221;1\/3&#8243;][vc_btn title=&#8221;FAQs&#8221; style=&#8221;classic&#8221; shape=&#8221;round&#8221; color=&#8221;black&#8221; align=&#8221;center&#8221; i_icon_fontawesome=&#8221;far fa-question-circle&#8221; css=&#8221;.vc_custom_1725553204797{margin-top: 8px !important;}&#8221; add_icon=&#8221;true&#8221; link=&#8221;url:https%3A%2F%2Fgoto.datacolor.com%2Flearnaboutspyder24-faq|target:_blank|&#8221; el_class=&#8221;resourcebutton&#8221;][vc_empty_space][\/vc_column_inner][vc_column_inner width=&#8221;1\/3&#8243;][vc_btn title=&#8221;Contattateci&#8221; style=&#8221;classic&#8221; shape=&#8221;round&#8221; color=&#8221;black&#8221; align=&#8221;center&#8221; i_icon_fontawesome=&#8221;fas fa-at&#8221; css=&#8221;.vc_custom_1725553162918{margin-top: 8px !important;}&#8221; add_icon=&#8221;true&#8221; link=&#8221;url:https%3A%2F%2Fspyder-support.datacolor.com%2F|target:_blank|&#8221; el_class=&#8221;resourcebutton&#8221;][vc_empty_space][\/vc_column_inner][\/vc_row_inner][\/vc_column][\/vc_row]<\/p>\n<\/div>","protected":false},"excerpt":{"rendered":"<p>[vc_row css=&#8221;.vc_custom_1682339726830{padding-top: 60px !important;padding-bottom: 60px !important;}&#8221;][vc_column width=&#8221;2\/5&#8243;][vc_column_text css=&#8221;&#8221;] Benvenuti a Color Mastery! [\/vc_column_text][vc_empty_space][vc_column_text css=&#8221;&#8221;]Datacolor Spyder Print Studio \u00e8 la soluzione essenziale per il flusso di lavoro fotografico all-in-one per un controllo di precisione dall&#8217;acquisizione, all&#8217;editing, alla stampa per un flusso di lavoro completamente gestito dal colore. Questa suite di strumenti a basso costo assicura che &hellip;<\/p>\n","protected":false},"author":2,"featured_media":0,"parent":0,"menu_order":0,"comment_status":"closed","ping_status":"closed","template":"","meta":{"_acf_changed":false,"footnotes":""},"class_list":["post-48321","page","type-page","status-publish","hentry"],"acf":[],"_links":{"self":[{"href":"https:\/\/www.datacolor.com\/spyder\/it\/wp-json\/wp\/v2\/pages\/48321","targetHints":{"allow":["GET"]}}],"collection":[{"href":"https:\/\/www.datacolor.com\/spyder\/it\/wp-json\/wp\/v2\/pages"}],"about":[{"href":"https:\/\/www.datacolor.com\/spyder\/it\/wp-json\/wp\/v2\/types\/page"}],"author":[{"embeddable":true,"href":"https:\/\/www.datacolor.com\/spyder\/it\/wp-json\/wp\/v2\/users\/2"}],"replies":[{"embeddable":true,"href":"https:\/\/www.datacolor.com\/spyder\/it\/wp-json\/wp\/v2\/comments?post=48321"}],"version-history":[{"count":0,"href":"https:\/\/www.datacolor.com\/spyder\/it\/wp-json\/wp\/v2\/pages\/48321\/revisions"}],"wp:attachment":[{"href":"https:\/\/www.datacolor.com\/spyder\/it\/wp-json\/wp\/v2\/media?parent=48321"}],"curies":[{"name":"wp","href":"https:\/\/api.w.org\/{rel}","templated":true}]}}