{"id":52250,"date":"2025-02-18T14:54:42","date_gmt":"2025-02-18T14:54:42","guid":{"rendered":"https:\/\/dev2024.spyder.datacolor.eu\/spyder\/welcome-to-lightcolor-meter\/"},"modified":"2025-02-21T11:05:41","modified_gmt":"2025-02-21T11:05:41","slug":"welcome-to-lightcolor-meter","status":"publish","type":"page","link":"https:\/\/www.datacolor.com\/spyder\/it\/welcome-to-lightcolor-meter\/","title":{"rendered":"Welcome to LightColor Meter"},"content":{"rendered":"<div class=\"wpb-content-wrapper\"><p>[vc_row][vc_column][vc_column_text][\/vc_column_text][\/vc_column][\/vc_row][vc_row css=&#8221;.vc_custom_1682339726830{padding-top: 60px !important;padding-bottom: 60px !important;}&#8221;][vc_column width=&#8221;2\/5&#8243;][vc_column_text css=&#8221;&#8221;]<\/p>\n<h1 class=\"mainheader\">L&#8217;esposizione precisa \u00e8 a portata di LightColor Meter!<\/h1>\n<p>[\/vc_column_text][vc_empty_space][vc_column_text css=&#8221;&#8221;]Scarica l&#8217;app per il tuo nuovo Datacolor LightColor Meter, consulta la guida rapida e accedi facilmente al manuale utente e all&#8217;assistenza clienti.[\/vc_column_text][vc_empty_space][\/vc_column][vc_column width=&#8221;3\/5&#8243;][vc_empty_space][vc_single_image image=&#8221;52016&#8243; img_size=&#8221;750&#215;500&#8243;][\/vc_column][\/vc_row][vc_row][vc_column][vc_column_text][\/vc_column_text][\/vc_column][\/vc_row][vc_row bg_type=&#8221;bg_color&#8221; bg_override=&#8221;full&#8221; bg_color_value=&#8221;#fafafa&#8221; css=&#8221;.vc_custom_1725522706270{padding-top: 30px !important;padding-bottom: 60px !important;}&#8221;][vc_column width=&#8221;1\/2&#8243; css=&#8221;.vc_custom_1725972773631{padding-right: 32px !important;padding-left: 32px !important;}&#8221;][vc_column_text css=&#8221;&#8221;]<\/p>\n<h3 style=\"margin-bottom: 20px;\">Caratteristiche principali<\/h3>\n<ul>\n<li>Misura luce, temperatura colore e DUV per una maggiore precisione<\/li>\n<li>Funzionalit\u00e0 wireless per un utilizzo pratico e a mani libere<\/li>\n<li>Misura tutti i tipi di illuminazione, inclusi luce continua e flash\/strobo<\/li>\n<li>Il dispositivo misura pi\u00f9 sorgenti luminose con la cupola sollevata o una singola sorgente luminosa con la cupola abbassata<\/li>\n<li>Include librerie di filtri gel di Profoto<sup>\u00ae<\/sup>, LEE<sup>\u00ae<\/sup> e Rosco<sup>\u00ae<\/sup><\/li>\n<li>Sincronizza senza problemi pi\u00f9 LightColor Meter per aree pi\u00f9 ampie o green screen<\/li>\n<\/ul>\n<p>[\/vc_column_text][vc_empty_space][\/vc_column][vc_column width=&#8221;1\/2&#8243; css=&#8221;.vc_custom_1725972786678{padding-right: 32px !important;padding-left: 32px !important;}&#8221;][vc_column_text css=&#8221;&#8221;]<\/p>\n<h3 style=\"margin-bottom: 20px;\">Guida rapida<\/h3>\n<ol>\n<li>Scarica e installa l&#8217;app<\/li>\n<\/ol>\n<p>[\/vc_column_text][vc_empty_space height=&#8221;16px&#8221;][vc_row_inner][vc_column_inner width=&#8221;1\/2&#8243;][vc_single_image image=&#8221;52027&#8243; img_size=&#8221;medium&#8221; onclick=&#8221;custom_link&#8221; link=&#8221;https:%2F%2Fgoto.datacolor.com%2FgetLCMappiOS|&#8221;][\/vc_column_inner][vc_column_inner width=&#8221;1\/2&#8243;][vc_single_image image=&#8221;52037&#8243; img_size=&#8221;medium&#8221; onclick=&#8221;custom_link&#8221; link=&#8221;https:%2F%2Fgoto.datacolor.com%2FgetLCMappAndroid|&#8221;][\/vc_column_inner][\/vc_row_inner][vc_row_inner][vc_column_inner][vc_empty_space height=&#8221;16px&#8221;][vc_column_text css=&#8221;&#8221;]<\/p>\n<ol start=\"2\">\n<li>Installa le batterie, collega il misuratore, posizionalo e prendi una lettura<\/li>\n<\/ol>\n<p>[\/vc_column_text][vc_btn title=&#8221;Guarda il video&#8221; style=&#8221;classic&#8221; shape=&#8221;round&#8221; color=&#8221;black&#8221; css=&#8221;.vc_custom_1740056047068{margin-top: 8px !important;margin-left: 16px !important;}&#8221; link=&#8221;url:https%3A%2F%2Fwww.youtube.com%2Fwatch%3Fv%3DlyNcy-Q_JJE|target:_blank|&#8221;][vc_column_text css=&#8221;&#8221;]<\/p>\n<ol start=\"3\">\n<li>Visualizza la lettura della luce e della temperatura colore<\/li>\n<li>Regola l&#8217;esposizione e l&#8217;illuminazione della scena<\/li>\n<\/ol>\n<p>[\/vc_column_text][\/vc_column_inner][\/vc_row_inner][\/vc_column][\/vc_row][vc_row css=&#8221;.vc_custom_1682343562567{padding-top: 60px !important;padding-bottom: 60px !important;}&#8221;][vc_column][vc_column_text css=&#8221;&#8221;]<\/p>\n<h2>Consigli<\/h2>\n<p>[\/vc_column_text][vc_empty_space][vc_column_text css=&#8221;&#8221;]<\/p>\n<ul class=\"tiplist\">\n<li>Il LightColor Meter funziona al meglio quando \u00e8 posizionato vicino al soggetto per misurare la luce.<\/li>\n<li>Se stai fotografando una persona, orienta la cupola del misuratore lontano dal viso per misurare correttamente la luce.<\/li>\n<li>Modalit\u00e0 di posizionamento: puoi utilizzare il foro per il laccetto, l&#8217;attacco \u00bc&#8221; 20 per il treppiede, il magnete al neodimio per il fissaggio su superfici metalliche o gli accessori inclusi (clip a coccodrillo\/supporto multifunzione).<\/li>\n<li>La cupola del LightColor Meter ha due posizioni:\n<ul class=\"subbullets\" style=\"margin-top: 16px;\">\n<li>Sollevata: per misurare la luce da un angolo pi\u00f9 ampio o da pi\u00f9 sorgenti luminose.<\/li>\n<li>Premuta verso il basso: per misurare la luce da un angolo pi\u00f9 stretto o da una singola sorgente luminosa.<\/li>\n<\/ul>\n<\/li>\n<\/ul>\n<p>[\/vc_column_text][\/vc_column][\/vc_row][vc_row bg_type=&#8221;bg_color&#8221; bg_override=&#8221;full&#8221; css=&#8221;.vc_custom_1725525740289{padding-top: 60px !important;padding-bottom: 60px !important;}&#8221; bg_color_value=&#8221;#fafafa&#8221;][vc_column][vc_column_text css=&#8221;&#8221;]<\/p>\n<h2>Risorse Aggiuntive<\/h2>\n<p>[\/vc_column_text][vc_empty_space][vc_row_inner][vc_column_inner width=&#8221;1\/3&#8243;][vc_single_image image=&#8221;47604&#8243; img_size=&#8221;500&#215;500&#8243; onclick=&#8221;custom_link&#8221; img_link_target=&#8221;_blank&#8221;][vc_empty_space][\/vc_column_inner][vc_column_inner width=&#8221;1\/3&#8243;][vc_btn title=&#8221;Scarica la Guida Rapida&#8221; style=&#8221;classic&#8221; shape=&#8221;round&#8221; color=&#8221;black&#8221; align=&#8221;center&#8221; i_icon_fontawesome=&#8221;far fa-file-alt&#8221; css=&#8221;.vc_custom_1740135691983{margin-top: 8px !important;}&#8221; add_icon=&#8221;true&#8221; link=&#8221;url:%2Fspyder%2Fwp-content%2Fuploads%2F2025%2F02%2FLightColor-Meter-QSG-IT.pdf|target:_blank|&#8221; el_class=&#8221;resourcebutton&#8221;][vc_btn title=&#8221;Scarica la Guida dell&apos;utente&#8221; style=&#8221;classic&#8221; shape=&#8221;round&#8221; color=&#8221;black&#8221; align=&#8221;center&#8221; i_icon_fontawesome=&#8221;far fa-file-alt&#8221; css=&#8221;.vc_custom_1740135722539{margin-top: 8px !important;}&#8221; add_icon=&#8221;true&#8221; link=&#8221;url:%2Fspyder%2Fwp-content%2Fuploads%2F2025%2F02%2FUserManual-LCM200-Rev-C-FINAL-IT.pdf|target:_blank|&#8221; el_class=&#8221;resourcebutton&#8221;][vc_empty_space][\/vc_column_inner][vc_column_inner width=&#8221;1\/3&#8243;][vc_btn title=&#8221;Come usare la demo&#8221; style=&#8221;classic&#8221; shape=&#8221;round&#8221; color=&#8221;black&#8221; align=&#8221;center&#8221; i_icon_fontawesome=&#8221;far fa-play-circle&#8221; css=&#8221;.vc_custom_1739286681335{margin-top: 8px !important;}&#8221; add_icon=&#8221;true&#8221; link=&#8221;url:https%3A%2F%2Fyoutu.be%2FoQNpOso07sM|target:_blank|&#8221; el_class=&#8221;resourcebutton&#8221;][vc_btn title=&#8221;Contattateci&#8221; style=&#8221;classic&#8221; shape=&#8221;round&#8221; color=&#8221;black&#8221; align=&#8221;center&#8221; i_icon_fontawesome=&#8221;fas fa-at&#8221; css=&#8221;.vc_custom_1725553162918{margin-top: 8px !important;}&#8221; add_icon=&#8221;true&#8221; link=&#8221;url:https%3A%2F%2Fspyder-support.datacolor.com%2F|target:_blank|&#8221; el_class=&#8221;resourcebutton&#8221;][vc_empty_space][\/vc_column_inner][\/vc_row_inner][\/vc_column][\/vc_row][vc_row css=&#8221;.vc_custom_1725544748051{padding-top: 60px !important;padding-bottom: 60px !important;}&#8221;][vc_column][vc_column_text css=&#8221;&#8221;]<\/p>\n<h2>Casi d&#8217;uso<\/h2>\n<p>[\/vc_column_text][vc_empty_space][vc_row_inner][vc_column_inner width=&#8221;1\/2&#8243;][vc_single_image image=&#8221;51709&#8243; img_size=&#8221;800&#215;800&#8243; alignment=&#8221;center&#8221;][vc_empty_space][vc_column_text css=&#8221;&#8221;]<\/p>\n<h4>Applicazioni per la Fotografia<\/h4>\n<p>[\/vc_column_text][vc_empty_space height=&#8221;16px&#8221;][vc_column_text css=&#8221;&#8221;]<\/p>\n<ul>\n<li>Shooting in Studio con Illuminazione Mista<\/li>\n<li>Ritratti all&#8217;Aperto<\/li>\n<li>Fotografia di Eventi con Illuminazione Variabile<\/li>\n<li>Fotografia di Prodotti per una Rappresentazione Cromatica Accurata<\/li>\n<li>Fotografia di Paesaggio<\/li>\n<li>Fotografia di Prodotti con Controllo dei Riflessi<\/li>\n<li>Fotografia di Ritratto con Rim Light<\/li>\n<\/ul>\n<p>[\/vc_column_text][vc_empty_space][\/vc_column_inner][vc_column_inner width=&#8221;1\/2&#8243;][vc_single_image image=&#8221;51699&#8243; img_size=&#8221;800&#215;800&#8243; alignment=&#8221;center&#8221;][vc_empty_space][vc_column_text css=&#8221;&#8221;]<\/p>\n<h4>Applicazioni per il Video<\/h4>\n<p>[\/vc_column_text][vc_empty_space height=&#8221;16px&#8221;][vc_column_text css=&#8221;&#8221;]<\/p>\n<ul>\n<li>Riprese in Condizioni di Illuminazione Mista<\/li>\n<li>Impostazioni per Interviste<\/li>\n<li>Illuminazione Drammatica per il Cinema Narrativo<\/li>\n<li>Videografia di Eventi<\/li>\n<li>Chroma Keying per Green Screen<\/li>\n<li>Illuminazione Cinematica per Interviste<\/li>\n<li>Documentari \u201cRun-and-Gun\u201d<\/li>\n<li>Documentari in Condizioni di Illuminazione Variabile<\/li>\n<\/ul>\n<p>[\/vc_column_text][vc_empty_space height=&#8221;16px&#8221;][\/vc_column_inner][\/vc_row_inner][\/vc_column][\/vc_row][vc_row disable_element=&#8221;yes&#8221; css=&#8221;.vc_custom_1739291943136{padding-top: 60px !important;padding-bottom: 60px !important;}&#8221;][vc_column][vc_column_text css=&#8221;&#8221;]<\/p>\n<h2>Casi d&#8217;uso<\/h2>\n<p>[\/vc_column_text][vc_empty_space][vc_row_inner][vc_column_inner width=&#8221;1\/2&#8243;][vc_single_image image=&#8221;51709&#8243; img_size=&#8221;800&#215;800&#8243; alignment=&#8221;center&#8221;][vc_empty_space][vc_column_text css=&#8221;&#8221;]<strong>Shooting in Studio con Illuminazione Mista<\/strong><br \/>Misura simultaneamente flash\/strobo, luce continua e sorgenti luminose variabili (LED, tungsteno, ecc.), garantendo un bilanciamento armonioso della luce e una rappresentazione cromatica accurata.[\/vc_column_text][vc_column_text css=&#8221;&#8221;]<strong>Ritratti all&#8217;Aperto<\/strong><br \/>Assicura toni della pelle naturali e un&#8217;esposizione bilanciata, anche con luce variabile all&#8217;aperto. Lascia il dispositivo in posizione per un monitoraggio continuo della luce e della temperatura colore mentre cambia.[\/vc_column_text][vc_column_text css=&#8221;&#8221;]<strong>Fotografia di Eventi con Illuminazione Variabile<\/strong><br \/>Ottieni immagini ben esposte e fedeli nei colori, anche nelle condizioni di luce mutevoli e frenetiche di eventi come matrimoni, concerti all&#8217;aperto, ecc.<br \/>\n[\/vc_column_text][vc_column_text css=&#8221;&#8221;]<strong>Fotografia di Prodotti per una Rappresentazione Cromatica Accurata<\/strong><br \/>Riproduce fedelmente i colori dei prodotti, riducendo discrepanze cromatiche e resi, migliorando la soddisfazione del cliente. Grazie al suo design compatto, il LightColor Meter pu\u00f2 essere posizionato facilmente senza influenzare l&#8217;illuminazione del set. <br \/>\n[\/vc_column_text][vc_column_text css=&#8221;&#8221;]<strong>Fotografia di Paesaggio<\/strong><br \/>Cattura la drammaticit\u00e0 della luce e i colori vibranti dell\u2019Ora d\u2019Oro con un&#8217;esposizione ben bilanciata e fedelt\u00e0 cromatica.[\/vc_column_text][vc_column_text css=&#8221;&#8221;]<strong>Fotografia di Prodotti con Controllo dei Riflessi<\/strong><br \/>Ottieni un controllo preciso su riflessi e luci evidenziate su prodotti riflettenti o metallici. Il controllo della temperatura colore e dell&#8217;intensit\u00e0 luminosa \u00e8 essenziale per gestire riflessi e luci senza abbagliamento indesiderato. <br \/>\n[\/vc_column_text][vc_column_text css=&#8221;&#8221;]<strong>Fotografia di Ritratto con Rim Light<\/strong><br \/>Metti in risalto il soggetto con un rim light che crea profondit\u00e0 e lo separa dallo sfondo. Le misurazioni direzionali del LightColor Meter permettono di ottenere effetti precisi, regolando con accuratezza la luce direzionale..[\/vc_column_text][vc_empty_space][\/vc_column_inner][vc_column_inner width=&#8221;1\/2&#8243;][vc_single_image image=&#8221;51699&#8243; img_size=&#8221;800&#215;800&#8243; alignment=&#8221;center&#8221;][vc_empty_space][vc_column_text css=&#8221;&#8221;]<strong>Riprese in Condizioni di Illuminazione Mista<\/strong><br \/>Garantisce un&#8217;esposizione uniforme e un bilanciamento cromatico accurato, riducendo la necessit\u00e0 di correzioni colorimetriche approfondite in post-produzione.<br \/>\n[\/vc_column_text][vc_column_text css=&#8221;&#8221;]<strong>Impostazioni per Interviste<\/strong><br \/>Crea riprese di interviste con illuminazione di qualit\u00e0 professionale e riproduzione cromatica accurata, migliorando l&#8217;aspetto del soggetto e l&#8217;estetica complessiva del video. La funzionalit\u00e0 wireless del LightColor Meter ti permette di configurare rapidamente l&#8217;illuminazione perfetta a 3 punti per le riprese. [\/vc_column_text][vc_column_text css=&#8221;&#8221;]<strong>Illuminazione Drammatica per il Cinema Narrativo<\/strong><br \/>Stabilisci l&#8217;umore e l&#8217;atmosfera in scene di cortometraggi usando un&#8217;illuminazione direzionale e controllata. Utilizza misurazioni della luce e della temperatura colore per affinare il contrasto e il colore della luce, creando scene drammatiche.[\/vc_column_text][vc_column_text css=&#8221;&#8221;]<strong>Videografia di Eventi<\/strong><br \/>Cattura riprese ben esposte e con colori accurati di eventi all&#8217;aperto (matrimoni, festival, concerti, ecc.), anche durante diverse ore con luci che cambiano. Il LightColor Meter ti fornisce i livelli di colore e esposizione giusti durante l&#8217;evento, grazie alla modalit\u00e0 di misurazione continua per colori sempre realistici.[\/vc_column_text][vc_column_text css=&#8221;&#8221;]<strong>Chroma Keying per Green Screen<\/strong><br \/>Ottimizza l&#8217;illuminazione per il lavoro con green screen, facilitando il chroma keying in post-produzione. Garantisce un&#8217;illuminazione uniforme sul green screen e una corretta esposizione del soggetto con colori precisi, semplificando il processo di chroma keying e assicurando effetti visivi di alta qualit\u00e0. [\/vc_column_text][vc_column_text css=&#8221;&#8221;]<strong>Illuminazione Cinematica per Interviste<\/strong><br \/>Crea un look cinematografico per le interviste, usando illuminazione direzionale per aggiungere profondit\u00e0 e scolpire le caratteristiche del soggetto con luci e ombre. Il LightColor Meter consente di regolare precisamente l&#8217;esposizione e il contrasto per ottenere l&#8217;effetto desiderato. [\/vc_column_text][vc_column_text css=&#8221;&#8221;]<strong>Documentari \u201cRun-and-Gun\u201d<\/strong><br \/>Usa il LightColor Meter per mantenere un&#8217;esposizione e un bilanciamento dei colori coerenti nelle riprese documentaristiche su diverse location e condizioni di illuminazione, con l&#8217;ausilio di illuminazione aggiuntiva. Qualit\u00e0 costante, esposizione ben bilanciata e colori accurati creano un&#8217;esperienza autentica per lo spettatore.[\/vc_column_text][vc_column_text css=&#8221;&#8221;]<strong>Documentari in Condizioni di Illuminazione Variabile<\/strong><br \/>Cattura riprese costanti e di alta qualit\u00e0 in una variet\u00e0 di condizioni di luce naturale e artificiale. La versatilit\u00e0 del LightColor Meter nel misurare sia la luce ambientale che quella direzionale, insieme alla sua adattabilit\u00e0 wireless, assicura che i cineasti documentaristi possano ottenere footage coerenti e realistici in qualsiasi ambiente.[\/vc_column_text][vc_empty_space height=&#8221;16px&#8221;][\/vc_column_inner][\/vc_row_inner][\/vc_column][\/vc_row]<\/p>\n<\/div>","protected":false},"excerpt":{"rendered":"<p>[vc_row][vc_column][vc_column_text][\/vc_column_text][\/vc_column][\/vc_row][vc_row css=&#8221;.vc_custom_1682339726830{padding-top: 60px !important;padding-bottom: 60px !important;}&#8221;][vc_column width=&#8221;2\/5&#8243;][vc_column_text css=&#8221;&#8221;] L&#8217;esposizione precisa \u00e8 a portata di LightColor Meter! [\/vc_column_text][vc_empty_space][vc_column_text css=&#8221;&#8221;]Scarica l&#8217;app per il tuo nuovo Datacolor LightColor Meter, consulta la guida rapida e accedi facilmente al manuale utente e all&#8217;assistenza clienti.[\/vc_column_text][vc_empty_space][\/vc_column][vc_column width=&#8221;3\/5&#8243;][vc_empty_space][vc_single_image image=&#8221;52016&#8243; img_size=&#8221;750&#215;500&#8243;][\/vc_column][\/vc_row][vc_row][vc_column][vc_column_text][\/vc_column_text][\/vc_column][\/vc_row][vc_row bg_type=&#8221;bg_color&#8221; bg_override=&#8221;full&#8221; bg_color_value=&#8221;#fafafa&#8221; css=&#8221;.vc_custom_1725522706270{padding-top: 30px !important;padding-bottom: 60px !important;}&#8221;][vc_column width=&#8221;1\/2&#8243; css=&#8221;.vc_custom_1725972773631{padding-right: 32px !important;padding-left: 32px &hellip;<\/p>\n","protected":false},"author":2,"featured_media":0,"parent":0,"menu_order":0,"comment_status":"closed","ping_status":"closed","template":"","meta":{"_acf_changed":false,"footnotes":""},"class_list":["post-52250","page","type-page","status-publish","hentry"],"acf":[],"_links":{"self":[{"href":"https:\/\/www.datacolor.com\/spyder\/it\/wp-json\/wp\/v2\/pages\/52250","targetHints":{"allow":["GET"]}}],"collection":[{"href":"https:\/\/www.datacolor.com\/spyder\/it\/wp-json\/wp\/v2\/pages"}],"about":[{"href":"https:\/\/www.datacolor.com\/spyder\/it\/wp-json\/wp\/v2\/types\/page"}],"author":[{"embeddable":true,"href":"https:\/\/www.datacolor.com\/spyder\/it\/wp-json\/wp\/v2\/users\/2"}],"replies":[{"embeddable":true,"href":"https:\/\/www.datacolor.com\/spyder\/it\/wp-json\/wp\/v2\/comments?post=52250"}],"version-history":[{"count":0,"href":"https:\/\/www.datacolor.com\/spyder\/it\/wp-json\/wp\/v2\/pages\/52250\/revisions"}],"wp:attachment":[{"href":"https:\/\/www.datacolor.com\/spyder\/it\/wp-json\/wp\/v2\/media?parent=52250"}],"curies":[{"name":"wp","href":"https:\/\/api.w.org\/{rel}","templated":true}]}}