{"id":59555,"date":"2025-09-04T15:46:51","date_gmt":"2025-09-04T15:46:51","guid":{"rendered":"https:\/\/dev2024.spyder.datacolor.eu\/spyder\/aggiornamento-spyder\/"},"modified":"2025-11-12T15:25:47","modified_gmt":"2025-11-12T15:25:47","slug":"spyder-upgrade","status":"publish","type":"page","link":"https:\/\/www.datacolor.com\/spyder\/it\/spyder-upgrade\/","title":{"rendered":"Aggiornamento Spyder"},"content":{"rendered":"\t\t<div data-elementor-type=\"wp-page\" data-elementor-id=\"59555\" class=\"elementor elementor-59555 elementor-58654\" data-elementor-post-type=\"page\">\n\t\t\t\t<div class=\"elementor-element elementor-element-b0aac61 e-flex e-con-boxed e-con e-parent\" data-id=\"b0aac61\" data-element_type=\"container\">\n\t\t\t\t\t<div class=\"e-con-inner\">\n\t\t\t\t<div class=\"elementor-element elementor-element-a4a733e elementor-widget elementor-widget-heading\" data-id=\"a4a733e\" data-element_type=\"widget\" data-widget_type=\"heading.default\">\n\t\t\t\t<div class=\"elementor-widget-container\">\n\t\t\t\t\t<h2 class=\"elementor-heading-title elementor-size-default\">Regalatevi un upgrade con Spyder<\/h2>\t\t\t\t<\/div>\n\t\t\t\t<\/div>\n\t\t\t\t<div class=\"elementor-element elementor-element-a422748 elementor-widget elementor-widget-image\" data-id=\"a422748\" data-element_type=\"widget\" data-widget_type=\"image.default\">\n\t\t\t\t<div class=\"elementor-widget-container\">\n\t\t\t\t\t\t\t\t\t\t\t\t\t\t\t<img fetchpriority=\"high\" decoding=\"async\" width=\"1400\" height=\"487\" src=\"https:\/\/www.datacolor.com\/spyder\/wp-content\/uploads\/2025\/11\/Software-Upgrade-Banner-upgrade-banner-yourspyder-1400.jpg\" class=\"attachment-full size-full wp-image-63186\" alt=\"\" srcset=\"https:\/\/www.datacolor.com\/spyder\/wp-content\/uploads\/2025\/11\/Software-Upgrade-Banner-upgrade-banner-yourspyder-1400.jpg 1400w, https:\/\/www.datacolor.com\/spyder\/wp-content\/uploads\/2025\/11\/Software-Upgrade-Banner-upgrade-banner-yourspyder-1400-300x104.jpg 300w, https:\/\/www.datacolor.com\/spyder\/wp-content\/uploads\/2025\/11\/Software-Upgrade-Banner-upgrade-banner-yourspyder-1400-1024x356.jpg 1024w, https:\/\/www.datacolor.com\/spyder\/wp-content\/uploads\/2025\/11\/Software-Upgrade-Banner-upgrade-banner-yourspyder-1400-768x267.jpg 768w\" sizes=\"(max-width: 1400px) 100vw, 1400px\" \/>\t\t\t\t\t\t\t\t\t\t\t\t\t\t\t<\/div>\n\t\t\t\t<\/div>\n\t\t\t\t\t<\/div>\n\t\t\t\t<\/div>\n\t\t<div class=\"elementor-element elementor-element-2099972 e-grid e-con-boxed e-con e-parent\" data-id=\"2099972\" data-element_type=\"container\">\n\t\t\t\t\t<div class=\"e-con-inner\">\n\t\t\t\t<div class=\"elementor-element elementor-element-324f13a elementor-widget elementor-widget-heading\" data-id=\"324f13a\" data-element_type=\"widget\" data-widget_type=\"heading.default\">\n\t\t\t\t<div class=\"elementor-widget-container\">\n\t\t\t\t\t<h2 class=\"elementor-heading-title elementor-size-default\">Avete gi\u00e0 uno Spyder? \u00c8 il momento di liberarne tutto il potenziale. <\/h2>\t\t\t\t<\/div>\n\t\t\t\t<\/div>\n\t\t\t\t<div class=\"elementor-element elementor-element-a77d9f1 elementor-widget elementor-widget-text-editor\" data-id=\"a77d9f1\" data-element_type=\"widget\" data-widget_type=\"text-editor.default\">\n\t\t\t\t<div class=\"elementor-widget-container\">\n\t\t\t\t\t\t\t\t\t<p>La tecnologia \u00e8 gi\u00e0 sulla vostra scrivania \u2013 ora potete spingere la vostra creativit\u00e0 oltre i limiti.<br><br>Che si tratti di perfezionare i colori di uno shooting, progettare per la stampa o lavorare su pi\u00f9 monitor, con un semplice upgrade software trasformerete il vostro Spyder in uno strumento professionale di altissimo livello. E il meglio? Nessun nuovo hardware necessario.  <\/p>\t\t\t\t\t\t\t\t<\/div>\n\t\t\t\t<\/div>\n\t\t\t\t<div class=\"elementor-element elementor-element-de36f7e elementor-widget elementor-widget-heading\" data-id=\"de36f7e\" data-element_type=\"widget\" data-widget_type=\"heading.default\">\n\t\t\t\t<div class=\"elementor-widget-container\">\n\t\t\t\t\t<h2 class=\"elementor-heading-title elementor-size-default\">Due upgrade, un unico obiettivo: la precisione assoluta. <\/h2>\t\t\t\t<\/div>\n\t\t\t\t<\/div>\n\t\t<div class=\"elementor-element elementor-element-39c0566 e-grid e-con-full e-con e-child\" data-id=\"39c0566\" data-element_type=\"container\">\n\t\t\t\t<div class=\"elementor-element elementor-element-9eeacd2 elementor-widget elementor-widget-text-editor\" data-id=\"9eeacd2\" data-element_type=\"widget\" data-widget_type=\"text-editor.default\">\n\t\t\t\t<div class=\"elementor-widget-container\">\n\t\t\t\t\t\t\t\t\t<p><strong>Spyder Upgrade<\/strong><br>La soluzione smart per un controllo superiore.<\/p>\t\t\t\t\t\t\t\t<\/div>\n\t\t\t\t<\/div>\n\t\t\t\t<div class=\"elementor-element elementor-element-4cf9f72 elementor-widget elementor-widget-text-editor\" data-id=\"4cf9f72\" data-element_type=\"widget\" data-widget_type=\"text-editor.default\">\n\t\t\t\t<div class=\"elementor-widget-container\">\n\t\t\t\t\t\t\t\t\t<p><strong>SpyderPro Upgrade<\/strong><br>Qualit\u00e0 da studio per i flussi di lavoro pi\u00f9 esigenti.<\/p>\t\t\t\t\t\t\t\t<\/div>\n\t\t\t\t<\/div>\n\t\t\t\t<\/div>\n\t\t\t\t<div class=\"elementor-element elementor-element-f5c8a97 elementor-widget elementor-widget-text-editor\" data-id=\"f5c8a97\" data-element_type=\"widget\" data-widget_type=\"text-editor.default\">\n\t\t\t\t<div class=\"elementor-widget-container\">\n\t\t\t\t\t\t\t\t\tPerch\u00e9 accontentarsi di un \u201cabbastanza buono\u201d quando potete avere colori fedeli ovunque?\t\t\t\t\t\t\t\t<\/div>\n\t\t\t\t<\/div>\n\t\t\t\t\t<\/div>\n\t\t\t\t<\/div>\n\t\t<div class=\"elementor-element elementor-element-a2e02b6 e-grid e-con-boxed e-con e-parent\" data-id=\"a2e02b6\" data-element_type=\"container\">\n\t\t\t\t\t<div class=\"e-con-inner\">\n\t\t<div class=\"elementor-element elementor-element-ccab6ae e-con-full e-flex e-con e-child\" data-id=\"ccab6ae\" data-element_type=\"container\">\n\t\t<div class=\"elementor-element elementor-element-d095eb8 e-grid e-con-full e-con e-child\" data-id=\"d095eb8\" data-element_type=\"container\">\n\t\t\t\t<div class=\"elementor-element elementor-element-6eb8c4c elementor-widget elementor-widget-image\" data-id=\"6eb8c4c\" data-element_type=\"widget\" data-widget_type=\"image.default\">\n\t\t\t\t<div class=\"elementor-widget-container\">\n\t\t\t\t\t\t\t\t\t\t\t\t\t\t\t<img decoding=\"async\" width=\"400\" height=\"300\" src=\"https:\/\/www.datacolor.com\/spyder\/wp-content\/uploads\/2025\/09\/Software-UpGrade_Spyder-with-Stamp.png\" class=\"attachment-large size-large wp-image-59565\" alt=\"\" srcset=\"https:\/\/www.datacolor.com\/spyder\/wp-content\/uploads\/2025\/09\/Software-UpGrade_Spyder-with-Stamp.png 400w, https:\/\/www.datacolor.com\/spyder\/wp-content\/uploads\/2025\/09\/Software-UpGrade_Spyder-with-Stamp-300x225.png 300w\" sizes=\"(max-width: 400px) 100vw, 400px\" \/>\t\t\t\t\t\t\t\t\t\t\t\t\t\t\t<\/div>\n\t\t\t\t<\/div>\n\t\t\t\t<div class=\"elementor-element elementor-element-356366f feature-headlines elementor-widget elementor-widget-text-editor\" data-id=\"356366f\" data-element_type=\"widget\" data-widget_type=\"text-editor.default\">\n\t\t\t\t<div class=\"elementor-widget-container\">\n\t\t\t\t\t\t\t\t\t<h3 style=\"color: #000000;\">Spyder Upgrade \u2013 Il controllo che fa la differenza<\/h3>\t\t\t\t\t\t\t\t<\/div>\n\t\t\t\t<\/div>\n\t\t\t\t<div class=\"elementor-element elementor-element-442b493 elementor-widget elementor-widget-text-editor\" data-id=\"442b493\" data-element_type=\"widget\" data-widget_type=\"text-editor.default\">\n\t\t\t\t<div class=\"elementor-widget-container\">\n\t\t\t\t\t\t\t\t\tPerfetto per fotografi, designer e content creator che vogliono pi\u00f9 accuratezza e flessibilit\u00e0 \u2013 senza acquistare nuovo hardware.\t\t\t\t\t\t\t\t<\/div>\n\t\t\t\t<\/div>\n\t\t\t\t<div class=\"elementor-element elementor-element-2ca0ff2 elementor-widget elementor-widget-text-editor\" data-id=\"2ca0ff2\" data-element_type=\"widget\" data-widget_type=\"text-editor.default\">\n\t\t\t\t<div class=\"elementor-widget-container\">\n\t\t\t\t\t\t\t\t\t<p><strong>Cosa sbloccherete:<\/strong><\/p><ul class=\"checklist\"><li><strong>Calibrazione del display ad alta luminosit\u00e0<\/strong> &#8211; Supporta fino a <strong>3.000 nit.<\/strong><\/li><li><strong>Supporto per display avanzati<\/strong> &#8211; Calibra LED wide-gamut, GB-LED, Apple Retina XDR, OLED\/QD-OLED e schermi mini-LED.<\/li><li><strong>DevicePreview\u2122<\/strong> &#8211; Anteprima su smartphone e tablet.<\/li><li><strong>Softproofing Tools<\/strong> \u2013 Stampa e dispositivi a portata di clic.<\/li><li><strong>SpyderProof\u2122<\/strong> &#8211; Confronto immediato prima\/dopo calibrazione.<\/li><li><strong>Regolazione della luce ambientale e del locale<\/strong> &#8211; Crea pi\u00f9 profili per diversi ambienti di illuminazione.<\/li><li><strong>Correzioni standard<\/strong> \u2013 Gamma, punto di bianco, luminosit\u00e0.<\/li><\/ul>\t\t\t\t\t\t\t\t<\/div>\n\t\t\t\t<\/div>\n\t\t\t\t<div class=\"elementor-element elementor-element-d238db0 elementor-widget elementor-widget-text-editor\" data-id=\"d238db0\" data-element_type=\"widget\" data-widget_type=\"text-editor.default\">\n\t\t\t\t<div class=\"elementor-widget-container\">\n\t\t\t\t\t\t\t\t\t<p><strong>Ideale per:<\/strong><br>professionisti che vogliono colori affidabili e consistenti su schermi moderni.<\/p>\t\t\t\t\t\t\t\t<\/div>\n\t\t\t\t<\/div>\n\t\t\t\t<\/div>\n\t\t\t\t<\/div>\n\t\t<div class=\"elementor-element elementor-element-81ce760 e-con-full e-flex e-con e-child\" data-id=\"81ce760\" data-element_type=\"container\">\n\t\t<div class=\"elementor-element elementor-element-55b5dbd e-grid e-con-full e-con e-child\" data-id=\"55b5dbd\" data-element_type=\"container\">\n\t\t\t\t<div class=\"elementor-element elementor-element-cd5484f elementor-widget elementor-widget-image\" data-id=\"cd5484f\" data-element_type=\"widget\" data-widget_type=\"image.default\">\n\t\t\t\t<div class=\"elementor-widget-container\">\n\t\t\t\t\t\t\t\t\t\t\t\t\t\t\t<img decoding=\"async\" width=\"400\" height=\"300\" src=\"https:\/\/www.datacolor.com\/spyder\/wp-content\/uploads\/2025\/09\/Software-UpGrade_SpyderPro-with-Stamp.png\" class=\"attachment-large size-large wp-image-59575\" alt=\"\" srcset=\"https:\/\/www.datacolor.com\/spyder\/wp-content\/uploads\/2025\/09\/Software-UpGrade_SpyderPro-with-Stamp.png 400w, https:\/\/www.datacolor.com\/spyder\/wp-content\/uploads\/2025\/09\/Software-UpGrade_SpyderPro-with-Stamp-300x225.png 300w\" sizes=\"(max-width: 400px) 100vw, 400px\" \/>\t\t\t\t\t\t\t\t\t\t\t\t\t\t\t<\/div>\n\t\t\t\t<\/div>\n\t\t\t\t<div class=\"elementor-element elementor-element-878bea8 feature-headlines elementor-widget elementor-widget-text-editor\" data-id=\"878bea8\" data-element_type=\"widget\" data-widget_type=\"text-editor.default\">\n\t\t\t\t<div class=\"elementor-widget-container\">\n\t\t\t\t\t\t\t\t\t<h3 style=\"color: #000000;\">Aggiornamento software SpyderPro: potenza massima per i professionisti della visualizzazione<\/h3>\t\t\t\t\t\t\t\t<\/div>\n\t\t\t\t<\/div>\n\t\t\t\t<div class=\"elementor-element elementor-element-f2a4c22 elementor-widget elementor-widget-text-editor\" data-id=\"f2a4c22\" data-element_type=\"widget\" data-widget_type=\"text-editor.default\">\n\t\t\t\t<div class=\"elementor-widget-container\">\n\t\t\t\t\t\t\t\t\tProgettato per i professionisti della fotografia, del montaggio video e della produzione cinematografica che richiedono precisione di livello professionale e uniformit\u00e0 su pi\u00f9 dispositivi.\t\t\t\t\t\t\t\t<\/div>\n\t\t\t\t<\/div>\n\t\t\t\t<div class=\"elementor-element elementor-element-716df40 elementor-widget elementor-widget-text-editor\" data-id=\"716df40\" data-element_type=\"widget\" data-widget_type=\"text-editor.default\">\n\t\t\t\t<div class=\"elementor-widget-container\">\n\t\t\t\t\t\t\t\t\t<p><strong>Cosa sbloccherete:<\/strong><\/p><ul class=\"checklist\"><li><strong>Calibrazione del display ultra-luminoso<\/strong> &#8211; Supporta fino a <strong>12.000 nit.<\/strong><\/li><li><strong>Supporto per display avanzati<\/strong> &#8211; Calibra LED wide-gamut, GB-LED, Apple Retina XDR, OLED\/QD-OLED e schermi mini-LED.<\/li><li><strong>Device Preview\u2122 Plus<\/strong> &#8211; Simula i contenuti su tutti i dispositivi e la stampa utilizzando il confronto side-by-side, il campionamento dei pixel, la conversione in batch e gli strumenti di elaborazione delle immagini con funzionalit\u00e0 di esportazione avanzate.<\/li><li><strong>Esportazione di LUT 3D (.cube)<\/strong> &#8211; Offre una calibrazione precisa per i monitor video compatibili, ideale per i flussi di lavoro video e cinematografici professionali, a un prezzo ineguagliabile.<\/li><li><strong>Integrazione con il Light Meter<\/strong> &#8211; Sincronizzati con il LightColor Meter di Datacolor e con altri dispositivi in grado di misurare i lux per adattare la calibrazione all&#8217;illuminazione dell&#8217;ambiente, garantendo una precisione costante in qualsiasi ambiente.<\/li><li><strong>Content Credentialing (C2PA)<\/strong> &#8211; Incorpora la paternit\u00e0, la cronologia delle modifiche e la provenienza nei file digitali per proteggere l&#8217;integrit\u00e0 creativa e creare fiducia in un mondo guidato dall&#8217;intelligenza artificiale.<\/li><li><strong>Supporto target video<\/strong> &#8211; Include Rec709, Rec2020, DCI-P3 (Theatrical), DCI-P3 (D60), DCI-P3 (D65), NTSC, PAL, SECAM.<\/li><li><strong>SpyderProof\u2122<\/strong> &#8211; Confronto immediato prima\/dopo calibrazione.<\/li><li><strong>Suite funzioni avanzate<\/strong> \u2013 Analisi e impostazioni per un controllo totale.<\/li><li><strong>Regolazione della luce ambientale e del locale<\/strong> &#8211; Crea pi\u00f9 profili per diversi ambienti di illuminazione.<\/li><li><strong>Calibrazione proiettori<\/strong> \u2013 Colori fedeli anche in presentazioni e proiezioni.<\/li><li><strong>StudioMatch\u2122<\/strong> &#8211; Allineamento di pi\u00f9 monitor, anche di brand diversi.<\/li><li><strong>SpyderTune\u2122<\/strong> &#8211; Regolate lo schermo per ottenere il look perfetto.<\/li><\/ul>\t\t\t\t\t\t\t\t<\/div>\n\t\t\t\t<\/div>\n\t\t\t\t<div class=\"elementor-element elementor-element-2922331 elementor-widget elementor-widget-text-editor\" data-id=\"2922331\" data-element_type=\"widget\" data-widget_type=\"text-editor.default\">\n\t\t\t\t<div class=\"elementor-widget-container\">\n\t\t\t\t\t\t\t\t\t<p><strong>Ideale per:<\/strong><br>Studi, registi e professionisti della grafica che lavorano su pi\u00f9 schermi e formati e richiedono una precisione perfetta al pixel.<\/p>\t\t\t\t\t\t\t\t<\/div>\n\t\t\t\t<\/div>\n\t\t\t\t<\/div>\n\t\t\t\t<\/div>\n\t\t\t\t\t<\/div>\n\t\t\t\t<\/div>\n\t\t<div class=\"elementor-element elementor-element-843d2e1 e-flex e-con-boxed e-con e-parent\" data-id=\"843d2e1\" data-element_type=\"container\" id=\"serial\">\n\t\t\t\t\t<div class=\"e-con-inner\">\n\t\t\t\t<div class=\"elementor-element elementor-element-3560c02 elementor-widget elementor-widget-heading\" data-id=\"3560c02\" data-element_type=\"widget\" data-widget_type=\"heading.default\">\n\t\t\t\t<div class=\"elementor-widget-container\">\n\t\t\t\t\t<h3 class=\"elementor-heading-title elementor-size-default\">Nessun nuovo hardware. Solo strumenti pi\u00f9 intelligenti, un controllo pi\u00f9 profondo e colori affidabili. <\/h3>\t\t\t\t<\/div>\n\t\t\t\t<\/div>\n\t\t\t\t<div class=\"elementor-element elementor-element-c0cc9af elementor-widget elementor-widget-text-editor\" data-id=\"c0cc9af\" data-element_type=\"widget\" data-widget_type=\"text-editor.default\">\n\t\t\t\t<div class=\"elementor-widget-container\">\n\t\t\t\t\t\t\t\t\t<p><strong>Inserisci il codice di licenza Spyder del tuo software installato per confrontare le opzioni<\/strong><br><\/p>\t\t\t\t\t\t\t\t<\/div>\n\t\t\t\t<\/div>\n\t\t\t\t<div class=\"elementor-element elementor-element-3d786a8 elementor-widget elementor-widget-html\" data-id=\"3d786a8\" data-element_type=\"widget\" data-widget_type=\"html.default\">\n\t\t\t\t<div class=\"elementor-widget-container\">\n\t\t\t\t\t<div style=\"text-align: center;\"><form action=\"https:\/\/activation.datacolor.com\/upgradeV2\/it\/\" method=\"POST\" id=\"licenseform\">\n<input class=\"licensecode\" name=\"code\" type=\"text\" placeholder=\"XXXX-XXXX-XXXX-XXXX\">\n<input id=\"licsensesubmit\" class=\"licsensesubmit\" type=\"submit\" value=\"Inviare\"><\/form>\n<\/div>\n\t\t\t\t<\/div>\n\t\t\t\t<\/div>\n\t\t\t\t<div class=\"elementor-element elementor-element-dcb4e1e elementor-widget elementor-widget-text-editor\" data-id=\"dcb4e1e\" data-element_type=\"widget\" data-widget_type=\"text-editor.default\">\n\t\t\t\t<div class=\"elementor-widget-container\">\n\t\t\t\t\t\t\t\t\t<em>Nota: Spyder 5 o modelli precedenti richiedono un aggiornamento hardware.<\/em>\t\t\t\t\t\t\t\t<\/div>\n\t\t\t\t<\/div>\n\t\t<div class=\"elementor-element elementor-element-1e1d736 e-grid e-con-full e-con e-child\" data-id=\"1e1d736\" data-element_type=\"container\">\n\t\t<div class=\"elementor-element elementor-element-58904b7 e-con-full e-flex e-con e-child\" data-id=\"58904b7\" data-element_type=\"container\" data-settings=\"{&quot;background_background&quot;:&quot;classic&quot;}\">\n\t\t\t\t<div class=\"elementor-element elementor-element-a160272 elementor-widget elementor-widget-text-editor\" data-id=\"a160272\" data-element_type=\"widget\" data-widget_type=\"text-editor.default\">\n\t\t\t\t<div class=\"elementor-widget-container\">\n\t\t\t\t\t\t\t\t\t<p><strong>Hai bisogno di aiuto per trovare il tuo codice di licenza su Windows?<\/strong><\/p><ul><li>Clicca sulla scheda <strong>Aiuto<\/strong> (in alto a sinistra)<\/li><li>Clicca su <strong>Informazioni su Spyder<\/strong><\/li><li>Visualizza il tuo <strong>codice di licenza<\/strong> (in basso a sinistra)<\/li><\/ul>\t\t\t\t\t\t\t\t<\/div>\n\t\t\t\t<\/div>\n\t\t\t\t<div class=\"elementor-element elementor-element-fa2fc67 elementor-widget elementor-widget-text-editor\" data-id=\"fa2fc67\" data-element_type=\"widget\" data-widget_type=\"text-editor.default\">\n\t\t\t\t<div class=\"elementor-widget-container\">\n\t\t\t\t\t\t\t\t\t<em>(Clicca sull&#8217;immagine a destra per ingrandirla).<\/em>\t\t\t\t\t\t\t\t<\/div>\n\t\t\t\t<\/div>\n\t\t\t\t<\/div>\n\t\t\t\t<div class=\"elementor-element elementor-element-82a172d elementor-widget elementor-widget-image\" data-id=\"82a172d\" data-element_type=\"widget\" data-widget_type=\"image.default\">\n\t\t\t\t<div class=\"elementor-widget-container\">\n\t\t\t\t\t\t\t\t\t\t\t\t\t\t\t\t<a href=\"https:\/\/www.datacolor.com\/spyder\/wp-content\/uploads\/2025\/08\/Find-License-code-All-togetherV2.jpg\" data-elementor-open-lightbox=\"yes\" data-elementor-lightbox-title=\"Trova il codice di licenza di tutto il mondoV2\" data-e-action-hash=\"#elementor-action%3Aaction%3Dlightbox%26settings%3DeyJpZCI6NTg3MTQsInVybCI6Imh0dHBzOlwvXC93d3cuZGF0YWNvbG9yLmNvbVwvc3B5ZGVyXC93cC1jb250ZW50XC91cGxvYWRzXC8yMDI1XC8wOFwvRmluZC1MaWNlbnNlLWNvZGUtQWxsLXRvZ2V0aGVyVjIuanBnIn0%3D\">\n\t\t\t\t\t\t\t<img loading=\"lazy\" decoding=\"async\" width=\"1024\" height=\"651\" src=\"https:\/\/www.datacolor.com\/spyder\/wp-content\/uploads\/2025\/08\/Find-License-code-All-togetherV2-1024x651.jpg\" class=\"attachment-large size-large wp-image-58714\" alt=\"\" srcset=\"https:\/\/www.datacolor.com\/spyder\/wp-content\/uploads\/2025\/08\/Find-License-code-All-togetherV2-1024x651.jpg 1024w, https:\/\/www.datacolor.com\/spyder\/wp-content\/uploads\/2025\/08\/Find-License-code-All-togetherV2-300x191.jpg 300w, https:\/\/www.datacolor.com\/spyder\/wp-content\/uploads\/2025\/08\/Find-License-code-All-togetherV2-768x488.jpg 768w, https:\/\/www.datacolor.com\/spyder\/wp-content\/uploads\/2025\/08\/Find-License-code-All-togetherV2-1536x977.jpg 1536w, https:\/\/www.datacolor.com\/spyder\/wp-content\/uploads\/2025\/08\/Find-License-code-All-togetherV2.jpg 1900w\" sizes=\"(max-width: 1024px) 100vw, 1024px\" \/>\t\t\t\t\t\t\t\t<\/a>\n\t\t\t\t\t\t\t\t\t\t\t\t\t\t\t<\/div>\n\t\t\t\t<\/div>\n\t\t\t\t<\/div>\n\t\t<div class=\"elementor-element elementor-element-e40c2b3 e-grid e-con-full e-con e-child\" data-id=\"e40c2b3\" data-element_type=\"container\">\n\t\t<div class=\"elementor-element elementor-element-9aa9b78 e-con-full e-flex e-con e-child\" data-id=\"9aa9b78\" data-element_type=\"container\" data-settings=\"{&quot;background_background&quot;:&quot;classic&quot;}\">\n\t\t\t\t<div class=\"elementor-element elementor-element-183af6c elementor-widget elementor-widget-text-editor\" data-id=\"183af6c\" data-element_type=\"widget\" data-widget_type=\"text-editor.default\">\n\t\t\t\t<div class=\"elementor-widget-container\">\n\t\t\t\t\t\t\t\t\t<p><strong>Hai bisogno di aiuto per trovare il tuo codice di licenza su macOS?<\/strong><\/p><ul><li>Clicca su <strong>Spyder<\/strong> (in alto a sinistra)<\/li><li>Clicca su <strong>Informazioni su Spyder<\/strong><\/li><li>Visualizza il tuo <strong>codice di licenza<\/strong> (in basso a sinistra)<\/li><\/ul>\t\t\t\t\t\t\t\t<\/div>\n\t\t\t\t<\/div>\n\t\t\t\t<div class=\"elementor-element elementor-element-993cb5f elementor-widget elementor-widget-text-editor\" data-id=\"993cb5f\" data-element_type=\"widget\" data-widget_type=\"text-editor.default\">\n\t\t\t\t<div class=\"elementor-widget-container\">\n\t\t\t\t\t\t\t\t\t<em>(Clicca sull&#8217;immagine a destra per ingrandirla).<\/em>\t\t\t\t\t\t\t\t<\/div>\n\t\t\t\t<\/div>\n\t\t\t\t<\/div>\n\t\t\t\t<div class=\"elementor-element elementor-element-f8a66ef elementor-widget elementor-widget-image\" data-id=\"f8a66ef\" data-element_type=\"widget\" data-widget_type=\"image.default\">\n\t\t\t\t<div class=\"elementor-widget-container\">\n\t\t\t\t\t\t\t\t\t\t\t\t\t\t\t\t<a href=\"https:\/\/www.datacolor.com\/spyder\/wp-content\/uploads\/2025\/10\/Find-License-code-All-together-macOS.jpg\" data-elementor-open-lightbox=\"yes\" data-elementor-lightbox-title=\"Find-License-code-All-together-macOS\" data-e-action-hash=\"#elementor-action%3Aaction%3Dlightbox%26settings%3DeyJpZCI6NjE3OTYsInVybCI6Imh0dHBzOlwvXC93d3cuZGF0YWNvbG9yLmNvbVwvc3B5ZGVyXC93cC1jb250ZW50XC91cGxvYWRzXC8yMDI1XC8xMFwvRmluZC1MaWNlbnNlLWNvZGUtQWxsLXRvZ2V0aGVyLW1hY09TLmpwZyJ9\">\n\t\t\t\t\t\t\t<img loading=\"lazy\" decoding=\"async\" width=\"1024\" height=\"676\" src=\"https:\/\/www.datacolor.com\/spyder\/wp-content\/uploads\/2025\/10\/Find-License-code-All-together-macOS-1024x676.jpg\" class=\"attachment-large size-large wp-image-61796\" alt=\"\" srcset=\"https:\/\/www.datacolor.com\/spyder\/wp-content\/uploads\/2025\/10\/Find-License-code-All-together-macOS-1024x676.jpg 1024w, https:\/\/www.datacolor.com\/spyder\/wp-content\/uploads\/2025\/10\/Find-License-code-All-together-macOS-300x198.jpg 300w, https:\/\/www.datacolor.com\/spyder\/wp-content\/uploads\/2025\/10\/Find-License-code-All-together-macOS-768x507.jpg 768w, https:\/\/www.datacolor.com\/spyder\/wp-content\/uploads\/2025\/10\/Find-License-code-All-together-macOS-1536x1014.jpg 1536w, https:\/\/www.datacolor.com\/spyder\/wp-content\/uploads\/2025\/10\/Find-License-code-All-together-macOS.jpg 1900w\" sizes=\"(max-width: 1024px) 100vw, 1024px\" \/>\t\t\t\t\t\t\t\t<\/a>\n\t\t\t\t\t\t\t\t\t\t\t\t\t\t\t<\/div>\n\t\t\t\t<\/div>\n\t\t\t\t<\/div>\n\t\t\t\t<div class=\"elementor-element elementor-element-61be27b elementor-widget elementor-widget-text-editor\" data-id=\"61be27b\" data-element_type=\"widget\" data-widget_type=\"text-editor.default\">\n\t\t\t\t<div class=\"elementor-widget-container\">\n\t\t\t\t\t\t\t\t\t<p><strong>Hai ancora bisogno di aiuto? Il nostro <a href=\"https:\/\/spyder-support.datacolor.com\/hc\/en-us\/requests\/new\"><u>team di supporto<\/u><\/a> \u00e8 felice di aiutarti. <\/strong><\/p>\t\t\t\t\t\t\t\t<\/div>\n\t\t\t\t<\/div>\n\t\t\t\t\t<\/div>\n\t\t\t\t<\/div>\n\t\t<div class=\"elementor-element elementor-element-e9af872 e-flex e-con-boxed e-con e-parent\" data-id=\"e9af872\" data-element_type=\"container\">\n\t\t\t\t\t<div class=\"e-con-inner\">\n\t\t\t\t<div class=\"elementor-element elementor-element-485af10 elementor-widget elementor-widget-html\" data-id=\"485af10\" data-element_type=\"widget\" data-widget_type=\"html.default\">\n\t\t\t\t<div class=\"elementor-widget-container\">\n\t\t\t\t\t<script>jQuery(document).ready(function() {\n    jQuery('.product-description-txt').matchHeight({ byRow : true });\n    jQuery('.feature-headlines').matchHeight({ byRow : true });\n     });\n\n<\/script>\t\t\t\t<\/div>\n\t\t\t\t<\/div>\n\t\t\t\t\t<\/div>\n\t\t\t\t<\/div>\n\t\t<div class=\"elementor-element elementor-element-dcc455f e-grid e-con-boxed e-con e-parent\" data-id=\"dcc455f\" data-element_type=\"container\">\n\t\t\t\t\t<div class=\"e-con-inner\">\n\t\t\t\t<div class=\"elementor-element elementor-element-88b64a4 elementor-widget elementor-widget-spacer\" data-id=\"88b64a4\" data-element_type=\"widget\" data-widget_type=\"spacer.default\">\n\t\t\t\t<div class=\"elementor-widget-container\">\n\t\t\t\t\t\t\t<div class=\"elementor-spacer\">\n\t\t\t<div class=\"elementor-spacer-inner\"><\/div>\n\t\t<\/div>\n\t\t\t\t\t\t<\/div>\n\t\t\t\t<\/div>\n\t\t\t\t\t<\/div>\n\t\t\t\t<\/div>\n\t\t\t\t<\/div>\n\t\t","protected":false},"excerpt":{"rendered":"<p>Regalatevi un upgrade con Spyder Avete gi\u00e0 uno Spyder? \u00c8 il momento di liberarne tutto il potenziale. La tecnologia \u00e8 gi\u00e0 sulla vostra scrivania \u2013 ora potete spingere la vostra creativit\u00e0 oltre i limiti. Che si tratti di perfezionare i colori di uno shooting, progettare per la stampa o lavorare su pi\u00f9 monitor, con un &hellip;<\/p>\n","protected":false},"author":2,"featured_media":0,"parent":0,"menu_order":0,"comment_status":"closed","ping_status":"closed","template":"","meta":{"_acf_changed":false,"footnotes":""},"class_list":["post-59555","page","type-page","status-publish","hentry"],"acf":[],"_links":{"self":[{"href":"https:\/\/www.datacolor.com\/spyder\/it\/wp-json\/wp\/v2\/pages\/59555","targetHints":{"allow":["GET"]}}],"collection":[{"href":"https:\/\/www.datacolor.com\/spyder\/it\/wp-json\/wp\/v2\/pages"}],"about":[{"href":"https:\/\/www.datacolor.com\/spyder\/it\/wp-json\/wp\/v2\/types\/page"}],"author":[{"embeddable":true,"href":"https:\/\/www.datacolor.com\/spyder\/it\/wp-json\/wp\/v2\/users\/2"}],"replies":[{"embeddable":true,"href":"https:\/\/www.datacolor.com\/spyder\/it\/wp-json\/wp\/v2\/comments?post=59555"}],"version-history":[{"count":0,"href":"https:\/\/www.datacolor.com\/spyder\/it\/wp-json\/wp\/v2\/pages\/59555\/revisions"}],"wp:attachment":[{"href":"https:\/\/www.datacolor.com\/spyder\/it\/wp-json\/wp\/v2\/media?parent=59555"}],"curies":[{"name":"wp","href":"https:\/\/api.w.org\/{rel}","templated":true}]}}