{"id":59611,"date":"2025-09-05T09:17:28","date_gmt":"2025-09-05T09:17:28","guid":{"rendered":"https:\/\/dev2024.spyder.datacolor.eu\/spyder\/benvenuti-su-spyderexpress\/"},"modified":"2025-11-10T09:34:26","modified_gmt":"2025-11-10T09:34:26","slug":"benvenuti-su-spyderexpress","status":"publish","type":"page","link":"https:\/\/www.datacolor.com\/spyder\/it\/benvenuti-su-spyderexpress\/","title":{"rendered":"Benvenuti su SpyderExpress"},"content":{"rendered":"<div class=\"wpb-content-wrapper\"><p>[vc_row css=&#8221;.vc_custom_1682339726830{padding-top: 60px !important;padding-bottom: 60px !important;}&#8221;][vc_column width=&#8221;1\/2&#8243;][vc_column_text css=&#8221;&#8221;]<\/p>\n<h1 class=\"mainheader\">Benvenuto su SpyderExpress \u2013 iniziamo!<\/h1>\n<p>[\/vc_column_text][vc_empty_space][vc_column_text css=&#8221;&#8221;]D\u00ec addio alle incertezze sui colori e benvenuto alla facile ottimizzazione dello schermo.<\/p>\n<ul class=\"tick_list\">\n<li>Scarica il software SpyderExpress<\/li>\n<li>Consulta la guida rapida e la guida utente<\/li>\n<li>Guarda i video tutorial<\/li>\n<li>Esplora le FAQ<\/li>\n<li>Calibra<\/li>\n<\/ul>\n<p>Il tuo schermo sar\u00e0 ottimizzato in un attimo![\/vc_column_text][vc_empty_space][\/vc_column][vc_column width=&#8221;1\/2&#8243;][vc_empty_space][vc_single_image image=&#8221;58062&#8243; img_size=&#8221;large&#8221;][\/vc_column][\/vc_row][vc_row bg_type=&#8221;bg_color&#8221; bg_override=&#8221;full&#8221; bg_color_value=&#8221;#fafafa&#8221; css=&#8221;.vc_custom_1725522706270{padding-top: 30px !important;padding-bottom: 60px !important;}&#8221;][vc_column width=&#8221;1\/2&#8243; css=&#8221;.vc_custom_1725972773631{padding-right: 32px !important;padding-left: 32px !important;}&#8221;][vc_column_text css=&#8221;&#8221;]<\/p>\n<h3 style=\"margin-bottom: 20px; display: flex;\"><img decoding=\"async\" class=\"alignnone size-full wp-image-58198\" style=\"width: 30px; height: 30px; margin-right: 10px;\" src=\"https:\/\/www.datacolor.com\/spyder\/wp-content\/uploads\/2025\/08\/ico-blub.png\" alt=\"\" width=\"30\" height=\"30\" srcset=\"https:\/\/www.datacolor.com\/spyder\/wp-content\/uploads\/2025\/08\/ico-blub.png 209w, https:\/\/www.datacolor.com\/spyder\/wp-content\/uploads\/2025\/08\/ico-blub-150x150.png 150w\" sizes=\"(max-width: 30px) 100vw, 30px\" \/> Consigli per una calibrazione ottimale<\/h3>\n<p>[\/vc_column_text][vc_btn title=&#8221;Guarda il video&#8221; style=&#8221;classic&#8221; shape=&#8221;round&#8221; color=&#8221;black&#8221; align=&#8221;left&#8221; css=&#8221;.vc_custom_1757419138996{margin-top: 8px !important;margin-left: 16px !important;}&#8221; link=&#8221;url:https%3A%2F%2Fyoutu.be%2FzmCxkG7sGRc|target:_blank&#8221;][vc_column_text css=&#8221;&#8221;]<\/p>\n<p style=\"display: flex;\"><img decoding=\"async\" class=\"alignnone size-full wp-image-58248\" style=\"width: 24px; height: 24px; margin-right: 10px;\" src=\"https:\/\/www.datacolor.com\/spyder\/wp-content\/uploads\/2025\/08\/ico-monitor.png\" alt=\"\" width=\"24\" height=\"24\" srcset=\"https:\/\/www.datacolor.com\/spyder\/wp-content\/uploads\/2025\/08\/ico-monitor.png 209w, https:\/\/www.datacolor.com\/spyder\/wp-content\/uploads\/2025\/08\/ico-monitor-150x150.png 150w\" sizes=\"(max-width: 24px) 100vw, 24px\" \/> Riscalda il monitor per 30 minuti prima della calibrazione<\/p>\n<p style=\"display: flex;\"><img decoding=\"async\" class=\"alignnone size-full wp-image-58276\" style=\"width: 24px; height: 24px; margin-right: 10px;\" src=\"https:\/\/www.datacolor.com\/spyder\/wp-content\/uploads\/2025\/08\/ico-sun.png\" alt=\"\" width=\"24\" height=\"24\" srcset=\"https:\/\/www.datacolor.com\/spyder\/wp-content\/uploads\/2025\/08\/ico-sun.png 209w, https:\/\/www.datacolor.com\/spyder\/wp-content\/uploads\/2025\/08\/ico-sun-150x150.png 150w\" sizes=\"(max-width: 24px) 100vw, 24px\" \/>Calibra in un ambiente poco illuminato; evita la luce diretta<\/p>\n<p style=\"display: flex;\"><img loading=\"lazy\" decoding=\"async\" class=\"alignnone size-full wp-image-58228\" style=\"width: 24px; height: 24px; margin-right: 10px;\" src=\"https:\/\/www.datacolor.com\/spyder\/wp-content\/uploads\/2025\/08\/ico-gear.png\" alt=\"\" width=\"24\" height=\"24\" srcset=\"https:\/\/www.datacolor.com\/spyder\/wp-content\/uploads\/2025\/08\/ico-gear.png 209w, https:\/\/www.datacolor.com\/spyder\/wp-content\/uploads\/2025\/08\/ico-gear-150x150.png 150w\" sizes=\"(max-width: 24px) 100vw, 24px\" \/> Ripristina le impostazioni di fabbrica, se possibile<\/p>\n<ul class=\"tick_list\" style=\"padding-left: 15px;\">\n<li>Apri il menu OSD e trova l\u2019opzione \u201cReset\u201d, \u201cRipristino di fabbrica\u201d o \u201cRecall\u201d (pu\u00f2 variare in base al display)<\/li>\n<li>La maggior parte dei laptop e dei display Apple non ha questa funzione \u2013 puoi saltare questo passaggio<\/li>\n<\/ul>\n<p style=\"display: flex;\"><img loading=\"lazy\" decoding=\"async\" class=\"alignnone size-full wp-image-58258\" style=\"width: 24px; height: 24px; margin-right: 10px;\" src=\"https:\/\/www.datacolor.com\/spyder\/wp-content\/uploads\/2025\/08\/ico-stop.png\" alt=\"\" width=\"24\" height=\"24\" srcset=\"https:\/\/www.datacolor.com\/spyder\/wp-content\/uploads\/2025\/08\/ico-stop.png 209w, https:\/\/www.datacolor.com\/spyder\/wp-content\/uploads\/2025\/08\/ico-stop-150x150.png 150w\" sizes=\"(max-width: 24px) 100vw, 24px\" \/> Disattiva luminosit\u00e0 automatica, HDR e altre modalit\u00e0 dinamiche<\/p>\n<p style=\"display: flex;\"><img loading=\"lazy\" decoding=\"async\" class=\"alignnone size-full wp-image-58208\" style=\"width: 24px; height: 24px; margin-right: 10px;\" src=\"https:\/\/www.datacolor.com\/spyder\/wp-content\/uploads\/2025\/08\/ico-cross.png\" alt=\"\" width=\"24\" height=\"24\" srcset=\"https:\/\/www.datacolor.com\/spyder\/wp-content\/uploads\/2025\/08\/ico-cross.png 209w, https:\/\/www.datacolor.com\/spyder\/wp-content\/uploads\/2025\/08\/ico-cross-150x150.png 150w\" sizes=\"(max-width: 24px) 100vw, 24px\" \/> Chiudi tutte le altre applicazioni prima di iniziare<\/p>\n<p style=\"display: flex;\"><img loading=\"lazy\" decoding=\"async\" class=\"alignnone size-full wp-image-58238\" style=\"width: 24px; height: 24px; margin-right: 10px;\" src=\"https:\/\/www.datacolor.com\/spyder\/wp-content\/uploads\/2025\/08\/ico-goal.png\" alt=\"\" width=\"24\" height=\"24\" srcset=\"https:\/\/www.datacolor.com\/spyder\/wp-content\/uploads\/2025\/08\/ico-goal.png 209w, https:\/\/www.datacolor.com\/spyder\/wp-content\/uploads\/2025\/08\/ico-goal-150x150.png 150w\" sizes=\"(max-width: 24px) 100vw, 24px\" \/> Per risultati ottimali, ricalibra regolarmente, soprattutto se le tue esigenze cambiano<\/p>\n<p>[\/vc_column_text][\/vc_column][vc_column width=&#8221;1\/2&#8243; css=&#8221;.vc_custom_1725972786678{padding-right: 32px !important;padding-left: 32px !important;}&#8221;][vc_column_text css=&#8221;&#8221;]<\/p>\n<h3 style=\"margin-bottom: 20px;\">Posizionamento corretto<\/h3>\n<ol>\n<li>Rimuovi il copriobiettivo dello Spyder<\/li>\n<li>Il copriobiettivo scorre lungo il cavo (come mostrato sotto) e funge da contrappeso per mantenere il sensore in posizione<\/li>\n<li>Appendi il dispositivo sopra lo schermo \u2013 deve aderire da solo, senza tenerlo con la mano<\/li>\n<li>Inclina lo schermo leggermente all\u2019indietro, se necessario, per farlo aderire meglio<\/li>\n<\/ol>\n<p>[\/vc_column_text][vc_empty_space][vc_row_inner][vc_column_inner width=&#8221;1\/2&#8243;][vc_single_image image=&#8221;58077&#8243; img_size=&#8221;full&#8221; alignment=&#8221;center&#8221;][\/vc_column_inner][vc_column_inner width=&#8221;1\/2&#8243;][vc_single_image image=&#8221;58087&#8243; img_size=&#8221;large&#8221; alignment=&#8221;center&#8221;][\/vc_column_inner][\/vc_row_inner][\/vc_column][\/vc_row][vc_row css=&#8221;.vc_custom_1682343562567{padding-top: 60px !important;padding-bottom: 60px !important;}&#8221;][vc_column width=&#8221;2\/3&#8243;][vc_column_text css=&#8221;&#8221;]<\/p>\n<h2>Scarica il software SpyderExpress<\/h2>\n<p>Collega lo Spyder (porta USB-C e adattatore USB-A inclusi).<\/p>\n<p>Il software ti guider\u00e0 nell\u2019installazione.<br \/>\nIl numero di serie si trova nella confezione, sotto il prodotto. [\/vc_column_text][vc_empty_space][vc_btn title=&#8221;Guarda il video&#8221; style=&#8221;classic&#8221; shape=&#8221;round&#8221; color=&#8221;black&#8221; css=&#8221;.vc_custom_1757419216789{margin-top: 8px !important;margin-left: 16px !important;}&#8221; link=&#8221;url:https%3A%2F%2Fyoutu.be%2FKzMbjdo_buQ|target:_blank&#8221;][vc_empty_space][\/vc_column][vc_column width=&#8221;1\/3&#8243;][vc_empty_space][vc_btn title=&#8221;Software per Windows&#8221; style=&#8221;classic&#8221; shape=&#8221;round&#8221; color=&#8221;black&#8221; align=&#8221;center&#8221; css=&#8221;.vc_custom_1725982047112{margin-top: 8px !important;}&#8221; link=&#8221;url:https%3A%2F%2Fgoto.datacolor.com%2Fdownloads%2Fwin%2Fsp2024|target:_blank|&#8221; el_class=&#8221;resourcebutton&#8221;][vc_empty_space height=&#8221;20px&#8221;][vc_btn title=&#8221;Software per macOS&#8221; style=&#8221;classic&#8221; shape=&#8221;round&#8221; color=&#8221;black&#8221; align=&#8221;center&#8221; css=&#8221;.vc_custom_1725553602309{margin-top: 8px !important;}&#8221; link=&#8221;url:https%3A%2F%2Fgoto.datacolor.com%2Fdownloads%2Fmac%2Fsp2024|target:_blank|&#8221; el_class=&#8221;resourcebutton&#8221;][vc_empty_space][\/vc_column][vc_column css=&#8221;.vc_custom_1755013160692{border-top-width: 1px !important;border-right-width: 1px !important;border-bottom-width: 1px !important;border-left-width: 1px !important;padding-top: 0px !important;padding-right: 30px !important;padding-bottom: 30px !important;padding-left: 30px !important;background-color: #F2F2F2 !important;border-left-style: solid !important;border-right-style: solid !important;border-top-style: solid !important;border-bottom-style: solid !important;border-color: #CCCCCC !important;}&#8221;][vc_column_text css=&#8221;&#8221;]Leggi la <a href=\"https:\/\/spyderx.datacolor.com\/datacolor-spyder-software-license\/\" target=\"_blank\" rel=\"noopener\">licenza del software Datacolor<\/a>.<\/p>\n<p><em style=\"font-size: 0.75em;\">Tutti i prodotti Spyder includono una \u201cSite License\u201d per un singolo proprietario, che consente l\u2019installazione e l\u2019uso su tutti i computer posseduti (Mac o Windows). \u00c8 vietato installare su computer non di tua propriet\u00e0 o usarlo come servizio per altri. <\/em>[\/vc_column_text][\/vc_column][\/vc_row][vc_row css=&#8221;.vc_custom_1682345998990{padding-top: 60px !important;padding-bottom: 60px !important;}&#8221;][vc_column][vc_column_text css=&#8221;&#8221;]<\/p>\n<h2>Come calibrare il display<\/h2>\n<p>[\/vc_column_text][vc_btn title=&#8221;Guarda il video&#8221; style=&#8221;classic&#8221; shape=&#8221;round&#8221; color=&#8221;black&#8221; align=&#8221;left&#8221; css=&#8221;.vc_custom_1757419314015{margin-top: 8px !important;margin-left: 16px !important;}&#8221; link=&#8221;url:https%3A%2F%2Fyoutu.be%2FeJhJeVvhstQ|target:_blank&#8221;][vc_empty_space][vc_row_inner][vc_column_inner width=&#8221;1\/2&#8243; offset=&#8221;vc_col-md-3&#8243; css=&#8221;.vc_custom_1755183905753{padding-top: 15px !important;}&#8221;][vc_single_image image=&#8221;58112&#8243; img_size=&#8221;500&#215;500&#8243; alignment=&#8221;center&#8221;][vc_empty_space][vc_column_text css=&#8221;&#8221;]<\/p>\n<h3 style=\"margin-bottom: 15px;\">Come utilizzerai il tuo display?<\/h3>\n<ul>\n<li><strong>Contenuto digitale:<\/strong> Scegli questa opzione se stai modificando per l&#8217;uso online, come i social media o i siti web. Questa impostazione \u00e8 ottimizzata per l&#8217;uso digitale.<\/li>\n<li><strong>Prepara stampa:<\/strong> Scegli questa opzione se stai modificando le foto da stampare, sia a casa che tramite un servizio di stampa.<\/li>\n<\/ul>\n<p>[\/vc_column_text][vc_empty_space][\/vc_column_inner][vc_column_inner width=&#8221;1\/2&#8243; offset=&#8221;vc_col-md-3&#8243; css=&#8221;.vc_custom_1755183900528{padding-top: 15px !important;}&#8221;][vc_single_image image=&#8221;58132&#8243; img_size=&#8221;500&#215;500&#8243; alignment=&#8221;center&#8221;][vc_empty_space][vc_column_text css=&#8221;&#8221;]<\/p>\n<h3 style=\"margin-bottom: 15px;\">Configurazione e calibrazione<\/h3>\n<ul>\n<li>Rimuovi il copriobiettivo e fallo scorrere come contrappeso<\/li>\n<li>Appendi il dispositivo all\u2019interno del contorno sullo schermo<\/li>\n<li>Se necessario, inclina lo schermo leggermente<\/li>\n<li>Non tenerlo con la mano<\/li>\n<\/ul>\n<p>Il software mostrer\u00e0 sequenze di colori, misurer\u00e0 lo schermo e creer\u00e0 un profilo. Puoi annullare la calibrazione eliminando il profilo.[\/vc_column_text][vc_empty_space][\/vc_column_inner][vc_column_inner width=&#8221;1\/2&#8243; offset=&#8221;vc_col-md-3&#8243; css=&#8221;.vc_custom_1755183894998{padding-top: 15px !important;}&#8221;][vc_single_image image=&#8221;58122&#8243; img_size=&#8221;500&#215;500&#8243; alignment=&#8221;center&#8221;][vc_empty_space][vc_column_text css=&#8221;&#8221;]<\/p>\n<h3 style=\"margin-bottom: 15px;\">Verifica dei risultati<\/h3>\n<p>Passa da \u201cCalibrato\u201d a \u201cNon calibrato\u201d per vedere la differenza.[\/vc_column_text][vc_empty_space][\/vc_column_inner][vc_column_inner width=&#8221;1\/2&#8243; offset=&#8221;vc_col-md-3&#8243; css=&#8221;.vc_custom_1755183888646{padding-top: 15px !important;background-color: #F2F2F2 !important;}&#8221;][vc_single_image image=&#8221;58102&#8243; img_size=&#8221;500&#215;500&#8243; alignment=&#8221;center&#8221;][vc_empty_space][vc_column_text css=&#8221;&#8221;]<\/p>\n<h3>Cosa aspettarsi<\/h3>\n<p><strong>Lo schermo potrebbe sembrare diverso \u2013 \u00e8 normale! <\/strong><\/p>\n<p>I colori appariranno pi\u00f9 naturali e la luminosit\u00e0 pi\u00f9 bilanciata, con maggiori dettagli in:<\/p>\n<ul>\n<li>Ombre scure<\/li>\n<li>Zone molto luminose<\/li>\n<\/ul>\n<p>[\/vc_column_text][vc_empty_space][vc_btn title=&#8221;Guarda il video&#8221; style=&#8221;classic&#8221; shape=&#8221;round&#8221; color=&#8221;black&#8221; css=&#8221;.vc_custom_1757419389581{margin-top: 8px !important;}&#8221; link=&#8221;url:https%3A%2F%2Fyoutu.be%2FZNTHTG20_Tw|target:_blank&#8221;][vc_empty_space][\/vc_column_inner][\/vc_row_inner][\/vc_column][\/vc_row][vc_row bg_type=&#8221;bg_color&#8221; bg_override=&#8221;full&#8221; css=&#8221;.vc_custom_1725525740289{padding-top: 60px !important;padding-bottom: 60px !important;}&#8221; bg_color_value=&#8221;#fafafa&#8221;][vc_column][vc_column_text css=&#8221;&#8221;]<\/p>\n<h2>Risorse<\/h2>\n<p>[\/vc_column_text][vc_empty_space][vc_row_inner][vc_column_inner width=&#8221;1\/3&#8243;][vc_single_image image=&#8221;47604&#8243; img_size=&#8221;500&#215;500&#8243; onclick=&#8221;custom_link&#8221; img_link_target=&#8221;_blank&#8221;][vc_empty_space][\/vc_column_inner][vc_column_inner width=&#8221;1\/3&#8243;][vc_btn title=&#8221;Scarica la Guida Rapida&#8221; style=&#8221;classic&#8221; shape=&#8221;round&#8221; color=&#8221;black&#8221; align=&#8221;center&#8221; css=&#8221;.vc_custom_1757363701255{margin-top: 8px !important;}&#8221; link=&#8221;url:https%3A%2F%2Fwww.datacolor.com%2Fspyder%2Fwp-content%2Fuploads%2F2025%2F09%2FSpyderExpress-QSG-IT.pdf|target:_blank|&#8221; el_class=&#8221;resourcebutton&#8221;][vc_btn title=&#8221;Scarica la Guida dell&#8217;utente&#8221; style=&#8221;classic&#8221; shape=&#8221;round&#8221; color=&#8221;black&#8221; align=&#8221;center&#8221; css=&#8221;.vc_custom_1762767265223{margin-top: 8px !important;}&#8221; link=&#8221;url:https%3A%2F%2Fwww.datacolor.com%2Fspyder%2Fwp-content%2Fuploads%2F2025%2F11%2FSpyderExpress-User-Guide_IT.pdf|target:_blank&#8221; el_class=&#8221;resourcebutton&#8221;][vc_btn title=&#8221;FAQs&#8221; style=&#8221;classic&#8221; shape=&#8221;round&#8221; color=&#8221;black&#8221; align=&#8221;center&#8221; css=&#8221;.vc_custom_1756820475549{margin-top: 8px !important;}&#8221; link=&#8221;url:https%3A%2F%2Fgoto.datacolor.com%2Flearnaboutspyder24-faq|target:_blank|&#8221; el_class=&#8221;resourcebutton&#8221;][vc_empty_space][\/vc_column_inner][vc_column_inner width=&#8221;1\/3&#8243;][vc_btn title=&#8221;Demo di installazione&#8221; style=&#8221;classic&#8221; shape=&#8221;round&#8221; color=&#8221;black&#8221; align=&#8221;center&#8221; i_icon_fontawesome=&#8221;&#8221; css=&#8221;.vc_custom_1757419475872{margin-top: 8px !important;}&#8221; add_icon=&#8221;true&#8221; link=&#8221;url:https%3A%2F%2Fyoutu.be%2FKzMbjdo_buQ|target:_blank&#8221; el_class=&#8221;resourcebutton&#8221;][vc_btn title=&#8221;Demo di calibrazione&#8221; style=&#8221;classic&#8221; shape=&#8221;round&#8221; color=&#8221;black&#8221; align=&#8221;center&#8221; i_icon_fontawesome=&#8221;&#8221; css=&#8221;.vc_custom_1757419538663{margin-top: 8px !important;}&#8221; add_icon=&#8221;true&#8221; link=&#8221;url:https%3A%2F%2Fyoutu.be%2Ft21f0mV-8z0|target:_blank&#8221; el_class=&#8221;resourcebutton&#8221;][vc_btn title=&#8221;Contattateci&#8221; style=&#8221;classic&#8221; shape=&#8221;round&#8221; color=&#8221;black&#8221; align=&#8221;center&#8221; i_icon_fontawesome=&#8221;fas fa-at&#8221; css=&#8221;.vc_custom_1725553162918{margin-top: 8px !important;}&#8221; add_icon=&#8221;true&#8221; link=&#8221;url:https%3A%2F%2Fspyder-support.datacolor.com%2F|target:_blank|&#8221; el_class=&#8221;resourcebutton&#8221;][vc_empty_space][\/vc_column_inner][\/vc_row_inner][\/vc_column][\/vc_row][vc_row css=&#8221;.vc_custom_1725544748051{padding-top: 60px !important;padding-bottom: 60px !important;}&#8221;][vc_column width=&#8221;1\/2&#8243;][vc_single_image image=&#8221;58170&#8243; img_size=&#8221;large&#8221; onclick=&#8221;custom_link&#8221; img_link_target=&#8221;_blank&#8221;][vc_empty_space][\/vc_column][vc_column width=&#8221;1\/2&#8243;][vc_column_text css=&#8221;&#8221;]<strong>Sali di livello, quando sei pronto<\/strong><\/p>\n<p>Quando sei pronto, puoi fare l\u2019upgrade del software SpyderExpress e sbloccare nuove funzioni \u2013 al tuo ritmo.[\/vc_column_text][vc_empty_space][vc_btn title=&#8221;Per saperne di pi\u00f9&#8221; style=&#8221;classic&#8221; shape=&#8221;round&#8221; color=&#8221;black&#8221; align=&#8221;left&#8221; css=&#8221;.vc_custom_1757363875337{margin-top: 8px !important;}&#8221; link=&#8221;url:https%3A%2F%2Fwww.datacolor.com%2Fspyder%2Fit%2Fspyder-upgrade%2F|target:_blank|&#8221; el_class=&#8221;resourcebutton&#8221;][\/vc_column][\/vc_row]<\/p>\n<\/div>","protected":false},"excerpt":{"rendered":"<p>[vc_row css=&#8221;.vc_custom_1682339726830{padding-top: 60px !important;padding-bottom: 60px !important;}&#8221;][vc_column width=&#8221;1\/2&#8243;][vc_column_text css=&#8221;&#8221;] Benvenuto su SpyderExpress \u2013 iniziamo! [\/vc_column_text][vc_empty_space][vc_column_text css=&#8221;&#8221;]D\u00ec addio alle incertezze sui colori e benvenuto alla facile ottimizzazione dello schermo. Scarica il software SpyderExpress Consulta la guida rapida e la guida utente Guarda i video tutorial Esplora le FAQ Calibra Il tuo schermo sar\u00e0 ottimizzato in un attimo![\/vc_column_text][vc_empty_space][\/vc_column][vc_column &hellip;<\/p>\n","protected":false},"author":3,"featured_media":0,"parent":0,"menu_order":0,"comment_status":"closed","ping_status":"closed","template":"","meta":{"_acf_changed":false,"footnotes":""},"class_list":["post-59611","page","type-page","status-publish","hentry"],"acf":[],"_links":{"self":[{"href":"https:\/\/www.datacolor.com\/spyder\/it\/wp-json\/wp\/v2\/pages\/59611","targetHints":{"allow":["GET"]}}],"collection":[{"href":"https:\/\/www.datacolor.com\/spyder\/it\/wp-json\/wp\/v2\/pages"}],"about":[{"href":"https:\/\/www.datacolor.com\/spyder\/it\/wp-json\/wp\/v2\/types\/page"}],"author":[{"embeddable":true,"href":"https:\/\/www.datacolor.com\/spyder\/it\/wp-json\/wp\/v2\/users\/3"}],"replies":[{"embeddable":true,"href":"https:\/\/www.datacolor.com\/spyder\/it\/wp-json\/wp\/v2\/comments?post=59611"}],"version-history":[{"count":0,"href":"https:\/\/www.datacolor.com\/spyder\/it\/wp-json\/wp\/v2\/pages\/59611\/revisions"}],"wp:attachment":[{"href":"https:\/\/www.datacolor.com\/spyder\/it\/wp-json\/wp\/v2\/media?parent=59611"}],"curies":[{"name":"wp","href":"https:\/\/api.w.org\/{rel}","templated":true}]}}