{"id":60894,"date":"2025-09-16T14:36:33","date_gmt":"2025-09-16T14:36:33","guid":{"rendered":"https:\/\/dev2024.spyder.datacolor.eu\/spyder\/informazioni-sulla-calibrazione\/"},"modified":"2025-11-18T16:49:22","modified_gmt":"2025-11-18T16:49:22","slug":"informazioni-sulla-calibrazione","status":"publish","type":"page","link":"https:\/\/www.datacolor.com\/spyder\/it\/informazioni-sulla-calibrazione\/","title":{"rendered":"Informazioni sulla calibrazione"},"content":{"rendered":"\t\t<div data-elementor-type=\"wp-page\" data-elementor-id=\"60894\" class=\"elementor elementor-60894 elementor-60553\" data-elementor-post-type=\"page\">\n\t\t\t\t<div class=\"elementor-element elementor-element-96eea76 e-con-full e-flex e-con e-parent\" data-id=\"96eea76\" data-element_type=\"container\">\n\t\t<div class=\"elementor-element elementor-element-8782d9d e-con-full hero-block e-flex e-con e-child\" data-id=\"8782d9d\" data-element_type=\"container\" data-settings=\"{&quot;background_background&quot;:&quot;classic&quot;}\">\n\t\t\t\t<div class=\"elementor-element elementor-element-c85c1df elementor-absolute elementor-widget-mobile__width-inherit elementor-widget elementor-widget-text-editor\" data-id=\"c85c1df\" data-element_type=\"widget\" data-settings=\"{&quot;_position&quot;:&quot;absolute&quot;}\" data-widget_type=\"text-editor.default\">\n\t\t\t\t<div class=\"elementor-widget-container\">\n\t\t\t\t\t\t\t\t\t<p>Nota: la calibrazione e le regolazioni del colore vengono effettuate solo sul monitor. Gli strumenti Spyder non calibrano i dispositivi mobili o tablet. <\/p>\t\t\t\t\t\t\t\t<\/div>\n\t\t\t\t<\/div>\n\t\t<div class=\"elementor-element elementor-element-ef84803 e-con-full e-flex e-con e-child\" data-id=\"ef84803\" data-element_type=\"container\" data-settings=\"{&quot;position&quot;:&quot;absolute&quot;}\">\n\t\t\t\t<div class=\"elementor-element elementor-element-7dd102e elementor-widget elementor-widget-text-editor\" data-id=\"7dd102e\" data-element_type=\"widget\" data-widget_type=\"text-editor.default\">\n\t\t\t\t<div class=\"elementor-widget-container\">\n\t\t\t\t\t\t\t\t\t<p>Colori perfetti, visione chiara<\/p>\t\t\t\t\t\t\t\t<\/div>\n\t\t\t\t<\/div>\n\t\t\t\t<div class=\"elementor-element elementor-element-9545da8 elementor-widget elementor-widget-text-editor\" data-id=\"9545da8\" data-element_type=\"widget\" data-widget_type=\"text-editor.default\">\n\t\t\t\t<div class=\"elementor-widget-container\">\n\t\t\t\t\t\t\t\t\t<p>\u2013 perch\u00e9 la calibrazione del monitor \u00e8 fondamentale per la Sua creativit\u00e0<\/p>\t\t\t\t\t\t\t\t<\/div>\n\t\t\t\t<\/div>\n\t\t\t\t<\/div>\n\t\t\t\t<\/div>\n\t\t\t\t<\/div>\n\t\t<div class=\"elementor-element elementor-element-382b1d1 e-flex e-con-boxed e-con e-parent\" data-id=\"382b1d1\" data-element_type=\"container\">\n\t\t\t\t\t<div class=\"e-con-inner\">\n\t\t<div class=\"elementor-element elementor-element-f04c934 e-con-full e-flex e-con e-child\" data-id=\"f04c934\" data-element_type=\"container\" data-settings=\"{&quot;background_background&quot;:&quot;classic&quot;}\">\n\t\t<div class=\"elementor-element elementor-element-e92a76c e-grid e-con-full e-con e-child\" data-id=\"e92a76c\" data-element_type=\"container\" data-settings=\"{&quot;background_background&quot;:&quot;classic&quot;}\">\n\t\t<div class=\"elementor-element elementor-element-de99d05 e-grid e-con-full e-con e-child\" data-id=\"de99d05\" data-element_type=\"container\" data-settings=\"{&quot;background_background&quot;:&quot;classic&quot;}\">\n\t\t<div class=\"elementor-element elementor-element-a84ed59 e-grid e-con-full e-con e-child\" data-id=\"a84ed59\" data-element_type=\"container\">\n\t\t\t\t<div class=\"elementor-element elementor-element-e99cecf elementor-widget elementor-widget-heading\" data-id=\"e99cecf\" data-element_type=\"widget\" data-widget_type=\"heading.default\">\n\t\t\t\t<div class=\"elementor-widget-container\">\n\t\t\t\t\t<h2 class=\"elementor-heading-title elementor-size-default\">La Sua visione merita precisione \u2013 Ottimizzi il Suo display con Spyder<\/h2>\t\t\t\t<\/div>\n\t\t\t\t<\/div>\n\t\t\t\t<div class=\"elementor-element elementor-element-36428da elementor-widget elementor-widget-text-editor\" data-id=\"36428da\" data-element_type=\"widget\" data-widget_type=\"text-editor.default\">\n\t\t\t\t<div class=\"elementor-widget-container\">\n\t\t\t\t\t\t\t\t\tOgni immagine, ogni dettaglio, ogni sfumatura nasce dalla Sua passione. Ma senza un monitor calibrato, il pubblico non vede ci\u00f2 che Lei ha realmente creato. I colori si alterano, le ombre scompaiono, i toni della pelle appaiono artificiali \u2013 e la Sua visione creativa rischia di andare perduta.     \t\t\t\t\t\t\t\t<\/div>\n\t\t\t\t<\/div>\n\t\t\t\t<\/div>\n\t\t\t\t<\/div>\n\t\t\t\t<\/div>\n\t\t\t\t<\/div>\n\t\t<div class=\"elementor-element elementor-element-d0e6b0c e-con-full e-flex e-con e-child\" data-id=\"d0e6b0c\" data-element_type=\"container\" data-settings=\"{&quot;background_background&quot;:&quot;classic&quot;}\">\n\t\t<div class=\"elementor-element elementor-element-9881c33 e-grid e-con-full e-con e-child\" data-id=\"9881c33\" data-element_type=\"container\" data-settings=\"{&quot;background_background&quot;:&quot;classic&quot;}\">\n\t\t<div class=\"elementor-element elementor-element-12186ab e-grid e-con-full e-con e-child\" data-id=\"12186ab\" data-element_type=\"container\" data-settings=\"{&quot;background_background&quot;:&quot;classic&quot;}\">\n\t\t<div class=\"elementor-element elementor-element-e2083cd e-grid e-con-full e-con e-child\" data-id=\"e2083cd\" data-element_type=\"container\">\n\t\t\t\t<div class=\"elementor-element elementor-element-9e6d1cc elementor-widget elementor-widget-text-editor\" data-id=\"9e6d1cc\" data-element_type=\"widget\" data-widget_type=\"text-editor.default\">\n\t\t\t\t<div class=\"elementor-widget-container\">\n\t\t\t\t\t\t\t\t\t<p>Anche i monitor calibrati in fabbrica possono risultare troppo saturi o non adattarsi al Suo flusso di lavoro. Ecco perch\u00e9 <g id=\"gid_0\">la calibrazione non \u00e8 un optional, ma una necessit\u00e0<\/g>. Che si tratti di montaggio video, ritocco di ritratti o creazione di contenuti per milioni di persone: un monitor calibrato \u00e8 lo strumento invisibile che rende brillante il Suo lavoro visibile.  <\/p>\t\t\t\t\t\t\t\t<\/div>\n\t\t\t\t<\/div>\n\t\t\t\t<div class=\"elementor-element elementor-element-d82299f elementor-align-center elementor-widget elementor-widget-button\" data-id=\"d82299f\" data-element_type=\"widget\" data-widget_type=\"button.default\">\n\t\t\t\t<div class=\"elementor-widget-container\">\n\t\t\t\t\t\t\t\t\t<div class=\"elementor-button-wrapper\">\n\t\t\t\t\t<a class=\"elementor-button elementor-button-link elementor-size-sm\" href=\"https:\/\/www.datacolor.com\/spyder\/it\/perche-calibrare\/\" id=\"shop_spyderpro\">\n\t\t\t\t\t\t<span class=\"elementor-button-content-wrapper\">\n\t\t\t\t\t\t\t\t\t<span class=\"elementor-button-text\">Perch\u00e9 calibrare?<\/span>\n\t\t\t\t\t<\/span>\n\t\t\t\t\t<\/a>\n\t\t\t\t<\/div>\n\t\t\t\t\t\t\t\t<\/div>\n\t\t\t\t<\/div>\n\t\t\t\t<\/div>\n\t\t\t\t<\/div>\n\t\t<div class=\"elementor-element elementor-element-2e8bd45 e-grid e-con-full e-con e-child\" data-id=\"2e8bd45\" data-element_type=\"container\" data-settings=\"{&quot;background_background&quot;:&quot;classic&quot;}\">\n\t\t\t\t<div class=\"elementor-element elementor-element-b5d0d45 elementor-widget elementor-widget-image\" data-id=\"b5d0d45\" data-element_type=\"widget\" data-widget_type=\"image.default\">\n\t\t\t\t<div class=\"elementor-widget-container\">\n\t\t\t\t\t\t\t\t\t\t\t\t\t\t\t<img fetchpriority=\"high\" decoding=\"async\" width=\"1200\" height=\"850\" src=\"https:\/\/www.datacolor.com\/spyder\/wp-content\/uploads\/2025\/09\/Different-Monitors-shutterstock_149396780.jpg\" class=\"attachment-full size-full wp-image-60559\" alt=\"\" srcset=\"https:\/\/www.datacolor.com\/spyder\/wp-content\/uploads\/2025\/09\/Different-Monitors-shutterstock_149396780.jpg 1200w, https:\/\/www.datacolor.com\/spyder\/wp-content\/uploads\/2025\/09\/Different-Monitors-shutterstock_149396780-300x213.jpg 300w, https:\/\/www.datacolor.com\/spyder\/wp-content\/uploads\/2025\/09\/Different-Monitors-shutterstock_149396780-1024x725.jpg 1024w, https:\/\/www.datacolor.com\/spyder\/wp-content\/uploads\/2025\/09\/Different-Monitors-shutterstock_149396780-768x544.jpg 768w\" sizes=\"(max-width: 1200px) 100vw, 1200px\" \/>\t\t\t\t\t\t\t\t\t\t\t\t\t\t\t<\/div>\n\t\t\t\t<\/div>\n\t\t\t\t<\/div>\n\t\t\t\t<\/div>\n\t\t\t\t<\/div>\n\t\t\t\t\t<\/div>\n\t\t\t\t<\/div>\n\t\t<div class=\"elementor-element elementor-element-da6827d e-flex e-con-boxed e-con e-parent\" data-id=\"da6827d\" data-element_type=\"container\">\n\t\t\t\t\t<div class=\"e-con-inner\">\n\t\t<div class=\"elementor-element elementor-element-8d7b404 e-con-full e-flex e-con e-child\" data-id=\"8d7b404\" data-element_type=\"container\">\n\t\t\t\t<div class=\"elementor-element elementor-element-6ec12d5 elementor-widget elementor-widget-heading\" data-id=\"6ec12d5\" data-element_type=\"widget\" data-widget_type=\"heading.default\">\n\t\t\t\t<div class=\"elementor-widget-container\">\n\t\t\t\t\t<h2 class=\"elementor-heading-title elementor-size-default\">Guarda il video per saperne di pi\u00f9<\/h2>\t\t\t\t<\/div>\n\t\t\t\t<\/div>\n\t\t\t\t<div class=\"elementor-element elementor-element-42951ff elementor-widget elementor-widget-video\" data-id=\"42951ff\" data-element_type=\"widget\" data-settings=\"{&quot;youtube_url&quot;:&quot;https:\\\/\\\/youtu.be\\\/jNqt-7_jzWo&quot;,&quot;yt_privacy&quot;:&quot;yes&quot;,&quot;video_type&quot;:&quot;youtube&quot;,&quot;controls&quot;:&quot;yes&quot;}\" data-widget_type=\"video.default\">\n\t\t\t\t<div class=\"elementor-widget-container\">\n\t\t\t\t\t\t\t<div class=\"elementor-wrapper elementor-open-inline\">\n\t\t\t<div class=\"elementor-video\"><\/div>\t\t<\/div>\n\t\t\t\t\t\t<\/div>\n\t\t\t\t<\/div>\n\t\t\t\t<\/div>\n\t\t<div class=\"elementor-element elementor-element-eadc5f2 e-con-full e-flex e-con e-child\" data-id=\"eadc5f2\" data-element_type=\"container\">\n\t\t<div class=\"elementor-element elementor-element-61f1ddc e-grid e-con-full e-con e-child\" data-id=\"61f1ddc\" data-element_type=\"container\" data-settings=\"{&quot;background_background&quot;:&quot;classic&quot;}\">\n\t\t\t\t<div class=\"elementor-element elementor-element-5cfb36a elementor-widget elementor-widget-image\" data-id=\"5cfb36a\" data-element_type=\"widget\" data-widget_type=\"image.default\">\n\t\t\t\t<div class=\"elementor-widget-container\">\n\t\t\t\t\t\t\t\t\t\t\t\t\t\t\t<img decoding=\"async\" src=\"https:\/\/www.datacolor.com\/spyder\/wp-content\/uploads\/elementor\/thumbs\/What-is-Display-Calibration-Spyder_1000x1000-image_2-300dpi-rbw73qhdpxfon0nip48miejr8n1l8h65klzc7kr7yo.jpg\" title=\"What-is-Display-Calibration-Spyder_1000x1000 image_2-300dpi\" alt=\"What-is-Display-Calibration-Spyder_1000x1000 image_2-300dpi\" loading=\"lazy\" \/>\t\t\t\t\t\t\t\t\t\t\t\t\t\t\t<\/div>\n\t\t\t\t<\/div>\n\t\t\t\t<div class=\"elementor-element elementor-element-0fc73b8 elementor-widget elementor-widget-image\" data-id=\"0fc73b8\" data-element_type=\"widget\" data-widget_type=\"image.default\">\n\t\t\t\t<div class=\"elementor-widget-container\">\n\t\t\t\t\t\t\t\t\t\t\t\t\t\t\t<img decoding=\"async\" src=\"https:\/\/www.datacolor.com\/spyder\/wp-content\/uploads\/elementor\/thumbs\/What-is-Display-Calibration-Spyder_Calibrate-Image-1000x1000-300dpi-rbw73pjjj3eebeovultzxwsan9680s2f8hbuqasm4w.jpg\" title=\"What-is-Display-Calibration-Spyder_Calibrate Image 1000&#215;1000-300dpi\" alt=\"What-is-Display-Calibration-Spyder_Calibrate Image 1000x1000-300dpi\" loading=\"lazy\" \/>\t\t\t\t\t\t\t\t\t\t\t\t\t\t\t<\/div>\n\t\t\t\t<\/div>\n\t\t\t\t<\/div>\n\t\t<div class=\"elementor-element elementor-element-89897d2 e-grid e-con-full e-con e-child\" data-id=\"89897d2\" data-element_type=\"container\" data-settings=\"{&quot;background_background&quot;:&quot;classic&quot;}\">\n\t\t<div class=\"elementor-element elementor-element-69fa175 e-grid e-con-full e-con e-child\" data-id=\"69fa175\" data-element_type=\"container\">\n\t\t\t\t<div class=\"elementor-element elementor-element-69a5a89 elementor-widget elementor-widget-text-editor\" data-id=\"69a5a89\" data-element_type=\"widget\" data-widget_type=\"text-editor.default\">\n\t\t\t\t<div class=\"elementor-widget-container\">\n\t\t\t\t\t\t\t\t\t<p><strong style=\"font-size: 1.25em;\">Cos\u2019\u00e8 la calibrazione del monitor?<\/strong><\/p><p>La calibrazione del monitor significa: il Suo display mostra i colori cos\u00ec come sono davvero. Con <strong>Datacolor Spyder<\/strong> ottiene: <\/p><ul><li><strong>Contrasti naturali<\/strong> \u2013 Ombre e luci appaiono definiti e realistici.<\/li><li><strong>Bianchi autentici<\/strong> \u2013 Un bianco davvero neutro, per colori coerenti su tutti i dispositivi e in stampa.<\/li><li><strong>Flessibilit\u00e0 totale<\/strong> \u2013 Ogni calibrazione \u00e8 reversibile, pu\u00f2 tornare alle impostazioni originali in qualsiasi momento.<\/li><\/ul><p><br><strong>Velocit\u00e0 e precisione<\/strong> \u2013 L\u2019<strong>ecosistema Spyder<\/strong> offre risultati affidabili in pochi minuti.<\/p>\t\t\t\t\t\t\t\t<\/div>\n\t\t\t\t<\/div>\n\t\t\t\t<div class=\"elementor-element elementor-element-094f921 elementor-align-center elementor-widget elementor-widget-button\" data-id=\"094f921\" data-element_type=\"widget\" data-widget_type=\"button.default\">\n\t\t\t\t<div class=\"elementor-widget-container\">\n\t\t\t\t\t\t\t\t\t<div class=\"elementor-button-wrapper\">\n\t\t\t\t\t<a class=\"elementor-button elementor-button-link elementor-size-sm\" href=\"\/spyder\/spyder-ecosystem\/%20\" id=\"shop_spyderpro\">\n\t\t\t\t\t\t<span class=\"elementor-button-content-wrapper\">\n\t\t\t\t\t\t\t\t\t<span class=\"elementor-button-text\">Per saperne di pi\u00f9<\/span>\n\t\t\t\t\t<\/span>\n\t\t\t\t\t<\/a>\n\t\t\t\t<\/div>\n\t\t\t\t\t\t\t\t<\/div>\n\t\t\t\t<\/div>\n\t\t\t\t<\/div>\n\t\t\t\t<\/div>\n\t\t\t\t<\/div>\n\t\t<div class=\"elementor-element elementor-element-19bf9d1 e-con-full e-flex e-con e-child\" data-id=\"19bf9d1\" data-element_type=\"container\">\n\t\t<div class=\"elementor-element elementor-element-f3bf742 e-grid e-con-full e-con e-child\" data-id=\"f3bf742\" data-element_type=\"container\" data-settings=\"{&quot;background_background&quot;:&quot;classic&quot;}\">\n\t\t\t\t<div class=\"elementor-element elementor-element-3ebe91a elementor-widget elementor-widget-image\" data-id=\"3ebe91a\" data-element_type=\"widget\" data-widget_type=\"image.default\">\n\t\t\t\t<div class=\"elementor-widget-container\">\n\t\t\t\t\t\t\t\t\t\t\t\t\t\t\t<img decoding=\"async\" width=\"800\" height=\"800\" src=\"https:\/\/www.datacolor.com\/spyder\/wp-content\/uploads\/2025\/09\/What-to-Expect-3D-Multi-Device-Mockup-Vol-01-006_FIXED_tall-copy-scaled-1.jpg\" class=\"attachment-full size-full wp-image-60737\" alt=\"\" srcset=\"https:\/\/www.datacolor.com\/spyder\/wp-content\/uploads\/2025\/09\/What-to-Expect-3D-Multi-Device-Mockup-Vol-01-006_FIXED_tall-copy-scaled-1.jpg 800w, https:\/\/www.datacolor.com\/spyder\/wp-content\/uploads\/2025\/09\/What-to-Expect-3D-Multi-Device-Mockup-Vol-01-006_FIXED_tall-copy-scaled-1-300x300.jpg 300w, https:\/\/www.datacolor.com\/spyder\/wp-content\/uploads\/2025\/09\/What-to-Expect-3D-Multi-Device-Mockup-Vol-01-006_FIXED_tall-copy-scaled-1-150x150.jpg 150w, https:\/\/www.datacolor.com\/spyder\/wp-content\/uploads\/2025\/09\/What-to-Expect-3D-Multi-Device-Mockup-Vol-01-006_FIXED_tall-copy-scaled-1-768x768.jpg 768w\" sizes=\"(max-width: 800px) 100vw, 800px\" \/>\t\t\t\t\t\t\t\t\t\t\t\t\t\t\t<\/div>\n\t\t\t\t<\/div>\n\t\t\t\t<div class=\"elementor-element elementor-element-a028ccd elementor-widget elementor-widget-image\" data-id=\"a028ccd\" data-element_type=\"widget\" data-widget_type=\"image.default\">\n\t\t\t\t<div class=\"elementor-widget-container\">\n\t\t\t\t\t\t\t\t\t\t\t\t\t\t\t<img decoding=\"async\" width=\"800\" height=\"800\" src=\"https:\/\/www.datacolor.com\/spyder\/wp-content\/uploads\/2025\/09\/Printing-with-personal-printer-2.jpg\" class=\"attachment-full size-full wp-image-60703\" alt=\"\" srcset=\"https:\/\/www.datacolor.com\/spyder\/wp-content\/uploads\/2025\/09\/Printing-with-personal-printer-2.jpg 800w, https:\/\/www.datacolor.com\/spyder\/wp-content\/uploads\/2025\/09\/Printing-with-personal-printer-2-300x300.jpg 300w, https:\/\/www.datacolor.com\/spyder\/wp-content\/uploads\/2025\/09\/Printing-with-personal-printer-2-150x150.jpg 150w, https:\/\/www.datacolor.com\/spyder\/wp-content\/uploads\/2025\/09\/Printing-with-personal-printer-2-768x768.jpg 768w\" sizes=\"(max-width: 800px) 100vw, 800px\" \/>\t\t\t\t\t\t\t\t\t\t\t\t\t\t\t<\/div>\n\t\t\t\t<\/div>\n\t\t\t\t<\/div>\n\t\t<div class=\"elementor-element elementor-element-65030df e-grid e-con-full e-con e-child\" data-id=\"65030df\" data-element_type=\"container\" data-settings=\"{&quot;background_background&quot;:&quot;classic&quot;}\">\n\t\t<div class=\"elementor-element elementor-element-ee867a5 e-grid e-con-full e-con e-child\" data-id=\"ee867a5\" data-element_type=\"container\">\n\t\t\t\t<div class=\"elementor-element elementor-element-23a92d5 elementor-widget elementor-widget-text-editor\" data-id=\"23a92d5\" data-element_type=\"widget\" data-widget_type=\"text-editor.default\">\n\t\t\t\t<div class=\"elementor-widget-container\">\n\t\t\t\t\t\t\t\t\t<p><strong style=\"font-size: 1.25em;\">Cosa aspettarsi dopo la calibrazione<\/strong><\/p><p>All\u2019inizio il Suo monitor potr\u00e0 sembrare diverso \u2013 ma sar\u00e0 finalmente corretto. Da subito noter\u00e0: <\/p><ul><li><strong>Colori pi\u00f9 naturali<\/strong> e luminosit\u00e0 uniforme su tutta la superficie dello schermo.<\/li><li><strong>Maggiori dettagli<\/strong> nelle ombre e nelle alte luci \u2013 perfetto per cieli notturni o scene soleggiate.<\/li><li><strong>Coerenza<\/strong> su dispositivi e piattaforme, cos\u00ec il Suo lavoro si distingue sia online che su carta.<\/li><li><strong>Precisione immediata<\/strong> \u2013 per concentrarsi sulla creazione, non sulla correzione.<\/li><\/ul><p><br>Per ottenere risultati ottimali, ricalibra regolarmente, soprattutto quando le condizioni di output o di illuminazione cambiano o prima di iniziare un lavoro critico per il colore.<\/p>\t\t\t\t\t\t\t\t<\/div>\n\t\t\t\t<\/div>\n\t\t\t\t<div class=\"elementor-element elementor-element-a5e2f4d elementor-align-center elementor-widget elementor-widget-button\" data-id=\"a5e2f4d\" data-element_type=\"widget\" data-widget_type=\"button.default\">\n\t\t\t\t<div class=\"elementor-widget-container\">\n\t\t\t\t\t\t\t\t\t<div class=\"elementor-button-wrapper\">\n\t\t\t\t\t<a class=\"elementor-button elementor-button-link elementor-size-sm\" href=\"\/spyder\/why-calibrate\/%20\" id=\"shop_spyderpro\">\n\t\t\t\t\t\t<span class=\"elementor-button-content-wrapper\">\n\t\t\t\t\t\t\t\t\t<span class=\"elementor-button-text\">Perch\u00e9 calibrare<\/span>\n\t\t\t\t\t<\/span>\n\t\t\t\t\t<\/a>\n\t\t\t\t<\/div>\n\t\t\t\t\t\t\t\t<\/div>\n\t\t\t\t<\/div>\n\t\t\t\t<\/div>\n\t\t\t\t<\/div>\n\t\t\t\t<\/div>\n\t\t\t\t\t<\/div>\n\t\t\t\t<\/div>\n\t\t<div class=\"elementor-element elementor-element-2476e78 e-flex e-con-boxed e-con e-parent\" data-id=\"2476e78\" data-element_type=\"container\">\n\t\t\t\t\t<div class=\"e-con-inner\">\n\t\t<div class=\"elementor-element elementor-element-64657f6 e-con-full e-flex e-con e-child\" data-id=\"64657f6\" data-element_type=\"container\">\n\t\t\t\t<div class=\"elementor-element elementor-element-8642f33 elementor-widget elementor-widget-video\" data-id=\"8642f33\" data-element_type=\"widget\" data-settings=\"{&quot;youtube_url&quot;:&quot;https:\\\/\\\/youtu.be\\\/ZNTHTG20_Tw&quot;,&quot;yt_privacy&quot;:&quot;yes&quot;,&quot;video_type&quot;:&quot;youtube&quot;,&quot;controls&quot;:&quot;yes&quot;}\" data-widget_type=\"video.default\">\n\t\t\t\t<div class=\"elementor-widget-container\">\n\t\t\t\t\t\t\t<div class=\"elementor-wrapper elementor-open-inline\">\n\t\t\t<div class=\"elementor-video\"><\/div>\t\t<\/div>\n\t\t\t\t\t\t<\/div>\n\t\t\t\t<\/div>\n\t\t\t\t<\/div>\n\t\t\t\t\t<\/div>\n\t\t\t\t<\/div>\n\t\t<div class=\"elementor-element elementor-element-e2a63c5 e-flex e-con-boxed e-con e-parent\" data-id=\"e2a63c5\" data-element_type=\"container\">\n\t\t\t\t\t<div class=\"e-con-inner\">\n\t\t<div class=\"elementor-element elementor-element-32423ad e-con-full e-flex e-con e-child\" data-id=\"32423ad\" data-element_type=\"container\">\n\t\t<div class=\"elementor-element elementor-element-bba2c8b e-grid e-con-full e-con e-child\" data-id=\"bba2c8b\" data-element_type=\"container\" data-settings=\"{&quot;background_background&quot;:&quot;classic&quot;}\">\n\t\t\t\t<div class=\"elementor-element elementor-element-ee81d2c elementor-widget elementor-widget-image\" data-id=\"ee81d2c\" data-element_type=\"widget\" data-widget_type=\"image.default\">\n\t\t\t\t<div class=\"elementor-widget-container\">\n\t\t\t\t\t\t\t\t\t\t\t\t\t\t\t<img loading=\"lazy\" decoding=\"async\" width=\"800\" height=\"800\" src=\"https:\/\/www.datacolor.com\/spyder\/wp-content\/uploads\/2025\/09\/From-Screen-to-Share-2.jpg\" class=\"attachment-full size-full wp-image-60714\" alt=\"\" srcset=\"https:\/\/www.datacolor.com\/spyder\/wp-content\/uploads\/2025\/09\/From-Screen-to-Share-2.jpg 800w, https:\/\/www.datacolor.com\/spyder\/wp-content\/uploads\/2025\/09\/From-Screen-to-Share-2-300x300.jpg 300w, https:\/\/www.datacolor.com\/spyder\/wp-content\/uploads\/2025\/09\/From-Screen-to-Share-2-150x150.jpg 150w, https:\/\/www.datacolor.com\/spyder\/wp-content\/uploads\/2025\/09\/From-Screen-to-Share-2-768x768.jpg 768w\" sizes=\"(max-width: 800px) 100vw, 800px\" \/>\t\t\t\t\t\t\t\t\t\t\t\t\t\t\t<\/div>\n\t\t\t\t<\/div>\n\t\t\t\t<div class=\"elementor-element elementor-element-d2133c6 elementor-widget elementor-widget-text-editor\" data-id=\"d2133c6\" data-element_type=\"widget\" data-widget_type=\"text-editor.default\">\n\t\t\t\t<div class=\"elementor-widget-container\">\n\t\t\t\t\t\t\t\t\t<p><strong style=\"font-size: 1.25em;\">Perch\u00e9 \u00e8 indispensabile<\/strong><\/p><ul><li><strong>Colori sempre affidabili<\/strong> \u2013 Ci\u00f2 che Lei vede \u00e8 ci\u00f2 che vede il Suo pubblico.<\/li><li><strong>Coerenza assoluta<\/strong> \u2013 Tra dispositivi, piattaforme e stampe.<\/li><li><strong>Massima efficienza<\/strong> \u2013 Meno correzioni, meno tempo perso, pi\u00f9 spazio alla creativit\u00e0.<\/li><li><strong>Integrit\u00e0 artistica<\/strong> \u2013 Il Suo lavoro, il Suo stile \u2013 autentico e senza compromessi.<\/li><\/ul>\t\t\t\t\t\t\t\t<\/div>\n\t\t\t\t<\/div>\n\t\t\t\t<\/div>\n\t\t\t\t<\/div>\n\t\t<div class=\"elementor-element elementor-element-3effca4 e-con-full e-flex e-con e-child\" data-id=\"3effca4\" data-element_type=\"container\">\n\t\t<div class=\"elementor-element elementor-element-e5435e2 e-grid e-con-full e-con e-child\" data-id=\"e5435e2\" data-element_type=\"container\" data-settings=\"{&quot;background_background&quot;:&quot;classic&quot;}\">\n\t\t\t\t<div class=\"elementor-element elementor-element-cb8ee42 elementor-widget elementor-widget-image\" data-id=\"cb8ee42\" data-element_type=\"widget\" data-widget_type=\"image.default\">\n\t\t\t\t<div class=\"elementor-widget-container\">\n\t\t\t\t\t\t\t\t\t\t\t\t\t\t\t<img loading=\"lazy\" decoding=\"async\" width=\"1092\" height=\"1092\" src=\"https:\/\/www.datacolor.com\/spyder\/wp-content\/uploads\/2025\/09\/UpGrade_v04a.png\" class=\"attachment-full size-full wp-image-59824\" alt=\"\" srcset=\"https:\/\/www.datacolor.com\/spyder\/wp-content\/uploads\/2025\/09\/UpGrade_v04a.png 1092w, https:\/\/www.datacolor.com\/spyder\/wp-content\/uploads\/2025\/09\/UpGrade_v04a-300x300.png 300w, https:\/\/www.datacolor.com\/spyder\/wp-content\/uploads\/2025\/09\/UpGrade_v04a-1024x1024.png 1024w, https:\/\/www.datacolor.com\/spyder\/wp-content\/uploads\/2025\/09\/UpGrade_v04a-150x150.png 150w, https:\/\/www.datacolor.com\/spyder\/wp-content\/uploads\/2025\/09\/UpGrade_v04a-768x768.png 768w\" sizes=\"(max-width: 1092px) 100vw, 1092px\" \/>\t\t\t\t\t\t\t\t\t\t\t\t\t\t\t<\/div>\n\t\t\t\t<\/div>\n\t\t<div class=\"elementor-element elementor-element-b16de19 e-grid e-con-full e-con e-child\" data-id=\"b16de19\" data-element_type=\"container\" data-settings=\"{&quot;background_background&quot;:&quot;classic&quot;}\">\n\t\t<div class=\"elementor-element elementor-element-1485262 e-grid e-con-full e-con e-child\" data-id=\"1485262\" data-element_type=\"container\">\n\t\t\t\t<div class=\"elementor-element elementor-element-357c5d2 elementor-widget elementor-widget-text-editor\" data-id=\"357c5d2\" data-element_type=\"widget\" data-widget_type=\"text-editor.default\">\n\t\t\t\t<div class=\"elementor-widget-container\">\n\t\t\t\t\t\t\t\t\t<p><strong style=\"font-size: 1.25em;\">Pronto a vedere tutto nel modo giusto?<\/strong><\/p><p>Viva la Sua creativit\u00e0 cos\u00ec come l\u2019ha immaginata: chiara, autentica, professionale. Con Datacolor Spyder sfrutta tutto il potenziale del Suo monitor. E la cosa migliore: con un semplice aggiornamento software, Spyder cresce con le Sue esigenze \u2013 senza bisogno di nuova attrezzatura.  <\/p>\t\t\t\t\t\t\t\t<\/div>\n\t\t\t\t<\/div>\n\t\t\t\t<div class=\"elementor-element elementor-element-d9d7d18 elementor-align-center elementor-widget elementor-widget-button\" data-id=\"d9d7d18\" data-element_type=\"widget\" data-widget_type=\"button.default\">\n\t\t\t\t<div class=\"elementor-widget-container\">\n\t\t\t\t\t\t\t\t\t<div class=\"elementor-button-wrapper\">\n\t\t\t\t\t<a class=\"elementor-button elementor-button-link elementor-size-sm\" href=\"\/spyder\/it\/spyder-upgrade\/\" id=\"learn_more\">\n\t\t\t\t\t\t<span class=\"elementor-button-content-wrapper\">\n\t\t\t\t\t\t\t\t\t<span class=\"elementor-button-text\">Per saperne di pi\u00f9<\/span>\n\t\t\t\t\t<\/span>\n\t\t\t\t\t<\/a>\n\t\t\t\t<\/div>\n\t\t\t\t\t\t\t\t<\/div>\n\t\t\t\t<\/div>\n\t\t\t\t<\/div>\n\t\t\t\t<\/div>\n\t\t\t\t<\/div>\n\t\t\t\t<\/div>\n\t\t\t\t\t<\/div>\n\t\t\t\t<\/div>\n\t\t\t\t<\/div>\n\t\t","protected":false},"excerpt":{"rendered":"<p>Nota: la calibrazione e le regolazioni del colore vengono effettuate solo sul monitor. Gli strumenti Spyder non calibrano i dispositivi mobili o tablet. Colori perfetti, visione chiara \u2013 perch\u00e9 la calibrazione del monitor \u00e8 fondamentale per la Sua creativit\u00e0 La Sua visione merita precisione \u2013 Ottimizzi il Suo display con Spyder Ogni immagine, ogni dettaglio, &hellip;<\/p>\n","protected":false},"author":2,"featured_media":0,"parent":0,"menu_order":0,"comment_status":"closed","ping_status":"closed","template":"","meta":{"_acf_changed":false,"footnotes":""},"class_list":["post-60894","page","type-page","status-publish","hentry"],"acf":[],"_links":{"self":[{"href":"https:\/\/www.datacolor.com\/spyder\/it\/wp-json\/wp\/v2\/pages\/60894","targetHints":{"allow":["GET"]}}],"collection":[{"href":"https:\/\/www.datacolor.com\/spyder\/it\/wp-json\/wp\/v2\/pages"}],"about":[{"href":"https:\/\/www.datacolor.com\/spyder\/it\/wp-json\/wp\/v2\/types\/page"}],"author":[{"embeddable":true,"href":"https:\/\/www.datacolor.com\/spyder\/it\/wp-json\/wp\/v2\/users\/2"}],"replies":[{"embeddable":true,"href":"https:\/\/www.datacolor.com\/spyder\/it\/wp-json\/wp\/v2\/comments?post=60894"}],"version-history":[{"count":7,"href":"https:\/\/www.datacolor.com\/spyder\/it\/wp-json\/wp\/v2\/pages\/60894\/revisions"}],"predecessor-version":[{"id":64560,"href":"https:\/\/www.datacolor.com\/spyder\/it\/wp-json\/wp\/v2\/pages\/60894\/revisions\/64560"}],"wp:attachment":[{"href":"https:\/\/www.datacolor.com\/spyder\/it\/wp-json\/wp\/v2\/media?parent=60894"}],"curies":[{"name":"wp","href":"https:\/\/api.w.org\/{rel}","templated":true}]}}