{"id":42100,"date":"2024-04-17T13:15:18","date_gmt":"2024-04-17T13:15:18","guid":{"rendered":"https:\/\/dev2024.spyder.datacolor.eu\/spyder\/?page_id=42100"},"modified":"2024-05-07T13:35:41","modified_gmt":"2024-05-07T13:35:41","slug":"spyder-checkr-card-sets","status":"publish","type":"page","link":"https:\/\/www.datacolor.com\/spyder\/products\/spyder-checkr-card-sets\/","title":{"rendered":"Spyder Checkr Card Sets"},"content":{"rendered":"<div class=\"wpb-content-wrapper\"><p>[vc_row][vc_column width=&#8221;3\/5&#8243;][vc_empty_space][vc_gallery interval=&#8221;3&#8243; images=&#8221;42351&#8243; img_size=&#8221;750&#215;500&#8243; el_class=&#8221;product_images&#8221;][vc_empty_space][\/vc_column][vc_column width=&#8221;2\/5&#8243;][vc_column_text]<\/p>\n<h1 class=\"mainheader\">Spyder Checkr Card Sets<\/h1>\n<h2 class=\"subheader\">Take advantage of the versatility of your Spyder Checkr Photo or Spyder Checkr Video by expanding your target card selection to include one of these Spyder Checkr Card sets. Purchase the Video Card set if you already own a Spyder Checkr Photo, or the Photo Card set if you already own a Spyder Checkr Video, to ensure all your workflows are streamlined and precise.<\/h2>\n<p>[\/vc_column_text][vc_empty_space][\/vc_column][\/vc_row][vc_row][vc_column][vc_empty_space][\/vc_column][\/vc_row][vc_row][vc_column width=&#8221;1\/2&#8243;][vc_single_image image=&#8221;42475&#8243; img_size=&#8221;full&#8221;][vc_empty_space][vc_column_text el_class=&#8221;product-text-container&#8221;]<\/p>\n<h2>Spyder Checkr Video Card Set<\/h2>\n<p>For Spyder Checkr Photo owners, add this Spyder Checkr Video Card Set to seamlessly customize your Checkr targets to meet your specific workflow. The Video Card Set includes:<\/p>\n<ul>\n<li>5 interchangeable, high-gloss video color target cards including a patent-pending Color Pattern Card, designed to leverage how video is processed for more precise, nuanced color accuracy. This card has 12 color patches in a unique configuration with a black, grey and white color patch in the middle, plus 6 skin tone tiles.<\/li>\n<li>A gradient grey-scale card that includes (2) 11-step grey scale bars, plus 3 solid bars of white, black and 50% grey, to capture every detail.<\/li>\n<li>A standard-designed color patch card (useful for hybrid photo work) that includes 12 color patches, 6 skin tone patches and a black, white and 50% grey bar.<\/li>\n<li>A solid, neutral grey card for white balance.<\/li>\n<li>A focus star card.<\/li>\n<\/ul>\n<p>[\/vc_column_text][vc_empty_space][vc_column_text]<div id=\"dci-getprice-container\">\n  <div id=\"dci-getprice-request\" data-sku=\"SCV3FRC\" data-language=\"en\" data-promotext=\"Sale:\">Requesting price...<\/div>\n<\/div> \n[\/vc_column_text][vc_empty_space]\r\n\t\t\t<div class=\"nm_btn_align_left\">\r\n\t\t\t\t<a href=\"https:\/\/goto.datacolor.com\/webshop\/buynow\/scv3-frc\" class=\"nm_btn nm_btn_md nm_btn_filled\" title=\"Datacolor Spyder Checkr Video Full Replacement Card Set\">\r\n\t\t\t\t\t<span class=\"nm_btn_title\">Add to cart<\/span>\r\n\t\t\t\t\t<span class=\"nm_btn_bg\" style=\"background-color:#dd3333;\"><\/span>\r\n\t\t\t\t<\/a>\r\n\t\t\t<\/div>[\/vc_column][vc_column width=&#8221;1\/2&#8243;][vc_single_image image=&#8221;42485&#8243; img_size=&#8221;full&#8221;][vc_empty_space][vc_column_text el_class=&#8221;product-text-container&#8221;]<\/p>\n<h2>Spyder Checkr Photo Card Set<\/h2>\n<p>For Spyder Checkr Video owners, add this Spyder Checkr Photo Card Set to seamlessly customize your Checkr targets to meet your specific workflow. The Photo Card Set includes:<\/p>\n<ul>\n<li>4 ultra-matte color target cards with a comprehensive collection of color targets that includes 62 colors: 24 hues + 6 skin tones; 24 grey scales; 2 large grey scales; 3 white adjustments and 3 black adjustments.<\/li>\n<li>The interchangeable cards provide a robust offering of color targets for all types of photography: expanded skin tones for portraits; large targets for easy white\/grey balancing; 12-step grey scale for perfect exposure, greater definition and instant dynamic range check.<\/li>\n<li>The unique, ultra-matte cards deliver the richest colors and deepest black, ensuring low reflectivity for outstandingly accurate, truer color calibration in any lighting condition.<\/li>\n<li>A license for Spyder Checkr Software will be included with the Spyder Checkr Photo card deck.<\/li>\n<\/ul>\n<p>[\/vc_column_text][vc_empty_space][vc_column_text]<div id=\"dci-getprice-container\">\n  <div id=\"dci-getprice-request\" data-sku=\"SCK3FRC\" data-language=\"en\" data-promotext=\"Sale:\">Requesting price...<\/div>\n<\/div> \n[\/vc_column_text][vc_empty_space]\r\n\t\t\t<div class=\"nm_btn_align_left\">\r\n\t\t\t\t<a href=\"https:\/\/goto.datacolor.com\/webshop\/buynow\/sck3-frc\" class=\"nm_btn nm_btn_md nm_btn_filled\" title=\"Datacolor Spyder Checkr Photo Full Replacement Card Set\">\r\n\t\t\t\t\t<span class=\"nm_btn_title\">Add to cart<\/span>\r\n\t\t\t\t\t<span class=\"nm_btn_bg\" style=\"background-color:#dd3333;\"><\/span>\r\n\t\t\t\t<\/a>\r\n\t\t\t<\/div>[\/vc_column][\/vc_row][vc_row][vc_column][vc_empty_space height=&#8221;64&#8243;][vc_separator][vc_empty_space height=&#8221;64&#8243;][vc_column_text]<\/p>\n<h3>Single Replacement Cards for Spyder Checkr Photo &amp; Spyder Checkr Video<\/h3>\n<p>Lost a card or damaged one? <a href=\"https:\/\/spyder-support.datacolor.com\/\" target=\"_blank\" rel=\"noopener\"><u>Contact our Support<\/u><\/a> Team who can assist you in purchasing individual cards.[\/vc_column_text][vc_empty_space height=&#8221;32&#8243;][\/vc_column][\/vc_row][vc_row disable_element=&#8221;yes&#8221;][vc_column][vc_empty_space height=&#8221;64&#8243;][vc_separator][vc_empty_space height=&#8221;64&#8243;][vc_column_text]<\/p>\n<h3>Single Cards \u2013 for Spyder Checkr Video<\/h3>\n<p>[\/vc_column_text][vc_empty_space height=&#8221;32&#8243;][\/vc_column][\/vc_row][vc_row disable_element=&#8221;yes&#8221;][vc_column width=&#8221;1\/3&#8243;][vc_single_image][vc_empty_space][vc_column_text el_class=&#8221;product-text-container&#8221;]<\/p>\n<h4>Video Color Pattern Card<\/h4>\n<p>The color pattern card uses our new patent-pending design to help make color correction using vectorscopes easier to understand. The color card is developed for Rec.709 color space.[\/vc_column_text][vc_empty_space][vc_column_text]<div id=\"dci-getprice-container\">\n  <div id=\"dci-getprice-request\" data-sku=\"STP100\" data-language=\"en\" data-promotext=\"Sale:\">Requesting price...<\/div>\n<\/div> \n[\/vc_column_text][vc_empty_space]\r\n\t\t\t<div class=\"nm_btn_align_left\">\r\n\t\t\t\t<a href=\"https:\/\/goto.datacolor.com\/webshop\/buynow\/slc100\" class=\"nm_btn nm_btn_md nm_btn_filled\" title=\"Buy Spyder LensCal\">\r\n\t\t\t\t\t<span class=\"nm_btn_title\">Add to cart<\/span>\r\n\t\t\t\t\t<span class=\"nm_btn_bg\" style=\"background-color:#dd3333;\"><\/span>\r\n\t\t\t\t<\/a>\r\n\t\t\t<\/div>[\/vc_column][vc_column width=&#8221;1\/3&#8243;][vc_single_image][vc_empty_space][vc_column_text el_class=&#8221;product-text-container&#8221;]<\/p>\n<h4>Video Color Patch Card<\/h4>\n<p>Includes same colors as Color Pattern Card, offering users another workflow option for convenience. The color card is developed for Rec.709 color space.[\/vc_column_text][vc_empty_space][vc_column_text]<div id=\"dci-getprice-container\">\n  <div id=\"dci-getprice-request\" data-sku=\"STP100\" data-language=\"en\" data-promotext=\"Sale:\">Requesting price...<\/div>\n<\/div> \n[\/vc_column_text][vc_empty_space]\r\n\t\t\t<div class=\"nm_btn_align_left\">\r\n\t\t\t\t<a href=\"https:\/\/goto.datacolor.com\/webshop\/buynow\/slc100\" class=\"nm_btn nm_btn_md nm_btn_filled\" title=\"Buy Spyder LensCal\">\r\n\t\t\t\t\t<span class=\"nm_btn_title\">Add to cart<\/span>\r\n\t\t\t\t\t<span class=\"nm_btn_bg\" style=\"background-color:#dd3333;\"><\/span>\r\n\t\t\t\t<\/a>\r\n\t\t\t<\/div>[\/vc_column][vc_column width=&#8221;1\/3&#8243;][vc_single_image][vc_empty_space][vc_column_text el_class=&#8221;product-text-container&#8221;]<\/p>\n<h4>Gray Balance Card<\/h4>\n<p>Solid, neutral grey card for white balance.[\/vc_column_text][vc_empty_space][vc_column_text]<div id=\"dci-getprice-container\">\n  <div id=\"dci-getprice-request\" data-sku=\"STP100\" data-language=\"en\" data-promotext=\"Sale:\">Requesting price...<\/div>\n<\/div> \n[\/vc_column_text][vc_empty_space]\r\n\t\t\t<div class=\"nm_btn_align_left\">\r\n\t\t\t\t<a href=\"https:\/\/goto.datacolor.com\/webshop\/buynow\/slc100\" class=\"nm_btn nm_btn_md nm_btn_filled\" title=\"Buy Spyder LensCal\">\r\n\t\t\t\t\t<span class=\"nm_btn_title\">Add to cart<\/span>\r\n\t\t\t\t\t<span class=\"nm_btn_bg\" style=\"background-color:#dd3333;\"><\/span>\r\n\t\t\t\t<\/a>\r\n\t\t\t<\/div>[\/vc_column][\/vc_row][vc_row disable_element=&#8221;yes&#8221;][vc_column][vc_empty_space height=&#8221;64&#8243;][\/vc_column][\/vc_row][vc_row disable_element=&#8221;yes&#8221;][vc_column width=&#8221;1\/3&#8243;][vc_single_image][vc_empty_space][vc_column_text el_class=&#8221;product-text-container&#8221;]<\/p>\n<h4>Video GrayScale Card<\/h4>\n<p>This card is designed to give accurate reference points for both exposure and contrast levels. It contains two 11-step greyscale bars, Glossy White, 50% Grey and Black.<\/p>\n<p>[\/vc_column_text][vc_empty_space][vc_column_text]<div id=\"dci-getprice-container\">\n  <div id=\"dci-getprice-request\" data-sku=\"STP100\" data-language=\"en\" data-promotext=\"Sale:\">Requesting price...<\/div>\n<\/div> \n[\/vc_column_text][vc_empty_space]\r\n\t\t\t<div class=\"nm_btn_align_left\">\r\n\t\t\t\t<a href=\"https:\/\/goto.datacolor.com\/webshop\/buynow\/slc100\" class=\"nm_btn nm_btn_md nm_btn_filled\" title=\"Buy Spyder LensCal\">\r\n\t\t\t\t\t<span class=\"nm_btn_title\">Add to cart<\/span>\r\n\t\t\t\t\t<span class=\"nm_btn_bg\" style=\"background-color:#dd3333;\"><\/span>\r\n\t\t\t\t<\/a>\r\n\t\t\t<\/div>[\/vc_column][vc_column width=&#8221;1\/3&#8243;][vc_single_image][vc_empty_space][vc_column_text el_class=&#8221;product-text-container&#8221;]<\/p>\n<h4>Focus Star<\/h4>\n<p>For precise adjustment of the focus point[\/vc_column_text][vc_empty_space][vc_column_text]<div id=\"dci-getprice-container\">\n  <div id=\"dci-getprice-request\" data-sku=\"STP100\" data-language=\"en\" data-promotext=\"Sale:\">Requesting price...<\/div>\n<\/div> \n[\/vc_column_text][vc_empty_space]\r\n\t\t\t<div class=\"nm_btn_align_left\">\r\n\t\t\t\t<a href=\"https:\/\/goto.datacolor.com\/webshop\/buynow\/slc100\" class=\"nm_btn nm_btn_md nm_btn_filled\" title=\"Buy Spyder LensCal\">\r\n\t\t\t\t\t<span class=\"nm_btn_title\">Add to cart<\/span>\r\n\t\t\t\t\t<span class=\"nm_btn_bg\" style=\"background-color:#dd3333;\"><\/span>\r\n\t\t\t\t<\/a>\r\n\t\t\t<\/div>[\/vc_column][vc_column width=&#8221;1\/3&#8243;][\/vc_column][\/vc_row][vc_row disable_element=&#8221;yes&#8221;][vc_column][vc_empty_space height=&#8221;64&#8243;][vc_separator][vc_empty_space height=&#8221;64&#8243;][vc_column_text]<\/p>\n<h3>Single Cards \u2013 for Spyder Checkr Photo<\/h3>\n<p>[\/vc_column_text][vc_empty_space height=&#8221;32&#8243;][\/vc_column][\/vc_row][vc_row disable_element=&#8221;yes&#8221;][vc_column width=&#8221;1\/3&#8243;][vc_single_image][vc_empty_space][vc_column_text el_class=&#8221;product-text-container&#8221;]<\/p>\n<h4>White Balance Card<\/h4>\n<p>Zum Erstellen eines pr\u00e4zisen Wei\u00dfabgleichs und der Belichtungseinstellungen. Zur genauen Definition von Details in den hellen Bereichen des Bildes.<br \/>\n[\/vc_column_text][vc_empty_space][vc_column_text]<div id=\"dci-getprice-container\">\n  <div id=\"dci-getprice-request\" data-sku=\"STP100\" data-language=\"en\" data-promotext=\"Sale:\">Requesting price...<\/div>\n<\/div> \n[\/vc_column_text][vc_empty_space]\r\n\t\t\t<div class=\"nm_btn_align_left\">\r\n\t\t\t\t<a href=\"https:\/\/goto.datacolor.com\/webshop\/buynow\/slc100\" class=\"nm_btn nm_btn_md nm_btn_filled\" title=\"Buy Spyder LensCal\">\r\n\t\t\t\t\t<span class=\"nm_btn_title\">Add to cart<\/span>\r\n\t\t\t\t\t<span class=\"nm_btn_bg\" style=\"background-color:#dd3333;\"><\/span>\r\n\t\t\t\t<\/a>\r\n\t\t\t<\/div>[\/vc_column][vc_column width=&#8221;1\/3&#8243;][vc_single_image][vc_empty_space][vc_column_text el_class=&#8221;product-text-container&#8221;]<\/p>\n<h4>Grey Balance Card<\/h4>\n<p>Graukarte zur Definition des Wei\u00dfabgleichs sowie f\u00fcr die Einstellung der der Belichtung und des Wei\u00dfabgleichs in der Kamera. [\/vc_column_text][vc_empty_space][vc_column_text]<div id=\"dci-getprice-container\">\n  <div id=\"dci-getprice-request\" data-sku=\"STP100\" data-language=\"en\" data-promotext=\"Sale:\">Requesting price...<\/div>\n<\/div> \n[\/vc_column_text][vc_empty_space]\r\n\t\t\t<div class=\"nm_btn_align_left\">\r\n\t\t\t\t<a href=\"https:\/\/goto.datacolor.com\/webshop\/buynow\/slc100\" class=\"nm_btn nm_btn_md nm_btn_filled\" title=\"Buy Spyder LensCal\">\r\n\t\t\t\t\t<span class=\"nm_btn_title\">Add to cart<\/span>\r\n\t\t\t\t\t<span class=\"nm_btn_bg\" style=\"background-color:#dd3333;\"><\/span>\r\n\t\t\t\t<\/a>\r\n\t\t\t<\/div>[\/vc_column][vc_column width=&#8221;1\/3&#8243;][vc_single_image][vc_empty_space][vc_column_text el_class=&#8221;product-text-container&#8221;]<\/p>\n<h4>Farbkarte 1<\/h4>\n<p>Farbkarte zur Farbkorrektur der Prim\u00e4rfarben[\/vc_column_text][vc_empty_space][vc_column_text]<div id=\"dci-getprice-container\">\n  <div id=\"dci-getprice-request\" data-sku=\"STP100\" data-language=\"en\" data-promotext=\"Sale:\">Requesting price...<\/div>\n<\/div> \n[\/vc_column_text][vc_empty_space]\r\n\t\t\t<div class=\"nm_btn_align_left\">\r\n\t\t\t\t<a href=\"https:\/\/goto.datacolor.com\/webshop\/buynow\/slc100\" class=\"nm_btn nm_btn_md nm_btn_filled\" title=\"Buy Spyder LensCal\">\r\n\t\t\t\t\t<span class=\"nm_btn_title\">Add to cart<\/span>\r\n\t\t\t\t\t<span class=\"nm_btn_bg\" style=\"background-color:#dd3333;\"><\/span>\r\n\t\t\t\t<\/a>\r\n\t\t\t<\/div>[\/vc_column][\/vc_row][vc_row disable_element=&#8221;yes&#8221;][vc_column][vc_empty_space height=&#8221;64&#8243;][\/vc_column][\/vc_row][vc_row disable_element=&#8221;yes&#8221;][vc_column width=&#8221;1\/3&#8243;][vc_single_image][vc_empty_space][vc_column_text el_class=&#8221;product-text-container&#8221;]<\/p>\n<h4>Farbkarte 2<\/h4>\n<p>Farbkarte zur pr\u00e4ziseren Farbkorrektur von Hautt\u00f6nen sowie Pastellfarben.[\/vc_column_text][vc_empty_space][vc_column_text]<div id=\"dci-getprice-container\">\n  <div id=\"dci-getprice-request\" data-sku=\"STP100\" data-language=\"en\" data-promotext=\"Sale:\">Requesting price...<\/div>\n<\/div> \n[\/vc_column_text][vc_empty_space]\r\n\t\t\t<div class=\"nm_btn_align_left\">\r\n\t\t\t\t<a href=\"https:\/\/goto.datacolor.com\/webshop\/buynow\/slc100\" class=\"nm_btn nm_btn_md nm_btn_filled\" title=\"Buy Spyder LensCal\">\r\n\t\t\t\t\t<span class=\"nm_btn_title\">Add to cart<\/span>\r\n\t\t\t\t\t<span class=\"nm_btn_bg\" style=\"background-color:#dd3333;\"><\/span>\r\n\t\t\t\t<\/a>\r\n\t\t\t<\/div>[\/vc_column][vc_column width=&#8221;1\/3&#8243;][\/vc_column][vc_column width=&#8221;1\/3&#8243;][\/vc_column][\/vc_row][vc_row][vc_column][vc_empty_space height=&#8221;64&#8243;][\/vc_column][\/vc_row][vc_row bg_type=&#8221;bg_color&#8221; bg_override=&#8221;full&#8221; bg_color_value=&#8221;#e7e6e5&#8243; css=&#8221;.vc_custom_1681378159441{margin-top: 30px !important;padding-top: 60px !important;padding-bottom: 60px !important;}&#8221;][vc_column width=&#8221;1\/2&#8243;]\r\n\t\t\t<div class=\"nm_btn_align_center\">\r\n\t\t\t\t<a href=\"\" class=\"nm_btn nm_btn_lg nm_btn_filled\">\r\n\t\t\t\t\t<span class=\"nm_btn_title\">Need More Help?<\/span>\r\n\t\t\t\t\t<span class=\"nm_btn_bg\" style=\"background-color:#000000;\"><\/span>\r\n\t\t\t\t<\/a>\r\n\t\t\t<\/div>[\/vc_column][vc_column width=&#8221;1\/2&#8243;]\r\n\t\t\t<div class=\"nm_btn_align_center\">\r\n\t\t\t\t<a href=\"https:\/\/www.datacolor.com\/spyder\/spyder-monitor-calibrators\/\" class=\"nm_btn nm_btn_lg nm_btn_filled\" title=\"Spyder Monitor Calibrators\">\r\n\t\t\t\t\t<span class=\"nm_btn_title\">Why Calibrate Your Monitor?<\/span>\r\n\t\t\t\t\t<span class=\"nm_btn_bg\" style=\"background-color:#000000;\"><\/span>\r\n\t\t\t\t<\/a>\r\n\t\t\t<\/div>[\/vc_column][\/vc_row][vc_row css=&#8221;.vc_custom_1679491516376{padding-top: 30px !important;padding-bottom: 30px !important;}&#8221;][vc_column][vc_column_text]<\/p>\n<h2 style=\"border-bottom: solid 1px #ccc; padding-bottom: 5px; margin-bottom: 30px;\">You may also like<\/h2>\n<p>[\/vc_column_text][vc_empty_space]<div id=\"ult-carousel-107701519769e7e81914672\" class=\"ult-carousel-wrapper   ult_horizontal\" data-gutter=\"15\" data-rtl=\"false\" ><div class=\"ult-carousel-372345723769e7e8191463a \" >[vc_row_inner][vc_column_inner][vc_column_text]<div class=\"ult-item-wrap\" data-animation=\"animated no-animation\"><\/div>[\/vc_column_text][\/vc_column_inner][\/vc_row_inner][vc_row_inner][vc_column_inner][vc_column_text]<div class=\"ult-item-wrap\" data-animation=\"animated no-animation\"><\/div>[\/vc_column_text][\/vc_column_inner][\/vc_row_inner][vc_row_inner][vc_column_inner][vc_column_text]<div class=\"ult-item-wrap\" data-animation=\"animated no-animation\"><div class=\"vc_single_image-wrapper vc_box_border_grey\"><a href=\"https:\/\/www.datacolor.com\/spyder\/products\/spyder-cube\/\"><img decoding=\"async\" class=\"vc_single_image-img \" src=\"https:\/\/www.datacolor.com\/spyder\/wp-content\/uploads\/2022\/12\/Datacolor-Spyder-Cube_750x500-400x300.jpg\" width=\"400\"><\/a><\/div><a href=\"https:\/\/www.datacolor.com\/spyder\/products\/spyder-cube\/\"><div class=\"wpb_wrapper\"><p><strong>Spyder Cube<\/strong><br><\/p><\/div><\/a><\/div>[\/vc_column_text][\/vc_column_inner][\/vc_row_inner][vc_row_inner][vc_column_inner][vc_column_text]<div class=\"ult-item-wrap\" data-animation=\"animated no-animation\"><div class=\"vc_single_image-wrapper vc_box_border_grey\"><a href=\"https:\/\/www.datacolor.com\/spyder\/products\/spyder-lenscal\/\"><img decoding=\"async\" class=\"vc_single_image-img \" src=\"https:\/\/www.datacolor.com\/spyder\/wp-content\/uploads\/2022\/12\/Datacolor-Spyder-Lenscal_750x500.jpg\" width=\"400\"><\/a><\/div><a href=\"https:\/\/www.datacolor.com\/spyder\/products\/spyder-lenscal\/\"><div class=\"wpb_wrapper\"><p><strong>Spyder LensCal<\/strong><br><\/p><\/div><\/a><\/div>[\/vc_column_text][\/vc_column_inner][\/vc_row_inner][vc_row_inner][vc_column_inner][vc_column_text]<div class=\"ult-item-wrap\" data-animation=\"animated no-animation\"><div class=\"vc_single_image-wrapper vc_box_border_grey\"><a href=\"https:\/\/www.datacolor.com\/colorreader\/products\/colorreader\/\"><img decoding=\"async\" class=\"vc_single_image-img \" src=\"https:\/\/www.datacolor.com\/spyder\/wp-content\/uploads\/2023\/04\/Colorreader-Phone_750x500.jpg\" width=\"400\"><\/a><\/div><a href=\"https:\/\/www.datacolor.com\/colorreader\/products\/colorreader\/\"><div class=\"wpb_wrapper\"><p><strong>ColorReader<\/strong><br><\/p><\/div><\/a><\/div>[\/vc_column_text][\/vc_column_inner][\/vc_row_inner]<\/div><\/div>\t\t\t<script type=\"text\/javascript\">\n\t\t\t\tjQuery(document).ready(function ($) {\n\t\t\t\t\tif( typeof jQuery('.ult-carousel-372345723769e7e8191463a').slick == \"function\"){\n\t\t\t\t\t\t$('.ult-carousel-372345723769e7e8191463a').slick({dots: true,autoplaySpeed: \"5000\",speed: \"300\",infinite: true,arrows: true,nextArrow: '<button type=\"button\" role=\"button\" aria-label=\"Next\" style=\"color:#333333; font-size:20px;\" class=\"slick-next default\"><i class=\"ultsl-arrow-right4\"><\/i><\/button>',prevArrow: '<button type=\"button\" role=\"button\" aria-label=\"Previous\" style=\"color:#333333; font-size:20px;\" class=\"slick-prev default\"><i class=\"ultsl-arrow-left4\"><\/i><\/button>',slidesToScroll:5,slidesToShow:5,swipe: true,draggable: true,touchMove: true,pauseOnHover: true,pauseOnFocus: false,responsive: [\n\t\t\t\t\t\t\t{\n\t\t\t\t\t\t\t  breakpoint: 1026,\n\t\t\t\t\t\t\t  settings: {\n\t\t\t\t\t\t\t\tslidesToShow: 5,\n\t\t\t\t\t\t\t\tslidesToScroll: 5,  \n\t\t\t\t\t\t\t  }\n\t\t\t\t\t\t\t},\n\t\t\t\t\t\t\t{\n\t\t\t\t\t\t\t  breakpoint: 1025,\n\t\t\t\t\t\t\t  settings: {\n\t\t\t\t\t\t\t\tslidesToShow: 3,\n\t\t\t\t\t\t\t\tslidesToScroll: 3\n\t\t\t\t\t\t\t  }\n\t\t\t\t\t\t\t},\n\t\t\t\t\t\t\t{\n\t\t\t\t\t\t\t  breakpoint: 760,\n\t\t\t\t\t\t\t  settings: {\n\t\t\t\t\t\t\t\tslidesToShow: 2,\n\t\t\t\t\t\t\t\tslidesToScroll: 2\n\t\t\t\t\t\t\t  }\n\t\t\t\t\t\t\t}\n\t\t\t\t\t\t],pauseOnDotsHover: true,customPaging: function(slider, i) {\n                   return '<i type=\"button\" style= \"color:#333333;\" class=\"ultsl-record\" data-role=\"none\"><\/i>';\n                },});\n\t\t\t\t\t}\n\t\t\t\t});\n\t\t\t<\/script>\n\t\t\t[\/vc_column][\/vc_row][vc_row][vc_column][vc_raw_html]JTVCZGNpLXNweWRlcmF3YXJkcyUyMGNhdGVnb3J5JTNEJTIyZGlzcGxheS1jYWxpYnJhdGlvbi14MiUyMiUyMCUyRiU1RA==[\/vc_raw_html][\/vc_column][\/vc_row]<\/p>\n<\/div>","protected":false},"excerpt":{"rendered":"<p>[vc_row][vc_column width=&#8221;3\/5&#8243;][vc_empty_space][vc_gallery interval=&#8221;3&#8243; images=&#8221;42351&#8243; img_size=&#8221;750&#215;500&#8243; el_class=&#8221;product_images&#8221;][vc_empty_space][\/vc_column][vc_column width=&#8221;2\/5&#8243;][vc_column_text] Spyder Checkr Card Sets Take advantage of the versatility of your Spyder Checkr Photo or Spyder Checkr Video by expanding your target card selection to include one of these Spyder Checkr Card sets. Purchase the Video Card set if you already own a Spyder Checkr Photo, or the &hellip;<\/p>\n","protected":false},"author":2,"featured_media":0,"parent":12421,"menu_order":0,"comment_status":"closed","ping_status":"closed","template":"","meta":{"_acf_changed":false,"footnotes":""},"class_list":["post-42100","page","type-page","status-publish","hentry"],"acf":[],"_links":{"self":[{"href":"https:\/\/www.datacolor.com\/spyder\/wp-json\/wp\/v2\/pages\/42100","targetHints":{"allow":["GET"]}}],"collection":[{"href":"https:\/\/www.datacolor.com\/spyder\/wp-json\/wp\/v2\/pages"}],"about":[{"href":"https:\/\/www.datacolor.com\/spyder\/wp-json\/wp\/v2\/types\/page"}],"author":[{"embeddable":true,"href":"https:\/\/www.datacolor.com\/spyder\/wp-json\/wp\/v2\/users\/2"}],"replies":[{"embeddable":true,"href":"https:\/\/www.datacolor.com\/spyder\/wp-json\/wp\/v2\/comments?post=42100"}],"version-history":[{"count":0,"href":"https:\/\/www.datacolor.com\/spyder\/wp-json\/wp\/v2\/pages\/42100\/revisions"}],"up":[{"embeddable":true,"href":"https:\/\/www.datacolor.com\/spyder\/wp-json\/wp\/v2\/pages\/12421"}],"wp:attachment":[{"href":"https:\/\/www.datacolor.com\/spyder\/wp-json\/wp\/v2\/media?parent=42100"}],"curies":[{"name":"wp","href":"https:\/\/api.w.org\/{rel}","templated":true}]}}